{"id":710,"date":"2021-04-24T14:24:46","date_gmt":"2021-04-24T14:24:46","guid":{"rendered":"http:\/\/kodlyoko.pl\/?page_id=710"},"modified":"2021-04-24T14:25:51","modified_gmt":"2021-04-24T14:25:51","slug":"sektor-v-kartagina","status":"publish","type":"page","link":"https:\/\/kodlyoko.pl\/index.php\/kod-lyoko\/lyoko\/sektor-v-kartagina\/","title":{"rendered":"Sektor V &#8211; Kartagina"},"content":{"rendered":"\n<p><strong><strong>Opis :<\/strong><\/strong><\/p>\n\n\n\n<div style=\"height:10px\" aria-hidden=\"true\" class=\"wp-block-spacer\"><\/div>\n\n\n\n<p><strong><strong>Seria 2 :<\/strong><\/strong><\/p>\n\n\n\n<p>Jest to sektor odkryty w II serii. To w nim mieszka Xana. W nim jednak znajduje si\u0119 jedna wie\u017ca, a nie tak jak w pozosta\u0142ych 10. Mo\u017cna si\u0119 dosta\u0107 tylko poprzez transporter, kt\u00f3ry przybywa do sektor\u00f3w powierzchownych, a dok\u0142adniej na ich skraje, ale Jeremie musi wpisa\u0107 has\u0142o &#8220;Scypion&#8221;. Og\u00f3lnie sektor jest niebiesk\u0105 kul\u0105. Z kt\u00f3rej odchodz\u0105 cztery tunele przez, kt\u00f3re p\u0142yn\u0105 informacje do sektor\u00f3w i odwrotnie. W \u015brodku wygl\u0105d si\u0119 zmienia za ka\u017cdym razem. By wyj\u015b\u0107 poza kopu\u0142\u0119 trzeba zdezaktywowa\u0107 klucz, na kt\u00f3rego jest tylko kilka minut czasu w przeciwnym wypadku nast\u0105pi zmienienie wygl\u0105du. Poza kopu\u0142\u0105 znajduj\u0119 si\u0119 interfejs, w kt\u00f3rym jest dost\u0119p do wszystkich danych z Lyoko, czyli te\u017c do danych Xany.<\/p>\n\n\n\n<div style=\"height:10px\" aria-hidden=\"true\" class=\"wp-block-spacer\"><\/div>\n\n\n\n<p><strong><strong>Seria 3:<\/strong><\/strong><\/p>\n\n\n\n<p>W III serii grupa odkrywa serce Lyoko, do kt\u00f3rego wej\u015bcie znajduje si\u0119 od po\u0142udniowej strony bieguna. W tym samum czasie staje si\u0119 ono celem dla Xany &#8211; niszcz\u0105c je zniszczy ca\u0142e Lyoko. Serce jest to kula &#8211; czyli serce, kt\u00f3r\u0105 okr\u0105\u017caj\u0105 cztery platformy (cztery sektory, po zniszczeniu chocia\u017c jednego sektora, ten zniszczony znika i nie okr\u0105\u017ca ju\u017c kuli. Po zniszczeniu sektor\u00f3w przez Xan\u0119, Jeremie odkrywa spos\u00f3b bezpo\u015bredniej wirtualizacji w sektorze V, lecz nie na d\u0142ugo poniewa\u017c Xana niszczy go nast\u0119pnego dnia.<\/p>\n\n\n\n<div style=\"height:10px\" aria-hidden=\"true\" class=\"wp-block-spacer\"><\/div>\n\n\n\n<p><strong><strong>Seria 4 :<\/strong><\/strong><\/p>\n\n\n\n<p>Po odbudowaniu sektor\u00f3w klucz zosta\u0142 usuni\u0119ty, bo by\u0142 niepotrzebny. W odcinku 70 wn\u0119trze zostaje przebudowane, poniewa\u017c zosta\u0142 zaprogramowany Skidbladnir, kt\u00f3ry znajdowa\u0142 si\u0119 w p\u00f3\u0142nocnej cz\u0119\u015bci sektora, aby nie wychodzi\u0107 poza kopu\u0142\u0119 co zajmowa\u0142o by du\u017co czasu. Aelita buduje wind\u0119 prowadz\u0105c\u0105 w ka\u017cdy zak\u0105tek sektora, by skr\u00f3ci\u0107 czas dotarcia do \u0142odzi. To w tym sektorze zosta\u0142 uruchomiony program wieloczynnikowy.<\/p>\n\n\n\n<div style=\"height:10px\" aria-hidden=\"true\" class=\"wp-block-spacer\"><\/div>\n\n\n\n<div class=\"wp-block-image\"><figure class=\"alignleft size-large\"><img decoding=\"async\" src=\"http:\/\/img.codelyoko.fr\/upload\/files\/1236605867_412.jpg\" alt=\"\"\/><\/figure><\/div>\n\n\n\n<div class=\"wp-block-image\"><figure class=\"alignleft size-large\"><img decoding=\"async\" src=\"http:\/\/img.codelyoko.fr\/upload\/files\/1236606326_541.jpg\" alt=\"\"\/><\/figure><\/div>\n\n\n\n<div class=\"wp-block-image\"><figure class=\"alignleft size-large\"><img decoding=\"async\" src=\"http:\/\/img.codelyoko.fr\/lieux\/territoire_5_E.jpg\" alt=\"\"\/><\/figure><\/div>\n\n\n\n<div class=\"wp-block-image\"><figure class=\"alignleft size-large\"><img decoding=\"async\" src=\"http:\/\/img.codelyoko.fr\/lieux\/territoire_5_F.jpg\" alt=\"\"\/><\/figure><\/div>\n\n\n\n<div class=\"wp-block-image\"><figure class=\"alignleft size-large\"><img decoding=\"async\" src=\"http:\/\/img.codelyoko.fr\/lieux\/territoire_5_G.jpg\" alt=\"\"\/><\/figure><\/div>\n\n\n\n<div class=\"wp-block-image\"><figure class=\"alignleft size-large\"><img decoding=\"async\" src=\"http:\/\/img.codelyoko.fr\/lieux\/territoire_5_J.jpg\" alt=\"\"\/><\/figure><\/div>\n\n\n\n<div class=\"wp-block-image\"><figure class=\"alignleft size-large\"><img decoding=\"async\" src=\"http:\/\/img.codelyoko.fr\/lieux\/territoire_5_L.jpg\" alt=\"\"\/><\/figure><\/div>\n\n\n\n<div class=\"wp-block-image\"><figure class=\"alignleft size-large\"><img decoding=\"async\" src=\"http:\/\/img.codelyoko.fr\/lieux\/territoire_5_A.jpg\" alt=\"\"\/><\/figure><\/div>\n","protected":false},"excerpt":{"rendered":"<p>Opis : Seria 2 : Jest to sektor odkryty w II serii. To w nim mieszka Xana. W nim jednak znajduje si\u0119 jedna wie\u017ca, a nie tak jak w pozosta\u0142ych 10. Mo\u017cna si\u0119 dosta\u0107 tylko poprzez transporter, kt\u00f3ry przybywa do sektor\u00f3w powierzchownych, a dok\u0142adniej na ich skraje, ale Jeremie musi wpisa\u0107 has\u0142o &#8220;Scypion&#8221;. Og\u00f3lnie sektor &hellip;<br \/><a href=\"https:\/\/kodlyoko.pl\/index.php\/kod-lyoko\/lyoko\/sektor-v-kartagina\/\" class=\"more-link pen_button pen_element_default pen_icon_arrow_double\">Read more<\/a><\/p>\n","protected":false},"author":5,"featured_media":0,"parent":673,"menu_order":0,"comment_status":"open","ping_status":"closed","template":"","meta":{"footnotes":""},"categories":[23],"tags":[],"class_list":["post-710","page","type-page","status-publish","hentry","category-menu-kod-lyoko"],"_links":{"self":[{"href":"https:\/\/kodlyoko.pl\/index.php\/wp-json\/wp\/v2\/pages\/710","targetHints":{"allow":["GET"]}}],"collection":[{"href":"https:\/\/kodlyoko.pl\/index.php\/wp-json\/wp\/v2\/pages"}],"about":[{"href":"https:\/\/kodlyoko.pl\/index.php\/wp-json\/wp\/v2\/types\/page"}],"author":[{"embeddable":true,"href":"https:\/\/kodlyoko.pl\/index.php\/wp-json\/wp\/v2\/users\/5"}],"replies":[{"embeddable":true,"href":"https:\/\/kodlyoko.pl\/index.php\/wp-json\/wp\/v2\/comments?post=710"}],"version-history":[{"count":1,"href":"https:\/\/kodlyoko.pl\/index.php\/wp-json\/wp\/v2\/pages\/710\/revisions"}],"predecessor-version":[{"id":714,"href":"https:\/\/kodlyoko.pl\/index.php\/wp-json\/wp\/v2\/pages\/710\/revisions\/714"}],"up":[{"embeddable":true,"href":"https:\/\/kodlyoko.pl\/index.php\/wp-json\/wp\/v2\/pages\/673"}],"wp:attachment":[{"href":"https:\/\/kodlyoko.pl\/index.php\/wp-json\/wp\/v2\/media?parent=710"}],"wp:term":[{"taxonomy":"category","embeddable":true,"href":"https:\/\/kodlyoko.pl\/index.php\/wp-json\/wp\/v2\/categories?post=710"},{"taxonomy":"post_tag","embeddable":true,"href":"https:\/\/kodlyoko.pl\/index.php\/wp-json\/wp\/v2\/tags?post=710"}],"curies":[{"name":"wp","href":"https:\/\/api.w.org\/{rel}","templated":true}]}}