{"id":675,"date":"2021-04-24T13:33:32","date_gmt":"2021-04-24T13:33:32","guid":{"rendered":"http:\/\/kodlyoko.pl\/?page_id=675"},"modified":"2021-04-24T13:37:12","modified_gmt":"2021-04-24T13:37:12","slug":"sektor-pustynny","status":"publish","type":"page","link":"https:\/\/kodlyoko.pl\/index.php\/kod-lyoko\/lyoko\/sektor-pustynny\/","title":{"rendered":"Sektor Pustynny"},"content":{"rendered":"\n<p><strong><strong>Opis :<\/strong><\/strong><\/p>\n\n\n\n<p>Powierzchnia jest \u017c\u00f3\u0142to-pomara\u0144czowa. Niebo jest tego samego koloru, a cyfrowe morze jest pomara\u0144czowe. W tym sektorze wyst\u0119puj\u0105 r\u00f3\u017cnego rodzaju kaniony, g\u0142azy w kt\u00f3rych bohaterowie mog\u0105 si\u0119 ukryc. Tutaj po raz pierwszy pojawi\u0142y si\u0119 Tarantule.<\/p>\n\n\n\n<div style=\"height:10px\" aria-hidden=\"true\" class=\"wp-block-spacer\"><\/div>\n\n\n\n<p><strong><strong>Odcinki, w kt\u00f3rych pojawi\u0142 si\u0119 sektor pustynny<\/strong><\/strong><\/p>\n\n\n\n<p><strong><strong>Seria 1 :<\/strong><\/strong><\/p>\n\n\n\n<p>1. Mi\u015b Gozilla<\/p>\n\n\n\n<p>2. Uwierz\u0119, jak zobacz\u0119<\/p>\n\n\n\n<p>4. Pami\u0119tnik<\/p>\n\n\n\n<p>5. Wielki wirus<\/p>\n\n\n\n<p>11. Plaga<\/p>\n\n\n\n<p>12. R\u00f3j<\/p>\n\n\n\n<p>14. Pu\u0142apka<\/p>\n\n\n\n<p>19. K\u0142amstwa<\/p>\n\n\n\n<p>22. Rutyna<\/p>\n\n\n\n<div style=\"height:10px\" aria-hidden=\"true\" class=\"wp-block-spacer\"><\/div>\n\n\n\n<p><strong><strong>Seria 2 :<\/strong><\/strong><\/p>\n\n\n\n<p>27. Nowy porz\u0105dek<\/p>\n\n\n\n<p>33. Techno<\/p>\n\n\n\n<p>35. Loteria<\/p>\n\n\n\n<p>40. Atak zombie<\/p>\n\n\n\n<p>43. Poca\u0142unek Xany<\/p>\n\n\n\n<p>46. Deja vu<\/p>\n\n\n\n<p>49. Franz Hopper<\/p>\n\n\n\n<p>52. Klucze<\/p>\n\n\n\n<div style=\"height:10px\" aria-hidden=\"true\" class=\"wp-block-spacer\"><\/div>\n\n\n\n<p><strong><strong>Seria 3 :<\/strong><\/strong><\/p>\n\n\n\n<p>57. Aelita<\/p>\n\n\n\n<p>58. Zawody<\/p>\n\n\n\n<div style=\"height:10px\" aria-hidden=\"true\" class=\"wp-block-spacer\"><\/div>\n\n\n\n<p><strong><strong>Seria 4 :<\/strong><\/strong><\/p>\n\n\n\n<p>67. Dubler<\/p>\n\n\n\n<p>69. Dy\u017curny<\/p>\n\n\n\n<p>75. Gor\u0105cy deszcz<\/p>\n\n\n\n<p>80. Pieskie popo\u0142udnie<\/p>\n\n\n\n<p>81. Dobry i z\u0142y<\/p>\n\n\n\n<p>83. Niefart<\/p>\n\n\n\n<p>85. Fatalne zauroczenie<\/p>\n\n\n\n<p>86. Wielokrotno\u015b\u0107 psa<\/p>\n\n\n\n<p>94. Walka a\u017c do ko\u0144ca<\/p>\n\n\n\n<div style=\"height:10px\" aria-hidden=\"true\" class=\"wp-block-spacer\"><\/div>\n\n\n\n<p><strong><strong>Ewolucja<\/strong><\/strong><\/p>\n\n\n\n<p>3. Spektromania<\/p>\n\n\n\n<p>5. Rywalizacja<\/p>\n\n\n\n<p>7. Odliczanie<\/p>\n\n\n\n<p>9. Jak oszuka\u0107 Xane ?<\/p>\n\n\n\n<p>11. Spotkanie<\/p>\n\n\n\n<p>12. Chaos w Kadic<\/p>\n\n\n\n<p>15. Bez kod\u00f3w<\/p>\n\n\n\n<div style=\"height:10px\" aria-hidden=\"true\" class=\"wp-block-spacer\"><\/div>\n\n\n\n<p><strong><strong>Wa\u017cne wydarzenia zwi\u0105zane z sektorem pustynnym<\/strong><\/strong><\/p>\n\n\n\n<ul class=\"wp-block-list\"><li>Xana po raz pierwszy i ostatni wysy\u0142a tornado,<\/li><li>Yumi i Ulrich, mi\u0119dzy kt\u00f3rymi dosz\u0142o prawie do poca\u0142unku,<\/li><li>Pierwsze pojawienie si\u0119 Tarantuli,<\/li><li>Pierwsza wirtualizacja do odbudowanego prze Jeremiego sektora powierzchniowego<\/li><\/ul>\n\n\n\n<div style=\"height:10px\" aria-hidden=\"true\" class=\"wp-block-spacer\"><\/div>\n\n\n\n<p><strong><strong>Informacje i zdj\u0119cia pochodz\u0105 ze strony codelyoko.fr<\/strong><\/strong><\/p>\n\n\n\n<div style=\"height:10px\" aria-hidden=\"true\" class=\"wp-block-spacer\"><\/div>\n\n\n\n<div class=\"wp-block-image\"><figure class=\"alignleft size-large\"><img decoding=\"async\" src=\"http:\/\/img.codelyoko.fr\/lieux\/desert_B.jpg\" alt=\"\"\/><\/figure><\/div>\n\n\n\n<div class=\"wp-block-image\"><figure class=\"alignleft size-large\"><img decoding=\"async\" src=\"http:\/\/img.codelyoko.fr\/lieux\/desert_C.jpg\" alt=\"\"\/><\/figure><\/div>\n\n\n\n<div class=\"wp-block-image\"><figure class=\"alignleft size-large\"><img decoding=\"async\" src=\"http:\/\/img.codelyoko.fr\/upload\/files\/1236548662_710.jpg\" alt=\"\"\/><\/figure><\/div>\n\n\n\n<div class=\"wp-block-image\"><figure class=\"alignleft size-large\"><img decoding=\"async\" src=\"http:\/\/img.codelyoko.fr\/upload\/files\/1236881101_125.jpg\" alt=\"\"\/><\/figure><\/div>\n","protected":false},"excerpt":{"rendered":"<p>Opis : Powierzchnia jest \u017c\u00f3\u0142to-pomara\u0144czowa. Niebo jest tego samego koloru, a cyfrowe morze jest pomara\u0144czowe. W tym sektorze wyst\u0119puj\u0105 r\u00f3\u017cnego rodzaju kaniony, g\u0142azy w kt\u00f3rych bohaterowie mog\u0105 si\u0119 ukryc. Tutaj po raz pierwszy pojawi\u0142y si\u0119 Tarantule. Odcinki, w kt\u00f3rych pojawi\u0142 si\u0119 sektor pustynny Seria 1 : 1. Mi\u015b Gozilla 2. Uwierz\u0119, jak zobacz\u0119 4. Pami\u0119tnik &hellip;<br \/><a href=\"https:\/\/kodlyoko.pl\/index.php\/kod-lyoko\/lyoko\/sektor-pustynny\/\" class=\"more-link pen_button pen_element_default pen_icon_arrow_double\">Read more<\/a><\/p>\n","protected":false},"author":5,"featured_media":0,"parent":673,"menu_order":0,"comment_status":"open","ping_status":"closed","template":"","meta":{"footnotes":""},"categories":[23],"tags":[],"class_list":["post-675","page","type-page","status-publish","hentry","category-menu-kod-lyoko"],"_links":{"self":[{"href":"https:\/\/kodlyoko.pl\/index.php\/wp-json\/wp\/v2\/pages\/675","targetHints":{"allow":["GET"]}}],"collection":[{"href":"https:\/\/kodlyoko.pl\/index.php\/wp-json\/wp\/v2\/pages"}],"about":[{"href":"https:\/\/kodlyoko.pl\/index.php\/wp-json\/wp\/v2\/types\/page"}],"author":[{"embeddable":true,"href":"https:\/\/kodlyoko.pl\/index.php\/wp-json\/wp\/v2\/users\/5"}],"replies":[{"embeddable":true,"href":"https:\/\/kodlyoko.pl\/index.php\/wp-json\/wp\/v2\/comments?post=675"}],"version-history":[{"count":8,"href":"https:\/\/kodlyoko.pl\/index.php\/wp-json\/wp\/v2\/pages\/675\/revisions"}],"predecessor-version":[{"id":718,"href":"https:\/\/kodlyoko.pl\/index.php\/wp-json\/wp\/v2\/pages\/675\/revisions\/718"}],"up":[{"embeddable":true,"href":"https:\/\/kodlyoko.pl\/index.php\/wp-json\/wp\/v2\/pages\/673"}],"wp:attachment":[{"href":"https:\/\/kodlyoko.pl\/index.php\/wp-json\/wp\/v2\/media?parent=675"}],"wp:term":[{"taxonomy":"category","embeddable":true,"href":"https:\/\/kodlyoko.pl\/index.php\/wp-json\/wp\/v2\/categories?post=675"},{"taxonomy":"post_tag","embeddable":true,"href":"https:\/\/kodlyoko.pl\/index.php\/wp-json\/wp\/v2\/tags?post=675"}],"curies":[{"name":"wp","href":"https:\/\/api.w.org\/{rel}","templated":true}]}}