{"id":631,"date":"2021-04-20T15:42:46","date_gmt":"2021-04-20T15:42:46","guid":{"rendered":"http:\/\/kodlyoko.pl\/?page_id=631"},"modified":"2021-04-20T15:42:46","modified_gmt":"2021-04-20T15:42:46","slug":"magazyn-kod-lyoko","status":"publish","type":"page","link":"https:\/\/kodlyoko.pl\/index.php\/inne\/magazyn-kod-lyoko\/","title":{"rendered":"Magazyn Kod Lyoko"},"content":{"rendered":"\n<p>Magazyn Kod Lyoko w Polsce ukaza\u0142 si\u0119 w lutym 2008 roku. Zawiera\u0142 komiks oraz p\u0142yt\u0119 DVD z trzema pierwszymi odcinkami pierwszej serii serialu. Zawiera\u0142 te\u017c opis bohater\u00f3w, konkurs i cybernewsy. Kosztowa\u0142 14,99 z\u0142.<\/p>\n\n\n\n<p>Drugi jego numer i ostatni pojawi\u0142 si\u0119 17 maja 2008 roku. Jego cena si\u0119 nie zmieni\u0142a. Podobnie jak jego poprzedni numer zawiera\u0142 komiks oraz p\u0142yt\u0119 DVD z trzema kolejnymi odcinkami serialu. Nowo\u015bci\u0105 w nim by\u0142 dzia\u0142 : &#8220;Laboratorium Jeremiego&#8221; oraz &#8220;Yumi o Japonii&#8221;. Trzeci numer mia\u0142 si\u0119 ukaza\u0107 30 sierpnia 2008 roku, lecz przesta\u0142 by\u0107 wydawany.<\/p>\n\n\n\n<p>Magazyn przesta\u0142 by\u0107 wydawany z powodu niskiej sprzeda\u017cy, wi\u0119c drugi numer by\u0142 ostatnim. Magazyn\u00f3w zosta\u0142o jeszcze du\u017co, wi\u0119c stworzono zbiorczy egzemplarz zawieraj\u0105cy 2 numery. Jego cena wynosi\u0142a 14.99 z\u0142, wi\u0119c wi\u0119cej fan\u00f3w mog\u0142o go kupi\u0107. Nie wznowiono jednak wydawania. Magazyn mo\u017cna by\u0142o kupi\u0107 te\u017c w pewnym okresie w serwisie internetowym www.allegro.pl<\/p>\n\n\n\n<p><\/p>\n","protected":false},"excerpt":{"rendered":"<p>Magazyn Kod Lyoko w Polsce ukaza\u0142 si\u0119 w lutym 2008 roku. Zawiera\u0142 komiks oraz p\u0142yt\u0119 DVD z trzema pierwszymi odcinkami pierwszej serii serialu. Zawiera\u0142 te\u017c opis bohater\u00f3w, konkurs i cybernewsy. Kosztowa\u0142 14,99 z\u0142. Drugi jego numer i ostatni pojawi\u0142 si\u0119 17 maja 2008 roku. Jego cena si\u0119 nie zmieni\u0142a. Podobnie jak jego poprzedni numer zawiera\u0142 &hellip;<br \/><a href=\"https:\/\/kodlyoko.pl\/index.php\/inne\/magazyn-kod-lyoko\/\" class=\"more-link pen_button pen_element_default pen_icon_arrow_double\">Read more<\/a><\/p>\n","protected":false},"author":5,"featured_media":0,"parent":584,"menu_order":0,"comment_status":"closed","ping_status":"closed","template":"","meta":{"footnotes":""},"categories":[40],"tags":[],"class_list":["post-631","page","type-page","status-publish","hentry","category-menu-nawigacyjne-inne"],"_links":{"self":[{"href":"https:\/\/kodlyoko.pl\/index.php\/wp-json\/wp\/v2\/pages\/631","targetHints":{"allow":["GET"]}}],"collection":[{"href":"https:\/\/kodlyoko.pl\/index.php\/wp-json\/wp\/v2\/pages"}],"about":[{"href":"https:\/\/kodlyoko.pl\/index.php\/wp-json\/wp\/v2\/types\/page"}],"author":[{"embeddable":true,"href":"https:\/\/kodlyoko.pl\/index.php\/wp-json\/wp\/v2\/users\/5"}],"replies":[{"embeddable":true,"href":"https:\/\/kodlyoko.pl\/index.php\/wp-json\/wp\/v2\/comments?post=631"}],"version-history":[{"count":1,"href":"https:\/\/kodlyoko.pl\/index.php\/wp-json\/wp\/v2\/pages\/631\/revisions"}],"predecessor-version":[{"id":632,"href":"https:\/\/kodlyoko.pl\/index.php\/wp-json\/wp\/v2\/pages\/631\/revisions\/632"}],"up":[{"embeddable":true,"href":"https:\/\/kodlyoko.pl\/index.php\/wp-json\/wp\/v2\/pages\/584"}],"wp:attachment":[{"href":"https:\/\/kodlyoko.pl\/index.php\/wp-json\/wp\/v2\/media?parent=631"}],"wp:term":[{"taxonomy":"category","embeddable":true,"href":"https:\/\/kodlyoko.pl\/index.php\/wp-json\/wp\/v2\/categories?post=631"},{"taxonomy":"post_tag","embeddable":true,"href":"https:\/\/kodlyoko.pl\/index.php\/wp-json\/wp\/v2\/tags?post=631"}],"curies":[{"name":"wp","href":"https:\/\/api.w.org\/{rel}","templated":true}]}}