{"id":623,"date":"2021-04-19T22:38:49","date_gmt":"2021-04-19T22:38:49","guid":{"rendered":"http:\/\/kodlyoko.pl\/?page_id=623"},"modified":"2021-04-19T22:39:52","modified_gmt":"2021-04-19T22:39:52","slug":"kod-lyoko","status":"publish","type":"page","link":"https:\/\/kodlyoko.pl\/index.php\/artykuly\/kod-lyoko\/","title":{"rendered":"Kod Lyoko"},"content":{"rendered":"\n\n<!-- Page-list plugin v.5.6 wordpress.org\/plugins\/page-list\/ -->\n<ul class=\"page-list subpages-page-list page-list-cols-2\">\n<li class=\"page_item page-item-658\"><a href=\"https:\/\/kodlyoko.pl\/index.php\/artykuly\/kod-lyoko\/11-na-15-czyli-drugi-zbior-setek\/\">11 na 15, czyli drugi zbi\u00f3r setek<\/a><\/li>\n<li class=\"page_item page-item-1210\"><a href=\"https:\/\/kodlyoko.pl\/index.php\/artykuly\/kod-lyoko\/16-na-15-czyli-pierwszy-zbior-setek\/\">16 na 15, czyli pierwszy zbi\u00f3r setek<\/a><\/li>\n<li class=\"page_item page-item-4073\"><a href=\"https:\/\/kodlyoko.pl\/index.php\/artykuly\/kod-lyoko\/a-co-gdyby-ktos-pamietal-o-xanie\/\">A co gdyby kto\u015b pami\u0119ta\u0142 o Xanie?<\/a><\/li>\n<li class=\"page_item page-item-1212\"><a href=\"https:\/\/kodlyoko.pl\/index.php\/artykuly\/kod-lyoko\/arena-odd-della-robia-vs-aniol-ciemnosci\/\">Arena: Odd della Robia vs Anio\u0142 Ciemno\u015bci<\/a><\/li>\n<li class=\"page_item page-item-1214\"><a href=\"https:\/\/kodlyoko.pl\/index.php\/artykuly\/kod-lyoko\/code-lyoko-project-lyoko-prolog\/\">Code Lyoko &#8211; Project Lyoko: prolog<\/a><\/li>\n<li class=\"page_item page-item-1222\"><a href=\"https:\/\/kodlyoko.pl\/index.php\/artykuly\/kod-lyoko\/dalsze-losy-bohaterow-rozdzial-1\/\">Dalsze losy bohater\u00f3w &#8211; rozdzia\u0142 1.<\/a><\/li>\n<li class=\"page_item page-item-3618\"><a href=\"https:\/\/kodlyoko.pl\/index.php\/artykuly\/kod-lyoko\/interferencja-rozdzial-1\/\">Interferencja &#8211; rozdzia\u0142 1<\/a><\/li>\n<li class=\"page_item page-item-3623\"><a href=\"https:\/\/kodlyoko.pl\/index.php\/artykuly\/kod-lyoko\/interferencja-rozdzial-2\/\">Interferencja &#8211; rozdzia\u0142 2<\/a><\/li>\n<li class=\"page_item page-item-1241\"><a href=\"https:\/\/kodlyoko.pl\/index.php\/artykuly\/kod-lyoko\/marabunta\/\">Marabunta<\/a><\/li>\n<li class=\"page_item page-item-1243\"><a href=\"https:\/\/kodlyoko.pl\/index.php\/artykuly\/kod-lyoko\/nastepca-zdrajcy\/\">Nast\u0119pca Zdrajcy<\/a><\/li>\n<li class=\"page_item page-item-1249\"><a href=\"https:\/\/kodlyoko.pl\/index.php\/artykuly\/kod-lyoko\/ostateczne-odkrycie-xany\/\">Ostateczne odkrycie Xany<\/a><\/li>\n<li class=\"page_item page-item-1251\"><a href=\"https:\/\/kodlyoko.pl\/index.php\/artykuly\/kod-lyoko\/ostatni-sen-lyoko\/\">Ostatni Sen Lyoko<\/a><\/li>\n<li class=\"page_item page-item-2410\"><a href=\"https:\/\/kodlyoko.pl\/index.php\/artykuly\/kod-lyoko\/poza-granicami-1\/\">Poza granicami &#8211; 1<\/a><\/li>\n<li class=\"page_item page-item-1255\"><a href=\"https:\/\/kodlyoko.pl\/index.php\/artykuly\/kod-lyoko\/prolog-gra\/\">Prolog &#8211; Gra<\/a><\/li>\n<li class=\"page_item page-item-1336\"><a href=\"https:\/\/kodlyoko.pl\/index.php\/artykuly\/kod-lyoko\/sniezny-terror-swiateczny-specjal\/\">\u015anie\u017cny terror &#8211; \u015bwi\u0105teczny specja\u0142<\/a><\/li>\n<li class=\"page_item page-item-1278\"><a href=\"https:\/\/kodlyoko.pl\/index.php\/artykuly\/kod-lyoko\/tadeusz-rozan-czerwony-gracz-epizod-1-czesc-1\/\">Tadeusz R\u00f3\u017can &#8211; Czerwony Gracz &#8211; Epizod 1, cz\u0119\u015b\u0107 1.<\/a><\/li>\n<li class=\"page_item page-item-1288\"><a href=\"https:\/\/kodlyoko.pl\/index.php\/artykuly\/kod-lyoko\/uwierze-jak-zobacze\/\">Uwierz\u0119, jak zobacz\u0119<\/a><\/li>\n<li class=\"page_item page-item-1290\"><a href=\"https:\/\/kodlyoko.pl\/index.php\/artykuly\/kod-lyoko\/w-samo-serce\/\">W samo serce<\/a><\/li>\n<li class=\"page_item page-item-2399\"><a href=\"https:\/\/kodlyoko.pl\/index.php\/artykuly\/kod-lyoko\/zabawa-cz-1\/\">Zabawa &#8211; cz. 1<\/a><\/li>\n<li class=\"page_item page-item-1322\"><a href=\"https:\/\/kodlyoko.pl\/index.php\/artykuly\/kod-lyoko\/zdrada-doskonala\/\">Zdrada doskona\u0142a<\/a><\/li>\n<li class=\"page_item page-item-1332\"><a href=\"https:\/\/kodlyoko.pl\/index.php\/artykuly\/kod-lyoko\/zle-zagranie\/\">Z\u0142e zagranie<\/a><\/li>\n\n<\/ul>\n","protected":false},"excerpt":{"rendered":"","protected":false},"author":2,"featured_media":0,"parent":123,"menu_order":0,"comment_status":"closed","ping_status":"closed","template":"","meta":{"footnotes":""},"categories":[41],"tags":[],"class_list":["post-623","page","type-page","status-publish","hentry","category-artykuly-kod-lyoko"],"_links":{"self":[{"href":"https:\/\/kodlyoko.pl\/index.php\/wp-json\/wp\/v2\/pages\/623","targetHints":{"allow":["GET"]}}],"collection":[{"href":"https:\/\/kodlyoko.pl\/index.php\/wp-json\/wp\/v2\/pages"}],"about":[{"href":"https:\/\/kodlyoko.pl\/index.php\/wp-json\/wp\/v2\/types\/page"}],"author":[{"embeddable":true,"href":"https:\/\/kodlyoko.pl\/index.php\/wp-json\/wp\/v2\/users\/2"}],"replies":[{"embeddable":true,"href":"https:\/\/kodlyoko.pl\/index.php\/wp-json\/wp\/v2\/comments?post=623"}],"version-history":[{"count":1,"href":"https:\/\/kodlyoko.pl\/index.php\/wp-json\/wp\/v2\/pages\/623\/revisions"}],"predecessor-version":[{"id":624,"href":"https:\/\/kodlyoko.pl\/index.php\/wp-json\/wp\/v2\/pages\/623\/revisions\/624"}],"up":[{"embeddable":true,"href":"https:\/\/kodlyoko.pl\/index.php\/wp-json\/wp\/v2\/pages\/123"}],"wp:attachment":[{"href":"https:\/\/kodlyoko.pl\/index.php\/wp-json\/wp\/v2\/media?parent=623"}],"wp:term":[{"taxonomy":"category","embeddable":true,"href":"https:\/\/kodlyoko.pl\/index.php\/wp-json\/wp\/v2\/categories?post=623"},{"taxonomy":"post_tag","embeddable":true,"href":"https:\/\/kodlyoko.pl\/index.php\/wp-json\/wp\/v2\/tags?post=623"}],"curies":[{"name":"wp","href":"https:\/\/api.w.org\/{rel}","templated":true}]}}