{"id":619,"date":"2021-04-19T22:26:46","date_gmt":"2021-04-19T22:26:46","guid":{"rendered":"http:\/\/kodlyoko.pl\/?page_id=619"},"modified":"2021-04-19T22:26:47","modified_gmt":"2021-04-19T22:26:47","slug":"akt-viii-dom-panstwa-hopper","status":"publish","type":"page","link":"https:\/\/kodlyoko.pl\/index.php\/artykuly\/opowiadania\/serie\/projekt-golebie\/akt-viii-dom-panstwa-hopper\/","title":{"rendered":"Akt VIII &#8211; Dom pa\u0144stwa Hopper"},"content":{"rendered":"\n<p class=\"has-drop-cap\"><em>Dom pa\u0144stwa Hopper<\/em><\/p>\n\n\n\n<p>&nbsp;&nbsp;&nbsp;&nbsp;&nbsp;&nbsp;&nbsp;&nbsp;&nbsp;&nbsp;&nbsp; &#8211; Tatusiu, gdzie jedziemy? \u2013 pyta dziewczynka.<\/p>\n\n\n\n<p>&nbsp;&nbsp;&nbsp;&nbsp;&nbsp;&nbsp;&nbsp;&nbsp;&nbsp;&nbsp;&nbsp; &#8211; Nie dam rady ci wyja\u015bni\u0107, s\u0142oneczko \u2013 odpowiada Hopper tak delikatnie, jak tylko mo\u017ce. Ostatni&nbsp;&nbsp;&nbsp;&nbsp;&nbsp;&nbsp; raz spogl\u0105da na Instytut Chemiczny. Miejsce, gdzie po\u015bwi\u0119ci\u0142 wiele cennych lat swojego \u017cycia. Teraz musi si\u0119 z nim po\u017cegna\u0107 w niezbyt przyjemny spos\u00f3b.<\/p>\n\n\n\n<p>&nbsp;&nbsp;&nbsp;&nbsp;&nbsp;&nbsp;&nbsp;&nbsp;&nbsp;&nbsp;&nbsp; K\u0105tem oka przygl\u0105da si\u0119 swojej c\u00f3reczce. Patrzy zaciekawiona przez szyb\u0119 samochodu na budynek. Nie wie, co ma jej w tym momencie powiedzie\u0107.<\/p>\n\n\n\n<p>&nbsp;&nbsp;&nbsp;&nbsp;&nbsp;&nbsp;&nbsp;&nbsp;&nbsp;&nbsp;&nbsp; Co zrozumie kilkuletnia dziewczynka?<\/p>\n\n\n\n<p>&nbsp;&nbsp;&nbsp;&nbsp;&nbsp;&nbsp;&nbsp;&nbsp;&nbsp;&nbsp;&nbsp; \u017be musz\u0105 jak najszybciej ucieka\u0107?<\/p>\n\n\n\n<p>&nbsp;&nbsp;&nbsp;&nbsp;&nbsp;&nbsp;&nbsp;&nbsp;&nbsp;&nbsp;&nbsp; \u017be jej ojciec zachowuje si\u0119 tak ostatni tch\u00f3rz?<\/p>\n\n\n\n<p>&nbsp;&nbsp;&nbsp;&nbsp;&nbsp;&nbsp;&nbsp;&nbsp;&nbsp;&nbsp;&nbsp; Wsiada do samochodu. Zapina pas, poprawia swoje czarne okulary i odpala silnik. Stara si\u0119 jecha\u0107 powoli, jednak ci\u0105gle nie dociera wszystko, co si\u0119 zdarzy\u0142o w przeci\u0105gu kilku dni. Straci\u0142 \u017con\u0119, a projekt, kt\u00f3ry mia\u0142 go przynie\u015b\u0107 fortun\u0119, w\u0142a\u015bnie upad\u0142.<\/p>\n\n\n\n<p>&nbsp;&nbsp;&nbsp;&nbsp;&nbsp;&nbsp;&nbsp;&nbsp;&nbsp;&nbsp;&nbsp; W radiu rozbrzmiewaj\u0105 lista tegorocznych przeboj\u00f3w. Normalnie nie s\u0142ucha muzyki, jednak teraz pozwala mu nie oszale\u0107 od namiaru my\u015bli. Aelita zasn\u0119\u0142a, wi\u0119c nie musi jej odpowiada\u0107 na wszystkie pytania, kt\u00f3re tylko zradzaj\u0105 si\u0119 w jej g\u0142owie.<\/p>\n\n\n\n<p>&nbsp;&nbsp;&nbsp;&nbsp;&nbsp;&nbsp;&nbsp;&nbsp;&nbsp;&nbsp;&nbsp;&nbsp;<em>Ja nie chc\u0119 tam jecha\u0107\u2026<\/em><\/p>\n\n\n\n<p>&nbsp;&nbsp;&nbsp;&nbsp;&nbsp;&nbsp;&nbsp;&nbsp;&nbsp;&nbsp;&nbsp; Nagle zamiast spokojnej muzyki rozbrzmiewa komunikat radiowy:<\/p>\n\n\n\n<p>&nbsp;&nbsp;&nbsp;&nbsp;&nbsp;&nbsp;&nbsp;&nbsp;&nbsp;&nbsp;&nbsp; &#8211; Przerywamy audycj\u0119, \u017ceby poinformowa\u0107 o wybuchu jednej z kilku sal badawczych Instytutu Chemicznego, gdzie odbywa\u0142y si\u0119 podejrzane testy na zwierz\u0119tach. Policja jest ju\u017c na miejscu i bada teren. Wi\u0119cej informacji poda wam nasz reporter\u2026<\/p>\n\n\n\n<p>&nbsp;&nbsp;&nbsp;&nbsp;&nbsp;&nbsp;&nbsp;&nbsp;&nbsp;&nbsp;&nbsp; Profesor g\u0142o\u015bno prze\u0142yka \u015blin\u0119.<\/p>\n\n\n\n<p><em>&nbsp;&nbsp;&nbsp;&nbsp;&nbsp;&nbsp;&nbsp;&nbsp;&nbsp;&nbsp;&nbsp; Ju\u017c wszystko wiedz\u0105\u2026<\/em><\/p>\n\n\n\n<p>&nbsp;&nbsp;&nbsp;&nbsp;&nbsp;&nbsp;&nbsp;&nbsp;&nbsp;&nbsp;&nbsp; &#8211; Dosz\u0142o do gro\u017anego przest\u0119pstwa, kt\u00f3re na oko trwa cztery lata. Na ten moment zostali zatrzymani sami sta\u017cy\u015bci. Trwaj\u0105 poszukiwania Franza Hoppera, kt\u00f3ra odpowiada za ca\u0142y projekt z go\u0142\u0119biami\u2026<\/p>\n\n\n\n<p><em>&nbsp;&nbsp;&nbsp;&nbsp;&nbsp;&nbsp;&nbsp;&nbsp;&nbsp;&nbsp;&nbsp; Szukaj\u0105 mnie!<\/em><\/p>\n\n\n\n<p>&nbsp;&nbsp;&nbsp;&nbsp;&nbsp;&nbsp;&nbsp;&nbsp;&nbsp;&nbsp;&nbsp; S\u0142yszy syreny policyjne, kt\u00f3re przed nim przeje\u017cd\u017caj\u0105. Skr\u0119ca ostro\u017cnie, \u017ceby tylko nie zauwa\u017cyli jego przera\u017cenia.<\/p>\n\n\n\n<p>&nbsp;&nbsp;&nbsp;&nbsp;&nbsp;&nbsp;&nbsp;&nbsp;&nbsp;&nbsp;&nbsp; Moje dziecko nie straci rodzic\u00f3w. Nie pozwol\u0119 na to.<\/p>\n\n\n\n<p>&nbsp;&nbsp;&nbsp;&nbsp;&nbsp;&nbsp;&nbsp;&nbsp;&nbsp;&nbsp;&nbsp; Z piskiem opon zatrzymuje si\u0119 w parku obok swojego domu. Ociera twarz z potu, bierze g\u0142\u0119boki oddech, odpina pas i wysiada z samochodu. Otwiera drzwi Aelicie, kt\u00f3ra pomimo pobudki, w skupieniu przygl\u0105da si\u0119 swojemu ojcu.<\/p>\n\n\n\n<p>&nbsp;&nbsp;&nbsp;&nbsp;&nbsp;&nbsp;&nbsp;&nbsp;&nbsp;&nbsp;&nbsp; &#8211; No ju\u017c, szybciutko \u2013 m\u00f3wi Hopper do dziewczynki.<\/p>\n\n\n\n<p>&nbsp;&nbsp;&nbsp;&nbsp;&nbsp;&nbsp;&nbsp;&nbsp;&nbsp;&nbsp;&nbsp; &#8211; Tatusiu, to nie jest nasz dom?<\/p>\n\n\n\n<p>&nbsp;&nbsp;&nbsp;&nbsp;&nbsp;&nbsp;&nbsp;&nbsp;&nbsp;&nbsp;&nbsp; &#8211; Tak, malutka.<\/p>\n\n\n\n<p>&nbsp;&nbsp;&nbsp;&nbsp;&nbsp;&nbsp;&nbsp;&nbsp;&nbsp;&nbsp;&nbsp;&nbsp;<em>Na t\u0119 chwil\u0119 to nasz dom.<\/em><\/p>\n\n\n\n<p>&nbsp;&nbsp;&nbsp;&nbsp;&nbsp;&nbsp;&nbsp;&nbsp;&nbsp;&nbsp;&nbsp; Trzyma j\u0105 za r\u0105czk\u0119 i prowadzi przed siebie. Nerwowo si\u0119 rozgl\u0105da si\u0119 za sob\u0105. Widzi tylko ma\u0142e czarne kombi, kt\u00f3re stoi samotne. Nawet wiatru nie ma, co na t\u0119 por\u0119 roku by\u0142o dziwne.<\/p>\n\n\n\n<p>&nbsp;&nbsp;&nbsp;&nbsp;&nbsp;&nbsp;&nbsp;&nbsp;&nbsp;&nbsp;&nbsp; &#8211; Tatusiu? Idziesz?<\/p>\n\n\n\n<p>&nbsp;&nbsp;&nbsp;&nbsp;&nbsp;&nbsp;&nbsp;&nbsp;&nbsp;&nbsp;&nbsp; Dziewczynka o r\u00f3\u017cowych w\u0142osach stoi przy drzwiach. Przygl\u0105da si\u0119 tacie zaciekawiona tym, co mo\u017ce zobaczy\u0107 w swoim ukochanym pokoju.<\/p>\n\n\n\n<p>&nbsp;&nbsp;&nbsp;&nbsp;&nbsp;&nbsp;&nbsp;&nbsp;&nbsp;&nbsp;&nbsp; &#8211; Tak skarbe\u0144ku, ju\u017c otwieram drzwi.<\/p>\n\n\n\n<p>&nbsp;&nbsp;&nbsp;&nbsp;&nbsp;&nbsp;&nbsp;&nbsp;&nbsp;&nbsp;&nbsp; Nagle rado\u015b\u0107 dziewczynki przykrywa ogromne zaskoczenie. Nie umkn\u0119\u0142o to uwadze Schaeffera.<\/p>\n\n\n\n<p>&nbsp;&nbsp;&nbsp;&nbsp;&nbsp;&nbsp;&nbsp;&nbsp;&nbsp;&nbsp;&nbsp; &#8211; Tatusiu\u2026<\/p>\n\n\n\n<p>&nbsp;&nbsp;&nbsp;&nbsp;&nbsp;&nbsp;&nbsp;&nbsp;&nbsp;&nbsp;&nbsp; &#8211; Tak?<\/p>\n\n\n\n<p>&nbsp;&nbsp;&nbsp;&nbsp;&nbsp;&nbsp;&nbsp;&nbsp;&nbsp;&nbsp;&nbsp; &#8211; Jacy\u015b panowie w czarnych garniturach\u2026<\/p>\n\n\n\n<p>&nbsp;&nbsp;&nbsp;&nbsp;&nbsp;&nbsp;&nbsp;&nbsp;&nbsp;&nbsp;&nbsp; Profesor zmieszany odwraca si\u0119. Mia\u0142a racj\u0119. Dw\u00f3ch ros\u0142ych m\u0119\u017cczyzn zmierza w jego kierunku. On ju\u017c wiedzia\u0142, \u017ce go namierzyli.<\/p>\n\n\n\n<p><em>&nbsp;&nbsp;&nbsp;&nbsp;&nbsp;&nbsp;&nbsp;&nbsp;&nbsp;&nbsp;&nbsp; Chro\u0144 Aelit\u0119.<\/em><\/p>\n\n\n\n<p><strong><em>&nbsp;&nbsp;&nbsp;&nbsp;&nbsp;&nbsp;&nbsp;&nbsp;&nbsp;&nbsp;&nbsp; Chro\u0144 dziecko!<\/em><\/strong><\/p>\n\n\n\n<p>&nbsp;&nbsp;&nbsp;&nbsp;&nbsp;&nbsp;&nbsp;&nbsp;&nbsp;&nbsp;&nbsp; &#8211; Szybciutko, c\u00f3reczko. Wejd\u017a t\u0119dy \u2013 po tych s\u0142owach pokaza\u0142 jej bia\u0142e drzwi obok wej\u015bciowych. Dziewczynka szybko do nich pobieg\u0142a.<\/p>\n\n\n\n<p>&nbsp;&nbsp;&nbsp;&nbsp;&nbsp;&nbsp;&nbsp;&nbsp;&nbsp;&nbsp;&nbsp; Waldo biegnie jak najszybciej, przez kana\u0142y, maj\u0105c swoj\u0105 c\u00f3rk\u0119 na barana. Dla malucha to frajda. Pokazuje jej szybko pewne miejsce z trzema poz\u0142acanymi tubami. Pomaga jej wej\u015b\u0107 do \u015brodka. Sam post\u0119puje tak samo.<\/p>\n\n\n\n<p>&nbsp;&nbsp;&nbsp;&nbsp;&nbsp;&nbsp;&nbsp;&nbsp;&nbsp;&nbsp;&nbsp; &#8211; Ale si\u0119 spotkamy tam? \u2013 pyta Aelita.<\/p>\n\n\n\n<p>&nbsp;&nbsp;&nbsp;&nbsp;&nbsp;&nbsp;&nbsp;&nbsp;&nbsp;&nbsp;&nbsp; &#8211; Oczywi\u015bcie \u2013 odpowiada Hopper.<\/p>\n\n\n\n<p>&nbsp;&nbsp;&nbsp;&nbsp;&nbsp;&nbsp;&nbsp;&nbsp;&nbsp;&nbsp;&nbsp; Mam tak\u0105 nadziej\u0119.<\/p>\n\n\n\n<p>&nbsp;&nbsp;&nbsp;&nbsp;&nbsp;&nbsp;&nbsp;&nbsp;&nbsp;&nbsp;&nbsp; Nim tuby zamykaj\u0105 si\u0119, s\u0142yszy g\u0142os dziecka:<\/p>\n\n\n\n<p>&nbsp;&nbsp;&nbsp;&nbsp;&nbsp;&nbsp;&nbsp;&nbsp;&nbsp;&nbsp;&nbsp; &#8211; Do zobaczenia, tatusiu\u2026<\/p>\n\n\n\n<p>&nbsp;&nbsp;&nbsp;&nbsp;&nbsp;&nbsp;&nbsp;&nbsp;&nbsp;&nbsp;&nbsp; &#8211; Do zobaczenia, c\u00f3reczko\u2026<\/p>\n\n\n\n<p>&nbsp;&nbsp;&nbsp;&nbsp;&nbsp;&nbsp;&nbsp;&nbsp;&nbsp;&nbsp;&nbsp; Nieznany obs\u0142udze technicznej m\u0119\u017cczyzna rozbija tub\u0119 izolacyjn\u0105. Osiem go\u0142\u0119bi z dziwnym znakiem odlatuje. S\u0105 w\u0142a\u015bnie wolne. Ale czy na pewno?<\/p>\n\n\n\n<p class=\"has-text-align-right\"><em>Autorka: Azize<\/em><\/p>\n","protected":false},"excerpt":{"rendered":"<p>Dom pa\u0144stwa Hopper &nbsp;&nbsp;&nbsp;&nbsp;&nbsp;&nbsp;&nbsp;&nbsp;&nbsp;&nbsp;&nbsp; &#8211; Tatusiu, gdzie jedziemy? \u2013 pyta dziewczynka. &nbsp;&nbsp;&nbsp;&nbsp;&nbsp;&nbsp;&nbsp;&nbsp;&nbsp;&nbsp;&nbsp; &#8211; Nie dam rady ci wyja\u015bni\u0107, s\u0142oneczko \u2013 odpowiada Hopper tak delikatnie, jak tylko mo\u017ce. Ostatni&nbsp;&nbsp;&nbsp;&nbsp;&nbsp;&nbsp; raz spogl\u0105da na Instytut Chemiczny. Miejsce, gdzie po\u015bwi\u0119ci\u0142 wiele cennych lat swojego \u017cycia. Teraz musi si\u0119 z nim po\u017cegna\u0107 w niezbyt przyjemny spos\u00f3b. &nbsp;&nbsp;&nbsp;&nbsp;&nbsp;&nbsp;&nbsp;&nbsp;&nbsp;&nbsp;&nbsp; K\u0105tem oka przygl\u0105da &hellip;<br \/><a href=\"https:\/\/kodlyoko.pl\/index.php\/artykuly\/opowiadania\/serie\/projekt-golebie\/akt-viii-dom-panstwa-hopper\/\" class=\"more-link pen_button pen_element_default pen_icon_arrow_double\">Read more<\/a><\/p>\n","protected":false},"author":4,"featured_media":0,"parent":582,"menu_order":0,"comment_status":"closed","ping_status":"closed","template":"","meta":{"footnotes":""},"categories":[39],"tags":[],"class_list":["post-619","page","type-page","status-publish","hentry","category-artykuly-projekt-golebie"],"_links":{"self":[{"href":"https:\/\/kodlyoko.pl\/index.php\/wp-json\/wp\/v2\/pages\/619","targetHints":{"allow":["GET"]}}],"collection":[{"href":"https:\/\/kodlyoko.pl\/index.php\/wp-json\/wp\/v2\/pages"}],"about":[{"href":"https:\/\/kodlyoko.pl\/index.php\/wp-json\/wp\/v2\/types\/page"}],"author":[{"embeddable":true,"href":"https:\/\/kodlyoko.pl\/index.php\/wp-json\/wp\/v2\/users\/4"}],"replies":[{"embeddable":true,"href":"https:\/\/kodlyoko.pl\/index.php\/wp-json\/wp\/v2\/comments?post=619"}],"version-history":[{"count":1,"href":"https:\/\/kodlyoko.pl\/index.php\/wp-json\/wp\/v2\/pages\/619\/revisions"}],"predecessor-version":[{"id":620,"href":"https:\/\/kodlyoko.pl\/index.php\/wp-json\/wp\/v2\/pages\/619\/revisions\/620"}],"up":[{"embeddable":true,"href":"https:\/\/kodlyoko.pl\/index.php\/wp-json\/wp\/v2\/pages\/582"}],"wp:attachment":[{"href":"https:\/\/kodlyoko.pl\/index.php\/wp-json\/wp\/v2\/media?parent=619"}],"wp:term":[{"taxonomy":"category","embeddable":true,"href":"https:\/\/kodlyoko.pl\/index.php\/wp-json\/wp\/v2\/categories?post=619"},{"taxonomy":"post_tag","embeddable":true,"href":"https:\/\/kodlyoko.pl\/index.php\/wp-json\/wp\/v2\/tags?post=619"}],"curies":[{"name":"wp","href":"https:\/\/api.w.org\/{rel}","templated":true}]}}