{"id":603,"date":"2021-04-19T22:04:26","date_gmt":"2021-04-19T22:04:26","guid":{"rendered":"http:\/\/kodlyoko.pl\/?page_id=603"},"modified":"2021-04-19T22:04:27","modified_gmt":"2021-04-19T22:04:27","slug":"wydane-ksiazki","status":"publish","type":"page","link":"https:\/\/kodlyoko.pl\/index.php\/inne\/wydane-ksiazki\/","title":{"rendered":"Wydane ksi\u0105\u017cki"},"content":{"rendered":"\n<p>Kontynuacja serii:<\/p>\n\n\n\n<p>Tom 1. Podziemny zamek<\/p>\n\n\n\n<p>Podziemny zamek to pierwszy tom serii Kod Lyoko, kt\u00f3ra powsta\u0142a na podstawie popularnego serialu rysunkowego. To historia czw\u00f3rki \u201ezwyk\u0142ych uczni\u00f3w\u201c: Yumi, Ulrich, Odd i Jeremy odkrywaj\u0105 istnienie tajemniczego wirtualnego \u015bwiata \u2013 Lyoko. Okazuje si\u0119, \u017ce Lyoko zagra\u017ca superwirus Xana, kt\u00f3ry zainfekowa\u0142 strzeg\u0105cy \u015bwiata wojskowy superkomputer.<br>Do czw\u00f3rki do\u0142\u0105cza Aelita, wirtualne stworzenie, kt\u00f3re wysz\u0142o z Lyoko. Teraz musz\u0105 oni wie\u015b\u0107 podw\u00f3jne \u017cycie: zwyk\u0142ych uczni\u00f3w na Ziemi i superbohater\u00f3w wewn\u0105trz wirtualnego \u015bwiata Lyoko.<\/p>\n\n\n\n<p>Tom 2. Bezimienne miasto<\/p>\n\n\n\n<p>Jeremy, Aelita, Odd, Ulrich i Yumi my\u015bl\u0105, \u017ce pokonali Xan\u0119 i raz na zawsze wy\u0142\u0105czyli superkomputer\u2026 ale si\u0119 myl\u0105. Z\u0142a istota, kt\u00f3ra zamieszkiwa\u0142a Lyoko, dosta\u0142a si\u0119 do realnego \u015bwiata i opanowa\u0142a Ev\u0119 Skinner, ich now\u0105 kole\u017cank\u0119 ze szko\u0142y. Podejrzany osobnik z dwoma gro\u017anymi psami \u015bledzi ka\u017cdy ich ruch. Agent pracuje dla grupy terrorystycznej o nazwie Green Phoenix, kt\u00f3ra chcia\u0142a dosta\u0107 superkomputer w swoje r\u0119ce\u2026<\/p>\n\n\n\n<p>Ksi\u0105\u017cki na podstawie odcink\u00f3w:<\/p>\n\n\n\n<p>Tom 1. Ostatni Klaps<\/p>\n\n\n\n<p>W szkole odbywa si\u0119 pokaz filmu science-fiction znanego re\u017cysera, Jamesa Finsona. Po zako\u0144czeniu projekcji Finson oznajmia, \u017ce jego kolejny film b\u0119dzie kr\u0119cony w starej fabryce. Grupa zastanawia si\u0119, jak odwie\u015b\u0107 re\u017cysera od tego pomys\u0142u. Ulrich udaje si\u0119 z Finsonem do fabryki i daje mu do zrozumienia, \u017ce nie jest to dobre miejsce na kr\u0119cenie filmu. Re\u017cyser nie zmienia zdania, ale w zamian proponuje Ulrichowi rol\u0119 w jego filmie. Pocz\u0105tkowo dyrektor szko\u0142y nie zgadza si\u0119 na wyst\u0119p ch\u0142opaka, ale Sissi przekonuje go i tak\u017ce otrzymuje mo\u017cliwo\u015b\u0107 zagrania w produkcji Finsona. W nocy Ulrich wymyka si\u0119 do superkomputera, by skontaktowa\u0107 si\u0119 z Jeremiem. Na tej czynno\u015bci nakrywa go Sissi; w tym czasie Xana przejmuje kontrol\u0119 nad makiet\u0105 potwora, graj\u0105cego g\u0142\u00f3wn\u0105 rol\u0119 w filmie. Jeremie, Odd i Yumi udaj\u0105 si\u0119 do fabryki; Yumi szuka Sissi i Ulricha, zaatakowanych przez potwora, a Odd udaje si\u0119 do Lyoko. Po powrocie do przesz\u0142o\u015bci Ulrich ostatecznie odwodzi Finsona od pomys\u0142u umieszczenia akcji filmu w fabryce.<\/p>\n\n\n\n<p>Tom 2. Zero grawitacji<\/p>\n\n\n\n<p>Ulrich ci\u0119\u017cko trenuje, by wykaza\u0107 si\u0119 na meczu pi\u0142ki no\u017cnej, na kt\u00f3ry przyjd\u0105 jego rodzice. Z tego powodu odmawia p\u00f3j\u015bcia do Lyoko, gdy Xana z pomoc\u0105 sieci elektrycznej miasta tworzy specjalne pole, znosz\u0105ce efekt grawitacji. Kiedy Odd i Yumi walcz\u0105 w Lyoko, Jeremie odkrywa, \u017ce Xana zamierza znie\u015b\u0107 grawitacj\u0119 na terenie szko\u0142y. Informuje o tym Ulricha, ale ten odmawia pomocy. Wkr\u00f3tce potem, w czasie drugiej po\u0142owy meczu, zostaje kontuzjowany. Wtedy decyduje si\u0119 wype\u0142ni\u0107 polecenie Jeremiego i idzie do budynku, gdzie znajduje si\u0119 laboratorium pani Hertz, kt\u00f3re Xana zaatakowa\u0142 jako pierwsze. Kiedy pojawia si\u0119 tam Ulrich (i \u015bledz\u0105ca go Sissi), brak grawitacji rozszerza si\u0119 na ca\u0142y budynek, a wkr\u00f3tce potem &#8211; na ca\u0142y stadion. Sytuacj\u0119 ratuje powr\u00f3t do przesz\u0142o\u015bci..<\/p>\n\n\n\n<p>Tom 3. Kod : Ziemia<\/p>\n\n\n\n<p>W nocy Jeremie ostatecznie ko\u0144czy program materializuj\u0105cy, nad kt\u00f3rym pracowa\u0142 ponad rok. Telefonuje do Yumi i prosi j\u0105, by rano zapyta\u0142a rodzic\u00f3w, czy zgodz\u0105 si\u0119 przenocowa\u0107 Aelit\u0119, gdy ta pojawi si\u0119 na Ziemi. Pa\u0144stwo Ishiyama wyra\u017caj\u0105 zgod\u0119. W tym czasie Ulrich i Odd dope\u0142niaj\u0105 formalno\u015bci, dzi\u0119ki kt\u00f3rym Aelita (przedstawiona przez Odda jako jego kanadyjska kuzynka) b\u0119dzie mog\u0142a ucz\u0119szcza\u0107 do szko\u0142y w Kadic. Po wyj\u015bciu z gabinetu dyrektora natykaj\u0105 si\u0119 na Jima, kt\u00f3ry ostrzega ich, \u017ce pewnego dnia dowie si\u0119, co knuj\u0105 razem z Yumi i Jeremiem. Grupa dzieli si\u0119 z Aelit\u0105 informacj\u0105 o jej nieodleg\u0142ej materializacji. W czasie lekcji biologii Jeremie dowiaduje si\u0119, \u017ce Aelita jest w niebezpiecze\u0144stwie. Wzywa reszt\u0119 grupy i razem id\u0105 do fabryki. Ich \u015bladem pod\u0105\u017ca Jim, ale nie odkrywa podziemnego wej\u015bcia. Kiedy ju\u017c wszyscy s\u0105 w Lyoko, Jeremie zdaje sobie spraw\u0119, \u017ce zamiast p\u0142yty z programem materializacyjnym wzi\u0105\u0142 CD-ROM z teledyskiem Odda. Wraca do internatu, gdzie natyka si\u0119 na Jima. Uciekaj\u0105c przed nim, \u0142amie sobie kostk\u0119 i trafia do piel\u0119gniarki. Poinformowany o wszystkim dyrektor zarzuca Jimowi, \u017ce jego mania prze\u015bladowcza doprowadzi\u0142a do nieszcz\u0119\u015bcia i zwalnia go. Unieruchomiony Jeremie decyduje si\u0119 na ryzykowny krok- informuje Jima, \u017ce jego podejrzenia nie by\u0142y bezpodstawne i proponuje mu, \u017ce w zamian za dostarczenie go do fabryki poinformuje o wszystkim dyrektora, co pozwoli Jimowi na powr\u00f3t do pracy. Ch\u0142opak robi mu ma\u0142y wyk\u0142ad o Lyoko. W tym czasie Ulrich, Odd i Yumi, przebywaj\u0105cy w Lyoko, pomagaj\u0105 Aelicie dosta\u0107 si\u0119 do wie\u017cy w rejonie le\u015bnym, dzi\u0119ki kt\u00f3rej dziewczyna b\u0119dzie mog\u0142a zosta\u0107 przeniesiona na Ziemi\u0119. Jeremie w\u0142\u0105cza odpowiedni program, po czym wszyscy (\u0142\u0105cznie z Jimem) id\u0105 do skaner\u00f3w, by tam powita\u0107 zmaterializowan\u0105 Aelit\u0119..<\/p>\n\n\n\n<p>Tom 4. Falstart<\/p>\n\n\n\n<p>Na lekcji historii nast\u0119puje debiut Aelity. Odd przedstawia j\u0105 jako swoj\u0105 kuzynk\u0119 i bardzo nie\u015bmia\u0142\u0105 osob\u0119. Dziewczyn\u0119 bardzo cieszy ziemskie \u017cycie. Jeremie informuje j\u0105, \u017ce wkr\u00f3tce ma zamiar ca\u0142kowicie wy\u0142\u0105czy\u0107 superkomputer. Ca\u0142a grupa udaje si\u0119 do fabryki, na stra\u017cy kt\u00f3rej stoi Jim (ka\u017c\u0105cy od tej chwili nazywa\u0107 si\u0119 Jimbo). Wraz z nim zje\u017cd\u017caj\u0105 na najni\u017cszy poziom. Jeremie, wyg\u0142aszaj\u0105c &#8220;okoliczno\u015bciow\u0105 mow\u0119&#8221;, wy\u0142\u0105cza zasilanie. W tym momencie Aelita traci przytomno\u015b\u0107. Ch\u0142opak natychmiast w\u0142\u0105cza wszystko z powrotem. Postanawia zarazem sprawdzi\u0107, dlaczego z Aelit\u0105 sta\u0142o si\u0119 to, co si\u0119 sta\u0142o. Odkrywa, \u017ce w czasie materializacji dziewczyna zosta\u0142a zainfekowana wirusem Xany- dzi\u0119ki niemu wci\u0105\u017c nie mo\u017cna od\u0142\u0105czy\u0107 superkomputera (i Xany). Jeremie obiecuje opracowa\u0107 antywirusa i odprowadza Aelit\u0119 do domu Yumi. Po drodze ch\u0142opak dostarcza dziewczynie nowych wra\u017ce\u0144- przedstawia jej \u015bwiat zapach\u00f3w i prezentuje mo\u017cliwo\u015bci budki fotograficznej. Przed bram\u0105 domu Yumi, Aelita rozstaje si\u0119 z Jeremiem i ca\u0142uje go na po\u017cegnanie. Nast\u0119pnego dnia Aelita zadziwia nauczyciela matematyki i klas\u0119 swoj\u0105 rozleg\u0142\u0105 wiedz\u0105. Lekcj\u0119 przerywa atak jednego z potwor\u00f3w Xany. Grupa rozdziela si\u0119- Jeremie, Aelita i Odd id\u0105 do fabryki, a Ulrich i Yumi zostaj\u0105, by walczy\u0107 z karaluchami. Kiedy cz\u0119\u015b\u0107 grupy dociera do fabryki, zastaje tam walcz\u0105cego z karaluchami Jima. Jeremie wysy\u0142a Aelit\u0119 i Odda do Lyoko. Jednocze\u015bnie Jim wychodzi poza fabryk\u0119, by tam zast\u0105pi\u0107 Ulricha i Yumi, kt\u00f3rzy biegn\u0105 do Lyoko. Po powrocie do przesz\u0142o\u015bci Aelita prosi Jeremiego, by nie materializowa\u0142 jej przed znalezieniem antywirusa. Yumi przekonuje dziewczyn\u0119, by wraca\u0142a na Ziemi\u0119 cho\u0107by na kilka godzin dzienne, by utrzyma\u0107 si\u0119 przy nowym \u017cyciu. Rozmow\u0119 przerywa Jim, kt\u00f3ry ponownie grozi grupie, \u017ce pozna ich sekrety. Przechodz\u0105cy w pobli\u017cu dyrektor przekonuje Jima, \u017ce jego podejrzenia nie maj\u0105 podstaw, ale grupa broni go, twierdz\u0105c, \u017ce planowali zrobi\u0107 kawa\u0142 kolegom Sissi.<\/p>\n\n\n\n<p>Tom 5. Nowy Porz\u0105dek<\/p>\n\n\n\n<p>Po stwierdzeniu, \u017ce od\u0142\u0105czenie superkomputera oznacza \u015bmier\u0107 Aelity, Jeremie usi\u0142uje inaczej zwi\u0119kszy\u0107 szanse grupy w walce z Xan\u0105. Projektuje nowe pojazdy, a tak\u017ce tworzy specjalny program, dzi\u0119ki kt\u00f3remu wykrywanie aktywnych wie\u017c b\u0119dzie mo\u017cliwe bez obecno\u015bci Aelity w Lyoko. Dziewczyna powoli wdra\u017ca si\u0119 w \u017cycie w realnym \u015bwiecie- zamieszkuje w internacie jako Aelita Stones, kuzynka Odda. Kilka klas wybiera si\u0119 do pobliskiego lasu, by rysowa\u0107 i opisywa\u0107 ro\u015bliny. Ulrich chce i\u015b\u0107 z Yumi, ale ta ma za towarzysza nowego ucznia- Williama. Aelita jest w parze z Jeremiem. W pewnym momencie ch\u0142opak stwierdza, \u017ce zapomnia\u0142 laptopa; idzie po niego, zostawiaj\u0105c Aelit\u0119 sam\u0105. Dziewczyn\u0119 opanowuj\u0105 wizje, kt\u00f3re prowadz\u0105 j\u0105 do pustego domu, znanego jako Pustelnia. Xana przejmuje kontrol\u0119 nad posiad\u0142o\u015bci\u0105. Jeremie, po odkryciu aktywnej wie\u017cy, wysy\u0142a Yumi, Odda i Ulricha na poszukiwania Aelity. Znajduj\u0105 j\u0105 w saunie w piwnicy. Aelita i Odd uciekaj\u0105, ale Yumi i Ulrich zostaj\u0105 zamkni\u0119ci przez Xan\u0119 w saunie, gdzie maj\u0105 umrze\u0107 z gor\u0105ca. Wszystko ko\u0144czy si\u0119 dobrze. Na ko\u0144cu odcinka Aelita dostaje od Jeremiego kom\u00f3rk\u0119, by wszyscy mogli by\u0107 w kontakcie.<\/p>\n\n\n\n<p>Tom 6. Nieznany L\u0105d<\/p>\n\n\n\n<p>Aelit\u0119 dr\u0119cz\u0105 koszmary, kt\u00f3rych tre\u015bci\u0105 jest ucieczka lalki przed watah\u0105 wilk\u00f3w. Jednak problem ten nie jest jej jedynym- przez Sissi myli \u0142azienki i zwraca na siebie uwag\u0119 Jima. Jeremie dowiaduje si\u0119 wielu rzeczy o w\u0142a\u015bcicielu Pustelni- nazywa\u0142 si\u0119 Franz Hopper, uczy\u0142 przedmiot\u00f3w \u015bcis\u0142ych w Kadic i niemal na pewno ma co\u015b wsp\u00f3lnego z superkomputerem. Chc\u0105c dowiedzie\u0107 si\u0119 czego\u015b jeszcze, potajemnie odwiedza bibliotek\u0119, pozostawiaj\u0105c Ulrichowi i Oddowi obowi\u0105zek odwr\u00f3cenia uwagi sekretarki. Aelita, czuj\u0105c si\u0119 opuszczona przez przyjaci\u00f3\u0142, idzie do fabryki i wraca do Lyoko. W tym czasie m\u0119ska cz\u0119\u015b\u0107 grupy udaje si\u0119 do Pustelni, licz\u0105c na to, \u017ce znajd\u0105 co\u015b, co mo\u017ce by\u0107 pomocne w walce z Xan\u0105. Jeremie odkrywa ksi\u0105\u017ck\u0119 o wojnach punickich, pokryt\u0105 notatkami Hoppera. Po powrocie do szko\u0142y odkrywa nieobecno\u015b\u0107 Aelity; wysy\u0142a ca\u0142\u0105 grup\u0119 do Lyoko, by ta pomog\u0142a atakowanej przez potwory Xany dziewczynie. Zanim do niej docieraj\u0105, Aelita znika, porwana z sektora le\u015bnego przez tajemnicz\u0105 sfer\u0119. Jeremie odkrywa pi\u0105ty sektor Lyoko- Kartagin\u0119, gdzie prawdopodobnie przebywa Aelita, jednak dost\u0119p do niego wymaga has\u0142a. Jeremie wypr\u00f3bowuje te zwi\u0105zane z histori\u0105 wojen punickich- Hannibal, Hamilcar, Salammb\u00f4 (c\u00f3rka Hamilkara), Rome, Moloch, ale dzia\u0142a dopiero Scipio: po jego wpisaniu tak\u017ce Ulrich, Yumi i Odd trafiaj\u0105 do pi\u0105tego sektora. W tym czasie Aelita jest atakowana przez nowe potwory Xany- pe\u0142zacze i scyfozo\u0119, kt\u00f3ra odbiera Aelicie jej wspomnienia. Grupa biegnie jej na pomoc; udaje im si\u0119 wr\u00f3ci\u0107 na miejsce l\u0105dowania na czas, tu\u017c przed ko\u0144cem odliczania. Po ponownym wpisaniu has\u0142a grupa wraca do sektora le\u015bnego, a potem na Ziemi\u0119. Grupa planuje wkr\u00f3tce wr\u00f3ci\u0107 do Kartaginy i sp\u0119dza\u0107 wi\u0119cej czasu z Aelit\u0105.<\/p>\n\n\n\n<p><\/p>\n","protected":false},"excerpt":{"rendered":"<p>Kontynuacja serii: Tom 1. Podziemny zamek Podziemny zamek to pierwszy tom serii Kod Lyoko, kt\u00f3ra powsta\u0142a na podstawie popularnego serialu rysunkowego. To historia czw\u00f3rki \u201ezwyk\u0142ych uczni\u00f3w\u201c: Yumi, Ulrich, Odd i Jeremy odkrywaj\u0105 istnienie tajemniczego wirtualnego \u015bwiata \u2013 Lyoko. Okazuje si\u0119, \u017ce Lyoko zagra\u017ca superwirus Xana, kt\u00f3ry zainfekowa\u0142 strzeg\u0105cy \u015bwiata wojskowy superkomputer.Do czw\u00f3rki do\u0142\u0105cza Aelita, wirtualne &hellip;<br \/><a href=\"https:\/\/kodlyoko.pl\/index.php\/inne\/wydane-ksiazki\/\" class=\"more-link pen_button pen_element_default pen_icon_arrow_double\">Read more<\/a><\/p>\n","protected":false},"author":5,"featured_media":0,"parent":584,"menu_order":0,"comment_status":"closed","ping_status":"closed","template":"","meta":{"footnotes":""},"categories":[40],"tags":[],"class_list":["post-603","page","type-page","status-publish","hentry","category-menu-nawigacyjne-inne"],"_links":{"self":[{"href":"https:\/\/kodlyoko.pl\/index.php\/wp-json\/wp\/v2\/pages\/603","targetHints":{"allow":["GET"]}}],"collection":[{"href":"https:\/\/kodlyoko.pl\/index.php\/wp-json\/wp\/v2\/pages"}],"about":[{"href":"https:\/\/kodlyoko.pl\/index.php\/wp-json\/wp\/v2\/types\/page"}],"author":[{"embeddable":true,"href":"https:\/\/kodlyoko.pl\/index.php\/wp-json\/wp\/v2\/users\/5"}],"replies":[{"embeddable":true,"href":"https:\/\/kodlyoko.pl\/index.php\/wp-json\/wp\/v2\/comments?post=603"}],"version-history":[{"count":1,"href":"https:\/\/kodlyoko.pl\/index.php\/wp-json\/wp\/v2\/pages\/603\/revisions"}],"predecessor-version":[{"id":606,"href":"https:\/\/kodlyoko.pl\/index.php\/wp-json\/wp\/v2\/pages\/603\/revisions\/606"}],"up":[{"embeddable":true,"href":"https:\/\/kodlyoko.pl\/index.php\/wp-json\/wp\/v2\/pages\/584"}],"wp:attachment":[{"href":"https:\/\/kodlyoko.pl\/index.php\/wp-json\/wp\/v2\/media?parent=603"}],"wp:term":[{"taxonomy":"category","embeddable":true,"href":"https:\/\/kodlyoko.pl\/index.php\/wp-json\/wp\/v2\/categories?post=603"},{"taxonomy":"post_tag","embeddable":true,"href":"https:\/\/kodlyoko.pl\/index.php\/wp-json\/wp\/v2\/tags?post=603"}],"curies":[{"name":"wp","href":"https:\/\/api.w.org\/{rel}","templated":true}]}}