{"id":563,"date":"2021-04-19T21:33:41","date_gmt":"2021-04-19T19:33:41","guid":{"rendered":"http:\/\/kodlyoko.pl\/?page_id=563"},"modified":"2021-05-03T20:51:21","modified_gmt":"2021-05-03T18:51:21","slug":"ulrich-jest-urszula","status":"publish","type":"page","link":"https:\/\/kodlyoko.pl\/index.php\/artykuly\/tworczosc-niekonwencjonalna\/rownolegle-rzeczywistosci\/ulrich-jest-urszula\/","title":{"rendered":"Ulrich jest&#8230; Urszul\u0105"},"content":{"rendered":"\n<p class=\"has-drop-cap\">W dzisiejszym scenariuszu spr\u00f3buj\u0119 p\u00f3j\u015b\u0107 w nieco innym kierunku, ni\u017c to zwykle bywa. Zazwyczaj staram si\u0119 przewidzie\u0107 co by si\u0119 wydarzy\u0142o, gdyby w kt\u00f3rym\u015b prze\u0142omowym momencie historia potoczy\u0142a si\u0119 nieco inaczej. Tym razem za\u015b spr\u00f3buj\u0119 zmieni\u0107 nie bieg wydarze\u0144, lecz jedn\u0105&nbsp;z postaci. Panie i Panowie, poznajcie Urszul\u0119 Stern \u2013 bohaterk\u0119, kt\u00f3ra w tej rzeczywisto\u015bci istnieje zamiast naszego poczciwego Ulricha.<\/p>\n\n\n\n<p>Zanim jednak przejd\u0119 do snucia teorii musimy ustali\u0107 pewne regu\u0142y gry; w przeciwnym wypadku ca\u0142a zabawa nie b\u0119dzie mia\u0142a sensu, gdy\u017c b\u0119dzie oparta jedynie na moim w\u0142asnym widzimisi\u0119. Dlatego postaram si\u0119 przestrzega\u0107 nast\u0119puj\u0105cych zasad:<\/p>\n\n\n\n<ol class=\"wp-block-list\" type=\"1\"><li>Charakter, zainteresowania i przesz\u0142o\u015b\u0107 panny Stern powinny by\u0107 tak bardzo zbli\u017cone do pierwowzoru tak bardzo, jak to tylko mo\u017cliwe.<\/li><li>Je\u017celi czego\u015b nie da si\u0119 prze\u0142o\u017cy\u0107 jeden do jednego, bo nie mia\u0142oby to zbytnio sensu, to zmiana nie powinna burzy\u0107 idei stoj\u0105cej za postaci\u0105. Dla przyk\u0142adu, Ulrich cieszy\u0142 si\u0119 sporym powodzeniem w\u015br\u00f3d dziewczyn (Sissi, Milly, Tamiya, Yumi, Emily\u2026); Urszula oczywi\u015bcie nie b\u0119dzie obiektem westchnie\u0144 \u017ce\u0144skiej cz\u0119\u015bci szko\u0142y, ale b\u0119dzie podoba\u0107 si\u0119 ch\u0142opakom \u2013 mam nadziej\u0119, \u017ce widzicie analogi\u0119.<\/li><li>Pozostali bohaterowie rozwijaj\u0105 si\u0119 dok\u0142adnie w ten sam spos\u00f3b, jak w oryginale. Zmiany mog\u0105 nast\u0105pi\u0107 dopiero na skutek interakcji z protagonistk\u0105.<\/li><\/ol>\n\n\n\n<p>A zatem, skoro znamy ju\u017c prawa rz\u0105dz\u0105ce tym alternatywnym uniwersum, pora przej\u015b\u0107 do rzeczy.<\/p>\n\n\n\n<p>Pierwsz\u0105 diametraln\u0105 r\u00f3\u017cnic\u0105, kt\u00f3ra znacz\u0105co wp\u0142yn\u0119\u0142aby na sytuacje w Kadic, jest nastawienie Sissi wobec naszej postaci. C\u00f3rka dyrektora wielokrotnie pokazywa\u0142a, \u017ce uznaje si\u0119 za najpi\u0119kniejsz\u0105 dziewczyn\u0119 w szkole, dlatego nie mo\u017ce by\u0107 mowy o \u017cadnym spoufalaniu si\u0119 z Urszul\u0105; Elisabeth bardzo szybko uzna\u0142aby Stern\u00f3wn\u0119 za swoj\u0105 bezpo\u015bredni\u0105 rywalk\u0119, gdy\u017c wielu ch\u0142opc\u00f3w mniej lub bardziej skrycie wzdycha\u0142oby w\u0142a\u015bnie do Niemki. Sissi, jak to Sissi, nie waha\u0142aby si\u0119 uciec do wielu nieczystych zagra\u0144, byle tylko o\u015bmieszy\u0107 swoj\u0105 konkurentk\u0119.<\/p>\n\n\n\n<p>Czy panna Stern znalaz\u0142aby sobie zatem towarzystwo inne, ni\u017c c\u00f3rka dyrektora? Najprawdopodobniej nie. Przed prequelami Ulrich by\u0142 samotnikiem i nie widz\u0119 powodu, by w jej przypadku mia\u0142o by\u0107 inaczej; zaryzykowa\u0142bym nawet stwierdzenie, \u017ce dla dziewczyny by\u0142oby to jeszcze trudniejsze \u2013 Niemiec by\u0142 przecie\u017c najwa\u017cniejszym ogniwem pi\u0142karskiej dru\u017cyny Kadic, do kt\u00f3rej Urszula trafi\u0107 by nie mog\u0142a (pi\u0142ka no\u017cna jednak nie jest zbyt popularna w\u015br\u00f3d p\u0142ci pi\u0119knej, tak\u017ce zapewne nie znalaz\u0142oby si\u0119 do\u015b\u0107 ch\u0119tnych, by utworzy\u0107 \u017ce\u0144sk\u0105 reprezentacj\u0119). Poniewa\u017c bardzo chcia\u0142aby dowie\u015b\u0107 swojej warto\u015bci rodzicom, tak jak jej pierwowz\u00f3r, zapewne zapisa\u0142aby do innej sekcji sportowej (jak siatk\u00f3wka lub lekkoatletyka), ale w por\u00f3wnaniu do pi\u0142ki ani nie czerpa\u0142aby z tego a\u017c tak du\u017co przyjemno\u015bci, ani nie osi\u0105ga\u0142aby a\u017c tak dobrych wynik\u00f3w.<\/p>\n\n\n\n<p>W momencie przyjazdu Odda do Pary\u017ca mi\u0119dzy dziewcz\u0119tami panowa\u0142aby zatem otwarta wrogo\u015b\u0107 wobec siebie nawzajem. Oczywi\u015bcie w tym scenariuszu W\u0142och nie m\u00f3g\u0142by zosta\u0107 wsp\u00f3\u0142lokatorem Uli \u2013 dyrektor Delmas nie dopu\u015bci\u0142by do takiej sytuacji. Zamiast tego Della Robbia trafi\u0142by do pokoju Jeremiego, za\u015b Niemka nie musia\u0142aby dzieli\u0107 swojego z nikim. Formowanie grupy przebieg\u0142oby moim zdaniem bardzo podobnie do orygina\u0142u \u2013 jedyn\u0105 du\u017c\u0105 zmian\u0105 by\u0142by brak obecno\u015bci Sissi.<\/p>\n\n\n\n<p>Do znacznie ciekawszej zmiany dosz\u0142oby za to w nast\u0119pnych tygodniach po odkryciu Lyoko. Wszyscy wiemy, jaki jest Odd, dlatego mo\u017cemy by\u0107 pewni, \u017ce Urszula wpad\u0142aby mu w oko. Nie by\u0142aby to jednak dla niego \u0142atwa przeprawa, gdy\u017c z pocz\u0105tku Stern\u00f3wna pozostawa\u0142aby niewzruszona na jego zaloty. Dopiero z czasem, po kilku kawa\u0142ach sprawionych Elisabeth i wielu wsp\u00f3lnie sp\u0119dzonych godzinach, zacz\u0119\u0142aby patrze\u0107 na niego bardziej przychylnie. My\u015bl\u0119, \u017ce w ko\u0144cu postanowi\u0142aby da\u0107 mu szans\u0119, ale ich zwi\u0105zek nie potrwa\u0142by zbyt d\u0142ugo \u2013 Odd zawsze lubi\u0142 skaka\u0107 z kwiatka na kwiatek,<br>a oryginalny Ulrich (a co za tym idzie: r\u00f3wnie\u017c Ula) bywa\u0142 bardzo zazdrosny, dlatego po kilku dwuznacznych sytuacjach dziewczyna zdecydowa\u0142aby si\u0119 z nim zerwa\u0107. To zdarzenie negatywnie nastawi\u0142oby Wojownik\u00f3w wobec W\u0142ocha i nie mo\u017cna wykluczy\u0107, \u017ce ch\u0142opak by\u0142by nawet zmuszony do opuszczenia jej na jaki\u015b czas (a mo\u017ce i na sta\u0142e?).<\/p>\n\n\n\n<p>Co sta\u0142oby si\u0119 dalej? Jest to ju\u017c dosy\u0107 ci\u0119\u017ckie do przewidzenia. Istnieje szansa, \u017ce po przybyciu Theo do Kadic dosz\u0142oby do ostrej rywalizacji o jego wzgl\u0119dy pomi\u0119dzy Sissi i Urszul\u0105 \u2013 dziewczyny nienawidzi\u0142yby siebie wzajemnie ju\u017c tak bardzo, \u017ce panna Stern mog\u0142aby zaanga\u017cowa\u0107 si\u0119 w takie starcie nawet w sytuacji, w kt\u00f3rej wcale nie by\u0142aby nim zainteresowana; jej celem r\u00f3wnie dobrze mog\u0142oby by\u0107 wy\u0142\u0105cznie zrobienie na z\u0142o\u015b\u0107 swojemu wrogowi. Kto wyszed\u0142by z tej walki zwyci\u0119sko? Czy faktycznie Ula robi\u0142aby to jedynie po to, by utrudni\u0107 \u017cycie rywalce? I jak dalej potoczy\u0142yby si\u0119 losy dziewczyny? O tym mo\u017cemy ju\u017c tylko gdyba\u0107.<\/p>\n\n\n\n<p>Jak wygl\u0105da\u0142aby relacje Niemki z pozosta\u0142ymi protagonistami? Je\u017celi chodzi o Einsteina, to r\u00f3\u017cnica wzgl\u0119dem pierwowzoru by\u0142aby raczej niewielka. Okularnik rzadko kiedy czu\u0142 si\u0119 skr\u0119powany towarzystwem dziewczyn, dlatego r\u00f3wnie\u017c dogadanie si\u0119 z Urszul\u0105 nie by\u0142oby dla niego zbyt du\u017cym problemem. Sprawa wygl\u0105da inaczej w przypadku Aelity, gdy\u017c istnieje spora szansa, \u017ce po jej materializacji dziewcz\u0119ta dzieli\u0142yby ze sob\u0105 pok\u00f3j. Nie potrafi\u0119 sobie wyobrazi\u0107 zbyt wielu konflikt\u00f3w, kt\u00f3re mog\u0142oby to wywo\u0142a\u0107; wr\u0119cz przeciwnie, spowodowa\u0142oby to, \u017ce r\u00f3\u017cowow\u0142osa sta\u0142aby si\u0119 najbli\u017csz\u0105 przyjaci\u00f3\u0142k\u0105 Uli.<\/p>\n\n\n\n<p>Nieco trudniej jest odgadn\u0105\u0107, jak kszta\u0142towa\u0142aby si\u0119 znajomo\u015b\u0107 bohaterki z Yumi. Wi\u0119\u017a z Japonk\u0105 oczywi\u015bcie nie by\u0142aby a\u017c tak silna, jak w oryginale. Istnieje szansa, i\u017c z pocz\u0105tku dziewczyny niezbyt by za sob\u0105 przepada\u0142y, ale pewnie uda\u0142oby im si\u0119 odnale\u017a\u0107 wsp\u00f3lny j\u0119zyk (zw\u0142aszcza, \u017ce Yumi prawdopodobnie stan\u0119\u0142aby po stronie Stern\u00f3wny w jej konflikcie z Oddem). Wielk\u0105 niewiadom\u0105 pozostaje dla mnie relacja Urszuli z Williamem, kt\u00f3ra mog\u0142aby r\u00f3wnie\u017c odbi\u0107 swoje pi\u0119tno na linii Niemka \u2013 Japonka. W tej wersji wydarze\u0144 nie ma powodu, dla kt\u00f3rego mieliby ze sob\u0105 rywalizowa\u0107, ale czy to ju\u017c oznacza, \u017ce mieliby ze sob\u0105 dobry kontakt? A mo\u017ce by\u0142oby wr\u0119cz przeciwnie? Mo\u017ce obecno\u015b\u0107 pi\u0119knej Uli sprawi\u0142aby, \u017ce to w\u0142a\u015bnie ku niej wzdycha\u0142by m\u0142ody romantyk? No i, oczywi\u015bcie, jak potoczy\u0142yby si\u0119 dalej losy Yumi? Ta kwestia niew\u0105tpliwie pozostaje nierozstrzygni\u0119ta i ch\u0119tnie pos\u0142ucham, co macie do powiedzenia w tej sprawie.<\/p>\n\n\n\n<p>Nim jednak zako\u0144czymy rozwa\u017cania na ten temat, warto zada\u0107 sobie jeszcze jedno pytanie \u2013 czy w tej rzeczywisto\u015bci Xana zosta\u0142by pokonany? Moim zdaniem wcale nie by\u0142oby to takie pewne. Umiej\u0119tno\u015bci Urszuli w Lyoko by\u0142yby r\u00f3wne tym, kt\u00f3rymi dysponowa\u0142 Ulrich, ale istnieje kilka czynnik\u00f3w, kt\u00f3re mog\u0142yby pokrzy\u017cowa\u0107 szyki Wojownikom. Pierwszym z nich jest Sissi; c\u00f3rka dyrektora robi\u0142aby wszystko, byle tylko pozby\u0107 si\u0119 swojej najwi\u0119kszej rywalki. Rozstanie Uli i Odda r\u00f3wnie\u017c mog\u0142oby bardzo negatywnie wp\u0142yn\u0105\u0107 na grup\u0119, a cho\u0107by tymczasowa utrata W\u0142ocha mog\u0142aby wystarczy\u0107 do zwyci\u0119stwa Xany. Kolejne k\u0142opoty mog\u0142yby przynie\u015b\u0107 tr\u00f3jk\u0105ty mi\u0142osne, w kt\u00f3re (by\u0107 mo\u017ce) zaanga\u017cowana by\u0142aby Niemka; by\u0107 mo\u017ce doprowadzi\u0142yby one do katastrofy (odkrycie Lyoko przez Sissi albo g\u0142\u0119boki konflikt pomi\u0119dzy wszystkimi cz\u0142onkami paczki), a mo\u017ce by\u0142yby ledwo odczuwalne (drobna sprzeczka pomi\u0119dzy zaanga\u017cowanymi w perypetie Wojowniczkami) lub nawet pozytywne (szybsze przyj\u0119cie Williama do grupy czy w\u0142\u0105czenie Theo<br>w szeregi grupy). Waszej ocenie pozostawiam rozstrzygni\u0119cie, czy Wojownikom uda\u0142oby si\u0119 upora\u0107 ze wszystkimi tymi problemami.<\/p>\n\n\n\n<p>I to ju\u017c koniec moich rozwa\u017ca\u0144 zwi\u0105zanych z postaci\u0105 Urszuli Stern. Jak sami widzicie, cho\u0107 zmiana na pierwszy rzut oka jest stosunkowo niewielka (w ko\u0144cu dziewczyna nie r\u00f3\u017cni\u0142aby si\u0119 tak bardzo od swojego pierwowzoru), to diametralnie zmieni\u0142aby losy wszystkich znanych nam bohater\u00f3w. Mam nadziej\u0119, \u017ce artyku\u0142 przypad\u0142 Wam do gustu i z niecierpliwo\u015bci\u0105 czekam na Wasze przemy\u015blenia w tej sprawie. Zach\u0119cam r\u00f3wnie\u017c do zg\u0142aszania pomys\u0142\u00f3w na scenariusze, kt\u00f3re m\u00f3g\u0142bym om\u00f3wi\u0107.<\/p>\n\n\n\n<p class=\"has-text-align-right\"><em>Autor: Mayakovsky<\/em><\/p>\n","protected":false},"excerpt":{"rendered":"<p>W dzisiejszym scenariuszu spr\u00f3buj\u0119 p\u00f3j\u015b\u0107 w nieco innym kierunku, ni\u017c to zwykle bywa. Zazwyczaj staram si\u0119 przewidzie\u0107 co by si\u0119 wydarzy\u0142o, gdyby w kt\u00f3rym\u015b prze\u0142omowym momencie historia potoczy\u0142a si\u0119 nieco inaczej. Tym razem za\u015b spr\u00f3buj\u0119 zmieni\u0107 nie bieg wydarze\u0144, lecz jedn\u0105&nbsp;z postaci. Panie i Panowie, poznajcie Urszul\u0119 Stern \u2013 bohaterk\u0119, kt\u00f3ra w tej rzeczywisto\u015bci istnieje &hellip;<br \/><a href=\"https:\/\/kodlyoko.pl\/index.php\/artykuly\/tworczosc-niekonwencjonalna\/rownolegle-rzeczywistosci\/ulrich-jest-urszula\/\" class=\"more-link pen_button pen_element_default pen_icon_arrow_double\">Read more<\/a><\/p>\n","protected":false},"author":2,"featured_media":0,"parent":553,"menu_order":0,"comment_status":"open","ping_status":"closed","template":"","meta":{"footnotes":""},"categories":[38],"tags":[],"class_list":["post-563","page","type-page","status-publish","hentry","category-artykuly-rownolegle-rzeczywistosci"],"_links":{"self":[{"href":"https:\/\/kodlyoko.pl\/index.php\/wp-json\/wp\/v2\/pages\/563","targetHints":{"allow":["GET"]}}],"collection":[{"href":"https:\/\/kodlyoko.pl\/index.php\/wp-json\/wp\/v2\/pages"}],"about":[{"href":"https:\/\/kodlyoko.pl\/index.php\/wp-json\/wp\/v2\/types\/page"}],"author":[{"embeddable":true,"href":"https:\/\/kodlyoko.pl\/index.php\/wp-json\/wp\/v2\/users\/2"}],"replies":[{"embeddable":true,"href":"https:\/\/kodlyoko.pl\/index.php\/wp-json\/wp\/v2\/comments?post=563"}],"version-history":[{"count":1,"href":"https:\/\/kodlyoko.pl\/index.php\/wp-json\/wp\/v2\/pages\/563\/revisions"}],"predecessor-version":[{"id":567,"href":"https:\/\/kodlyoko.pl\/index.php\/wp-json\/wp\/v2\/pages\/563\/revisions\/567"}],"up":[{"embeddable":true,"href":"https:\/\/kodlyoko.pl\/index.php\/wp-json\/wp\/v2\/pages\/553"}],"wp:attachment":[{"href":"https:\/\/kodlyoko.pl\/index.php\/wp-json\/wp\/v2\/media?parent=563"}],"wp:term":[{"taxonomy":"category","embeddable":true,"href":"https:\/\/kodlyoko.pl\/index.php\/wp-json\/wp\/v2\/categories?post=563"},{"taxonomy":"post_tag","embeddable":true,"href":"https:\/\/kodlyoko.pl\/index.php\/wp-json\/wp\/v2\/tags?post=563"}],"curies":[{"name":"wp","href":"https:\/\/api.w.org\/{rel}","templated":true}]}}