{"id":557,"date":"2021-04-19T21:22:17","date_gmt":"2021-04-19T19:22:17","guid":{"rendered":"http:\/\/kodlyoko.pl\/?page_id=557"},"modified":"2021-05-03T20:51:10","modified_gmt":"2021-05-03T18:51:10","slug":"2-mayakovsky-trafia-do-swiata-kl","status":"publish","type":"page","link":"https:\/\/kodlyoko.pl\/index.php\/artykuly\/tworczosc-niekonwencjonalna\/rownolegle-rzeczywistosci\/2-mayakovsky-trafia-do-swiata-kl\/","title":{"rendered":"2. Mayakovsky trafia do \u015bwiata KL"},"content":{"rendered":"\n<p class=\"has-drop-cap\">Jaki\u015b czas temu na Buntownikach Lyoko, dzi\u0119ki jednej z u\u017cytkowniczek (pozdrowienia, sweter!), pojawi\u0142 si\u0119 bardzo intryguj\u0105cy temat: jak wygl\u0105da\u0142oby Wasze \u017cycie, gdyby\u015bcie zostali osadzeni w \u015bwiecie Kodu Lyoko? Cho\u0107 zd\u0105\u017cy\u0142em ju\u017c co nieco napisa\u0107 w tej sprawie na naszym Discordzie, szybko doszed\u0142em do wniosku, \u017ce zagadnienie warte jest nieco d\u0142u\u017cszego tekstu. A czy istnieje seria, kt\u00f3ra nadaje si\u0119 do tego lepiej, ni\u017c &#8220;R\u00f3wnolegle Rzeczywisto\u015bci&#8221;?<\/p>\n\n\n\n<p>Na wst\u0119pie chcia\u0142bym powiedzie\u0107, \u017ce ze wszystkich si\u0142 stara\u0142em si\u0119 podej\u015b\u0107 do tematu jak najbardziej uczciwie, to jest: unikn\u0105\u0107 zar\u00f3wno wybielania i idealizowania samego siebie, jak i przedstawienia mojej osoby jedynie w negatywnym \u015bwietle. Wbrew pozorom nie jest to takie proste i bardzo mo\u017cliwe, \u017ce nie b\u0119dziecie w stanie zgodzi\u0107 si\u0119 z moj\u0105 wizj\u0105. Nie wykluczam, \u017ce nie b\u0119dziecie mieli chocia\u017c cz\u0119\u015bciowej racji &#8211; w ko\u0144cu postrzeganie samego siebie cz\u0119sto znacz\u0105co odbiega od tego, jak postrzega nas otoczenie, dlatego jestem ciekawy, jak bardzo Wasza opinia b\u0119dzie si\u0119 r\u00f3\u017cni\u0107 od mojej.<\/p>\n\n\n\n<p>Moment, w kt\u00f3rym pojawi\u0142bym si\u0119 w Kadic, mia\u0142by niew\u0105tpliwie przeogromny wp\u0142yw na to, jak potoczy\u0142yby si\u0119 moje losy w tym uniwersum. P\u00f3jd\u017amy zatem po linii najmniejszego oporu i uznajmy, \u017ce moj\u0105 nauk\u0119 w tej szkole rozpocz\u0105\u0142bym ju\u017c od pierwszej klasy podstaw\u00f3wki. Ponadto musimy za\u0142o\u017cy\u0107, i\u017c znalaz\u0142bym si\u0119 w tym samym roczniku, co Jeremie i Ulrich &#8211; w przeciwnym wypadku nie widz\u0119 zbyt wielkiej szansy na to, by moja obecno\u015b\u0107 jakkolwiek wp\u0142yn\u0119\u0142a na grup\u0119 Wojownik\u00f3w &#8211; oraz \u017ce w miar\u0119 p\u0142ynnie potrafi\u0142bym pos\u0142ugiwa\u0107 si\u0119 j\u0119zykiem francuskim (w rzeczywisto\u015bci nie mia\u0142em z nim \u017cadnej styczno\u015bci; znam jedynie angielski oraz podstawy w\u0142oskiego), by by\u0107 w stanie prowadzi\u0107 w miar\u0119 normalne \u017cycie w Pary\u017cu. Chcia\u0142bym tak\u017ce zaznaczy\u0107, i\u017c trafiaj\u0105c do Kadic nie posiada\u0142bym \u017cadnej wiedzy o Lyoko, Superkomputerze i tak dalej &#8211; by\u0142bym po prostu jedn\u0105 z wielu os\u00f3b, kt\u00f3rzy przewijaj\u0105 si\u0119 przez mury tej szko\u0142y.<\/p>\n\n\n\n<p>Skoro regu\u0142y gry zosta\u0142y ju\u017c ustalone, a wszystkie pionki rozstawione, czas w ko\u0144cu rozpocz\u0105\u0107 rozgrywk\u0119. Przez pierwsze siedem lat mojej edukacji w Kadic wyr\u00f3\u017cni\u0142bym si\u0119 jedynie ponadprzeci\u0119tnymi ocenami (ah, ta skromno\u015b\u0107). Nie jestem w stanie okre\u015bli\u0107, czy by\u0142bym w stanie osi\u0105gn\u0105\u0107 wyniki na poziomie Jeremiego czy Herve`a, ale prawdopodobnie to w\u0142a\u015bnie oni byliby wyznacznikami, do kt\u00f3rych cz\u0119sto bym si\u0119 por\u00f3wnywa\u0142. Niewykluczone, \u017ce obecno\u015b\u0107 tej dw\u00f3jki zadzia\u0142a\u0142aby na mnie motywuj\u0105co i nauce po\u015bwi\u0119ci\u0142bym troch\u0119 wi\u0119cej czasu, ni\u017c mia\u0142o to miejsce w rzeczywisto\u015bci. Wydaje mi si\u0119, \u017ce to w\u0142a\u015bnie Einstein by\u0142by osob\u0105, z kt\u00f3r\u0105 naj\u0142atwiej by\u0142oby mi si\u0119 zaprzyja\u017ani\u0107; obaj interesujemy si\u0119 informatyk\u0105, jeste\u015bmy dosy\u0107 spokojni oraz troch\u0119 introwertyczni, dlatego chyba uda\u0142oby nam si\u0119 nawi\u0105za\u0107 bli\u017csze stosunki (cho\u0107 tutaj przyznam, \u017ce Pichon r\u00f3wnie\u017c jest wiarygodnym kandydatem i mo\u017cliwe, \u017ce do\u0142\u0105czy\u0142bym do Herve`a i Nicolasa. Nieco przygn\u0119biaj\u0105ca wizja, prawda?).<\/p>\n\n\n\n<p>Kiedy nadszed\u0142by ten pami\u0119tny dzie\u0144, w kt\u00f3rym Jeremie postanowi\u0142by poszuka\u0107 w Fabryce cz\u0119\u015bci do swoich robot\u00f3w, Wasz Mayakovsky najpewniej stanowczo by mu to odradzi\u0142 w obawie, \u017ce komu\u015b nie spodoba\u0142oby si\u0119 nasze wa\u0142\u0119sanie po jej terenie lub \u017ce by\u0142oby to po prostu zbyt niebezpiecznie (no wiecie, nikt tam nie zagl\u0105da\u0142 od d\u0142u\u017cszego czasu, wi\u0119c sk\u0105d pewno\u015b\u0107, \u017ce nic na was nie runie?). By\u0107 mo\u017ce w\u0142a\u015bnie w tym miejscu powinienem przerwa\u0107 swoje rozwa\u017cania i uzna\u0107, \u017ce faktycznie przekona\u0142bym okularnika do mojego punktu widzenia i Superkomputer pozosta\u0142by nieodkryty; znacznie zabawniej b\u0119dzie jednak za\u0142o\u017cy\u0107, i\u017c Belpois kompletnie zignorowa\u0142by moje uwagi i pr\u0119dzej czy p\u00f3\u017aniej trafi\u0142by do laboratorium, o kt\u00f3rym szybko dowiedzia\u0142bym si\u0119 r\u00f3wnie\u017c ja.<\/p>\n\n\n\n<p>Je\u017celi my\u015blicie, \u017ce by\u0142by to ju\u017c koniec problem\u00f3w i w ko\u0144cu wszystko wskoczy\u0142oby na odpowiednie tory, to (zapewne) grubo si\u0119 mylicie; w pewnym momencie bowiem pojawi\u0142by si\u0119 temat pierwszej wyprawy do Lyoko oraz w\u0142\u0105czenia kolejnych os\u00f3b do grupy. O ile Jeremiemu by\u0107 mo\u017ce uda\u0142oby si\u0119 nak\u0142oni\u0107 mnie do wirtualizacji w momencie, gdy Aelita znalaz\u0142aby si\u0119 w niebezpiecze\u0144stwie (a przynajmniej mam tak\u0105 nadziej\u0119), o tyle z rekrutacj\u0105 nowych Wojownik\u00f3w by\u0142by ju\u017c du\u017co wi\u0119kszy problem. Ba, zak\u0142adam nawet, \u017ce wtajemniczenie Yumi i Odda nigdy by nie nast\u0105pi\u0142o. Mo\u017ce to dla was brzmie\u0107 co najmniej dziwnie &#8211; w ko\u0144cu w oryginale oboje spisywali si\u0119 wy\u015bmienicie &#8211; ale to wcale nie by\u0142by jaki\u015b dziwny kaprys, lecz wynik bardzo d\u0142ugich rozwa\u017ca\u0144 na ten temat. Z ca\u0142\u0105 pewno\u015bci\u0105 dosy\u0107 szybko doszed\u0142bym do wniosku, i\u017c zwi\u0119kszenie liczebno\u015bci ekipy jest konieczne, ale jednocze\u015bnie nie chcia\u0142bym dopu\u015bci\u0107 do tego, by tajemnic\u0119 pozna\u0142y przypadkowe (z mojej perspektywy) osoby; zamiast tego pr\u00f3bowa\u0142bym wraz z Jeremiem dok\u0142adnie om\u00f3wi\u0107 wszystkie mo\u017cliwo\u015bci i dopiero wtedy podj\u0105\u0107 odpowiednie kroki. Sami pewnie przyznacie, \u017ce w tym wypadku kompletnie nieznajoma Japonka z innego rocznika i nowoprzyby\u0142y do szko\u0142y W\u0142och raczej nie zaj\u0119liby zbyt wysokiej pozycji na li\u015bcie kandydat\u00f3w na Wojownik\u00f3w. Ulrich m\u00f3g\u0142by mie\u0107 w tym przypadku wi\u0119cej szcz\u0119\u015bcia, gdy\u017c troch\u0119 czasu ju\u017c bym go zna\u0142 (mo\u017ce nawet dzieliliby\u015bmy pok\u00f3j? W ko\u0144cu nie wiemy, jak d\u0142ugo Niemiec nie mia\u0142 wsp\u00f3\u0142lokatora, prawda?). Oczywi\u015bcie nie da si\u0119 ustali\u0107, kogo rzeczywi\u015bcie by\u015bmy wtajemniczyli, gdy\u017c nie wiemy wystarczaj\u0105co du\u017co o pozosta\u0142ych uczniach w Kadic, dlatego dalsze rozwa\u017canie w tej kwestii nie ma chyba sensu.<\/p>\n\n\n\n<p>No dobrze, za\u0142\u00f3\u017cmy zatem, \u017ce w grupie Wojownik\u00f3w ostatecznie znalaz\u0142bym si\u0119 ja, Jeremie, Ulrich, Aelita oraz jeszcze jedna nieznana nam osoba, kt\u00f3ra stan\u0119\u0142aby na wysoko\u015bci zadania (wiem, nie spos\u00f3b tego przewidzie\u0107, ale w przeciwnym wypadku nie b\u0119dziemy mogli i\u015b\u0107 do przodu) i zastan\u00f3wmy si\u0119, jak w\u0142a\u015bciwie wygl\u0105da\u0142aby moja rola w tym zespole, gdy\u017c zapewne by\u0142aby ona niema\u0142a. Po pierwsze, jako mi\u0142o\u015bnik informatyki z pewno\u015bci\u0105 stara\u0142bym si\u0119 wspom\u00f3c Einsteina we wszelkich sprawach zwi\u0105zanych z programowaniem, dzi\u0119ki czemu prace nad materializacj\u0105 Aelity, pojazdami i tak dalej zako\u0144czy\u0142yby si\u0119 troch\u0119 szybciej. Po drugie, pr\u0119dzej czy p\u00f3\u017aniej zacz\u0105\u0142bym bra\u0107 udzia\u0142 w wyprawach do Lyoko. Bardzo mo\u017cliwe, \u017ce odm\u00f3wi\u0142bym zostania kr\u00f3likiem do\u015bwiadczalnym i poddania si\u0119 wirtualizacji jako pierwszy (chyba, \u017ce nie by\u0142oby innego wyj\u015bcia, jak ju\u017c zreszt\u0105 wspomnia\u0142em wy\u017cej), ale po zobaczeniu, \u017ce jest to bezpieczne (no, w miar\u0119), wizja przy\u0142\u0105czenia si\u0119 do zmaga\u0144 w wirtualnym \u015bwiecie by\u0142aby dla mnie niezwykle kusz\u0105ca. Je\u017celi mia\u0142bym zgadywa\u0107, jak wygl\u0105da\u0142bym w Lyoko, to obstawia\u0142bym co\u015b zwi\u0105zanego z moim \u00f3wczesnym hobby, czyli powie\u015bciami fantasy: d\u0142uga szata, miecz (lub dwa) i jaka\u015b forma magii jako umiej\u0119tno\u015b\u0107 specjalna to najbardziej prawdopodobna opcja.<\/p>\n\n\n\n<p>Nie b\u0119d\u0119 pr\u00f3bowa\u0142 odgadn\u0105\u0107 jak historia potoczy\u0142aby si\u0119 dalej, gdy\u017c jest to po prostu niemo\u017cliwe &#8211; chocia\u017cby ze wzgl\u0119du na obecno\u015b\u0107 w grupie kompletnie nieznanej nam osoby: postaram si\u0119 jednak og\u00f3lnie wspomnie\u0107 o tych dalszych wydarzeniach, kt\u00f3re moim zdaniem mia\u0142yby miejsce (o ile Xana nie zrobi\u0142by ze mnie krwawej miazgi podczas jednego ze swoich atak\u00f3w, co wydaje mi si\u0119 niepokoj\u0105co prawdopodobnym scenariuszem):<\/p>\n\n\n\n<p>&#8211; Rutyna nie by\u0142aby problem jedynie dla Ulricha: w pewnym momencie dopad\u0142aby r\u00f3wnie\u017c mnie. No chyba, \u017ce paranoja by\u0142aby pierwsza i ba\u0142bym si\u0119 oddali\u0107 od Superkomputera, bo a nu\u017c Xana zaatakuje. Nieciekawa perspektywa, co?<\/p>\n\n\n\n<p>&#8211; Spadaj\u0105ca na \u0142eb na szyj\u0119 \u015brednia mog\u0142aby spowodowa\u0107, \u017ce tymczasowo zrezygnowa\u0142bym z bycia Wojownikiem. W tym momencie mog\u0142oby r\u00f3wnie\u017c doj\u015b\u0107 do spi\u0119cia z Jeremiem, kt\u00f3ry pomimo Lyoko wci\u0105\u017c mia\u0142by wy\u015bmienite oceny.<\/p>\n\n\n\n<p>&#8211; W mojej g\u0142owie pojawi\u0142by pewnie si\u0119 pomys\u0142 wykorzystania Superkomputera do innych spraw, ni\u017c walki z Xan\u0105. By\u0107 mo\u017ce, tak jak Niemiec, zdecydowa\u0142bym si\u0119 nawet na potajemne jego u\u017cycie, je\u017celi uzna\u0142bym, \u017ce cel jest tego warty.<\/p>\n\n\n\n<p>&#8211; Konsekwencj\u0105 trzech powy\u017cszych sytuacji by\u0142oby wyra\u017ane os\u0142abienie przyja\u017ani z Jeremiem i zacie\u015bnienie wi\u0119zi z Ulrichem. Nie wykluczam, \u017ce sta\u0142oby si\u0119 to dla nas dosy\u0107 problematyczne, gdy\u017c w ten spos\u00f3b mog\u0142yby wykreowa\u0107 si\u0119 swoiste stronnictwa wewn\u0105trz grupy Wojownik\u00f3w.<\/p>\n\n\n\n<p>&#8211; Konflikt z Sissi, je\u017celi w og\u00f3le by do niego dosz\u0142o, zako\u0144czy\u0142by si\u0119 znacznie szybciej. My\u015bl\u0119, \u017ce szybko zorientowa\u0142bym si\u0119 jak bardzo jest on dla nas niebezpieczny i zrobi\u0142 wszystko, by czym pr\u0119dzej go za\u017cegna\u0107.<\/p>\n\n\n\n<p>&#8211; Po materializacji Aelity dogadywaliby\u015bmy si\u0119 ca\u0142kiem dobrze i by\u0107 mo\u017ce uda\u0142oby si\u0119 unikn\u0105\u0107 problemu wyobcowania dziewczyny znanego z &#8220;Nowego Terytorium&#8221;.<\/p>\n\n\n\n<p>&#8211; W pewnym momencie kto\u015b nowy do\u0142\u0105czy\u0142by do grupy &#8211; by\u0107 mo\u017ce nawet wi\u0119cej ni\u017c jedna osoba &#8211; cho\u0107 najprawdopodobniej nie by\u0142by to William (z tego samego powodu, co Yumi i Odd): du\u017ce szanse dawa\u0142bym za to Jimowi, o ile historia z &#8220;Kod: Ziemia&#8221; oraz &#8220;Falstart&#8221; mia\u0142aby miejsce r\u00f3wnie\u017c w tej rzeczywisto\u015bci.<\/p>\n\n\n\n<p>&#8211; Ci\u0119\u017cko powiedzie\u0107, czy dosz\u0142oby do d\u0142ugotrwa\u0142ej xanyfikacji kogokolwiek, gdy\u017c do wszystkich nowych cz\u0142onk\u00f3w podchodzi\u0142bym ze spor\u0105 podejrzliwo\u015bci\u0105 i nieustannie patrzy\u0142bym im si\u0119 na r\u0119ce (co, swoj\u0105 drog\u0105, mog\u0142oby doprowadzi\u0107 do kolejnego sporu).<\/p>\n\n\n\n<p>&#8211; Je\u017celi walka z Xan\u0105 trwa\u0142aby r\u00f3wnie d\u0142ugo (lub d\u0142u\u017cej), co w oryginale, najpewniej podni\u00f3s\u0142bym kwesti\u0119 nadchodz\u0105cego zako\u0144czenia szko\u0142y; pytania typu &#8220;co zrobimy, je\u015bli zd\u0105\u017cymy uko\u0144czy\u0107 Kadic przed pokonaniem AI?&#8221; oraz &#8220;zdajecie sobie spraw\u0119, \u017ce przez Lyoko mo\u017cemy mie\u0107 problem z dalsz\u0105 edukacj\u0105?&#8221; przewija\u0142yby si\u0119 bardzo cz\u0119sto. Sam nie wiem, w jaki spos\u00f3b ta kwestia zosta\u0142yby rozwi\u0105zana: mo\u017ce pojawi\u0142by si\u0119 pomys\u0142 zrekrutowania nowego pokolenia Wojownik\u00f3w?<\/p>\n\n\n\n<p>&#8211; Po pokonaniu wirusa temat u\u017cycia Superkomputera do innych cel\u00f3w wr\u00f3ci\u0142by jak bumerang. Pozostawienie go wy\u0142\u0105czonego uzna\u0142bym za wielkie marnotrawstwo i nalega\u0142bym, by poszuka\u0107 dla niego nowego zastosowania. Zapewne by\u0142oby to zarzewie sporego konfliktu, kt\u00f3ry m\u00f3g\u0142by doprowadzi\u0107 nawet do ca\u0142kowitego rozbicia grupy.<\/p>\n\n\n\n<p>I to ju\u017c by by\u0142o na tyle. Je\u017celi po przeczytaniu tego tekstu czujecie niedosyt i chcieliby\u015bcie przeczyta\u0107 na ten temat co\u015b jeszcze d\u0142u\u017cszego lub macie ochot\u0119 pozna\u0107 inn\u0105 perspektyw\u0119 na t\u0105 spraw\u0119, polecam si\u0119gn\u0105\u0107 po opowiadanie &#8220;Intermission&#8221; autorstwa The Blade of Osh-Tekk, kt\u00f3rego podstaw\u0105 s\u0105 w\u0142a\u015bnie tego typu rozkminy, dlatego powinno Wam si\u0119 spodoba\u0107. A je\u015bli chcieliby\u015bcie poteoretyzowa\u0107 o w\u0142asnym losie w \u015bwiecie Kodu Lyoko, nie b\u00f3jcie si\u0119 poruszy\u0107 tego tematu na Buntownikach lub w komentarzu pod tym tekstem &#8211; z ch\u0119ci\u0105 porozmawia\u0142bym wi\u0119cej na ten temat.<\/p>\n\n\n\n<p class=\"has-text-align-right\"><em>Autor: Mayakovsky<\/em><\/p>\n","protected":false},"excerpt":{"rendered":"<p>Jaki\u015b czas temu na Buntownikach Lyoko, dzi\u0119ki jednej z u\u017cytkowniczek (pozdrowienia, sweter!), pojawi\u0142 si\u0119 bardzo intryguj\u0105cy temat: jak wygl\u0105da\u0142oby Wasze \u017cycie, gdyby\u015bcie zostali osadzeni w \u015bwiecie Kodu Lyoko? Cho\u0107 zd\u0105\u017cy\u0142em ju\u017c co nieco napisa\u0107 w tej sprawie na naszym Discordzie, szybko doszed\u0142em do wniosku, \u017ce zagadnienie warte jest nieco d\u0142u\u017cszego tekstu. A czy istnieje seria, &hellip;<br \/><a href=\"https:\/\/kodlyoko.pl\/index.php\/artykuly\/tworczosc-niekonwencjonalna\/rownolegle-rzeczywistosci\/2-mayakovsky-trafia-do-swiata-kl\/\" class=\"more-link pen_button pen_element_default pen_icon_arrow_double\">Read more<\/a><\/p>\n","protected":false},"author":2,"featured_media":0,"parent":553,"menu_order":0,"comment_status":"open","ping_status":"closed","template":"","meta":{"footnotes":""},"categories":[38],"tags":[],"class_list":["post-557","page","type-page","status-publish","hentry","category-artykuly-rownolegle-rzeczywistosci"],"_links":{"self":[{"href":"https:\/\/kodlyoko.pl\/index.php\/wp-json\/wp\/v2\/pages\/557","targetHints":{"allow":["GET"]}}],"collection":[{"href":"https:\/\/kodlyoko.pl\/index.php\/wp-json\/wp\/v2\/pages"}],"about":[{"href":"https:\/\/kodlyoko.pl\/index.php\/wp-json\/wp\/v2\/types\/page"}],"author":[{"embeddable":true,"href":"https:\/\/kodlyoko.pl\/index.php\/wp-json\/wp\/v2\/users\/2"}],"replies":[{"embeddable":true,"href":"https:\/\/kodlyoko.pl\/index.php\/wp-json\/wp\/v2\/comments?post=557"}],"version-history":[{"count":1,"href":"https:\/\/kodlyoko.pl\/index.php\/wp-json\/wp\/v2\/pages\/557\/revisions"}],"predecessor-version":[{"id":558,"href":"https:\/\/kodlyoko.pl\/index.php\/wp-json\/wp\/v2\/pages\/557\/revisions\/558"}],"up":[{"embeddable":true,"href":"https:\/\/kodlyoko.pl\/index.php\/wp-json\/wp\/v2\/pages\/553"}],"wp:attachment":[{"href":"https:\/\/kodlyoko.pl\/index.php\/wp-json\/wp\/v2\/media?parent=557"}],"wp:term":[{"taxonomy":"category","embeddable":true,"href":"https:\/\/kodlyoko.pl\/index.php\/wp-json\/wp\/v2\/categories?post=557"},{"taxonomy":"post_tag","embeddable":true,"href":"https:\/\/kodlyoko.pl\/index.php\/wp-json\/wp\/v2\/tags?post=557"}],"curies":[{"name":"wp","href":"https:\/\/api.w.org\/{rel}","templated":true}]}}