{"id":553,"date":"2021-04-19T21:17:49","date_gmt":"2021-04-19T21:17:49","guid":{"rendered":"http:\/\/kodlyoko.pl\/?page_id=553"},"modified":"2022-09-18T20:48:10","modified_gmt":"2022-09-18T19:48:10","slug":"rownolegle-rzeczywistosci","status":"publish","type":"page","link":"https:\/\/kodlyoko.pl\/index.php\/artykuly\/tworczosc-niekonwencjonalna\/rownolegle-rzeczywistosci\/","title":{"rendered":"R\u00f3wnoleg\u0142e rzeczywisto\u015bci"},"content":{"rendered":"\n\n<!-- Page-list plugin v.5.6 wordpress.org\/plugins\/page-list\/ -->\n<ul class=\"page-list subpages-page-list page-list-cols-2\">\n<li class=\"page_item page-item-555\"><a href=\"https:\/\/kodlyoko.pl\/index.php\/artykuly\/tworczosc-niekonwencjonalna\/rownolegle-rzeczywistosci\/1-jeremie-nigdy-nie-odkrywa-superkomputera\/\">1. Jeremie nigdy nie odkrywa Superkomputera<\/a><\/li>\n<li class=\"page_item page-item-557\"><a href=\"https:\/\/kodlyoko.pl\/index.php\/artykuly\/tworczosc-niekonwencjonalna\/rownolegle-rzeczywistosci\/2-mayakovsky-trafia-do-swiata-kl\/\">2. Mayakovsky trafia do \u015bwiata KL<\/a><\/li>\n<li class=\"page_item page-item-559\"><a href=\"https:\/\/kodlyoko.pl\/index.php\/artykuly\/tworczosc-niekonwencjonalna\/rownolegle-rzeczywistosci\/hopper-tworzy-tylko-jeden-podstawowy-sektor\/\">Hopper tworzy tylko jeden podstawowy sektor<\/a><\/li>\n<li class=\"page_item page-item-561\"><a href=\"https:\/\/kodlyoko.pl\/index.php\/artykuly\/tworczosc-niekonwencjonalna\/rownolegle-rzeczywistosci\/materializacja-aelity-jest-niemozliwa\/\">Materializacja Aelity jest niemo\u017cliwa<\/a><\/li>\n<li class=\"page_item page-item-563\"><a href=\"https:\/\/kodlyoko.pl\/index.php\/artykuly\/tworczosc-niekonwencjonalna\/rownolegle-rzeczywistosci\/ulrich-jest-urszula\/\">Ulrich jest&#8230; Urszul\u0105<\/a><\/li>\n\n<\/ul>\n","protected":false},"excerpt":{"rendered":"","protected":false},"author":2,"featured_media":0,"parent":3393,"menu_order":0,"comment_status":"closed","ping_status":"closed","template":"","meta":{"footnotes":""},"categories":[38],"tags":[],"class_list":["post-553","page","type-page","status-publish","hentry","category-artykuly-rownolegle-rzeczywistosci"],"_links":{"self":[{"href":"https:\/\/kodlyoko.pl\/index.php\/wp-json\/wp\/v2\/pages\/553","targetHints":{"allow":["GET"]}}],"collection":[{"href":"https:\/\/kodlyoko.pl\/index.php\/wp-json\/wp\/v2\/pages"}],"about":[{"href":"https:\/\/kodlyoko.pl\/index.php\/wp-json\/wp\/v2\/types\/page"}],"author":[{"embeddable":true,"href":"https:\/\/kodlyoko.pl\/index.php\/wp-json\/wp\/v2\/users\/2"}],"replies":[{"embeddable":true,"href":"https:\/\/kodlyoko.pl\/index.php\/wp-json\/wp\/v2\/comments?post=553"}],"version-history":[{"count":1,"href":"https:\/\/kodlyoko.pl\/index.php\/wp-json\/wp\/v2\/pages\/553\/revisions"}],"predecessor-version":[{"id":554,"href":"https:\/\/kodlyoko.pl\/index.php\/wp-json\/wp\/v2\/pages\/553\/revisions\/554"}],"up":[{"embeddable":true,"href":"https:\/\/kodlyoko.pl\/index.php\/wp-json\/wp\/v2\/pages\/3393"}],"wp:attachment":[{"href":"https:\/\/kodlyoko.pl\/index.php\/wp-json\/wp\/v2\/media?parent=553"}],"wp:term":[{"taxonomy":"category","embeddable":true,"href":"https:\/\/kodlyoko.pl\/index.php\/wp-json\/wp\/v2\/categories?post=553"},{"taxonomy":"post_tag","embeddable":true,"href":"https:\/\/kodlyoko.pl\/index.php\/wp-json\/wp\/v2\/tags?post=553"}],"curies":[{"name":"wp","href":"https:\/\/api.w.org\/{rel}","templated":true}]}}