{"id":550,"date":"2021-04-19T21:12:41","date_gmt":"2021-04-19T19:12:41","guid":{"rendered":"http:\/\/kodlyoko.pl\/?page_id=550"},"modified":"2021-04-25T01:22:54","modified_gmt":"2021-04-24T23:22:54","slug":"krople-z-nieskazitelnego-nieba","status":"publish","type":"page","link":"https:\/\/kodlyoko.pl\/index.php\/artykuly\/opowiadania\/serie\/cyfrowe-urywki\/krople-z-nieskazitelnego-nieba\/","title":{"rendered":"Krople z nieskazitelnego nieba"},"content":{"rendered":"\n<p class=\"has-drop-cap\">Jedno zdj\u0119cie.<\/p>\n\n\n\n<p>Jedyna pami\u0105tka.<\/p>\n\n\n\n<p>Jedno wspomnienie.<\/p>\n\n\n\n<p>Dziewczynka o charakterystycznych, r\u00f3\u017cowych w\u0142osach \u015bci\u0119tych na pazia ogl\u0105da zdj\u0119cie. Jest na nim ona w wieku przedszkolnym oraz jej rodzice. Matka \u2013 wysoka, szczup\u0142a, maj\u0105ca przepi\u0119kne, d\u0142ugie, r\u00f3\u017cowe w\u0142osy. Ojciec \u2013 wysoki, przy ko\u015bci, maj\u0105cy br\u0105zowe kr\u00f3tkie w\u0142osy, czarne okulary oraz charakterystyczny, bia\u0142y fartuch. Nigdy si\u0119 z nim nie rozstawa\u0142.<\/p>\n\n\n\n<p>Rodzina na zdj\u0119ciu stoi u\u015bmiechni\u0119ta przy choince. Dziewczynka przytula Przytulank\u0119. Jest to elf z zielonej czapce i fioletowych ciuszkach. Jej ukochana zabawka z dzieci\u0144stwa. Pan Puck.<\/p>\n\n\n\n<p>Sama nie wie, dlaczego go tak nazwa\u0142a. Mo\u017ce to by\u0142a jaka\u015b fascynuj\u0105ca nazwa z mit\u00f3w nordyckich, kt\u00f3re czyta\u0142 jej ojciec do snu? Pami\u0119ta tylko jedn\u0105 nazw\u0119 \u2013 Skidbladnir.<\/p>\n\n\n\n<p>Tak zosta\u0142 nazwany zaprogramowany przez jej przyjaciela Jeremiego okr\u0119t podwodny. Dzi\u0119ki tej machinie mog\u0142a dowiedzie\u0107 si\u0119 wi\u0119cej o swoim ojcu. Chocia\u017cby to, \u017ce nadal \u017cyje.<\/p>\n\n\n\n<p>\u017by\u0142.<\/p>\n\n\n\n<p>&#8211; Tato, nie! \u2013 krzyczy dziewczyna do \u015bwiec\u0105cej bia\u0142o kuli na ko\u0144cu komory rdzenia. W\u015bciek\u0142e manty ci\u0105gle go atakuj\u0105. Nie mo\u017ce na to pozwoli\u0107.<\/p>\n\n\n\n<p>&#8211; Pole energii \u2013 m\u00f3wi, po czym rzuca r\u00f3\u017cow\u0105 kul\u0119 w kierunku wroga. Pud\u0142uje.<\/p>\n\n\n\n<p>Nagle kula wybucha. Zamieni\u0142a si\u0119 w cyfrowy proch. Po prostu znikn\u0119\u0142a. Wiedzia\u0142a, co to oznacza.<\/p>\n\n\n\n<p>Jedna \u0142za z twarzy dziewczynki opada na zdj\u0119cie. Szybko j\u0105 \u015bciera prawym kciukiem. Po sekundzie spada nast\u0119pna. Powtarza czynno\u015b\u0107. Nagle s\u0142yszy znany jej g\u0142os.<\/p>\n\n\n\n<p>&#8211; Nie p\u0142acz.<\/p>\n\n\n\n<p>Odwraca si\u0119, jednak nikogo nie widzi. Przywidzia\u0142o jej si\u0119, na pewno.<\/p>\n\n\n\n<p>&#8211; Ta anielska bu\u017aka nie mo\u017ce wi\u0119cej pokry\u0107 si\u0119 \u0142zami.<\/p>\n\n\n\n<p>Kto to m\u00f3wi? Kto do niej ci\u0105gle co\u015b wymawia?<\/p>\n\n\n\n<p>&#8211; Obiecasz mi to?<\/p>\n\n\n\n<p>&#8211; Tak. Tylko si\u0119 poka\u017c \u2013 odpowiada ryzykownie, jednak na darmo.<\/p>\n\n\n\n<p>Musia\u0142a sobie ten g\u0142os wymy\u015bli\u0107. Przecie\u017c jej ojciec zgin\u0105\u0142 p\u00f3\u0142 roku temu.<\/p>\n\n\n\n<p>Ociera trzeci\u0105 kropl\u0119 w twarzy. Odk\u0142ada zdj\u0119cie na star\u0105, zniszczon\u0105 p\u00f3\u0142k\u0119. Lekko si\u0119 kiwa, jednak koniec ko\u0144c\u00f3w stoi na swoim miejscu. Spogl\u0105da na swoich rodzic\u00f3w jeszcze raz, po czym dotyka zdj\u0119cia opuszkami palc\u00f3w i szepcze:<\/p>\n\n\n\n<p>&#8211; Przyjd\u0119 do was nied\u0142ugo. Kiedy\u015b si\u0119 zobaczymy.<\/p>\n\n\n\n<p>Patrzy na fotografi\u0119 jeszcze raz i z opuszczon\u0105 g\u0142ow\u0105 wychodzi z opuszczonego domu.<\/p>\n\n\n\n<p>Domu, kt\u00f3ry kiedy\u015b kocha\u0142a nad \u017cycie.<\/p>\n\n\n\n<p>Domu, gdzie dosta\u0142a swojego ulubionego pluszaka.<\/p>\n\n\n\n<p>Domu, gdzie po raz ostatni widzia\u0142a swoich rodzic\u00f3w razem.<\/p>\n\n\n\n<p>Domu, kt\u00f3ry kiedy\u015b na pewno odnowi.<\/p>\n","protected":false},"excerpt":{"rendered":"<p>Jedno zdj\u0119cie. Jedyna pami\u0105tka. Jedno wspomnienie. Dziewczynka o charakterystycznych, r\u00f3\u017cowych w\u0142osach \u015bci\u0119tych na pazia ogl\u0105da zdj\u0119cie. Jest na nim ona w wieku przedszkolnym oraz jej rodzice. Matka \u2013 wysoka, szczup\u0142a, maj\u0105ca przepi\u0119kne, d\u0142ugie, r\u00f3\u017cowe w\u0142osy. Ojciec \u2013 wysoki, przy ko\u015bci, maj\u0105cy br\u0105zowe kr\u00f3tkie w\u0142osy, czarne okulary oraz charakterystyczny, bia\u0142y fartuch. Nigdy si\u0119 z nim nie &hellip;<br \/><a href=\"https:\/\/kodlyoko.pl\/index.php\/artykuly\/opowiadania\/serie\/cyfrowe-urywki\/krople-z-nieskazitelnego-nieba\/\" class=\"more-link pen_button pen_element_default pen_icon_arrow_double\">Read more<\/a><\/p>\n","protected":false},"author":4,"featured_media":0,"parent":544,"menu_order":0,"comment_status":"open","ping_status":"closed","template":"","meta":{"footnotes":""},"categories":[37],"tags":[],"class_list":["post-550","page","type-page","status-publish","hentry","category-artykuly-cyfrowe-urywki"],"_links":{"self":[{"href":"https:\/\/kodlyoko.pl\/index.php\/wp-json\/wp\/v2\/pages\/550","targetHints":{"allow":["GET"]}}],"collection":[{"href":"https:\/\/kodlyoko.pl\/index.php\/wp-json\/wp\/v2\/pages"}],"about":[{"href":"https:\/\/kodlyoko.pl\/index.php\/wp-json\/wp\/v2\/types\/page"}],"author":[{"embeddable":true,"href":"https:\/\/kodlyoko.pl\/index.php\/wp-json\/wp\/v2\/users\/4"}],"replies":[{"embeddable":true,"href":"https:\/\/kodlyoko.pl\/index.php\/wp-json\/wp\/v2\/comments?post=550"}],"version-history":[{"count":1,"href":"https:\/\/kodlyoko.pl\/index.php\/wp-json\/wp\/v2\/pages\/550\/revisions"}],"predecessor-version":[{"id":551,"href":"https:\/\/kodlyoko.pl\/index.php\/wp-json\/wp\/v2\/pages\/550\/revisions\/551"}],"up":[{"embeddable":true,"href":"https:\/\/kodlyoko.pl\/index.php\/wp-json\/wp\/v2\/pages\/544"}],"wp:attachment":[{"href":"https:\/\/kodlyoko.pl\/index.php\/wp-json\/wp\/v2\/media?parent=550"}],"wp:term":[{"taxonomy":"category","embeddable":true,"href":"https:\/\/kodlyoko.pl\/index.php\/wp-json\/wp\/v2\/categories?post=550"},{"taxonomy":"post_tag","embeddable":true,"href":"https:\/\/kodlyoko.pl\/index.php\/wp-json\/wp\/v2\/tags?post=550"}],"curies":[{"name":"wp","href":"https:\/\/api.w.org\/{rel}","templated":true}]}}