{"id":548,"date":"2021-04-19T21:09:23","date_gmt":"2021-04-19T19:09:23","guid":{"rendered":"http:\/\/kodlyoko.pl\/?page_id=548"},"modified":"2021-04-25T01:22:57","modified_gmt":"2021-04-24T23:22:57","slug":"tango-z-wlasnym-lekiem","status":"publish","type":"page","link":"https:\/\/kodlyoko.pl\/index.php\/artykuly\/opowiadania\/serie\/cyfrowe-urywki\/tango-z-wlasnym-lekiem\/","title":{"rendered":"Tango z w\u0142asnym l\u0119kiem"},"content":{"rendered":"\n<p class=\"has-drop-cap\">&#8211; \u015awietnie, Yumi! \u2013 m\u00f3wi zadowolony Jeremie. Akcja zdobycia informacji do materializacji Franza Hoppera przebiega bez \u017cadnych niespodzianek. Jego przyjaciele jak zawsze w formie. Ka\u017cda kolejna fala potwor\u00f3w Xany jest przez nich niszczona, jakby to by\u0142y zwyk\u0142e mr\u00f3wki st\u0105paj\u0105ce niewinnie po trawniku. Tak ich szkoli\u0142. Na prawdziwych Wojownik\u00f3w Lyoko. Czuje ogromn\u0105 satysfakcj\u0119.<\/p>\n\n\n\n<p>&#8211; Wykluwaj\u0105 kolejne manty. Wiecie, co macie robi\u0107.<\/p>\n\n\n\n<p>&#8211; Tak jest, Einstein! \u2013 krzyczy z podekscytowaniem Odd Della Robbia. Uwielbia m\u00f3wi\u0107 na swojego koleg\u0119 w\u0142a\u015bnie tak. Jest to niema\u0142y komplement. Kto jest por\u00f3wnywany do jednego z najwi\u0119kszych geniuszy matematycznych i fizycznych na \u015bwiecie? W\u0142a\u015bnie on.<\/p>\n\n\n\n<p>&#8211; Zaprogramujesz pojazdy? \u2013 pyta Ulrich. U\u015bmiecha si\u0119 na to pytanie. Pojazdy. Dobrze, \u017ce je wtedy zaprogramowa\u0142 po materializacji Mai\u2026 znaczy, Aelity.<\/p>\n\n\n\n<p>&#8211; Robi si\u0119 \u2013 odpowiada z powag\u0105, po czym klika na klawiaturze w klawisze, kt\u00f3re przekszta\u0142caj\u0105 si\u0119 w komendy. Enter i wszystko gotowe.<\/p>\n\n\n\n<p>&#8211; Dzi\u0119ki wielkie. Geronimo! \u2013 wo\u0142a zadowolony Odd. Pewnie ju\u017c wskoczy\u0142 na swoj\u0105 ulubion\u0105 desk\u0119 w kolorze jest stroju w Lyoko.<\/p>\n\n\n\n<p>Nagle w fabryce zapada ciemno\u015b\u0107. Ch\u0142opiec w okularach nie wie, co si\u0119 sta\u0142o. Czuje narastaj\u0105cy niepok\u00f3j w sobie.<\/p>\n\n\n\n<p>&#8211; S\u0142yszycie mnie? Odpowiedzcie!<\/p>\n\n\n\n<p>Cisza. Zostali sami w Lyoko. Jest zdenerwowany coraz bardziej. Stuka w klawiatur\u0119, chc\u0105c uzyska\u0107 \u0142\u0105cze. Przera\u017ca go, kiedy nic si\u0119 nie dzieje. Jakby ca\u0142a elektryczno\u015b\u0107 po raz pierwszy nie chcia\u0142a z nim wsp\u00f3\u0142pracowa\u0107. Mo\u017ce naprawd\u0119 walczy z ni\u0105? On nie boi si\u0119 takich rzeczy.<\/p>\n\n\n\n<p>&#8211; Dzia\u0142aj\u2026<\/p>\n\n\n\n<p>Ostatnia komenda. Enter. Ekran \u0142aduje si\u0119 do maksimum. Pojawiaj\u0105 si\u0119 karty z punktami \u017cycia, mapa Centrum Lyoko, nachodz\u0105cy wrogowie oraz kolejne informacje do walki.<\/p>\n\n\n\n<p>&#8211; Uda\u0142o ci si\u0119. Twoja ksywka do ciebie bardzo pasuje.<\/p>\n\n\n\n<p>Ten g\u0142os mrozi jemu krew w \u017cy\u0142ach. Nerwowo prze\u0142yka \u015blin\u0119, a echo rozchodzi si\u0119 po pomieszczeniu, jakby traci\u0142o ono coraz to kolejne pod\u0142\u0105czenia. Zamyka na chwil\u0119 oczy.<\/p>\n\n\n\n<p><em>Uspok\u00f3j si\u0119. To tylko on. Poradzisz sobie. Musisz. Nie mo\u017cesz nikogo zawie\u015b\u0107. Przyjaci\u00f3\u0142, rodzic\u00f3w, samego siebie. Jeste\u015b geniuszem. Dasz rad\u0119\u2026 dasz.<\/em><\/p>\n\n\n\n<p>&#8211; Jeste\u015b te\u017c bardzo dobrym p\u0142ywakiem. Nie spodziewa\u0142em si\u0119 tego po tobie, szkieleciku.<\/p>\n\n\n\n<p>Kolejna szpila w plecy. Szkielecik. Dopadaj\u0105 do wspomnienia z ostatniego spotkania.<\/p>\n\n\n\n<p>Nag\u0142y atak zza siebie. Podci\u0119cie n\u00f3g \u2013 najpierw upada lewa, p\u00f3\u017aniej prawa. Upadek okular\u00f3w w twarzy tu\u017c obok. Pr\u00f3ba obrony, daremna. Poci\u0105gni\u0119cie za i tak ju\u017c pomi\u0119ty b\u0142\u0119kitny sweter. Brak ostro\u015bci widoku. Upadek. Kolejna pr\u00f3ba \u2013 przetrwana. Skutek? Ten sam. Zwi\u0119kszaj\u0105ce si\u0119 braki tlenu. Zaparcie w chudych ramionach. Wyp\u0142yni\u0119cie na brzeg. T\u0119sknota za francuskim powietrzem.<\/p>\n\n\n\n<p>&#8211; Chcia\u0142em ciebie zniszczy\u0107, jednak nie uda\u0142o si\u0119. Ty to zr\u00f3b.<\/p>\n\n\n\n<p>Posta\u0107 podchodzi krok bli\u017cej. Nast\u0119pnie nast\u0119pny, kolejny i kolejny. Dwie krople potu sp\u0142ywaj\u0105 po obu skroniach Jeremiego.<\/p>\n\n\n\n<p>&#8211; Na co jeszcze czekasz? Dawaj.<\/p>\n\n\n\n<p>G\u0142\u0119boki wdech. <em>Nie mog\u0119 da\u0107 si\u0119 sprowokowa\u0107. Nie mog\u0119.<\/em><\/p>\n\n\n\n<p>&#8211; Dawaj!<\/p>\n\n\n\n<p>Zaczyna go bole\u0107 g\u0142owa. Delikatnie masuje praw\u0105 skro\u0144, a z lewej \u015bciera drug\u0105 kropelk\u0119 potu.<\/p>\n\n\n\n<p>&#8211; Ruszaj si\u0119!<\/p>\n\n\n\n<p>Dosy\u0107. <em>Pokonam go, albo zgin\u0119.<\/em><\/p>\n\n\n\n<p>Ch\u0142opiec z blond w\u0142osami zdejmuje s\u0142uchawk\u0119 z ucha. Zamyka oczy i bierze g\u0142\u0119boki wdech. Odwraca si\u0119. Widzi samego siebie z kpi\u0105cym u\u015bmiechem. Porusza brwiami, po czym wystawia d\u0142o\u0144 do przodu i m\u00f3wi pewnym g\u0142osem:<\/p>\n\n\n\n<p>&#8211; Zata\u0144czmy.<\/p>\n","protected":false},"excerpt":{"rendered":"<p>&#8211; \u015awietnie, Yumi! \u2013 m\u00f3wi zadowolony Jeremie. Akcja zdobycia informacji do materializacji Franza Hoppera przebiega bez \u017cadnych niespodzianek. Jego przyjaciele jak zawsze w formie. Ka\u017cda kolejna fala potwor\u00f3w Xany jest przez nich niszczona, jakby to by\u0142y zwyk\u0142e mr\u00f3wki st\u0105paj\u0105ce niewinnie po trawniku. Tak ich szkoli\u0142. Na prawdziwych Wojownik\u00f3w Lyoko. Czuje ogromn\u0105 satysfakcj\u0119. &#8211; Wykluwaj\u0105 kolejne &hellip;<br \/><a href=\"https:\/\/kodlyoko.pl\/index.php\/artykuly\/opowiadania\/serie\/cyfrowe-urywki\/tango-z-wlasnym-lekiem\/\" class=\"more-link pen_button pen_element_default pen_icon_arrow_double\">Read more<\/a><\/p>\n","protected":false},"author":4,"featured_media":0,"parent":544,"menu_order":0,"comment_status":"open","ping_status":"closed","template":"","meta":{"footnotes":""},"categories":[37],"tags":[],"class_list":["post-548","page","type-page","status-publish","hentry","category-artykuly-cyfrowe-urywki"],"_links":{"self":[{"href":"https:\/\/kodlyoko.pl\/index.php\/wp-json\/wp\/v2\/pages\/548","targetHints":{"allow":["GET"]}}],"collection":[{"href":"https:\/\/kodlyoko.pl\/index.php\/wp-json\/wp\/v2\/pages"}],"about":[{"href":"https:\/\/kodlyoko.pl\/index.php\/wp-json\/wp\/v2\/types\/page"}],"author":[{"embeddable":true,"href":"https:\/\/kodlyoko.pl\/index.php\/wp-json\/wp\/v2\/users\/4"}],"replies":[{"embeddable":true,"href":"https:\/\/kodlyoko.pl\/index.php\/wp-json\/wp\/v2\/comments?post=548"}],"version-history":[{"count":1,"href":"https:\/\/kodlyoko.pl\/index.php\/wp-json\/wp\/v2\/pages\/548\/revisions"}],"predecessor-version":[{"id":549,"href":"https:\/\/kodlyoko.pl\/index.php\/wp-json\/wp\/v2\/pages\/548\/revisions\/549"}],"up":[{"embeddable":true,"href":"https:\/\/kodlyoko.pl\/index.php\/wp-json\/wp\/v2\/pages\/544"}],"wp:attachment":[{"href":"https:\/\/kodlyoko.pl\/index.php\/wp-json\/wp\/v2\/media?parent=548"}],"wp:term":[{"taxonomy":"category","embeddable":true,"href":"https:\/\/kodlyoko.pl\/index.php\/wp-json\/wp\/v2\/categories?post=548"},{"taxonomy":"post_tag","embeddable":true,"href":"https:\/\/kodlyoko.pl\/index.php\/wp-json\/wp\/v2\/tags?post=548"}],"curies":[{"name":"wp","href":"https:\/\/api.w.org\/{rel}","templated":true}]}}