{"id":544,"date":"2021-04-19T18:45:26","date_gmt":"2021-04-19T18:45:26","guid":{"rendered":"http:\/\/kodlyoko.pl\/?page_id=544"},"modified":"2022-09-18T20:50:42","modified_gmt":"2022-09-18T19:50:42","slug":"cyfrowe-urywki","status":"publish","type":"page","link":"https:\/\/kodlyoko.pl\/index.php\/artykuly\/opowiadania\/serie\/cyfrowe-urywki\/","title":{"rendered":"Cyfrowe urywki"},"content":{"rendered":"\n\n<!-- Page-list plugin v.5.6 wordpress.org\/plugins\/page-list\/ -->\n<ul class=\"page-list subpages-page-list page-list-cols-2\">\n<li class=\"page_item page-item-546\"><a href=\"https:\/\/kodlyoko.pl\/index.php\/artykuly\/opowiadania\/serie\/cyfrowe-urywki\/kruna-je-tvoja-xana\/\">&#8220;Kruna je tvoja, Xana&#8221;<\/a><\/li>\n<li class=\"page_item page-item-3241\"><a href=\"https:\/\/kodlyoko.pl\/index.php\/artykuly\/opowiadania\/serie\/cyfrowe-urywki\/niekompletna-ukladanka\/\">(Nie)Kompletna Uk\u0142adanka<\/a><\/li>\n<li class=\"page_item page-item-3792\"><a href=\"https:\/\/kodlyoko.pl\/index.php\/artykuly\/opowiadania\/serie\/cyfrowe-urywki\/czarny-as-w-rekawie\/\">Czarny as w r\u0119kawie<\/a><\/li>\n<li class=\"page_item page-item-3375\"><a href=\"https:\/\/kodlyoko.pl\/index.php\/artykuly\/opowiadania\/serie\/cyfrowe-urywki\/czlowiek-przeciwko-naturze\/\">Cz\u0142owiek przeciwko naturze<\/a><\/li>\n<li class=\"page_item page-item-3434\"><a href=\"https:\/\/kodlyoko.pl\/index.php\/artykuly\/opowiadania\/serie\/cyfrowe-urywki\/diabel-zna-twoje-imie\/\">Diabe\u0142 zna twoje imi\u0119<\/a><\/li>\n<li class=\"page_item page-item-3532\"><a href=\"https:\/\/kodlyoko.pl\/index.php\/artykuly\/opowiadania\/serie\/cyfrowe-urywki\/druga-strona-lustra\/\">Druga strona lustra<\/a><\/li>\n<li class=\"page_item page-item-550\"><a href=\"https:\/\/kodlyoko.pl\/index.php\/artykuly\/opowiadania\/serie\/cyfrowe-urywki\/krople-z-nieskazitelnego-nieba\/\">Krople z nieskazitelnego nieba<\/a><\/li>\n<li class=\"page_item page-item-3377\"><a href=\"https:\/\/kodlyoko.pl\/index.php\/artykuly\/opowiadania\/serie\/cyfrowe-urywki\/organizm-zatruty-kwasem\/\">Organizm zatruty kwasem<\/a><\/li>\n<li class=\"page_item page-item-3794\"><a href=\"https:\/\/kodlyoko.pl\/index.php\/artykuly\/opowiadania\/serie\/cyfrowe-urywki\/plonace-imperium-dionizosa\/\">P\u0142on\u0105ce imperium Dionizosa<\/a><\/li>\n<li class=\"page_item page-item-3239\"><a href=\"https:\/\/kodlyoko.pl\/index.php\/artykuly\/opowiadania\/serie\/cyfrowe-urywki\/poslanka-swietego-piotra\/\">Pos\u0142anka \u015bwi\u0119tego Piotra<\/a><\/li>\n<li class=\"page_item page-item-3432\"><a href=\"https:\/\/kodlyoko.pl\/index.php\/artykuly\/opowiadania\/serie\/cyfrowe-urywki\/sonet-dla-seniority\/\">Sonet dla Seniority<\/a><\/li>\n<li class=\"page_item page-item-2882\"><a href=\"https:\/\/kodlyoko.pl\/index.php\/artykuly\/opowiadania\/serie\/cyfrowe-urywki\/srebro-na-ramieniu\/\">Srebro na ramieniu<\/a><\/li>\n<li class=\"page_item page-item-548\"><a href=\"https:\/\/kodlyoko.pl\/index.php\/artykuly\/opowiadania\/serie\/cyfrowe-urywki\/tango-z-wlasnym-lekiem\/\">Tango z w\u0142asnym l\u0119kiem<\/a><\/li>\n<li class=\"page_item page-item-3530\"><a href=\"https:\/\/kodlyoko.pl\/index.php\/artykuly\/opowiadania\/serie\/cyfrowe-urywki\/wirujacy-narkotyk\/\">Wiruj\u0105cy narkotyk<\/a><\/li>\n\n<\/ul>\n","protected":false},"excerpt":{"rendered":"","protected":false},"author":2,"featured_media":0,"parent":3389,"menu_order":0,"comment_status":"closed","ping_status":"closed","template":"","meta":{"footnotes":""},"categories":[37],"tags":[],"class_list":["post-544","page","type-page","status-publish","hentry","category-artykuly-cyfrowe-urywki"],"_links":{"self":[{"href":"https:\/\/kodlyoko.pl\/index.php\/wp-json\/wp\/v2\/pages\/544","targetHints":{"allow":["GET"]}}],"collection":[{"href":"https:\/\/kodlyoko.pl\/index.php\/wp-json\/wp\/v2\/pages"}],"about":[{"href":"https:\/\/kodlyoko.pl\/index.php\/wp-json\/wp\/v2\/types\/page"}],"author":[{"embeddable":true,"href":"https:\/\/kodlyoko.pl\/index.php\/wp-json\/wp\/v2\/users\/2"}],"replies":[{"embeddable":true,"href":"https:\/\/kodlyoko.pl\/index.php\/wp-json\/wp\/v2\/comments?post=544"}],"version-history":[{"count":1,"href":"https:\/\/kodlyoko.pl\/index.php\/wp-json\/wp\/v2\/pages\/544\/revisions"}],"predecessor-version":[{"id":545,"href":"https:\/\/kodlyoko.pl\/index.php\/wp-json\/wp\/v2\/pages\/544\/revisions\/545"}],"up":[{"embeddable":true,"href":"https:\/\/kodlyoko.pl\/index.php\/wp-json\/wp\/v2\/pages\/3389"}],"wp:attachment":[{"href":"https:\/\/kodlyoko.pl\/index.php\/wp-json\/wp\/v2\/media?parent=544"}],"wp:term":[{"taxonomy":"category","embeddable":true,"href":"https:\/\/kodlyoko.pl\/index.php\/wp-json\/wp\/v2\/categories?post=544"},{"taxonomy":"post_tag","embeddable":true,"href":"https:\/\/kodlyoko.pl\/index.php\/wp-json\/wp\/v2\/tags?post=544"}],"curies":[{"name":"wp","href":"https:\/\/api.w.org\/{rel}","templated":true}]}}