{"id":508,"date":"2021-04-18T15:20:50","date_gmt":"2021-04-18T15:20:50","guid":{"rendered":"http:\/\/kodlyoko.pl\/?page_id=508"},"modified":"2021-04-18T15:20:50","modified_gmt":"2021-04-18T15:20:50","slug":"rozdzial-4","status":"publish","type":"page","link":"https:\/\/kodlyoko.pl\/index.php\/artykuly\/tworczosc-niekonwencjonalna\/arena\/opowiadania-arenowe\/uniwersum-aren-poszukiwanie\/rozdzial-4\/","title":{"rendered":"Rozdzia\u0142 4"},"content":{"rendered":"\n<p class=\"has-drop-cap\">Seriz chcia\u0142 krzykn\u0105\u0107: &#8220;Co ty tu robisz!? Przecie\u017c nie \u017cyjesz?!&#8221; I prawie to zrobi\u0142, jednak przed wpadk\u0105 uratowa\u0142 go Tes.<\/p>\n\n\n\n<p>Tes doskonale ukry\u0142 wszelk\u0105 emocj\u0119, jak\u0105 m\u00f3g\u0142 wyrazi\u0107 Seriz, kt\u00f3r\u0105 mo\u017cna by by\u0142o zobaczysz, gdy mia\u0142 wci\u0105\u017c na sobie mask\u0119. Delikatnie kiwn\u0105\u0142 g\u0142ow\u0105 do przybysza.<\/p>\n\n\n\n<p>Japo\u0144ski doktor, uznawany od dw\u00f3ch miesi\u0119cy za martwego, u\u015bmiechn\u0105\u0142 si\u0119 do niego i stan\u0105\u0142 obok.<\/p>\n\n\n\n<p>\u2013 Hej. To ty jeste\u015b Seriz, o kt\u00f3rym tyle s\u0142ysza\u0142em? \u2013 zapyta\u0142.<\/p>\n\n\n\n<p>\u2013 Ta \u2013 mrukn\u0105\u0142 Tes.<\/p>\n\n\n\n<p>~ C\u00f3\u017c, on nie wie, \u017ce jestem Serizem. Zna tylko moje prawdziwe imi\u0119~ pomy\u015bla\u0142 Seriz.<\/p>\n\n\n\n<p>\u2013 Nie mog\u0142em si\u0119 doczeka\u0107, \u017ceby ci\u0119 w ko\u0144cu spotka\u0107. Willson troch\u0119 o tobie opowiada\u0142. Oh, wybacz, nie przedstawi\u0142em si\u0119. Akio \u2013 poda\u0142 Serizowi r\u0119k\u0119.<\/p>\n\n\n\n<p>Tes odwzajemni\u0142 gest.<\/p>\n\n\n\n<p>~ M\u00f3wi zupe\u0142nie inaczej, ni\u017c gdy rozmawiali\u015bmy w realnym \u015bwiecie ~ pomy\u015bla\u0142 Seriz. Wci\u0105\u017c nie by\u0142 pewien, czy widzi dobrze. To by\u0142 doktor, kt\u00f3ry mia\u0142 mu pom\u00f3c stworzy\u0107 sztuczn\u0105 nog\u0119. Ten, na kt\u00f3rego zbiera\u0142 kosmiczn\u0105 kwot\u0119. Jak prze\u017cy\u0142? A mo\u017ce spreparowa\u0142 w\u0142asn\u0105 \u015bmier\u0107?<\/p>\n\n\n\n<p>\u2013 Czym si\u0119 tu zajmujesz? \u2013 zapyta\u0142 Tes. \u2013 Te\u017c tropisz ten ruchomy sektor?<\/p>\n\n\n\n<p>\u2013 Ruchomy&#8230; \u2013 Akio przez moment zdawa\u0142 si\u0119 by\u0107 zbity z tropu. \u2013 Och. Racja. Willson wspomina\u0142 o tym \u2013 odpar\u0142 nieprzekonuj\u0105co. \u2013 Nie, jestem tu w interesach. Chocia\u017c raczej zostan\u0119 na sta\u0142e.<\/p>\n\n\n\n<p>\u2013 Rozumiem \u2013 uzna\u0142 Tes. ~ K\u0142amie ~ zwr\u00f3ci\u0142 si\u0119 do Seriza.<\/p>\n\n\n\n<p>~ S\u0142ysz\u0119.<\/p>\n\n\n\n<p>Od strony doktora zabrzmia\u0142 dzwonek wirtualnego komunikatora. M\u0119\u017cczyzna skin\u0105\u0142 g\u0142ow\u0105 na po\u017cegnanie i szybko oddali\u0142 si\u0119, mo\u017ce troch\u0119 zirytowany tym, \u017ce mu przeszkadzaj\u0105.<\/p>\n\n\n\n<p>Seriz, przejmuj\u0105c ponownie kontrol\u0119 nad swoim cia\u0142em, po\u015bpiesznie wr\u00f3ci\u0142 pod pok\u0142ad i skierowa\u0142 si\u0119 do swojego pokoju. Czu\u0142, \u017ce dygocze. Zamkn\u0105\u0142 za sob\u0105 drzwi i cicho osun\u0105\u0142 si\u0119 na pod\u0142og\u0119.<\/p>\n\n\n\n<p>Czy nie postanowi\u0142 pozosta\u0107 w wirtualnym \u015bwiecie tylko dlatego, \u017ce w realnym nie m\u00f3g\u0142 mie\u0107 nogi? Czy to, \u017ce doktor jakim\u015b cudem \u017cy\u0142, nie przekre\u015bla\u0142o jego postanowienia? Czy nie powinno da\u0107 mu jakiej\u015b nadziei? Ale czu\u0142 tylko wzburzenie. Czu\u0142 si\u0119 oszukany. Jaki doktor zostawia pacj\u0119ta?!<\/p>\n\n\n\n<p>~ Mo\u017ce przed kim\u015b si\u0119 ukrywa ~ zasugerowa\u0142 Tes.<\/p>\n\n\n\n<p>Seriz pokr\u0119ci\u0142 g\u0142ow\u0105.<\/p>\n\n\n\n<p>~ Przed kim?<\/p>\n\n\n\n<p>~ Tego chyba chcesz si\u0119 dowiedzie\u0107, prawda? Jest tutaj, na jachcie Willsona. Czy to nie znaczy, \u017ce wi\u0105\u017ce si\u0119 z tajemnic\u0105, kt\u00f3r\u0105 ju\u017c wcze\u015bniej zauwa\u017cyli\u015bmy?<\/p>\n\n\n\n<p>~ Szczerze? Ba\u0142bym si\u0119 tego. Ba\u0142bym si\u0119, bo je\u015bli tak, prawdopodobnie z tego powodu o ma\u0142o nie zgin\u0105\u0142 w zamachu. Wpl\u0105ta\u0142em si\u0119 po uszy, w cokolwiek to jest. Mo\u017ce w przygod\u0119, mo\u017ce w wojn\u0119 gang\u00f3w ~ prychn\u0105\u0142.<\/p>\n\n\n\n<p>~ Mo\u017ce powiniene\u015b jednak z tego uciec? ~ mrukn\u0105\u0142 Tes.<\/p>\n\n\n\n<p>~ Co to za sugestia?<\/p>\n\n\n\n<p>~ Pr\u00f3buj\u0119 my\u015ble\u0107, jak cz\u0142owiek.<\/p>\n\n\n\n<p>~ Nie ma w tym wielkiego sensu. Jestem tego zbyt ciekawy, \u017ceby odpu\u015bci\u0107. A uciec mo\u017cna w ka\u017cdej chwili, je\u015bli zrobi si\u0119 nieciekawie.<\/p>\n\n\n\n<p>~ A co, je\u015bli z jakiego\u015b powodu nie b\u0119dziesz m\u00f3g\u0142 uciec?<\/p>\n\n\n\n<p>~ Sugerujesz co\u015b? Poza tym, wydaje mi si\u0119, \u017ce nie ma miejsca w wirtualnym \u015bwiecie, z kt\u00f3rego nie da si\u0119 uciec. Wystarczy zgin\u0105\u0107.<\/p>\n\n\n\n<p>~ Jest kilka miejsc.<\/p>\n\n\n\n<p>~ Zawsze pozostaje nam cyfrowe morze. Odzyskiwanie zawsze wyrzuca ci\u0119 w jednym z wi\u0119kszych miast&#8230; Chyba, \u017ce o czym\u015b nie wiem?<\/p>\n\n\n\n<p>~ Mo\u017cna to zhakowa\u0107. Ale nie powinienem mie\u0107 problemu z chronieniem nas przed tym.<\/p>\n\n\n\n<p>~ Dobrze. W takim razie zostajemy. I pr\u00f3bujemy zrozumie\u0107, o co dok\u0142adnie tu chodzi&#8230; Pr\u00f3bowa\u0142e\u015b w\u0142amywa\u0107 si\u0119 do systemu statku i prywatnych wiadomo\u015bci innych? ~ zapyta\u0142, jakby przypominaj\u0105c sobie, \u017ce mo\u017ce tak zrobi\u0107.<\/p>\n\n\n\n<p>~ Nic ciekawego ~ uzna\u0142 Tes. ~ Nie ma nic podejrzanego, \u017cadnych konkret\u00f3w, \u017cadnych kod\u00f3w. Wszystko wygl\u0105da normalnie. Opr\u00f3cz tego, \u017ce p\u0142yniemy w nieznane ju\u017c za d\u0142ugo.<\/p>\n\n\n\n<p>~ Mo\u017ce na ksi\u0119\u017cyc ~ za\u015bmia\u0142 si\u0119 Seriz.<\/p>\n\n\n\n<p>~ Mam wra\u017cenie, \u017ce dalej.<\/p>\n\n\n\n<p>Seriz zamkn\u0105\u0142 oczy, wzdychaj\u0105c.<\/p>\n\n\n\n<p>***<\/p>\n\n\n\n<p>W ciemnym pomieszczeniu w realnym \u015bwiecie siedzia\u0142o siedmiu zamaskowanych m\u0119\u017cczyzn. Ka\u017cdy z nich mia\u0142 na palcu pier\u015bcie\u0144 z symbolem Xany- ka\u017cdy z nich by\u0142 delikatnie zmieniony. Siedmiu genera\u0142\u00f3w, kt\u00f3rzy nigdy nie spotkali ani nie s\u0142u\u017cyli Xanie, a jednak zjednoczonych pod jego symbolem. Spostrzegawczy obserwator zauwa\u017cy\u0142by, \u017ce na ka\u017cdym z pier\u015bcieni wygrawerowane jest nazwisko. Nie prawdziwe, lecz to, kt\u00f3re przyjmowa\u0142 posiadacz pier\u015bcienia jako jedna z g\u0142\u00f3w kultu.<\/p>\n\n\n\n<p>Kult Xany rozrasta\u0142 si\u0119, si\u0119ga\u0142 coraz dalej. Gdyby by\u0142 oficjaln\u0105 sp\u00f3\u0142k\u0105, dawno prze\u015bcign\u0105\u0142by tryliardowe akcje najsilniejszych firm na \u015bwiecie. Mieli wp\u0142yw na wszystko. Cz\u0142onk\u00f3w w ka\u017cdym rz\u0105dze, ka\u017cdym mie\u015bcie, ka\u017cdej wiosce. Nie mieli tylko swojego pana &#8211; Xany.<\/p>\n\n\n\n<p>\u2013 Wiemy, gdzie znajduje si\u0119 Seriz Cortez \u2013 odezwa\u0142 si\u0119 jeden z genera\u0142\u00f3w. \u2013 Pozostaje nam znale\u017a\u0107 Melani\u0119 Dunbar i Tadeusza R\u00f3\u017cana. Dlaczego zajmuje nam to tak d\u0142ugo? \u2013 zapyta\u0142, zwracaj\u0105c si\u0119 do ukrytej w cieniu, tak\u017ce zamaskowanej postaci.<\/p>\n\n\n\n<p>\u2013 To nie potrwa d\u0142ugo, lordzie. Jeste\u015bmy na ich tropie. Za kilka dni b\u0119dziemy ich mieli.<\/p>\n\n\n\n<p>\u2013 Dobrze. W takim razie mo\u017cemy zacz\u0105\u0107.<\/p>\n\n\n\n<p><em>Autorka: Ananasims<\/em><\/p>\n","protected":false},"excerpt":{"rendered":"<p>Seriz chcia\u0142 krzykn\u0105\u0107: &#8220;Co ty tu robisz!? Przecie\u017c nie \u017cyjesz?!&#8221; I prawie to zrobi\u0142, jednak przed wpadk\u0105 uratowa\u0142 go Tes. Tes doskonale ukry\u0142 wszelk\u0105 emocj\u0119, jak\u0105 m\u00f3g\u0142 wyrazi\u0107 Seriz, kt\u00f3r\u0105 mo\u017cna by by\u0142o zobaczysz, gdy mia\u0142 wci\u0105\u017c na sobie mask\u0119. Delikatnie kiwn\u0105\u0142 g\u0142ow\u0105 do przybysza. Japo\u0144ski doktor, uznawany od dw\u00f3ch miesi\u0119cy za martwego, u\u015bmiechn\u0105\u0142 si\u0119 &hellip;<br \/><a href=\"https:\/\/kodlyoko.pl\/index.php\/artykuly\/tworczosc-niekonwencjonalna\/arena\/opowiadania-arenowe\/uniwersum-aren-poszukiwanie\/rozdzial-4\/\" class=\"more-link pen_button pen_element_default pen_icon_arrow_double\">Read more<\/a><\/p>\n","protected":false},"author":5,"featured_media":0,"parent":500,"menu_order":0,"comment_status":"open","ping_status":"closed","template":"","meta":{"footnotes":""},"categories":[32],"tags":[],"class_list":["post-508","page","type-page","status-publish","hentry","category-artykuly-uniwersum-aren-poszukiwanie"],"_links":{"self":[{"href":"https:\/\/kodlyoko.pl\/index.php\/wp-json\/wp\/v2\/pages\/508","targetHints":{"allow":["GET"]}}],"collection":[{"href":"https:\/\/kodlyoko.pl\/index.php\/wp-json\/wp\/v2\/pages"}],"about":[{"href":"https:\/\/kodlyoko.pl\/index.php\/wp-json\/wp\/v2\/types\/page"}],"author":[{"embeddable":true,"href":"https:\/\/kodlyoko.pl\/index.php\/wp-json\/wp\/v2\/users\/5"}],"replies":[{"embeddable":true,"href":"https:\/\/kodlyoko.pl\/index.php\/wp-json\/wp\/v2\/comments?post=508"}],"version-history":[{"count":1,"href":"https:\/\/kodlyoko.pl\/index.php\/wp-json\/wp\/v2\/pages\/508\/revisions"}],"predecessor-version":[{"id":509,"href":"https:\/\/kodlyoko.pl\/index.php\/wp-json\/wp\/v2\/pages\/508\/revisions\/509"}],"up":[{"embeddable":true,"href":"https:\/\/kodlyoko.pl\/index.php\/wp-json\/wp\/v2\/pages\/500"}],"wp:attachment":[{"href":"https:\/\/kodlyoko.pl\/index.php\/wp-json\/wp\/v2\/media?parent=508"}],"wp:term":[{"taxonomy":"category","embeddable":true,"href":"https:\/\/kodlyoko.pl\/index.php\/wp-json\/wp\/v2\/categories?post=508"},{"taxonomy":"post_tag","embeddable":true,"href":"https:\/\/kodlyoko.pl\/index.php\/wp-json\/wp\/v2\/tags?post=508"}],"curies":[{"name":"wp","href":"https:\/\/api.w.org\/{rel}","templated":true}]}}