{"id":504,"date":"2021-04-18T15:19:11","date_gmt":"2021-04-18T15:19:11","guid":{"rendered":"http:\/\/kodlyoko.pl\/?page_id=504"},"modified":"2021-04-18T15:19:12","modified_gmt":"2021-04-18T15:19:12","slug":"rozdzial-2","status":"publish","type":"page","link":"https:\/\/kodlyoko.pl\/index.php\/artykuly\/tworczosc-niekonwencjonalna\/arena\/opowiadania-arenowe\/uniwersum-aren-poszukiwanie\/rozdzial-2\/","title":{"rendered":"Rozdzia\u0142 2"},"content":{"rendered":"\n<p class=\"has-drop-cap\">Prywatne wyspy na morzu cyfrowym statystycznie nie by\u0142y wielk\u0105 rzadko\u015bci\u0105. Mimo to, w skali jego ogromu, bardzo rzadko zdarza\u0142o si\u0119 na nie natrafi\u0107.<br>Jacht przybi\u0142 do portu na jednej z tych osamotnionych wysepek. Nie nale\u017ca\u0142a do Willsona, lecz do jednego z jego wsp\u00f3\u0142pracownik\u00f3w. Przyj\u0105\u0142 podr\u00f3\u017cnych, pozwoli\u0142 im wylogowa\u0107 si\u0119 poprzez swoje \u0142\u0105cze.<br>Seriz jako jedyny zosta\u0142 na wyspie. Roz\u0142o\u017cy\u0142 na pla\u017cy le\u017cak, kt\u00f3ry zalega\u0142 mu w ekwipunku dobrych par\u0119 lat. Gdyby nie Tes, ch\u0142opak pewnie nie zwr\u00f3ci\u0142by na niego uwagi.<br>Po\u0142o\u017cy\u0142 si\u0119 na nim, g\u0142\u0119boko wzdychaj\u0105c. Symulacja wiatru przyjemnie muska\u0142a jego twarz. Zwr\u00f3ci\u0142 oczy ku niebu.<br>B\u0142\u0119kit. W zasadzie #00B7EB, jak podpowiada\u0142 Tes. Seriza niezbyt interesowa\u0142o, czy rzeczywi\u015bcie niebo ma taki kolor, czy mo\u017ce to kwestia renderu tego fragmentu cyfrowego morza.<br>Miejscami by\u0142o w ko\u0144cu pomara\u0144czowe.<br>W nocy obserwowa\u0142 gwiazdy nad Australi\u0105.<br>W kt\u00f3rym\u015b momencie przeskoczy\u0142y na zorz\u0119 polarn\u0105.<br>Najwyra\u017aniej tak to tu dzia\u0142a\u0142o.<br>Tes wys\u0142a\u0142 delikatny sygna\u0142 o zako\u0144czonym procesie, a zaraz po tym o wiadomo\u015bci. Seriz zignorowa\u0142 obie. Gdyby to by\u0142o co\u015b wa\u017cnego, Tes by go poinformowa\u0142.<\/p>\n\n\n\n<p><br>***<\/p>\n\n\n\n<p>Sen w cyfrowym \u015bwiecie, dziwne, rzadkie zjawisko\u2026<br>Seriz zorientowa\u0142 si\u0119, \u017ce spa\u0142 tylko dlatego, \u017ce po otworzeniu oczu zauwa\u017cy\u0142 nad sob\u0105 pochylon\u0105 kobiet\u0119.<br>Wygl\u0105da\u0142a m\u0142odo. Ubrana dosy\u0107 skromnie, w co\u015b na kszta\u0142t mundurka.<br>&#8211; Przepraszam, \u017ce przeszkadzam &#8211; odezwa\u0142a si\u0119. &#8211; Mam wiadomo\u015b\u0107 od profesora.<br>Profesor &#8211; zapewne chodzi\u0142o o w\u0142a\u015bciciela wyspy.<br>&#8211; S\u0142ucham?<br>&#8211; Prosi, by pan opu\u015bci\u0142 za\u0142og\u0119 pana Willsona. Zale\u017cy mu na pa\u0144skich us\u0142ugach i oferuje wysok\u0105 cen\u0119 za prac\u0119 dla niego.<br>&#8211; Prosz\u0119 przekaza\u0107, \u017ce nie jestem zainteresowany &#8211; odpar\u0142 Seriz, zamykaj\u0105c oczy.<br>Prosba o odrzucenie oferty. Nic nadzwyczajnego.<br>&#8211; Profesor nalega. Dla pa\u0144skiego dobra.<br>Seriz westchn\u0105\u0142 i podni\u00f3s\u0142 si\u0119 na le\u017caku.<br>&#8211; Prosz\u0119 poinformowa\u0107 Profesora, \u017ce nie jestem zainteresowany jego ofert\u0105 i, \u017ce potrafi\u0119 sam o siebie zadba\u0107.<br>Wsta\u0142, nie czekaj\u0105c na reakcj\u0119 kobiety. Le\u017cak znikn\u0105\u0142 w jego ekwipunku, a on ruszy\u0142 brzegiem wyspy, oddalaj\u0105c si\u0119 od kobiety.<br>&nbsp;&nbsp;&nbsp; \u2022 Prosz\u0119 poczeka\u0107! &#8211; krzykn\u0119\u0142a za nim.<br>Nie zwr\u00f3ci\u0142 na ni\u0105 uwagi.<\/p>\n\n\n\n<p><br>***<\/p>\n\n\n\n<p>~ Dziwne. Ciekawe, ale dziwne ~ my\u015bla\u0142 Seriz. ~ Tajemniczy sektor, o kt\u00f3rym inne \u017ar\u00f3d\u0142a nie m\u00f3wi\u0105, pr\u00f3ba odci\u0105gni\u0119cia od zadania\u2026 co my\u015blisz, Tes? Pr\u00f3buj\u0105 mnie z\u0142apa\u0107? Je\u015bli tak, dlaczego? A mo\u017ce jestem przyn\u0119t\u0105? Mo\u017ce obros\u0142em w legend\u0119 tak, \u017ce teraz b\u0119d\u0105 bi\u0107 si\u0119 o moje us\u0142ugi? ~ tu za\u015bmia\u0142 si\u0119 niemrawo.<br>Tes milcza\u0142. Tak\u017ce analizowa\u0142 wszystko, co dzia\u0142o si\u0119 w ostatnich dniach i najwyra\u017aniej nie by\u0142 niczego pewien. Nie chcia\u0142 zgadywa\u0107, tak jak Seriz. Nie le\u017ca\u0142o to w jego naturze.<br>~ Co\u015b jest na rzeczy ~ przyzna\u0142 po d\u0142u\u017cszej chwili, \u017ceby nie zostawi\u0107 Seriza zupe\u0142nie bez odpowiedzi.<br>~ Tyle sam wiem. Mam wra\u017cenie, \u017ce wpl\u0105ta\u0142em si\u0119 w co\u015b. Chyba przez wizyt\u0119 u R\u00f3\u017cana. Willson o niej wie. Nie wiem, jakim cudem, ale na pewno. Wydawa\u0142o mi si\u0119, \u017ce zale\u017cy mu na Xan Guldur.<br>~ Kr\u0119ci\u0142 si\u0119 te\u017c wok\u00f3\u0142 Aiyany ~ rzuci\u0142 Tes.~ Jaki\u015b czas temu. Nie wiem, czy si\u0119 spotkali, czy tylko si\u0119 ni\u0105 interesowa\u0142. Podobnie Melanie. Jaki\u015b czas temu pr\u00f3bowa\u0142 j\u0105 \u015bledzi\u0107.<br>~ Melanie i Xan Guldur. To oznacza\u0142o by zainteresowanie Xan\u0105. Ale co do tego ma niby Aiyana?<br>~ Mo\u017ce nic. Nie musi to by\u0107 powi\u0105zane. Mo\u017cna te\u017c spojrze\u0107 na to inaczej. Melanie, Aiyana, R\u00f3\u017can i ty. Turniej. Wydaje mi si\u0119, \u017ce pozostali uczestnicy te\u017c mog\u0105 by\u0107 na celowniku, ale nie mam potwierdzonych informacji.<br>~ Mo\u017cna spr\u00f3bowa\u0107 zasi\u0119gn\u0105\u0107 j\u0119zyka. Jako\u015b nieoficjalnie.<br>~ \u017beby nie da\u0142o si\u0119 wy\u015bledzi\u0107? W takim razie potrzebowa\u0142bym kartki i o\u0142\u00f3wka. Albo najlepiej twojej w\u0142asnej ingerencji.<br>~ Mam wyj\u015b\u0107 i szuka\u0107 \u017ar\u00f3de\u0142, h\u0119?<br>~ Ray z ch\u0119ci\u0105 ci\u0119 przyjm\u0119. Tak samo podejrzewam, \u017ce tw\u00f3j wujek m\u00f3g\u0142by czego\u015b si\u0119 dowiedzie\u0107.<br>~ W klubie rybackim? ~ zakpi\u0142 Seriz.<br>~ Te\u017c ma znajomo\u015bci. W innych kr\u0119gach, ni\u017c ty. Od biedy, mog\u0119 te\u017c spr\u00f3bowa\u0107 si\u0119 czego\u015b dowiedzie\u0107 si\u0142\u0105. Ale do tego potrzebowa\u0142bym wie\u017cy.<br>~ \u0141apiesz st\u0105d jaka\u015b?<br>~ Nie. Ale mog\u0119 poszuka\u0107 po drodze. Mimo to sugeruj\u0119 pr\u00f3b\u0119 kontaktu z Rayem.<br>~ Willson bez problemu si\u0119 o tym dowie. Je\u015bli zak\u0142adamy, \u017ce jest co\u015b na rzeczy, musimy te\u017c za\u0142o\u017cy\u0107, \u017ce jest naszym wrogiem. Spr\u00f3buj na razie z t\u0105 wie\u017c\u0105. Ja b\u0119d\u0119 udawa\u0142, \u017ce jest w porz\u0105dku.<br>~ Jeste\u015b ciekawy tego sektora, prawda?<br>~ Oczywi\u015bcie ~ przyzna\u0142 Seriz. ~ Kto by nie by\u0142? A w razie czego &#8211; zawsze mo\u017cna znikn\u0105\u0107.<\/p>\n\n\n\n<p><em>Autorka: Ananasims<\/em><\/p>\n","protected":false},"excerpt":{"rendered":"<p>Prywatne wyspy na morzu cyfrowym statystycznie nie by\u0142y wielk\u0105 rzadko\u015bci\u0105. Mimo to, w skali jego ogromu, bardzo rzadko zdarza\u0142o si\u0119 na nie natrafi\u0107.Jacht przybi\u0142 do portu na jednej z tych osamotnionych wysepek. Nie nale\u017ca\u0142a do Willsona, lecz do jednego z jego wsp\u00f3\u0142pracownik\u00f3w. Przyj\u0105\u0142 podr\u00f3\u017cnych, pozwoli\u0142 im wylogowa\u0107 si\u0119 poprzez swoje \u0142\u0105cze.Seriz jako jedyny zosta\u0142 na &hellip;<br \/><a href=\"https:\/\/kodlyoko.pl\/index.php\/artykuly\/tworczosc-niekonwencjonalna\/arena\/opowiadania-arenowe\/uniwersum-aren-poszukiwanie\/rozdzial-2\/\" class=\"more-link pen_button pen_element_default pen_icon_arrow_double\">Read more<\/a><\/p>\n","protected":false},"author":5,"featured_media":0,"parent":500,"menu_order":0,"comment_status":"open","ping_status":"closed","template":"","meta":{"footnotes":""},"categories":[32],"tags":[],"class_list":["post-504","page","type-page","status-publish","hentry","category-artykuly-uniwersum-aren-poszukiwanie"],"_links":{"self":[{"href":"https:\/\/kodlyoko.pl\/index.php\/wp-json\/wp\/v2\/pages\/504","targetHints":{"allow":["GET"]}}],"collection":[{"href":"https:\/\/kodlyoko.pl\/index.php\/wp-json\/wp\/v2\/pages"}],"about":[{"href":"https:\/\/kodlyoko.pl\/index.php\/wp-json\/wp\/v2\/types\/page"}],"author":[{"embeddable":true,"href":"https:\/\/kodlyoko.pl\/index.php\/wp-json\/wp\/v2\/users\/5"}],"replies":[{"embeddable":true,"href":"https:\/\/kodlyoko.pl\/index.php\/wp-json\/wp\/v2\/comments?post=504"}],"version-history":[{"count":1,"href":"https:\/\/kodlyoko.pl\/index.php\/wp-json\/wp\/v2\/pages\/504\/revisions"}],"predecessor-version":[{"id":505,"href":"https:\/\/kodlyoko.pl\/index.php\/wp-json\/wp\/v2\/pages\/504\/revisions\/505"}],"up":[{"embeddable":true,"href":"https:\/\/kodlyoko.pl\/index.php\/wp-json\/wp\/v2\/pages\/500"}],"wp:attachment":[{"href":"https:\/\/kodlyoko.pl\/index.php\/wp-json\/wp\/v2\/media?parent=504"}],"wp:term":[{"taxonomy":"category","embeddable":true,"href":"https:\/\/kodlyoko.pl\/index.php\/wp-json\/wp\/v2\/categories?post=504"},{"taxonomy":"post_tag","embeddable":true,"href":"https:\/\/kodlyoko.pl\/index.php\/wp-json\/wp\/v2\/tags?post=504"}],"curies":[{"name":"wp","href":"https:\/\/api.w.org\/{rel}","templated":true}]}}