{"id":485,"date":"2021-04-17T11:14:43","date_gmt":"2021-04-17T11:14:43","guid":{"rendered":"http:\/\/kodlyoko.pl\/?page_id=485"},"modified":"2021-04-17T11:21:15","modified_gmt":"2021-04-17T11:21:15","slug":"moce","status":"publish","type":"page","link":"https:\/\/kodlyoko.pl\/index.php\/kod-lyoko\/moce\/","title":{"rendered":"Moce"},"content":{"rendered":"\n<p><strong>Moce Aelity :<\/strong><\/p>\n\n\n\n<p><strong>Materializacja element\u00f3w Lyoko<\/strong><\/p>\n\n\n\n<p>Gdy Aelita si\u0119 skupi potrafi wytworzyc elementy Lyoko, kt\u00f3re pomagaj\u0105 w ochronie przed potworami, walce z nimi, oraz by wydostac si\u0119 z pu\u0142apki Xany. Jest ona bardzo przydatna.<\/p>\n\n\n\n<p>Plusy:<\/p>\n\n\n\n<p>Ochrona przed potworami, lub pu\u0142apkami Xany<\/p>\n\n\n\n<p><\/p>\n\n\n\n<p>Minusy:<\/p>\n\n\n\n<p>Pe\u0142ne skupienie nie pozwala na walk\u0119 z potworami<\/p>\n\n\n\n<p>Potrzebne jest moce skupienie, kt\u00f3re przy d\u0142u\u017cszym dzia\u0142aniu os\u0142abia Aelite<\/p>\n\n\n\n<p>Aelita jako jedyna mo\u017ce dezaktywowac wie\u017ce<\/p>\n\n\n\n<p><\/p>\n\n\n\n<p><strong>Skrzyd\u0142a<\/strong><\/p>\n\n\n\n<div class=\"wp-block-image\"><figure class=\"alignleft size-large\"><img decoding=\"async\" src=\"http:\/\/i247.photobucket.com\/albums\/gg130\/AelitaGif\/aelita_wings_ha.gif\" alt=\"\"\/><\/figure><\/div>\n\n\n\n<p>Dost\u0119pne dla Aelity od 4 serii. Uratowa\u0142a dzi\u0119ki nim siebie, Odd&#8217;a i Yumi<\/p>\n\n\n\n<p>Plusy:<\/p>\n\n\n\n<p>&#8211; Pozwala na w miar\u0119 szybkie przemieszczanie si\u0119 po Lyoko<\/p>\n\n\n\n<p>&#8211; Mo\u017cna dzi\u0119ki nim uratowac kogo\u015b, kto np wpada do cyfrowego morza<\/p>\n\n\n\n<div style=\"height:9px\" aria-hidden=\"true\" class=\"wp-block-spacer\"><\/div>\n\n\n\n<p>Minusy:<\/p>\n\n\n\n<p>&#8211; Trzeba dotkn\u0105c gwiazdki (bransoletki) na r\u0119ce Aelity by je aktywowac<\/p>\n\n\n\n<p>&#8211; Gdy Aelita dostanie laserem potwora traci r\u00f3wnowag\u0119 i spada<\/p>\n\n\n\n<div style=\"height:100px\" aria-hidden=\"true\" class=\"wp-block-spacer\"><\/div>\n\n\n\n<p><strong>Moce Yumi :<\/strong><\/p>\n\n\n\n<p><strong>Telekineza<\/strong><\/p>\n\n\n\n<div class=\"wp-block-image\"><figure class=\"alignleft size-large\"><img decoding=\"async\" src=\"http:\/\/i203.photobucket.com\/albums\/aa75\/Black_Matryx\/Code%20Lyoko\/Gifs\/thYumi_Think.gif\" alt=\"\"\/><\/figure><\/div>\n\n\n\n<p>S\u0142u\u017cy Yumi od zawsze. Nieraz uratowa\u0142y j\u0105, jak i innych bohater\u00f3w.<\/p>\n\n\n\n<p>Plusy :<\/p>\n\n\n\n<p>&#8211; Pozwala na ochron\u0119 przed potworami np przenosz\u0105c ska\u0142y<\/p>\n\n\n\n<p>&#8211; Pozwala na uratowanie kogo\u015b kto spada np. Odd<\/p>\n\n\n\n<div style=\"height:9px\" aria-hidden=\"true\" class=\"wp-block-spacer\"><\/div>\n\n\n\n<p>Minusy :<\/p>\n\n\n\n<p>&#8211; Pe\u0142ne skupienie nie pozwala na walk\u0119 z potworami<\/p>\n\n\n\n<p>&#8211; Jest wyczerpuj\u0105ca<\/p>\n\n\n\n<div style=\"height:100px\" aria-hidden=\"true\" class=\"wp-block-spacer\"><\/div>\n\n\n\n<p><strong>Moce Williama :<\/strong><\/p>\n\n\n\n<p><\/p>\n\n\n\n<p><strong>Super smog (dym)<\/strong><\/p>\n\n\n\n<p>Bardzo przydatny w walce, lub w ucieczce.<\/p>\n\n\n\n<p>Plusy : <\/p>\n\n\n\n<p>&#8211; Pozwala na szybkie przemieszczanie si\u0119<\/p>\n\n\n\n<p>&#8211; Mo\u017ce &#8220;latac&#8221; w powietrzu<\/p>\n\n\n\n<div style=\"height:9px\" aria-hidden=\"true\" class=\"wp-block-spacer\"><\/div>\n\n\n\n<p>Minusy :<\/p>\n\n\n\n<p>&#8211; Szybkie przemieszczanie utrudnia wojownikom trafienie w niego<\/p>\n\n\n\n<div style=\"height:100px\" aria-hidden=\"true\" class=\"wp-block-spacer\"><\/div>\n\n\n\n<p><strong>Moce Ulricha :<\/strong><\/p>\n\n\n\n<p><\/p>\n\n\n\n<p><strong>Supersprint<\/strong><\/p>\n\n\n\n<p><\/p>\n\n\n\n<p>Bardzo przydatny w walce, lub w ucieczce.<\/p>\n\n\n\n<p>Plusy:<\/p>\n\n\n\n<p>&#8211; Pozwala na szybkie przemieszczanie si\u0119<\/p>\n\n\n\n<div style=\"height:9px\" aria-hidden=\"true\" class=\"wp-block-spacer\"><\/div>\n\n\n\n<p>Minusy :<\/p>\n\n\n\n<p>&#8211; Pozwala na przemieszczanie si\u0119 tylko po l\u0105dzie i wodzie.<\/p>\n\n\n\n<p>&#8211; Wolniejszy od super smogu William&#8217;a<\/p>\n\n\n\n<p><\/p>\n\n\n\n<p><strong>Trialangulacja<\/strong><\/p>\n\n\n\n<p><\/p>\n\n\n\n<div class=\"wp-block-image\"><figure class=\"alignleft size-large\"><img decoding=\"async\" src=\"data:image\/jpeg;base64,\/9j\/4AAQSkZJRgABAQAAAQABAAD\/2wCEAAkGBhQRERMUExQUFRQVGBsYGBgXGRQYGhweHxwXFRcgHBwYIicfGxsjHx0aHy8jIycpLC0sGh4xNTAqNSYrLCkBCQoKDgwOGg8PGikkHyQsLCkqLCwpLCkpLCopLCwpLCwpNCkpKSksLCwsKSksKSwsLCwsLCkpLCksKSwpKSksLP\/AABEIAHgAoAMBIgACEQEDEQH\/xAAbAAACAgMBAAAAAAAAAAAAAAAEBQMGAAECB\/\/EADQQAAECBAQDBgYCAwEBAAAAAAECEQADBCEFEjFBUWFxBiKBkaHwEzKxwdHhI0JScvEUU\/\/EABkBAAMBAQEAAAAAAAAAAAAAAAIDBAEABf\/EACYRAAIDAAMAAgEDBQAAAAAAAAABAgMREiExBEETFFFhBSIykdH\/2gAMAwEAAhEDEQA\/AKGMZvZ8r3BYn0hpTTkLAIUCd9Q3hq3OKrJlKmWSCTraOZiVIUxsdIg\/HHxAxlg\/q61AfVR2CTb34wsViKjZKL+ZgqkoUf2U\/IWHnDKXIQNGTz0hepBPv0TIoZk4957cbwzkYLLQHVfr+ImkYjLSWS6yeH5jKylmrYlC0pNrJMC5vzw5IWV8iWpZK5isuyEuA3hEAqUIb4aEg8Tc+ukMpPZouc\/c+sGDAZctinXiWJjfyR807iJkUE+YXLtxV9oYS8Mlo+a53fTyhvJpix0iBeGKV0hbs3o7iA1qkWy2OxTZvDQxzJxZQ7qg4O4D+YjqbhygdLeETLkJAFg\/KO1GYRoqXcgj0\/7GSJ43DnYxFPp3PeQG8j56wMxS+Uk8lfmCSTOG5lggEEDzeIxjUlJKJpAUGuRYhuQ1hdNrpguiQ1m1BHXjEOGYQpSvirZy+vH7R3BZsjtbLBImS13QtJ6ERGqYiwu5PV4ClSUIWFBIGzhnbeO5zkhjz1heLTjueoJP5gWQXzFrlR1cWDARImWr\/sEiamxVswLwXhhTlzpi1ZUggjRCdB1\/JhrT0eTvTym4snf03gUYgoAhICXL2Z\/GOJVHMWXPmfbxXL\/R2IJqsVD9xPifxEEtS5p3P0\/ENJGEAf1zHfhDOVQMGZoS5xj4auyTs52aSJiFzFaEWS31No9Z7PIlKliSEpmBBW6mzFTagNcEHbTYR51heUFKQrUgfaHXZPHl082amWhLfEuhTO4GUh0te1vCIJycpd+FkIrgPsSw+T\/8VIOnC+4uHisV+DJJLOGi5Te2aJ0slUhZtcAApB\/rexEVSuxRD\/IU9Fgjyb7whNqTSCaWdolwTA0ziEqUQSoJtw49NoaVXYWYH+GpKkueZtrwhdgVShMxK1Ka5SXBIY8o9AMiXNlJKZtkjYg6av4fSNXJ7gOJYeYVnZ2ZLfOl9nbTzhSqgCXzN1aLzjcgoSVAhcsXzBQNgHNidQNo87osTqZ8w\/wIMtz3PlUB\/tq\/W3KHUc5rvo78XJ5ElmYcpR7qCoM+m0RyqFJLBgffGHMvGZ1KvKCChQsTlWkjgQXYjQgQ7lYvTTk96QErP+BtzYKdjyh9kLIR5LtfwJ4rcZR5+FH+pPQ\/qOpGH2Ym8WmfhqfmCSnjceGkDy8Jc348jE6v1BfiZXqnCyIXTqXKSyik+Y9Y9ZldkZcyWSFN\/VN2u0UzH8I+CsoWzp96wdd2nSrwqMszgLZT4K\/MQz0zVEFRSwawBhz\/AOhAcMT0jhYCj+YpU\/4J2gelwdIYhn1veDZchKBdn4mJpe3BrQMqQ5L38YHW\/TmGS5qcuojJ89kuDryvCxYs3OCqa9lCw0gXH7OiSYfTqUtIFjxi24hSNOUt094hYAcM4BL83eK8hWVmYQ0QVKQFO5HdP2iO3W9Lq\/CGtxaaAUPZXsffzhXMmqBazm8H1spwduYhHTEqUOZir41al2Ksb0aSF5S934xJUYgMilrWtIQO8EpSXvY304HwMWGm7JKVKCoqtfS\/CmMbpNj0NjFrUJ9Gxcq+yROLMACTkLEkqKiA1m\/q3QNaE1dMmypi0rOZi4OZnSdGAs0L6mrmAqllKXR3SQkDTS54hj4wbVVHxaaRML5pRMmYxZ06pc+9YXGvEV1WONicmhjST5awZIU61DMhrgKSHYN\/kHD8k8I6pqwJBHjEGByEInpUCpKZgdO\/eTcDxvA2MsidMAsyi3Q3H1htElriH\/VKsyz9+i0oxxJAZBD8F252UCw5PHdPi5zaHLyEVvDASHi14Dgy5xLsiX\/dXLgwjzLoRhJkdcm0XDBKuUMoz5pik2QkX1DFlWsxvFMx6SgTVlJJSXIHUk678tNYLxeoAVM+CAkSwpCQCTmDi9mOYMbaRXq55i1KzEpfR7kaCEwQ2eJaKJktCld1V+H4gWdUCVqoFXB\/bRrE65KLS2zaEi4\/cLJVB8SXNmEkqTl31d9mL6cRHp1wb9IZYN8PWVJbM2Xbls3vhHZmFJsTC2gm6Xa\/\/fODAnjB2wyQoNRPHERpa7gbaxJIpBtc+\/SGsumCEubxNKSQSIaOQki6fH9Q9wuQFZ0aOgkdU976QqlzUEuP3DDDJ4E2WoH5FB\/9dFehMR26y2tgGISFEd0u484W9nqGZMnBEtClLDqytewvYwWunKlrv8qiLPx4wIvEplPUiaFMqzKYbAJY8dB9Yr+M2v7Rc\/dPRqDtjLTIyqsQIrHbyRKSpCpUz4gWO9owNm02N7G9oqVVVEuXLm5+8QIqyoMSS2jmLoVY9BlZqwHxypUFIUNFJv1HdPo0c4TNK5U9ISpWYpICQSXcuQBewiSsloWEBZZlG+rOBt4RPSYmqmkrkywCqYp\/iBiG7rAuDwO1s3HTJdeIOMo9fuMUYpJEmnCX+LLWnM7vYkG2uh0hf2mXnqGFyoJPoDG8Fw9SpiGNydg55t1i41nZhMhpiu\/PmguxcID5Qm24Av8AuJucapaXfI+R+oqUfv8A4hDgkg2SdB6x6QlJp6XMvVYyy5aXHAlR34XMV\/CqT4akqKcynsCwSOvHpEWP9oQgKK1Oo2tvyHKPPnN2S6JkuERdXzggKJsBu+p3aKZimNFYyo7qfU9Y3ieKqmFybDQbCFcmmVNVbxOwj0KaeK2RPZPfDuRKKrC54Q8w2kKJczvHZ7EjzAIHByRENNS5Aydd+J6w7wmW6JgVZ8u4GhJvxENchHrwp0lbGLDRELS\/nCCrl5bwXg1VlU3H6xRYuUTn0yzSwEBwWG8STpikjM6lP5ceEBrUySH35GIFVStNrnePP46doXJmbtHSZint+uUaopDhy3N4JnICSGv97wmebhRANrEnKkgC+pHH7wrxCRmRfvD1eGkoqXImMPkIUH4aK+oMLJspYGa\/OAreMZYtEC6aYNO8PWIjnOiF+UP0hz3t4Np6Z7CPQ\/VNLsl49lSFFMV8ySIcYPg6lnK3nFjqMAWmWFK7rlhE2DSMpckBI1Upm\/Z5CJLPk8k8KIV4+yzdkOzwRlKEgq1KyNBvl5nj9IGxyplhSsjMC22pfTwGsSYr2tCUBEpxLPzL0zC7gdTZ+vjQMdx4AMkufQRJGErMHSkohWLdpijQuTYAH3aKTiFWpanUXP0jqYoq7xOu5gylwz4pc2SN+PSPTrrjWtJJTcgCjplTS2g3MO5FHkFmYesGJlAAJAYcoxUpvtHSnos0hIAewMN8Ol\/xTFWsAd9LgaW84UiSVLTwFz0hrNn5JMwAAlWUetvdvWAHVR+yp10gF7QsQWMPKhbAOA5Fw\/mIQ1au97v71i6DAmkWOkUFpfeGCUMkRX8Gqrtxh9Mr2ZtRxaJLo5LoWdzpCgCTYbgRkitUwGvXUb6xNInFQOYuDtEZo2BPCJZfyUVp\/RY+z9bnmCWphnStJ6lJI9WhLWTv66mB6OYpMxK02KSCIKNCSrMTqXHvxhKilIo7aIqekKyLF4vvZTsnkHxpo+VilP3PL8QHgtAElJCQtegfQHS\/GLZV1yaWUVrOeaoMlI5dNANzA83N4gHDiVjtMsKmkmw1Z7A6H8WisVJzksRlGnAeG3WN4l2tzFRmMrMpyX01DDlFRxHHzMOUWRw49fxG1VTfocppINxbGnOVJzMGfYDl+YSrQDEJU5hjS4YSyl+X5\/EejGKgiOctI6XCipiv5BoOP6hklYZhtbpG\/jvY3sQIhkS9bvGNt+iyZUyOnseDvAdRNYi8SUs4rUADrGYavRtRS9DsfpGs4InkgEpAa2lzoduHiI1NmFCAN7ekapT\/ABTycrHKGLO+p5sLD3bY5pY1ixCurpPKEk2jZ\/8AK4J9QYslMQs5SeLRDieF3JTqBcfjp+oZCb3BWJrUVijm5VCH0iYQXLkEQjqJLHMON\/vDnDp+ZDDaH2x2Ok\/jGEmrSCzmCP8A12Zzc++kLUSi8FSMyjbXXj5x584ofXP6GqJbtDdFGmYlOdZSgfM2V9uJ684Ao6VW7W24RNNJlqzFTICbglrguCxtEUm9xHoQSLbIxqVKA+H\/ACKuH0AO+rEMNYqfanHsqpjzM62KLWty4DbTpxirVfaBTqKS5J+YklhwAO\/PlCSdX5iSS\/OG1fF71k9li+jqrqCskmB5SSSwDnZo3IBmKZPiToIay0JliwcmxO\/hHo\/49Ejek9Bh6ZQzLYq+nvjGT6y5EQLmnwMRkvAZvbFthCFmJKdxZo3TJsInLCMbNSNzZAUGLOYhoqcpW430iaWnMW3OkH1EgIQCNRoee8ZEZCOvQbP8Q3N\/ekbmSxLkzyTsnZ9y\/TrGloTldg+sKZ1d\/FOSyjmy3DNYuXOul7cA8HBax02kidIYuHd4YTu+ln2cfQ+eh8IyMjo+iKn6ivYlT2z7Ox8rfjwgShmZVj30jIyLF2gZllRJZ31jdPOKXuzXbjeMjI81mw9GS8eCUh+7rZLEncMNoR43iqqgs7IFwn3qYyMgYQiuylybWCZiA20d0OEmZc2Rx49IyMihyaQljWZTJQlkhh784DIJLXjIyBi9Esm+CSQCW5mOVyyktGRkbpgQieU2ME5X+kZGQLCRNhrOpX+Nh1NoMqDnWEnRLxqMjfopr8FuMVCUgtwfw2984rc7EVIUUDcMoWNzqB4W84yMh9SAtP\/Z\" alt=\"\"\/><\/figure><\/div>\n\n\n\n<p>Rzadko u\u017cywana, tylko w niekt\u00f3rych momentach serialu. Polega na otoczeniu potwora prze 2 klony Ulricha (wraz z jego prawdziwym cia\u0142em), kt\u00f3re obiegaj\u0105 go z tak\u0105 szybko\u015bci\u0105, \u017ce widac charakterystyczny tr\u00f3jk\u0105t.<\/p>\n\n\n\n<p><\/p>\n\n\n\n<p>Plusy :<\/p>\n\n\n\n<p>&#8211; Pozwala na otoczenie potwora i zmylenie go.<\/p>\n\n\n\n<p>&#8211; Po zniszczeniu potwora mo\u017ce nast\u0105pic fuzja, lub pozostanie klon\u00f3w<\/p>\n\n\n\n<div style=\"height:9px\" aria-hidden=\"true\" class=\"wp-block-spacer\"><\/div>\n\n\n\n<p>Minusy :<\/p>\n\n\n\n<p>&#8211; Po trafieniu jednego z klon\u00f3w ten znika, a za razem znika trialangulacja, po trafieniu prawdziwego Ulricha (gdy traci punkty) znikaj\u0105 tak\u017ce klony<\/p>\n\n\n\n<p><\/p>\n\n\n\n<p><strong>Triplikacja<\/strong><\/p>\n\n\n\n<p><\/p>\n\n\n\n<div class=\"wp-block-image\"><figure class=\"alignleft size-large\"><img decoding=\"async\" src=\"http:\/\/images3.wikia.nocookie.net\/__cb20070820014802\/codelyoko\/images\/thumb\/b\/bb\/Triplicate.jpg\/180px-Triplicate.jpg\" alt=\"\"\/><\/figure><\/div>\n\n\n\n<p>Polega na skopiowaniu Ulricha o jeszcze dodatkowe 2 kopie. Maja tylko 10 punkt\u00f3w \u017cycia, wystarczy jeden strza\u0142 by je zniszczyc.<\/p>\n\n\n\n<p>Plusy :<\/p>\n\n\n\n<p>&#8211; Mo\u017cliwo\u015bc zmylenia potwora, za pomoc\u0105 2 klon\u00f3w<\/p>\n\n\n\n<div style=\"height:9px\" aria-hidden=\"true\" class=\"wp-block-spacer\"><\/div>\n\n\n\n<p>Minusy :<\/p>\n\n\n\n<p>&#8211; Klon po trafieniu laserem przez potwora znika, gdy zostanie zmaterializowany Ulrich klony tak\u017ce znikaj\u0105.<\/p>\n\n\n\n<div style=\"height:100px\" aria-hidden=\"true\" class=\"wp-block-spacer\"><\/div>\n\n\n\n<p><strong>Moce Odd&#8217;a :<\/strong><\/p>\n\n\n\n<p><\/p>\n\n\n\n<p><strong>Tarcza<\/strong><\/p>\n\n\n\n<p><\/p>\n\n\n\n<div class=\"wp-block-image\"><figure class=\"alignleft size-large\"><img decoding=\"async\" src=\"https:\/\/www.codelyoko.net\/ENG\/Gifs\/Aelita_Hopper_A8.gif\" alt=\"\"\/><\/figure><\/div>\n\n\n\n<p>Polega na ochronie Odd&#8217;a. Uaktywnia si\u0119 po s\u0142owach wypowiedzianych przez niego &#8220;Tarcza!&#8221; Odd posiada j\u0105 od 2 serii.<\/p>\n\n\n\n<p>Plusy :<\/p>\n\n\n\n<p>&#8211; Szybko si\u0119 pojawia<\/p>\n\n\n\n<p>&#8211; Pozwala na dobr\u0105 ochron\u0119 przed potworami<\/p>\n\n\n\n<div style=\"height:9px\" aria-hidden=\"true\" class=\"wp-block-spacer\"><\/div>\n\n\n\n<p>Minusy :<\/p>\n\n\n\n<p>&#8211; Nie os\u0142ania ca\u0142ego cia\u0142a<\/p>\n\n\n\n<p>&#8211; Jest kr\u00f3tko trwa\u0142a<\/p>\n\n\n\n<p><\/p>\n\n\n\n<p><strong>Wizja (strza\u0142a) przysz\u0142o\u015bci<\/strong><\/p>\n\n\n\n<p><\/p>\n\n\n\n<div class=\"wp-block-image\"><figure class=\"alignleft size-large\"><img decoding=\"async\" src=\"http:\/\/i1073.photobucket.com\/albums\/w382\/AelitaDiAg\/Gifs\/th_the-girl-of-the-dreams-a.gif\" alt=\"\"\/><\/figure><\/div>\n\n\n\n<p>Polega na przewidzeniu przysz\u0142o\u015bci. Przewidziane zosta\u0142o m.in. wpadni\u0119cie Yumi do cyfrowego morza.<\/p>\n\n\n\n<p>Plusy :<\/p>\n\n\n\n<p>&#8211; Mo\u017cna przewidziec co si\u0119 stanie w najbli\u017cszym czasie<\/p>\n\n\n\n<div style=\"height:9px\" aria-hidden=\"true\" class=\"wp-block-spacer\"><\/div>\n\n\n\n<p>Minusy :<\/p>\n\n\n\n<p>&#8211; Pe\u0142ne skupienie nie pozwala na walk\u0119 z potworami<\/p>\n\n\n\n<p><\/p>\n\n\n\n<p><strong>Teleportacja<\/strong><\/p>\n\n\n\n<p><\/p>\n\n\n\n<p>Nowa moc Odda&#8217;a zaprogramowana prze Jeremiego, ale podczas pierwszej pr\u00f3by teleportacji Odd&#8217;a pozostawi\u0142a klona w ka\u017cdym miejscu w jakim si\u0119 pojawi\u0142. Dlatego Jeremie musia\u0142 go naprawic, gdy to zrobi\u0142 Odd stwierdzi\u0142, \u017ce jej jednak nie chce.<\/p>\n\n\n\n<p>Plusy :<\/p>\n\n\n\n<p>&#8211; Pozwala na przemieszczanie kr\u00f3tkich odleg\u0142o\u015bci w Lyoko, bez pojazd\u00f3w<\/p>\n\n\n\n<div style=\"height:9px\" aria-hidden=\"true\" class=\"wp-block-spacer\"><\/div>\n\n\n\n<p>Minusy :<\/p>\n\n\n\n<p>&#8211; nie stwierdzone<\/p>\n\n\n\n<p><\/p>\n\n\n\n<p>[ Jedynym minusem by\u0142o to, \u017ce w ka\u017cde miejsce, w kt\u00f3re si\u0119 teleportowa\u0142 Odd pozostawia\u0142o ono tam jego klona. Ale Jeremie go naprawi\u0142, lecz on nie chcia\u0142 jej u\u017cywac]<\/p>\n\n\n\n<p><\/p>\n\n\n\n<p><strong>Animacje i zdj\u0119cia pochodz\u0105 z wyszukiwarki Google.pl oraz ze strony <a href=\"http:\/\/aelita-hopper.xanga.com\/\">http:\/\/<\/a><a href=\"http:\/\/aelita-hopper.xanga.com\/\" target=\"_blank\" rel=\"noreferrer noopener\">aelita<\/a><a href=\"http:\/\/aelita-hopper.xanga.com\/\">&#8211;<\/a><a href=\"http:\/\/aelita-hopper.xanga.com\/\" target=\"_blank\" rel=\"noreferrer noopener\">hopper<\/a><a href=\"http:\/\/aelita-hopper.xanga.com\/\">.xanga.<\/a><a href=\"http:\/\/aelita-hopper.xanga.com\/\" target=\"_blank\" rel=\"noreferrer noopener\">com<\/a><\/strong><\/p>\n","protected":false},"excerpt":{"rendered":"<p>Moce Aelity : Materializacja element\u00f3w Lyoko Gdy Aelita si\u0119 skupi potrafi wytworzyc elementy Lyoko, kt\u00f3re pomagaj\u0105 w ochronie przed potworami, walce z nimi, oraz by wydostac si\u0119 z pu\u0142apki Xany. Jest ona bardzo przydatna. Plusy: Ochrona przed potworami, lub pu\u0142apkami Xany Minusy: Pe\u0142ne skupienie nie pozwala na walk\u0119 z potworami Potrzebne jest moce skupienie, kt\u00f3re &hellip;<br \/><a href=\"https:\/\/kodlyoko.pl\/index.php\/kod-lyoko\/moce\/\" class=\"more-link pen_button pen_element_default pen_icon_arrow_double\">Read more<\/a><\/p>\n","protected":false},"author":5,"featured_media":0,"parent":187,"menu_order":0,"comment_status":"open","ping_status":"closed","template":"","meta":{"footnotes":""},"categories":[23],"tags":[],"class_list":["post-485","page","type-page","status-publish","hentry","category-menu-kod-lyoko"],"_links":{"self":[{"href":"https:\/\/kodlyoko.pl\/index.php\/wp-json\/wp\/v2\/pages\/485","targetHints":{"allow":["GET"]}}],"collection":[{"href":"https:\/\/kodlyoko.pl\/index.php\/wp-json\/wp\/v2\/pages"}],"about":[{"href":"https:\/\/kodlyoko.pl\/index.php\/wp-json\/wp\/v2\/types\/page"}],"author":[{"embeddable":true,"href":"https:\/\/kodlyoko.pl\/index.php\/wp-json\/wp\/v2\/users\/5"}],"replies":[{"embeddable":true,"href":"https:\/\/kodlyoko.pl\/index.php\/wp-json\/wp\/v2\/comments?post=485"}],"version-history":[{"count":10,"href":"https:\/\/kodlyoko.pl\/index.php\/wp-json\/wp\/v2\/pages\/485\/revisions"}],"predecessor-version":[{"id":498,"href":"https:\/\/kodlyoko.pl\/index.php\/wp-json\/wp\/v2\/pages\/485\/revisions\/498"}],"up":[{"embeddable":true,"href":"https:\/\/kodlyoko.pl\/index.php\/wp-json\/wp\/v2\/pages\/187"}],"wp:attachment":[{"href":"https:\/\/kodlyoko.pl\/index.php\/wp-json\/wp\/v2\/media?parent=485"}],"wp:term":[{"taxonomy":"category","embeddable":true,"href":"https:\/\/kodlyoko.pl\/index.php\/wp-json\/wp\/v2\/categories?post=485"},{"taxonomy":"post_tag","embeddable":true,"href":"https:\/\/kodlyoko.pl\/index.php\/wp-json\/wp\/v2\/tags?post=485"}],"curies":[{"name":"wp","href":"https:\/\/api.w.org\/{rel}","templated":true}]}}