{"id":481,"date":"2021-04-16T17:04:19","date_gmt":"2021-04-16T17:04:19","guid":{"rendered":"http:\/\/kodlyoko.pl\/?page_id=481"},"modified":"2021-04-16T17:04:20","modified_gmt":"2021-04-16T17:04:20","slug":"reboot-the-guardian-code-recenzja-sezonu-1","status":"publish","type":"page","link":"https:\/\/kodlyoko.pl\/index.php\/artykuly\/redaktorskie\/recenzje\/reboot-the-guardian-code-recenzja-sezonu-1\/","title":{"rendered":"ReBoot: The Guardian Code &#8211; recenzja sezonu 1"},"content":{"rendered":"\n<p class=\"has-drop-cap\">Trailer ReBoot: The Guardian Code wywo\u0142a\u0142 w Internecie spore poruszenie nie tylko w\u015br\u00f3d fan\u00f3w marki, ale r\u00f3wnie\u017c os\u00f3b wci\u0105\u017c pami\u0119taj\u0105cych o Kod Lyoko: na niespe\u0142na 2-minutowym trailerze wida\u0107 by\u0142o bowiem wi\u0119cej rzeczy kojarz\u0105cych si\u0119 z francusk\u0105 kresk\u00f3wk\u0105, ni\u017c ze starym ju\u017c orygina\u0142em. Grupa nastolatk\u00f3w pr\u00f3buj\u0105ca pogodzi\u0107 szkolne \u017cycie z ratowaniem \u015bwiata? Tajne laboratorium? Przenoszenie si\u0119 do wirtualnej rzeczywisto\u015bci? Dziewczyna, z pocz\u0105tku w niej uwi\u0119ziona, ostatecznie trafia na Ziemi\u0119? Sami przyznacie, \u017ce brzmi to podejrzanie znajomo i uwierzcie mi &#8211; fanom ReBoota te\u017c nie kojarzy si\u0119 to z ich ulubion\u0105 seri\u0105. Nic wi\u0119c dziwnego, \u017ce pierwsze oceny okaza\u0142y si\u0119 przyt\u0142aczaj\u0105co negatywne, a na tw\u00f3rc\u00f3w spad\u0142a fala krytyki. Czy by\u0142a to jednak s\u0142uszna krytyka? Nad tym w\u0142a\u015bnie spr\u00f3bujemy si\u0119 dzisiaj zastanowi\u0107.<\/p>\n\n\n\n<p>Zanim jednak przejdziemy do sedna, chcia\u0142bym wyja\u015bni\u0107 par\u0119 spraw, kt\u00f3re powinni\u015bcie mie\u0107 na uwadze podczas czytania tej recenzji. Po pierwsze, nigdy nie ogl\u0105da\u0142em starego ReBoota, dlatego nie b\u0119d\u0119 ocenia\u0142 The Guardian Code przez pryzmat orygina\u0142u (jak sami si\u0119 p\u00f3\u017aniej przekonacie, mo\u017ce to i lepiej). Ponadto, w tek\u015bcie znajdzie si\u0119 wiele por\u00f3wna\u0144 do Kod Lyoko z tego powodu, \u017ce ca\u0142o\u015b\u0107 pisa\u0142em z my\u015bl\u0105 o naszym fandomie, dlatego przepraszam, je\u017celi na stron\u0119 trafi\u0142e\u015b przez przypadek i nie jeste\u015b KL zbyt zainteresowany: mam nadziej\u0119, \u017ce mimo to uznasz recenzj\u0119 za przydatn\u0105. Chcia\u0142bym r\u00f3wnie\u017c zaznaczy\u0107, \u017ce przed premier\u0105 zdecydowanie nie nale\u017ca\u0142em do os\u00f3b zbulwersowanych licznymi podobie\u0144stwami do KL. Wr\u0119cz przeciwnie: cieszy\u0142em si\u0119, \u017ce pojawi si\u0119 co\u015b do podobnego do tej serii, gdy\u017c nie mam ju\u017c zbyt wielkich nadziei na to, \u017ce otrzymamy jak\u0105kolwiek kontynuacj\u0119 przyg\u00f3d Wojownik\u00f3w Lyoko. Zanim przejdziemy do sedna sprawy musz\u0119 jeszcze podkre\u015bli\u0107, \u017ce recenzja dotyczy jedynie pierwszego sezonu Re:Boota &#8211; by\u0107 mo\u017ce w przysz\u0142o\u015bci zajm\u0119 si\u0119 ocen\u0105 r\u00f3wnie\u017c pozosta\u0142ych 10 odcink\u00f3w, ale nic nie obiecuj\u0119.<\/p>\n\n\n\n<p>Na pocz\u0105tek warto pokr\u00f3tce opowiedzie\u0107, o czym w\u0142a\u015bciwie jest ten serial. ReBoot: The Guardian Code przedstawia widzom histori\u0119 czw\u00f3rki nastolatk\u00f3w rozpoczynaj\u0105cych nauk\u0119 w Alan Turing High School &#8211; szkole k\u0142ad\u0105cej ogromny nacisk na nowe technologie i rozw\u00f3j uczni\u00f3w w\u0142a\u015bnie w tej dziedzinie. Ju\u017c pierwszego dnia Trey (grany przez Gabriela Darku) Austin (Ty Wood), Parker (Ajay Friese) oraz Tamra (Sydney Scotia) otrzymuj\u0105 tajemnicz\u0105 wiadomo\u015b\u0107, w kt\u00f3rej dostaj\u0105 polecenie udania si\u0119 do tajemniczego Pokoju Zero. Bohaterowie szybko odkrywaj\u0105, \u017ce nie b\u0119d\u0105 wiedli spokojnego \u017cycia; zostali bowiem wytypowani przez sztuczn\u0105 inteligencj\u0119 Ver\u0119 (w tej roli Hannah Vandenbygaart) do obrony sieci przed zagro\u017ceniem ze strony hakera Sourcerera* (Bob Frazer). Nie jest to proste zadanie, ale do jego zrealizowania wcale nie musz\u0105 zna\u0107 si\u0119 na programowaniu &#8211; zamiast tego udaj\u0105 si\u0119 do Internetu (dos\u0142ownie), by jako Defrag, Vector, Coogz i Enigma zwalcza\u0107 wszelkiego rodzaju wirusy.<\/p>\n\n\n\n<p>Pierwszy zgrzyt pojawia si\u0119 ju\u017c na samym pocz\u0105tku inauguracyjnego odcinka; tw\u00f3rcy bowiem nie po\u015bwi\u0119caj\u0105 zbyt wiele czasu na kompletowanie dru\u017cyny i praktycznie od razu wysy\u0142aj\u0105 nasz\u0105 grupk\u0119 do sieci. Problem polega na tym, \u017ce bohaterowie najwyra\u017aniej nie potrzebuj\u0105 absolutnie \u017cadnego treningu i praktycznie od razu staj\u0105 si\u0119 niezwykle efektywnymi wojownikami. Co prawda autorzy staraj\u0105 si\u0119 uzasadni\u0107 to faktem, \u017ce protagoni\u015bci osi\u0105gn\u0119li najlepsze wyniki w grze mobilnej (sic!), kt\u00f3ra rzekomo mia\u0142a przygotowa\u0107 kandydat\u00f3w na Stra\u017cnik\u00f3w ich do nowej roli. C\u00f3\u017c, brzmi to co najmniej g\u0142upio &#8211; co\u015b w\u0105tpi\u0119, by np. najlepsza dru\u017cyna graj\u0105ca w Counter Strike`a mog\u0142a ot tak zosta\u0107 skutecznym oddzia\u0142em GROMu &#8211; ale niestety takim wyt\u0142umaczeniem b\u0119dziemy musieli si\u0119 zadowoli\u0107. W por\u00f3wnaniu z Oddem i Ulrichem, kt\u00f3rzy w czasie swojej pierwszej wyprawy do Lyoko ledwo co pokonali jednego potwora, wygl\u0105da to naprawd\u0119 s\u0142abo.<br>Dalej fabu\u0142a ma swoje wzloty i upadki, ale nigdy nie jest szczeg\u00f3lnie wyrafinowana. Wiele w\u0105tk\u00f3w to wr\u0119cz sztampa ameryka\u0144skich film\u00f3w (w tym negatywnym tego s\u0142owa znaczeniu), cho\u0107 zdarza\u0142y si\u0119 i takie, kt\u00f3re mo\u017cna uzna\u0107 za ca\u0142kiem interesuj\u0105ce. Wida\u0107 wyra\u017anie, \u017ce tw\u00f3rcy staraj\u0105 si\u0119 nakre\u015bli\u0107 jak\u0105\u015b wi\u0119ksz\u0105 intryg\u0119 w tle, ale pierwszy sezon nie pozwala jeszcze stwierdzi\u0107, czy ta sztuka im si\u0119 uda. Struktura odcink\u00f3w jest zbli\u017cona do tej znanej nam z KL: na pocz\u0105tku bohaterowie znajduj\u0105 si\u0119 na Ziemi, tam pojawia si\u0119 przed nimi problem, kt\u00f3ry b\u0119dzie tematem danego epizodu. Nast\u0119pnie dochodzi do ataku Sourcerera i ekipa musi si\u0119 uda\u0107 do Pokoju Zero, aby stawi\u0107 mu czo\u0142a. Na koniec za\u015b powracamy do prawdziwego \u015bwiata i tam poznajemy konkluzj\u0119 w\u0105tku przedstawionego na pocz\u0105tku odcinka. Szkoda tylko, \u017ce czasami owe rozwi\u0105zanie kompletnie nie wynika z rozwoju akcji. Ot, bohater ma jakie\u015b zmartwienie i pod koniec odcinka dochodzi do wniosku, \u017ce w sumie warto co\u015b zrobi\u0107 w tej sprawie &#8211; bez jakichkolwiek rozm\u00f3w czy przemy\u015ble\u0144 na ten temat.<br>Skoro jeste\u015bmy ju\u017c przy Stra\u017cnikach, to jestem zmuszony powiedzie\u0107, \u017ce s\u0105 to bardzo wy\u015bwiechtane i niezbyt rozwini\u0119te postacie (zrzuca\u0142bym to jednak na karb scenariusza, gdy\u017c sami aktorzy raczej nie s\u0105 jako\u015b wyj\u0105tkowo \u017ali). Ka\u017cdy z nich posiada g\u00f3ra dwie wyr\u00f3\u017cniaj\u0105ce go cechy, a \u017cadna z nich nie jest szczeg\u00f3lnie pomys\u0142owa. Trey? Wybitny gracz koszyk\u00f3wki, kt\u00f3ry posiada wymagaj\u0105cego ojca. Austin? Dobry ch\u0142opak, kt\u00f3ry straci\u0142 ojca i (teoretycznie) lider grupy. Parker? Geek, kt\u00f3ry zakochuje si\u0119 w sztucznej inteligencji (poniewa\u017c, oczywi\u015bcie, jest geekiem). Tamra? Blogerka\u2026 lubi\u0105ca muzyk\u0119? Przykro mi, w jej przypadku naprawd\u0119 nic innego nie przychodzi mi do g\u0142owy. Niestety, \u017cadne z nich nie wzbudzi\u0142o we mnie szczeg\u00f3lnej sympatii i raczej nikt z nich nie zostanie zapami\u0119tany przeze mnie na d\u0142u\u017cej. Na ich tle nieco lepiej wypada Vera, chocia\u017c wed\u0142ug mnie jest to zas\u0142uga naprawd\u0119 solidnej gry aktorskiej, a nie efekt pracy scenarzyst\u00f3w. Posta\u0107 ta jest bez w\u0105tpienia jedn\u0105 z najwi\u0119kszych zalet serii i chocia\u017c r\u00f3wnie\u017c nie zosta\u0142a poprowadzona w jaki\u015b odkrywczy spos\u00f3b, to Vandenbygaart uda\u0142o si\u0119 sprawi\u0107, \u017ce z dosy\u0107 prostego pomys\u0142u wysz\u0142o co\u015b wartego obejrzenia.<\/p>\n\n\n\n<p>Niestety nie mog\u0119 powiedzie\u0107 tego samego o postaci Sourcerera, na kt\u00f3rej szczeg\u00f3lnie si\u0119 zawiod\u0142em. Naprawd\u0119 ci\u0119\u017cko by\u0142oby sprawi\u0107, by by\u0142 jeszcze bardziej stereotypowy i jednowymiarowy; odnosz\u0119 wr\u0119cz wra\u017cenie, \u017ce tw\u00f3rcy po prostu spisali wszystkie skojarzenia, jakie przysz\u0142y im do g\u0142owy w ci\u0105gu pierwszych trzech minut po rzuceniu has\u0142a &#8220;antagonista&#8221; (z\u0142owrogi \u015bmiech, chce zniszczy\u0107 \u015bwiat bo tak, wpada w furi\u0119 przy niepowodzeniu itd.) oraz &#8220;haker&#8221; (niechluj, siedzi ca\u0142y czas przy komputerze, przy pomocy kilku stukni\u0119\u0107 w klawisze jest w stanie zrobi\u0107 praktycznie wszystko itd.) i nie pr\u00f3bowali nawet uczyni\u0107 z niego ciekawego z\u0142oczy\u0144cy. Megabyte, faworyt fandomu ReBoota, jest ju\u017c nieco bardziej interesuj\u0105cy dzi\u0119ki swojemu stylowi bycia, ale r\u00f3wnie\u017c u niego ci\u0119\u017cko si\u0119 dopatrze\u0107 jakiejkolwiek cechy odbiegaj\u0105cej od schematu. Fani doczekali si\u0119 powrotu na sta\u0142e jeszcze jednej starej postaci, ale o niej wola\u0142bym si\u0119 jeszcze nie wypowiada\u0107, gdy\u017c pojawi\u0142a si\u0119 tylko w jednym, ostatnim odcinku.<\/p>\n\n\n\n<p>Bohaterowie drugoplanowi r\u00f3wnie\u017c nie poprawiaj\u0105 obrazu sytuacji, cho\u0107by z tego prostego powodu, \u017ce po prostu nie ma ich zbyt wielu. Kodowi Lyoko, kt\u00f3rego odcinki s\u0105 bardzo podobnej d\u0142ugo\u015bci, w ci\u0105gu pierwszych 10 epizod\u00f3w uda\u0142o si\u0119 sprezentowa\u0107 ca\u0142kiem szerokie grono postaci pobocznych. Sissi, Nicolas, Herve, Milly, Tamiya, dyrektor Delmas, Jim, pani Hertz &#8211; ka\u017cde z nich dosta\u0142o troch\u0119 czasu antenowego, dzi\u0119ki czemu Kadic zdawa\u0142o si\u0119 t\u0119tni\u0107 \u017cyciem i nie by\u0107 tylko i wy\u0142\u0105cznie punktem startowym wypraw do Fabryki. Inaczej, niestety, wygl\u0105da to w przypadku ReBoota &#8211; poza Shari (fanka bloga Tamry, kt\u00f3ra zreszt\u0105 pojawia si\u0119 tylko w pocz\u0105tkowych odcinkach i nie wiem, czy w og\u00f3le jeszcze powr\u00f3ci) spo\u0142eczno\u015b\u0107 szko\u0142y pozostaje dla nas anonimowa. Do tego mo\u017cemy do\u0142o\u017cy\u0107 jeszcze niekt\u00f3rych rodzic\u00f3w Stra\u017cnik\u00f3w, go\u015bcinny wyst\u0119p postaci z oryginalnego ReBoota i\u2026 to by by\u0142o na tyle.<\/p>\n\n\n\n<p>Wr\u00f3\u0107my jeszcze na chwil\u0119 do Alan Turing High School. Sam koncept plac\u00f3wki specjalizuj\u0105cej si\u0119 w nowych technologiach jest dla mnie nie najgorszym pomys\u0142em; \u017ca\u0142uj\u0119 jedynie, i\u017c tw\u00f3rcy nie postanowili go jako\u015b bardziej wykorzysta\u0107. Owszem, w rozmowach bohater\u00f3w czasami przewija si\u0119 temat szkolnych obowi\u0105zk\u00f3w (i, co szczeg\u00f3lnie doceniam jako m\u0142ody adept informatyki, nie jest to jaki\u015b pseudonaukowy be\u0142kot, tylko zagadnienia, z kt\u00f3rymi pocz\u0105tkuj\u0105cy programi\u015bci faktycznie mog\u0105 si\u0119 zetkn\u0105\u0107). Ani razu nie widzimy jednak niczego, co nie by\u0142oby tylko zwyczajn\u0105, nudn\u0105 lekcj\u0105. Dosy\u0107 cz\u0119sto zagl\u0105damy za to do\u2026 sali gimnastycznej. Mo\u017ce troch\u0119 si\u0119 czepiam, ale przy takim, a nie innym settingu raczej nie jest to miejsce, kt\u00f3re chcieliby\u015bmy koniecznie zobaczy\u0107. Wielka szkoda, bo szko\u0142a mog\u0142aby by\u0107 sporym plusem serii, a zamiast tego dostali\u015bmy typowe liceum, kt\u00f3re tylko w teorii si\u0119 czym\u015b wyr\u00f3\u017cnia.<\/p>\n\n\n\n<p>No dobrze, ale przecie\u017c nikt nie b\u0119dzie ogl\u0105da\u0107 tego serialu dla jakiej\u015b tam szko\u0142y, znacznie wa\u017cniejszy jest \u015bwiat wirtualny, do kt\u00f3rego przenosz\u0105 si\u0119 Stra\u017cnicy. Ca\u0142o\u015b\u0107 zosta\u0142a wykonana przy pomocy Unreal Engine 4 &#8211; jednego z najs\u0142ynniejszych silnik\u00f3w do gier, kt\u00f3ry jest podstaw\u0105 takich hit\u00f3w jak Fortnite, PlayerUnknown`s Battlegrounds czy Life is Strange 2. A jak sprawi\u0142 si\u0119 przy tworzeniu dzie\u0142a przeznaczonego wy\u0142\u0105cznie do ogl\u0105dania? Z zadowoleniem mog\u0119 przyzna\u0107, \u017ce ca\u0142kiem nie\u017ale. Animacje s\u0105 bardzo p\u0142ynne, a wszystkie postacie i sam Internet ogl\u0105da si\u0119 bardzo przyjemnie. Po cichu licz\u0119 na to, \u017ce ReBoot nie b\u0119dzie jedyn\u0105 seri\u0105, kt\u00f3re skorzysta\u0142a z tej technologii i kolejne studia postanowi\u0105 wykorzysta\u0107 silniki do gier w swoich produkcjach (Mediatoon pls). Same projekty poszczeg\u00f3lnych lokacji r\u00f3wnie\u017c s\u0105 w porz\u0105dku, cho\u0107 bez jakich\u015b wielkich fajerwerk\u00f3w &#8211; raczej w\u0105tpi\u0119, by kt\u00f3rakolwiek z nich zosta\u0142a zapami\u0119tana na d\u0142u\u017cej.<\/p>\n\n\n\n<p>Sceny walki r\u00f3wnie\u017c prezentuj\u0105 si\u0119 przyzwoicie, cho\u0107 osobi\u015bcie znacznie bardziej wol\u0119 sekwencje z Kodu Lyoko z tego prostego powodu, \u017ce w The Guardian Code si\u0142a przeciwnik\u00f3w wynika zazwyczaj z ich liczebno\u015bci, a nie si\u0142y bojowej. Stra\u017cnicy cz\u0119sto atakowani s\u0105 przez ogromne rzesze przeciwnik\u00f3w, dlatego sami w wi\u0119kszo\u015bci przypadk\u00f3w s\u0105 w stanie wyeliminowa\u0107 wroga (czasem nawet kilku jednocze\u015bnie) pojedynczym atakiem. Czasami do walki wkracza jaki\u015b silniejszy oponent, jak na przyk\u0142ad Megabyte, ale moim zdaniem choreografia tych pojedynk\u00f3w mog\u0142aby by\u0107 lepsza. We wszystkich starciach protagoni\u015bci korzystaj\u0105 z szerokiego wachlarza umiej\u0119tno\u015bci &#8211; tak samo jak we francuskiej kresk\u00f3wce, ka\u017cdy bohater ma swoj\u0105 w\u0142asn\u0105 bro\u0144, pojazd i zdolno\u015b\u0107 specjaln\u0105.<\/p>\n\n\n\n<p>Przed zako\u0144czeniem recenzji chcia\u0142bym zwr\u00f3ci\u0107 uwag\u0119 na jeszcze jeden problem, kt\u00f3ry rzuci\u0142 mi si\u0119 w oczy i o kt\u00f3rym zd\u0105\u017cy\u0142em ju\u017c wspomnie\u0107 przy opisie zawi\u0105zania akcji. Mianowicie, przynajmniej w kilku momentach wydawa\u0142o mi si\u0119, \u017ce rozwi\u0105zania wybrane przez scenarzyst\u00f3w by\u0142o p\u00f3j\u015bciem na \u0142atwizn\u0119, byle tylko popchn\u0105\u0107 fabu\u0142\u0119 do przodu. Dla przyk\u0142adu, ju\u017c w trzecim odcinku Parker by\u0142 w stanie stworzy\u0107 now\u0105 bro\u0144 dla swojego awatara. Jak to mo\u017cliwe, skoro nigdy wcze\u015bniej nie dotyka\u0142 si\u0119 do komputer\u00f3w w Pokoju Zero? W innym epizodzie tw\u00f3rcy postanowili doda\u0107 scen\u0119 z Ver\u0105 poprawiaj\u0105c\u0105 b\u0142\u0105d nauczyciela (swoj\u0105 drog\u0105 jej pocz\u0105tek by\u0142 ca\u0142kiem zabawny, cho\u0107 mia\u0142ka fabu\u0142a ostatecznie j\u0105 popsu\u0142a). I to jest jak najbardziej w porz\u0105dku &#8211; wyk\u0142adowcy to w ko\u0144cu te\u017c s\u0105 ludzie i zdarza im si\u0119 pomyli\u0107. W czym wi\u0119c problem? C\u00f3\u017c, raczej w\u0105tpi\u0119, by jakikolwiek szanuj\u0105cy si\u0119 nauczyciel fizyki\/elektroniki (czy nawet przeci\u0119tny absolwent gimnazjum) powiedzia\u0142by z ca\u0142ym przekonaniem, \u017ce napi\u0119cie elektryczne to to samo, co nat\u0119\u017cenie. Takich g\u0142upotek fabularnych jest niestety wi\u0119cej i czasami bardzo k\u0142uj\u0105 w oczy.<\/p>\n\n\n\n<p>Z przykro\u015bci\u0105 stwierdzam, \u017ce nowy ReBoot troch\u0119 mnie zawi\u00f3d\u0142. Po zobaczeniu zapowiedzi bardzo liczy\u0142em na to, \u017ce otrzymamy dobrze zrealizowanego, duchowego spadkobierc\u0119 Kod Lyoko (i, oczywi\u015bcie, starego ReBoota, cho\u0107 dla nas jest to sprawa drugorz\u0119dna). Cho\u0107 The Guardian Code ma swoje plusy, konieczne jest prze\u0142kni\u0119cie wielu wad, by do nich dotrze\u0107. Czy warto po\u015bwi\u0119ci\u0107 czas na obejrzenie tej serii? Je\u017celi jeste\u015bcie spragnieni zobaczenia czego\u015b pokrewnego do KL (lub Power Rangers, co wielu internaut\u00f3w zd\u0105\u017cy\u0142o ju\u017c tw\u00f3rcom wytkn\u0105\u0107), to mo\u017cecie po ni\u0105 si\u0119gn\u0105\u0107 &#8211; podobie\u0144stwo jest naprawd\u0119 spore, wi\u0119c pod tym wzgl\u0119dem si\u0119 nie zawiedziecie. W przeciwnym wypadku raczej nie ma co si\u0119 fatygowa\u0107, w dzisiejszych czasach wychodzi zbyt wiele seriali wartych obejrzenia, by zawraca\u0107 sobie g\u0142ow\u0119 czym\u015b takim, jak R:TGC.<\/p>\n\n\n\n<p>Podsumowanie:<\/p>\n\n\n\n<p>+Bardzo dobra gra aktorki wcielaj\u0105cej si\u0119 w Ver\u0119.<\/p>\n\n\n\n<p>+Grafika i animacja prezentuje si\u0119 naprawd\u0119 przyzwoicie.<\/p>\n\n\n\n<p>+Nie najgorsze sceny walki.<\/p>\n\n\n\n<p>+Ca\u0142kiem fajny pomys\u0142 na setting\u2026<\/p>\n\n\n\n<p>-\u2026kt\u00f3ry nie zostaje jednak nale\u017cycie wykorzystany.<\/p>\n\n\n\n<p>-Zbyt po\u015bpieszne wprowadzenie w seri\u0119.<\/p>\n\n\n\n<p>-Brak rozwoju w\u0105tk\u00f3w przewodnich odcink\u00f3w, problemy cz\u0119sto rozwijaj\u0105 si\u0119 same z siebie.<\/p>\n\n\n\n<p>-G\u0142upotki scenariuszowe z serii &#8220;nie wiem jak sensownie popchn\u0105\u0107 fabu\u0142\u0119 do przodu, wi\u0119c p\u00f3jd\u0119 po linii najmniejszego oporu&#8221;.<\/p>\n\n\n\n<p>-Stereotypowi, niezbyt rozwini\u0119ci bohaterowie.<\/p>\n\n\n\n<p>-Fatalnie zaprojektowany antagonista.<\/p>\n\n\n\n<p>Ocena ko\u0144cowa: 3,5\/10<\/p>\n\n\n\n<p>*Wybaczcie, \u017ce w tym przypadku nie u\u017cywam polskiego odpowiednika (o ile takowy powsta\u0142), ale serial ogl\u0105da\u0142em w j\u0119zyku angielskim. Sourcerer to zreszt\u0105 ca\u0142kiem ciekawy zlepek s\u0142\u00f3w: &#8220;sorcerer&#8221; to po polsku &#8220;czarodziej&#8221;, &#8220;source&#8221; natomiast oznacza &#8220;\u017ar\u00f3d\u0142o&#8221; (jest to nawi\u0105zanie do takich termin\u00f3w, jak &#8220;kod \u017ar\u00f3d\u0142owy&#8221; czy &#8220;plik \u017ar\u00f3d\u0142owy&#8221;). Je\u017celi mia\u0142bym wskaza\u0107 jakikolwiek plus w kreacji g\u0142\u00f3wnego antagonisty Re:Boota, to by\u0142aby to w\u0142a\u015bnie ta ksywka.<\/p>\n\n\n\n<p><em>Autor: Mayakovsky<\/em><\/p>\n","protected":false},"excerpt":{"rendered":"<p>Trailer ReBoot: The Guardian Code wywo\u0142a\u0142 w Internecie spore poruszenie nie tylko w\u015br\u00f3d fan\u00f3w marki, ale r\u00f3wnie\u017c os\u00f3b wci\u0105\u017c pami\u0119taj\u0105cych o Kod Lyoko: na niespe\u0142na 2-minutowym trailerze wida\u0107 by\u0142o bowiem wi\u0119cej rzeczy kojarz\u0105cych si\u0119 z francusk\u0105 kresk\u00f3wk\u0105, ni\u017c ze starym ju\u017c orygina\u0142em. Grupa nastolatk\u00f3w pr\u00f3buj\u0105ca pogodzi\u0107 szkolne \u017cycie z ratowaniem \u015bwiata? Tajne laboratorium? Przenoszenie si\u0119 &hellip;<br \/><a href=\"https:\/\/kodlyoko.pl\/index.php\/artykuly\/redaktorskie\/recenzje\/reboot-the-guardian-code-recenzja-sezonu-1\/\" class=\"more-link pen_button pen_element_default pen_icon_arrow_double\">Read more<\/a><\/p>\n","protected":false},"author":5,"featured_media":0,"parent":479,"menu_order":0,"comment_status":"open","ping_status":"closed","template":"","meta":{"footnotes":""},"categories":[31],"tags":[],"class_list":["post-481","page","type-page","status-publish","hentry","category-artykuly-recenzje"],"_links":{"self":[{"href":"https:\/\/kodlyoko.pl\/index.php\/wp-json\/wp\/v2\/pages\/481","targetHints":{"allow":["GET"]}}],"collection":[{"href":"https:\/\/kodlyoko.pl\/index.php\/wp-json\/wp\/v2\/pages"}],"about":[{"href":"https:\/\/kodlyoko.pl\/index.php\/wp-json\/wp\/v2\/types\/page"}],"author":[{"embeddable":true,"href":"https:\/\/kodlyoko.pl\/index.php\/wp-json\/wp\/v2\/users\/5"}],"replies":[{"embeddable":true,"href":"https:\/\/kodlyoko.pl\/index.php\/wp-json\/wp\/v2\/comments?post=481"}],"version-history":[{"count":1,"href":"https:\/\/kodlyoko.pl\/index.php\/wp-json\/wp\/v2\/pages\/481\/revisions"}],"predecessor-version":[{"id":482,"href":"https:\/\/kodlyoko.pl\/index.php\/wp-json\/wp\/v2\/pages\/481\/revisions\/482"}],"up":[{"embeddable":true,"href":"https:\/\/kodlyoko.pl\/index.php\/wp-json\/wp\/v2\/pages\/479"}],"wp:attachment":[{"href":"https:\/\/kodlyoko.pl\/index.php\/wp-json\/wp\/v2\/media?parent=481"}],"wp:term":[{"taxonomy":"category","embeddable":true,"href":"https:\/\/kodlyoko.pl\/index.php\/wp-json\/wp\/v2\/categories?post=481"},{"taxonomy":"post_tag","embeddable":true,"href":"https:\/\/kodlyoko.pl\/index.php\/wp-json\/wp\/v2\/tags?post=481"}],"curies":[{"name":"wp","href":"https:\/\/api.w.org\/{rel}","templated":true}]}}