{"id":469,"date":"2021-04-16T16:56:06","date_gmt":"2021-04-16T16:56:06","guid":{"rendered":"http:\/\/kodlyoko.pl\/?page_id=469"},"modified":"2021-04-16T16:56:07","modified_gmt":"2021-04-16T16:56:07","slug":"rozdzial-1","status":"publish","type":"page","link":"https:\/\/kodlyoko.pl\/index.php\/artykuly\/opowiadania\/serie\/inny-swiat\/rozdzial-1\/","title":{"rendered":"Rozdzia\u0142 1"},"content":{"rendered":"\n<p class=\"has-drop-cap\">Od czego by tu zacz\u0105\u0107? \u2013 zapyta\u0142 si\u0119 sam siebie, obracaj\u0105c w palcach smuk\u0142e, czarne pi\u00f3ro.<br><br>&#8221; Rok 400. Panowania Kr\u00f3la Elf\u00f3w.<br>Jeremy Belpois.<br>Wynalazca.<br>Dzie\u0144 1.<br>Szukaj\u0105c cz\u0119\u015bci do mojego nowego wynalazku, w nieznanego pochodzenia ruinach na wyspie na \u015brodku rzeki odkry\u0142em dziwaczn\u0105 konstrukcj\u0119 pokryt\u0105 niezrozumia\u0142ymi symbolami. Prawdopodobnie kryje w sobie jaki\u015b mechanizm. Spr\u00f3buj\u0119 go uruchomi\u0107&#8221;<br><br>\u2013 Zacznijmy od tego, \u017ce znalaz\u0142em Lyjak\u0119. Lyjaka, lub Lyoko, jak m\u00f3wi\u0142a na to Stra\u017cniczka, jest innym \u015bwiatem. Stra\u017cniczka wygl\u0105da jak elfka, ale nie brzmi jak jedna z nich. Podejrzewam, \u017ce jest hybryd\u0105&#8230; Chocia\u017c uczesana jest jak chochlik.<br><br>Rozm\u00f3wca si\u0119 za\u015bmia\u0142.<br><br>\u2013 Kontynuuj\u0105c \u2013 zapisa\u0142 co\u015b na kartce.<br><br>&#8221; Rok 400. Panowania Kr\u00f3la Elf\u00f3w.<br>Dzie\u0144 2.<br>Mechanizm dzia\u0142a bez zarzut\u00f3w. Dzi\u0119ki niemu uda\u0142o mi si\u0119 skontaktowa\u0107 z jego stra\u017cniczk\u0105. Nie poda\u0142a swojego imienia. Kraina, w kt\u00f3rej si\u0119 znajduje nazywa si\u0119 Lyjaka. Nie wiem, jakim sposobem si\u0119 kontaktujemy. Prawdopodobnie to magia.&#8221;<br><br>\u2013 Jestem w stanie wej\u015b\u0107 do Lyjaki. My\u015bl\u0119 jednak, \u017ce lepiej by\u0142oby wys\u0142a\u0107 jakie\u015b zwierze. Nie jestem pewien, jak to dzia\u0142a. Je\u015bli to magia, to u\u017cycie jej mo\u017ce zosta\u0107 zauwa\u017cone. Je\u015bli przemie\u015bci si\u0119 zwierze, b\u0119dzie \u0142atwiej uciec, je\u015bli sygna\u0142 b\u0119dzie da\u0142o si\u0119 wykry\u0107.<br><br>\u2013 Rozumiem. Sk\u0105d we\u017amiesz zwierze?<br><br>\u2013 Czy tw\u00f3j wsp\u00f3\u0142lokator nie trzyma przypadkiem jakiego\u015b szczura?<br><br>\u2013 Psa. C\u00f3\u017c, nie t\u0119skni\u0142bym za nim. Mam go przynie\u015b\u0107?<br><br>\u2013 Tak. Jutro, \u017ceby nikt ci\u0119 nie widzia\u0142.<br><br>\u2013 Mo\u017ce by\u0107 problem. Jutro c\u00f3rka burmistrza ma urodziny.<br><br>\u2013 A\u017c tak ci na niej zale\u017cy? \u2013 zdziwi\u0142 si\u0119.<br><br>\u2013 Niee \u2013 rozm\u00f3wca machn\u0105\u0142 r\u0119k\u0105. \u2013 Ale jej matka jest p\u00f3\u0142elfk\u0105. Je\u015bli dowie si\u0119, \u017ce unikam jej c\u00f3rki, mog\u0119 trafi\u0107 do wi\u0119zienia.<br><br>\u2013 Spokojnie. Co\u015b wymy\u015blimy.<br><br>***<br><br>&#8220;Dzie\u0144 3.<br>Nast\u0105pi\u0142y pewne komplikacje.&#8221;<br><br><br>***<br>Aelita otworzy\u0142a oczy. Mia\u0142a naprawd\u0119 dziwny sen. Wydawa\u0142 si\u0119 bardzo realny, ale przecie\u017c nie m\u00f3g\u0142 by\u0107! Wsta\u0142a, ziewaj\u0105c. Rozejrza\u0142a si\u0119 po pokoju. Potem podesz\u0142a do szafy, wyj\u0119\u0142a czyste ubrania, r\u0119cznik i wysz\u0142a w stron\u0119 \u0142azienki. Dopiero tam zorientowa\u0142a si\u0119, \u017ce jest jeszcze ca\u0142kiem ciemno.<br>~ Jim nie zwr\u00f3ci uwagi ~ pomy\u015bla\u0142a. Czasami sz\u0142a pod prysznic w \u015brodku nocy. Nigdy nikt jej nie zaczepi\u0142 z tego powodu.<br>Rozebra\u0142a si\u0119, od\u0142o\u017cy\u0142a rzeczy na p\u00f3\u0142k\u0119 i wesz\u0142a do kabiny. Odkr\u0119ci\u0142a wod\u0119. Strumie\u0144 wody sp\u0142yn\u0105\u0142 po niej, a ona wtedy zorientowa\u0142a si\u0119, jak by\u0142a rozgrzana. A mo\u017ce to woda by\u0142a tak zimna? Wzi\u0119\u0142a kilka g\u0142\u0119bokich wdech\u00f3w, podkr\u0119caj\u0105c temperatur\u0119. Wzi\u0119\u0142a swoj\u0105 kostk\u0119 myd\u0142a &#8211; r\u00f3\u017cow\u0105 jak jej w\u0142osy- i namydli\u0142a si\u0119. Musia\u0142a dok\u0142adnie umy\u0107 swoje cia\u0142o, by zapomnie\u0107 o \u015bnie i uspokoi\u0107 my\u015bli. Lyjaka. Pokr\u0119ci\u0142a g\u0142ow\u0105. Wzi\u0119\u0142a szampon i natar\u0142a nim w\u0142osy. Po chwili piana sp\u0142yn\u0119\u0142a po niej. Wy\u0142\u0105czy\u0142a wod\u0119. Przez chwil\u0119 sta\u0142a, s\u0142uchaj\u0105c niewiadomo czego. W ko\u0144cu jednak wysz\u0142a, zawijaj\u0105c si\u0119 w r\u0119cznik. Wytar\u0142a si\u0119 i szybko ubra\u0142a. Potem podesz\u0142a do grzejnika, powiesi\u0142a r\u0119cznik i zabra\u0142a swoje rzeczy. Przez chwil\u0119 si\u0119 zawaha\u0142a, znowu nas\u0142uchuj\u0105c, jednak po chwili wysz\u0142a z \u0142azienki i wr\u00f3ci\u0142a do pokoju.<br>Pi\u0105ta rano. Nie by\u0142o tak wcze\u015bnie. Po\u0142o\u017cy\u0142a si\u0119, wpatruj\u0105c si\u0119 w sufit. Nie mog\u0142a zamkn\u0105\u0107 oczu. Na szcz\u0119\u015bcie sen coraz bardziej znika\u0142 z jej pami\u0119ci. W ko\u0144cu uda\u0142o jej si\u0119 wr\u00f3ci\u0107 do spania. Zamkn\u0105\u0107 oczy. Odp\u0142yn\u0105\u0107.<br><br>***<br><br>\u2013 Hej! Aelita! \u2013 kto\u015b potrz\u0105sa\u0142 ni\u0105. Ledwo otworzy\u0142a oczy, poderwano j\u0105 do pozycji siedz\u0105cej. \u2013 Co si\u0119 dzieje? \u2013 zapyta\u0142 znajomy g\u0142os.<br>\u2013 Ulrich?<br>\u2013 Zemdla\u0142a\u015b? \u2013 zapyta\u0142 drugi g\u0142os. Odd.<br>\u2013 Nie. Po prostu zasn\u0119\u0142am&#8230;<br>\u2013 Jest d\u0142uga przerwa. Kryli\u015bmy ci\u0119, ale Jeremy odchodzi\u0142 od zmys\u0142\u00f3w.<br>\u2013 Jeremy? \u2013 oprzytomnia\u0142a troch\u0119 dziewczyna. \u2013 Gdzie on jest?!<br>\u2013 Polecia\u0142 do fabryki. My\u015bla\u0142, \u017ce tam jeste\u015b. Wszystko w porz\u0105dku?<br>\u2013 Chyba tak&#8230;<br>\u2013 We\u017amiemy ci\u0119 do piel\u0119gniarki \u2013 powiedzia\u0142 Ulrich.<br>\u2013 Nie trzeba \u2013 dziewczyna pomacha\u0142a r\u0119k\u0105 przed twarz\u0105. \u2013 Po prostu nie mog\u0142am w nocy spa\u0107 \u2013 sk\u0142ama\u0142a. \u2013 \u015ani\u0142o mi si\u0119 Lyjaka&#8230;<br>\u2013 Co? \u2013 zapyta\u0142 Odd.<br>\u2013 Co? \u2013 zdziwi\u0142a si\u0119. \u2013 Lyoko. Przecie\u017c m\u00f3wi\u0119.<br>\u2013 P\u00f3jdziemy do piel\u0119gniarki. Przynajmniej nie b\u0119dziesz mia\u0142a kolejnej nieobecno\u015bci. Dobrze?<br>\u2013 Nic mi nie jest! \u2013 zdenerwowa\u0142a si\u0119 dziewczyna. Wsta\u0142a, odepchn\u0119\u0142a ch\u0142opc\u00f3w i wysz\u0142a z pokoju.<br><br>***<br><br>Xana. Xanthie. Kap\u0142anka czarnych elf\u00f3w Xanthie. Skontaktowa\u0142a si\u0119 z programem kilka dni temu. Jej zagra\u017ca\u0142a Stra\u017cniczka. Jemu Aelita. Xanthie by\u0142a siostr\u0105 Stra\u017cniczki. Xana &#8220;dzieckiem&#8221; Walda. Dogadali si\u0119. Stra\u017cniczka nie mog\u0142a oprze\u0107 si\u0119 programowi. Aelita nie potrafi\u0142a walczy\u0107 z czarn\u0105 magi\u0105. Idealna sytuacja.<br>Xana jednak czu\u0142 niedosyt. Pewnie, \u017ce cieszy\u0142 si\u0119 z wygranej, ale nie do ko\u0144ca rozumia\u0142, sk\u0105d wzi\u0119\u0142a si\u0119 Xanthie. Nie rozumia\u0142 jej magii. Nie rozumia\u0142 jej \u015bwiata. Wype\u0142nia\u0142 kolejne punkty przygotowanego przez ni\u0105 planu&#8230; I nie by\u0142 pewien ich sensu. Dlaczego mia\u0142 niszczy\u0107 inn\u0105 przestrze\u0144, skoro jego rozkazy dotyczy\u0142y tej drugiej? Dlaczego mia\u0142 da\u0107 Xanthie manipulowa\u0107 Aelit\u0105, skoro sam m\u00f3g\u0142 to zrobi\u0107?<br>Oczywi\u015bcie, by\u0142 ciekaw jak potoczy si\u0119 ta sytuacja. W przeciwie\u0144stwie do niego Xanthie by\u0142a istot\u0105, w pewnym sensie, ludzk\u0105, zatem jej czyny by\u0142y zupe\u0142nie nieprzewidywalne. Nie umia\u0142 powiedzie\u0107, co tak na prawd\u0119 zrobi, nawet je\u015bli dok\u0142adnie b\u0119dzie wype\u0142nia\u0142a przygotowany przez niego plan. Troch\u0119 si\u0119 tego ba\u0142&#8230; Cz\u0142owiek cz\u0119sto zmienia\u0142 zdanie. Xanthie mog\u0142a go zdradzi\u0107.<br>Wtedy on m\u00f3g\u0142 zdradzi\u0107 j\u0105. Nic go nie ogranicza\u0142o.<br>\u015awiat Xanthie w pewnym sensie go fascynowa\u0142. Elfy rz\u0105dz\u0105ce \u015bwiatem ludzi, dziwaczne rasy, kt\u00f3re mo\u017cna by\u0142o napotka\u0107 w konkretnych miejscach. Z jednej strony maszyny, z drugiej magia. Nierealne po\u0142\u0105czenie. Gdyby Xanthia nie dzia\u0142a\u0142a&#8230; Gdyby on nie m\u00f3g\u0142 dzia\u0142a\u0107 w jej \u015bwiecie, pomy\u015bla\u0142by, \u017ce to jakie\u015b oszustwo. \u017be jego program zosta\u0142 uszkodzony. Przez kogo i w jakim celu? Wydawa\u0142o mu si\u0119, \u017ce wszystko jest w porz\u0105dku, jednak ta opcja wydawa\u0142a si\u0119 niesamowicie prawdopodobna. By\u0142o to bardziej realistyczne, ni\u017c ta ca\u0142a magia&#8230; Ale kurcze, po co to komu?!<br><br>***<br><br>&#8220;Rok 403. Panowania Kr\u00f3la Elf\u00f3w.<br>Jeremy Belpois.<br>Wynalazca.<br>To prawdopodobnie ostatni wpis w moim dzienniku. Pr\u00f3bowa\u0142em stworzy\u0107 co\u015b, co pozwoli Stra\u017cniczce wyswobodzi\u0107 si\u0119 z pod w\u0142adzy Xanthie. Niestety, zostali\u015bmy zdradzeni. Nie wiem, kto. Nie wiem, dlaczego. Do ruin wszed\u0142 oddzia\u0142 stra\u017cy. Pr\u00f3bowali\u015bmy si\u0119 broni\u0107, jednak tylko ja prze\u017cy\u0142em<br><br>My\u015bl\u0119&#8230;<br>\u017ce stra\u017cniczka nas zdradzi\u0142a&#8221;<\/p>\n\n\n\n<p><em>Autorka: Ananasims<\/em><\/p>\n","protected":false},"excerpt":{"rendered":"<p>Od czego by tu zacz\u0105\u0107? \u2013 zapyta\u0142 si\u0119 sam siebie, obracaj\u0105c w palcach smuk\u0142e, czarne pi\u00f3ro. &#8221; Rok 400. Panowania Kr\u00f3la Elf\u00f3w.Jeremy Belpois.Wynalazca.Dzie\u0144 1.Szukaj\u0105c cz\u0119\u015bci do mojego nowego wynalazku, w nieznanego pochodzenia ruinach na wyspie na \u015brodku rzeki odkry\u0142em dziwaczn\u0105 konstrukcj\u0119 pokryt\u0105 niezrozumia\u0142ymi symbolami. Prawdopodobnie kryje w sobie jaki\u015b mechanizm. Spr\u00f3buj\u0119 go uruchomi\u0107&#8221; \u2013 Zacznijmy &hellip;<br \/><a href=\"https:\/\/kodlyoko.pl\/index.php\/artykuly\/opowiadania\/serie\/inny-swiat\/rozdzial-1\/\" class=\"more-link pen_button pen_element_default pen_icon_arrow_double\">Read more<\/a><\/p>\n","protected":false},"author":5,"featured_media":0,"parent":467,"menu_order":0,"comment_status":"open","ping_status":"closed","template":"","meta":{"footnotes":""},"categories":[29],"tags":[],"class_list":["post-469","page","type-page","status-publish","hentry","category-artykuly-inny-swiat"],"_links":{"self":[{"href":"https:\/\/kodlyoko.pl\/index.php\/wp-json\/wp\/v2\/pages\/469","targetHints":{"allow":["GET"]}}],"collection":[{"href":"https:\/\/kodlyoko.pl\/index.php\/wp-json\/wp\/v2\/pages"}],"about":[{"href":"https:\/\/kodlyoko.pl\/index.php\/wp-json\/wp\/v2\/types\/page"}],"author":[{"embeddable":true,"href":"https:\/\/kodlyoko.pl\/index.php\/wp-json\/wp\/v2\/users\/5"}],"replies":[{"embeddable":true,"href":"https:\/\/kodlyoko.pl\/index.php\/wp-json\/wp\/v2\/comments?post=469"}],"version-history":[{"count":1,"href":"https:\/\/kodlyoko.pl\/index.php\/wp-json\/wp\/v2\/pages\/469\/revisions"}],"predecessor-version":[{"id":470,"href":"https:\/\/kodlyoko.pl\/index.php\/wp-json\/wp\/v2\/pages\/469\/revisions\/470"}],"up":[{"embeddable":true,"href":"https:\/\/kodlyoko.pl\/index.php\/wp-json\/wp\/v2\/pages\/467"}],"wp:attachment":[{"href":"https:\/\/kodlyoko.pl\/index.php\/wp-json\/wp\/v2\/media?parent=469"}],"wp:term":[{"taxonomy":"category","embeddable":true,"href":"https:\/\/kodlyoko.pl\/index.php\/wp-json\/wp\/v2\/categories?post=469"},{"taxonomy":"post_tag","embeddable":true,"href":"https:\/\/kodlyoko.pl\/index.php\/wp-json\/wp\/v2\/tags?post=469"}],"curies":[{"name":"wp","href":"https:\/\/api.w.org\/{rel}","templated":true}]}}