{"id":458,"date":"2021-04-15T18:49:29","date_gmt":"2021-04-15T18:49:29","guid":{"rendered":"http:\/\/kodlyoko.pl\/?page_id=458"},"modified":"2021-04-15T18:49:30","modified_gmt":"2021-04-15T18:49:30","slug":"rozdzial-2","status":"publish","type":"page","link":"https:\/\/kodlyoko.pl\/index.php\/artykuly\/opowiadania\/serie\/aurora\/rozdzial-2\/","title":{"rendered":"Rozdzia\u0142 2"},"content":{"rendered":"\n<p class=\"has-drop-cap\">Odd podbieg\u0142 do drzwi, zamkn\u0105\u0142 je na klucz i przewr\u00f3ci\u0142 szaf\u0119 z ubraniami. Nakaza\u0142 zgasi\u0107 \u015bwiat\u0142a i zas\u0142oni\u0107 okno. Inni spojrzeli na niego z niedowierzaniem.<\/p>\n\n\n\n<p>&#8211; Co tak stoicie?! Ulrich pom\u00f3\u017c mi to przesun\u0105\u0107, musimy si\u0119 tu zabarykadowa\u0107. To apokalipsa zombie!<\/p>\n\n\n\n<p>&#8211; Nie przesadzaj Odd\u2026 To wszystko da si\u0119 na pewno racjonalnie wyja\u015bni\u0107\u2026<\/p>\n\n\n\n<p>&#8211; Ciekawe jak? Wirus, Wojsko, Kwarantanna\u2026 Sissi musia\u0142a w jaki\u015b spos\u00f3b zarazi\u0107 si\u0119 pierwsza. Ugryz\u0142a Emily\u2026 Nie mo\u017cecie pozwoli\u0107 da\u0107 si\u0119 ugry\u017a\u0107 ani podrapa\u0107!<\/p>\n\n\n\n<p>&#8211; Sk\u0105d ty to wszystko wiesz?<\/p>\n\n\n\n<p>&#8211; Co, film\u00f3w o zombie nie ogl\u0105dacie?<\/p>\n\n\n\n<p>&#8211; Odd, nie ma \u017cadnych zombie, to po prostu\u2026 &#8211; Jeremy nie wiedzia\u0142 co powiedzie\u0107.<\/p>\n\n\n\n<p>Ca\u0142a sytuacja wydawa\u0142a si\u0119 strasznie abstrakcyjna, ale po chwili wszyscy zacz\u0119li wykonywa\u0107 polecenia Odda, nikt nie m\u00f3g\u0142 zebra\u0107 my\u015bli.<\/p>\n\n\n\n<p>Na korytarzu co jaki\u015b czas by\u0142o s\u0142ycha\u0107 czyje\u015b kroki i d\u017awi\u0119k trzaskanych drzwi, wygl\u0105da\u0142o na to, \u017ce wi\u0119kszo\u015b\u0107 os\u00f3b r\u00f3wnie\u017c postanowi\u0142a zamkn\u0105\u0107 si\u0119 w pokojach i nie wychodzi\u0107. Ulrich powiedzia\u0142 bardziej do siebie ni\u017c do innych, \u017ce musi zadzwoni\u0107 do Yumi. Brak zasi\u0119gu. Jeremy pr\u00f3bowa\u0142 po\u0142\u0105czy\u0107 si\u0119 z internetem ale r\u00f3wnie\u017c jemu to si\u0119 nie uda\u0142o. Wygl\u0105da\u0142o na to, \u017ce byli odci\u0119ci od \u015bwiata.<\/p>\n\n\n\n<p>&#8211; Boj\u0119 si\u0119&#8230; &#8211; szepn\u0119\u0142a Aelita.<\/p>\n\n\n\n<p>&#8211; Wszystko b\u0119dzie dobrze &#8211; pr\u00f3bowa\u0142 pocieszy\u0107 j\u0105 Jeremy. &#8211; Dobrze, \u017ce jest tu wojsko, na pewno zaraz opanuj\u0105 sytuacj\u0119 i jak zobacz\u0105, \u017ce jeste\u015bmy zdrowi, zabior\u0105 nas st\u0105d.<\/p>\n\n\n\n<p>W tym momencie us\u0142yszeli przera\u017aliwy huk i d\u017awi\u0119k \u0142amanego drewna. Nast\u0119pnie czyj\u015b krzyk. Ulrich podbieg\u0142 do judasza i zobaczy\u0142 szybko biegn\u0105c\u0105 posta\u0107 przez korytarz.<\/p>\n\n\n\n<p>&#8211; Okno! &#8211; Krzykn\u0105\u0142 do pozosta\u0142ych!<\/p>\n\n\n\n<p>Ci natychmiast odsun\u0119li zas\u0142ony i z daleka zobaczyli biegn\u0105cego korytarzem ucznia. Nie mogli rozpozna\u0107 kto to jest ale na pewno jeden z m\u0142odszych klas. Po chwili ujrzeli przed kim ucieka\u0142. By\u0142 to nauczyciel sztuki Gustave Chardin. Porusza\u0142 si\u0119 na czworaka niczym paj\u0105k, z pr\u0119dko\u015bci\u0105 kt\u00f3rej nie powstydzi\u0142 si\u0119 Jim, za swoich najlepszych lat. Ucze\u0144 bieg\u0142 w stron\u0119 g\u0142\u00f3wnego wyj\u015bcia z budynku, gdzie par\u0119na\u015bcie minut wcze\u015bniej Emily ugryz\u0142a szkoln\u0105 piel\u0119gniark\u0119. Krzycz\u0105c co\u015b niezrozumia\u0142ego wybieg\u0142 przez drzwi na zewn\u0105trz, Gustave by\u0142 tu\u017c za nim. Nagle ucich\u0142, padaj\u0105c na ziemi\u0119. Przynajmniej 4 wojskowych otworzy\u0142o ogie\u0144 w jego stron\u0119 oraz nauczyciela, nie przestaj\u0105c strzela\u0107 dop\u00f3ki nie upewnili si\u0119, \u017ce \u017caden z nich ju\u017c nie wstanie. Momentalnie pojawi\u0142o si\u0119 dw\u00f3ch innych \u017co\u0142nierzy kt\u00f3rzy przeci\u0105gn\u0119li cia\u0142a do pobliskiej ci\u0119\u017car\u00f3wki.<\/p>\n\n\n\n<p>Aelita zacz\u0119\u0142a p\u0142aka\u0107, wszyscy Wojownicy byli w szoku. Z megafonu mo\u017cna by\u0142o us\u0142ysze\u0107:<\/p>\n\n\n\n<p>-&#8230;Nikt nie mo\u017ce opu\u015bci\u0107\u2026<\/p>\n\n\n\n<p>Po kilku minutach siedzenia w ciszy, przerywanej szlochaniem, Ulrich zabra\u0142 g\u0142os.<\/p>\n\n\n\n<p>&#8211; Musimy si\u0119 st\u0105d wydosta\u0107\u2026 Nie mo\u017cemy tu zosta\u0107.<\/p>\n\n\n\n<p>&#8211; \u015awietny plan stary. A mo\u017ce powiesz jak? Jakby\u015b nie zauwa\u017cy\u0142 siedzimy w szklanej ba\u0144ce, a do g\u0142\u00f3wnego wyj\u015bcia nie radz\u0119 si\u0119 zbli\u017ca\u0107.<\/p>\n\n\n\n<p>&#8211; Zastan\u00f3wmy si\u0119 na spokojnie. Musi gdzie\u015b by\u0107 jakie\u015b inne wyj\u015bcie.<\/p>\n\n\n\n<p>&#8211; W piwnicy &#8211; powiedzia\u0142a cicho Aelita.<\/p>\n\n\n\n<p>&#8211; Sk\u0105d wiesz?<\/p>\n\n\n\n<p>&#8211; Podczas jednego z atak\u00f3w Xany, korzystali\u015bmy z tego przej\u015bcia z Yumi. Mo\u017cna tam dosta\u0107 si\u0119 do kana\u0142\u00f3w.<\/p>\n\n\n\n<p>&#8211; Nie powinni\u015bmy si\u0119 st\u0105d rusza\u0107 &#8211; zaprotestowa\u0142 Odd. &#8211; Na korytarzu jest niebezpiecznie. Zosta\u0144my tutaj i poczekajmy na pomoc.<\/p>\n\n\n\n<p>&#8211; Pomoc od kogo? Widzia\u0142e\u015b do czego zdolni s\u0105 Ci \u017co\u0142nierze. Zreszt\u0105 dziwne jest to, \u017ce nie maj\u0105 \u017cadnych oznacze\u0144.<\/p>\n\n\n\n<p>Po kr\u00f3tkiej naradzie grupa postanowi\u0142a powoli i po cichu dosta\u0107 si\u0119 do piwnicy. Ulirich z Oddem zlikwidowali prowizoryczn\u0105 barykad\u0119, otworzyli drzwi i zajrzeli na korytarz. By\u0142o pusto, i gdyby nie licz\u0105c ma\u0142ych czerwonych plam krwi na pod\u0142odze mog\u0142oby si\u0119 wydawa\u0107, \u017ce wszystko jest ok.<\/p>\n\n\n\n<p>&#8211; Czysto, idziemy &#8211; powiedzia\u0142 Ulrich.<\/p>\n\n\n\n<p>Szed\u0142 przodem, za nim Odd, Jeremy i na ko\u0144cu Aelita. Po paru metrach doszli do pokoju w kt\u00f3rym by\u0142y wywa\u017cone drzwi. Tam musia\u0142 ukrywa\u0107 si\u0119 m\u0142odszy ucze\u0144 kt\u00f3rego pr\u00f3bowa\u0142 dopa\u015b\u0107 nauczyciel sztuki. Bez wi\u0119kszych problem\u00f3w uda\u0142o im si\u0119 dotrze\u0107 do klatki schodowej. Od tego momentu nie by\u0142o jednak ju\u017c tak \u0142atwo.<\/p>\n\n\n\n<p>&#8211; G\u00f3wno! &#8211; przekl\u0105\u0142 cicho Ulrich &#8211; Drzwi do piwnicy s\u0105 zamkni\u0119te.<\/p>\n\n\n\n<p>&#8211; To co robimy teraz?<\/p>\n\n\n\n<p>&#8211; W gabinecie dyrektora powinny by\u0107 jakie\u015b klucze &#8211; zauwa\u017cy\u0142 Jeremy.<\/p>\n\n\n\n<p>&#8211; To na drugim pi\u0119trze. Dobra chod\u017amy powoli.<\/p>\n\n\n\n<p>Ruszyli schodami na g\u00f3r\u0119, tymczasem dok\u0142adnie na przeciwko nich po drugiej stronie przy g\u0142\u00f3wnych drzwiach pojawi\u0142a si\u0119 tr\u00f3jka \u017co\u0142nierzy. Wida\u0107 by\u0142o, \u017ce podchodz\u0105 do folii i szykuj\u0105 si\u0119 do wej\u015bcia na teren szko\u0142y. Ulrich ruchem r\u0119ki kaza\u0142 wszystkim si\u0119 po\u015bpieszy\u0107, licz\u0105c, \u017ce ich nie zauwa\u017cyli.<\/p>\n\n\n\n<p>Zbli\u017cali si\u0119 do gabinetu dyrektora. W po\u0142owie drogi na korytarzu nie dzia\u0142a\u0142o \u015bwiat\u0142o. Ulrich spojrza\u0142 na sufit. Lampy by\u0142y rozbite, z ka\u017cdym krokiem stara\u0142 si\u0119 unika\u0107 rozbitego szk\u0142a.<\/p>\n\n\n\n<p>&#8211; Jest gabinet &#8211; powiedzia\u0142 cicho.<\/p>\n\n\n\n<p>W momencie gdy ju\u017c mia\u0142 wyci\u0105gn\u0105\u0107 d\u0142o\u0144 na klamk\u0119, k\u0105tem oka dostrzeg\u0142 dziwny ruchomy cie\u0144 nad sob\u0105. Podni\u00f3s\u0142 g\u0142ow\u0119 do g\u00f3ry i ujrza\u0142 Emily. Trzyma\u0142a si\u0119 rozbitej lampy na suficie i z przera\u017caj\u0105cym sykiem pu\u015bci\u0142a si\u0119 l\u0105duj\u0105c dok\u0142adnie na plecach Ulricha. Ten krzykn\u0105\u0142 padaj\u0105c na ziemi\u0119, r\u00f3wnocze\u015bnie pr\u00f3buj\u0105c zrzuci\u0107 j\u0105 z siebie. Na szcz\u0119\u015bcie Odd przytomnie chwyci\u0142 pierwszy ci\u0119\u017cki przedmiot jaki mia\u0142 pod r\u0119k\u0105 czyli ga\u015bnic\u0119 i z ca\u0142ej si\u0142y uderzy\u0142 w Emily. Ta oszo\u0142omiona spad\u0142a z Ulricha i potoczy\u0142a si\u0119 par\u0119 metr\u00f3w dalej.<\/p>\n\n\n\n<p>&#8211; Szybko do \u015brodka! &#8211; Aelita i Jeremy pomogli wsta\u0107 Ulrichowi i wszyscy wbiegli do gabinetu dyrektora. Odd momentalnie zacz\u0105\u0142 pcha\u0107 biurko w stron\u0119 drzwi, Aelita i Jeremy mu pomogli.<\/p>\n\n\n\n<p>&#8211; Ulrich, \u017cyjesz? &#8211; Spyta\u0142 Odd<\/p>\n\n\n\n<p>&#8211; Tak, dzi\u0119ki\u2026 &#8211; Gdyby nie ty\u2026<\/p>\n\n\n\n<p>&#8211; Poka\u017c plecy, czy ci\u0119 nie ugryz\u0142a.<\/p>\n\n\n\n<p>&#8211; Nie, nic mi nie jest.<\/p>\n\n\n\n<p>Odd przyjrza\u0142 si\u0119 i odetchn\u0105\u0142 z ulg\u0105, ale momentalnie zamar\u0142, jak zobaczy\u0142 r\u0119k\u0119 Ulricha i \u015blady pazur\u00f3w. Ulrich to zauwa\u017cy\u0142 ale nim zd\u0105\u017cy\u0142 cokolwiek odpowiedzie\u0107, z szafy w gabinecie rozleg\u0142 si\u0119 g\u0142o\u015bny d\u017awi\u0119k, jakby co\u015b w \u015brodku spad\u0142o. Kto\u015b lub co\u015b ukry\u0142o si\u0119 w \u015brodku.<\/p>\n\n\n\n<p><em>Autor: Owik<\/em><\/p>\n","protected":false},"excerpt":{"rendered":"<p>Odd podbieg\u0142 do drzwi, zamkn\u0105\u0142 je na klucz i przewr\u00f3ci\u0142 szaf\u0119 z ubraniami. Nakaza\u0142 zgasi\u0107 \u015bwiat\u0142a i zas\u0142oni\u0107 okno. Inni spojrzeli na niego z niedowierzaniem. &#8211; Co tak stoicie?! Ulrich pom\u00f3\u017c mi to przesun\u0105\u0107, musimy si\u0119 tu zabarykadowa\u0107. To apokalipsa zombie! &#8211; Nie przesadzaj Odd\u2026 To wszystko da si\u0119 na pewno racjonalnie wyja\u015bni\u0107\u2026 &#8211; Ciekawe &hellip;<br \/><a href=\"https:\/\/kodlyoko.pl\/index.php\/artykuly\/opowiadania\/serie\/aurora\/rozdzial-2\/\" class=\"more-link pen_button pen_element_default pen_icon_arrow_double\">Read more<\/a><\/p>\n","protected":false},"author":5,"featured_media":0,"parent":454,"menu_order":0,"comment_status":"open","ping_status":"closed","template":"","meta":{"footnotes":""},"categories":[28],"tags":[],"class_list":["post-458","page","type-page","status-publish","hentry","category-artykuly-aurora"],"_links":{"self":[{"href":"https:\/\/kodlyoko.pl\/index.php\/wp-json\/wp\/v2\/pages\/458","targetHints":{"allow":["GET"]}}],"collection":[{"href":"https:\/\/kodlyoko.pl\/index.php\/wp-json\/wp\/v2\/pages"}],"about":[{"href":"https:\/\/kodlyoko.pl\/index.php\/wp-json\/wp\/v2\/types\/page"}],"author":[{"embeddable":true,"href":"https:\/\/kodlyoko.pl\/index.php\/wp-json\/wp\/v2\/users\/5"}],"replies":[{"embeddable":true,"href":"https:\/\/kodlyoko.pl\/index.php\/wp-json\/wp\/v2\/comments?post=458"}],"version-history":[{"count":1,"href":"https:\/\/kodlyoko.pl\/index.php\/wp-json\/wp\/v2\/pages\/458\/revisions"}],"predecessor-version":[{"id":459,"href":"https:\/\/kodlyoko.pl\/index.php\/wp-json\/wp\/v2\/pages\/458\/revisions\/459"}],"up":[{"embeddable":true,"href":"https:\/\/kodlyoko.pl\/index.php\/wp-json\/wp\/v2\/pages\/454"}],"wp:attachment":[{"href":"https:\/\/kodlyoko.pl\/index.php\/wp-json\/wp\/v2\/media?parent=458"}],"wp:term":[{"taxonomy":"category","embeddable":true,"href":"https:\/\/kodlyoko.pl\/index.php\/wp-json\/wp\/v2\/categories?post=458"},{"taxonomy":"post_tag","embeddable":true,"href":"https:\/\/kodlyoko.pl\/index.php\/wp-json\/wp\/v2\/tags?post=458"}],"curies":[{"name":"wp","href":"https:\/\/api.w.org\/{rel}","templated":true}]}}