{"id":4355,"date":"2026-01-07T19:38:38","date_gmt":"2026-01-07T18:38:38","guid":{"rendered":"https:\/\/kodlyoko.pl\/?page_id=4355"},"modified":"2026-01-07T19:38:39","modified_gmt":"2026-01-07T18:38:39","slug":"into-the-light-2-2","status":"publish","type":"page","link":"https:\/\/kodlyoko.pl\/index.php\/artykuly\/opowiadania\/one-shoty\/into-the-light-2-2\/","title":{"rendered":"Into the light (2\/2)"},"content":{"rendered":"\n<p><em>Chc\u0119&#8230; \u017ceby tylko przesta\u0142o bole\u0107.&#8221;<\/em><\/p>\n\n\n\n<p><em>&#8220;Ju\u017c nie b\u0119dzie.&#8221;<\/em><\/p>\n\n\n\n<p><em>&#8220;Chcia\u0142em im pom\u00f3c.&#8221;<\/em><\/p>\n\n\n\n<p><em>&#8220;I wreszcie im pomo\u017cesz.&#8221;<\/em><\/p>\n\n\n\n<p class=\"has-text-align-center\">\u2014 }&gt;&lt;{ \u2014<\/p>\n\n\n\n<p><br>D\u0142onie powoli zsuwa\u0142y si\u0119 z jego cia\u0142a. Puszcza\u0142y r\u0119ce, kt\u00f3re coraz \u015bmielej wyci\u0105ga\u0142 w stron\u0119 \u015bwiat\u0142a. Nie kr\u0119powa\u0142y ju\u017c n\u00f3g \u2014 by\u0142 w stanie p\u0142yn\u0105\u0107 ku powierzchni. Nie m\u00f3g\u0142 do ko\u0144ca jednak rozszyfrowa\u0107, co mog\u0142o go st\u0105d wyci\u0105ga\u0107. By\u0142o tak jasne&#8230; i bez twarzy. Albo, nie by\u0142 w stanie jej dostrzec wskutek o\u015blepienia. Czemu zaufa\u0142 sile, kt\u00f3rej nie zna\u0142? Odda\u0142 stery w jej d\u0142onie. By\u0142a ciep\u0142a, a on w tym wszystkim ju\u017c zapomnia\u0142, jakie to uczucie. W ostatnim czasie istnia\u0142 tylko b\u00f3l i apatia.<\/p>\n\n\n\n<p>William zaczyna\u0142 czu\u0107 coraz wi\u0119cej. Widzia\u0142, jak przybli\u017ca\u0142a si\u0119 powierzchnia tafli wody. Cienie pr\u00f3bowa\u0142y go dogoni\u0107, ale nikn\u0119\u0142y.<\/p>\n\n\n\n<p><em>I nagle pstryk&#8230; ciemno\u015b\u0107.<\/em><\/p>\n\n\n\n<p><em>Chcia\u0142 krzycze\u0107, kiedy nagle zn\u00f3w nie by\u0142o nic. Ale tylko na moment.<\/em><\/p>\n\n\n\n<p class=\"has-text-align-center\"><br>\u2014 }&gt;&lt;{ \u2014<br><\/p>\n\n\n\n<p>\u2014 Odd, od po\u0142udnia nadlatuj\u0105 szerszenie.<\/p>\n\n\n\n<p>\u2014 Przyj\u0105\u0142em, szefie. Powitam nale\u017cycie. ~<\/p>\n\n\n\n<p>\u2014 Ubezpieczajcie Aelit\u0119. Mo\u017ce ponownie spr\u00f3bowa\u0107 j\u0105 przej\u0105\u0107.<\/p>\n\n\n\n<p>\u2014 Nasz ksi\u0105\u017c\u0119 bardzo si\u0119 w takim razie zdziwi.<\/p>\n\n\n\n<p>\u2014 Nie mo\u017cemy&#8230; Pozwoli\u0107 mu zn\u00f3w odej\u015b\u0107.<\/p>\n\n\n\n<p>\u2014 Wiem, Aelita. Odzyskamy go.<br><\/p>\n\n\n\n<p class=\"has-text-align-center\">\u2014 }&gt;&lt;{ \u2014<\/p>\n\n\n\n<p><br><em>&#8220;Breathe, I think you&#8217;ve finally broken<\/em><\/p>\n\n\n\n<p><em>If we don&#8217;t die here, we&#8217;ll always be haunted.&#8221;<\/em><\/p>\n\n\n\n<p class=\"has-text-align-center\"><br>\u2014 }&gt;&lt;{ \u2014<\/p>\n\n\n\n<p><br>\u2014 Ulrich, zosta\u0142o ci dwadzie\u015bcia punkt\u00f3w, uwa\u017caj&#8230;!<\/p>\n\n\n\n<p>\u2014 Yumi, nie!<\/p>\n\n\n\n<p>Potwor pad\u0142 na bok, pozostawiaj\u0105c po sobie huk i chmar\u0119 fruwaj\u0105cych na wszystkie strony od\u0142amk\u00f3w. Wachlarze, kt\u00f3re dopiero go przeci\u0119\u0142y, zmieni\u0142y si\u0119 w py\u0142, nigdy w tej walce ju\u017c nie wracaj\u0105c do d\u0142oni swojej w\u0142a\u015bcicielki. Przy uchu ledwie wybronionego samuraja \u015bwisn\u0119\u0142y strza\u0142ki, kt\u00f3rym zawt\u00f3rowa\u0142y kolejne wybuchy; potwor\u00f3w jednak przybywa\u0142o coraz to wi\u0119cej. Przychodzi\u0142y kolejne i kolejne fale z zamiarem zmycia ich jedno po drugim.<\/p>\n\n\n\n<p>Xana przychodzi\u0142 jak rw\u0105ca rzeka&#8230; Jak \u015bmier\u0107.<\/p>\n\n\n\n<p>Jego kolejna fala za\u015b objawia\u0142a si\u0119 czerni\u0105, dymem, i pustk\u0105 w szarych oczach.<\/p>\n\n\n\n<p class=\"has-text-align-center\">\u2014 }&gt;&lt;{ \u2014<\/p>\n\n\n\n<p>Wynurzy\u0142 si\u0119 spod tafli wody. Powinien go uderzy\u0107 ch\u0142\u00f3d pot\u0119gowany mokrymi, lepi\u0105cymi si\u0119 do cia\u0142a&nbsp; ubraniami. Stan\u0105\u0142 na stabilnym gruncie. Da\u0142 si\u0119 podprowadzi\u0107 o krok, dwa, trzy do przodu.<\/p>\n\n\n\n<p><em>&#8220;Co zrobisz teraz?&#8221;<\/em><\/p>\n\n\n\n<p><em>&#8220;Oni wci\u0105\u017c walcz\u0105.&#8221;<\/em><\/p>\n\n\n\n<p>\u2014 Czy&#8230; Mam jeszcze szans\u0119&#8230;?<\/p>\n\n\n\n<p><em>&#8220;Zostaniesz w cieniach&#8230; Czy zaryzykujesz, pod\u0105\u017caj\u0105c za \u015bwiat\u0142em?&#8221;<\/em><\/p>\n\n\n\n<p><em>Czwarty krok. Pi\u0105ty. Podeszwy coraz szybciej bi\u0142y w tafl\u0119 wody \u0142\u0105cz\u0105c\u0105 si\u0119 z szarym l\u0105dem. Ostatki oblepiaj\u0105cej go czarnej mazi znika\u0142y, ods\u0142aniaj\u0105c bia\u0142y kombinezon, o kt\u00f3rym ma\u0142o kto jeszcze pami\u0119ta\u0142.&nbsp; Szary l\u0105d prowadzi\u0142 w g\u0142\u0105b r\u00f3wnie szarego lasu, spomi\u0119dzy kt\u00f3rego drzew bi\u0142o bia\u0142e \u015bwiat\u0142o&#8230; I dobiega\u0142y kolejne g\u0142osy.<\/em><\/p>\n\n\n\n<p><em>\u2014 Nie mo\u017ce dosta\u0107 Aelity&#8230;!<\/em><\/p>\n\n\n\n<p>\u2014 Nie dostanie jej.<\/p>\n\n\n\n<p class=\"has-text-align-center\">\u2014 }&gt;&lt;{ \u2014<\/p>\n\n\n\n<p>Smuga \u015bwiat\u0142a uwolni\u0142a skr\u0119powane d\u0142onie pojmanej Ksi\u0119\u017cniczki. Op\u0119tany awatar zatoczy\u0142 si\u0119 do ty\u0142u, Aelita za\u015b ledwie z\u0142apa\u0142a r\u00f3wnowag\u0119 i odbieg\u0142a kilka krok\u00f3w, w dr\u017c\u0105cych r\u0119kach pr\u00f3buj\u0105c przywo\u0142a\u0107 pole energii. Podnios\u0142a wzrok i zamar\u0142a.<\/p>\n\n\n\n<p>Zna\u0142a ten bia\u0142y kombinezon. Ten sam, kt\u00f3rego przecie\u017c mia\u0142a nigdy wi\u0119cej nie zobaczy\u0107. Mi\u0119dzy palcami wojownika przeskoczy\u0142y iskry. Ziemia zadr\u017ca\u0142a, gdy wbi\u0142 w ni\u0105 ci\u0119\u017cki, obur\u0119czny miecz.<\/p>\n\n\n\n<p><em>\u2014 Zapomnij&#8230; \u017be pozwol\u0119 ci z\u0142ama\u0107 t\u0119 obietnic\u0119.<\/em><\/p>\n\n\n\n<p><\/p>\n\n\n\n<p><em>Autorka: Morrigan<\/em><\/p>\n","protected":false},"excerpt":{"rendered":"<p>Chc\u0119&#8230; \u017ceby tylko przesta\u0142o bole\u0107.&#8221; &#8220;Ju\u017c nie b\u0119dzie.&#8221; &#8220;Chcia\u0142em im pom\u00f3c.&#8221; &#8220;I wreszcie im pomo\u017cesz.&#8221; \u2014 }&gt;&lt;{ \u2014 D\u0142onie powoli zsuwa\u0142y si\u0119 z jego cia\u0142a. Puszcza\u0142y r\u0119ce, kt\u00f3re coraz \u015bmielej wyci\u0105ga\u0142 w stron\u0119 \u015bwiat\u0142a. Nie kr\u0119powa\u0142y ju\u017c n\u00f3g \u2014 by\u0142 w stanie p\u0142yn\u0105\u0107 ku powierzchni. Nie m\u00f3g\u0142 do ko\u0144ca jednak rozszyfrowa\u0107, co mog\u0142o go st\u0105d &hellip;<br \/><a href=\"https:\/\/kodlyoko.pl\/index.php\/artykuly\/opowiadania\/one-shoty\/into-the-light-2-2\/\" class=\"more-link pen_button pen_element_default pen_icon_arrow_double\">Read more<\/a><\/p>\n","protected":false},"author":2,"featured_media":0,"parent":1782,"menu_order":0,"comment_status":"open","ping_status":"closed","template":"","meta":{"footnotes":""},"categories":[45],"tags":[],"class_list":["post-4355","page","type-page","status-publish","hentry","category-artykuly-one-shoty"],"_links":{"self":[{"href":"https:\/\/kodlyoko.pl\/index.php\/wp-json\/wp\/v2\/pages\/4355","targetHints":{"allow":["GET"]}}],"collection":[{"href":"https:\/\/kodlyoko.pl\/index.php\/wp-json\/wp\/v2\/pages"}],"about":[{"href":"https:\/\/kodlyoko.pl\/index.php\/wp-json\/wp\/v2\/types\/page"}],"author":[{"embeddable":true,"href":"https:\/\/kodlyoko.pl\/index.php\/wp-json\/wp\/v2\/users\/2"}],"replies":[{"embeddable":true,"href":"https:\/\/kodlyoko.pl\/index.php\/wp-json\/wp\/v2\/comments?post=4355"}],"version-history":[{"count":1,"href":"https:\/\/kodlyoko.pl\/index.php\/wp-json\/wp\/v2\/pages\/4355\/revisions"}],"predecessor-version":[{"id":4356,"href":"https:\/\/kodlyoko.pl\/index.php\/wp-json\/wp\/v2\/pages\/4355\/revisions\/4356"}],"up":[{"embeddable":true,"href":"https:\/\/kodlyoko.pl\/index.php\/wp-json\/wp\/v2\/pages\/1782"}],"wp:attachment":[{"href":"https:\/\/kodlyoko.pl\/index.php\/wp-json\/wp\/v2\/media?parent=4355"}],"wp:term":[{"taxonomy":"category","embeddable":true,"href":"https:\/\/kodlyoko.pl\/index.php\/wp-json\/wp\/v2\/categories?post=4355"},{"taxonomy":"post_tag","embeddable":true,"href":"https:\/\/kodlyoko.pl\/index.php\/wp-json\/wp\/v2\/tags?post=4355"}],"curies":[{"name":"wp","href":"https:\/\/api.w.org\/{rel}","templated":true}]}}