{"id":4336,"date":"2025-11-19T19:38:17","date_gmt":"2025-11-19T18:38:17","guid":{"rendered":"https:\/\/kodlyoko.pl\/?page_id=4336"},"modified":"2025-11-19T19:38:17","modified_gmt":"2025-11-19T18:38:17","slug":"out-of-the-dark-1-2","status":"publish","type":"page","link":"https:\/\/kodlyoko.pl\/index.php\/artykuly\/opowiadania\/one-shoty\/out-of-the-dark-1-2\/","title":{"rendered":"Out of the dark (1\/2)"},"content":{"rendered":"\n<p>Obce d\u0142onie na twarzy zas\u0142ania\u0142y mu wizj\u0119, przyci\u0105gaj\u0105c w swoj\u0105 stron\u0119. Zrobi\u0142 krok za siebie, drugi i trzeci, ka\u017cdy skoordynowany jak poprzedni, jakby ktokolwiek, kto go trzyma\u0142, sam pilnowa\u0142, by nie upad\u0142. Nie kwestionowa\u0142. Nie odzywa\u0142 si\u0119. A pewnie powinien. Mo\u017ce jego zadaniem by\u0142o w tej chwili si\u0119 wyrwa\u0107, ale pos\u0142usznie dawa\u0142 si\u0119 prowadzi\u0107?<\/p>\n\n\n\n<p>Plecami zetkn\u0105\u0142 si\u0119 z tafl\u0105 wody. Poczu\u0142 jej charakterystyczny ch\u0142\u00f3d na sk\u00f3rze. Czy powinna tu by\u0107? Tego r\u00f3wnie\u017c nie by\u0142 w stanie zakwestionowa\u0107. <em>Dlaczego? <\/em>Roz\u0142o\u017cy\u0142 ramiona i pozwoli\u0142, by woda otuli\u0142a go w ca\u0142o\u015bci.<\/p>\n\n\n\n<p>Zupe\u0142nie tak, jakby zanurzenie w niej by\u0142o niczym niezwyk\u0142ym.<\/p>\n\n\n\n<p class=\"has-text-align-center\"><strong>\u2014 }&gt;&lt;{ \u2014<\/strong><\/p>\n\n\n\n<p><em>Hide, before the floodgates open.<\/em><\/p>\n\n\n\n<p><em><\/em><em>Can we lie here \u2018till it\u2019s all over\u2026?<\/em><\/p>\n\n\n\n<p class=\"has-text-align-center\"><strong>\u2014 }&gt;&lt;{ \u2014<\/strong><\/p>\n\n\n\n<p>Nie zbli\u017ca\u0142 swoich r\u0105k do obcych d\u0142oni. Lecia\u0142 powoli w d\u00f3\u0142, z bezwiednie roz\u0142o\u017conymi ramionami, bez my\u015bli, oporu\u2026 protestu. Bez cho\u0107by znaku powzi\u0119cia jakiejkolwiek woli w swoje r\u0119ce.<\/p>\n\n\n\n<p><em>\u201cDobrze.\u201d<\/em><\/p>\n\n\n\n<p><em>\u201cJeste\u015b ju\u017c m\u00f3j.\u201d<\/em><\/p>\n\n\n\n<p><em>\u201dTw\u00f3j protest jest daremny. Jak dobrze\u2026 \u017ce wreszcie to rozumiesz.\u201d<\/em><\/p>\n\n\n\n<p>Bierno\u015b\u0107 by\u0142a dziwnie przyjemna. Nie musia\u0142 nic robi\u0107. Nic nie bola\u0142o. Nawet nie krztusi\u0142 si\u0119 wod\u0105. Mo\u017ce i nie widzia\u0142, gdzie by\u0142, ale w tej chwili nie dba\u0142 o to.<\/p>\n\n\n\n<p>Nie dba\u0142 o nic.<\/p>\n\n\n\n<p>By\u0142o\u2026 wygodniej. Te d\u0142onie wreszcie przesta\u0142y go szarpa\u0107. Dzisiaj tylko trzyma\u0142y, zas\u0142ania\u0142y oczy. Pozwoli\u0142 na to \u2014 by\u0142o lepsze ni\u017c do\u015bwiadczany dotychczas b\u00f3l.<\/p>\n\n\n\n<p><em>\u201cPoddaj mi si\u0119.\u201d<\/em><\/p>\n\n\n\n<p><em>\u201cNale\u017cysz do mnie.\u201d<\/em><\/p>\n\n\n\n<p><em>\u201cZamknij oczy\u2026 \u015bpij.\u201d<\/em><\/p>\n\n\n\n<p>Mo\u017ce tak by\u0142oby \u0142atwiej \u2014 zamkn\u0105\u0107 oczy i odda\u0107 stery? Dryfowa\u0107\u2026 p\u00f3ki to wszystko si\u0119 nie sko\u0144czy?<\/p>\n\n\n\n<p class=\"has-text-align-center\"><strong>\u2014 }&gt;&lt;{ \u2014<\/strong><\/p>\n\n\n\n<p>\u2014 Nadchodzi.<\/p>\n\n\n\n<p>D\u0142o\u0144 zacisn\u0119\u0142a si\u0119 na r\u0119koje\u015bci katany.<\/p>\n\n\n\n<p>Palce zgrabnie rozsun\u0119\u0142y kolejne za\u0142amania wachlarza.<\/p>\n\n\n\n<p>Knykcie uwidoczni\u0142y si\u0119, na wierzchu d\u0142oni zamajaczy\u0142 drobny b\u0142ysk.<\/p>\n\n\n\n<p>R\u00f3\u017cowa \u0142una zebra\u0142a si\u0119 tu\u017c nad opuszkami palc\u00f3w.<\/p>\n\n\n\n<p class=\"has-text-align-center\"><strong>\u2014 }&gt;&lt;{ \u2014<\/strong><\/p>\n\n\n\n<p><em>I hear the violence coming,<\/em><\/p>\n\n\n\n<p><em>Turn and run inside.<\/em><\/p>\n\n\n\n<p class=\"has-text-align-center\"><strong>\u2014 }&gt;&lt;{ \u2014<\/strong><\/p>\n\n\n\n<p>Nie chcia\u0142 walczy\u0107. Po co mu to by\u0142o? Pr\u00f3bowa\u0142 to zrobi\u0107 raz, ale trafi\u0142 prosto w ciemno\u015b\u0107, kt\u00f3ra to coraz mocniej, coraz bardziej zamyka\u0142a go samego w sobie, odcinaj\u0105c wszelkie drogi ucieczki. Uciska\u0142a go, kompresowa\u0142a, a\u017c\u2026 ile zosta\u0142o z niego samego? Jak najmniej, bo tak by\u0142o naj\u0142atwiej.<\/p>\n\n\n\n<p>Spada\u0142 coraz to g\u0142\u0119biej\u2026 dalej\u2026<\/p>\n\n\n\n<p>Pro\u015bciej. Tak by\u0142o pro\u015bciej. I kiedy ju\u017c si\u0119 ca\u0142kowicie podda, nie b\u0119dzie nic.<\/p>\n\n\n\n<p class=\"has-text-align-center\"><strong>\u2014 }&gt;&lt;{ \u2014<\/strong><\/p>\n\n\n\n<p><em>\u201cNaprawd\u0119 chcesz w ten spos\u00f3b to zako\u0144czy\u0107?\u201d<\/em><\/p>\n\n\n\n<p>Czemu nie?<\/p>\n\n\n\n<p><em>\u201cOtw\u00f3rz oczy. Nie jeste\u015b marionetk\u0105\u2026\u201d<\/em><\/p>\n\n\n\n<p>Nie mam ju\u017c si\u0142 walczy\u0107.<\/p>\n\n\n\n<p><em>\u201cJe\u017celi si\u0119 poddasz\u2026 on to wykorzysta. I skrzywdzi tych wszystkich, na kt\u00f3rych ci zale\u017cy.\u201d<\/em><\/p>\n\n\n\n<p>Oni\u2026 na pewno ju\u017c mnie skre\u015blili.<\/p>\n\n\n\n<p><em>\u201c\u015apij.\u201d<\/em><\/p>\n\n\n\n<p><em>\u201cNie, nie \u015bpij. Otw\u00f3rz oczy.\u201d<\/em><\/p>\n\n\n\n<p>Jestem zm\u0119czony. Mam do\u015b\u0107\u2026 teraz ju\u017c nie boli.<\/p>\n\n\n\n<p><em>\u201cZnikniesz. A oni b\u0119d\u0105 nast\u0119pni.\u201d<\/em><\/p>\n\n\n\n<p>W ciemno\u015bci pojawi\u0142o si\u0119 \u015bwiate\u0142ko. Otwieraj\u0105c oczy, ch\u0142opak zobaczy\u0142, \u017ce rzeczywi\u015bcie znajdowa\u0142 si\u0119 w wodzie. Czarny dym kr\u0105\u017cy\u0142 wok\u00f3\u0142 niego, pr\u00f3buj\u0105c go oblepi\u0107 jak smo\u0142a. Ci\u0105gn\u0105\u0142 go na dno, jakby odbieraj\u0105c co\u015b, co by\u0142o mu nale\u017cne.<\/p>\n\n\n\n<p>Chocia\u017c nie widzia\u0142 najlepiej, zobaczy\u0142 zarys sylwetki, a potem d\u0142onie wyci\u0105gane w jego stron\u0119.<\/p>\n\n\n\n<p><em>\u201cNie chcesz tego ko\u0144czy\u0107\u2026 chcesz, \u017ceby zwyczajnie przesta\u0142o bole\u0107.\u201d<\/em><\/p>\n\n\n\n<p><em>\u201cA je\u017celi teraz si\u0119 poddasz\u2026 na szali znajdzie si\u0119 wi\u0119cej, ni\u017c sobie wyobra\u017casz.\u201d<\/em><\/p>\n\n\n\n<p><em>\u201cWr\u00f3\u0107.\u201d<\/em><\/p>\n\n\n\n<p><em>\u201cZamknij oczy. Nie walcz.\u201d<\/em><\/p>\n\n\n\n<p><em>\u201cPoddaj si\u0119 i pozw\u00f3l mi wreszcie\u2026!\u201d<\/em><\/p>\n\n\n\n<p>Zacz\u0105\u0142 my\u015ble\u0107. To wszystko powoli wybudza\u0142o go z letargu, w kt\u00f3rym zacz\u0105\u0142 bra\u0107 pod uwag\u0119 kolejne to i kolejne opcje. Co, je\u017celi drugi g\u0142os mia\u0142 racj\u0119? Komu stanie si\u0119 krzywda? A co, je\u017celi zn\u00f3w b\u0119dzie bole\u0107?<\/p>\n\n\n\n<p><em><\/em><em>\u201cPami\u0119tasz obietnic\u0119\u2026?\u201d<\/em><\/p>\n\n\n\n<p><em><\/em>Obie\u2026 obieca\u0142em\u2026<\/p>\n\n\n\n<p>Chocia\u017c r\u0119ce by\u0142y ci\u0119\u017ckie od tej ciemno\u015bci, ruszy\u0142 nimi w stron\u0119 wyci\u0105gni\u0119tych w swoj\u0105 stron\u0119 d\u0142oni. I z\u0142apa\u0142 je.<\/p>\n\n\n\n<p>I potem, przez chwil\u0119, po prostu nic nie by\u0142o. Ale tylko na moment.<\/p>\n\n\n\n<p><\/p>\n\n\n\n<p><em>Autorka: Morrigan<\/em><\/p>\n","protected":false},"excerpt":{"rendered":"<p>Obce d\u0142onie na twarzy zas\u0142ania\u0142y mu wizj\u0119, przyci\u0105gaj\u0105c w swoj\u0105 stron\u0119. Zrobi\u0142 krok za siebie, drugi i trzeci, ka\u017cdy skoordynowany jak poprzedni, jakby ktokolwiek, kto go trzyma\u0142, sam pilnowa\u0142, by nie upad\u0142. Nie kwestionowa\u0142. Nie odzywa\u0142 si\u0119. A pewnie powinien. Mo\u017ce jego zadaniem by\u0142o w tej chwili si\u0119 wyrwa\u0107, ale pos\u0142usznie dawa\u0142 si\u0119 prowadzi\u0107? Plecami &hellip;<br \/><a href=\"https:\/\/kodlyoko.pl\/index.php\/artykuly\/opowiadania\/one-shoty\/out-of-the-dark-1-2\/\" class=\"more-link pen_button pen_element_default pen_icon_arrow_double\">Read more<\/a><\/p>\n","protected":false},"author":2,"featured_media":0,"parent":1782,"menu_order":0,"comment_status":"open","ping_status":"closed","template":"","meta":{"footnotes":""},"categories":[45],"tags":[],"class_list":["post-4336","page","type-page","status-publish","hentry","category-artykuly-one-shoty"],"_links":{"self":[{"href":"https:\/\/kodlyoko.pl\/index.php\/wp-json\/wp\/v2\/pages\/4336","targetHints":{"allow":["GET"]}}],"collection":[{"href":"https:\/\/kodlyoko.pl\/index.php\/wp-json\/wp\/v2\/pages"}],"about":[{"href":"https:\/\/kodlyoko.pl\/index.php\/wp-json\/wp\/v2\/types\/page"}],"author":[{"embeddable":true,"href":"https:\/\/kodlyoko.pl\/index.php\/wp-json\/wp\/v2\/users\/2"}],"replies":[{"embeddable":true,"href":"https:\/\/kodlyoko.pl\/index.php\/wp-json\/wp\/v2\/comments?post=4336"}],"version-history":[{"count":1,"href":"https:\/\/kodlyoko.pl\/index.php\/wp-json\/wp\/v2\/pages\/4336\/revisions"}],"predecessor-version":[{"id":4337,"href":"https:\/\/kodlyoko.pl\/index.php\/wp-json\/wp\/v2\/pages\/4336\/revisions\/4337"}],"up":[{"embeddable":true,"href":"https:\/\/kodlyoko.pl\/index.php\/wp-json\/wp\/v2\/pages\/1782"}],"wp:attachment":[{"href":"https:\/\/kodlyoko.pl\/index.php\/wp-json\/wp\/v2\/media?parent=4336"}],"wp:term":[{"taxonomy":"category","embeddable":true,"href":"https:\/\/kodlyoko.pl\/index.php\/wp-json\/wp\/v2\/categories?post=4336"},{"taxonomy":"post_tag","embeddable":true,"href":"https:\/\/kodlyoko.pl\/index.php\/wp-json\/wp\/v2\/tags?post=4336"}],"curies":[{"name":"wp","href":"https:\/\/api.w.org\/{rel}","templated":true}]}}