{"id":4264,"date":"2025-07-19T19:10:38","date_gmt":"2025-07-19T18:10:38","guid":{"rendered":"https:\/\/kodlyoko.pl\/?page_id=4264"},"modified":"2025-07-20T20:49:43","modified_gmt":"2025-07-20T19:49:43","slug":"niewinny-wirus","status":"publish","type":"page","link":"https:\/\/kodlyoko.pl\/index.php\/artykuly\/opowiadania\/serie\/niewinny-wirus\/","title":{"rendered":"(Nie)Winny Wirus &#8211; cz\u0119\u015b\u0107 druga: Chaos"},"content":{"rendered":"\n\n<!-- Page-list plugin v.5.6 wordpress.org\/plugins\/page-list\/ -->\n<ul class=\"page-list subpages-page-list page-list-cols-2\">\n<li class=\"page_item page-item-4268\"><a href=\"https:\/\/kodlyoko.pl\/index.php\/artykuly\/opowiadania\/serie\/niewinny-wirus\/prolog\/\">Prolog<\/a><\/li>\n<li class=\"page_item page-item-4270\"><a href=\"https:\/\/kodlyoko.pl\/index.php\/artykuly\/opowiadania\/serie\/niewinny-wirus\/rozdzial-pierwszy\/\">Rozdzia\u0142 pierwszy<\/a><\/li>\n\n<\/ul>\n","protected":false},"excerpt":{"rendered":"","protected":false},"author":4,"featured_media":0,"parent":3389,"menu_order":0,"comment_status":"closed","ping_status":"closed","template":"","meta":{"footnotes":""},"categories":[68],"tags":[],"class_list":["post-4264","page","type-page","status-publish","hentry","category-artykuly-niewinny-wirus"],"_links":{"self":[{"href":"https:\/\/kodlyoko.pl\/index.php\/wp-json\/wp\/v2\/pages\/4264","targetHints":{"allow":["GET"]}}],"collection":[{"href":"https:\/\/kodlyoko.pl\/index.php\/wp-json\/wp\/v2\/pages"}],"about":[{"href":"https:\/\/kodlyoko.pl\/index.php\/wp-json\/wp\/v2\/types\/page"}],"author":[{"embeddable":true,"href":"https:\/\/kodlyoko.pl\/index.php\/wp-json\/wp\/v2\/users\/4"}],"replies":[{"embeddable":true,"href":"https:\/\/kodlyoko.pl\/index.php\/wp-json\/wp\/v2\/comments?post=4264"}],"version-history":[{"count":3,"href":"https:\/\/kodlyoko.pl\/index.php\/wp-json\/wp\/v2\/pages\/4264\/revisions"}],"predecessor-version":[{"id":4276,"href":"https:\/\/kodlyoko.pl\/index.php\/wp-json\/wp\/v2\/pages\/4264\/revisions\/4276"}],"up":[{"embeddable":true,"href":"https:\/\/kodlyoko.pl\/index.php\/wp-json\/wp\/v2\/pages\/3389"}],"wp:attachment":[{"href":"https:\/\/kodlyoko.pl\/index.php\/wp-json\/wp\/v2\/media?parent=4264"}],"wp:term":[{"taxonomy":"category","embeddable":true,"href":"https:\/\/kodlyoko.pl\/index.php\/wp-json\/wp\/v2\/categories?post=4264"},{"taxonomy":"post_tag","embeddable":true,"href":"https:\/\/kodlyoko.pl\/index.php\/wp-json\/wp\/v2\/tags?post=4264"}],"curies":[{"name":"wp","href":"https:\/\/api.w.org\/{rel}","templated":true}]}}