{"id":4230,"date":"2025-05-04T17:57:20","date_gmt":"2025-05-04T16:57:20","guid":{"rendered":"https:\/\/kodlyoko.pl\/?page_id=4230"},"modified":"2025-11-09T02:53:29","modified_gmt":"2025-11-09T01:53:29","slug":"rozdzial-52","status":"publish","type":"page","link":"https:\/\/kodlyoko.pl\/index.php\/artykuly\/opowiadania\/serie\/bez-lyoko-czyli-zycie-tylko-w-realu\/rozdzial-52\/","title":{"rendered":"Rozdzia\u0142 52"},"content":{"rendered":"\n<p>Nadszed\u0142 wiecz\u00f3r. Ulrich odprowadzi\u0142 Yumi do domu. Troch\u0119 to potrwa\u0142o, zanim si\u0119 rozstali. Gdy Niemiec wraca\u0142 do Kadic, poczu\u0142 wibracje w kieszeni spodni. Dzwoni\u0142 telefon. Spojrza\u0142 na wy\u015bwietlacz. Okaza\u0142o si\u0119, \u017ce dzwoni\u0142 ojciec.<\/p>\n\n\n\n<p>\u201eNo \u0142adnie \u2013 pomy\u015bla\u0142. &#8211; Pewnie b\u0119dzie kazanie, bo si\u0119 na pewno dowiedzia\u0142 z radia, \u017ce jest strajk\u201d.<\/p>\n\n\n\n<p>&#8211; Tak, s\u0142ucham \u2013 odebra\u0142.<\/p>\n\n\n\n<p>&#8211; Cze\u015b\u0107, Ulrich \u2013 odezwa\u0142 si\u0119 ojciec. &#8211; Mam spraw\u0119, m\u00f3wili w radiu o strajku w Kadic, bodaj\u017ce twoja przyjaci\u00f3\u0142ka Yumi bierze w tym udzia\u0142.<\/p>\n\n\n\n<p>&#8211; No, tak\u2026<\/p>\n\n\n\n<p>&#8211; A ty? Anga\u017cujesz si\u0119 w to?<\/p>\n\n\n\n<p>&#8211; C\u00f3\u017c\u2026 wiesz, tato, pomagam Yumi, w ko\u0144cu to moja przyjaci\u00f3\u0142ka\u2026<\/p>\n\n\n\n<p>&#8211; I bardzo dobrze &#8211; entuzjastycznie odezwa\u0142 si\u0119 ojciec. &#8211; Zawsze uwa\u017ca\u0142em, \u017ce ka\u017cde pokolenie powinno mie\u0107 taki sw\u00f3j moment buntu i zaanga\u017cowania.<\/p>\n\n\n\n<p>&#8211; Czyli nie jeste\u015b na mnie z\u0142y? &#8211; zdziwi\u0142 si\u0119 Ulrich.<\/p>\n\n\n\n<p>&#8211; Ja? Ale\u017c sk\u0105d! Widzia\u0142em, co tam si\u0119 sta\u0142o. To ju\u017c gruba przesada. Wiem, \u017ce z\u017cy\u0142e\u015b si\u0119 z Kadic i z lud\u017ami stamt\u0105d, wi\u0119c nawet nie my\u015bleli\u015bmy o tym, by ci\u0119 stamt\u0105d zabiera\u0107, ale pewne zmiany, jakie tam zasz\u0142y, niezbyt mi si\u0119 podobaj\u0105. Ech\u2026 a\u017c mi si\u0119 przypomina, jak jesieni\u0105 \u201889 wychodzili\u015bmy z kumplami w Berlinie na demonstracje.<\/p>\n\n\n\n<p>&#8211; Chodzi\u0142e\u015b na demonstracje?<\/p>\n\n\n\n<p>&#8211; Tak, by\u0142em wtedy w podobnym wieku co ty. Musz\u0119 ci to kiedy\u015b na spokojnie opowiedzie\u0107. No, to trzymaj si\u0119 tam i pozdr\u00f3w swoj\u0105 band\u0119 ode mnie.<\/p>\n\n\n\n<p>Ulrich przez d\u0142u\u017csz\u0105 chwil\u0119 sta\u0142 na chodniku. By\u0142 bardzo zaskoczony przebiegiem tej rozmowy. Nigdy nie spodziewa\u0142 si\u0119, \u017ce jego ojciec oka\u017ce si\u0119 tak tolerancyjny. Zawsze przecie\u017c by\u0142 bardzo surowy.<\/p>\n\n\n\n<p>Gdy tylko Herve otrzyma\u0142 powiadomienie, \u017ce przesy\u0142ka jest ju\u017c w paczkomacie, wyszed\u0142 poza teren szko\u0142y i wybra\u0142 si\u0119 do maszyny. \u017beby nie wzbudza\u0107 podejrze\u0144 i nie zostawia\u0107 po sobie zbyt oczywistych \u015blad\u00f3w, zdecydowa\u0142 si\u0119 na urz\u0105dzenie stoj\u0105ce oko\u0142o 4 kilometr\u00f3w od Kadic, mimo tego, \u017ce tu\u017c przy bramie do szko\u0142y InPost postawi\u0142, i to ledwo 3 tygodnie temu, now\u0105 maszyn\u0119. Dotarcie nie sprawi\u0142o problem\u00f3w, podobnie odbi\u00f3r, cho\u0107 okularnik nieco si\u0119 zdziwi\u0142, gdy odkry\u0142, \u017ce paczka nie jest a\u017c tak ci\u0119\u017cka, jak mog\u0142oby si\u0119 wydawa\u0107. Dotychczas Herve mia\u0142 do czynienia tylko ze star\u0105 broni\u0105 \u0107wiczebn\u0105, kt\u00f3ra pozosta\u0142a jeszcze z czas\u00f3w, gdy Rosja nazywa\u0142a si\u0119 Zwi\u0105zkiem Radzieckim, a Francja mia\u0142a z nimi do\u015b\u0107 sporo um\u00f3w, tak\u017ce tych dotycz\u0105cych sprz\u0119tu.<\/p>\n\n\n\n<p>\u201eMo\u017ce ta nowoczesna bro\u0144 jest stworzona z mikrow\u0142\u00f3kien plastikowych i dlatego jest l\u017cejsza?\u201d &#8211; pomy\u015bla\u0142.<\/p>\n\n\n\n<p>Ukry\u0142 paczk\u0119 w plecaku i wr\u00f3ci\u0142 do internatu. Starannie zamkn\u0105\u0142 za sob\u0105 drzwi pokoju, pami\u0119taj\u0105c o tym, by dok\u0142adnie przekr\u0119ci\u0107 za sob\u0105 zamek. Nie m\u00f3g\u0142 sobie pozwoli\u0107 na to, by kto\u015b ju\u017c teraz odkry\u0142 nielegaln\u0105 bro\u0144 i zepsu\u0142 ca\u0142y plan. Paczk\u0119 da\u0142o si\u0119 rozpakowa\u0107 bez wi\u0119kszego wysi\u0142ku. Na pierwszy rzut oka wszystko wydawa\u0142o si\u0119 w porz\u0105dku. W\u0105tpliwo\u015bci wzbudzi\u0142y jednak dwie rzeczy. Do paczki nie do\u0142\u0105czono amunicji, a tylko plastikowe kulki oraz magazynek na wod\u0119. Natomiast tam, gdzie powinno si\u0119 \u0142adowa\u0107 bro\u0144, nie by\u0142o wlotu.<\/p>\n\n\n\n<p>&#8211; Kurna, co jest? &#8211; zdziwi\u0142 si\u0119 Herve.<\/p>\n\n\n\n<p>Si\u0119gn\u0105\u0142 po instrukcj\u0119 obs\u0142ugi. By\u0142a ona napisana w 30 j\u0119zykach i chwil\u0119 to potrwa\u0142o, zanim znalaz\u0142 taki, w kt\u00f3rym m\u00f3g\u0142 co\u015b zrozumie\u0107. Gdy jednak w ko\u0144cu mu si\u0119 to uda\u0142o, ka\u017cde czytane przez niego zdanie wzbudza\u0142o coraz wi\u0119ksz\u0105 irytacj\u0119 i to nie tylko z powodu do\u015b\u0107 lichej sk\u0142adni u\u017cytej przy t\u0142umaczeniu z mandary\u0144skiego.<\/p>\n\n\n\n<p>&#8211; \u201ePistolet maszynowa bro\u0144 wojsko super zabawka dla dzieci zestaw ma\u0142y soldier\u201d? Kurwa ma\u0107! Czy oni mi sprzedali jakie\u015b g\u00f3wno dla bachor\u00f3w?<\/p>\n\n\n\n<p>Potwierdzeniem by\u0142 znak wydrukowany na ko\u0144cu instrukcji, kt\u00f3rym zazwyczaj oznaczano wyroby dla m\u0142odszych.<\/p>\n\n\n\n<p>&#8211; Ja pierdol\u0119! To dlatego by\u0142o to takie tanie! Jebani Chi\u0144czycy!<\/p>\n\n\n\n<p>Uruchomi\u0142 komputer i do\u015b\u0107 nerwowo wystuka\u0142 na klawiaturze nazw\u0119 sklepu, w kt\u00f3rym to kupiono. Chcia\u0142 sprawdzi\u0107, czy mo\u017ce jeszcze zwr\u00f3ci\u0107 produkt. Okaza\u0142o si\u0119 jednak, \u017ce jest to niemo\u017cliwe, je\u015bli otwarto opakowanie. Herve\u2019owi wydawa\u0142o si\u0119 to bezsensowne, gdy\u017c nie da si\u0119 sprawdzi\u0107 zakupionego sprz\u0119tu, je\u015bli nie otworzy\u0142o si\u0119 opakowania.<\/p>\n\n\n\n<p>&#8211; No, to 120 euro posz\u0142o w choler\u0119&#8230;<\/p>\n\n\n\n<p><\/p>\n\n\n\n<p><em>Autor: Jeremie_96<\/em><\/p>\n","protected":false},"excerpt":{"rendered":"<p>Nadszed\u0142 wiecz\u00f3r. Ulrich odprowadzi\u0142 Yumi do domu. Troch\u0119 to potrwa\u0142o, zanim si\u0119 rozstali. Gdy Niemiec wraca\u0142 do Kadic, poczu\u0142 wibracje w kieszeni spodni. Dzwoni\u0142 telefon. Spojrza\u0142 na wy\u015bwietlacz. Okaza\u0142o si\u0119, \u017ce dzwoni\u0142 ojciec. \u201eNo \u0142adnie \u2013 pomy\u015bla\u0142. &#8211; Pewnie b\u0119dzie kazanie, bo si\u0119 na pewno dowiedzia\u0142 z radia, \u017ce jest strajk\u201d. &#8211; Tak, s\u0142ucham \u2013 &hellip;<br \/><a href=\"https:\/\/kodlyoko.pl\/index.php\/artykuly\/opowiadania\/serie\/bez-lyoko-czyli-zycie-tylko-w-realu\/rozdzial-52\/\" class=\"more-link pen_button pen_element_default pen_icon_arrow_double\">Read more<\/a><\/p>\n","protected":false},"author":5,"featured_media":0,"parent":203,"menu_order":52,"comment_status":"open","ping_status":"closed","template":"","meta":{"footnotes":""},"categories":[22],"tags":[],"class_list":["post-4230","page","type-page","status-publish","hentry","category-artykuly-bezlyoko"],"_links":{"self":[{"href":"https:\/\/kodlyoko.pl\/index.php\/wp-json\/wp\/v2\/pages\/4230","targetHints":{"allow":["GET"]}}],"collection":[{"href":"https:\/\/kodlyoko.pl\/index.php\/wp-json\/wp\/v2\/pages"}],"about":[{"href":"https:\/\/kodlyoko.pl\/index.php\/wp-json\/wp\/v2\/types\/page"}],"author":[{"embeddable":true,"href":"https:\/\/kodlyoko.pl\/index.php\/wp-json\/wp\/v2\/users\/5"}],"replies":[{"embeddable":true,"href":"https:\/\/kodlyoko.pl\/index.php\/wp-json\/wp\/v2\/comments?post=4230"}],"version-history":[{"count":1,"href":"https:\/\/kodlyoko.pl\/index.php\/wp-json\/wp\/v2\/pages\/4230\/revisions"}],"predecessor-version":[{"id":4231,"href":"https:\/\/kodlyoko.pl\/index.php\/wp-json\/wp\/v2\/pages\/4230\/revisions\/4231"}],"up":[{"embeddable":true,"href":"https:\/\/kodlyoko.pl\/index.php\/wp-json\/wp\/v2\/pages\/203"}],"wp:attachment":[{"href":"https:\/\/kodlyoko.pl\/index.php\/wp-json\/wp\/v2\/media?parent=4230"}],"wp:term":[{"taxonomy":"category","embeddable":true,"href":"https:\/\/kodlyoko.pl\/index.php\/wp-json\/wp\/v2\/categories?post=4230"},{"taxonomy":"post_tag","embeddable":true,"href":"https:\/\/kodlyoko.pl\/index.php\/wp-json\/wp\/v2\/tags?post=4230"}],"curies":[{"name":"wp","href":"https:\/\/api.w.org\/{rel}","templated":true}]}}