{"id":4228,"date":"2025-05-04T17:49:10","date_gmt":"2025-05-04T16:49:10","guid":{"rendered":"https:\/\/kodlyoko.pl\/?page_id=4228"},"modified":"2025-05-09T18:26:28","modified_gmt":"2025-05-09T17:26:28","slug":"siedem-lat-w-centrum","status":"publish","type":"page","link":"https:\/\/kodlyoko.pl\/index.php\/artykuly\/redaktorskie\/felietony\/siedem-lat-w-centrum\/","title":{"rendered":"Siedem lat w Centrum"},"content":{"rendered":"\n<p class=\"has-drop-cap\">Kiedy zastanawia\u0142em si\u0119, co napisa\u0107 z okazji 7-lecia Centrum Lyoko, przypomnia\u0142 mi si\u0119 frazeologizm z Biblii o 7 latach t\u0142ustych i 7 chudych. Chcia\u0142em nawet troch\u0119 si\u0119 wobec tego zakr\u0119ci\u0107, ale pojawi\u0142 si\u0119 pewien problem.<\/p>\n\n\n\n<p>Je\u015bli by\u015bmy rozumieli to dos\u0142ownie, to teraz, po 7 latach t\u0142ustych, nadejdzie 7 chudych, ale patrz\u0105c po tym, jak dzia\u0142amy, to nie powiedzia\u0142bym, \u017ce czekaj\u0105 nas chude lata. Zreszt\u0105 nawet sama kwestia \u201et\u0142ustych\u201d mo\u017ce by\u0107 r\u00f3\u017cnie pojmowana. Gdy m\u00f3wimy o naszym polskim podw\u00f3rku \u2013 bezsprzecznie to by\u0142o dobre 7 lat, w\u0142a\u015bnie dzi\u0119ki temu, \u017ce dzia\u0142amy jako Centrum, nadal nam si\u0119 chce to robi\u0107, nadal mamy pomys\u0142y, mimo \u017ce chwilami troch\u0119 trudno z czasem na ich realizacj\u0119. Przyk\u0142ad \u015bwie\u017cy \u2013 plan na to, by napisa\u0107 tekst na rocznic\u0119, pojawi\u0142 si\u0119 ju\u017c w lutym. Pisz\u0119 go 4 maja po p\u00f3\u0142nocy. Ot, uroki bycia przed 30-stk\u0105.<\/p>\n\n\n\n<p>Ale jednak nadal si\u0119 tym zajmujemy, my\u015bl\u0119, \u017ce te\u017c dlatego, \u017ce dla nas fandom jest pewn\u0105 odskoczni\u0105 od szarej rzeczywisto\u015bci, zwi\u0105zanej z prac\u0105, obowi\u0105zkami, studiami i tym wszystkim. Nadal sprawia nam to przyjemno\u015b\u0107. Ma\u0142o tego, wci\u0105\u017c znajduj\u0105 si\u0119 ludzie, kt\u00f3rzy czekaj\u0105 na nasze publikacje, wie\u015bci z polskiego i \u015bwiatowego fandomu, nadal pojawiaj\u0105 si\u0119 nowi fani, co oznacza, \u017ce jeszcze Lyoko nie zgin\u0119\u0142o i nie zginie.<\/p>\n\n\n\n<p>Warte podkre\u015blenia jest to, \u017ce jeste\u015bmy solidni. Od 7 lat stosujemy nasz grafik \u201e10-20-30\u201d. Ani razu nam si\u0119 to nie zepsu\u0142o, nigdy nie by\u0142o sytuacji, w kt\u00f3rej musieliby\u015bmy powiedzie\u0107, \u017ce nie b\u0119dzie danego dnia materia\u0142u, bo si\u0119 nie wyrobili\u015bmy z jego przygotowaniu. Zawsze by\u0142o to dopi\u0119te, cho\u0107 z do\u015bwiadczenia wiem, \u017ce chwilami by\u0142o nerwowo. Ale sprawdza si\u0119 to i b\u0119dzie sprawdza\u0107, szczeg\u00f3lnie \u017ce \u2013 i tu zdradz\u0119 pewn\u0105 tajemnic\u0119 \u2013 mamy zaplanowane to, co pojawi si\u0119 w kilku najbli\u017cszych tygodniach.<\/p>\n\n\n\n<p>W \u015bwiatowym fandomie ta \u201et\u0142usto\u015b\u0107\u201d ostatniej siedmiolatki mo\u017cna do\u015b\u0107 r\u00f3\u017cnie pojmowa\u0107. Je\u015bli chodzi o dzia\u0142ania fanowskie, to jest tego do\u015b\u0107 sporo, powstaje kilka gier, s\u0105 nowe fanarty. Natomiast pod wzgl\u0119dem oficjalnym jest to bardziej czas chudy, cho\u0107 by\u0142y te zapowiedzi, kt\u00f3re si\u0119 pojawi\u0142y jesieni\u0105 \u201823. Jednak mija rok od tej d\u0142ugiej rozmowy z Decroisette i Mouscadetem, a nadal nie mamy konkret\u00f3w, czy co\u015b nowego faktycznie powstanie. Czekamy na to, je\u015bli co\u015b si\u0119 pojawi \u2013 na pewno dowiecie si\u0119 o tym u nas.<\/p>\n\n\n\n<p>Mamy ambicje by pozosta\u0107 najlepszym miejscem dla fan\u00f3w Kodu Lyoko w Polsce. Bo to, \u017ce takim jeste\u015bmy, udowadniamy od 7 lat. Pami\u0119tam, jak w pierwszych miesi\u0105cach dzia\u0142ania pojawia\u0142y si\u0119 jeszcze pewne do\u015b\u0107 pretensjonalne artyku\u0142y o tym, \u017ce w fandomie trzeba wybra\u0107 drog\u0119, w kt\u00f3rej ca\u0142y czas m\u00f3wi si\u0119 o warto\u015bciach i gdzie tak naprawd\u0119 istnieje blokada tw\u00f3rcza, zabraniaj\u0105ca publikacji czy nawet tworzenia tre\u015bci \u201enieprawomy\u015blnych\u201d, bo inaczej to si\u0119 straszne rzeczy zadziej\u0105, je\u015bli pozwolimy na publikacj\u0119 tekst\u00f3w dla doros\u0142ych czy z dojrza\u0142ymi w\u0105tkami. Siedem lat min\u0119\u0142o, Centrum zamieszcza r\u00f3\u017cnego rodzaju materia\u0142y w r\u00f3\u017cnej stylistyce i jako\u015b \u017cadnego skandalu nie by\u0142o. Mo\u017ce to znak, \u017ce w\u0142a\u015bnie Centrum wybra\u0142o odpowiedni\u0105 dla naszego fandomu drog\u0119.<\/p>\n\n\n\n<p>To, co jest wa\u017cne, aby o tym wspomnie\u0107 \u2013 my w tym fandomie, cho\u0107by w Radzie Ocalenia Fandomu, wyszli\u015bmy ju\u017c ze zwyk\u0142ego kontaktowania si\u0119 dlatego, \u017ce po\u0142\u0105czy\u0142 nas jeden serial. To s\u0105 ju\u017c o wiele g\u0142\u0119bsze wi\u0119zi. Spotykamy si\u0119 na zjazdach, rozmawiamy wtedy d\u0142ugo przy jedzeniu i r\u00f3\u017cnych napojach. To cholernie spora warto\u015b\u0107 tego, co razem tworzymy.<\/p>\n\n\n\n<p>I my\u015bl\u0119, \u017ce b\u0119dziemy tworzy\u0107 to miejsce nadal. Patrzcie, to jest nasze, przez nas wykonane, i to nie jest nasze ostatnie s\u0142owo!<\/p>\n\n\n\n<p><\/p>\n\n\n\n<p><em>Autor: Jeremie_96<\/em><\/p>\n","protected":false},"excerpt":{"rendered":"<p>Kiedy zastanawia\u0142em si\u0119, co napisa\u0107 z okazji 7-lecia Centrum Lyoko, przypomnia\u0142 mi si\u0119 frazeologizm z Biblii o 7 latach t\u0142ustych i 7 chudych. Chcia\u0142em nawet troch\u0119 si\u0119 wobec tego zakr\u0119ci\u0107, ale pojawi\u0142 si\u0119 pewien problem. Je\u015bli by\u015bmy rozumieli to dos\u0142ownie, to teraz, po 7 latach t\u0142ustych, nadejdzie 7 chudych, ale patrz\u0105c po tym, jak dzia\u0142amy, &hellip;<br \/><a href=\"https:\/\/kodlyoko.pl\/index.php\/artykuly\/redaktorskie\/felietony\/siedem-lat-w-centrum\/\" class=\"more-link pen_button pen_element_default pen_icon_arrow_double\">Read more<\/a><\/p>\n","protected":false},"author":5,"featured_media":0,"parent":2587,"menu_order":0,"comment_status":"open","ping_status":"closed","template":"","meta":{"footnotes":""},"categories":[50],"tags":[],"class_list":["post-4228","page","type-page","status-publish","hentry","category-artykuly-felietony"],"_links":{"self":[{"href":"https:\/\/kodlyoko.pl\/index.php\/wp-json\/wp\/v2\/pages\/4228","targetHints":{"allow":["GET"]}}],"collection":[{"href":"https:\/\/kodlyoko.pl\/index.php\/wp-json\/wp\/v2\/pages"}],"about":[{"href":"https:\/\/kodlyoko.pl\/index.php\/wp-json\/wp\/v2\/types\/page"}],"author":[{"embeddable":true,"href":"https:\/\/kodlyoko.pl\/index.php\/wp-json\/wp\/v2\/users\/5"}],"replies":[{"embeddable":true,"href":"https:\/\/kodlyoko.pl\/index.php\/wp-json\/wp\/v2\/comments?post=4228"}],"version-history":[{"count":2,"href":"https:\/\/kodlyoko.pl\/index.php\/wp-json\/wp\/v2\/pages\/4228\/revisions"}],"predecessor-version":[{"id":4235,"href":"https:\/\/kodlyoko.pl\/index.php\/wp-json\/wp\/v2\/pages\/4228\/revisions\/4235"}],"up":[{"embeddable":true,"href":"https:\/\/kodlyoko.pl\/index.php\/wp-json\/wp\/v2\/pages\/2587"}],"wp:attachment":[{"href":"https:\/\/kodlyoko.pl\/index.php\/wp-json\/wp\/v2\/media?parent=4228"}],"wp:term":[{"taxonomy":"category","embeddable":true,"href":"https:\/\/kodlyoko.pl\/index.php\/wp-json\/wp\/v2\/categories?post=4228"},{"taxonomy":"post_tag","embeddable":true,"href":"https:\/\/kodlyoko.pl\/index.php\/wp-json\/wp\/v2\/tags?post=4228"}],"curies":[{"name":"wp","href":"https:\/\/api.w.org\/{rel}","templated":true}]}}