{"id":4203,"date":"2025-03-09T17:09:10","date_gmt":"2025-03-09T16:09:10","guid":{"rendered":"https:\/\/kodlyoko.pl\/?page_id=4203"},"modified":"2025-03-09T17:09:11","modified_gmt":"2025-03-09T16:09:11","slug":"krolewskie-porachunki-runda-piata","status":"publish","type":"page","link":"https:\/\/kodlyoko.pl\/index.php\/artykuly\/opowiadania\/serie\/krolewskie-porachunki\/krolewskie-porachunki-runda-piata\/","title":{"rendered":"Kr\u00f3lewskie porachunki &#8211; runda pi\u0105ta"},"content":{"rendered":"\n<p class=\"has-text-align-center\">\u201e<em>Czy naprawd\u0119 krwawisz, je\u015bli wszystko si\u0119 zmywa?\u201d<\/em><\/p>\n\n\n\n<p>Nikt nie chcia\u0142 rozmawia\u0107.<\/p>\n\n\n\n<p>Wojownicy czuli si\u0119 okropnie. Kolejna z rz\u0119du przegrana runda. Rzucona r\u0119kawica przez ich wieloletniego wroga okaza\u0142a si\u0119 by\u0107 gwo\u017adziem dobijaj\u0105cym domykaj\u0105c\u0105 si\u0119 trumn\u0119. Nie omieszka\u0142 si\u0119 on w kolejnych atakach. Stawa\u0142 si\u0119 on coraz to bardziej bezczelny. Atakowa\u0142 ich bliskich. Odwa\u017cy\u0142 si\u0119 nawet zaatakowa\u0107 s\u0142u\u017cby mundurowe, kt\u00f3re mia\u0142y chroni\u0107 obywateli. Po pami\u0119tnym ataku w mie\u015bcie wdro\u017cy\u0142 si\u0119 chaos.<\/p>\n\n\n\n<p>A oni? Po prostu stali nad konsolet\u0105.<\/p>\n\n\n\n<p>A oni? Po prostu milczeli.<\/p>\n\n\n\n<p>A oni? Po prostu czuli, jak przegrywaj\u0105.<\/p>\n\n\n\n<p>Tego dnia min\u0119\u0142y r\u00f3wno dwa lata od tajemniczego znikni\u0119cia Williama. Na nic si\u0119 zdawa\u0142y oszustwa autorstwa Jeremiego \u2013 wszystko zosta\u0142o zweryfikowane, a zaginiony poszukiwany przez policj\u0119. Ca\u0142e szcz\u0119\u015bcie nikt nie odkry\u0142, kto sta\u0142 za tymi mitycznymi zwolnieniami od lekarzy oraz wyjazdami do rodziny.<\/p>\n\n\n\n<p>Jeszcze. Jeszcze nikt tego nie odkry\u0142.<\/p>\n\n\n\n<p>&#8211; Od teraz b\u0119dziecie chodzi\u0107 w parach \u2013 zakomunikowa\u0142 Belpois, stukaj\u0105c nieznane reszcie sekwencje na komputerze. Wszyscy spojrzeli na siebie. Po takiej serii pora\u017cek nikt nie chcia\u0142 znowu tam wraca\u0107. Nie mogli znie\u015b\u0107 tego, jak Xana r\u00f3s\u0142 z ka\u017cd\u0105 kolejn\u0105 ich wizyt\u0105. Zupe\u0142nie tak, jakby mia\u0142 wgl\u0105d w ich strategi\u0119. Nie wiedzieli, jak powinni walczy\u0107.<\/p>\n\n\n\n<p>Mo\u017ce to nie jest taki g\u0142upi pomys\u0142?<\/p>\n\n\n\n<p>&#8211; Wracam tam.<\/p>\n\n\n\n<p>Powiedzieli w tym samym czasie Ulrich i Yumi. Nikt nie protestowa\u0142. Nawet Odd, kt\u00f3ry zawsze zarzuca\u0142 jak\u0105\u015b dobr\u0105 ripost\u0105, siedzia\u0142 w ciszy z za\u0142o\u017conymi r\u0119kami. Aelita chodzi\u0142a z k\u0105ta w k\u0105t, chc\u0105c si\u0119 uspokoi\u0107. Zatrzyma\u0142a si\u0119 w momencie, jak pad\u0142a deklaracja. Czu\u0142a, jak zbiera\u0142y si\u0119 jej \u0142zy. To ona powinna tam i\u015b\u0107.<\/p>\n\n\n\n<p>Nie Ulrich.<\/p>\n\n\n\n<p>Nie Yumi.<\/p>\n\n\n\n<p>Nie Odd.<\/p>\n\n\n\n<p>Tylko ona.<\/p>\n\n\n\n<p>\u201e<em>Wr\u00f3\u0107 do nas. Tu jest pi\u0119knie! Tu jest pi\u0119knie!\u201d<\/em><\/p>\n\n\n\n<p>Dziewczynka wtuli\u0142a si\u0119 w starsz\u0105 kole\u017cank\u0119. Ta obj\u0119\u0142a si\u0119 swoimi drobnymi ramionami. Czu\u0142a, jak dwie krople sp\u0142ywaj\u0105 jej po lewym obojczyku. Mocniej przytuli\u0142a do siebie Aelit\u0119. Trzyma\u0142y si\u0119 w u\u015bcisku jeszcze przez kilka minut. Czeka\u0142a, jak si\u0119 dziewczyna uspokoi\u2026 chocia\u017c na d\u0142u\u017csz\u0105 chwil\u0119. Nie mog\u0142a by\u0107 z tym wszystkim sama.<\/p>\n\n\n\n<p>Nigdy nie by\u0142a. Nigdy te\u017c nie b\u0119dzie.<\/p>\n\n\n\n<p>\u017badna dama nie b\u0119dzie walczy\u0107 sama, gdy si\u00f3str tyle ma.<\/p>\n\n\n\n<p>Jedn\u0105 siostr\u0119. Ale najwa\u017cniejsz\u0105.<\/p>\n\n\n\n<p>Weszli do windy. W ciszy zjechali pi\u0119tro ni\u017cej. Patrzyli na siebie. Po ostatnim spotkaniu nie rozmawiali ze sob\u0105. Zar\u00f3wno Ulrich, jak i Yumi nie wiedzieli, od czego zacz\u0105\u0107. Kto powinien przeprosi\u0107? Czy w og\u00f3le powinien przeprosi\u0107? Za co? Za jedn\u0105, ma\u0142\u0105 chwil\u0119 s\u0142abo\u015bci? Za swoje uczucia? Za co\u015b, co ka\u017cdy potrzebuje?<\/p>\n\n\n\n<p>Stali naprzeciwko siebie. Drzwi skaner\u00f3w zaskrzypia\u0142y.<\/p>\n\n\n\n<p>&#8211; TRANSFER. SKAN. WIRTUALIZACJA. \u2013<\/p>\n\n\n\n<p>Na pustyni nie by\u0142o \u017cadnej \u017cywej duszy.<\/p>\n\n\n\n<p>Odwr\u00f3cili si\u0119, szukaj\u0105c swojego celu, kt\u00f3rego nigdzie nie by\u0142o. Jedynie wiatr mierzwi\u0142 czarne w\u0142osy japonki na wszystkie strony. Suchy krzak przelecia\u0142 przez pag\u00f3rek. Czy tym razem si\u0119 pomylili? A mo\u017ce William czeka na nich gdzie\u015b kompletnie indziej?<\/p>\n\n\n\n<p>&#8211; Nie ma go tuta\u2026<\/p>\n\n\n\n<p>Nie doko\u0144czy\u0142 Ulrich. Nagle pomi\u0119dzy nimi przefrun\u0119\u0142a czarna fala dymu, rozrzucaj\u0105c ich na dwie strony. Z r\u0105k Yumi wypad\u0142y wachlarze, jednak bardzo szybko odzyska\u0142a je z powrotem. S\u0142o\u0144ce atakowa\u0142o coraz mocniej. Dziewczyna nic nie mog\u0142a zobaczy\u0107. Zupe\u0142nie, jakby czarny smog sprawi\u0142, \u017ce wzrok p\u0142ata figle. Mia\u0142a wra\u017cenie, \u017ce jest wi\u0119cej, ni\u017c jeden przeciwnik. Lekko chwiej\u0105c si\u0119, pr\u00f3bowa\u0142a wycelowa\u0107 w walcz\u0105cych ch\u0142opak\u00f3w.<\/p>\n\n\n\n<p>Rzuci\u0142a wachlarz. Nie trafi\u0142a.<\/p>\n\n\n\n<p>Rzuci\u0142a jeszcze raz. Odbi\u0142 si\u0119.<\/p>\n\n\n\n<p>Wr\u00f3ci\u0142 pierwszy. Odbi\u0142 si\u0119.<\/p>\n\n\n\n<p>Chcia\u0142a ich unikn\u0105\u0107. Bro\u0144 podejrzanie lecia\u0142a zygzakiem. Chcia\u0142a.<\/p>\n\n\n\n<p>By\u0142a za kr\u00f3tko. Zdecydowanie za kr\u00f3tko w Lyoko, \u017ceby ju\u017c teraz wr\u00f3ci\u0107. Pokona\u0142a j\u0105 w\u0142asna bro\u0144. A Ulrich? Skutecznie odpiera\u0142 ataki przeciwnika. Nawet nie zauwa\u017cy\u0142, \u017ce zostali sami w sektorze. By\u0142 w\u015bciek\u0142y. Zdeterminowany. Chcia\u0142 za wszelk\u0105 cen\u0119 go pokona\u0107. Atakowa\u0142 szybko. Jak w amoku.<\/p>\n\n\n\n<p>D\u017awi\u0119k metalu by\u0142 rytmiczny. Kr\u00f3tki, lekko piskliwy.<\/p>\n\n\n\n<p>Wtem William str\u0105ci\u0142 Ulrichowi jedn\u0105 katan\u0119, kt\u00f3ra spad\u0142a w otch\u0142a\u0144. Ch\u0142opak odwr\u00f3ci\u0142 si\u0119, wodz\u0105c wzrokiem za broni\u0105. W ostatniej sekundzie odskoczy\u0142 przed mieczem. Ten z kolei wbi\u0142 si\u0119 mocno w ziemi\u0119. Odetchn\u0105\u0142.<\/p>\n\n\n\n<p>Przeciwnik pr\u00f3bowa\u0142 wyci\u0105gn\u0105\u0107 swoj\u0105 bro\u0144. Ta jednak utkn\u0119\u0142a.<\/p>\n\n\n\n<p>&#8211; Teraz! Szybko!<\/p>\n\n\n\n<p>Wojownik nie omieszka\u0142 si\u0119 zatrzyma\u0107. Podbieg\u0142 do swojego wroga. Ju\u017c mia\u0142 mu wbi\u0107 n\u00f3\u017c. Zamachn\u0105\u0142 si\u0119. Czu\u0142, \u017ce w ko\u0144cu wygra t\u0119 rund\u0119. Po wielu latach m\u0119ki i wiecznych pora\u017cek, teraz to on triumfuje. Jak tylko wr\u00f3c\u0105 na ziemi\u0119, to tak skopie Williama, \u017ce odechce mu si\u0119 bycia bohaterem. Ju\u017c nigdy wi\u0119cej si\u0119 do nich nie zbli\u017cy.<\/p>\n\n\n\n<p>A ju\u017c na pewno nie do niej.<\/p>\n\n\n\n<p>Wtem\u2026 Znikn\u0105\u0142. A miecz za nim.<\/p>\n\n\n\n<p>Katana wyl\u0105dowa\u0142a w nodze Ulricha. Czu\u0142, jak si\u0119 rozpada. Po ma\u0142ym kawa\u0142eczku. Piksel za pikselem. Wracaj\u0105c na ziemi\u0119, krzycza\u0142. W\u015bciek\u0142y. Znowu przegra\u0142. Znowu! Znowu Xana ich pokona\u0142. I to w tak perfidny spos\u00f3b\u2026<\/p>\n\n\n\n<p><em>Ile czasu nam zosta\u0142o razem? Nigdy nie wiemy. Wiem tylko, \u017ce nie chc\u0119 tu by\u0107\u2026<\/em><\/p>\n\n\n\n<p><\/p>\n\n\n\n<p><em>Autorka: Azize<\/em><\/p>\n","protected":false},"excerpt":{"rendered":"<p>\u201eCzy naprawd\u0119 krwawisz, je\u015bli wszystko si\u0119 zmywa?\u201d Nikt nie chcia\u0142 rozmawia\u0107. Wojownicy czuli si\u0119 okropnie. Kolejna z rz\u0119du przegrana runda. Rzucona r\u0119kawica przez ich wieloletniego wroga okaza\u0142a si\u0119 by\u0107 gwo\u017adziem dobijaj\u0105cym domykaj\u0105c\u0105 si\u0119 trumn\u0119. Nie omieszka\u0142 si\u0119 on w kolejnych atakach. Stawa\u0142 si\u0119 on coraz to bardziej bezczelny. Atakowa\u0142 ich bliskich. Odwa\u017cy\u0142 si\u0119 nawet zaatakowa\u0107 &hellip;<br \/><a href=\"https:\/\/kodlyoko.pl\/index.php\/artykuly\/opowiadania\/serie\/krolewskie-porachunki\/krolewskie-porachunki-runda-piata\/\" class=\"more-link pen_button pen_element_default pen_icon_arrow_double\">Read more<\/a><\/p>\n","protected":false},"author":4,"featured_media":0,"parent":3357,"menu_order":0,"comment_status":"open","ping_status":"closed","template":"","meta":{"footnotes":""},"categories":[56],"tags":[],"class_list":["post-4203","page","type-page","status-publish","hentry","category-artykuly-krolewskie-porachunki"],"_links":{"self":[{"href":"https:\/\/kodlyoko.pl\/index.php\/wp-json\/wp\/v2\/pages\/4203","targetHints":{"allow":["GET"]}}],"collection":[{"href":"https:\/\/kodlyoko.pl\/index.php\/wp-json\/wp\/v2\/pages"}],"about":[{"href":"https:\/\/kodlyoko.pl\/index.php\/wp-json\/wp\/v2\/types\/page"}],"author":[{"embeddable":true,"href":"https:\/\/kodlyoko.pl\/index.php\/wp-json\/wp\/v2\/users\/4"}],"replies":[{"embeddable":true,"href":"https:\/\/kodlyoko.pl\/index.php\/wp-json\/wp\/v2\/comments?post=4203"}],"version-history":[{"count":1,"href":"https:\/\/kodlyoko.pl\/index.php\/wp-json\/wp\/v2\/pages\/4203\/revisions"}],"predecessor-version":[{"id":4204,"href":"https:\/\/kodlyoko.pl\/index.php\/wp-json\/wp\/v2\/pages\/4203\/revisions\/4204"}],"up":[{"embeddable":true,"href":"https:\/\/kodlyoko.pl\/index.php\/wp-json\/wp\/v2\/pages\/3357"}],"wp:attachment":[{"href":"https:\/\/kodlyoko.pl\/index.php\/wp-json\/wp\/v2\/media?parent=4203"}],"wp:term":[{"taxonomy":"category","embeddable":true,"href":"https:\/\/kodlyoko.pl\/index.php\/wp-json\/wp\/v2\/categories?post=4203"},{"taxonomy":"post_tag","embeddable":true,"href":"https:\/\/kodlyoko.pl\/index.php\/wp-json\/wp\/v2\/tags?post=4203"}],"curies":[{"name":"wp","href":"https:\/\/api.w.org\/{rel}","templated":true}]}}