{"id":4180,"date":"2025-01-29T12:09:20","date_gmt":"2025-01-29T11:09:20","guid":{"rendered":"https:\/\/kodlyoko.pl\/?page_id=4180"},"modified":"2025-01-29T12:09:21","modified_gmt":"2025-01-29T11:09:21","slug":"lyoko-sie-jednak-nie-zestarzalo","status":"publish","type":"page","link":"https:\/\/kodlyoko.pl\/index.php\/artykuly\/redaktorskie\/felietony\/lyoko-sie-jednak-nie-zestarzalo\/","title":{"rendered":"Lyoko si\u0119 jednak nie zestarza\u0142o"},"content":{"rendered":"\n<p class=\"has-drop-cap\">Ca\u0142kiem niedawno dosta\u0142em cynk o pewnym ciekawym filmie na YouTube. Dowiedzia\u0142em si\u0119 o tym od Xany (ale tego naszego, z ROFu, to dobry Xana), film pochodzi z kana\u0142u &#8220;Jakub Lipowski &#8211; O fabule&#8221; i jak widz\u0119, zyska\u0142 spor\u0105 popularno\u015b\u0107, wi\u0119ksz\u0105 ni\u017c niekt\u00f3re inne rzeczy na tym\u017ce kanale, po\u015bwi\u0119cone serialom, kt\u00f3re podobno s\u0105 bardzo popularne i przez niekt\u00f3rych uznawane za \u015bwietne (w &#8220;Polityce&#8221; tak niedawno o jednym animowanym z pewnego serwisu VOD napisali, ale akurat w tej kwestii nie wierz\u0119). Temat CL wzbudzi\u0142 zainteresowanie, mo\u017cliwe \u017ce przez tytu\u0142, kt\u00f3ry jest, powiedzia\u0142bym kontrowersyjny: &#8220;Kod Lyoko \u0179le Si\u0119 Zestarza\u0142, Ale Zas\u0142uguje Na Reboot&#8221;. Wrzuc\u0119 to poni\u017cej, \u017ceby ch\u0119tni mogli obejrze\u0107.<\/p>\n\n\n\n<figure class=\"wp-block-embed is-type-video is-provider-youtube wp-block-embed-youtube wp-embed-aspect-16-9 wp-has-aspect-ratio\"><div class=\"wp-block-embed__wrapper\">\n<iframe loading=\"lazy\" title=\"Kod Lyoko \u0179le Si\u0119 Zestarza\u0142, Ale Zas\u0142uguje Na Reboot\" width=\"940\" height=\"529\" src=\"https:\/\/www.youtube.com\/embed\/nVJyZcc2vwY?feature=oembed\" frameborder=\"0\" allow=\"accelerometer; autoplay; clipboard-write; encrypted-media; gyroscope; picture-in-picture; web-share\" referrerpolicy=\"strict-origin-when-cross-origin\" allowfullscreen><\/iframe>\n<\/div><\/figure>\n\n\n\n<p>A dlaczego o tym pisz\u0119? Ano, dlatego \u017ce po zobaczeniu filmu przyszed\u0142 mi do g\u0142owy pomys\u0142 na tekst polemiczny, bo z pewnymi rzeczami si\u0119 tam powiedzianymi si\u0119 nie zgadzam. Ale to nawet dobrze, bo gdybym si\u0119 zgadza\u0142, to mo\u017ce by tego tekstu nie by\u0142o. Pomin\u0119 cz\u0119\u015b\u0107 ze streszczeniem fabu\u0142y, bo tu nie mam z czym polemizowa\u0107, mo\u017ce co najwy\u017cej si\u0119 lekko doczepi\u0119 \u017ce zazwyczaj Niemca wymawia si\u0119 jako &#8220;Ulrik&#8221;, ale to tam piku\u015b \ud83d\ude09<br>Kwestia nudno\u015bci pierwszej serii to te\u017c w sumie sprawa bardziej gustu, powiedzia\u0142bym, \u017ce owszem, jest monotonna w du\u017cej mierze i nawet bym uzna\u0142, \u017ce tak\u017ce pierwszy i drugi odcinek mo\u017cna by by\u0142o losowo umie\u015bci\u0107 bez wi\u0119kszej szkody dla fabu\u0142y. Ale to te\u017c wynika\u0142o z tego, \u017ce pocz\u0105tkowo tw\u00f3rcy chcieli skupi\u0107 si\u0119 na doprowadzeniu do wziemiowst\u0105pienia Aelity.<br>No i by\u0142bym zapomnia\u0142, skoro jeste\u015bmy na stronie o CL, to trzeba obowi\u0105zkowo si\u0119 nie zgodzi\u0107 z opini\u0105 \u017ce nie jest to najlepsza opowie\u015b\u0107 na \u015bwiecie. Na tej stronie jest \ud83d\ude00<\/p>\n\n\n\n<p>Przejd\u017amy do cz\u0119\u015bci o wadach i problemach. Tu przyjmijmy tak\u0105 konwencj\u0119: najpierw cytat z filmu, a potem m\u00f3j komentarz, tak by to by\u0142o w miar\u0119 czytelne.<\/p>\n\n\n\n<p><em>&#8220;cz\u0119\u015b\u0107 zachowa\u0144 postaci, szczeg\u00f3lnie u doros\u0142ych, nie ma sensu&#8221;<\/em> &#8211; Tu si\u0119 przyznam, \u017ce pocz\u0105tkowo mia\u0142em drobny problem, jak si\u0119 do tego odnie\u015b\u0107 i dopiero po dopytaniu autora w komentarzach pod filmem nieco ta sprawa si\u0119 rozja\u015bni\u0142a. Tu taka rada, je\u015bli autor to b\u0119dzie czyta\u0107, nie jest to w \u017caden spos\u00f3b z\u0142o\u015bliwe &#8211; warto przy takich sytuacjach rzuci\u0107 w filmie cho\u0107by jednym przyk\u0142adem. W komentarzu pojawi\u0142y si\u0119 nawet dwa. Pierwszy pochodzi z &#8220;Loterii&#8221;, chodzi o w\u0105tek z kuponem totolotka. Najpierw rodzice Yumi s\u0105 proszeni o dyskrecj\u0119, po czym wypalaj\u0105 \u017ce to Ulrich da\u0142 kupon. By\u0142o to nielogiczne? Jasne. Ale to wynika\u0142o z tego, \u017ce rodzice Yumi, wychowani w japo\u0144skiej tradycyjnej kulturze, raczej nie przywykli do tego, by ukrywa\u0107 cz\u0119\u015b\u0107 prawdy.<br>Drugi argument dotyczy\u0142 Jima i jego dziwnych tekst\u00f3w i zachowa\u0144 Tu si\u0119 zgodz\u0119, \u017ce on takowe mia\u0142, ale by\u0142o to raczej zamierzone. Jim jest pocieszn\u0105 postaci\u0105 wprowadzaj\u0105c\u0105 pewien w\u0105tek komediowy. Co prawda to te\u017c robi Odd, ale on ma nieco inn\u0105 rol\u0119 w serialu, wa\u017cniejsz\u0105.<br>Poza tym mam te\u017c takie wra\u017cenie, \u017ce pewna nielogiczno\u015b\u0107 zachowa\u0144 postaci dodaje CL pewnego rysu prawdziwo\u015bci. W ko\u0144cu w prawdziwym \u017cyciu te\u017c czasami zachowujemy si\u0119 nieco bez sensu.<\/p>\n\n\n\n<p><em>&#8220;autorzy prawdopodobnie nie mieli zbyt wielkiego bud\u017cetu, wi\u0119c starali si\u0119 recyclingowa\u0107 niekt\u00f3re sceny&#8221; <\/em>&#8211; O recyclingu scen w animacjach wiadomo ju\u017c od czas\u00f3w, gdy rynkiem trz\u0105s\u0142 duet Hanna-Barbera, zreszt\u0105 w\u0142a\u015bnie w &#8220;Odlotowych wy\u015bcigach&#8221;, jednej z ich produkcji, powiedziano to widzom wprost. Dlatego ja bym tego nie traktowa\u0142 jako problem. W CL mamy sekwencje, kt\u00f3re si\u0119 powtarzaj\u0105, jak dezaktywacja wie\u017cy, wi\u0119c niewiele sensu by\u0142oby tworzenie jej od nowa ponad 90 razy, skoro wystarczy to przemontowa\u0107 i wrzuci\u0107, a na nowo zrobi\u0107 to wtedy, gdy Aelita mia\u0142a ju\u017c nowy wygl\u0105d. Zreszt\u0105 podobnie jest z tymi scenami, gdy bohaterowie jad\u0105 do fabryki, to te\u017c wiele razy wykorzystywano. Ba, w pierwszej serii to si\u0119 nawet zdarzy\u0142o, \u017ce puszczono ca\u0142o\u015b\u0107 tylko po to, by pod\u0142o\u017cy\u0107 pod to instrumentaln\u0105 wersj\u0119 czo\u0142\u00f3wki.<\/p>\n\n\n\n<p><em>&#8220;KL jest do\u015b\u0107 brutalny, a rzekomo nadaje si\u0119 dla siedmiolatk\u00f3w&#8221;<\/em> &#8211; Tu dochodzimy do kwestii dyskusyjnej. Sprawdzi\u0142em przed pisaniem tego felietonu, jak wygl\u0105da klasyfikacja wiekowa w poszczeg\u00f3lnych krajach. U nas by\u0142o +7, cho\u0107 niekt\u00f3re odcinki ZigZap nadawa\u0142 z oznaczeniem +12. W Hiszpanii pocz\u0105tkowo to by\u0142o +10, ale obecnie jest dla wszystkich, podobnie we Francji, Kanadzie czy W\u0142oszech. Tak samo jak u nas klasyfikowano ten serial w USA.<br>Owszem, niekt\u00f3re sceny s\u0105 do\u015b\u0107 mocne, ale to te\u017c \u015bwiadczy o tym, \u017ce serial nie jest infantylny. Natomiast nie s\u0105dz\u0119, \u017ce to jest jako\u015b cholernie strasznie, i to w takim stopniu, by chroni\u0107 przed tym dzieci. Sam zacz\u0105\u0142em ogl\u0105da\u0107 CL maj\u0105c 9 lat. Przed tym serialem widzia\u0142em ju\u017c do\u015b\u0107 sporo rzeczy w Cartoon Network, kt\u00f3re chwilami by\u0142y o wiele brutalniejsze. Wszystko jest kwesti\u0105 podej\u015bcia, ewentualnie interpretacji. Autor filmu wspomina o produkcji &#8220;Code Lyoko is a kids show&#8221;. To trzycz\u0119\u015bciowa seria \u015bcinek z serialu, w kt\u00f3rej pokazano w\u0142a\u015bnie takie mocniejsze sceny, w tym jedn\u0105, kt\u00f3ra nie wesz\u0142a do emisji, bo by\u0142a wyci\u0119ta (jak William w Sektorze 5 wbija sw\u00f3j miecz Yumi w brzuch). Przy czym tam te\u017c od pewnego momentu nieco to jest nadinterpretowane, bo pada cho\u0107by okre\u015blenie o tym, \u017ce tam jest zach\u0119canie dzieci do samob\u00f3jstwa. Tak wi\u0119c to bym traktowa\u0142 troch\u0119 jak mem albo pewne do\u015bpiewywanie.<br>Troch\u0119 mi to przypomina dawn\u0105 list\u0119 tego, co serial promuje i punkt o &#8220;niemoralnej bluzie Yumi&#8221; odkrywaj\u0105cej brzuch. Do dzi\u015b si\u0119 zastanawiam, ilu widz\u00f3w zosta\u0142o zdemoralizowanych przez pann\u0119 Ishiyam\u0119, ilu osobom si\u0119 ona \u015bni\u0142a po nocach\u2026<br>Ale wracaj\u0105c &#8211; wydaje mi si\u0119, \u017ce kwestia oceny, czy serial nadaje si\u0119 dla danej osoby, to co\u015b bardziej indywidualnego, mo\u017ce czasem wymagaj\u0105cego interwencji rodzic\u00f3w. Chocia\u017c jak ja b\u0119d\u0119 kiedy\u015b mia\u0142 potomstwo, to sam je b\u0119d\u0119 zach\u0119ca\u0107 do wej\u015bcia w Lyoko.<\/p>\n\n\n\n<p><em>&#8220;Najwi\u0119ksz\u0105 bol\u0105czk\u0105 tego serialu jest to, jak okropnie si\u0119 on zestarza\u0142. Animacja 2D jeszcze trzyma poziom, ale ta 3D jest zwyczajnie brzydka i drewniana&#8221;<\/em> &#8211; cytat obszerniejszy nieco, bo i komentarz tu b\u0119dzie ciut d\u0142u\u017cszy. Ot\u00f3\u017c to jest zdaniem autora g\u0142\u00f3wny pow\u00f3d z\u0142ego zestarzenia si\u0119 serialu. Dalej dodaje on, \u017ce potem si\u0119 nieco poprawia, ale i tak z dzisiejszej perspektywy jest \u017ale. I tu si\u0119 ca\u0142kowicie nie zgadzam, niezale\u017cnie czy by\u015bmy brali perspektyw\u0119 z 2025 czy z 2005 roku. Antefilms, a potem MoonScoop, nie by\u0142y firmami, kt\u00f3re mog\u0142y sobie pozwoli\u0107 na wrzucenie niebotycznych pieni\u0119dzy w animacj\u0119, \u017ceby to wygl\u0105da\u0142o jak w filmach Pixara. I tak sam zamys\u0142, aby realizowa\u0107 serial jednocze\u015bnie w 2 technikach, by\u0142 wtedy do\u015b\u0107 nowatorski i wymagaj\u0105cy nieco wi\u0119kszych nak\u0142ad\u00f3w finansowych. Efekt, kt\u00f3ry mo\u017cna zobaczy\u0107, jest moim zdaniem naprawd\u0119 dobry. Widzia\u0142em o wiele brzydsze animacje, jak cho\u0107by South Park czy W\u0142atcy M\u00f3ch. I tak, wiem, tam brzydota by\u0142a niejako wpisana w koncepcj\u0119. Ale nie mam wra\u017cenia, \u017ceby po 2 dekadach grafika i animacja w CL jako\u015b strasznie si\u0119 zestarza\u0142a i by nie da\u0142o si\u0119 tego ogl\u0105da\u0107. Ba, znam nawet ludzi, kt\u00f3rzy uwa\u017caj\u0105, \u017ce lepiej to wygl\u0105da\u0142o w pierwszym sezonie ni\u017c w nast\u0119pnych, mimo i\u017c faktycznie od drugiego sezonu dosz\u0142o do pewnych lifting\u00f3w kosmetycznych.<br>Swoj\u0105 drog\u0105 to zastanawiam si\u0119, na ile w takich przypadkach patrzenie &#8220;z dzisiejszej perspektywy&#8221; jest zasadne, szczeg\u00f3lnie je\u015bli nie uwzgl\u0119dni si\u0119 reali\u00f3w powstawania czy cho\u0107by tego, jakie mo\u017cliwo\u015bci techniczne by\u0142y 2 dekady temu. Gdyby serial powstawa\u0142 teraz, to ca\u0142kiem mo\u017cliwe, \u017ce zrobiono by to nieco inaczej. Ale dlaczego pisz\u0119 tu o zasadno\u015bci? Ano dlatego, \u017ce z takiej pozycji mo\u017cna uwali\u0107 dos\u0142ownie ka\u017cd\u0105 starsz\u0105 produkcj\u0119. Mo\u017cna na przyk\u0142ad uzna\u0107, \u017ce filmy o Gangu Olsena s\u0105 archaiczne, bo nikt by teraz nie nakr\u0119ci\u0142 takiej komedii jak 50 lat temu. Tyle, \u017ce nie zmieni to faktu, i\u017c gdy to kr\u0119cono w\u0142a\u015bnie te p\u00f3\u0142 wieku temu, to wysz\u0142y z tego naprawd\u0119 dobre komedie, kt\u00f3re bawi\u0105 do dzi\u015b. I z animacj\u0105 w CL jest tak samo. Owszem, mo\u017cliwo\u015bci techniczne by\u0142y wtedy skromniejsze. Ale my\u015bl\u0119, \u017ce wykorzystano je optymalnie.<\/p>\n\n\n\n<p>W dalszej cz\u0119\u015bci autor stwierdza, \u017ce kontynuacja nie jest potrzebna, ale sam serial jest dobrym materia\u0142em do tego, by by\u0142 wykonany reboot. Koncepcja do\u015b\u0107 ciekawa, cho\u0107 warto zaznaczy\u0107, \u017ce tw\u00f3rcy jednak chc\u0105 to kontynuowa\u0107, a nie robi\u0107 reboota. Jako argument za rebootem pada cho\u0107by to, \u017ce mo\u017cna by by\u0142o wyja\u015bni\u0107 m\u0142odszej widowni podstawy dzia\u0142ania sieci neuronowych oraz tematy zwi\u0105zane z cyberbezpiecze\u0144stwem. Co\u015b w tym mo\u017cne jest, chocia\u017c by\u0142bym jednak do\u015b\u0107 ostro\u017cny z takimi kwestiami. Umiej\u0119tne wplecenie tego w fabu\u0142\u0119 &#8211; jak najbardziej. Ale na pewno nie wypali\u0142oby robienie z CL jakiej\u015b dydaktycznej pogadanki o informatyce i bezpiecze\u0144stwie w sieci, bo wyjdzie wtedy niestrawny kloc, kt\u00f3ry sko\u0144czy\u0142by jako kolejny film edukacyjny om\u00f3wiony przez Niekrytego Krytyka jakie\u015b 3 lata po premierze. Zreszt\u0105 tw\u00f3rcy nigdy nie mieli zakus\u00f3w na wprowadzanie dydaktyzmu, a je\u015bli pojawia\u0142y si\u0119 elementy wiedzowe, to by\u0142y raczej wpl\u0105tywane w ca\u0142o\u015b\u0107.<\/p>\n\n\n\n<p>Pojawia si\u0119 te\u017c propozycja, aby ograniczy\u0107 ca\u0142y serial przy reboocie do 3 sezon\u00f3w po 10 odcink\u00f3w, by skupi\u0107 si\u0119 na najwa\u017cniejszych w\u0105tkach. 3 sezony po 10 odcink\u00f3w daj\u0105 nam 30 epizod\u00f3w. Tyle liczy sobie czwarty sezon. To wyliczenie zrobi\u0142em dlatego, \u017ce akurat tu mam w\u0105tpliwo\u015bci, czy ograniczanie co\u015b by da\u0142o i czy by jednak nie zaszkodzi\u0142o serii. Czwarty sezon, opr\u00f3cz tego \u017ce jest najd\u0142u\u017cszy, posiada tak\u017ce inn\u0105 cech\u0119 &#8211; jest tam chyba najmniej &#8220;filler\u00f3w&#8221;, kt\u00f3re po naszemu nazywam &#8220;zapchajdziurami&#8221;, czyli odcink\u00f3w nieprowadz\u0105cych g\u0142\u00f3wnej fabu\u0142y do przodu. Czym\u015b, co jest moim zdaniem jedn\u0105 z zalet CL, jest to, i\u017c w tych odcinkach, gdzie fabu\u0142a posuwa si\u0119 do przodu, nowych rzeczy dowiadujemy si\u0119 stopniowo. Nie jest to nam rzucane hurtem &#8220;na ryj&#8221;. Zreszt\u0105 nawet zapchajdziury s\u0105 przydatne, bo one s\u0142u\u017c\u0105 tutaj do tego, by pokaza\u0107 tak\u017ce normalne \u017cycie naszych bohater\u00f3w. Obawiam si\u0119, \u017ce przy radykalnym skr\u00f3ceniu z 95 (+ prequele) odcink\u00f3w do 30, ucierpia\u0142by zar\u00f3wno ten aspekt \u017cycia w miar\u0119 zwyk\u0142ego, kt\u00f3ry tu naprawd\u0119 dobrze wypada, jak i spos\u00f3b odkrywania kolejnych wa\u017cnych fabularnie informacji. M\u00f3wi\u0105c inaczej &#8211; wysz\u0142aby z tego Ewolucja, gdzie w\u0105tk\u00f3w pozalyokowych praktycznie nie ma, wszystko skupia si\u0119 tylko wok\u00f3\u0142 g\u0142\u00f3wnego w\u0105tku i nawet je\u015bli tam nie dostawali\u015bmy hurtem nowo\u015bci &#8220;na ryj&#8221;, to i tak pod tym wzgl\u0119dem Ewolucja wypada gorzej od kresk\u00f3wkowych serii. I tego w\u0142a\u015bnie si\u0119 obawiam przy takim skracaniu. Bo wtedy jak to poprowadzi\u0107? Jak w 30 odcink\u00f3w przedstawi\u0107 ca\u0142\u0105 histori\u0119? OK, ja wiem \u017ce s\u0105 streszczenia typu &#8220;Code Lyoko w 15 minut&#8221;, ale jednak ta historia jest zbyt dobra, by j\u0105 skraca\u0107.<\/p>\n\n\n\n<p><em>Autor: Jeremie_96<\/em><\/p>\n\n\n\n<p><\/p>\n","protected":false},"excerpt":{"rendered":"<p>Ca\u0142kiem niedawno dosta\u0142em cynk o pewnym ciekawym filmie na YouTube. Dowiedzia\u0142em si\u0119 o tym od Xany (ale tego naszego, z ROFu, to dobry Xana), film pochodzi z kana\u0142u &#8220;Jakub Lipowski &#8211; O fabule&#8221; i jak widz\u0119, zyska\u0142 spor\u0105 popularno\u015b\u0107, wi\u0119ksz\u0105 ni\u017c niekt\u00f3re inne rzeczy na tym\u017ce kanale, po\u015bwi\u0119cone serialom, kt\u00f3re podobno s\u0105 bardzo popularne i &hellip;<br \/><a href=\"https:\/\/kodlyoko.pl\/index.php\/artykuly\/redaktorskie\/felietony\/lyoko-sie-jednak-nie-zestarzalo\/\" class=\"more-link pen_button pen_element_default pen_icon_arrow_double\">Read more<\/a><\/p>\n","protected":false},"author":5,"featured_media":0,"parent":2587,"menu_order":0,"comment_status":"open","ping_status":"closed","template":"","meta":{"footnotes":""},"categories":[50],"tags":[],"class_list":["post-4180","page","type-page","status-publish","hentry","category-artykuly-felietony"],"_links":{"self":[{"href":"https:\/\/kodlyoko.pl\/index.php\/wp-json\/wp\/v2\/pages\/4180","targetHints":{"allow":["GET"]}}],"collection":[{"href":"https:\/\/kodlyoko.pl\/index.php\/wp-json\/wp\/v2\/pages"}],"about":[{"href":"https:\/\/kodlyoko.pl\/index.php\/wp-json\/wp\/v2\/types\/page"}],"author":[{"embeddable":true,"href":"https:\/\/kodlyoko.pl\/index.php\/wp-json\/wp\/v2\/users\/5"}],"replies":[{"embeddable":true,"href":"https:\/\/kodlyoko.pl\/index.php\/wp-json\/wp\/v2\/comments?post=4180"}],"version-history":[{"count":1,"href":"https:\/\/kodlyoko.pl\/index.php\/wp-json\/wp\/v2\/pages\/4180\/revisions"}],"predecessor-version":[{"id":4181,"href":"https:\/\/kodlyoko.pl\/index.php\/wp-json\/wp\/v2\/pages\/4180\/revisions\/4181"}],"up":[{"embeddable":true,"href":"https:\/\/kodlyoko.pl\/index.php\/wp-json\/wp\/v2\/pages\/2587"}],"wp:attachment":[{"href":"https:\/\/kodlyoko.pl\/index.php\/wp-json\/wp\/v2\/media?parent=4180"}],"wp:term":[{"taxonomy":"category","embeddable":true,"href":"https:\/\/kodlyoko.pl\/index.php\/wp-json\/wp\/v2\/categories?post=4180"},{"taxonomy":"post_tag","embeddable":true,"href":"https:\/\/kodlyoko.pl\/index.php\/wp-json\/wp\/v2\/tags?post=4180"}],"curies":[{"name":"wp","href":"https:\/\/api.w.org\/{rel}","templated":true}]}}