{"id":4073,"date":"2024-11-29T13:05:11","date_gmt":"2024-11-29T12:05:11","guid":{"rendered":"https:\/\/kodlyoko.pl\/?page_id=4073"},"modified":"2024-11-29T13:05:12","modified_gmt":"2024-11-29T12:05:12","slug":"a-co-gdyby-ktos-pamietal-o-xanie","status":"publish","type":"page","link":"https:\/\/kodlyoko.pl\/index.php\/artykuly\/kod-lyoko\/a-co-gdyby-ktos-pamietal-o-xanie\/","title":{"rendered":"A co gdyby kto\u015b pami\u0119ta\u0142 o Xanie?"},"content":{"rendered":"\n<p>Ju\u017c jaki\u015b czas temu my\u015bla\u0142am nad konceptem odtworzenia jednego z odcink\u00f3w w formie narracji z perspektywy kogo\u015b z bohater\u00f3w pobocznych. Mo\u017ce nawet wysz\u0142a by z tego jaka\u015b seria \u2013 wyobra\u017acie sobie kogo\u015b, kto pami\u0119ta wszystko, co si\u0119 dzieje, ale zak\u0142ada, \u017ce to tylko dziwne sny (w pewnym sensie by\u0142o zasugerowane, \u017ce William zapami\u0119ta\u0142 kt\u00f3r\u0105\u015b ze swoich przyg\u00f3d przed do\u0142\u0105czeniem do grupy w ten spos\u00f3b). Oczywi\u015bcie, pierwsz\u0105 postaci\u0105, kt\u00f3ra spisa\u0142a by si\u0119 w tej roli jest Jim, jednak czy nie wydaje si\u0119 on jako\u015b\u2026 zbyt oczywisty?<\/p>\n\n\n\n<p>&#8212;<\/p>\n\n\n\n<p>Ciekaw\u0105 perspektyw\u0105 by\u0142y by Mily i Tamiya, albo raczej ich dziennikarska kamera, z kt\u00f3r\u0105 je cz\u0119sto widzimy. Cho\u0107 nie zawsze skupiali\u015bmy si\u0119 na ich postaciach, w wielu odcinkach by\u0142y \u015bwiadkami r\u00f3\u017cnorodnych atak\u00f3w Xany. Co, je\u015bli ich kamera to nagra\u0142a?<\/p>\n\n\n\n<p>Pomy\u015blmy o odcinku Zero Grawitacji. Podczas wa\u017cnego dla szko\u0142y meczu Xana zacz\u0105\u0142 manipulowa\u0107 grawitacj\u0105 i sprawi\u0142, \u017ce wszyscy znajduj\u0105cy si\u0119 na terenie szko\u0142y zostali oderwani od ziemi. Ca\u0142y mecz by\u0142 nagrywany przez nasze dziennikarki i raczej nie sko\u0144czy\u0142y one nagrywa\u0107, gdy zacz\u0119\u0142y si\u0119 unosi\u0107. Na szcz\u0119\u015bcie Jeremy w por\u0119 u\u017cy\u0142 powrotu do przysz\u0142o\u015bci, a mecz odby\u0142 si\u0119 ponownie, ju\u017c bez ataku Xany.<\/p>\n\n\n\n<p>Wyobra\u017amy sobie, \u017ce dziewczynki po sko\u0144czonym meczu przenios\u0142y nagrania na komputer, chc\u0105c mo\u017ce je przyci\u0105\u0107, mo\u017ce od razu opublikowa\u0107. Zorientowa\u0142y si\u0119 jednak, \u017ce maj\u0105 dwa nagrania \u2013 z tego samego czasu, lecz r\u00f3\u017cnej d\u0142ugo\u015bci. Nie r\u00f3\u017cni\u0142y si\u0119 one tak bardzo. Pocz\u0105tkowo my\u015bla\u0142y, \u017ce to jaki\u015b b\u0142\u0105d; \u017ce kamera zapisa\u0142a ten sam film dwukrotnie. Jednak gdy przewin\u0119\u0142y na sam koniec \u2013 chc\u0105c pewnie zobaczy\u0107, w kt\u00f3rym momencie pierwszy film si\u0119 urwa\u0142, zobaczy\u0142y co\u015b niespodziewanego.<\/p>\n\n\n\n<p>Je\u015bli tylko jedna z nich ogl\u0105da\u0142a nagrania, uzna\u0142a by to pewnie za \u017cart drugiej. Pewnie g\u0142owi\u0142a by si\u0119, jak tamta zdo\u0142a\u0142a to zrobi\u0107, zw\u0142aszcza w tak kr\u00f3tkim czasie. No i te efekty specjalne? Jak prawdziwe! Je\u015bli jednak ogl\u0105da\u0142y by to obie, zorientowa\u0142y by si\u0119, \u017ce co\u015b musi by\u0107 na rzeczy. Mily i Tamiya s\u0105 naturalnie ciekawskie, ale nie jestem pewna, czy wiedzia\u0142y by, gdzie zacz\u0105\u0107 szuka\u0107 odpowiedzi.<\/p>\n\n\n\n<p>Mo\u017ce zauwa\u017cy\u0142y by, \u017ce na obu nagraniach tylko Ulrich zachowuje si\u0119 inaczej. Na pewno by to zauwa\u017cy\u0142y. Czy posz\u0142y by od razu do niego, czy zdecydowa\u0142y by si\u0119 go obserwowa\u0107?<\/p>\n\n\n\n<p>Nie minie du\u017co czasu, zanim ich kamera zacznie pokazywa\u0107 kolejne dziwne nagrania. To sporadyczny atak Xany \u2013 czasem rzeczywi\u015bcie straszny i dotykaj\u0105cy ich bezpo\u015brednio; to dziwne zachowanie Ulricha i pozosta\u0142ych wojownik\u00f3w. Raczej nie b\u0119d\u0105 mia\u0142y problem\u00f3w z zauwa\u017ceniem, kto nale\u017cy do grupy \u2013 pewnie domy\u015bl\u0105 si\u0119 tego bardzo szybko, gdy tylko pomy\u015bl\u0105 o tym, z kim Ulrich sp\u0119dza najwi\u0119cej wolnego czasu. Czy b\u0119d\u0105 podejrzewa\u0142y, \u017ce Jim albo Sisi tak\u017ce wiedz\u0105, co si\u0119 dzieje? Ta dw\u00f3jka bardzo cz\u0119sto pl\u0105ta\u0142a si\u0119 w dzia\u0142ania Wojownik\u00f3w, czy to specjalnie ich \u015bledz\u0105c, czy po prostu reaguj\u0105c na ich dziwaczne zachowanie.<\/p>\n\n\n\n<p>Jak d\u0142ugo trwa\u0142o by takie dziennikarskie \u015bledztwo, zanim doprowadzi\u0142o by je do fabryki, albo zanim Wojownicy zauwa\u017cyli by, co si\u0119 dzieje? Do jakich wniosk\u00f3w dosz\u0142y by dziewczyny, albo kiedy by si\u0119 podda\u0142y? Je\u015bli nie by\u0142y by w stanie nic zrobi\u0107 w \u201etera\u017aniejszo\u015bci\u201d a jedyny progres w ich \u015bledztwie zdarza\u0142 by si\u0119 na nagraniach, czy nie straci\u0142y by do\u015b\u0107 szybko motywacji do dalszego badania?<\/p>\n\n\n\n<p>Bez wzgl\u0119du na ich podej\u015bcie, koncept magicznie zapisuj\u0105cej wszystko kamery tak\u017ce wydaje si\u0119 troch\u0119 problematyczny. My\u015bl\u0119 tu nadal w kontek\u015bcie oryginalnej serii, nie tego potworka, kt\u00f3rym jest Ewolucja (pami\u0119tacie t\u0105 scen\u0119, w kt\u00f3rej Laura zachowa\u0142a wizyt\u00f3wk\u0119 mimo powrotu do przesz\u0142o\u015bci?). Zatem, jak by to dzia\u0142a\u0142o? Czy to sprawka Xany, \u017ce ich filmy zacz\u0119\u0142y wraca\u0107 do przesz\u0142o\u015bci? A mo\u017ce jakie\u015b dzia\u0142anie Jeremiego by\u0142o tego powodem? Dla czytelnika chyba w\u0142a\u015bnie ten element opowie\u015bci by\u0142by o wiele ciekawszy, ni\u017c samo \u201eodkrycie\u201d Wojownik\u00f3w \u2013 w ko\u0144cu my dobrze wiemy, co z nimi si\u0119 dzieje.<\/p>\n\n\n\n<p>Atak Xany mia\u0142 by tu najwi\u0119cej sensu, jednak musia\u0142by by\u0107 to atak konkretnie na kamer\u0119, bo jak inaczej by wyt\u0142umaczy\u0107, \u017ce namiesza\u0142 on co\u015b w bezprzewodowym urz\u0105dzeniu? Racja, kilkukrotnie wp\u0142ywa\u0142 na telefony kom\u00f3rkowe, ale do tych mo\u017cna dotrze\u0107 bez problemu przez sie\u0107, nie musia\u0142 wi\u0119c jako\u015b specjalnie si\u0119 z nimi m\u0119czy\u0107. Po co Xanie kamera? Mo\u017ce liczy\u0142, \u017ce nie-bezpo\u015brednie zdemaskowanie Wojownik\u00f3w da mu przewag\u0119\u2026 Ale to oczywi\u015bcie ju\u017c cz\u0119\u015b\u0107 spekulacji, nie maj\u0105ca \u017cadnego pokrycia w odcinkach. Zreszt\u0105 tego typu zagrywki nie wydaj\u0105 si\u0119 w stylu Xany. Inaczej ju\u017c na pocz\u0105tku serii spr\u00f3bowa\u0142 by jako\u015b permanentnie odci\u0105\u0107 Wojownik\u00f3w od dost\u0119pu do fabryki.<\/p>\n\n\n\n<p>&#8212;<\/p>\n\n\n\n<p>Jaka jeszcze posta\u0107 ciekawie sprawdzi\u0142a by si\u0119 w roli tego, kto pami\u0119ta? Mo\u017ce nasza ulubiona pracownica Kadic \u2013 Rosa. Stoj\u0105ca sobie spokojnie w sto\u0142\u00f3wce ka\u017cdego dnia, w nocy prze\u017cywaj\u0105ca koszmary o zamieciach \u015bnie\u017cnych, zombie i innych dziwnych rzeczach. Gdy nie dzia\u0142o by si\u0119 nic nadzwyczajnego, czy zauwa\u017cy\u0142a by, \u017ce pami\u0119ta ten sam dzie\u0144 dwa razy? A sk\u0105d! Przecie\u017c codziennie Odd przychodzi g\u0142odny, prosz\u0105c o dok\u0142adk\u0119, a inni uczniowie dzia\u0142aj\u0105 jej na nerwy (patrz\u0105c na angielsk\u0105 wiki \u2013 praktycznie zawsze, gdy Rosa pojawia si\u0119 w odcinku, kt\u00f3ry\u015b z uczni\u00f3w j\u0105 denerwuje!).<\/p>\n\n\n\n<p>Ciekawe jak cz\u0119sto Rosa ugotowa\u0142a by nie te posi\u0142ki, kt\u00f3re planowa\u0142a; nie te, kt\u00f3re Wojownicy pami\u0119tali z przed powrotu do przesz\u0142o\u015bci? Ciekawe, jak cz\u0119sto zwracali by na to uwag\u0119 i jak to sobie t\u0142umaczyli? \u201eNo c\u00f3\u017c, mo\u017ce Xana zepsu\u0142 co\u015b w tamtej wersji dzisiaj, wi\u0119c Rosa musia\u0142a ugotowa\u0107 co\u015b innego\u201d. Mo\u017ce tylko Odd zauwa\u017ca\u0142 by r\u00f3\u017cnic\u0119? Mo\u017ce by\u0142oby mu to oboj\u0119tne? (Nie s\u0105dz\u0119. Odd kocha je\u015b\u0107).<\/p>\n\n\n\n<p>Nie wyobra\u017cam sobie, \u017ceby Rosa kiedykolwiek zrobi\u0142a co\u015b, \u017ceby odkry\u0107, sk\u0105d bior\u0105 si\u0119 te jej dziwaczne sny\/ wspomnienia. Nie s\u0105dz\u0119 te\u017c, \u017ceby rozmawia\u0142a o nich z innymi, chyba \u017ce co\u015b wyj\u0105tkowo by j\u0105 zmartwi\u0142o. \u201eWe\u017a drug\u0105 porcj\u0119, bo inaczej dzisiaj zas\u0142abniesz\u201d \u2013 albo co\u015b podobnego, mog\u0142o by wyj\u015b\u0107 z jej ust. Uzna\u0142a by te wizje za zwyk\u0142e martwienie si\u0119 o uczni\u00f3w.<\/p>\n\n\n\n<p>Troch\u0119 zbyt prosta opowie\u015b\u0107, je\u015bli skupi\u0107 si\u0119 tylko na tym aspekcie i ignorowaniu przez ni\u0105 powt\u00f3rzonych dni. A co, je\u015bli jednak komu\u015b by o tym m\u00f3wi\u0142a? Nie le\u017cy mi jako\u015b \u201eRosa u psychologa, opowiadaj\u0105ca o swoich snach\u201d. Mo\u017ce raczej \u201eRosa, w sekrecie pisz\u0105ca ksi\u0105\u017ck\u0119 o nawiedzonej szkole\u201d? To by ju\u017c by\u0142o co\u015b.<\/p>\n\n\n\n<p>&#8212;<\/p>\n\n\n\n<p>Dwa lu\u017ane pomys\u0142y \u2013 ten z Mily i Tamiy\u0105 o wiele ciekawszy, chocia\u017c sprawiaj\u0105cy te\u017c du\u017co problem\u00f3w. Dajcie zna\u0107, czy kt\u00f3ry\u015b z nich szczeg\u00f3lnie wam si\u0119 spodoba\u0142 \u2013 mo\u017ce rzeczywi\u015bcie pojawi si\u0119 kilka opowiada\u0144 wok\u00f3\u0142 tego pomys\u0142u?<\/p>\n\n\n\n<p><\/p>\n\n\n\n<p><em>Autorka: Akuliszi<\/em><\/p>\n","protected":false},"excerpt":{"rendered":"<p>Ju\u017c jaki\u015b czas temu my\u015bla\u0142am nad konceptem odtworzenia jednego z odcink\u00f3w w formie narracji z perspektywy kogo\u015b z bohater\u00f3w pobocznych. Mo\u017ce nawet wysz\u0142a by z tego jaka\u015b seria \u2013 wyobra\u017acie sobie kogo\u015b, kto pami\u0119ta wszystko, co si\u0119 dzieje, ale zak\u0142ada, \u017ce to tylko dziwne sny (w pewnym sensie by\u0142o zasugerowane, \u017ce William zapami\u0119ta\u0142 kt\u00f3r\u0105\u015b ze &hellip;<br \/><a href=\"https:\/\/kodlyoko.pl\/index.php\/artykuly\/kod-lyoko\/a-co-gdyby-ktos-pamietal-o-xanie\/\" class=\"more-link pen_button pen_element_default pen_icon_arrow_double\">Read more<\/a><\/p>\n","protected":false},"author":9,"featured_media":0,"parent":623,"menu_order":0,"comment_status":"closed","ping_status":"closed","template":"","meta":{"footnotes":""},"categories":[41],"tags":[],"class_list":["post-4073","page","type-page","status-publish","hentry","category-artykuly-kod-lyoko"],"_links":{"self":[{"href":"https:\/\/kodlyoko.pl\/index.php\/wp-json\/wp\/v2\/pages\/4073","targetHints":{"allow":["GET"]}}],"collection":[{"href":"https:\/\/kodlyoko.pl\/index.php\/wp-json\/wp\/v2\/pages"}],"about":[{"href":"https:\/\/kodlyoko.pl\/index.php\/wp-json\/wp\/v2\/types\/page"}],"author":[{"embeddable":true,"href":"https:\/\/kodlyoko.pl\/index.php\/wp-json\/wp\/v2\/users\/9"}],"replies":[{"embeddable":true,"href":"https:\/\/kodlyoko.pl\/index.php\/wp-json\/wp\/v2\/comments?post=4073"}],"version-history":[{"count":1,"href":"https:\/\/kodlyoko.pl\/index.php\/wp-json\/wp\/v2\/pages\/4073\/revisions"}],"predecessor-version":[{"id":4074,"href":"https:\/\/kodlyoko.pl\/index.php\/wp-json\/wp\/v2\/pages\/4073\/revisions\/4074"}],"up":[{"embeddable":true,"href":"https:\/\/kodlyoko.pl\/index.php\/wp-json\/wp\/v2\/pages\/623"}],"wp:attachment":[{"href":"https:\/\/kodlyoko.pl\/index.php\/wp-json\/wp\/v2\/media?parent=4073"}],"wp:term":[{"taxonomy":"category","embeddable":true,"href":"https:\/\/kodlyoko.pl\/index.php\/wp-json\/wp\/v2\/categories?post=4073"},{"taxonomy":"post_tag","embeddable":true,"href":"https:\/\/kodlyoko.pl\/index.php\/wp-json\/wp\/v2\/tags?post=4073"}],"curies":[{"name":"wp","href":"https:\/\/api.w.org\/{rel}","templated":true}]}}