{"id":4035,"date":"2024-09-09T13:12:19","date_gmt":"2024-09-09T12:12:19","guid":{"rendered":"https:\/\/kodlyoko.pl\/?page_id=4035"},"modified":"2024-09-09T13:12:20","modified_gmt":"2024-09-09T12:12:20","slug":"08-konflikt","status":"publish","type":"page","link":"https:\/\/kodlyoko.pl\/index.php\/artykuly\/opowiadania\/serie\/krucza-brama\/08-konflikt\/","title":{"rendered":"08 &#8211; Konflikt"},"content":{"rendered":"\n<p>William nie m\u00f3g\u0142 nic poradzi\u0107 na losowo\u015b\u0107 zdarze\u0144 w miejscu, kt\u00f3re wysy\u0142a\u0142o go w kolejne miejsca wedle wy\u0142\u0105cznie swojego kaprysu. Nie by\u0142 w stanie rozszyfrowa\u0107 tego schematu, bo za ka\u017cdym razem, kiedy wydawa\u0142o mu si\u0119, \u017ce ju\u017c zbli\u017ca\u0142 si\u0119 do odpowiedzi, pojawia\u0142o si\u0119 odst\u0119pstwo od regu\u0142y\u2026<\/p>\n\n\n\n<p>\u2026albo i nawet nie; bo aby ustanowi\u0107 regu\u0142\u0119, trzeba by\u0142o nieco wy\u017cszego prawdopodobie\u0144stwa, ni\u017c ewentualnie \u201cmo\u017ce\u201d. Jak na razie, jedyn\u0105 regu\u0142\u0105 tu panuj\u0105c\u0105 by\u0142o \u201cwszystko zmienia si\u0119 w najmniej spodziewanym momencie i nigdy nie wiesz, co tu si\u0119 stanie\u201d.<\/p>\n\n\n\n<p>O ile wcze\u015bniej zdarza\u0142o mu si\u0119 twierdzi\u0107, \u017ce ca\u0142kiem lubi\u0142 dreszczyk emocji, tak teraz chcia\u0142by zadowoli\u0107 si\u0119 kubkiem ciep\u0142ej herbaty i cisz\u0105 wok\u00f3\u0142 siebie, kt\u00f3ra nie zwiastowa\u0142aby wy\u0142\u0105cznie nadci\u0105gaj\u0105cej burzy.<\/p>\n\n\n\n<p>Teraz jedyne, co mu pozosta\u0142o, to dalej gra\u0107 w t\u0119 cholern\u0105 gr\u0119, gdzie szanse na \u017cycie i \u015bmier\u0107 by\u0142y tak bardzo nie do oszacowania, \u017ce nawet si\u0119 nad tym nie pochyla\u0142, bo\u2026 po co?<\/p>\n\n\n\n<p><em>Bestia nie musi mi niczego wybacza\u0107. Wystarczy, \u017ce b\u0119dzie martwa.<\/em><\/p>\n\n\n\n<p>Ta my\u015bl go gna\u0142a. Twierdzi\u0142, \u017ce j\u0105 zabije. Jak? Znajdzie wszystkie klucze, zbierze je od wojownik\u00f3w i si\u0119 z ni\u0105 rozprawi.<\/p>\n\n\n\n<p><em>Czym? Wyszczerbionym mieczem?<\/em><\/p>\n\n\n\n<p><em>Wykolisz jej drugie oko? Wyczuje ci\u0119.<\/em><\/p>\n\n\n\n<p><em>G\u0142upiec, g\u0142upiec\u2026<\/em><\/p>\n\n\n\n<p><em>Klucz. Znajd\u017a klucz.<\/em><\/p>\n\n\n\n<p><em>NIE! Ty jeste\u015b kluczem\u2026 znajd\u017a znaki, tak\u2026 niedoko\u0144czona gwiazda\u2026<\/em><\/p>\n\n\n\n<p>Wewn\u0119trzne spory przybiera\u0142y na sile. William obwinia\u0142 za to samotno\u015b\u0107. Nawet, je\u017celi jakim\u015b cudem przedziera\u0142 si\u0119 do Wojownik\u00f3w, oni i tak nie mogli go us\u0142ysze\u0107.<\/p>\n\n\n\n<p><em>Pieprzone Lyoko. Pieprzony Superkomputer. Pieprzony sekret\u2026<\/em><\/p>\n\n\n\n<p><em>Masz go chroni\u0107, masz go chroni\u0107\u2026<\/em><\/p>\n\n\n\n<p><em>Hej, dotrzymasz sekretu?<\/em><\/p>\n\n\n\n<p><em>Obiecuj\u0119.<\/em><\/p>\n\n\n\n<p>A co potem? William nie potrzebowa\u0142 odkupienia. Nie od Bestii. Na razie chcia\u0142 tylko nad ni\u0105 zwyci\u0119stwa, tak, potrzebowa\u0142 w\u0142a\u015bnie tego, aby wr\u00f3ci\u0107 do swojego \u015bwiata.<\/p>\n\n\n\n<p><em>Tylko tego? A co, je\u017celi to nie to?<\/em><\/p>\n\n\n\n<p><em>A mo\u017ce to nie Bestia dzieli ci\u0119 od powrotu?<\/em><\/p>\n\n\n\n<p><em>Naiwny, narwany\u2026<\/em><\/p>\n\n\n\n<p>\u2013 Zamknij si\u0119\u2026 \u2013 sykn\u0105\u0142 do galopuj\u0105cych my\u015bli. To robi\u0142o si\u0119 cholernie m\u0119cz\u0105ce. Nie lubi\u0142 tego uczucia. To tak, jakby nagle w cichym pokoju zaroi\u0142o si\u0119 od cholernych krzykaczy. A William nie lubi\u0142 zb\u0119dnego szumu. Ceni\u0142 sobie cisz\u0119, kt\u00f3ra to by tylko nie zwiastowa\u0142a cholernych problem\u00f3w, tak, jak ta cholerna Fabryka i wszystko, co by\u0142o z ni\u0105 tak cholernie zwi\u0105zane.<\/p>\n\n\n\n<p><em>Nie wypad\u0142e\u015b z gry. Znaki, zbierz znaki.<\/em><\/p>\n\n\n\n<p>Kto mia\u0142 kontrol\u0119? On, czy jaki\u015b popieprzony, wirtualny \u015bwiat?<\/p>\n\n\n\n<p>Nawet nie przyby\u0142o krwi na ostrzu, a nie liczy\u0142, ilu jelenim czaszkom odr\u0105ba\u0142 czerepy. Nagle ten mokry chrz\u0119st nie by\u0142 a\u017c tak nieprzyjemny, kiedy us\u0142ysza\u0142o si\u0119 go pi\u0105ty, dziesi\u0105ty albo i dwudziesty raz \u2013 William straci\u0142 rachub\u0119, ile potwor\u00f3w tak urz\u0105dzi\u0142 po odej\u015bciu od bramy ze \u017c\u0142obieniami. Przed sob\u0105 mia\u0142 znowu pustkowie i nad g\u0142ow\u0105 most z bram\u0105 podobn\u0105 do kruczego \u0142ba.<\/p>\n\n\n\n<p>Tu nawet nie la\u0142a si\u0119 krew. Za ka\u017cdym razem, potwory zmienia\u0142y si\u0119 w proch \u2013 i tyle by\u0142o po nich \u015bladu. Jego ubrania nie brudzi\u0142y si\u0119 tak mocno, jak to mia\u0142oby miejsce podczas takiej w\u0119dr\u00f3wki po rzeczywistym lesie.<\/p>\n\n\n\n<p>Tyle rzeczy si\u0119 nie zmienia\u0142o, \u017ce zaburza\u0142o to poczucie porz\u0105dku i zdrowego, logicznego biegu zdarze\u0144, wyst\u0119powania zwi\u0105zk\u00f3w przyczynowo-skutkowych. Czarnow\u0142osy czasem przestawa\u0142 si\u0119 dziwi\u0107 kolejnym sytuacjom, kt\u00f3re w tym wszystkim bywa\u0142y coraz bardziej szalone \u2013 prze\u015bciga\u0142y si\u0119 w swoim absurdzie ka\u017cda z kolejn\u0105, inn\u0105, jeszcze jedn\u0105\u2026<\/p>\n\n\n\n<p><em>Bestia.<\/em><\/p>\n\n\n\n<p><em>Rozpraw si\u0119 z ni\u0105 i wszystko wr\u00f3ci do swojego porz\u0105dku.<\/em><\/p>\n\n\n\n<p><em>Nie, nie, nie, za proste\u2026 za proste\u2026<\/em><\/p>\n\n\n\n<p>Zatrzyma\u0142 si\u0119 na moment i odetchn\u0105\u0142.<\/p>\n\n\n\n<p><em>Nie potrzebujesz powietrza.<\/em><\/p>\n\n\n\n<p><em>Potrzebujesz. Inaczej si\u0119 udusisz.<\/em><\/p>\n\n\n\n<p><em>Czujesz zgnilizn\u0119? Czujesz ten smr\u00f3d\u2026 tak pachnie strach?<\/em><\/p>\n\n\n\n<p>\u2013 Nie wiem. Zamknij si\u0119. \u2013 mrukn\u0105\u0142, zaciskaj\u0105c d\u0142o\u0144 na r\u0119koje\u015bci miecza.<\/p>\n\n\n\n<p>Ten dialog nawet nie tyle m\u0119czy\u0142, co irytowa\u0142.<\/p>\n\n\n\n<p>To miejsce od samego pocz\u0105tku miesza\u0142o mu w g\u0142owie. Nie chcia\u0142o, by opu\u015bci\u0142 je o zdrowych zmys\u0142ach.<\/p>\n\n\n\n<p>Kto wygra?<\/p>\n\n\n\n<p>Kiedy za plecami rozleg\u0142 si\u0119 warkot, William nastawi\u0142 si\u0119, \u017ce to musia\u0142 by\u0107 on. Nie mia\u0142 innej opcji. To by\u0142 jego cel. Nie pozostawa\u0142o mu nic innego.<\/p>\n\n\n\n<p>Skoro si\u0119 tu znalaz\u0142, widocznie nie trafi\u0142 tu bez wi\u0119kszego powodu.<\/p>\n\n\n\n<p><em>Prawda?<\/em><\/p>\n\n\n\n<p><em>Prawda? Dlaczego tu jeste\u015b? Ma\u0142y, nieodpowiedzialny\u2026<\/em><\/p>\n\n\n\n<p>\u2013 MORDA! \u2013 wrzasn\u0105\u0142.<\/p>\n\n\n\n<p>Ostrze przesz\u0142o przez cia\u0142o wielkiej, zmutowanej jaszczurki z przyprawiaj\u0105cym o md\u0142o\u015bci oporem. Zmieni\u0142a si\u0119 w proch, ale zdo\u0142a\u0142a go ochlapa\u0107 \u015blin\u0105 ze swojego pyska. \u015amierdzia\u0142a niemo\u017cebnie.<\/p>\n\n\n\n<p>Niezdecydowanie tego \u015bwiata, chaos w nim panuj\u0105cy: wszystko sk\u0142ada\u0142o si\u0119 na coraz wi\u0119kszy ko\u0142tun jego zdenerwowania.<\/p>\n\n\n\n<p><em>Zdecyduj si\u0119.<\/em><\/p>\n\n\n\n<p><em>Przesta\u0144, przesta\u0144, uspok\u00f3j si\u0119\u2026<\/em><\/p>\n\n\n\n<p>Rzuci\u0142 miecz na piach i usiad\u0142 obok, opieraj\u0105c si\u0119 plecami o drewniany filar mostu. Przyci\u0105gn\u0105\u0142 do siebie kolana. Dr\u017c\u0105c\u0105 d\u0142oni\u0105 podpar\u0142 g\u0142ow\u0119 i pr\u00f3bowa\u0142 si\u0142\u0105 woli sprawi\u0107, by przesta\u0142 tak si\u0119 trz\u0105\u015b\u0107 jak galareta.<\/p>\n\n\n\n<p><em>To ju\u017c?<\/em><\/p>\n\n\n\n<p><em>\u0141atwo posz\u0142o. I tak chcesz si\u0119 mierzy\u0107 z Besti\u0105?<\/em><\/p>\n\n\n\n<p><em>Nie prze\u017cyjesz. To miejsce ci\u0119 niszczy.<\/em><\/p>\n\n\n\n<p><em>Zniszcz\u0119 to miejsce.<\/em><\/p>\n\n\n\n<p><em>Chc\u0119 to zobaczy\u0107.<\/em><\/p>\n\n\n\n<p><em>Spal\u0119 to miejsce do cna.<\/em><\/p>\n\n\n\n<p><\/p>\n\n\n\n<p><em>Autorka: Morrigan<\/em><\/p>\n","protected":false},"excerpt":{"rendered":"<p>William nie m\u00f3g\u0142 nic poradzi\u0107 na losowo\u015b\u0107 zdarze\u0144 w miejscu, kt\u00f3re wysy\u0142a\u0142o go w kolejne miejsca wedle wy\u0142\u0105cznie swojego kaprysu. Nie by\u0142 w stanie rozszyfrowa\u0107 tego schematu, bo za ka\u017cdym razem, kiedy wydawa\u0142o mu si\u0119, \u017ce ju\u017c zbli\u017ca\u0142 si\u0119 do odpowiedzi, pojawia\u0142o si\u0119 odst\u0119pstwo od regu\u0142y\u2026 \u2026albo i nawet nie; bo aby ustanowi\u0107 regu\u0142\u0119, trzeba &hellip;<br \/><a href=\"https:\/\/kodlyoko.pl\/index.php\/artykuly\/opowiadania\/serie\/krucza-brama\/08-konflikt\/\" class=\"more-link pen_button pen_element_default pen_icon_arrow_double\">Read more<\/a><\/p>\n","protected":false},"author":2,"featured_media":0,"parent":3449,"menu_order":0,"comment_status":"open","ping_status":"closed","template":"","meta":{"footnotes":""},"categories":[58],"tags":[],"class_list":["post-4035","page","type-page","status-publish","hentry","category-artykuly-krucza-brama"],"_links":{"self":[{"href":"https:\/\/kodlyoko.pl\/index.php\/wp-json\/wp\/v2\/pages\/4035","targetHints":{"allow":["GET"]}}],"collection":[{"href":"https:\/\/kodlyoko.pl\/index.php\/wp-json\/wp\/v2\/pages"}],"about":[{"href":"https:\/\/kodlyoko.pl\/index.php\/wp-json\/wp\/v2\/types\/page"}],"author":[{"embeddable":true,"href":"https:\/\/kodlyoko.pl\/index.php\/wp-json\/wp\/v2\/users\/2"}],"replies":[{"embeddable":true,"href":"https:\/\/kodlyoko.pl\/index.php\/wp-json\/wp\/v2\/comments?post=4035"}],"version-history":[{"count":1,"href":"https:\/\/kodlyoko.pl\/index.php\/wp-json\/wp\/v2\/pages\/4035\/revisions"}],"predecessor-version":[{"id":4036,"href":"https:\/\/kodlyoko.pl\/index.php\/wp-json\/wp\/v2\/pages\/4035\/revisions\/4036"}],"up":[{"embeddable":true,"href":"https:\/\/kodlyoko.pl\/index.php\/wp-json\/wp\/v2\/pages\/3449"}],"wp:attachment":[{"href":"https:\/\/kodlyoko.pl\/index.php\/wp-json\/wp\/v2\/media?parent=4035"}],"wp:term":[{"taxonomy":"category","embeddable":true,"href":"https:\/\/kodlyoko.pl\/index.php\/wp-json\/wp\/v2\/categories?post=4035"},{"taxonomy":"post_tag","embeddable":true,"href":"https:\/\/kodlyoko.pl\/index.php\/wp-json\/wp\/v2\/tags?post=4035"}],"curies":[{"name":"wp","href":"https:\/\/api.w.org\/{rel}","templated":true}]}}