{"id":3955,"date":"2024-05-09T18:45:04","date_gmt":"2024-05-09T17:45:04","guid":{"rendered":"https:\/\/kodlyoko.pl\/?page_id=3955"},"modified":"2024-05-09T18:45:05","modified_gmt":"2024-05-09T17:45:05","slug":"co-nam-zostalo-z-wywiadu-z-tworcami","status":"publish","type":"page","link":"https:\/\/kodlyoko.pl\/index.php\/artykuly\/redaktorskie\/felietony\/co-nam-zostalo-z-wywiadu-z-tworcami\/","title":{"rendered":"Co nam zosta\u0142o z wywiadu z tw\u00f3rcami?"},"content":{"rendered":"\n<p>Oczekiwania przed zapowiedzianym na 3 maja wywiadem z tw\u00f3rcami CL, Sophie Decroisette oraz Jerome Mouscadetem, by\u0142y spore, szczeg\u00f3lnie po tym, co pad\u0142o w pa\u017adzierniku. Na dobr\u0105 spraw\u0119 oczekiwano czego\u015b konkretnego tak\u017ce dlatego, \u017ce min\u0105\u0142 ju\u017c pierwszy termin, w kt\u00f3rym mogli\u015bmy spodziewa\u0107 si\u0119 nowych wie\u015bci, czyli 2-3 miesi\u0105ce. Rozmowa odby\u0142a si\u0119 ponad p\u00f3\u0142 roku po pierwszej deklaracji, \u017ce serial mo\u017ce by\u0107 kontynuowany. Na czym wi\u0119c stoimy teraz? I co jeszcze ciekawego pad\u0142o podczas tej rozmowy?<\/p>\n\n\n\n<p>Wywiad by\u0142 cholernie d\u0142ugi, a najbardziej interesuj\u0105ca cz\u0119\u015b\u0107 zosta\u0142a przesuni\u0119ta na koniec. Nie b\u0119d\u0119 nadu\u017cywa\u0107 cierpliwo\u015bci czytelnik\u00f3w, wi\u0119c ko\u0144c\u00f3wk\u0105 zajm\u0119 od razu. Optymi\u015bci mog\u0105 powiedzie\u0107 \u2013 jest nadzieja. Pesymi\u015bci \u2013 nadal nic nie wiemy. Sytuacja za\u015b wygl\u0105da realnie rzecz bior\u0105c tak, \u017ce nie posun\u0119li\u015bmy si\u0119 wiele w stosunku do tego, co pad\u0142o jesieni\u0105. Wiemy, \u017ce nowa seria mia\u0142aby si\u0119 dzia\u0107 po 95 odcinku i \u017ce w takim wypadku Evolution nie by\u0142aby ju\u017c nadal kanoniczna. Jednak w kluczowej w tym momencie sprawie, czyli kwestii praw autorskich, wci\u0105\u017c nie znamy rozstrzygni\u0119\u0107. Rozmowy trwaj\u0105, nie wiemy jednak, jak one dok\u0142adnie wygl\u0105daj\u0105 ani na jakim s\u0105 etapie. Mo\u017ce by\u0107 tak, \u017ce dla Mediatoona czynnikiem nieco hamuj\u0105cym mog\u0105 by\u0107 plany tw\u00f3rc\u00f3w, dotycz\u0105ce kontynuacji po 4 serii, co oznacza \u017ce potencjalna grupa docelowa musia\u0142aby sobie nadrabia\u0107 serial wcze\u015bniej. Chodzi te\u017c zapewne o kwestie finansowe.<\/p>\n\n\n\n<p>Dowiedzieli\u015bmy si\u0119 tak\u017ce, i\u017c Decroisette oraz Mouscadet kontaktowali si\u0119 z Justine Sainte, kompozytork\u0105 openingu do serialu, tylko drog\u0105 mailow\u0105, nie spotykali si\u0119 natomiast bezpo\u015brednio. I tu zaczynaj\u0105 si\u0119 pewne zgrzyty, bo je\u015bli kontaktowano si\u0119 mailowo, to nie mamy pewno\u015bci, czy na pewno te nowe tre\u015bci muzyczne, kt\u00f3re pojawi\u0142y si\u0119 w ostatnich tygodniach, faktycznie maj\u0105 zwi\u0105zek z now\u0105 produkcj\u0105, czy te\u017c Sainte wykorzysta\u0142a tylko sytuacj\u0119 i fakt, \u017ce o CL si\u0119 m\u00f3wi coraz wi\u0119cej, i sobie to po\u0142\u0105czy\u0142a z okr\u0105g\u0142\u0105 rocznic\u0105, aby si\u0119 nieco wybi\u0107. W dodatku nadal nie s\u0105 prowadzone prace koncepcyjne, wi\u0119c mo\u017cna si\u0119 zastanawia\u0107, czy na pewno zaczynano by od muzyki w sytuacji, gdy nie jest dopi\u0119ta kwestia tego, czy w og\u00f3le ta kontynuacja powstanie.<\/p>\n\n\n\n<p>W pewnej mierze odpowiedzi, kt\u00f3re uzyskali\u015bmy 3 maja, mog\u0105 by\u0107 nieco rozczarowuj\u0105ce. Niekt\u00f3rzy spodziewali si\u0119 wi\u0119kszych konkret\u00f3w, szczeg\u00f3lnie po zapowiedziach, i\u017c tego dnia maj\u0105 pa\u015b\u0107 dwie, albo kilka, w zale\u017cno\u015bci od wersji, wa\u017cnych informacji. Dostali\u015bmy niewiele. Mouscadet przyzna\u0142 si\u0119, \u017ce te 2-3 miesi\u0105ce zapowiadane w pa\u017adzierniku okaza\u0142y si\u0119 zbyt optymistycznym wariantem. Jednocze\u015bnie og\u0142osi\u0142, \u017ce nowych wie\u015bci mo\u017cemy oczekiwa\u0107 w terminie wakacyjnym. Czy ten termin ju\u017c zostanie utrzymany i czy faktycznie czego\u015b si\u0119 dowiemy? Czas poka\u017ce.<\/p>\n\n\n\n<p>Trudno jest teraz uzna\u0107, \u017ce \u201edo diab\u0142a z tym wszystkim i nie ma na co czeka\u0107\u201d, skoro niekt\u00f3rzy w tym fandomie na kontynuacj\u0119 czekaj\u0105 ju\u017c ponad dekad\u0119, tak wi\u0119c jeszcze troch\u0119 cierpliwo\u015bci jest, szczeg\u00f3lnie \u017ce nieco lepiej brzmi\u0105 zapewnienia cho\u0107by o formie tej serii (w pe\u0142ni animowana) czy planach rozwini\u0119cia \u201ebackstory\u201d, czyli historii Hoppera oraz matki Aelity. Decroisette sama wr\u0119cz zapowiedzia\u0142a, \u017ce nadal ma koncepcje, kt\u00f3rych nie zdo\u0142a\u0142a wykorzysta\u0107 w ci\u0105gu produkcji poprzednich serii, albo kt\u00f3re zosta\u0142y skre\u015blone przy wst\u0119pnych pracach nad Evolution (z tego te\u017c powodu pierwotni tw\u00f3rcy wycofali si\u0119 z tego projektu). Jest wi\u0119c szansa, \u017ce warstwa fabularna p\u00f3jdzie \u0142atwiej ni\u017c wszystkie komplikacje prawo-ekonomiczne.<\/p>\n\n\n\n<p>My\u015bl\u0119, \u017ce okre\u015bleniem pasuj\u0105cym do obecnej sytuacji s\u0105 \u201eobligacje\u201d. Dostali\u015bmy od tw\u00f3rc\u00f3w serialu swego rodzaju obligacje na to, \u017ce powstanie nowa seria, jednak nadal nie wiemy kiedy, ani ile b\u0119dzie mie\u0107 odcink\u00f3w. Nadal te\u017c pozostaje ewentualno\u015b\u0107, \u017ce Mediatoon powie \u201enie, my nie wydamy kasy na to\u201d, gdy\u017c firma mo\u017ce uzna\u0107, \u017ce lepiej jest monetyzowa\u0107 mark\u0119 na ju\u017c istniej\u0105cych materia\u0142ach, wprowadzaj\u0105c je jeszcze raz, czego przyk\u0142adem s\u0105 pojawiaj\u0105ce si\u0119 od niedawna na YouTube kompilacje odcink\u00f3w. Taki recycling tre\u015bci. A jako \u017ce Mediatoon nadal ma prawa do marki, to ich brak zgody praktycznie topi ca\u0142y projekt, bo bez tego Decroisette i Mouscadet maj\u0105 zwi\u0105zane r\u0119ce. Sami niczego zrobi\u0107 nie mog\u0105, bo by\u0142oby to z\u0142amanie praw autorskich, a nie s\u0105dz\u0119, \u017ceby si\u0119 na to nara\u017cali.<\/p>\n\n\n\n<p>To, co zauwa\u017cy\u0142em w internecie, to pewien rozstrza\u0142 nastroj\u00f3w. O ile u nas powoli zaczyna panowa\u0107 co\u015b, co bym nazwa\u0142 realistycznym sceptycyzmem, to na przyk\u0142ad w fandomie ameryka\u0144skim, francuskim czy hiszpa\u0144ski nadal jest atmosfera bardzo du\u017cego optymizmu i nadziei pok\u0142adanej w tw\u00f3rcach, \u017ce wszystko si\u0119 powiedzie i za jaki\u015b czas dostaniemy wystrza\u0142ow\u0105 now\u0105 seri\u0119. Oby tylko nie okaza\u0142o si\u0119 tak jak w powiedzeniu o tym, czyj\u0105 matk\u0105 jest nadzieja. Tw\u00f3rcom pod pewnymi wzgl\u0119dami b\u0119dzie trudno, tak\u017ce fabularnie \u2013 samo stworzenie takiego sezonu, kt\u00f3ry spodoba\u0142by si\u0119 grupie docelowej pierwszych serii, mo\u017ce nie wystarczy\u0107 cho\u0107by z drobnego biologicznego szczeg\u00f3\u0142y. Ci ludzie, a w\u0142a\u015bciwie mog\u0119 nawet powiedzie\u0107 \u201emy\u201d, bo te\u017c si\u0119 do tej grupy zaliczam, s\u0105 ju\u017c blisko trzydziestki. Z ca\u0142ej rzeszy tamtejszych widz\u00f3w pozosta\u0142a pewna wierna ekipa, kt\u00f3ra nadal pami\u0119ta tak wspania\u0142y serial, stworzony jeszcze w epoce, gdy w telewizji nie kr\u00f3lowa\u0142y m\u00f3zgotrzepne paradokumenty, w kt\u00f3rych wyst\u0119puj\u0105 bywalczynie zak\u0142ad\u00f3w karnych, infantylne seriale z p\u0142ytk\u0105 fabu\u0142\u0105, w kt\u00f3rej kap\u0142an na rowerze \u0142apie w 3 godziny czterech przest\u0119pc\u00f3w (cz\u0119\u015b\u0107 widowni niestety w to wierzy), albo krety\u0144skie reality-show polegaj\u0105ce na tym, by najpierw pokaza\u0107 cztery litery, potem si\u0119 w kim\u015b zakocha\u0107, a nast\u0119pnie kopn\u0105\u0107 w inne cztery litery by zarobi\u0107 szmal (\u017ce ju\u017c o innych g\u0142upotach, jak robienie z agent\u00f3w bezpieki bohater\u00f3w narodowych, nie wspomn\u0119). Segment m\u0142odzie\u017cowy te\u017c si\u0119 pozmienia\u0142 i mam wra\u017cenie, \u017ce cz\u0119sto te produkcje s\u0105 robione na jedno kopyto i do tego nie s\u0105 tak inteligentne i rozbudowane jak CL. Tak wi\u0119c robota jest trudna, ale nie niemo\u017cliwa do wykonania. Wszystko jednak w r\u0119kach Mediatoona.<\/p>\n\n\n\n<p>W rozmowie dowiedzieli\u015bmy si\u0119 tak\u017ce o innych szczeg\u00f3\u0142ach, zwi\u0105zanych z poprzednimi seriami. Zaskoczy\u0142 mnie nieco fakt, \u017ce poca\u0142unek Ulricha i Yumi zosta\u0142 wyci\u0119ty przez Amerykan\u00f3w, cho\u0107 wiedzia\u0142em ju\u017c od paru lat, \u017ce producenci byli niech\u0119tni w\u0105tkom mi\u0142osnym. Natomiast potwierdzenie, i\u017c Ulumi to kanon, by\u0142o raczej spodziewane. Do\u015b\u0107 dyplomatycznie wygl\u0105da\u0142a natomiast pr\u00f3ba odpowiedzi na pytanie, czy Odd jest gejem. Najpierw Jerome robi wyk\u0142ad, dorzucaj\u0105c zdanie typu \u201ena to pytanie odpowie Sophie\u201d, co przypomina stary ju\u017c myk, gdy ojciec, na pytanie \u201esk\u0105d si\u0119 bior\u0105 dzieci?\u201d odpowiada swojemu potomkowi \u201espytaj matki\u201d. Potem Sophie r\u00f3wnie\u017c troch\u0119 owija w bawe\u0142n\u0119, ale konkluzja jest taka, i\u017c Odd nie jest zdecydowany co do tej kwestii. M\u00f3wi\u0105c szczerze to teraz, po 20 latach, taka odpowied\u017a wzbudza mniej emocji, ni\u017c gdyby ona pad\u0142a ze strony tw\u00f3rc\u00f3w w trakcie emisji. Ba, ja si\u0119 zacz\u0105\u0142em zastanawia\u0107, co by by\u0142o, gdyby faktycznie gdzie\u015b w 2006-07 takie stwierdzenia pada\u0142y. W Polsce to by nam chyba CL wycofali, bo nie wiem czy pami\u0119tacie, m\u0142odsi zapewne nie, ale to by\u0142 czas, gdy rz\u0105dzi\u0142 Kaczy\u0144ski i chwilami nagonka na takie rzeczy by\u0142a wr\u0119cz straszna, \u017ce przypomn\u0119 cho\u0107by afer\u0119 z Teletubisiami (Tinky Winky jako gej, co wymy\u015bli\u0142a rzeczniczka praw dziecka). Natomiast teraz mam wra\u017cenie, \u017ce zlecia\u0142o to po nas jak po kaczce. Mo\u017ce to i lepiej, zreszt\u0105 co mieliby\u015bmy zrobi\u0107. Tak tw\u00f3rcy orzekli i tyle.<\/p>\n\n\n\n<p>Bardziej dyskusyjna jest opinia, i\u017c wojownicy zachowali si\u0119 zdaniem tw\u00f3rc\u00f3w niemoralnie, przek\u0142adaj\u0105c \u017cycie Aelity nad bezpiecze\u0144stwo ca\u0142ego \u015bwiata. Ten motyw zapewne pami\u0119tacie \u2013 aktywny Superkomputer, Xana i niebezpiecze\u0144stwo, ale wi\u0105\u017c\u0105ce si\u0119 z tym, \u017ce Aelita \u017cyje. I to jest ju\u017c do\u015b\u0107 spore pole do przemy\u015ble\u0144, ale my\u015bl\u0119, \u017ce zostawi\u0119 sobie ten w\u0105tek na osobny materia\u0142.<\/p>\n\n\n\n<p>Nie b\u0119d\u0119 si\u0119 rozpisywa\u0107 o pierwszej cz\u0119\u015bci wywiadu, czyli o pocz\u0105tkach pracy tw\u00f3rc\u00f3w, bo to s\u0105 rzeczy, kt\u00f3re przewija\u0142y si\u0119 ju\u017c w kilkunastu innych rozmowach, czemu jednak nie nale\u017cy si\u0119 dziwi\u0107, bo trudno wykombinowa\u0107 20 wersji opowie\u015bci o swojej karierze. To, co warto zaznaczy\u0107 \u2013 aby by\u0107 dobrym scenarzyst\u0105 i umie\u0107 pisa\u0107 ciekawe historie, trzeba najpierw du\u017co czyta\u0107 i ogl\u0105da\u0107, mo\u017ce nawet wi\u0119cej czyta\u0107 ni\u017c ogl\u0105da\u0107, by pobudza\u0107 wyobra\u017ani\u0119. No i cholernie du\u017co pracowa\u0107, bo bez tego nic si\u0119 osi\u0105gnie.<\/p>\n\n\n\n<p>Wracaj\u0105c jeszcze na koniec do w\u0105tku g\u0142\u00f3wnego (bo si\u0119 rozpisa\u0142em sporo i ten tekst ju\u017c ma obj\u0119to\u015b\u0107 ca\u0142ej strony w gazecie) \u2013 nie pozostaje nic innego jak czeka\u0107 na dalszy rozw\u00f3j wypadk\u00f3w. Sainte zapowiedzia\u0142a kolejny remiks, ciekawe czy b\u0119d\u0105 jeszcze jakie\u015b inne produkcje od niej, cho\u0107 wydaje si\u0119, \u017ce to nie ona b\u0119dzie teraz tym g\u0142\u00f3wnym punktem odniesienia. Ca\u0142kiem mo\u017cliwe, \u017ce to, czego dowiemy si\u0119 w najbli\u017cszych miesi\u0105cach, b\u0119dzie decyduj\u0105ce dla przysz\u0142o\u015bci. O ile znowu nic si\u0119 nie wykrzaczy.<\/p>\n","protected":false},"excerpt":{"rendered":"<p>Oczekiwania przed zapowiedzianym na 3 maja wywiadem z tw\u00f3rcami CL, Sophie Decroisette oraz Jerome Mouscadetem, by\u0142y spore, szczeg\u00f3lnie po tym, co pad\u0142o w pa\u017adzierniku. Na dobr\u0105 spraw\u0119 oczekiwano czego\u015b konkretnego tak\u017ce dlatego, \u017ce min\u0105\u0142 ju\u017c pierwszy termin, w kt\u00f3rym mogli\u015bmy spodziewa\u0107 si\u0119 nowych wie\u015bci, czyli 2-3 miesi\u0105ce. Rozmowa odby\u0142a si\u0119 ponad p\u00f3\u0142 roku po pierwszej &hellip;<br \/><a href=\"https:\/\/kodlyoko.pl\/index.php\/artykuly\/redaktorskie\/felietony\/co-nam-zostalo-z-wywiadu-z-tworcami\/\" class=\"more-link pen_button pen_element_default pen_icon_arrow_double\">Read more<\/a><\/p>\n","protected":false},"author":5,"featured_media":0,"parent":2587,"menu_order":0,"comment_status":"open","ping_status":"closed","template":"","meta":{"footnotes":""},"categories":[50],"tags":[],"class_list":["post-3955","page","type-page","status-publish","hentry","category-artykuly-felietony"],"_links":{"self":[{"href":"https:\/\/kodlyoko.pl\/index.php\/wp-json\/wp\/v2\/pages\/3955","targetHints":{"allow":["GET"]}}],"collection":[{"href":"https:\/\/kodlyoko.pl\/index.php\/wp-json\/wp\/v2\/pages"}],"about":[{"href":"https:\/\/kodlyoko.pl\/index.php\/wp-json\/wp\/v2\/types\/page"}],"author":[{"embeddable":true,"href":"https:\/\/kodlyoko.pl\/index.php\/wp-json\/wp\/v2\/users\/5"}],"replies":[{"embeddable":true,"href":"https:\/\/kodlyoko.pl\/index.php\/wp-json\/wp\/v2\/comments?post=3955"}],"version-history":[{"count":1,"href":"https:\/\/kodlyoko.pl\/index.php\/wp-json\/wp\/v2\/pages\/3955\/revisions"}],"predecessor-version":[{"id":3956,"href":"https:\/\/kodlyoko.pl\/index.php\/wp-json\/wp\/v2\/pages\/3955\/revisions\/3956"}],"up":[{"embeddable":true,"href":"https:\/\/kodlyoko.pl\/index.php\/wp-json\/wp\/v2\/pages\/2587"}],"wp:attachment":[{"href":"https:\/\/kodlyoko.pl\/index.php\/wp-json\/wp\/v2\/media?parent=3955"}],"wp:term":[{"taxonomy":"category","embeddable":true,"href":"https:\/\/kodlyoko.pl\/index.php\/wp-json\/wp\/v2\/categories?post=3955"},{"taxonomy":"post_tag","embeddable":true,"href":"https:\/\/kodlyoko.pl\/index.php\/wp-json\/wp\/v2\/tags?post=3955"}],"curies":[{"name":"wp","href":"https:\/\/api.w.org\/{rel}","templated":true}]}}