{"id":394,"date":"2021-04-14T17:12:00","date_gmt":"2021-04-14T17:12:00","guid":{"rendered":"http:\/\/kodlyoko.pl\/?page_id=394"},"modified":"2021-04-14T17:12:39","modified_gmt":"2021-04-14T17:12:39","slug":"skidbladnir","status":"publish","type":"page","link":"https:\/\/kodlyoko.pl\/index.php\/kod-lyoko\/skidbladnir\/","title":{"rendered":"Skidbladnir"},"content":{"rendered":"\n<p>To \u0142\u00f3d\u017a znajduj\u0105ca si\u0119 w hangarze w V sektorze, s\u0142u\u017c\u0105ca do przemieszczania si\u0119 po internecie i cyfrowym morzu przez wojownik\u00f3w Lyoko. Zbudowana przez Jeremiego i Aelite. Jego g\u0142\u00f3wny celem jest bezpiecznie przetransportowanie wojownik\u00f3w do repliki. Ma wbudowany interfejs, \u015bwiat\u0142a, silniki hamuj\u0105ce, turbo nap\u0119d oraz dzia\u0142a torpedowe. Posiada tak\u017ce kilka ma\u0142ych pojazd\u00f3w- navskid\u00f3w, kt\u00f3rymi poruszaj\u0105 si\u0119 Odd, Ulrich i Yumi. 4 navskid nigdy nie zosta\u0142 u\u017cyty Prowadzony przez Aelite. Pojazd, kt\u00f3ry bardzo nie podoba si\u0119 Xanie od pocz\u0105tku istnienia. W replice mo\u017ce pod\u0142\u0105czyc si\u0119 do wie\u017cy i w pobli\u017cu superkomputera kt\u00f3ry Xana opanowa\u0142 mo\u017cna wygenerowac kopi\u0119 postaci z Lyoko &#8211; Jeremie nazwa\u0142 to teleportacj\u0105. Gdy zniszczony zostanie superkomputer odpowiadaj\u0105cy replice, znika ca\u0142y sektor.<\/p>\n\n\n\n<p><\/p>\n\n\n\n<p>Skid podr\u00f3\u017cuj\u0105c w cyfrowym morzu czasami mia\u0142 pewne b\u0142\u0119dy, lub by\u0142 zaatakowany. B\u0142\u0119dy to m.in. wy\u0142\u0105czenie tarcz ochronnych Skida w 88 odcinku gdy to jeden z potwor\u00f3w Xany &#8211; Kalmar chwyci\u0142 Skida w &#8220;szpony&#8221; i zacz\u0105\u0142 wiertac dziury w szybie kapitana. Ataki by\u0142y przer\u00f3\u017cne, Xana wysy\u0142a\u0142 potwory, Williama w poje\u017adzie stworzonym przez Xane<\/p>\n\n\n\n<p><\/p>\n\n\n\n<p>Po wielu pr\u00f3bach zniszczenia skida, udaje si\u0119 Xanie dzi\u0119ki nowemu potworowi &#8211; Kolsowi, kt\u00f3ry to dokona\u0142 jego destrukcji. Zniszczenie by\u0142o szybkie i bez szans uratowania ju\u017c Skida.<\/p>\n","protected":false},"excerpt":{"rendered":"<p>To \u0142\u00f3d\u017a znajduj\u0105ca si\u0119 w hangarze w V sektorze, s\u0142u\u017c\u0105ca do przemieszczania si\u0119 po internecie i cyfrowym morzu przez wojownik\u00f3w Lyoko. Zbudowana przez Jeremiego i Aelite. Jego g\u0142\u00f3wny celem jest bezpiecznie przetransportowanie wojownik\u00f3w do repliki. Ma wbudowany interfejs, \u015bwiat\u0142a, silniki hamuj\u0105ce, turbo nap\u0119d oraz dzia\u0142a torpedowe. Posiada tak\u017ce kilka ma\u0142ych pojazd\u00f3w- navskid\u00f3w, kt\u00f3rymi poruszaj\u0105 si\u0119 &hellip;<br \/><a href=\"https:\/\/kodlyoko.pl\/index.php\/kod-lyoko\/skidbladnir\/\" class=\"more-link pen_button pen_element_default pen_icon_arrow_double\">Read more<\/a><\/p>\n","protected":false},"author":5,"featured_media":0,"parent":187,"menu_order":0,"comment_status":"open","ping_status":"closed","template":"","meta":{"footnotes":""},"categories":[23],"tags":[],"class_list":["post-394","page","type-page","status-publish","hentry","category-menu-kod-lyoko"],"_links":{"self":[{"href":"https:\/\/kodlyoko.pl\/index.php\/wp-json\/wp\/v2\/pages\/394","targetHints":{"allow":["GET"]}}],"collection":[{"href":"https:\/\/kodlyoko.pl\/index.php\/wp-json\/wp\/v2\/pages"}],"about":[{"href":"https:\/\/kodlyoko.pl\/index.php\/wp-json\/wp\/v2\/types\/page"}],"author":[{"embeddable":true,"href":"https:\/\/kodlyoko.pl\/index.php\/wp-json\/wp\/v2\/users\/5"}],"replies":[{"embeddable":true,"href":"https:\/\/kodlyoko.pl\/index.php\/wp-json\/wp\/v2\/comments?post=394"}],"version-history":[{"count":2,"href":"https:\/\/kodlyoko.pl\/index.php\/wp-json\/wp\/v2\/pages\/394\/revisions"}],"predecessor-version":[{"id":397,"href":"https:\/\/kodlyoko.pl\/index.php\/wp-json\/wp\/v2\/pages\/394\/revisions\/397"}],"up":[{"embeddable":true,"href":"https:\/\/kodlyoko.pl\/index.php\/wp-json\/wp\/v2\/pages\/187"}],"wp:attachment":[{"href":"https:\/\/kodlyoko.pl\/index.php\/wp-json\/wp\/v2\/media?parent=394"}],"wp:term":[{"taxonomy":"category","embeddable":true,"href":"https:\/\/kodlyoko.pl\/index.php\/wp-json\/wp\/v2\/categories?post=394"},{"taxonomy":"post_tag","embeddable":true,"href":"https:\/\/kodlyoko.pl\/index.php\/wp-json\/wp\/v2\/tags?post=394"}],"curies":[{"name":"wp","href":"https:\/\/api.w.org\/{rel}","templated":true}]}}