{"id":3883,"date":"2023-12-28T13:48:33","date_gmt":"2023-12-28T12:48:33","guid":{"rendered":"https:\/\/kodlyoko.pl\/?page_id=3883"},"modified":"2023-12-28T13:48:34","modified_gmt":"2023-12-28T12:48:34","slug":"rozdzial-42","status":"publish","type":"page","link":"https:\/\/kodlyoko.pl\/index.php\/artykuly\/opowiadania\/serie\/bez-lyoko-czyli-zycie-tylko-w-realu\/rozdzial-42\/","title":{"rendered":"Rozdzia\u0142 42"},"content":{"rendered":"\n<p>Suzanne Hertz przygotowywa\u0142a si\u0119 do kolejnej lekcji chemii. Wyj\u0119\u0142a ju\u017c swoje notatki, z kt\u00f3rych korzysta\u0142a od wielu lat. Tym razem jednak mia\u0142a w g\u0142owie nie tylko najbli\u017cszy temat, ale tak\u017ce problem, kt\u00f3ry zg\u0142asza\u0142a podczas spotkania z gronem pedagogicznym. Nadmierny makija\u017c u niekt\u00f3rych dziewcz\u0105t zaczyna\u0142 j\u0105 coraz bardziej irytowa\u0107. Wiedzia\u0142a, \u017ce musi co\u015b z tym zrobi\u0107. Wiedzia\u0142a tak\u017ce, jak. Czeka\u0142a tylko na nadarzaj\u0105c\u0105 si\u0119 okazj\u0119.<\/p>\n\n\n\n<p>Ta nadesz\u0142a do\u015b\u0107 szybko. W\u015br\u00f3d uczni\u00f3w, kt\u00f3rzy w\u0142a\u015bnie wchodzili do klasy, pojawi\u0142a si\u0119 Monica Calliente. Blondynka jak zwykle mia\u0142a do\u015b\u0107 mocny makija\u017c. Nauczycielka poczeka\u0142a, a\u017c wszyscy usi\u0105d\u0105. Po sprawdzeniu listy obecno\u015bci zwr\u00f3ci\u0142a si\u0119 do dziewczyny:<\/p>\n\n\n\n<p>&#8211; Panno Calliente, czy nie s\u0105dzisz, \u017ce taki makija\u017c nadaje si\u0119 raczej na dyskotek\u0119 w klubie, a nie na lekcj\u0119?<\/p>\n\n\n\n<p>&#8211; Nie, dlaczego? &#8211; odpowiedzia\u0142a W\u0142oszka. &#8211; Jest do\u015b\u0107 stonowany.<\/p>\n\n\n\n<p>&#8211; Nazywasz to stonowanym makija\u017cem? Przecie\u017c jeste\u015b wymalowana niczym odnawiana kamienica. Natychmiast id\u017a do \u0142azienki i zmyj to z siebie.<\/p>\n\n\n\n<p>&#8211; Nie p\u00f3jd\u0119. Nie chc\u0119 traci\u0107 lekcji.<\/p>\n\n\n\n<p>&#8211; O lekcj\u0119 to si\u0119 nie martw. P\u00f3jdziesz sama, czy wezwa\u0107 legionist\u00f3w? &#8211; Hertz wprowadza\u0142a sw\u00f3j plan w \u017cycie.<\/p>\n\n\n\n<p>&#8211; Nie zrobi pani tego. Nie odwa\u017cy si\u0119 \u2013 lekko bu\u0144czucznie stwierdzi\u0142a Monica. &#8211; To tylko takie straszenie, \u017ceby nas zmusi\u0107 do pos\u0142usze\u0144stwa.<\/p>\n\n\n\n<p>W tym momencie nauczycielka uzna\u0142a, \u017ce trzeba ju\u017c ko\u0144czy\u0107 to patyczkowanie.<\/p>\n\n\n\n<p>&#8211; Taka jeste\u015b pewna? No to zobacz \u2013 Hertz wzi\u0119\u0142a kr\u00f3tkofal\u00f3wk\u0119, nacisn\u0119\u0142a przycisk nadawania i zacz\u0119\u0142a m\u00f3wi\u0107 do sprz\u0119tu. &#8211; Profesor Hertz do dy\u017curnego patrolu, potrzeba dwie osoby do sali numer 24, przypadek z paragrafu 14a.<\/p>\n\n\n\n<p>&#8211; Przyj\u0105\u0142em, bez odbioru \u2013 rozleg\u0142 si\u0119 g\u0142os z g\u0142o\u015bnika.<\/p>\n\n\n\n<p>Po chwili drzwi sali otworzy\u0142y si\u0119 i stan\u0119li w nich Herve i Nicolas w oliwowych mundurach Legii Szkolnej. W\u0142a\u015bnie oni mieli dy\u017cur.<\/p>\n\n\n\n<p>&#8211; Co si\u0119 sta\u0142o, pani profesor? &#8211; spyta\u0142 okularnik.<\/p>\n\n\n\n<p>&#8211; Ta oto uczennica \u2013 wskaza\u0142a r\u0119k\u0105 na Monic\u0119 \u2013 nie chcia\u0142a dobrowolnie i\u015b\u0107 zmy\u0107 ten nieregulaminowy makija\u017c.<\/p>\n\n\n\n<p>&#8211; Ju\u017c dobra, p\u00f3jd\u0119, niech pani nie robi takiej szopki \u2013 odrzek\u0142a zrezygnowana dziewczyna.<\/p>\n\n\n\n<p>&#8211; Przypilnujcie jej, jak mo\u017cecie.<\/p>\n\n\n\n<p>&#8211; Tak jest \u2013 odpowiedzieli obaj legioni\u015bci.<\/p>\n\n\n\n<p>Drzwi sali si\u0119 zamkn\u0119\u0142y. Monica posz\u0142a w stron\u0119 schod\u00f3w prowadz\u0105cych do wyj\u015bcia.<\/p>\n\n\n\n<p>&#8211; Ej! A ty gdzie? \u0141azienka jest w drug\u0105 stron\u0119 \u2013 powiedzia\u0142 Nicolas.<\/p>\n\n\n\n<p>&#8211; Chyba nie my\u015bla\u0142e\u015b, \u017ce p\u00f3jd\u0119 zmy\u0107 makija\u017c, bo si\u0119 on nie podoba jednej starej pannie \u2013 za\u015bmia\u0142a si\u0119 W\u0142oszka.<\/p>\n\n\n\n<p>&#8211; Ale pani profesor kaza\u0142a \u2013 karc\u0105co stwierdzi\u0142 Herve.<\/p>\n\n\n\n<p>&#8211; Wiesz, gdzie ja mam pani\u0105 profesor? We W\u0142oszech by ju\u017c dawno tutaj nie pracowa\u0142a, nie czuje kompletnie wsp\u00f3\u0142czesno\u015bci.<\/p>\n\n\n\n<p>&#8211; Czyli nie p\u00f3jdziesz do \u0142azienki? &#8211; spyta\u0142 wy\u017cszy z ch\u0142opak\u00f3w.<\/p>\n\n\n\n<p>&#8211; Co najwy\u017cej wtedy, jak mi si\u0119 zachce siku.<\/p>\n\n\n\n<p>&#8211; Obawiam si\u0119, \u017ce twoje plany si\u0119 nieco zmieni\u0105\u2026<\/p>\n\n\n\n<p>Nicolas i Herve z\u0142apali dziewczyn\u0119 za ramiona i si\u0142\u0105 zaci\u0105gn\u0119li do \u0142azienki. Monica zacz\u0119\u0142a si\u0119 szarpa\u0107 i krzycze\u0107:<\/p>\n\n\n\n<p>&#8211; Puszczajcie, nie macie prawa!<\/p>\n\n\n\n<p>&#8211; Zamknij mord\u0119! Lekcje s\u0105. A prawo mamy, bo nie s\u0142uchasz polece\u0144 \u2013 odrzek\u0142 Nicolas.<\/p>\n\n\n\n<p>Weszli do \u0142azienki. Herve odkr\u0119ci\u0142 kran. Nicolas wzi\u0105\u0142 Monic\u0119 za w\u0142osy i brutalnie wsadzi\u0142 jej g\u0142ow\u0119 do umywalki. Dziewczyna by\u0142a coraz bardziej przera\u017cona i pr\u00f3bowa\u0142a si\u0119 broni\u0107 nogami. W tym momencie okularnik wyj\u0105\u0142 pa\u0142k\u0119 i uderzy\u0142 W\u0142oszk\u0119 w okolicy uda.<\/p>\n\n\n\n<p>&#8211; To boli! Przesta\u0144cie! &#8211; krzycza\u0142a ju\u017c ze \u0142zami w oczach dziewczynach.<\/p>\n\n\n\n<p>&#8211; Ma bole\u0107! Koniec chamskiego traktowania nas przez takie ma\u0142py jak ty! Odpowiecie za wszystkie przewinienia!<\/p>\n\n\n\n<p>Monica dosta\u0142a jeszcze kilka cios\u00f3w w okolicy plec\u00f3w i par\u0119 plaskaczy w twarz na dok\u0142adk\u0119. Legioni\u015bci pozostawili j\u0105 skulon\u0105 i p\u0142acz\u0105c\u0105 w k\u0105cie \u0142azienki. Z jej wargi p\u0142yn\u0119\u0142a krew.<\/p>\n\n\n\n<p>Jakie\u015b 30 sekund po ucieczce dy\u017curnych do \u0142azienki wesz\u0142a Yumi.<\/p>\n\n\n\n<p>&#8211; Monica! Co ty tu robisz? Co si\u0119 sta\u0142o? &#8211; zaniepokojona podbieg\u0142a do dziewczyny.<\/p>\n\n\n\n<p>&#8211; Ci&#8230;z Legii&#8230;mnie tu pobili\u2026 &#8211; rozstrz\u0119piona dziewczyna nie mog\u0142a zebra\u0107 my\u015bli.<\/p>\n\n\n\n<p>Yumi wzi\u0119\u0142a dziewczyn\u0119 pod rami\u0119 i obie powoli posz\u0142y do piel\u0119gniarki.<\/p>\n\n\n\n<p>Dyrektor Delmas przegl\u0105da\u0142 w swoim gabinecie kolejne papiery. Co prawda rz\u0105d obiecywa\u0142, \u017ce biurokracja b\u0119dzie ograniczona, jednak nadal to by\u0142y tylko zapowiedzi, za\u015b administracja szkolna generowa\u0142a kolejne kilogramy makulatury, do kt\u00f3rej i tak nikt nie zagl\u0105da\u0142. Kontrole ministerialne, kt\u00f3re mia\u0142y rzekomo nadzorowa\u0107, czy wszystkie dokumenty si\u0119 zgadzaj\u0105, by\u0142y niczym Yeti \u2013 ka\u017cdy s\u0142ysza\u0142, nikt na oczy nie widzia\u0142. Niemniej jednak obowi\u0105zek nale\u017ca\u0142o wype\u0142ni\u0107. Aby nieco umili\u0107 sobie prac\u0119, Delmas w\u0142\u0105czy\u0142 radio. W\u0142a\u015bnie nadawano kolejne wiadomo\u015bci.<\/p>\n\n\n\n<p>&#8211; To ju\u017c trzeci prezes polskiej telewizji wybrany w ostatnich dw\u00f3ch dniach. Poprzedni zosta\u0142 uznany za niepraworz\u0105dnego, po tym jak o\u015bwiadczy\u0142, \u017ce powinno si\u0119 stworzy\u0107 specjalny kana\u0142 emituj\u0105cy tylko produkcje kr\u0119cone przez by\u0142ych cz\u0142onk\u00f3w partii komunistycznej, w kt\u00f3rych wyst\u0119puj\u0105 agenci dawnej s\u0142u\u017cby bezpiecze\u0144stwa. W szczeg\u00f3lno\u015bci pada\u0142o nazwisko jednego z nich, zaczynaj\u0105ce si\u0119 na C. Jest on oskar\u017cony o wsp\u00f3\u0142udzia\u0142 w morderstwie ks. Jerzego Popie\u0142uszki w 1984 roku, jednak serial, w kt\u00f3rym gra\u0142 g\u0142\u00f3wn\u0105 rol\u0119, nadal jest emitowany. Eksperci uwa\u017caj\u0105, \u017ce to z racji niewiedzy historycznej sporej cz\u0119\u015bci spo\u0142ecze\u0144stwa. Z Warszawy dla FranceInfo m\u00f3wi\u0142 Frederic Chlorchinaldin.<\/p>\n\n\n\n<p>Jean-Pierre si\u0119 zamy\u015bli\u0142.<\/p>\n\n\n\n<p>\u201eOsiemdziesi\u0105ty czwarty&#8230;kiedy to by\u0142o. Wtedy jeszcze studiowa\u0142em. Chyba nawet by\u0142a jaka\u015b demonstracja sprzeciwu wobec mordu tego ksi\u0119dza\u2026\u201d<\/p>\n\n\n\n<p>Nagle zadzwoni\u0142 telefon.<\/p>\n\n\n\n<p>&#8211; Tak? Co si\u0119 sta\u0142o? &#8211; dyrektor by\u0142 wyra\u017anie zaaferowany. &#8211; Tak, ju\u017c id\u0119.<\/p>\n\n\n\n<p>Od\u0142o\u017cy\u0142 s\u0142uchawk\u0119 i pr\u0119dko wybieg\u0142 do gabinetu lekarskim. Czeka\u0142a ju\u017c tam na niego Yolanta.<\/p>\n\n\n\n<p>&#8211; Widzi pan, panie dyrektorze, mamy chyba pewien problem \u2013 powiedzia\u0142a blondynka w fartuchu piel\u0119gniarskim. &#8211; Jakie\u015b 20 minut temu Yumi Ishiyama przyprowadzi\u0142a tutaj now\u0105 uczennic\u0119, Monic\u0119 Calliente. By\u0142a w do\u015b\u0107 s\u0142abej formie, z siniakami i rozci\u0119t\u0105 warg\u0105. M\u00f3wi\u0142a, \u017ce to kto\u015b z Legii j\u0105 pobi\u0142.<\/p>\n\n\n\n<p>&#8211; Jak to pobi\u0142? &#8211; zdziwi\u0142 si\u0119 Delmas. &#8211; Jak to si\u0119 sta\u0142o?<\/p>\n\n\n\n<p>&#8211; Tego nie wiem, dziewczyna nie chce o tym rozmawia\u0107. Ale co w takim razie robi\u0107? Musz\u0119 powiadomi\u0107 opiekun\u00f3w.<\/p>\n\n\n\n<p>&#8211; Pomy\u015blmy\u2026 &#8211; dyrektor stan\u0105\u0142 teraz przed sporym dylematem. &#8211; Powiedz im, \u017ce Monica mia\u0142a drobny wypadek w trakcie przerwy, ale \u017ce si\u0119 z tego wyli\u017ce. Bo chyba nie potrzeba tutaj przewiezienia do szpitala?<\/p>\n\n\n\n<p>&#8211; Na szcz\u0119\u015bcie nie, wst\u0119pne badania nie wykaza\u0142y \u017cadnych z\u0142ama\u0144. Jednak musi by\u0107 ona pod moj\u0105 obserwacj\u0105.<\/p>\n\n\n\n<p>&#8211; Niech i tak b\u0119dzie. Ale ani s\u0142owa o pobiciu! Jeszcze wyjd\u0105 jakie\u015b plotki na jaw i dopiero si\u0119 zacznie. Media nas wezm\u0105 na j\u0119zyki. A to nie jest nam potrzebne.<\/p>\n\n\n\n<p>&#8211; Ale w sumie\u2026 &#8211; piel\u0119gniarka zacz\u0119\u0142a mie\u0107 w\u0105tpliwo\u015bci. &#8211; Je\u015bli si\u0119 zapytaj\u0105, co dok\u0142adnie si\u0119 sta\u0142o?<\/p>\n\n\n\n<p>&#8211; To co\u015b wymy\u015blisz. Widzia\u0142a\u015b wiele wypadk\u00f3w, masz do\u015bwiadczenie. To dla dobra szko\u0142y. W ko\u0144cu nie chcemy, \u017ceby obci\u0119to nam dotacje na ten gabinet, prawda?<\/p>\n\n\n\n<p>&#8211; Jasne, \u017ce nie chcemy.<\/p>\n\n\n\n<p>&#8211; Tak wi\u0119c ustalone \u2013 rzek\u0142 Delmas. &#8211; Ani s\u0142owa o pobiciu, zreszt\u0105 nie wiadomo, czy ona nie k\u0142amie.<\/p>\n\n\n\n<p>Po wyj\u015bciu z gabinetu dyrektor zacz\u0105\u0142 my\u015ble\u0107 nad tym, co widzia\u0142 i us\u0142ysza\u0142.<\/p>\n\n\n\n<p>\u201eCholera jasna, jeszcze tego mi brakowa\u0142o. Przecie\u017c od razu wida\u0107, \u017ce to pobicie. Zauwa\u017cy\u0142em \u015blad po pa\u0142ce. Co ci durnie od Moralesa odjebali? Nikt si\u0119 o tym nie mo\u017ce dowiedzie\u0107, bo wtedy to dopiero b\u0119dziemy tu mie\u0107 Majdan Niepodleg\u0142o\u015bci. Musz\u0119 si\u0119 z tym wuefist\u0105 rozm\u00f3wi\u0107. Tylko czy ukara\u0107 sprawc\u00f3w\u2026 jak ich ukarz\u0119, to b\u0119dzie znak, \u017ce jednak co\u015b si\u0119 sta\u0142o. Na\u015bl\u0105 jakie\u015b inspekcje. A to mi jest potrzebne jak drzazga w ty\u0142ku. Oj, ci\u0119\u017cki moment nast\u0105pi\u0142. Ale trzeba sobie z tym jako\u015b poradzi\u0107. W ko\u0144cu nie mog\u0105 mi odebra\u0107 dotacji ani szans na to, abym zosta\u0142 nowym kuratorem.\u201d<\/p>\n","protected":false},"excerpt":{"rendered":"<p>Suzanne Hertz przygotowywa\u0142a si\u0119 do kolejnej lekcji chemii. Wyj\u0119\u0142a ju\u017c swoje notatki, z kt\u00f3rych korzysta\u0142a od wielu lat. Tym razem jednak mia\u0142a w g\u0142owie nie tylko najbli\u017cszy temat, ale tak\u017ce problem, kt\u00f3ry zg\u0142asza\u0142a podczas spotkania z gronem pedagogicznym. Nadmierny makija\u017c u niekt\u00f3rych dziewcz\u0105t zaczyna\u0142 j\u0105 coraz bardziej irytowa\u0107. Wiedzia\u0142a, \u017ce musi co\u015b z tym zrobi\u0107. &hellip;<br \/><a href=\"https:\/\/kodlyoko.pl\/index.php\/artykuly\/opowiadania\/serie\/bez-lyoko-czyli-zycie-tylko-w-realu\/rozdzial-42\/\" class=\"more-link pen_button pen_element_default pen_icon_arrow_double\">Read more<\/a><\/p>\n","protected":false},"author":5,"featured_media":0,"parent":203,"menu_order":42,"comment_status":"open","ping_status":"closed","template":"","meta":{"footnotes":""},"categories":[22],"tags":[],"class_list":["post-3883","page","type-page","status-publish","hentry","category-artykuly-bezlyoko"],"_links":{"self":[{"href":"https:\/\/kodlyoko.pl\/index.php\/wp-json\/wp\/v2\/pages\/3883","targetHints":{"allow":["GET"]}}],"collection":[{"href":"https:\/\/kodlyoko.pl\/index.php\/wp-json\/wp\/v2\/pages"}],"about":[{"href":"https:\/\/kodlyoko.pl\/index.php\/wp-json\/wp\/v2\/types\/page"}],"author":[{"embeddable":true,"href":"https:\/\/kodlyoko.pl\/index.php\/wp-json\/wp\/v2\/users\/5"}],"replies":[{"embeddable":true,"href":"https:\/\/kodlyoko.pl\/index.php\/wp-json\/wp\/v2\/comments?post=3883"}],"version-history":[{"count":1,"href":"https:\/\/kodlyoko.pl\/index.php\/wp-json\/wp\/v2\/pages\/3883\/revisions"}],"predecessor-version":[{"id":3884,"href":"https:\/\/kodlyoko.pl\/index.php\/wp-json\/wp\/v2\/pages\/3883\/revisions\/3884"}],"up":[{"embeddable":true,"href":"https:\/\/kodlyoko.pl\/index.php\/wp-json\/wp\/v2\/pages\/203"}],"wp:attachment":[{"href":"https:\/\/kodlyoko.pl\/index.php\/wp-json\/wp\/v2\/media?parent=3883"}],"wp:term":[{"taxonomy":"category","embeddable":true,"href":"https:\/\/kodlyoko.pl\/index.php\/wp-json\/wp\/v2\/categories?post=3883"},{"taxonomy":"post_tag","embeddable":true,"href":"https:\/\/kodlyoko.pl\/index.php\/wp-json\/wp\/v2\/tags?post=3883"}],"curies":[{"name":"wp","href":"https:\/\/api.w.org\/{rel}","templated":true}]}}