{"id":3852,"date":"2023-11-19T20:15:04","date_gmt":"2023-11-19T19:15:04","guid":{"rendered":"https:\/\/kodlyoko.pl\/?page_id=3852"},"modified":"2023-11-19T20:47:13","modified_gmt":"2023-11-19T19:47:13","slug":"lyokowe-bingo","status":"publish","type":"page","link":"https:\/\/kodlyoko.pl\/index.php\/artykuly\/tworczosc-niekonwencjonalna\/lyokowe-bingo\/","title":{"rendered":"Lyokowe Bingo"},"content":{"rendered":"\n<p>Ostatni czas dla fan\u00f3w serii wi\u0105\u017ce si\u0119 z ogromn\u0105 rado\u015bci\u0105. Wie\u015bci o powstaniu nowej serii Code Lyoko przynios\u0142y wiele nowych nadziei, pomys\u0142\u00f3w i \u017cycze\u0144, jak i obaw o planowan\u0105 przysz\u0142o\u015b\u0107 bajki z dzieci\u0144stwa. Strach przed failow\u0105 powt\u00f3rk\u0105 niskobud\u017cetowego sequela, jakim by\u0142a Ewolucja, sp\u0119dza ludziom sen z powiek. W wielu mediach spo\u0142eczno\u015bciowych i kana\u0142ach komunikacji pojawi\u0142o si\u0119 mn\u00f3stwo teorii, hipotez i prognozowanych rzeczy, kt\u00f3re mog\u0105 wyst\u0105pi\u0107 w nowej serii.<\/p>\n\n\n\n<p>Specjalnie dla Was zebra\u0142am najcz\u0119stsze sprawy poruszane w oczekiwaniach fan\u00f3w. Wszystkie zebra\u0142am w Lyokowe Bingo.<\/p>\n\n\n\n<p>Szczeg\u00f3lne podzi\u0119kowania dla u\u017cytkownika Finley z serwera Code Lyoko: Nowa Era RP, kt\u00f3ry zainspirowa\u0142 mnie ju\u017c d\u0142u\u017cszy czas temu do tej koncepcji swoj\u0105 wersj\u0105 Bingo. \ud83d\ude0a<\/p>\n\n\n<div class=\"wp-block-image\">\n<figure class=\"aligncenter size-full\"><img loading=\"lazy\" decoding=\"async\" width=\"1080\" height=\"1080\" src=\"https:\/\/kodlyoko.pl\/wp-content\/uploads\/2023\/11\/bingo.png\" alt=\"\" class=\"wp-image-3853\" srcset=\"https:\/\/kodlyoko.pl\/wp-content\/uploads\/2023\/11\/bingo.png 1080w, https:\/\/kodlyoko.pl\/wp-content\/uploads\/2023\/11\/bingo-300x300.png 300w, https:\/\/kodlyoko.pl\/wp-content\/uploads\/2023\/11\/bingo-150x150.png 150w, https:\/\/kodlyoko.pl\/wp-content\/uploads\/2023\/11\/bingo-768x768.png 768w, https:\/\/kodlyoko.pl\/wp-content\/uploads\/2023\/11\/bingo-225x225.png 225w\" sizes=\"auto, (max-width: 1080px) 100vw, 1080px\" \/><\/figure>\n<\/div>\n\n\n<p>Gdy seria ju\u017c wyjdzie, zach\u0119cam do odznaczania na grafice. Zobaczymy ile z rzeczy na grafice mia\u0142o miejsce. \ud83d\ude0a<\/p>\n\n\n\n<p>Opr\u00f3cz przedstawionych teorii w Bingo, przejrza\u0142am najobszerniejsze kana\u0142y komunikacji fan\u00f3w serii. W\u015br\u00f3d teorii na to, co mog\u0142oby zaj\u015b\u0107 w nowej serii, pojawi\u0142o si\u0119 r\u00f3wnie\u017c:<\/p>\n\n\n\n<ol class=\"wp-block-list\">\n<li>Ujawnienie szczeg\u00f3\u0142owej historii projektu: Kartagina, pochodzenia \u201eczarnych pan\u00f3w\u201d, kt\u00f3rzy porwali Anthe\u0119.<\/li>\n\n\n\n<li>Pokazanie postaci kilka lat po zamkni\u0119ciu superkomputera, ale te\u017c ju\u017c po nauce w Kadic, w \u017cyciu doros\u0142ym.<\/li>\n\n\n\n<li>Motyw, w kt\u00f3rym zupe\u0142nie nowe, nieznane wcze\u015bniej postacie odkrywaj\u0105 replik\u0119 Superkomputera w zupe\u0142nie innym pa\u0144stwie, przy czym okazuje si\u0119, \u017ce Xana wraca.<\/li>\n\n\n\n<li>Wrzucenie Jeremiego do Lyoko razem z pokazaniem jego wygl\u0105du w wirtualnym \u015bwiecie.<\/li>\n\n\n\n<li>Przeniesienie motyw\u00f3w z oficjalnie wydanych ksi\u0105\u017cek do nowej serii.<\/li>\n<\/ol>\n\n\n\n<p>Je\u015bli natomiast chodzi o obawy, to mamy dwie najwa\u017cniejsze:<\/p>\n\n\n\n<ol class=\"wp-block-list\">\n<li>Obawa, \u017ce nowa seria b\u0119dzie kontynuacj\u0105 Ewolucji \u2013 co nie zgadza si\u0119 z wywiadem z producentami, kt\u00f3rzy otwarcie krytykowali wersj\u0119 live action.<\/li>\n\n\n\n<li>Obawa, \u017ce nowa seria b\u0119dzie robiona na wz\u00f3r aktualnych trend\u00f3w innych kresk\u00f3wek, kt\u00f3re wygl\u0105daj\u0105 w opinii wi\u0119kszo\u015bci okropnie i psuj\u0105 ca\u0142y urok. Przyk\u0142ad mo\u017cemy zobaczy\u0107 cho\u0107by w najnowszej serii \u201eAtom\u00f3wek\u201d. Ta obawa jest ca\u0142kiem uzasadniona i wszyscy liczymy na to, \u017ce producenci nowej serii nas tym nie zabij\u0105.<\/li>\n<\/ol>\n\n\n\n<p>A wy, my\u015bl\u0105c o mo\u017cliwo\u015bciach nowej serii, o czym my\u015blicie? Na co macie nadziej\u0119, a czego si\u0119 boicie?<br>Dajcie zna\u0107 w komentarzach lub na naszym Discordzie. \ud83d\ude0a<\/p>\n\n\n\n<p><em>Autorka: Shikari<\/em><\/p>\n","protected":false},"excerpt":{"rendered":"<p>Ostatni czas dla fan\u00f3w serii wi\u0105\u017ce si\u0119 z ogromn\u0105 rado\u015bci\u0105. Wie\u015bci o powstaniu nowej serii Code Lyoko przynios\u0142y wiele nowych nadziei, pomys\u0142\u00f3w i \u017cycze\u0144, jak i obaw o planowan\u0105 przysz\u0142o\u015b\u0107 bajki z dzieci\u0144stwa. Strach przed failow\u0105 powt\u00f3rk\u0105 niskobud\u017cetowego sequela, jakim by\u0142a Ewolucja, sp\u0119dza ludziom sen z powiek. W wielu mediach spo\u0142eczno\u015bciowych i kana\u0142ach komunikacji pojawi\u0142o &hellip;<br \/><a href=\"https:\/\/kodlyoko.pl\/index.php\/artykuly\/tworczosc-niekonwencjonalna\/lyokowe-bingo\/\" class=\"more-link pen_button pen_element_default pen_icon_arrow_double\">Read more<\/a><\/p>\n","protected":false},"author":5,"featured_media":0,"parent":3393,"menu_order":0,"comment_status":"open","ping_status":"closed","template":"","meta":{"footnotes":""},"categories":[33],"tags":[],"class_list":["post-3852","page","type-page","status-publish","hentry","category-artykuly-z-humorem"],"_links":{"self":[{"href":"https:\/\/kodlyoko.pl\/index.php\/wp-json\/wp\/v2\/pages\/3852","targetHints":{"allow":["GET"]}}],"collection":[{"href":"https:\/\/kodlyoko.pl\/index.php\/wp-json\/wp\/v2\/pages"}],"about":[{"href":"https:\/\/kodlyoko.pl\/index.php\/wp-json\/wp\/v2\/types\/page"}],"author":[{"embeddable":true,"href":"https:\/\/kodlyoko.pl\/index.php\/wp-json\/wp\/v2\/users\/5"}],"replies":[{"embeddable":true,"href":"https:\/\/kodlyoko.pl\/index.php\/wp-json\/wp\/v2\/comments?post=3852"}],"version-history":[{"count":1,"href":"https:\/\/kodlyoko.pl\/index.php\/wp-json\/wp\/v2\/pages\/3852\/revisions"}],"predecessor-version":[{"id":3854,"href":"https:\/\/kodlyoko.pl\/index.php\/wp-json\/wp\/v2\/pages\/3852\/revisions\/3854"}],"up":[{"embeddable":true,"href":"https:\/\/kodlyoko.pl\/index.php\/wp-json\/wp\/v2\/pages\/3393"}],"wp:attachment":[{"href":"https:\/\/kodlyoko.pl\/index.php\/wp-json\/wp\/v2\/media?parent=3852"}],"wp:term":[{"taxonomy":"category","embeddable":true,"href":"https:\/\/kodlyoko.pl\/index.php\/wp-json\/wp\/v2\/categories?post=3852"},{"taxonomy":"post_tag","embeddable":true,"href":"https:\/\/kodlyoko.pl\/index.php\/wp-json\/wp\/v2\/tags?post=3852"}],"curies":[{"name":"wp","href":"https:\/\/api.w.org\/{rel}","templated":true}]}}