{"id":3831,"date":"2023-10-29T17:57:53","date_gmt":"2023-10-29T16:57:53","guid":{"rendered":"https:\/\/kodlyoko.pl\/?page_id=3831"},"modified":"2023-10-29T17:57:54","modified_gmt":"2023-10-29T16:57:54","slug":"hiszpanie-mieli-racje","status":"publish","type":"page","link":"https:\/\/kodlyoko.pl\/index.php\/artykuly\/redaktorskie\/felietony\/hiszpanie-mieli-racje\/","title":{"rendered":"Hiszpanie mieli racj\u0119"},"content":{"rendered":"\n<p class=\"has-drop-cap\">Zabrzmi to g\u00f3rnolotnie, ale od 23 pa\u017adziernika jeste\u015bmy jako fandom w nowej rzeczywisto\u015bci. Zaczynamy zupe\u0142nie nowy etap. Jeszcze nie wiemy, co si\u0119 za tym kryje ani ile to potrwa, ale wiemy, \u017ce ruszy\u0142o.<\/p>\n\n\n\n<p>Autor wywiadu z Sophie Decroisette oraz Jerome Mouscadetem mo\u017ce uznawa\u0107 si\u0119 za cholernego szcz\u0119\u015bciarza. Zapewne to jedno, najwa\u017cniejsze pytanie mia\u0142 przygotowane wcze\u015bniej, zada\u0142 je na ko\u0144cu. Nie siedzia\u0142em w jego g\u0142owie i nie wiem, czy oczekiwa\u0142 takiej odpowiedzi, ale otrzyma\u0142 j\u0105. Dowiedzia\u0142 si\u0119, a dzi\u0119ki internetowi dowiedzieli\u015bmy si\u0119 wszyscy: b\u0119dzie kontynuacja Kodu Lyoko. Okaza\u0142o si\u0119 przy okazji, \u017ce Hiszpanie mieli racj\u0119.<\/p>\n\n\n\n<p>\u015awiatowy fandom albo o tym zapomina, albo nie zdaje sobie z tego sprawy, ale sprawa ewentualnej kontynuacji nie pojawi\u0142a si\u0119 tydzie\u0144 temu. To jest co\u015b, o czym si\u0119 m\u00f3wi\u0142o wcze\u015bniej. Informowali\u015bmy o tym obszernie, kalendarium zdarze\u0144 umie\u015bcili\u015bmy mi\u0119dzy innymi w tek\u015bcie &#8220;<a href=\"https:\/\/kodlyoko.pl\/index.php\/artykuly\/redaktorskie\/felietony\/zdarzenia-przyspieszyly-czyli-co-oznaczaja-ostatnie-wydarzenia-w-fandomie\/\">Zdarzenia przyspieszy\u0142y<\/a>&#8220;. Wiele z nich to drobne informacje puszczane przez Hiszpan\u00f3w. W <a href=\"https:\/\/kodlyoko.pl\/index.php\/artykuly\/redaktorskie\/felietony\/refleksje-po-czerwcowych-wydarzeniach\/\" data-type=\"link\" data-id=\"https:\/\/kodlyoko.pl\/index.php\/artykuly\/redaktorskie\/felietony\/refleksje-po-czerwcowych-wydarzeniach\/\">czerwcu 2022<\/a> by\u0142o chyba najwi\u0119ksze zamieszanie, kt\u00f3re zako\u0144czy\u0142o si\u0119 tym, i\u017c niekt\u00f3rzy zacz\u0119li uznawa\u0107 ludzi z Hiszpanii za k\u0142amc\u00f3w. My od pocz\u0105tku nie szli\u015bmy w tak\u0105 narracj\u0119, gdy\u017c uznawali\u015bmy j\u0105 za bezsensown\u0105. W ko\u0144cu kto mia\u0142by cel w robieniu sobie \u017cart\u00f3w z informacji o ewentualnej nowej serii. Jak\u017ce g\u0142upio powinni si\u0119 teraz czu\u0107 ci, kt\u00f3rzy wypisywali do Yumivigo brednie o k\u0142amstwach i \u017cartach. Teraz powinni jedynie przeprosi\u0107, bo doniesienia si\u0119 sprawdzi\u0142y.<\/p>\n\n\n\n<p>Nie mamy na teraz pewno\u015bci, czy to nowe co\u015b, co nas czeka, b\u0119dzie serialem, filmem albo czym\u015b jeszcze innym. Szczeg\u00f3\u0142y mamy pozna\u0107 najprawdopodobniej jeszcze w tym roku. Wiemy na pewno, \u017ce to jest ju\u017c bardziej oficjalne. W ko\u0144cu powiedziano to pod nazwiskiem, w nagraniu video, nie zosta\u0142o to wyci\u0119te ani wycofane. Tak wi\u0119c mo\u017cemy si\u0119 cieszy\u0107 &#8211; jeszcze Lyoko nie zgin\u0119\u0142o. Praktycznie rzecz bior\u0105c informacja przysz\u0142a w ostatnim mo\u017cliwym momencie. Ju\u017c po obchodach 20-lecia serialu we wrze\u015bniu atmosfera nieco przysiad\u0142a i zacz\u0119\u0142y pojawia\u0107 si\u0119 g\u0142osy, \u017ce je\u015bli wtedy niczego ju\u017c nie og\u0142oszono, to tak naprawd\u0119 nie mamy ju\u017c po co czeka\u0107. Okaza\u0142o si\u0119 inaczej.<br>To oczywi\u015bcie dopiero pocz\u0105tek drogi, bo jest kwestia zwi\u0105zana z prawami autorskimi, s\u0105 tak\u017ce pewnie inne kwestie do wyja\u015bnienia, wi\u0119c to te\u017c nie b\u0119dzie raczej wygl\u0105da\u0107 tak, i\u017c za p\u00f3\u0142 roku czy nawet rok otrzymamy pe\u0142ny sezon.<\/p>\n\n\n\n<p>Przed tw\u00f3rcami zadanie do\u015b\u0107 trudne. Z jednej strony stworzy\u0107 tak\u0105 kontynuacj\u0119, kt\u00f3ra przypadnie do gustu starym fanom, pami\u0119taj\u0105cym premiery odcink\u00f3w sprzed 20 czy 15 lat, czy nawet tym, kt\u00f3rzy dekad\u0119 temu czekali na kolejne odcinki Ewolcuji. Z drugiej za\u015b wypu\u015bci\u0107 tak\u0105 produkcj\u0119, kt\u00f3ra znajdzie uznanie w oczach ludzi nieznaj\u0105cych kompletnie CL. Misja trudna, ale my\u015bl\u0119, \u017ce mo\u017cliwa do wykonania. Szczeg\u00f3lnie je\u015bli bior\u0105 si\u0119 za to ludzie, kt\u00f3rzy wsp\u00f3\u0142tworzyli ca\u0142e to uniwersum. Zapewne jakie\u015b nowe osoby w procesie produkcyjnym dojd\u0105, ale to, \u017ce stara gwardia trzyma nad tym piecz\u0119, pozwala optymistycznie patrze\u0107 w przysz\u0142o\u015b\u0107.<br>Trzeba te\u017c pami\u0119ta\u0107 o tym, \u017ce przez lata si\u0119 wiele zmieni\u0142o, wi\u0119c i sam serial musi i\u015b\u0107 z duchem czasu, zar\u00f3wno pod wzgl\u0119dem wykonania, jak i fabularnie. Nokie 3310 raczej nie przejd\u0105. Podobnie te\u017c nieco inaczej trzeba podej\u015b\u0107 do antagonisty. To ju\u017c nie jest \u015bwiat, w kt\u00f3rym napady na sieci telekomunikacyjne dziej\u0105 si\u0119 w fikcji i gdzie nikt raczej nie my\u015bli o tym, jak podbi\u0107 \u015bwiat. Niestety codzienne depesze agencyjne pokazuj\u0105 nam, \u017ce daleko jest nam od &#8220;Un Monde sans danger&#8221;. Wojn\u0119 mamy za nasz\u0105 wschodni\u0105 granic\u0105, a jej rozwi\u0105zanie nie polega na dezaktywacji wie\u017cy, tylko na pokonaniu kogo\u015b, kto jest z\u0142owieszczy tak jak Xana i co najgorsze &#8211; istnieje naprawd\u0119. Nie m\u00f3wi\u0119 ju\u017c o innych zagro\u017ceniach i z\u0142oczy\u0144cach. Tak wi\u0119c fabularnie to te\u017c powinno by\u0107 jako\u015b dobrze rozegrane. Mo\u017ce wykorzysta\u0107 patenty z Projektem Kartagina? Mo\u017ce nawet nieco ulepszy\u0107 koncepcj\u0119 Tyrona z Ewolucji? Mo\u017cliwo\u015bci jest wiele.<\/p>\n\n\n\n<p>Teraz zapewne b\u0119dzie si\u0119 pojawia\u0107 wiele spekulacji dotycz\u0105cych tego, jak ma ta nowa rzecz wygl\u0105da\u0107. Zrobi si\u0119 koncert \u017cycze\u0144 i pragnie\u0144. Ale to dobrze, bo mamy ju\u017c o czym dyskutowa\u0107, a nie tylko zastanawia\u0107 si\u0119 na tym, czy faktycznie co\u015b b\u0119dzie.<\/p>\n\n\n\n<p><\/p>\n\n\n\n<p><em>Autor: Jeremie_96<\/em><\/p>\n","protected":false},"excerpt":{"rendered":"<p>Zabrzmi to g\u00f3rnolotnie, ale od 23 pa\u017adziernika jeste\u015bmy jako fandom w nowej rzeczywisto\u015bci. Zaczynamy zupe\u0142nie nowy etap. Jeszcze nie wiemy, co si\u0119 za tym kryje ani ile to potrwa, ale wiemy, \u017ce ruszy\u0142o. Autor wywiadu z Sophie Decroisette oraz Jerome Mouscadetem mo\u017ce uznawa\u0107 si\u0119 za cholernego szcz\u0119\u015bciarza. Zapewne to jedno, najwa\u017cniejsze pytanie mia\u0142 przygotowane wcze\u015bniej, &hellip;<br \/><a href=\"https:\/\/kodlyoko.pl\/index.php\/artykuly\/redaktorskie\/felietony\/hiszpanie-mieli-racje\/\" class=\"more-link pen_button pen_element_default pen_icon_arrow_double\">Read more<\/a><\/p>\n","protected":false},"author":5,"featured_media":0,"parent":2587,"menu_order":0,"comment_status":"open","ping_status":"closed","template":"","meta":{"footnotes":""},"categories":[50],"tags":[],"class_list":["post-3831","page","type-page","status-publish","hentry","category-artykuly-felietony"],"_links":{"self":[{"href":"https:\/\/kodlyoko.pl\/index.php\/wp-json\/wp\/v2\/pages\/3831","targetHints":{"allow":["GET"]}}],"collection":[{"href":"https:\/\/kodlyoko.pl\/index.php\/wp-json\/wp\/v2\/pages"}],"about":[{"href":"https:\/\/kodlyoko.pl\/index.php\/wp-json\/wp\/v2\/types\/page"}],"author":[{"embeddable":true,"href":"https:\/\/kodlyoko.pl\/index.php\/wp-json\/wp\/v2\/users\/5"}],"replies":[{"embeddable":true,"href":"https:\/\/kodlyoko.pl\/index.php\/wp-json\/wp\/v2\/comments?post=3831"}],"version-history":[{"count":1,"href":"https:\/\/kodlyoko.pl\/index.php\/wp-json\/wp\/v2\/pages\/3831\/revisions"}],"predecessor-version":[{"id":3832,"href":"https:\/\/kodlyoko.pl\/index.php\/wp-json\/wp\/v2\/pages\/3831\/revisions\/3832"}],"up":[{"embeddable":true,"href":"https:\/\/kodlyoko.pl\/index.php\/wp-json\/wp\/v2\/pages\/2587"}],"wp:attachment":[{"href":"https:\/\/kodlyoko.pl\/index.php\/wp-json\/wp\/v2\/media?parent=3831"}],"wp:term":[{"taxonomy":"category","embeddable":true,"href":"https:\/\/kodlyoko.pl\/index.php\/wp-json\/wp\/v2\/categories?post=3831"},{"taxonomy":"post_tag","embeddable":true,"href":"https:\/\/kodlyoko.pl\/index.php\/wp-json\/wp\/v2\/tags?post=3831"}],"curies":[{"name":"wp","href":"https:\/\/api.w.org\/{rel}","templated":true}]}}