{"id":3819,"date":"2023-10-19T12:41:14","date_gmt":"2023-10-19T11:41:14","guid":{"rendered":"https:\/\/kodlyoko.pl\/?page_id=3819"},"modified":"2024-02-19T23:07:07","modified_gmt":"2024-02-19T22:07:07","slug":"rozdzial-drugi","status":"publish","type":"page","link":"https:\/\/kodlyoko.pl\/index.php\/artykuly\/opowiadania\/serie\/sekrety\/rozdzial-drugi\/","title":{"rendered":"Rozdzia\u0142 drugi"},"content":{"rendered":"\n<p class=\"has-text-align-center\"><a href=\"https:\/\/www.youtube.com\/watch?v=DtfskG_3XfI\">Aynur Ayd\u0131n &#8211; Bi Dakika<\/a><\/p>\n\n\n\n<p class=\"has-text-align-center\"><strong>&#8212;&#8212;&#8212;&#8212;&#8212;&#8212;&#8212;&#8212;&#8212;&#8212;&#8212;&#8212;-<\/strong><\/p>\n\n\n\n<p class=\"has-text-align-center\"><strong>ELITSA<\/strong><\/p>\n\n\n\n<p>&nbsp;&nbsp;&nbsp;&nbsp;&nbsp;&nbsp;&nbsp;&nbsp;&nbsp;&nbsp;&nbsp; Siedz\u0119 w swoim pokoju beztrosko wpatruj\u0105c si\u0119 w plan lekcji. Czy Delmas naprawd\u0119 tak nienawidzi, \u017ceby tak ustawi\u0107 naszej klasie lekcje? W sumie, to mu si\u0119 nie dziwi\u0119. Sama dosta\u0142abym sza\u0142u z band\u0105 dzieciak\u00f3w, kt\u00f3ra w ka\u017cdej sekundzie mo\u017ce kogo\u015b uderzy\u0107, zad\u017aga\u0107, a nawet zabija\u0107. Ale sam si\u0119 na co\u015b takiego zgodzi\u0142. Chyba, \u017ce nie jest niczego \u015bwiadomy\u2026<\/p>\n\n\n\n<p>&nbsp;&nbsp;&nbsp;&nbsp;&nbsp;&nbsp;&nbsp;&nbsp;&nbsp;&nbsp;&nbsp; <em>Senel, ogarnij si\u0119 i skup si\u0119 w ko\u0144cu.<\/em><\/p>\n\n\n\n<p>&nbsp;&nbsp;&nbsp;&nbsp;&nbsp;&nbsp;&nbsp;&nbsp;&nbsp;&nbsp;&nbsp; Pr\u00f3buj\u0119 zapami\u0119ta\u0107 trzeci raz zmieniony plan, jednak nie daj\u0119 rady. Ca\u0142y czas jestem w szoku, \u017ce Dunbar b\u0119dzie tutaj chodzi\u0107 do szko\u0142y. W\u0142a\u015bciwie, to mog\u0142am si\u0119 tego spodziewa\u0107, bo sama trafi\u0142am w po\u0142owie roku szkolnego i mia\u0142am nie mniejszy baga\u017c. Ciekawe, sk\u0105d on pochodzi\u2026 Niemcy? Norwegia? Polska? Kto wie. Tak samo jest ze mn\u0105 &#8211; wiele os\u00f3b my\u015bli, \u017ce jestem Francuzk\u0105.<\/p>\n\n\n\n<p>&nbsp;&nbsp;&nbsp;&nbsp;&nbsp;&nbsp;&nbsp;&nbsp;&nbsp;&nbsp;&nbsp; Dlaczego my\u015bl\u0119 o jakim\u015b ch\u0142opaku, kt\u00f3rego pozna\u0142am w poci\u0105gu? Co\u015b jest ze mn\u0105 nie tak.<\/p>\n\n\n\n<p>&nbsp;&nbsp;&nbsp;&nbsp;&nbsp;&nbsp;&nbsp;&nbsp;&nbsp;&nbsp;&nbsp; Odpuszczam sobie uczenie si\u0119 planu lekcji i wychodz\u0119 z pokoju. Korytarz nie jest w og\u00f3le o\u015bwietlony, jednak nie przeszkadza mi to. Szorstki dywan drapie moje stopy mimo tego, \u017ce mam na sobie ciep\u0142e skarpety. Chwilami czuj\u0119 g\u0119si\u0105 sk\u00f3rk\u0119 przez psuj\u0105ce si\u0119 ogrzewanie.<\/p>\n\n\n\n<p>&nbsp;&nbsp;&nbsp;&nbsp;&nbsp;&nbsp;&nbsp;&nbsp;&nbsp;&nbsp;&nbsp; Kiedy oczy przyzwyczajaj\u0105 mi si\u0119 do panuj\u0105cej ciemno\u015bci, powoli i cicho schodz\u0119 na d\u00f3\u0142. Nie mog\u0119 pozwoli\u0107, \u017ceby znowu kto\u015b mnie przy\u0142apa\u0142 na wychodzeniu w trakcie ciszy nocnej, bo nie mam zamiaru znowu sprz\u0105ta\u0107 toalet z wo\u017anym przez tydzie\u0144.<\/p>\n\n\n\n<p>&nbsp;&nbsp;&nbsp;&nbsp;&nbsp;&nbsp;&nbsp;&nbsp;&nbsp;&nbsp;&nbsp; Wychodz\u0119 na szkolny dziedziniec. Jest on w kszta\u0142cie prostok\u0105ta i zdobi\u0105 go niedawno posadzone drzewa i czarne \u0142awki. Droga jest oblana asfaltem, kt\u00f3ry jest w wielu miejscach pop\u0119kany. Za bram\u0105 bia\u0142e \u015bwiat\u0142a o\u015bwietlaj\u0105 drog\u0119 razem z lampami z bloku po drugiej ulicy.<\/p>\n\n\n\n<p>&nbsp;&nbsp;&nbsp;&nbsp;&nbsp;&nbsp;&nbsp;&nbsp;&nbsp;&nbsp;&nbsp; Lubi\u0119 tutaj przychodzi\u0107 wieczorami po prostu popatrze\u0107 na t\u0119 ulic\u0119. Niedawno wr\u00f3ci\u0142am od fryzjera, jednak ju\u017c t\u0119skni\u0119 za t\u0105 ma\u0142\u0105 chwil\u0105 wolno\u015bci. Uczucia, \u017ce \u017cadna kamera i \u017caden nauczyciel nie obserwuje ciebie dwadzie\u015bcia cztery godziny na dob\u0119. A przede wszystkim brakuje mi samotno\u015bci od wszystkich z mojej szko\u0142y.<\/p>\n\n\n\n<p>&nbsp;&nbsp;&nbsp;&nbsp;&nbsp;&nbsp;&nbsp;&nbsp;&nbsp;&nbsp;&nbsp; Na twarzy i d\u0142oniach czuj\u0119 ch\u0142\u00f3d. Prawdopodobnie za chwil\u0119 si\u0119 rozpada albo zaatakuje pot\u0119\u017cny wiatr. Jedno i drugie mi nie przeszkadza. Pofalowane w\u0142osy od warkoczy opadaj\u0105 mi na twarz. Zdmuchuj\u0119 je i dalej wpatruj\u0119 si\u0119 w t\u0119tni\u0105ce \u017cycie za murami tej szko\u0142y. Te\u017c bym tak chcia\u0142a, ale jedna rzecz na to nie pozwala. Co\u015b, co stworzy\u0142 jaki\u015b cz\u0142owiek jako zwyk\u0142y dodatek.<\/p>\n\n\n\n<p>&nbsp;&nbsp;&nbsp;&nbsp;&nbsp;&nbsp;&nbsp;&nbsp;&nbsp;&nbsp;&nbsp; Zaczyna pada\u0107. Krople stukaj\u0105 o rynny i metalowe rury odprowadzaj\u0105ce wod\u0119 do kana\u0142\u00f3w. Czuj\u0119, jak \u0142za leci mi po policzku, co si\u0119 nie cz\u0119sto zdarza. Marz\u0119 o tym, \u017ceby sko\u0144czy\u0107 edukacj\u0119 i uwolni\u0107 si\u0119 od swojej przesz\u0142o\u015bci.<\/p>\n\n\n\n<p>&nbsp;&nbsp;&nbsp;&nbsp;&nbsp;&nbsp;&nbsp;&nbsp;&nbsp;&nbsp;&nbsp; Wtem w pokoju dyrektora zapala si\u0119 \u015bwiat\u0142o. Cholera, czas ucieka\u0107.<\/p>\n\n\n\n<p>&nbsp;&nbsp;&nbsp;&nbsp;&nbsp;&nbsp;&nbsp;&nbsp;&nbsp;&nbsp;&nbsp; Uspokajam si\u0119 i skupiam si\u0119 na jak najszybszym powrocie do pokoju. Ostatnio przy\u0142apa\u0142 mnie nauczyciel od WF\u2019u, ale od dyrektora to by\u0142oby jeszcze gorzej. Prosty uk\u0142ad \u2013<br><em>Sa\u011fa, merdivenlerden yukar\u0131, sola biraz, a\u00e7mak d\u00fcz. <\/em>Znaczy\u2026 prosto, skr\u0119t w lewo, schodami do g\u00f3ry, troch\u0119 w lewo.<\/p>\n\n\n\n<p>&nbsp;&nbsp;&nbsp;&nbsp;&nbsp;&nbsp;&nbsp;&nbsp;&nbsp;&nbsp;&nbsp; Id\u0119 zgodnie z planem. Czuj\u0119, jak po karku sp\u0142ywa mi kropla potu i ko\u0142acz\u0105ce z nerw\u00f3w serce. Nie powinnam si\u0119 tym przejmowa\u0107, ale czuj\u0119, jakby od tego zale\u017ca\u0142o moje \u017cycie. Coraz gorzej ze mn\u0105.<\/p>\n\n\n\n<p>&nbsp;&nbsp;&nbsp;&nbsp;&nbsp;&nbsp;&nbsp;&nbsp;&nbsp;&nbsp;&nbsp; Na szcz\u0119\u015bcie dyrektor zgasi\u0142 lamp\u0119 i wyszed\u0142 z gabinetu w momencie, kiedy trzasn\u0119\u0142am swoimi drzwiami od pokoju. Jest on niewielki, jednak nigdy na niego nie narzeka\u0142am. Po lewej stronie jest stare \u0142\u00f3\u017cko obrzucone podr\u0119cznikami i zeszytami. Biurka nie u\u017cywam, odk\u0105d prawie si\u0119 zawali\u0142o, kiedy si\u0119 uczy\u0142am na kartk\u00f3wk\u0119 z fizyki. Zosta\u0142a wymieniona lampa, dzi\u0119ki czemu nie musz\u0119 pracowa\u0107 przy latarce. Niewielka szafa jest naprzeciwko \u0142\u00f3\u017cka.<\/p>\n\n\n\n<p>&nbsp;&nbsp;&nbsp;&nbsp;&nbsp;&nbsp;&nbsp;&nbsp;&nbsp;&nbsp;&nbsp; Decyduj\u0119 si\u0119 str\u0105ci\u0107 wszystkie podr\u0119czniki na pod\u0142og\u0119 i posprz\u0105ta\u0107 dopiero rano. Ca\u0142y pok\u00f3j wype\u0142nia huk spadaj\u0105cych przedmiot\u00f3w, jednak nie przejmuj\u0119 si\u0119 tym. Wchodz\u0119 pod ko\u0142dr\u0119 i zapadam w sen.<\/p>\n\n\n\n<p>&nbsp;&nbsp;&nbsp;&nbsp;&nbsp;&nbsp;&nbsp;&nbsp;&nbsp;&nbsp;&nbsp; Siedzia\u0142am skulona w bia\u0142ym pomieszczeniu. Nie wiedzia\u0142am, co si\u0119 dzieje. S\u0142ysza\u0142am g\u0142os krzycz\u0105cych matek i dzieci. Pomimo zatykania uszu, nadal wszystko s\u0142ysza\u0142am.<\/p>\n\n\n\n<p>&nbsp;&nbsp;&nbsp;&nbsp;&nbsp;&nbsp;&nbsp;&nbsp;&nbsp;&nbsp;&nbsp; Nagle zapad\u0142a cisza, co by\u0142o mi zdecydowanie na r\u0119k\u0119. Wsta\u0142am i rozejrza\u0142am si\u0119. Wsz\u0119dzie by\u0142a krew pomieszana ze \u0142zami. Pisn\u0119\u0142am z przera\u017cenia. Moje stopy by\u0142y ca\u0142e czerwone, a r\u0119ce sta\u0142y si\u0119 czarne. Wtem kto\u015b szepta\u0142 ca\u0142y czas jedno s\u0142owo.<\/p>\n\n\n\n<p>&nbsp;&nbsp;&nbsp;&nbsp;&nbsp;&nbsp;&nbsp;&nbsp;&nbsp;&nbsp;&nbsp; <em>Morderczyni.<\/em><\/p>\n\n\n\n<p>&nbsp;&nbsp;&nbsp;&nbsp;&nbsp;&nbsp;&nbsp;&nbsp;&nbsp;&nbsp;&nbsp; Nast\u0119pnie us\u0142ysza\u0142am g\u0142o\u015bny dzwonek.<\/p>\n\n\n\n<p class=\"has-text-align-center has-medium-font-size\" style=\"font-style:normal;font-weight:200\"><strong>15 listopada, 2013<\/strong><\/p>\n\n\n\n<p>\u00ad\u00ad\u2013 Zamknij si\u0119, cholero jedna! \u2013 krzycz\u0119 jak jaka\u015b idiotka do budzika. Str\u0105cam go r\u0119k\u0105 z biurka, a nast\u0119pnie siadam na \u0142\u00f3\u017cku. Patrz\u0119 na siebie w niewielkim lustrze wisz\u0105cym na szafie. Na czarnej bluzce z bia\u0142o-szarymi jest plama bo porannej kawie. W\u0142osy s\u0105 skr\u0119cone i we wszystkich stronach \u015bwiata. Na twarzy widniej\u0105 dwie plamy, potocznie nazywane worami pod oczami. Czerwona szminka rozjecha\u0142a si\u0119 dooko\u0142a ust, a tusz, kt\u00f3ry powinien by\u0107 na rz\u0119sach, obecnie jest w okolicach oczu.<\/p>\n\n\n\n<p>\u2013 Ostatni raz id\u0119 spa\u0107 w makija\u017cu \u2013 obiecuj\u0119 sobie, chocia\u017c wiem, \u017ce b\u0119d\u0119 tak robi\u0107, dop\u00f3ki nikt mnie nie zobaczy w takim stanie. Wstaj\u0119 z \u0142\u00f3\u017cka i bior\u0119 p\u0142yn do demakija\u017cu, p\u0142atki i id\u0119 do \u0142azienki. Nie szukam kapci, bo min\u0119\u0142oby p\u00f3\u0142 stulecia, nim bym je znalaz\u0142a.<\/p>\n\n\n\n<p>\u2013 Co ty, filmy romantyczne ogl\u0105da\u0142a\u015b? Czy p\u0142aka\u0142a\u015b za Turcj\u0105?<\/p>\n\n\n\n<p>\u015awietnie. Marzy\u0142am o tym, \u017ceby z samego rana trafi\u0107 na niego \u2013 Ulricha Sterna. &nbsp;&nbsp;&nbsp;&nbsp;&nbsp;&nbsp;&nbsp;&nbsp;&nbsp;&nbsp;&nbsp;<\/p>\n\n\n\n<p>Odwracam si\u0119 i przygl\u0105dam si\u0119. Odk\u0105d go pozna\u0142am, diametralnie si\u0119 zmieni\u0142. Kiedy\u015b si\u0119ga\u0142 mi zaledwie do ramion i by\u0142 chudy jak patyk. A teraz przer\u00f3s\u0142 mnie prawie o g\u0142ow\u0119 i nieco przypakowa\u0142, przez co wi\u0119kszo\u015b\u0107 dziewczyn piszczy na jego widok, jakby widzia\u0142y swojego idola. Mo\u017ce i jest przystojny, ale dla mnie nie zmieni\u0142 si\u0119 pod wzgl\u0119dem swojej wrednej g\u0119by.<\/p>\n\n\n\n<p>\u2013 Nawet je\u015bli, to masz jaki\u015b problem? \u2013 zadaj\u0119 pytanie.<\/p>\n\n\n\n<p>\u2013 Nie no, sk\u0105d\u017ce znowu\u2026 \u2013 prycha, po czym opiera si\u0119 o \u015bcian\u0119. Kiedy pr\u00f3buj\u0119 go wymin\u0105\u0107, on \u0142apie mnie za r\u0119k\u0119.<\/p>\n\n\n\n<p>\u2013 Chyba, \u017ce znowu pi\u0142a\u015b. A mo\u017ce co\u015b innego? Dopalacze, narkotyki?<\/p>\n\n\n\n<p>\u2013 Patrz na siebie, bo anio\u0142em nie jeste\u015b \u2013 wyrywam si\u0119 z jego ucisku i id\u0119 do \u0142azienki, nie zwracaj\u0105c uwagi na niego.<\/p>\n\n\n\n<p>Kilka minut p\u00f3\u017aniej siedz\u0119 pod sal\u0105 od geografii. Zastanawiam si\u0119 nad s\u0142owami Sterna. Sk\u0105d on zna moje pochodzenie? Nikt nie zna mnie na tyle dobrze, \u017ceby to wiedzie\u0107. W\u0142a\u015bciwie, to on jest tak zdolny do wszystkiego, jak ja.&nbsp;<\/p>\n\n\n\n<p>Kiedy wspomnia\u0142 o alkoholu i u\u017cywkach, to czu\u0142am, \u017ce go porz\u0105dnie st\u0142uk\u0119. Mam z tym problem, a on o tym doskonale wie. Szczeg\u00f3lnie z tym pierwszym.<\/p>\n\n\n\n<p><em>Ogarnij si\u0119. B\u0119dziesz przejmowa\u0107 si\u0119 s\u0142owami tego p\u00f3\u0142g\u0142\u00f3wka?<\/em><\/p>\n\n\n\n<p>\u2013 Cze\u015b\u0107 \u2013 te s\u0142owa wyrywaj\u0105 mnie z zamys\u0142u. Kiedy obracam si\u0119, potrz\u0105sam g\u0142ow\u0105 z niedowierzania.<\/p>\n\n\n\n<p>\u2013 William?<\/p>\n\n\n\n<p>\u2013 We w\u0142asnej osobie! \u2013 odpowiada szcz\u0119\u015bliwy.<\/p>\n\n\n\n<p>Nie wiem, co odpowiedzie\u0107. Dawno si\u0119 nie widzieli\u015bmy, a kiedy si\u0119 poznali\u015bmy, za wiele o sobie nie powiedzia\u0142am. Sam fakt, \u017ce si\u0119 do mnie odezwa\u0142 i mnie pami\u0119ta, graniczy z cudem. Zwykle to ludzie maj\u0105 mnie gdzie\u015b. W\u0142a\u015bciwie, to po czym wiedzia\u0142am, \u017ce to on? No tak \u2013 wredny u\u015bmieszek nigdy nie opuszczaj\u0105cy jego twarzy.<\/p>\n\n\n\n<p>\u2013 Hej \u2013 zbieram si\u0119 na powiedzenie jedynie takiego s\u0142owa.<\/p>\n\n\n\n<p>\u2013 Znowu zmieni\u0142a\u015b kolor w\u0142os\u00f3w? Wcze\u015bniej mia\u0142a\u015b bia\u0142e\u2026<\/p>\n\n\n\n<p>\u2013 Niczym Ciri, wiem \u2013 doka\u0144czam za niego. \u2013 Tylko dzisiaj jestem marchewk\u0105.&nbsp; A co, st\u0119skni\u0142e\u015b si\u0119 za bia\u0142ym?<\/p>\n\n\n\n<p>\u2013 By\u0142 bardzo charakterystyczny. Nie pozna\u0142bym ciebie, gdyby nie blizna.<\/p>\n\n\n\n<p>Nie odpowiadam. Lepiej, je\u015bli nie wie, dlaczego ona jest akurat na szyi.<\/p>\n\n\n\n<p>\u2013 Nie wiedzia\u0142am, \u017ce b\u0119dziesz si\u0119 tutaj uczy\u0107 \u2013 k\u0142ami\u0119.<\/p>\n\n\n\n<p>\u2013 Przecie\u017c widzieli\u015bmy si\u0119 wczoraj, ale ty uciek\u0142a\u015b pi\u0119tro wy\u017cej.<\/p>\n\n\n\n<p>\u2013 No tak, ale my\u015bla\u0142am, \u017ce postanowi\u0142e\u015b kogo\u015b odwiedzi\u0107\u2026<\/p>\n\n\n\n<p>\u2013 Elitsa, nie zmy\u015blaj, prosz\u0119 ci\u0119.<\/p>\n\n\n\n<p>Odpuszczam, jednak zastanawia mnie, sk\u0105d on zna moje imi\u0119.<\/p>\n\n\n\n<p>\u2013 Domy\u015blam si\u0119, \u017ce tak masz na imi\u0119. Jaka\u015b dziewczyna tak do ciebie m\u00f3wi\u0142a.<\/p>\n\n\n\n<p>\u2013 Nie jaka\u015b dziewczyna, tylko moja kuzynka. \u2013 opowiadam ze szczeg\u00f3lnym naciskiem na s\u0142owa \u201ejaka\u015b dziewczyna\u201d.<\/p>\n\n\n\n<p>William zabawnie pokazuje r\u0119kami, \u017ce nie wiedzia\u0142. U\u015bmiecham si\u0119 delikatnie.<\/p>\n\n\n\n<p>\u2013 Od czego zaczynamy?<\/p>\n\n\n\n<p>\u2013 Geografia. Chyba\u2026 trzy razy nam zmienili nam plan. \u2013 odpowiadam, wpatruj\u0105c si\u0119 na szkolny dziedziniec, kt\u00f3ry jest pe\u0142en uczni\u00f3w. W\u015br\u00f3d uczni\u00f3w zauwa\u017cam Sterna, kt\u00f3ry \u0142apie ze mn\u0105 kontakt wzrokowy. U\u015bmiecha si\u0119 z\u0142o\u015bliwe, bo czym pokazuje dwoma palcami znak \u201eMam ci\u0119 na oku\u201d. Kr\u0119c\u0119 g\u0142ow\u0105, co nie umkn\u0119\u0142o uwadze Williamowi. Od razu zaczynam si\u0119 t\u0142umaczy\u0107:<\/p>\n\n\n\n<p>\u2013 Znowu jakie\u015b dzieciaki z podstaw\u00f3wki zrobi\u0142y co\u015b g\u0142upiego.<\/p>\n\n\n\n<p>Nie odpowiada, a nast\u0119pnie dzwoni dzwonek. W milczeniu idziemy pod sal\u0119.<\/p>\n\n\n\n<p>\u2013 Senel, jeszcze jedna jedynka ze sprawdzianu, a przysi\u0119gam, \u017ce nie zdasz z chemii! \u2013 krzyczy Suzanne Hertz, nauczycielka chemii i fizyki. Wszyscy j\u0105 zapami\u0119tuj\u0105 przez burz\u0119 szarych lok\u00f3w, okr\u0105g\u0142e okulary i bia\u0142y fartuch, z kt\u00f3rym nigdy si\u0119 nie rozstaje.<\/p>\n\n\n\n<p>Bior\u0119 sprawdzian do r\u0119ki i przygl\u0105dam si\u0119 punktacji.<\/p>\n\n\n\n<p>\u2013 Serio? \u2013 m\u00f3wi\u0119 na g\u0142os.<\/p>\n\n\n\n<p>\u2013 Co si\u0119 sta\u0142o? \u2013 pyta zaciekawiony William.<\/p>\n\n\n\n<p>\u2013 Znowu zabrak\u0142o mi jednego punktu do oceny wy\u017cej.<\/p>\n\n\n\n<p>Pr\u00f3buje si\u0119 nie za\u015bmia\u0107, jednak widz\u0119, \u017ce u\u015bmiecha si\u0119 z\u0142o\u015bliwie. <em>Jak Stern<\/em>.<\/p>\n\n\n\n<p>\u2013 No i z czego si\u0119 \u015bmiejesz? Zobaczymy, jak ty b\u0119dziesz mia\u0142 tak\u0105 sytuacj\u0119.<\/p>\n\n\n\n<p>\u2013 Albo dostaj\u0119 <em>bani\u0119<\/em><sup>1<\/sup>, albo pi\u0105tk\u0119. Nie ma nic pomi\u0119dzy.<\/p>\n\n\n\n<p>\u2013 Jasne \u2013 odpowiadam z sarkazmem.<\/p>\n\n\n\n<p>Dunbar szczerzy si\u0119 z\u0142o\u015bliwie. Znowu si\u0119 u\u015bmiecham. Jest on pierwsz\u0105 osob\u0105, kt\u00f3ra sprawia, \u017ce si\u0119 u\u015bmiecham. Chyba zostaniemy przyjaci\u00f3\u0142mi. Zak\u0142adaj\u0105c, \u017ce niczego nie zepsuj\u0119, co si\u0119 cz\u0119sto zdarza.<\/p>\n\n\n\n<p>Z przemy\u015ble\u0144 wyrywa mnie d\u017awi\u0119k dzwonka. Pakuj\u0119 si\u0119 i bez s\u0142owa wracam do pokoju. Nast\u0119pnie rzucam plecak w k\u0105t i wychodz\u0119 na spacer.<\/p>\n\n\n\n<p>Mija kolejna godzina, jednak nie chc\u0119 wraca\u0107 do internatu. W parku jest cisza, kt\u00f3rej potrzebuj\u0119. Bior\u0119 g\u0142\u0119boki wdech i wstaj\u0119, \u017ceby si\u0119 przej\u015b\u0107. Musz\u0119 si\u0119 nacieszy\u0107 t\u0105 chwil\u0105, dop\u00f3ki znowu nie zostan\u0119 zamkni\u0119ta w czterech k\u0105tach szko\u0142y.<\/p>\n\n\n\n<p>Z pewno\u015bci\u0105 zastanawiasz si\u0119, dlaczego chc\u0119 ju\u017c zacz\u0105\u0107 studia i zapomnie\u0107 o tym miejscu. W czym tkwi problem? W tym, \u017ce przez g\u0142upot\u0119 jednego nauczyciela od fizyki zniszczone \u017cycie ma ponad sze\u015b\u0107set dzieci, pocz\u0105wszy od szko\u0142y elementarnej, po <em>coll\u00e8ge<\/em><sup>2<\/sup><em>&nbsp;<\/em>a nawet nastolatki ze szko\u0142y \u015bredniej. Do ostatniej grupy zaliczam si\u0119 mi\u0119dzy innymi ja.<\/p>\n\n\n\n<p>Od roku pr\u00f3buj\u0119 odkry\u0107 tajemnic\u0119 i powstanie wirusa nazywanego Xan\u0105. Niewiele os\u00f3b jest \u015bwiadomych tego, dlaczego znalaz\u0142a si\u0119 akurat w tym internacie. Wi\u0119kszo\u015b\u0107 to g\u0142\u00f3wnie osoby porywcze lub wyrzucone z innych szk\u00f3\u0142 na niew\u0142a\u015bciwe zachowanie. Czasami zastanawiam si\u0119, czy aby sam dyrektor nie jest \u015bwiadomy tego wszystkiego.<\/p>\n\n\n\n<p>Mija druga godzina, a ja dalej okr\u0105\u017cam park. Nie czuj\u0119 zm\u0119czenia, ani b\u00f3lu. Po prostu id\u0119, jakby to mia\u0142a by\u0107 moja ostatnia droga w \u017cyciu.<\/p>\n\n\n\n<p>Do szko\u0142y trafiam oko\u0142o godziny dziewi\u0119tnastej. O tej porze zwykle uczniowie id\u0105 na kolacj\u0119, lub siedz\u0105 na dworze, odpoczywaj\u0105c po ci\u0119\u017ckim dniu nauki.&nbsp; Ja z kolei wol\u0119 zabra\u0107 si\u0119 za lekcje dopiero, jak posprz\u0105tam pok\u00f3j. Zwykle jest tak, \u017ce po kilku godzinach wygl\u0105da, jakby przeszed\u0142 przez niego huragan. Nie umiem utrzyma\u0107 porz\u0105dku zbyt d\u0142ugo.<\/p>\n\n\n\n<p>Kiedy id\u0119 w kierunku pokoju, \u015brednio co druga osoba milknie, kiedy przechodz\u0119 obok nich. Przyzwyczai\u0142am si\u0119 do tego. Zawsze czuj\u0119 wzrok innych na sobie, jakby zobaczyli ducha, a nie przeci\u0119tnego ucznia internatu.<\/p>\n\n\n\n<p>\u2013 Elitsa! \u2013 s\u0142ysz\u0119 swoje imi\u0119. Odwracam si\u0119. To William mnie wo\u0142a. Podbiega do mnie, a nast\u0119pnie pyta:<\/p>\n\n\n\n<p>\u2013 Gdzie ciebie wci\u0119\u0142o na ostatnie dwie godziny?<\/p>\n\n\n\n<p>\u2013 Wysz\u0142am na spacer \u2013 odpowiadam bez cienia zainteresowania dalsz\u0105 rozmow\u0105. <em>Co ty robisz? Chcesz, \u017ceby kolejna osoba okre\u015bli\u0142a ciebie zupe\u0142nie bezpodstawnie?<\/em><\/p>\n\n\n\n<p>\u2013 To wyja\u015bnia, dlaczego nie wiesz, co si\u0119 sta\u0142o.<\/p>\n\n\n\n<p>O\u017cywiam si\u0119 na ostatnie s\u0142owa.<\/p>\n\n\n\n<p>\u2013 M\u00f3w.<\/p>\n\n\n\n<p>\u2013 Nagle chcesz rozmawia\u0107? \u2013 pyta, po czym u\u015bmiecha si\u0119 szelmowsko.<\/p>\n\n\n\n<p>\u2013 Nie odwracaj kota ogonem, tylko m\u00f3w, o co chodzi \u2013 m\u00f3wi\u0119 stanowczo. Krzy\u017cuj\u0119 r\u0119ce w piersi, oczekuj\u0105c odpowiedzi.<\/p>\n\n\n\n<p>\u2013 Kto\u015b w\u0142ama\u0142 si\u0119 do szkolnych dokument\u00f3w.<\/p>\n\n\n\n<p>Prycham, a nast\u0119pnie \u015bmiej\u0119 si\u0119.<\/p>\n\n\n\n<p>\u2013 Te\u017c mi co\u015b. Nie raz to si\u0119 zdarzy\u0142o.<\/p>\n\n\n\n<p>\u2013 To jest naprawd\u0119 wa\u017cne. Chodzi mi\u0119dzy innymi o Ciebie.<\/p>\n\n\n\n<p>\u2013 Norma\u2026<\/p>\n\n\n\n<p>\u2013 Nie tym razem.<\/p>\n\n\n\n<p>\u2013 Czy naprawd\u0119 nigdy nie mia\u0142e\u015b takiej sytuacji w szkole? \u2013 pytam zirytowana s\u0142own\u0105 przepychank\u0105, kt\u00f3ra jedynie marnowa\u0142a m\u00f3j czas. Po sekundzie jednak odpuszczam i m\u00f3wi\u0119 spokojna \u2013 Mo\u017cemy za pi\u0119tna\u015bcie minut o tym porozmawia\u0107. Przy patio, pasuje? \u00ad\u2013 pytam, jednak nie oczekuj\u0119 odpowiedzi.<\/p>\n\n\n\n<p>\u2013 Dobra. Do zobaczenia.<\/p>\n\n\n\n<p>Kiedy on odchodzi, ja patrz\u0119 na niego zupe\u0142nie zdziwiona. Nie mia\u0142am jeszcze sytuacji, kiedy kto\u015b, pomimo mojego osch\u0142ego tonu dalej chcia\u0142 w og\u00f3le si\u0119 do mnie odzywa\u0107. Mo\u017ce to i dobrze, Laura wtedy chyba przestanie si\u0119 czepia\u0107, \u017ce z nikim nie rozmawiam.<\/p>\n\n\n\n<p>Kiedy chcia\u0142am i\u015b\u0107 na chwil\u0119 do pokoju, s\u0142ysz\u0119 szelest kurtki. Odwracam si\u0119 i w tej samej chwili w ca\u0142ym korytarzu ga\u015bnie \u015bwiat\u0142o. Czuj\u0119, \u017ce jestem przez kogo\u015b obserwowana. Serce bije mi coraz szybciej, a na r\u0119kach dostaj\u0119 g\u0119siej sk\u00f3rki.<\/p>\n\n\n\n<p>Id\u0119 powoli do przodu. R\u0119kami macam \u015bcian\u0119, \u017ceby znale\u017a\u0107 sw\u00f3j pok\u00f3j, kt\u00f3ry ma charakterystyczne dziury w klamce. Pierwsze drzwi \u2013 pud\u0142o. Drugie \u2013 to samo.<\/p>\n\n\n\n<p>Szukaj\u0105c pokoju, nagle przede mn\u0105 kto\u015b niesamowicie szybko przebiega. Przygl\u0105dam si\u0119 czarnemu cieniowi. Nie zauwa\u017cam wiele, poniewa\u017c znika on na rogiem, a \u015bwiat\u0142o ogarnia ca\u0142y korytarz.<\/p>\n\n\n\n<p>Wzrokiem kontroluj\u0119, czy co\u015b si\u0119 nie zmieni\u0142o. Wszystkie lampy dzia\u0142aj\u0105. Okna nie s\u0105 powybijane, a dywan idealnie czysty.<\/p>\n\n\n\n<p>\u2013 Musz\u0119 si\u0119 w ko\u0144cu wyspa\u0107, bo wyobra\u017cam sobie jakie\u015b duchy.<\/p>\n\n\n\n<p>Wchodz\u0119 do pokoju, a nast\u0119pnie rzucam na nieposk\u0142adane \u0142\u00f3\u017cko. Z pod\u0142ogi zabieram klucz, a potem zamykam pok\u00f3j i id\u0119 na um\u00f3wione wcze\u015bniej spotkanie.<\/p>\n\n\n\n<p>________________________________________________________<\/p>\n\n\n\n<p><em>1- potoczne okre\u015blenie z\u0142ej oceny (je\u017celi kto\u015b nie wie)<\/em><\/p>\n\n\n\n<p><em>2- odpowiednik gimnazjum, kt\u00f3re w przeciwie\u0144stwie do polskiego trwa 4 lata<\/em><\/p>\n","protected":false},"excerpt":{"rendered":"<p>Aynur Ayd\u0131n &#8211; Bi Dakika &#8212;&#8212;&#8212;&#8212;&#8212;&#8212;&#8212;&#8212;&#8212;&#8212;&#8212;&#8212;- ELITSA &nbsp;&nbsp;&nbsp;&nbsp;&nbsp;&nbsp;&nbsp;&nbsp;&nbsp;&nbsp;&nbsp; Siedz\u0119 w swoim pokoju beztrosko wpatruj\u0105c si\u0119 w plan lekcji. Czy Delmas naprawd\u0119 tak nienawidzi, \u017ceby tak ustawi\u0107 naszej klasie lekcje? W sumie, to mu si\u0119 nie dziwi\u0119. Sama dosta\u0142abym sza\u0142u z band\u0105 dzieciak\u00f3w, kt\u00f3ra w ka\u017cdej sekundzie mo\u017ce kogo\u015b uderzy\u0107, zad\u017aga\u0107, a nawet zabija\u0107. Ale sam &hellip;<br \/><a href=\"https:\/\/kodlyoko.pl\/index.php\/artykuly\/opowiadania\/serie\/sekrety\/rozdzial-drugi\/\" class=\"more-link pen_button pen_element_default pen_icon_arrow_double\">Read more<\/a><\/p>\n","protected":false},"author":4,"featured_media":0,"parent":3762,"menu_order":2,"comment_status":"open","ping_status":"closed","template":"","meta":{"footnotes":""},"categories":[64],"tags":[],"class_list":["post-3819","page","type-page","status-publish","hentry","category-artykuly-sekrety"],"_links":{"self":[{"href":"https:\/\/kodlyoko.pl\/index.php\/wp-json\/wp\/v2\/pages\/3819","targetHints":{"allow":["GET"]}}],"collection":[{"href":"https:\/\/kodlyoko.pl\/index.php\/wp-json\/wp\/v2\/pages"}],"about":[{"href":"https:\/\/kodlyoko.pl\/index.php\/wp-json\/wp\/v2\/types\/page"}],"author":[{"embeddable":true,"href":"https:\/\/kodlyoko.pl\/index.php\/wp-json\/wp\/v2\/users\/4"}],"replies":[{"embeddable":true,"href":"https:\/\/kodlyoko.pl\/index.php\/wp-json\/wp\/v2\/comments?post=3819"}],"version-history":[{"count":1,"href":"https:\/\/kodlyoko.pl\/index.php\/wp-json\/wp\/v2\/pages\/3819\/revisions"}],"predecessor-version":[{"id":3820,"href":"https:\/\/kodlyoko.pl\/index.php\/wp-json\/wp\/v2\/pages\/3819\/revisions\/3820"}],"up":[{"embeddable":true,"href":"https:\/\/kodlyoko.pl\/index.php\/wp-json\/wp\/v2\/pages\/3762"}],"wp:attachment":[{"href":"https:\/\/kodlyoko.pl\/index.php\/wp-json\/wp\/v2\/media?parent=3819"}],"wp:term":[{"taxonomy":"category","embeddable":true,"href":"https:\/\/kodlyoko.pl\/index.php\/wp-json\/wp\/v2\/categories?post=3819"},{"taxonomy":"post_tag","embeddable":true,"href":"https:\/\/kodlyoko.pl\/index.php\/wp-json\/wp\/v2\/tags?post=3819"}],"curies":[{"name":"wp","href":"https:\/\/api.w.org\/{rel}","templated":true}]}}