{"id":3792,"date":"2023-08-29T22:05:54","date_gmt":"2023-08-29T21:05:54","guid":{"rendered":"https:\/\/kodlyoko.pl\/?page_id=3792"},"modified":"2023-08-29T22:06:12","modified_gmt":"2023-08-29T21:06:12","slug":"czarny-as-w-rekawie","status":"publish","type":"page","link":"https:\/\/kodlyoko.pl\/index.php\/artykuly\/opowiadania\/serie\/cyfrowe-urywki\/czarny-as-w-rekawie\/","title":{"rendered":"Czarny as w r\u0119kawie"},"content":{"rendered":"\n<p>Obw\u00f3d kostromski po raz pierwszy w tym roku przywita\u0142 ulewny deszcz. Od rana si\u0105pi\u0142 coraz mocniej i cz\u0119\u015bciej. Raz po raz niebo ozdabia\u0142y b\u0142yskawice. W niekt\u00f3rych elementach <em>Bogowarowa<\/em> panowa\u0142a ciemno\u015b\u0107. Zero lamp, \u015bwiec, czy latarek. Mimo tego, jedna chatka t\u0119tni\u0142a \u017cyciem.<\/p>\n\n\n\n<p>Pomieszczenie rozlega g\u0142uche stukanie w drzwi. M\u0142oda kobieta spogl\u0105da niezadowolona na zegarek. Mia\u0142a by\u0107 p\u00f3\u0142 godziny temu!<\/p>\n\n\n\n<p><em>Mo\u017ce stch\u00f3rzy\u0142a? Wiedzia\u0142am, po prostu wiedzia\u0142am.<\/em><\/p>\n\n\n\n<p>Odk\u0142ada zapa\u0142ki na eta\u017cerk\u0119 z ciemnego d\u0119bu, kt\u00f3r\u0105 dziadek wykona\u0142 przed wojn\u0105 i podchodzi do drzwi. Nie \u015bpieszy si\u0119. Nauczyli s\u0105 w domu, \u017ce po\u015bpiech cieszy diab\u0142a. Przyk\u0142ada lewe ucho do drzwi, po czym m\u00f3wi:<\/p>\n\n\n\n<p>&#8211; Nigdy jedno.<\/p>\n\n\n\n<p>&#8211; Bez drugiego \u2013 odpowiada druga osoba, stukaj\u0105c z\u0119bami o siebie.<\/p>\n\n\n\n<p>Przekr\u0119ca zamek i otwiera drzwi. Gestem zaprasza swoj\u0105 towarzyszk\u0119. Ta wchodzi, kurczowo trzymaj\u0105c d\u0142o\u0144mi przeciwne bicepsy. Ca\u0142y czas si\u0119 trz\u0119sie. W chatce wieje ch\u0142odem. Ch\u0142odem ka\u017cdego kolejnego gracza \u2013 mniej, lub bardziej do\u015bwiadczonego.<\/p>\n\n\n\n<p>Spogl\u0105daj\u0105 na siebie zawodniczki.<\/p>\n\n\n\n<p><strong>Blondynka<\/strong> \u2013 oko\u0142o dwudziestu lat, niezbyt wysoka. Zawsze owija si\u0119 czarnym kocem, pod kt\u00f3rym chowa najr\u00f3\u017cniejsze drobiazgi. D\u0142ugie, falowanie w\u0142osy swobodnie opadaj\u0105 na ramiona i du\u017cy biust, w por\u00f3wnaniu do reszty cia\u0142a. Miejscowi podejrzewaj\u0105 j\u0105 o magi\u0119 i si\u0142y nieczyste podczas spotka\u0144.<\/p>\n\n\n\n<p><strong>Szatynka<\/strong> \u2013 w podobnym wieku, bardzo wysoka. Zdejmuje sw\u00f3j przemoczony p\u0142aszcz i zawiesza na najbli\u017cszym ko\u0142ku. Na pod\u0142og\u0119 kapie woda z jej w\u0142os\u00f3w. Br\u0105zowo-pomara\u0144czowy golf wygl\u0105da identycznie, jak \u015bciany miejsca spotkania. Ma d\u0142ugie nogi, przez co spodnie nie zakrywaj\u0105 cz\u0119\u015bci jej \u0142ydek.<\/p>\n\n\n\n<p>Kobieta w kocu z u\u015bmiechem kieruje go\u015bcia na szkar\u0142atny fotel. Pos\u0142usznie siada.<\/p>\n\n\n\n<p>&#8211; Mo\u017ce co\u015b na rozgrzewk\u0119?<\/p>\n\n\n\n<p>&#8211; Poprosz\u0119.<\/p>\n\n\n\n<p>Gospodyni nalewa do lekko zakurzonych szklanek znaczn\u0105 ilo\u015b\u0107 whisky.<\/p>\n\n\n\n<p>Szatynka przygl\u0105da si\u0119 kwadratowej eta\u017cerce. Na lewym kra\u0144cu le\u017cy stos czerwono-bia\u0142ych kart. Po prawej stronie s\u0105 r\u00f3\u017cnokolorowe \u017cetony \u2013 cz\u0119\u015b\u0107 jest wyblak\u0142a. Obok nich dumnie stoi szklana popielniczka, a w niej dwa zgaszone papierosy i niewyrzucony popi\u00f3\u0142. Na \u015brodku jest zako\u0144czenie gry\u2026<\/p>\n\n\n\n<p>Gdy podchodzi druga kobieta, szybko si\u0119 zrywa z fotela. Nast\u0119pnie bierze od niej jedn\u0105 szklank\u0119. Delikatnie w\u0105cha zawarto\u015b\u0107. Zapach zniech\u0119ca do kosztowania, ale nie pokazuje tego gospodyni.<\/p>\n\n\n\n<p>&#8211; Nigdy jedno \u2013 m\u00f3wi, po czym unosi swoj\u0105 szklank\u0119 do g\u00f3ry.<\/p>\n\n\n\n<p>&#8211; Bez drugiego \u2013 doka\u0144cza brunetka i wykonuje ten sam gest.<\/p>\n\n\n\n<p>Na dworze dalej pada deszcz, jednak grzmoty ucich\u0142y, a b\u0142yskawice nie zawita\u0142y ju\u017c wi\u0119cej te nocy. Rozgrywka kobiet trwa dalej.<\/p>\n\n\n\n<p>Blondynka zapala pi\u0105tego papierosa. Zazwyczaj gra zako\u0144czona by\u0142a, gdy spali\u0142a dwa. Whisky te\u017c ju\u017c zosta\u0142a ca\u0142kowicie wypita. Nie spodziewa\u0142a si\u0119 tak d\u0142ugiej rozgrywki z ni\u0105. Czy to ona tak dobrze gra, czy tylko czeka na odpowiedni\u0105 chwil\u0119?<\/p>\n\n\n\n<p>Szatynka gra va banque.<\/p>\n\n\n\n<p>Sta\u0142o si\u0119.<\/p>\n\n\n\n<p>Druga zawodniczka zaskoczona odk\u0142ada cz\u0119\u015b\u0107 papierosa na brzeg popielniczki. Nak\u0142ada cz\u0119\u015b\u0107 koca na prawe rami\u0119. Przeciwniczka bacznie obserwuje jej twarz. Jej wzrok m\u00f3wi jedn\u0105 wiadomo\u015b\u0107.<\/p>\n\n\n\n<p><em>Koniec.<\/em><\/p>\n\n\n\n<p>Szatynka ma karet\u0119. Blondynka kr\u00f3lewskiego pokera.<\/p>\n\n\n\n<p>Przegrana doskonale wie, co ma teraz zrobi\u0107. Bierze czarny pistolet ze \u015brodka sto\u0142u. W \u015brodku jest tylko jeden nab\u00f3j. Przygotowany specjalnie dla niej. Przyk\u0142ada bro\u0144 do lewej skroni. Puls momentalnie jej przyspiesza.<\/p>\n\n\n\n<p>&#8211; Zamknij oczy \u2013 m\u00f3wi \u0142agodnie blondynka.<\/p>\n\n\n\n<p>Pada strza\u0142.<\/p>\n\n\n\n<p>Deszcz nie ust\u0119puje. Nad chatk\u0105 przelatuje bia\u0142a awionetka, spokojnie l\u0105duj\u0105c na swoje miejsce.<\/p>\n\n\n\n<p><\/p>\n\n\n\n<p><em>Autorka: Azize<\/em><\/p>\n","protected":false},"excerpt":{"rendered":"<p>Obw\u00f3d kostromski po raz pierwszy w tym roku przywita\u0142 ulewny deszcz. Od rana si\u0105pi\u0142 coraz mocniej i cz\u0119\u015bciej. Raz po raz niebo ozdabia\u0142y b\u0142yskawice. W niekt\u00f3rych elementach Bogowarowa panowa\u0142a ciemno\u015b\u0107. Zero lamp, \u015bwiec, czy latarek. Mimo tego, jedna chatka t\u0119tni\u0142a \u017cyciem. Pomieszczenie rozlega g\u0142uche stukanie w drzwi. M\u0142oda kobieta spogl\u0105da niezadowolona na zegarek. Mia\u0142a by\u0107 &hellip;<br \/><a href=\"https:\/\/kodlyoko.pl\/index.php\/artykuly\/opowiadania\/serie\/cyfrowe-urywki\/czarny-as-w-rekawie\/\" class=\"more-link pen_button pen_element_default pen_icon_arrow_double\">Read more<\/a><\/p>\n","protected":false},"author":4,"featured_media":0,"parent":544,"menu_order":0,"comment_status":"open","ping_status":"closed","template":"","meta":{"footnotes":""},"categories":[37],"tags":[],"class_list":["post-3792","page","type-page","status-publish","hentry","category-artykuly-cyfrowe-urywki"],"_links":{"self":[{"href":"https:\/\/kodlyoko.pl\/index.php\/wp-json\/wp\/v2\/pages\/3792","targetHints":{"allow":["GET"]}}],"collection":[{"href":"https:\/\/kodlyoko.pl\/index.php\/wp-json\/wp\/v2\/pages"}],"about":[{"href":"https:\/\/kodlyoko.pl\/index.php\/wp-json\/wp\/v2\/types\/page"}],"author":[{"embeddable":true,"href":"https:\/\/kodlyoko.pl\/index.php\/wp-json\/wp\/v2\/users\/4"}],"replies":[{"embeddable":true,"href":"https:\/\/kodlyoko.pl\/index.php\/wp-json\/wp\/v2\/comments?post=3792"}],"version-history":[{"count":1,"href":"https:\/\/kodlyoko.pl\/index.php\/wp-json\/wp\/v2\/pages\/3792\/revisions"}],"predecessor-version":[{"id":3793,"href":"https:\/\/kodlyoko.pl\/index.php\/wp-json\/wp\/v2\/pages\/3792\/revisions\/3793"}],"up":[{"embeddable":true,"href":"https:\/\/kodlyoko.pl\/index.php\/wp-json\/wp\/v2\/pages\/544"}],"wp:attachment":[{"href":"https:\/\/kodlyoko.pl\/index.php\/wp-json\/wp\/v2\/media?parent=3792"}],"wp:term":[{"taxonomy":"category","embeddable":true,"href":"https:\/\/kodlyoko.pl\/index.php\/wp-json\/wp\/v2\/categories?post=3792"},{"taxonomy":"post_tag","embeddable":true,"href":"https:\/\/kodlyoko.pl\/index.php\/wp-json\/wp\/v2\/tags?post=3792"}],"curies":[{"name":"wp","href":"https:\/\/api.w.org\/{rel}","templated":true}]}}