{"id":359,"date":"2021-04-14T15:51:16","date_gmt":"2021-04-14T15:51:16","guid":{"rendered":"http:\/\/kodlyoko.pl\/?page_id=359"},"modified":"2021-04-14T15:51:17","modified_gmt":"2021-04-14T15:51:17","slug":"rozdzial-6-linia-awaryjna","status":"publish","type":"page","link":"https:\/\/kodlyoko.pl\/index.php\/artykuly\/redaktorskie\/wspomnienia-redaktora\/rozdzial-6-linia-awaryjna\/","title":{"rendered":"Rozdzia\u0142 6 \u2013 Linia awaryjna"},"content":{"rendered":"\n<p class=\"has-drop-cap\">Po tym jak na pocz\u0105tku lutego mieli\u015bmy drobne zamieszanie w kwestii emisji serialu w Polsce, przez pewien czas mieli\u015bmy praktycznie powr\u00f3t do rutynowych news\u00f3w. Na 28 lutego zapowiedziano angielsk\u0105 premier\u0119 Evolution, wi\u0119c mieli\u015bmy jeszcze czas by si\u0119 do tego przygotowa\u0107. 6 lutego odby\u0142 si\u0119 kolejny twitcam z Quentinem i Melanie, dzi\u0119ki czemu mogli\u015bmy poda\u0107 kilka interesuj\u0105cych szczeg\u00f3\u0142\u00f3w, na przyk\u0142ad o tym, \u017ce aktorka wcielaj\u0105c\u0105 si\u0119 w posta\u0107 Aelity, czyli L\u00e9onie Berthonnaud, wyjecha\u0142a na rok do Afryki, by tam studiowa\u0107. Dowiedzieli\u015bmy si\u0119 te\u017c, \u017ce nowa seria ma zadowalaj\u0105c\u0105 ogl\u0105dalno\u015b\u0107. Dokonywa\u0142a si\u0119 tak\u017ce stopniowa aktualizacja strony, poprawiali\u015bmy i dodawali\u015bmy informacje w niekt\u00f3rych dzia\u0142ach, by\u0142y tak\u017ce drobne zmiany graficzne. Zbli\u017cali\u015bmy si\u0119 te\u017c powoli do p\u00f3\u0142metka serii, co mia\u0142o oznacza\u0107 przerw\u0119 w emisji na jaki\u015b czas.<\/p>\n\n\n\n<p>14 lutego og\u0142osili\u015bmy post\u0119py co do aktualizacji, zapowiadali\u015bmy kolejne zmiany. Wszystko kr\u0119ci\u0142o si\u0119 nie\u017ale. Do 18 lutego , to by\u0142 poniedzia\u0142ek. Jeszcze w weekend wszystko dzia\u0142a\u0142o, podali\u015bmy informacj\u0119 o kolejnym odcinku. Nic nie zapowiada\u0142o awarii. Ta jednak nast\u0105pi\u0142a. Gdy w poniedzia\u0142ek po po\u0142udniu chcia\u0142em wej\u015b\u0107 na stron\u0119 by sprawdzi\u0107, czy czasem nie dosta\u0142em jakiej\u015b wiadomo\u015bci od admina. A tu si\u0119 pojawia b\u0142\u0105d, strona si\u0119 nie wczytuje. Sprawdzi\u0142em Lyokokod Szympiego. Nie wczytuje si\u0119. Sprawdzi\u0142em tak\u017ce KLPX Lyokoherosa (wtedy jeszcze u\u017cywa\u0142 w fandomie swojego imienia i na swojej stronie nazywa\u0142 si\u0119 MaciejDoragon), te\u017c nie dzia\u0142a. To oznacza\u0142o jedno: serwery od darmowych stron musia\u0142y si\u0119 schrzani\u0107. Ta wersja wydarze\u0144 zosta\u0142a potwierdzona, gdy admin skontaktowa\u0142 si\u0119 ze mn\u0105 poprzez system prywatnych wiadomo\u015bci na Forum.CodeLyoko.pl.<\/p>\n\n\n\n<p>Ano w\u0142a\u015bnie\u2026 my\u015bl\u0119, \u017ce to dobry moment, by nieco odej\u015b\u0107 od g\u0142\u00f3wnego w\u0105tku tego rozdzia\u0142u i po\u015bwi\u0119ci\u0107 troch\u0119 miejsca na to, by opowiedzie\u0107, c\u00f3\u017c to za tw\u00f3r by\u0142. Tak wi\u0119c, przenosimy si\u0119 w przesz\u0142o\u015b\u0107, do 2011 roku. Wtedy to w\u0142a\u015bnie powstaje Forum.CodeLyoko.pl. Za\u0142o\u017cycielem by\u0142 niejaki HubertOdd, on te\u017c by\u0142 pierwszym adminem. Funkcj\u0119 t\u0119 pe\u0142nili tak\u017ce (cho\u0107 nie mam pewno\u015bci czy od samego pocz\u0105tku) Amarantine i Likki, kt\u00f3ry w p\u00f3\u017aniejszym okresie sta\u0142 si\u0119 tym wiod\u0105cym administratorem, g\u0142\u00f3wnie dlatego \u017ce Hubert po pewnym czasie mia\u0142 wywalone na forum. Najbardziej to by\u0142o wida\u0107 wtedy, gdy ko\u0144czy\u0142 si\u0119 termin wa\u017cno\u015bci serwera (forum by\u0142o postawione na do\u015b\u0107 popularnym silniku firmy IPS, u\u017cywanym na r\u00f3\u017cnych forach do teraz, jednak kosztowa\u0142o to par\u0119 st\u00f3w). Zazwyczaj wtedy otwierano temat na forum i roztrz\u0105sano publicznie spraw\u0119 zap\u0142acenia na serwer. Troch\u0119 si\u0119 to ci\u0105gn\u0119\u0142o, bo z jednej strony by\u0142 argument \u201eja i tak ju\u017c nic tu nie pisz\u0119, wi\u0119c nie zap\u0142ac\u0119\u201d, z drugiej strony natomiast \u201eskoro to zak\u0142ada\u0142e\u015b, to powiniene\u015b p\u0142aci\u0107\u201d. Pojawia\u0142y si\u0119 nawet pomys\u0142y na zorganizowanie sk\u0142adki w\u015br\u00f3d u\u017cytkownik\u00f3w, ale nie dosz\u0142o to do skutku z racji tego, \u017ce nie znalaz\u0142oby si\u0119 zbyt wielu ch\u0119tnych. I tak potem ko\u0144czy\u0142o si\u0119 pokojowo, serwer by\u0142 op\u0142acony i \u201emoney drama\u201d dobiega\u0142a ko\u0144ca. Gdzie\u015b do 2014 roku to by\u0142o bardzo aktywne miejsce spotka\u0144 Lyokofan\u00f3w, nawet je\u015bli czasem dochodzi\u0142o do pewnych eksces\u00f3w.<\/p>\n\n\n\n<p>Razu pewnego, pod koniec lutego 2013 roku, dw\u00f3ch u\u017cytkownik\u00f3w (bodaj\u017ce Adasiekkk i Beniak) postanowi\u0142o zrobi\u0107 \u017carcik na Wikipedii. Jak wiadomo, czasem z weryfikacj\u0105 tre\u015bci tam zawartych jest do\u015b\u0107 ci\u0119\u017cko. Tak wi\u0119c postanowiono dopisa\u0107 w\u0142asne opisy dotychczas wyemitowanych odcink\u00f3w Ewolucji. Po cz\u0119\u015bci si\u0119 zgadza\u0142y, ale by\u0142y zrobione w taki spos\u00f3b by o\u015bmieszy\u0107 now\u0105 seri\u0119, zawiera\u0142y te\u017c do\u015b\u0107 spor\u0105 dawk\u0119 \u017cart\u00f3w, kt\u00f3re mo\u017cna opowiada\u0107 po 23. Swoj\u0105 drog\u0105 to te\u017c nie by\u0142 jaki\u015b wyszukany poziom, wiecie, \u017carty z miesi\u0105czki takie dojrza\u0142e\u2026 albo w zdaniu \u201eGrupa oficjalnie przyjmuje Laur\u0119 jako cz\u0142onka\u201d ostatnie s\u0142owo to hiper\u0142\u0105cze prowadz\u0105ce do has\u0142a \u201ePenis\u201d. Podobna kreatywno\u015b\u0107 bije przy fragmentach, gdzie firma produkuj\u0105ca serial jest nazywana \u201eKsi\u0119\u017cyc z Kupy\u201d, co ma stanowi\u0107 aluzj\u0119 do nazwy \u201eMoonscoop\u201d. Te \u201eper\u0142y humoru\u201d zosta\u0142y do\u015b\u0107 szybko usuni\u0119te z Wikipedii (cho\u0107 i tak zapisa\u0142y si\u0119 w historii edycji i mo\u017cna wci\u0105\u017c to poczyta\u0107), ale zrobiono zrzuty ekranu, by pochwali\u0107 si\u0119 wielce bohaterskim czynem napisania kretynizm\u00f3w. Wywi\u0105za\u0142a si\u0119 z tego do\u015b\u0107 burzliwa dyskusja. Jedni uwa\u017cali, \u017ce w zasadzie nie ma co si\u0119 oburza\u0107, bo to by\u0142y tylko \u017carciki, kt\u00f3re nikomu krzywdy nie zrobi\u0142y. Inni za\u015b okre\u015blili to jako profanacj\u0119 serialu i rzecz, kt\u00f3rej nikt, kto jest fanem Kodu Lyoko, nie wa\u017cy\u0142by si\u0119 nawet w my\u015blach pope\u0142ni\u0107, niezale\u017cnie od tego, jakie mia\u0142by zdanie o Ewolucji. Przy czym takich wypowiedzi by\u0142o na forum mniej. Ja by\u0142em troch\u0119 tak zmieszany ca\u0142\u0105 sytuacj\u0105. Z jednej strony wygl\u0105da\u0142o to jak mo\u017ce niezbyt niewinny, ale wci\u0105\u017c \u017carcik, z drugiej strony g\u0142upie to by\u0142o cholernie, i strasznie niedojrza\u0142e, poza tym jednak jakie\u015b poszanowanie do ulubionego serialu i do jego tw\u00f3rc\u00f3w powinno si\u0119 posiada\u0107. A i tak uwa\u017cam, \u017ce nasz fandom nie ma takiego fanatycznego podej\u015bcia do produkcji jak w niekt\u00f3rych innych \u015brodowiskach, gdzie ka\u017cdy, kto cho\u0107by podwa\u017cy tez\u0119, \u017ce dany serial czy kresk\u00f3wka to cud nad cudami, z miejsca jest uznawany za wroga. Ca\u0142e zdarzenie w swoich \u201eWiadomo\u015bciach Kadic\u201d opisa\u0142 Lyokoheros (wtedy jeszcze nazywa\u0142 si\u0119 Maciej) w artykule pod nazw\u0105 \u201eForum staczania si\u0119 ci\u0105g dalszy\u201d. W zasadzie to by\u0142a druga cz\u0119\u015b\u0107 tego artyku\u0142u, bo pierwsz\u0105 wype\u0142nia\u0142a inna sprawa.<\/p>\n\n\n\n<p>W 2012 roku Maciej zosta\u0142 na forum moderatorem, wtedy te\u017c mniej wi\u0119cej inny z \u201ezielonych\u201d (tak okre\u015blano moderator\u00f3w z racji tego, \u017ce tytu\u0142 tej funkcji pisze si\u0119 na r\u00f3\u017cnych forach cz\u0119sto na zielono), czyli Dragon, zapowiedzia\u0142 bezwzgl\u0119dn\u0105 walk\u0119 z przekle\u0144stwami na forum (a tam autocenzor by\u0142 na\u0142o\u017cony tylko na shoutbox). Maciej od razu si\u0119 do tego do\u0142\u0105czy\u0142, cho\u0107 jak sam przyznaje, pocz\u0105tkowo nie by\u0142 on tak zdecydowany w tej walce. Ale potem to si\u0119 zmieni\u0142o. I to spowodowa\u0142o pewne pretensje ze strony u\u017cytkownik\u00f3w, pojawi\u0142y si\u0119 zarzuty o nadu\u017cywanie w\u0142adzy moderatorskiej. Czyli klasyk i evergreen na ka\u017cdym forum. Zawsze pojawi si\u0119 kto\u015b, kto b\u0119dzie uwa\u017ca\u0142, \u017ce \u201ekolorek\u201d namiesza\u0142 w g\u0142owie i si\u0119 nadu\u017cywa pozycji. A jak to wygl\u0105da\u0142o w omawianym przypadku? Ot\u00f3\u017c zacz\u0119\u0142a si\u0119 ta walka z wulgaryzmami, i niekt\u00f3rzy u\u017cytkownicy mieli pretensje, i\u017c dostaj\u0105 ostrze\u017cenia za s\u0142owa, kt\u00f3re wed\u0142ug nich nie s\u0105 wulgarne, albo s\u0105 \u201elekkimi\u201d przekle\u0144stwami. Problem tutaj polega\u0142 na tym, \u017ce nie ma jakiej\u015b sztywnej definicji na to, co jest wulgaryzmem \u201elekkim\u201d, a co \u201eci\u0119\u017ckim\u201d. W zasadzie ka\u017cdy ma swoj\u0105 miar\u0119 w tej kwestii. Dla jednych wulgaryzmami b\u0119d\u0105 tylko te wyrazy, kt\u00f3re telewizja cenzuruje, a dla innych nawet \u201echolera jasna\u201d b\u0119dzie uznawana jako zakazane wyra\u017cenie. I tu by\u0142 w\u0142a\u015bnie pies pogrzebany. Bo strona moderatorska by\u0142a bli\u017cej tego drugiego sposobu, natomiast u\u017cytkownicy stosowali raczej \u0142agodniejsz\u0105 zasad\u0119. Zrobi\u0142 si\u0119 z tego pewien dym, chyba nawet zacz\u0119to weryfikowa\u0107 pod tym wzgl\u0119dem teksty fanfick\u00f3w, ale tutaj do\u015b\u0107 szybko wprowadzono poprawk\u0119 do regulaminu, zezwalaj\u0105c\u0105 \u2013 oczywi\u015bcie w umiarze i wraz z zamieszczeniem odpowiedniej notki na pocz\u0105tku opowiadania \u2013 na stosowanie tych wyraz\u00f3w, kt\u00f3re w s\u0142ownikach oznacza si\u0119 jako \u201ewulg.\u201d.<\/p>\n\n\n\n<p>Z racji tych s\u0142\u00f3w posypa\u0142o si\u0119 nieco ostrze\u017ce\u0144, nie by\u0142a to jaka\u015b mo\u017ce wielka lawina, ale co\u015b wpad\u0142o. Pami\u0119tam te\u017c, \u017ce niekt\u00f3rzy zarzucali wciskanie przez moderatora swoich pogl\u0105d\u00f3w innym. Mia\u0142o si\u0119 to odbywa\u0107 w dziale \u201eNa powa\u017cnie\u201d. Z tym dzia\u0142em to te\u017c jest ciekawa sprawa. Cho\u0107 samo forum dotyczy\u0142o tak naprawd\u0119 kresk\u00f3wki dla m\u0142odzie\u017cy, to lwia cz\u0119\u015b\u0107 u\u017cytkownik\u00f3w \u0142apa\u0142a si\u0119 ju\u017c do czego\u015b, co nazywam \u201eubertargetem\u201d, czyli grup\u0105 os\u00f3b, kt\u00f3ra jest ju\u017c poza grup\u0105 docelow\u0105 danej produkcji. Wi\u0119c takie osoby nie b\u0119d\u0105 ci\u0105gle tylko o jednym na forum rozmawia\u0107, wi\u0119c utworzono ca\u0142kiem rozbudowany Hyde Park. Zreszt\u0105 na wielu fanowskich forach wielu produkcji, lepszych lub gorszych, co\u015b takiego jest praktykowane. I tam w\u0142a\u015bnie by\u0142 te\u017c dzia\u0142 \u201eNa powa\u017cnie\u201d, przeznaczony do g\u0142\u0119bszych rozwa\u017ca\u0144 i dyskusji. Przynajmniej w teorii. Chocia\u017c w praktyce te\u017c si\u0119 okazywa\u0142o \u017ce mo\u017cna tam toczy\u0107 g\u0142\u0119bokie dyskusje, z tego co teraz kojarz\u0119 to by\u0142 w\u0105tek o aborcji, o homoseksualizmie, o karze \u015bmierci, wi\u0119c do\u015b\u0107 gruby kaliber. Sam nawet za\u0142o\u017cy\u0142em temat o katastrofie pod Smole\u0144skiem, tam pad\u0142 pewien do\u015b\u0107 szalony pomys\u0142, aby pu\u015bci\u0107 do Macierewicza cynk, \u017ce za katastrof\u0119 jest odpowiedzialny Xana. Wtedy to potraktowano jako pewne science-fiction (nawet dobry pomys\u0142 na opowiadanie swoj\u0105 drog\u0105, tajemna si\u0142a powoduje katastrof\u0119 pa\u0144stwowego samolotu, a tylko 6 os\u00f3b wie, kto jest sprawc\u0105, i wszystkie z nich s\u0105 niepe\u0142noletnie \u2013 zastrzegam prawa autorskie!), jednak wtedy gdy pisz\u0119 te s\u0142owa (kwiecie\u0144 2017) to mam coraz wi\u0119ksze wra\u017cenie \u017ce kto\u015b by w to m\u00f3g\u0142 naprawd\u0119 uwierzy\u0107.<\/p>\n\n\n\n<p>OK, to wracamy do 18 lutego 2013. Wiedzia\u0142em, \u017ce co\u015b si\u0119 sta\u0142o. Nagle spostrzeg\u0142em, \u017ce otrzyma\u0142em wiadomo\u015b\u0107 na skrzynk\u0119 na forum. To by\u0142 admin naszej strony. Po nicku nie za bardzo pozna\u0142em, bo on tam dzia\u0142a\u0142 jako \u201emati19\u201d, wsp\u00f3lna by\u0142a tylko liczba, a i te\u017c za du\u017co si\u0119 tam nie udziela\u0142. Z wiadomo\u015bci dowiedzia\u0142em si\u0119, \u017ce pad\u0142 ca\u0142y serwer odpowiedzialny za obs\u0142ug\u0119 stron na darmowych domenach, a jego naprawa potrwa kilkana\u015bcie godzin. Tak naprawd\u0119 to drog\u0119 korespondencji przez forum stosowali\u015bmy tylko przez jeden dzie\u0144, bo ju\u017c nast\u0119pnego dnia admin dotar\u0142 do moich personali\u00f3w na Facebooku (spokojnie, za du\u017co tam nie ma, tylko podstawowe dane), wi\u0119c przerzucili\u015bmy si\u0119 na t\u0105 drog\u0119, kt\u00f3r\u0105 nazywa\u0142em \u201eniebiesk\u0105 lini\u0105\u201d (od koloru Facebooka). I praktycznie tak ju\u017c zacz\u0119li\u015bmy si\u0119 stale komunikowa\u0107, a tylko teksty przesy\u0142ali\u015bmy przez stron\u0119. To chyba najwygodniejsza forma komunikacji, od tego momentu mogli\u015bmy przekazywa\u0107 sobie sugestie nawet na przerwie w szkole. Sam pami\u0119tam jak kiedy\u015b na przerwie chodzi\u0142em na boisko szkolne i na parapecie zewn\u0119trznym sali gimnastycznej uzgadnia\u0142em sprawy nag\u0142\u00f3wk\u00f3w czy te\u017c inne kwestie. Ca\u0142y kryzys zwi\u0105zany z awari\u0105 strony sko\u0144czy\u0142 si\u0119 20 lutego, tego dnia wypu\u015bcili\u015bmy o\u015bwiadczenie wyja\u015bniaj\u0105ce sytuacj\u0119. Okaza\u0142o si\u0119, \u017ce ostatnia kopia danych pochodzi\u0142a z 15 lutego, wszystko co opublikowali\u015bmy po tym dniu zosta\u0142o wykasowanie. Z tego te\u017c powodu musieli\u015bmy jeszcze raz poda\u0107 te wie\u015bci, kt\u00f3re wyparowa\u0142y z racji awarii. Troch\u0119 tego by\u0142o, bo przed zepsuciem si\u0119 serwera podawali\u015bmy linki do 7 i 8 odcinka Evolution, w zasadzie przy numerze 7 by\u0142o tak, \u017ce wtedy by\u0142a pewna obsuwa z publikacj\u0105 wersji z angielskimi napisami, pojawi\u0142a si\u0119 ona dopiero 6 dni po emisji we Francji. Zwykle t\u0142umaczenie znali\u015bmy ju\u017c na drugi dzie\u0144. I tak ju\u017c by\u0142o z odcinkiem \u00f3smym.<\/p>\n\n\n\n<p>Niebieska linia by\u0142a istotna przy podj\u0119ciu pewnej wa\u017cnej decyzji o publikacji informacji niezwi\u0105zanej z naszym fandomem. Rzadko zdarza si\u0119 tak, aby strona fanowska, niezale\u017cnie czego by dotyczy\u0142a, publikowa\u0142a wie\u015b\u0107, kt\u00f3ra nie dotyczy tematyki. Praktycznie rzecz bior\u0105c to w naszym fandomie, za czas\u00f3w zanim jeszcze pracowa\u0142em na stronie, by\u0142 tylko jeden taki przypadek. 10 kwietnia 2010 \u2013 katastrofa smole\u0144ska. Wtedy na Lyokokodzie u Szympiego pojawi\u0142a si\u0119 nadzwyczajna wiadomo\u015b\u0107 o tej tragedii. W zasadzie za du\u017co nie trzeba by\u0142o pisa\u0107, wi\u0119c depesza ograniczy\u0142a si\u0119 do przedstawienia, a raczej pr\u00f3by opisania uczu\u0107 kt\u00f3re towarzyszy\u0142y Szympiemu podczas dowiadywania si\u0119 o katastrofie, do tego do\u0142o\u017cono informacj\u0119 o tym \u017ce sk\u00f3rka strony b\u0119dzie \u017ca\u0142obna, shoutbox i cz\u0119\u015b\u0107 forumowa b\u0119dzie aktywna, ale \u017caden nowy news si\u0119 nie pojawi. Gdy po chyba 6 latach, przy okazji dyskusji na temat fandomowych stron, pojawi\u0142 si\u0119 ten w\u0105tek, zastanawiali\u015bmy si\u0119 wraz z Lyokoherosem, czy przerwa w publikacji informacji jest do czego\u015b potrzebna. Wiadomo, teraz nam \u0142atwo bo patrzymy na to z pewnej perspektywy czasowej. Z jednej strony wtedy by\u0142o w zasadzie do\u015b\u0107 \u0142atwo podejmowa\u0107 takie kroki, bo kwiecie\u0144 2010 by\u0142 w fandomie okresem posuchy (w zasadzie to gdzie\u015b do 2011 wr\u0119cz by\u0142a \u201ewielka smuta\u201d w \u015bwiatowym fandomie). Nie by\u0142o wtedy odcink\u00f3w, wi\u0119c nie by\u0142o a\u017c tak wiele do podawania. Z drugiej jednak strony samo podanie informacji, szczeg\u00f3lnie je\u015bli wtedy by premierowo emitowano odcinki we Francji, nie by\u0142oby nie wiadomo jakim wyst\u0119pkiem przeciwko zarz\u0105dzeniu o \u017ca\u0142obie narodowej. Wi\u0119c gdybym wtedy kierowa\u0142 stron\u0105 to zapewne nie robi\u0142bym przerwy w publikowaniu informacji. Zw\u0142aszcza \u017ce z powodu tej decyzji informacja o powstaniu projektu pod nazw\u0105 IFSCL posz\u0142a nieco p\u00f3\u017aniej ni\u017c w \u015bwiatowym fandomie. Tam posz\u0142o to 13 kwietnia, w Polsce jaki\u015b czas potem.<\/p>\n\n\n\n<p>Okazja, na ca\u0142e szcz\u0119\u015bcie nie tragiczna, do tego by poda\u0107 informacj\u0119 nadzwyczajn\u0105, nadarzy\u0142a si\u0119 13 marca. By\u0142 to kolejny dzie\u0144 konklawe w Watykanie, spowodowane bezprecedensowym wydarzeniem \u2013 abdykacj\u0105 papie\u017ca Benedykta XVI. O samej abdykacji nie puszczali\u015bmy wie\u015bci, jednak konklawe komentowali\u015bmy na shoutboxie. 13 marca wieczorem z komina w Watykanie zacz\u0105\u0142 wydobywa\u0107 si\u0119 bia\u0142y dym, znak \u017ce nowy papie\u017c zosta\u0142 wybrany. Zacz\u0119li\u015bmy sobie o tym rozmawia\u0107 na shoutboxie, i mniej wi\u0119cej oko\u0142o 20:30, wtedy gdy ju\u017c wiedzieli\u015bmy, jak si\u0119 nazywa i jak wygl\u0105da nast\u0119pca Benedykta, admin napisa\u0142 do mnie na \u201eniebieskiej linii\u201d. Przez p\u00f3\u0142 godziny dyskutowali\u015bmy nad tym, czy pu\u015bci\u0107 informacj\u0119 o papie\u017cu Franciszku na stron\u0119. W ko\u0144cu stan\u0119\u0142o na tym, \u017ce to jest tak nadzwyczajne wydarzenie, \u017ce mo\u017cemy o nim napisa\u0107. Sporz\u0105dzi\u0142em tekst na podstawie depesz z PAPu i w\u0142oskiej agencji ANSA, admin doda\u0142 jeszcze \u015bwie\u017ce zdj\u0119cie, i o 21:15 opublikowali\u015bmy newsa. Co prawda niekt\u00f3rzy (g\u0142\u00f3wnie na Forum.CodeLyoko.pl) si\u0119 dziwili, czemu \u017ce\u015bmy to zrobili, ale argument o nadzwyczajno\u015bci i donios\u0142o\u015bci wydarzenia by\u0142 tu absolutnie wystarczaj\u0105cy.<\/p>\n","protected":false},"excerpt":{"rendered":"<p>Po tym jak na pocz\u0105tku lutego mieli\u015bmy drobne zamieszanie w kwestii emisji serialu w Polsce, przez pewien czas mieli\u015bmy praktycznie powr\u00f3t do rutynowych news\u00f3w. Na 28 lutego zapowiedziano angielsk\u0105 premier\u0119 Evolution, wi\u0119c mieli\u015bmy jeszcze czas by si\u0119 do tego przygotowa\u0107. 6 lutego odby\u0142 si\u0119 kolejny twitcam z Quentinem i Melanie, dzi\u0119ki czemu mogli\u015bmy poda\u0107 kilka &hellip;<br \/><a href=\"https:\/\/kodlyoko.pl\/index.php\/artykuly\/redaktorskie\/wspomnienia-redaktora\/rozdzial-6-linia-awaryjna\/\" class=\"more-link pen_button pen_element_default pen_icon_arrow_double\">Read more<\/a><\/p>\n","protected":false},"author":5,"featured_media":0,"parent":343,"menu_order":0,"comment_status":"open","ping_status":"closed","template":"","meta":{"footnotes":""},"categories":[24],"tags":[],"class_list":["post-359","page","type-page","status-publish","hentry","category-artykuly-wspomnienia-redaktora"],"_links":{"self":[{"href":"https:\/\/kodlyoko.pl\/index.php\/wp-json\/wp\/v2\/pages\/359","targetHints":{"allow":["GET"]}}],"collection":[{"href":"https:\/\/kodlyoko.pl\/index.php\/wp-json\/wp\/v2\/pages"}],"about":[{"href":"https:\/\/kodlyoko.pl\/index.php\/wp-json\/wp\/v2\/types\/page"}],"author":[{"embeddable":true,"href":"https:\/\/kodlyoko.pl\/index.php\/wp-json\/wp\/v2\/users\/5"}],"replies":[{"embeddable":true,"href":"https:\/\/kodlyoko.pl\/index.php\/wp-json\/wp\/v2\/comments?post=359"}],"version-history":[{"count":1,"href":"https:\/\/kodlyoko.pl\/index.php\/wp-json\/wp\/v2\/pages\/359\/revisions"}],"predecessor-version":[{"id":360,"href":"https:\/\/kodlyoko.pl\/index.php\/wp-json\/wp\/v2\/pages\/359\/revisions\/360"}],"up":[{"embeddable":true,"href":"https:\/\/kodlyoko.pl\/index.php\/wp-json\/wp\/v2\/pages\/343"}],"wp:attachment":[{"href":"https:\/\/kodlyoko.pl\/index.php\/wp-json\/wp\/v2\/media?parent=359"}],"wp:term":[{"taxonomy":"category","embeddable":true,"href":"https:\/\/kodlyoko.pl\/index.php\/wp-json\/wp\/v2\/categories?post=359"},{"taxonomy":"post_tag","embeddable":true,"href":"https:\/\/kodlyoko.pl\/index.php\/wp-json\/wp\/v2\/tags?post=359"}],"curies":[{"name":"wp","href":"https:\/\/api.w.org\/{rel}","templated":true}]}}