{"id":343,"date":"2021-04-14T15:38:43","date_gmt":"2021-04-14T15:38:43","guid":{"rendered":"http:\/\/kodlyoko.pl\/?page_id=343"},"modified":"2022-09-18T20:44:35","modified_gmt":"2022-09-18T19:44:35","slug":"wspomnienia-redaktora","status":"publish","type":"page","link":"https:\/\/kodlyoko.pl\/index.php\/artykuly\/redaktorskie\/wspomnienia-redaktora\/","title":{"rendered":"Wspomnienia redaktora"},"content":{"rendered":"\n\n<!-- Page-list plugin v.5.6 wordpress.org\/plugins\/page-list\/ -->\n<ul class=\"page-list subpages-page-list page-list-cols-2\">\n<li class=\"page_item page-item-347\"><a href=\"https:\/\/kodlyoko.pl\/index.php\/artykuly\/redaktorskie\/wspomnienia-redaktora\/rozdzial-1-prehistoria-oraz-pierwsza-depesza\/\">Rozdzia\u0142 1 \u2013  Prehistoria oraz pierwsza depesza<\/a><\/li>\n<li class=\"page_item page-item-350\"><a href=\"https:\/\/kodlyoko.pl\/index.php\/artykuly\/redaktorskie\/wspomnienia-redaktora\/rozdzial-2-pol-miesiaca-wspolpracy\/\">Rozdzia\u0142 2 \u2013 P\u00f3\u0142 miesi\u0105ca wsp\u00f3\u0142pracy<\/a><\/li>\n<li class=\"page_item page-item-353\"><a href=\"https:\/\/kodlyoko.pl\/index.php\/artykuly\/redaktorskie\/wspomnienia-redaktora\/rozdzial-3-sztuka-informacji\/\">Rozdzia\u0142 3 \u2013 Sztuka informacji<\/a><\/li>\n<li class=\"page_item page-item-355\"><a href=\"https:\/\/kodlyoko.pl\/index.php\/artykuly\/redaktorskie\/wspomnienia-redaktora\/rozdzial-4-delikatna-rutyna\/\">Rozdzia\u0142 4 \u2013 Delikatna rutyna<\/a><\/li>\n<li class=\"page_item page-item-357\"><a href=\"https:\/\/kodlyoko.pl\/index.php\/artykuly\/redaktorskie\/wspomnienia-redaktora\/rozdzial-5-jedna-jaskolka-wojny-nie-czyni\/\">Rozdzia\u0142 5 \u2013 Jedna jask\u00f3\u0142ka wojny nie czyni\u2026<\/a><\/li>\n<li class=\"page_item page-item-359\"><a href=\"https:\/\/kodlyoko.pl\/index.php\/artykuly\/redaktorskie\/wspomnienia-redaktora\/rozdzial-6-linia-awaryjna\/\">Rozdzia\u0142 6 \u2013 Linia awaryjna<\/a><\/li>\n<li class=\"page_item page-item-361\"><a href=\"https:\/\/kodlyoko.pl\/index.php\/artykuly\/redaktorskie\/wspomnienia-redaktora\/rozdzial-7-spor-o-ewolucje\/\">Rozdzia\u0142 7 \u2013 Sp\u00f3r o Ewolucj\u0119<\/a><\/li>\n<li class=\"page_item page-item-363\"><a href=\"https:\/\/kodlyoko.pl\/index.php\/artykuly\/redaktorskie\/wspomnienia-redaktora\/rozdzial-8-wielkanoc-w-redakcji\/\">Rozdzia\u0142 8 \u2013 Wielkanoc w redakcji<\/a><\/li>\n<li class=\"page_item page-item-365\"><a href=\"https:\/\/kodlyoko.pl\/index.php\/artykuly\/redaktorskie\/wspomnienia-redaktora\/rozdzial-9-okrutne-zarty\/\">Rozdzia\u0142 9 \u2013 Okrutne \u017carty<\/a><\/li>\n<li class=\"page_item page-item-367\"><a href=\"https:\/\/kodlyoko.pl\/index.php\/artykuly\/redaktorskie\/wspomnienia-redaktora\/rozdzial-10-lyoko-w-eterze\/\">Rozdzia\u0142 10 \u2013 Lyoko w eterze<\/a><\/li>\n<li class=\"page_item page-item-369\"><a href=\"https:\/\/kodlyoko.pl\/index.php\/artykuly\/redaktorskie\/wspomnienia-redaktora\/rozdzial-11-lamanie-monopolu\/\">Rozdzia\u0142 11 \u2013 \u0141amanie monopolu<\/a><\/li>\n<li class=\"page_item page-item-371\"><a href=\"https:\/\/kodlyoko.pl\/index.php\/artykuly\/redaktorskie\/wspomnienia-redaktora\/rozdzial-12-roszady-ramowkowe\/\">Rozdzia\u0142 12 \u2013 Roszady ram\u00f3wkowe<\/a><\/li>\n<li class=\"page_item page-item-373\"><a href=\"https:\/\/kodlyoko.pl\/index.php\/artykuly\/redaktorskie\/wspomnienia-redaktora\/rozdzial-13-ci-ktorzy-probowali-nas-zniszczyc\/\">Rozdzia\u0142 13 \u2013 Ci, kt\u00f3rzy pr\u00f3bowali nas zniszczy\u0107<\/a><\/li>\n<li class=\"page_item page-item-375\"><a href=\"https:\/\/kodlyoko.pl\/index.php\/artykuly\/redaktorskie\/wspomnienia-redaktora\/rozdzial-14-lato-bez-ogorkow-albo-jak-wkurzyc-francuzow\/\">Rozdzia\u0142 14 \u2013 Lato bez og\u00f3rk\u00f3w (albo jak wkurzy\u0107 Francuz\u00f3w)<\/a><\/li>\n\n<\/ul>\n","protected":false},"excerpt":{"rendered":"","protected":false},"author":5,"featured_media":0,"parent":3391,"menu_order":0,"comment_status":"closed","ping_status":"closed","template":"","meta":{"footnotes":""},"categories":[24],"tags":[],"class_list":["post-343","page","type-page","status-publish","hentry","category-artykuly-wspomnienia-redaktora"],"_links":{"self":[{"href":"https:\/\/kodlyoko.pl\/index.php\/wp-json\/wp\/v2\/pages\/343","targetHints":{"allow":["GET"]}}],"collection":[{"href":"https:\/\/kodlyoko.pl\/index.php\/wp-json\/wp\/v2\/pages"}],"about":[{"href":"https:\/\/kodlyoko.pl\/index.php\/wp-json\/wp\/v2\/types\/page"}],"author":[{"embeddable":true,"href":"https:\/\/kodlyoko.pl\/index.php\/wp-json\/wp\/v2\/users\/5"}],"replies":[{"embeddable":true,"href":"https:\/\/kodlyoko.pl\/index.php\/wp-json\/wp\/v2\/comments?post=343"}],"version-history":[{"count":2,"href":"https:\/\/kodlyoko.pl\/index.php\/wp-json\/wp\/v2\/pages\/343\/revisions"}],"predecessor-version":[{"id":345,"href":"https:\/\/kodlyoko.pl\/index.php\/wp-json\/wp\/v2\/pages\/343\/revisions\/345"}],"up":[{"embeddable":true,"href":"https:\/\/kodlyoko.pl\/index.php\/wp-json\/wp\/v2\/pages\/3391"}],"wp:attachment":[{"href":"https:\/\/kodlyoko.pl\/index.php\/wp-json\/wp\/v2\/media?parent=343"}],"wp:term":[{"taxonomy":"category","embeddable":true,"href":"https:\/\/kodlyoko.pl\/index.php\/wp-json\/wp\/v2\/categories?post=343"},{"taxonomy":"post_tag","embeddable":true,"href":"https:\/\/kodlyoko.pl\/index.php\/wp-json\/wp\/v2\/tags?post=343"}],"curies":[{"name":"wp","href":"https:\/\/api.w.org\/{rel}","templated":true}]}}