{"id":3389,"date":"2022-09-18T20:17:45","date_gmt":"2022-09-18T19:17:45","guid":{"rendered":"https:\/\/kodlyoko.pl\/?page_id=3389"},"modified":"2022-09-18T20:22:52","modified_gmt":"2022-09-18T19:22:52","slug":"serie","status":"publish","type":"page","link":"https:\/\/kodlyoko.pl\/index.php\/artykuly\/opowiadania\/serie\/","title":{"rendered":"Serie"},"content":{"rendered":"\n\n<!-- Page-list plugin v.5.6 wordpress.org\/plugins\/page-list\/ -->\n<ul class=\"page-list subpages-page-list page-list-cols-2\">\n<li class=\"page_item page-item-4264 page_item_has_children\"><a href=\"https:\/\/kodlyoko.pl\/index.php\/artykuly\/opowiadania\/serie\/niewinny-wirus\/\">(Nie)Winny Wirus &#8211; cz\u0119\u015b\u0107 druga: Chaos<\/a><\/li>\n<li class=\"page_item page-item-454 page_item_has_children\"><a href=\"https:\/\/kodlyoko.pl\/index.php\/artykuly\/opowiadania\/serie\/aurora\/\">Aurora<\/a><\/li>\n<li class=\"page_item page-item-203 page_item_has_children\"><a href=\"https:\/\/kodlyoko.pl\/index.php\/artykuly\/opowiadania\/serie\/bez-lyoko-czyli-zycie-tylko-w-realu\/\">Bez Lyoko, czyli \u017cycie tylko w realu<\/a><\/li>\n<li class=\"page_item page-item-4382 page_item_has_children\"><a href=\"https:\/\/kodlyoko.pl\/index.php\/artykuly\/opowiadania\/serie\/code-lyoko-overpowered\/\">Code Lyoko: Overpowered<\/a><\/li>\n<li class=\"page_item page-item-544 page_item_has_children\"><a href=\"https:\/\/kodlyoko.pl\/index.php\/artykuly\/opowiadania\/serie\/cyfrowe-urywki\/\">Cyfrowe urywki<\/a><\/li>\n<li class=\"page_item page-item-1394 page_item_has_children\"><a href=\"https:\/\/kodlyoko.pl\/index.php\/artykuly\/opowiadania\/serie\/fake-love\/\">Fake Love<\/a><\/li>\n<li class=\"page_item page-item-467 page_item_has_children\"><a href=\"https:\/\/kodlyoko.pl\/index.php\/artykuly\/opowiadania\/serie\/inny-swiat\/\">Inny \u015bwiat<\/a><\/li>\n<li class=\"page_item page-item-4372 page_item_has_children\"><a href=\"https:\/\/kodlyoko.pl\/index.php\/artykuly\/opowiadania\/serie\/kod-lyoko-nowe-rozdanie\/\">Kod Lyoko: Nowe rozdanie<\/a><\/li>\n<li class=\"page_item page-item-3357 page_item_has_children\"><a href=\"https:\/\/kodlyoko.pl\/index.php\/artykuly\/opowiadania\/serie\/krolewskie-porachunki\/\">Kr\u00f3lewskie Porachunki<\/a><\/li>\n<li class=\"page_item page-item-3449 page_item_has_children\"><a href=\"https:\/\/kodlyoko.pl\/index.php\/artykuly\/opowiadania\/serie\/krucza-brama\/\">Krucza Brama<\/a><\/li>\n<li class=\"page_item page-item-3636 page_item_has_children\"><a href=\"https:\/\/kodlyoko.pl\/index.php\/artykuly\/opowiadania\/serie\/lyoko-i-dalej\/\">Lyoko i dalej<\/a><\/li>\n<li class=\"page_item page-item-4256 page_item_has_children\"><a href=\"https:\/\/kodlyoko.pl\/index.php\/artykuly\/opowiadania\/serie\/lowca-i-ofiara\/\">\u0141owca i Ofiara<\/a><\/li>\n<li class=\"page_item page-item-426 page_item_has_children\"><a href=\"https:\/\/kodlyoko.pl\/index.php\/artykuly\/opowiadania\/serie\/powiedz-im-ze-wciaz-zyje\/\">Powiedz im, \u017ce wci\u0105\u017c \u017cyj\u0119<\/a><\/li>\n<li class=\"page_item page-item-3970 page_item_has_children\"><a href=\"https:\/\/kodlyoko.pl\/index.php\/artykuly\/opowiadania\/serie\/powstan-obronco\/\">Powsta\u0144, Obro\u0144co<\/a><\/li>\n<li class=\"page_item page-item-582 page_item_has_children\"><a href=\"https:\/\/kodlyoko.pl\/index.php\/artykuly\/opowiadania\/serie\/projekt-golebie\/\">Projekt: Go\u0142\u0119bie<\/a><\/li>\n<li class=\"page_item page-item-518 page_item_has_children\"><a href=\"https:\/\/kodlyoko.pl\/index.php\/artykuly\/opowiadania\/serie\/rajski-ogrod\/\">Rajski Ogr\u00f3d<\/a><\/li>\n<li class=\"page_item page-item-3762 page_item_has_children\"><a href=\"https:\/\/kodlyoko.pl\/index.php\/artykuly\/opowiadania\/serie\/sekrety\/\">Sekrety<\/a><\/li>\n<li class=\"page_item page-item-436 page_item_has_children\"><a href=\"https:\/\/kodlyoko.pl\/index.php\/artykuly\/opowiadania\/serie\/siodma-ofiara\/\">Si\u00f3dma Ofiara<\/a><\/li>\n<li class=\"page_item page-item-442 page_item_has_children\"><a href=\"https:\/\/kodlyoko.pl\/index.php\/artykuly\/opowiadania\/serie\/spotkanie-po-latach\/\">Spotkanie po latach<\/a><\/li>\n<li class=\"page_item page-item-4063 page_item_has_children\"><a href=\"https:\/\/kodlyoko.pl\/index.php\/artykuly\/opowiadania\/serie\/valaryn-shattered-heavens\/\">Valaryn: Shattered Heavens<\/a><\/li>\n<li class=\"page_item page-item-3292 page_item_has_children\"><a href=\"https:\/\/kodlyoko.pl\/index.php\/artykuly\/opowiadania\/serie\/wiedzma-srebrnego-plomienia\/\">Wied\u017ama Srebrnego P\u0142omienia<\/a><\/li>\n<li class=\"page_item page-item-2821 page_item_has_children\"><a href=\"https:\/\/kodlyoko.pl\/index.php\/artykuly\/opowiadania\/serie\/wsparcie\/\">Wsparcie<\/a><\/li>\n<li class=\"page_item page-item-2836 page_item_has_children\"><a href=\"https:\/\/kodlyoko.pl\/index.php\/artykuly\/opowiadania\/serie\/wspomnienie\/\">Wspomnienie<\/a><\/li>\n\n<\/ul>\n","protected":false},"excerpt":{"rendered":"","protected":false},"author":1,"featured_media":0,"parent":3385,"menu_order":0,"comment_status":"closed","ping_status":"closed","template":"","meta":{"footnotes":""},"categories":[],"tags":[],"class_list":["post-3389","page","type-page","status-publish","hentry"],"_links":{"self":[{"href":"https:\/\/kodlyoko.pl\/index.php\/wp-json\/wp\/v2\/pages\/3389","targetHints":{"allow":["GET"]}}],"collection":[{"href":"https:\/\/kodlyoko.pl\/index.php\/wp-json\/wp\/v2\/pages"}],"about":[{"href":"https:\/\/kodlyoko.pl\/index.php\/wp-json\/wp\/v2\/types\/page"}],"author":[{"embeddable":true,"href":"https:\/\/kodlyoko.pl\/index.php\/wp-json\/wp\/v2\/users\/1"}],"replies":[{"embeddable":true,"href":"https:\/\/kodlyoko.pl\/index.php\/wp-json\/wp\/v2\/comments?post=3389"}],"version-history":[{"count":1,"href":"https:\/\/kodlyoko.pl\/index.php\/wp-json\/wp\/v2\/pages\/3389\/revisions"}],"predecessor-version":[{"id":3390,"href":"https:\/\/kodlyoko.pl\/index.php\/wp-json\/wp\/v2\/pages\/3389\/revisions\/3390"}],"up":[{"embeddable":true,"href":"https:\/\/kodlyoko.pl\/index.php\/wp-json\/wp\/v2\/pages\/3385"}],"wp:attachment":[{"href":"https:\/\/kodlyoko.pl\/index.php\/wp-json\/wp\/v2\/media?parent=3389"}],"wp:term":[{"taxonomy":"category","embeddable":true,"href":"https:\/\/kodlyoko.pl\/index.php\/wp-json\/wp\/v2\/categories?post=3389"},{"taxonomy":"post_tag","embeddable":true,"href":"https:\/\/kodlyoko.pl\/index.php\/wp-json\/wp\/v2\/tags?post=3389"}],"curies":[{"name":"wp","href":"https:\/\/api.w.org\/{rel}","templated":true}]}}