{"id":3375,"date":"2022-09-08T12:04:22","date_gmt":"2022-09-08T11:04:22","guid":{"rendered":"https:\/\/kodlyoko.pl\/?page_id=3375"},"modified":"2022-09-08T12:05:39","modified_gmt":"2022-09-08T11:05:39","slug":"czlowiek-przeciwko-naturze","status":"publish","type":"page","link":"https:\/\/kodlyoko.pl\/index.php\/artykuly\/opowiadania\/serie\/cyfrowe-urywki\/czlowiek-przeciwko-naturze\/","title":{"rendered":"Cz\u0142owiek przeciwko naturze"},"content":{"rendered":"\n<p><strong>21 marca<\/strong><\/p>\n\n\n\n<p>Spogl\u0105dam beztrosko przez kuchenne okno. Obok mnie stoi kubek kawy. Czuj\u0119 zapach \u015bwie\u017co zmielonych ziaren od magicznego napoju, kt\u00f3ry zawsze potrafi mi zmieni\u0107 nawet najgorszy humor.<\/p>\n\n\n\n<p>Z okna widz\u0119 zielone drzewo, kt\u00f3re cz\u0119\u015bciowo zas\u0142ania budynek szko\u0142y podstawowej. Dzieci beztrosko sp\u0119dzaj\u0105 wolny czas. Dziewczynki graj\u0105 w klasy, ch\u0142opcy w pi\u0142k\u0119 no\u017cn\u0105, a nauczycielka w o\u0142\u00f3wkowej sp\u00f3dnicy i surowych okularach pilnuje swoich podopiecznych.<\/p>\n\n\n\n<p>Drzewo jest do\u015b\u0107 du\u017ce \u2013 widz\u0119 jego czubek, mieszkaj\u0105c na pierwszym pi\u0119trze. Jakie\u015b ptaki uwi\u0142y sobie na nim pot\u0119\u017cne gniazdo. Ale \u017ce nikt nie chce si\u0119 go pozby\u0107? Nawet ta s\u0105siadka maj\u0105ca wrednego kota, kt\u00f3ry non stop l\u0105duje na moim balkonie? Dziwne.<\/p>\n\n\n\n<p><em>A drzewo przy szkole nadal zielone.<\/em><\/p>\n\n\n\n<p><strong>21 czerwca<\/strong><\/p>\n\n\n\n<p>Wracam z kolejnego, udanego w tym sezonie spotkania. Wszystko zosta\u0142o ju\u017c podpisane, a za miesi\u0105c wyje\u017cd\u017cam w delegacj\u0119! Czy pi\u0119kniej by\u0107 nie mo\u017ce?<\/p>\n\n\n\n<p>Zatrzymuj\u0119 si\u0119 przy drzewie i spogl\u0105dam na boisko. Stoi sze\u015b\u0107 klas. Wszystkie r\u00f3wnie ustawione, co do centymetra. Jedyne, co wyr\u00f3\u017cnia wszystkie dzieci to fakt, \u017ce ch\u0142opcy maj\u0105 czarne spodnie, a dziewczynki \u2013 sp\u00f3dniczki. Z ty\u0142u stoj\u0105 rodzice, dumne ze swoich pociech.<\/p>\n\n\n\n<p>Dwa miesi\u0105ce ciszy. Niekt\u00f3rych pewnie z tego osiedla to ucieszy. Szkoda. Mi\u0142o by\u0142o spojrze\u0107 na szcz\u0119\u015bliwe maluchy bawi\u0105ce si\u0119 razem. Takie niewinne i szcz\u0119\u015bliwe, gdy nie musz\u0105 si\u0119 uczy\u0107 niepotrzebnych dla nich rzeczy.<\/p>\n\n\n\n<p><em>A drzewo przy szkole nadal zielone.<\/em><\/p>\n\n\n\n<p><strong>23 wrze\u015bnia<\/strong><\/p>\n\n\n\n<p>Ci\u0119\u017cko jest przedstawi\u0107 si\u0119 na jesie\u0144, gdy w innym kraju letnie ubrania oraz s\u0105dzenie kolorowych drink\u00f3w to codzienno\u015b\u0107. Wyjazd dobrze mi zrobi\u0142. Ile mo\u017cna non stop siedzie\u0107 na spotkaniach, czy konferencjach.<\/p>\n\n\n\n<p>Wychodz\u0119 do piekarni, kt\u00f3ra jest dwie przecznice dalej. Na boisku nikogo nie ma, jakby ca\u0142a szko\u0142a podstawowa wyruszy\u0142a w tryb intensywnej nauki. My\u015bla\u0142am, \u017ce chocia\u017c spojrz\u0119 na narysowane przez dziewczynki linie do klas\u00f3w, albo pi\u0142k\u0119 przy jednej z dw\u00f3ch bramek. A tutaj pustka.<\/p>\n\n\n\n<p>St\u0105pam po kruchych li\u015bciach. Ka\u017cdy wydaje zupe\u0142nie inny d\u017awi\u0119k. Szary chodnik wzbogaci\u0142 si\u0119 o elementy czerwieni, \u017c\u00f3\u0142tego, br\u0105zowego, a nawet i pomara\u0144czowego.<\/p>\n\n\n\n<p><em>A drzewo przy szkole nadal zielone.<\/em><\/p>\n\n\n\n<p><strong>22 grudnia<\/strong><\/p>\n\n\n\n<p>To ju\u017c m\u00f3j ostatni dzie\u0144 tutaj. Praca? Brak \u2013 upad\u0142a firma nadal nie zdj\u0119\u0142a wszystkich swoich bilboard\u00f3w. Mieszkanie sprzedane, jedynie czekam na nowych lokator\u00f3w, aby im podarowa\u0107 klucze.<\/p>\n\n\n\n<p>Pij\u0119 po raz ostatni kaw\u0119. Tym razem na dworze. Spogl\u0105dam przed siebie.<\/p>\n\n\n\n<p>Szko\u0142y ju\u017c nie ma. S\u0105 jedynie powybijane szyby i kilka nieposprz\u0105tanych gruz\u00f3w. Bramki s\u0105 zniszczone, a ewentualnie narysowane kred\u0105 klasy przykry\u0142 bia\u0142y puch.<\/p>\n\n\n\n<p>Przeje\u017cd\u017caj\u0105 samochody, w kt\u00f3rym kol\u0119dy s\u0105 wr\u0119cz powtarzalne. Ci\u0119\u017cko a\u017c zliczy\u0107, ile razy s\u0142yszeli je mieszka\u0144cy. Dooko\u0142a l\u00f3d gra na przemian ze \u015bniegiem.<\/p>\n\n\n\n<p>&#8211; Jak ty to robisz?<\/p>\n\n\n\n<p>Przechodz\u0119 przez ulicy do drzewa. Przybijam do niego cztery zdj\u0119cia. Naprzeciwko dawnego mieszkania obecna fotografia.<\/p>\n\n\n\n<p>Po lewej wiosna.<\/p>\n\n\n\n<p>Z ty\u0142u zima.<\/p>\n\n\n\n<p>Po prawej jesie\u0144.<\/p>\n\n\n\n<p>S\u0142ysz\u0119 klakson. Przyjechali. Po raz ostatni g\u0142adz\u0119 powierzchni\u0119 ogromnej ro\u015bliny. Przez r\u0119kawiczk\u0119 czuj\u0119 chropowato\u015b\u0107 otulon\u0105 czyj\u0105\u015b d\u0142oni\u0105. Tylko czyj\u0105?<\/p>\n\n\n\n<p><em>A drzewo przy szkole nadal zielone.<\/em><\/p>\n\n\n\n<p><strong>21 marca<\/strong><\/p>\n\n\n\n<p>Prawa strona ulicy jest zaprojektowana przez Eugeniusza Geta-Stankiewicza<sup>[1]<\/sup>. Taka nowoczesna i awangardowa.<\/p>\n\n\n\n<p>Lewa strona wygl\u0105da, jakby po Festung Breslau nikt si\u0119 ni\u0105 nie zainteresowa\u0142. Upad\u0142a cz\u0119\u015b\u0107 tego miasta.<\/p>\n\n\n\n<p><em>A drzewo przy szkole nadal zielone.<\/em><\/p>\n\n\n\n<p><\/p>\n\n\n\n<p><em>Autorka: Azize<\/em><\/p>\n\n\n\n<p><em>&#8212;&#8212;&#8212;&#8212;&#8212;&#8212;&#8212;&#8212;&#8212;&#8212;&#8212;&#8212;&#8212;&#8212;&#8212;&#8212;&#8212;&#8212;&#8212;&#8212;&#8212;&#8212;&#8212;&#8212;&#8212;&#8212;&#8212;&#8212;&#8212;&#8212;&#8212;&#8212;&#8212;&#8212;&#8212;&#8212;&#8212;&#8212;&#8212;&#8212;&#8211;<\/em><\/p>\n\n\n\n<p><strong>[1]<\/strong> Eugeniusz Get-Stankiewicz \u2013 grafik i rze\u017abiarz, tw\u00f3rca m.in. \u201eDomku Miedziorytnika\u201d przy kamieniczce \u201eJa\u015b\u201d we Wroc\u0142awiu. Pochowany na Cmentarzu Osobowickim.<\/p>\n","protected":false},"excerpt":{"rendered":"<p>21 marca Spogl\u0105dam beztrosko przez kuchenne okno. Obok mnie stoi kubek kawy. Czuj\u0119 zapach \u015bwie\u017co zmielonych ziaren od magicznego napoju, kt\u00f3ry zawsze potrafi mi zmieni\u0107 nawet najgorszy humor. Z okna widz\u0119 zielone drzewo, kt\u00f3re cz\u0119\u015bciowo zas\u0142ania budynek szko\u0142y podstawowej. Dzieci beztrosko sp\u0119dzaj\u0105 wolny czas. Dziewczynki graj\u0105 w klasy, ch\u0142opcy w pi\u0142k\u0119 no\u017cn\u0105, a nauczycielka w &hellip;<br \/><a href=\"https:\/\/kodlyoko.pl\/index.php\/artykuly\/opowiadania\/serie\/cyfrowe-urywki\/czlowiek-przeciwko-naturze\/\" class=\"more-link pen_button pen_element_default pen_icon_arrow_double\">Read more<\/a><\/p>\n","protected":false},"author":4,"featured_media":0,"parent":544,"menu_order":0,"comment_status":"open","ping_status":"closed","template":"","meta":{"footnotes":""},"categories":[37],"tags":[],"class_list":["post-3375","page","type-page","status-publish","hentry","category-artykuly-cyfrowe-urywki"],"_links":{"self":[{"href":"https:\/\/kodlyoko.pl\/index.php\/wp-json\/wp\/v2\/pages\/3375","targetHints":{"allow":["GET"]}}],"collection":[{"href":"https:\/\/kodlyoko.pl\/index.php\/wp-json\/wp\/v2\/pages"}],"about":[{"href":"https:\/\/kodlyoko.pl\/index.php\/wp-json\/wp\/v2\/types\/page"}],"author":[{"embeddable":true,"href":"https:\/\/kodlyoko.pl\/index.php\/wp-json\/wp\/v2\/users\/4"}],"replies":[{"embeddable":true,"href":"https:\/\/kodlyoko.pl\/index.php\/wp-json\/wp\/v2\/comments?post=3375"}],"version-history":[{"count":1,"href":"https:\/\/kodlyoko.pl\/index.php\/wp-json\/wp\/v2\/pages\/3375\/revisions"}],"predecessor-version":[{"id":3376,"href":"https:\/\/kodlyoko.pl\/index.php\/wp-json\/wp\/v2\/pages\/3375\/revisions\/3376"}],"up":[{"embeddable":true,"href":"https:\/\/kodlyoko.pl\/index.php\/wp-json\/wp\/v2\/pages\/544"}],"wp:attachment":[{"href":"https:\/\/kodlyoko.pl\/index.php\/wp-json\/wp\/v2\/media?parent=3375"}],"wp:term":[{"taxonomy":"category","embeddable":true,"href":"https:\/\/kodlyoko.pl\/index.php\/wp-json\/wp\/v2\/categories?post=3375"},{"taxonomy":"post_tag","embeddable":true,"href":"https:\/\/kodlyoko.pl\/index.php\/wp-json\/wp\/v2\/tags?post=3375"}],"curies":[{"name":"wp","href":"https:\/\/api.w.org\/{rel}","templated":true}]}}