{"id":3364,"date":"2022-08-09T18:22:43","date_gmt":"2022-08-09T17:22:43","guid":{"rendered":"https:\/\/kodlyoko.pl\/?page_id=3364"},"modified":"2022-10-14T19:29:36","modified_gmt":"2022-10-14T18:29:36","slug":"rozdzial-35","status":"publish","type":"page","link":"https:\/\/kodlyoko.pl\/index.php\/artykuly\/opowiadania\/serie\/bez-lyoko-czyli-zycie-tylko-w-realu\/rozdzial-35\/","title":{"rendered":"Rozdzia\u0142 35"},"content":{"rendered":"\n<p class=\"has-drop-cap\">Pok\u00f3j Aelity trzeba by\u0142o nieco przearan\u017cowa\u0107 na przybycie nowej lokatorki. Na szcz\u0119\u015bcie nie by\u0142o z tym problemu, wi\u0119c Monica nie musia\u0142a si\u0119 obawia\u0107, \u017ce b\u0119dzie spa\u0107 na pod\u0142odze. W\u0142a\u015bnie sta\u0142a w swoim nowym lokum wraz z Aelit\u0105 oraz Jimem, kt\u00f3ry wni\u00f3s\u0142 baga\u017ce i zamierza\u0142 wyt\u0142umaczy\u0107 nowej uczennicy zasady panuj\u0105ce w Zespole Szk\u00f3\u0142 Kadic.<\/p>\n\n\n\n<p>&#8211; Pos\u0142uchaj, panno Calliente. Jeste\u015b tu nowa, wi\u0119c warto, aby\u015b wiedzia\u0142a o kilku sprawach. \u015aniadania s\u0105 o 7:30, kolacje o 19:00, za\u015b obiad\u2026 &#8211; nauczyciel spojrza\u0142 na zegarek. &#8211; Obiad za kwadrans. W pokojach nie wolno przebywa\u0107 podczas trwania lekcji. Cisza nocna o 22:00. I teraz najwa\u017cniejsza zasada, fundamentalna, absolutnie \u2013 tu podni\u00f3s\u0142 palec wskazuj\u0105cy prawej r\u0119ki \u2013 nie wolno jej \u0142ama\u0107. To jest pi\u0119tro dziewczyn. Ch\u0142opcy s\u0105 na g\u00f3rze. Po 22:00 kategorycznie zabronione jest przebywanie dziewczyn na pi\u0119trze ch\u0142opc\u00f3w i ch\u0142opc\u00f3w na pi\u0119trze dziewczyn.<\/p>\n\n\n\n<p>R\u00f3\u017cowow\u0142osa powstrzymywa\u0142a si\u0119, \u017ceby nie parskn\u0105\u0107 \u015bmiechem, gdy\u017c wiedzia\u0142a, \u017ce ten przepis uczniowie \u0142ami\u0105 przynajmniej tak cz\u0119sto, jak rz\u0105d pa\u0144stwa, w kt\u00f3rym mieszka babcia Ulricha, \u0142amie konstytucj\u0119.<\/p>\n\n\n\n<p>&#8211; O innych sprawach opowie ci panna Stones, ale jakby\u015b czego\u015b potrzebowa\u0142a, to b\u0119d\u0119 w swoim gabinecie na parterze \u2013 Jim stan\u0105\u0142 z u\u015bmiechem na ustach i wyci\u0105gn\u0105\u0142 praw\u0105 d\u0142o\u0144, jakby oczekuj\u0105c, \u017ce co\u015b w ni\u0105 dostanie. Dziewczyny spojrza\u0142y na niego ze zdziwieniem.<\/p>\n\n\n\n<p>&#8211; Yyy, Jim? Co ty robisz? &#8211; spyta\u0142a Aelita.<\/p>\n\n\n\n<p>&#8211; No&#8230;eee..ja\u2026 &#8211; wuefista zorientowa\u0142 si\u0119 i szybko schowa\u0142 d\u0142o\u0144, nieco si\u0119 pesz\u0105c. &#8211; Po prostu jak te walizki tu nosi\u0142em, to mi si\u0119 przypomnia\u0142o jak kiedy\u015b, b\u0119d\u0105c jeszcze na studiach, pracowa\u0142em jako boy hotelowy.<\/p>\n\n\n\n<p>&#8211; To ciekawe. A w kt\u00f3rym hotelu?<\/p>\n\n\n\n<p>&#8211; Wiesz, wola\u0142bym o tym nie m\u00f3wi\u0107\u2026<\/p>\n\n\n\n<p>Jim zostawi\u0142 dziewczyny same w swoim pokoju.<\/p>\n\n\n\n<p>&#8211; Nie przejmuj si\u0119, Monica. On tak zawsze \u2013 zapewni\u0142a now\u0105 kole\u017cank\u0119 Aelita. &#8211; Jim jest pocieszny i chwilami troch\u0119 g\u0142upi, ale nigdy nikomu krzywdy nie zrobi\u0142.<\/p>\n\n\n\n<p>Ca\u0142a paczka wraz z Monic\u0105, kt\u00f3ra przysiad\u0142a si\u0119 do stolika, zaproszona przez r\u00f3zowow\u0142os\u0105, jad\u0142a obiad. By\u0142a to jednocze\u015bnie dobra okazja do tego, by zapozna\u0107 przybyszk\u0119 z Italii ze zwyczajami panuj\u0105cymi w Kadic i przestrzec przed ewentualnymi niebezpiecze\u0144stwami. Nie chodzi\u0142o tu oczywi\u015bcie o co\u015b w rodzaju \u201ebezpiecze\u0144stwa i higieny pracy\u201d, ale o bardziej praktyczne sprawy.<\/p>\n\n\n\n<p>&#8211; Uwa\u017caj na Sissi \u2013 powiedzia\u0142 Odd mi\u0119dzy jednym a drugim k\u0119sem pol\u0119dwiczki z kurczaka. &#8211; To ta w czarnych, do\u015b\u0107 d\u0142ugich w\u0142osach. Zawsze ma przy sobie dw\u00f3ch ma\u0142o rozgarni\u0119tych go\u015bci: Herve\u2019a i Nicolasa, dlatego \u0142atwo pozna\u0107, \u017ce to ona idzie.<\/p>\n\n\n\n<p>&#8211; A czemu na ni\u0105 nale\u017cy uwa\u017ca\u0107, co\u015b z ni\u0105 nie tak? &#8211; zapyta\u0142a W\u0142oszka.<\/p>\n\n\n\n<p>&#8211; I to jeszcze jak! Ona jest bardzo g\u0142upia i naiwna, ma m\u00f3zg wielko\u015bci orzeszka ziemnego, a do tego jak si\u0119 uczepi, to potrafi by\u0107 zwyczajn\u0105 wredn\u0105 suk\u0105. Ulrich wie co\u015b o tym.<\/p>\n\n\n\n<p>Niemiec kiwn\u0105\u0142 g\u0142ow\u0105.<\/p>\n\n\n\n<p>&#8211; Tyle lat, a ona sobie nie mo\u017ce odpu\u015bci\u0107\u2026<\/p>\n\n\n\n<p>Jeremie doda\u0142:<\/p>\n\n\n\n<p>&#8211; W og\u00f3le to nie wiem czy wiesz, czy dyrektor ci to ju\u017c zd\u0105\u017cy\u0142 powiedzie\u0107, ale b\u0119dziemy mie\u0107 nowy regulamin, mundurki i og\u00f3lnie tu si\u0119 pozmienia, tak wi\u0119c nie wiem, czy ci si\u0119 to spodoba\u2026<\/p>\n\n\n\n<p>&#8211; C\u00f3\u017c, w pewnych sprawach mo\u017ce by\u0107 trudno, ceni\u0119 sobie niezale\u017cno\u015b\u0107 w wyborach, nawet je\u015bli chodzi o ubi\u00f3r czy makija\u017c, ale zobaczymy, jak to b\u0119dzie wygl\u0105da\u0107 \u2013 odpowiedzia\u0142a z u\u015bmiechem Monica.<\/p>\n\n\n\n<p>Yumi, dot\u0105d jedz\u0105ca w milczeniu, postanowi\u0142a do\u0142\u0105czy\u0107 si\u0119 do rozmowy, co mia\u0142o jej pom\u00f3c zaj\u0105\u0107 my\u015bli cho\u0107by przez chwil\u0119 czym\u015b innym ni\u017c swoje problemy rodzinne:<\/p>\n\n\n\n<p>&#8211; Jak si\u0119 tutaj znalaz\u0142a\u015b?<\/p>\n\n\n\n<p>W\u0142oszka zwr\u00f3ci\u0142a si\u0119 g\u0142ow\u0105 do Japonki:<\/p>\n\n\n\n<p>&#8211; Generalnie to od urodzenia mieszka\u0142am we W\u0142oszech, dok\u0142adniej w Toskanii. Ale kilka miesi\u0119cy temu moi rodzice dostali atrakcyjn\u0105 ofert\u0119 pracy w\u0142a\u015bnie tutaj, a wiecie, jak to teraz jest, trzeba bra\u0107 okazje, p\u00f3ki si\u0119 zdarza. Wi\u0119ksze zarobki, lepsze warunki, wi\u0119c ta przeprowadzka by\u0142a nieco przymusowa. Na szcz\u0119\u015bcie znam nieco te tereny, bo ca\u0142kiem niedaleko mieszka tutaj moja kuzynka.<\/p>\n\n\n\n<p>&#8211; Pewnie wpada\u0142a\u015b do niej na wakacje?<\/p>\n\n\n\n<p>&#8211; Tak, zdarza\u0142o si\u0119, w ko\u0144cu to nie jest a\u017c tak daleko.<\/p>\n\n\n\n<p>Po zjedzonym obiedzie by\u0142 czas wolny, gdy\u017c tego dnia nie by\u0142o popo\u0142udniowych lekcji. Aelita postanowi\u0142a zrobi\u0107 wycieczk\u0119 po szkole i okolicach nowej przybyszce. Jeremie uzna\u0142, \u017ce dobrze b\u0119dzie, je\u015bli tym razem dziewczyny zrobi\u0105 sobie babski wypad, a sam poszed\u0142 do pokoju troch\u0119 poczyta\u0107. Odd tradycyjnie uda\u0142 si\u0119 na poobiedni\u0105 drzemk\u0119. Yumi za\u015b mia\u0142a ju\u017c wraca\u0107 do domu, jednak nie za bardzo mia\u0142a ochot\u0119 tam wraca\u0107. Da\u0142a znak Ulrichowi, \u017ce chce z nim porozmawia\u0107, by nieco zrzuci\u0107 z siebie ci\u0119\u017car wydarze\u0144 ostatnich godzin. A nic tak dobrze na ni\u0105 nie dzia\u0142a\u0142o, jak rozmowa z przyjacielem w parku w towarzystwie niebieskich puszek z gazowanym napojem.<\/p>\n\n\n\n<p>Herve chodzi\u0142 z jednego k\u0105ta w k\u0105t i g\u0142o\u015bno my\u015bla\u0142. Opr\u00f3cz niego w pokoju by\u0142 jeszcze Nicolas, kt\u00f3ry siedzia\u0142 na fotelu. By\u0142a to jedna z niezbyt licznych chwil, podczas kt\u00f3rych ch\u0142opakom nie towarzyszy\u0142a Sissi. Odk\u0105d c\u00f3rka dyrektora zapisa\u0142a si\u0119 do zespo\u0142u ma\u017coretek, wiele czasu po\u015bwi\u0119ca\u0142a na pr\u00f3by, szczeg\u00f3lnie teraz, gdy mia\u0142a zosta\u0107 liderk\u0105 grupy.<\/p>\n\n\n\n<p>&#8211; S\u0142uchaj, Nicolas \u2013 powiedzia\u0142 okularnik. &#8211; Taka szansa trafia si\u0119 raz na dziesi\u0119\u0107 lat. Zapiszmy si\u0119 do tej legii szkolnej. Naprawd\u0119, nie po\u017ca\u0142ujesz.<\/p>\n\n\n\n<p>&#8211; Czy ja wiem\u2026 &#8211; przyjaciel nie by\u0142 a\u017c tak entuzjastycznie nastawiony. &#8211; Lata\u0107 z plastikowym karabinkiem po placu w k\u00f3\u0142ko i ci\u0105gle si\u0119 obraca\u0107 w prawo i w lewo? I to jeszcze pod komendami Jima? A sk\u0105d on wie, jak to si\u0119 robi?<\/p>\n\n\n\n<p>&#8211; Kiedy\u015b m\u00f3wi\u0142, \u017ce by\u0142 na przeszkoleniu w Legii Cudzoziemskiej. Prawd\u0119 m\u00f3wi\u0105c, to uwa\u017cam, \u017ce co najwy\u017cej m\u00f3g\u0142 tam by\u0107 kucharzem, ale niech ju\u017c mu b\u0119dzie. Poza tym o co innego mi chodzi. O w\u0142adz\u0119 \u2013 tu Herve\u2019owi oczy si\u0119 za\u015bwieci\u0142y.<\/p>\n\n\n\n<p>&#8211; Jak to, o w\u0142adz\u0119? &#8211; zdziwi\u0142 si\u0119 Nicolas. &#8211; My\u015bla\u0142em, \u017ce to tylko mia\u0142o by\u0107 takie do ozdoby i zabicia czasu.<\/p>\n\n\n\n<p>&#8211; A widzisz, by\u015b poczyta\u0142 pewne dokumenty, to by\u015b wiedzia\u0142. Ot\u00f3\u017c cz\u0142onkowie legii b\u0119d\u0105 dba\u0107 o porz\u0105dek w szkole. I to nie na zasadzie \u201eczy kibelek jest czysty\u201d. Nie, my b\u0119dziemy sprawdza\u0107, czy regulamin jest przestrzegany, a jak kto\u015b b\u0119dzie go \u0142ama\u0142, to wtedy wlepiamy kary. I mamy ku temu ca\u0142y wachlarz mo\u017cliwo\u015bci, wraz ze \u015brodkami przymusu bezpo\u015bredniego. Wiesz, jaka to jest szansa? Ile razy chcia\u0142e\u015b komu\u015b przypierdoli\u0107, bo ci\u0119 wkurzy\u0142, ale nie mog\u0142e\u015b, bo ba\u0142e\u015b si\u0119 konsekwencji?<\/p>\n\n\n\n<p>&#8211; No, du\u017co\u2026 &#8211; przyzna\u0142 kolega.<\/p>\n\n\n\n<p>&#8211; To teraz my b\u0119dziemy mogli si\u0119 zem\u015bci\u0107 za te wszystkie lata poni\u017ce\u0144, drwin i o\u015bmiesze\u0144. I b\u0119dziemy mogli to wszystko zrobi\u0107 zgodnie z przepisami. Bo my b\u0119dziemy dba\u0107 o to, aby w szkole zadba\u0142o prawo i sprawiedliwo\u015b\u0107! &#8211; Herve by\u0142 ju\u017c bardzo nakr\u0119cony. &#8211; Sko\u0144czy si\u0119 samowolka tego idioty Belpois. W ko\u0144cu to ci, kt\u00f3rzy powinni by\u0107 na pierwszym miejscu, b\u0119d\u0105 tam.<\/p>\n\n\n\n<p>&#8211; To ma sens \u2013 powiedzia\u0142 Nicolas. &#8211; A poza tym to przypomnia\u0142o mi si\u0119 powiedzenie pewne: za mundurem panny sznurem. Mo\u017ce si\u0119 uda nam kogo\u015b poderwa\u0107?<\/p>\n\n\n\n<p>&#8211; O, i to mi si\u0119 podoba, to jest my\u015blenie perspektywiczne, nawet je\u015bli to nie jest nasz g\u0142\u00f3wny cel. Ale nikt nie powiedzia\u0142, \u017ce nie mo\u017cemy z tego czerpa\u0107 \u017cadnych korzy\u015bci. W ko\u0144cu \u2013 co nie jest zabronione, jest dozwolone.<\/p>\n\n\n\n<p>Yumi i Ulrich poszli do parku. Po chwili milczenia Japonka opowiedzia\u0142a ch\u0142opakowi o tym, co sta\u0142o si\u0119 poprzedniego dnia, a tak\u017ce o ostatniej sprzeczce z Sissi. Nie kry\u0142a przy tym emocji i chwilami musia\u0142a bra\u0107 g\u0142\u0119bszy oddech, \u017ceby si\u0119 ca\u0142kowicie nie rozp\u0142aka\u0107. Ulrich by\u0142 przygotowany na tak\u0105 ewentualno\u015b\u0107, mia\u0142 przy sobie paczk\u0119 chusteczek. Gdy Yumi sko\u0144czy\u0142a swoj\u0105 opowie\u015b\u0107, zapyta\u0142:<\/p>\n\n\n\n<p>&#8211; A jak wychodzi\u0142a\u015b rano z domu, ojciec co\u015b m\u00f3wi\u0142?<\/p>\n\n\n\n<p>&#8211; Szczerze m\u00f3wi\u0105c to chcia\u0142 jakby co\u015b mi powiedzie\u0107 \u2013 odpowiedzia\u0142a dziewczyna \u2013 ale nie zd\u0105\u017cy\u0142, bo \u015bpieszy\u0142am si\u0119 do szko\u0142y.<\/p>\n\n\n\n<p>&#8211; Mo\u017ce jak wr\u00f3cisz, to b\u0119dzie chcia\u0142 porozmawia\u0107?<\/p>\n\n\n\n<p>&#8211; Mo\u017ce\u2026 tylko wiesz, mam teraz troch\u0119 mieszane uczucia. Z jednej strony chcia\u0142abym, aby nasze relacje uk\u0142ada\u0142y si\u0119 normalnie, tak jak wcze\u015bniej, z drugiej za\u015b nie mog\u0119 pozwoli\u0107 na to, aby on bi\u0142 Hirokiego albo w og\u00f3le kogokolwiek w naszym domu. To, co wczoraj zrobi\u0142\u2026 jest niewybaczalne. Dlatego troch\u0119 boj\u0119 si\u0119 wraca\u0107 do domu, cho\u0107 wiem, \u017ce musz\u0119.<\/p>\n\n\n\n<p>&#8211; Spokojnie, Yumi \u2013 ch\u0142opak przysun\u0105\u0142 si\u0119 do dziewczyny, a zauwa\u017caj\u0105c, \u017ce z jej oczu p\u0142yn\u0105 \u0142zy, wyj\u0105\u0142 chusteczk\u0119 z opakowania, i otar\u0142 jej twarz. &#8211; Wiedz, \u017ce zawsze przy tobie b\u0119d\u0119.<\/p>\n\n\n\n<p>Japonka przytuli\u0142a si\u0119 do swojego przyjaciela.<\/p>\n\n\n\n<p>Jeremie skorzysta\u0142 z tego, \u017ce ma wolne popo\u0142udnie i postanowi\u0142 poszuka\u0107 nowych program\u00f3w do swojego komputera. Odk\u0105d przestali wydawa\u0107 \u201eKomputer \u015awiat\u201d na papierze, przesta\u0142 kupowa\u0107 jakiekolwiek pisma z do\u0142\u0105czanymi p\u0142ytami, bo takowych praktycznie nie by\u0142o, nie licz\u0105c specjalnie zakrywanych w kioskach gazetek z filmami erotycznymi. W\u0142\u0105czy\u0142 sobie radio, \u017ceby co\u015b gra\u0142o w tle. W\u0142a\u015bnie nadawano reklam\u0119:<\/p>\n\n\n\n<p>&#8211; Najnowszy film Patryka Vegi, re\u017cysera, kt\u00f3rego nienawidzicie, a i tak chodzicie na jego dzie\u0142a. Tym razem bezkompromisowy autor przedstawi wam prawdziwy \u015bwiat prostytutek i dom\u00f3w publicznych. Kurewskie Porachunki \u2013 ju\u017c w kinach!<\/p>\n\n\n\n<p>Kto\u015b zapuka\u0142 do drzwi. Po chwili wszed\u0142 Odd.<\/p>\n\n\n\n<p>&#8211; Hej, zaj\u0119ty jeste\u015b?<\/p>\n\n\n\n<p>&#8211; Nie, tak tylko sobie siedz\u0119 i grzebi\u0119, a co, masz spraw\u0119?<\/p>\n\n\n\n<p>Ch\u0142opak podszed\u0142 bli\u017cej komputera:<\/p>\n\n\n\n<p>&#8211; Bo wiesz, Jeremie\u2026 &#8211; Odd wyj\u0105\u0142 z kieszeni pendrive. &#8211; Potrzebowa\u0142bym czego\u015b do ogl\u0105dania, bo mi si\u0119 nudzi, a w telewizji same pierdo\u0142y, nawet obrad parlamentu teraz nie daj\u0105.<\/p>\n\n\n\n<p>&#8211; Co\u015b do ogl\u0105dania&#8230; \u2013 okularnik zacz\u0105\u0142 si\u0119 zastanawia\u0107. &#8211; Widzia\u0142em niedawno taki serial o czw\u00f3rce przyjaci\u00f3\u0142, kt\u00f3rzy znajduj\u0105 w pustostanie komputer z wirtualnym \u015bwiatem, w kt\u00f3rym to \u015bwiecie zamieszkuje dziewczyna, chcia\u0142em to nawet sobie obejrze\u0107, ale czasu brak.<\/p>\n\n\n\n<p>&#8211; Czekaj, czekaj\u2026 &#8211; W\u0142och si\u0119 nieco zdumia\u0142. &#8211; Komputer z wirtualnym \u015bwiatem? Kurna, kto\u015b nasze przygody zekranizowa\u0142?<\/p>\n\n\n\n<p>&#8211; Niee, my\u015bl\u0119, \u017ce to tylko zbieg okoliczno\u015bci.<\/p>\n\n\n\n<p>&#8211; A wiesz, chyba ju\u017c wpad\u0142em na to, co bym chcia\u0142 obejrze\u0107, tylko musia\u0142by\u015b wej\u015b\u0107 na stronki pewne. Kojarzysz taki film \u201eKurewskie Porachunki\u201d?<\/p>\n\n\n\n<p>&#8211; Tak, nawet przed chwil\u0105 go zapowiadali w radiu.<\/p>\n\n\n\n<p>&#8211; Chc\u0119 sprawdzi\u0107, czy jest tak, jak z innymi obrazami Vegi.<\/p>\n\n\n\n<p>&#8211; Czyli jak? &#8211; spyta\u0142 Einstein.<\/p>\n\n\n\n<p>&#8211; Vega bierze kartk\u0119, pisze &#8220;kurwa, chuj, pizda, dupa&#8221;, podpisuje jako scenariusz do filmu. Potem dzwoni do 14 aktor\u00f3w, kt\u00f3rzy maj\u0105 kredyty i zagraj\u0105 nawet w filmie o Smole\u0144sku, byleby dosta\u0107 kas\u0119. I zagraj\u0105. A \u017ce Vega to le\u0144, wi\u0119c dialogi sobie sami aktorzy wymy\u015blaj\u0105, co nawet jest dla nich lepsze. No i s\u0142uchaj &#8211; zabawa jest taka: film wchodzi do kin. Recenzenci pisz\u0105, \u017ce to jest totalne g\u00f3wno, \u017ce chujowe, nie warto i\u015b\u0107. Ludzie to czytaj\u0105 i wiesz co robi\u0105? Id\u0105 specjalnie do kina, \u017ceby zobaczy\u0107, czy to takie g\u00f3wno! Vega nawet potem tym recenzentom prezenty daje, pierniki czy paczki cukru, bo teraz to towar limitowany, bo oni mu tylko dobrze robi\u0105.<\/p>\n\n\n\n<p>Po chwili milczenia Jeremie zapyta\u0142:<\/p>\n\n\n\n<p>&#8211; A co ty o tych jego produkcjach s\u0105dzisz?<\/p>\n\n\n\n<p>&#8211; Wiesz, Jeremie&#8230;to jest takie g\u0142upie&#8230; no g\u0142upie jak Sissi.<\/p>\n\n\n\n<p>&#8211; Ale ogl\u0105dasz ka\u017cdy film Vegi, czyli go jakby wspierasz.<\/p>\n\n\n\n<p>Della Robia wybuch\u0142 gromkim \u015bmiechem.<\/p>\n\n\n\n<p>&#8211; Kolego, ja od 4 lat w kinie nie by\u0142em! Wszystko przecie\u017c ty mi \u015bci\u0105gasz.<\/p>\n\n\n\n<p>Gdy Yumi wr\u00f3ci\u0142a do domu i wesz\u0142a do swojego pokoju, tu\u017c za ni\u0105 pojawi\u0142 si\u0119 ojciec. Mia\u0142 skruszon\u0105 min\u0119.<\/p>\n\n\n\n<p>&#8211; Wiesz, chcia\u0142em ci to ju\u017c rano powiedzie\u0107, ale nie by\u0142o okazji\u2026 wybacz mi to wczorajsze. Po prostu za bardzo si\u0119 ostatnio stresuj\u0119 prac\u0105 i czasami nie wiem, co we mnie wst\u0119puj\u0119.<\/p>\n\n\n\n<p>Dziewczyna by\u0142a troch\u0119 nieufna:<\/p>\n\n\n\n<p>&#8211; OK, tylko dlaczego odreagowujesz to na nas? Na Hirokim, na mnie\u2026 nie wiesz, \u017ce tak si\u0119 nie robi?<\/p>\n\n\n\n<p>&#8211; Wiem, Yumi\u2026 tylko to si\u0119 tak samoistnie robi. Wstyd mi za to. Zdaj\u0119 sobie spraw\u0119, \u017ce mo\u017ce ty te\u017c wczoraj by\u0142a\u015b podminowana, w ko\u0144cu jeste\u015b w wieku dojrzewania i buntu, czasem te emocje si\u0119 mog\u0105 skumulowa\u0107. Matka mi powiedzia\u0142a, \u017ce dowiedzia\u0142a\u015b si\u0119 o siniakach Hirokiego\u2026<\/p>\n\n\n\n<p>&#8211; Zdajesz sobie spraw\u0119 z tego, \u017ce ch\u0142opak mo\u017ce mie\u0107 potem traum\u0119? &#8211; spyta\u0142a do\u015b\u0107 ostro Japonka.<\/p>\n\n\n\n<p>&#8211; Tak, i nawet nie wiesz, jak mi z tym \u017ale\u2026 staram si\u0119 zmieni\u0107, ju\u017c zapisa\u0142em si\u0119 na terapi\u0119 do psychologa, ale potrzebuj\u0119 wsparcia matki\u2026 i twojego. Bo to dla was chc\u0119 odrzuci\u0107 te nawyki. W ko\u0144cu sama pami\u0119tasz, \u017ce kiedy\u015b taki nie by\u0142em.<\/p>\n\n\n\n<p>&#8211; No, nie by\u0142e\u015b \u2013 przyzna\u0142a dziewczyna. &#8211; Zawsze pracowa\u0142e\u015b du\u017co, ale wcze\u015bniej to tak nie wp\u0142ywa\u0142o na twoj\u0105 psychik\u0119. Pos\u0142uchaj, ja\u2026 ja zawsze b\u0119d\u0119 ci\u0119 wspiera\u0107. Ale nigdy nie b\u0119d\u0119 akceptowa\u0107 bicia nas, a szczeg\u00f3lnie tego, co zrobi\u0142e\u015b wczoraj. To bardzo nadw\u0105tli\u0142o moje zaufanie do ciebie.<\/p>\n\n\n\n<p>&#8211; Zdaj\u0119 sobie z tego spraw\u0119, Yumi. Dlatego chc\u0119 je odzyska\u0107.<\/p>\n\n\n\n<p>Ojciec i c\u00f3rka jeszcze przez d\u0142ugie minuty rozmawiali ze sob\u0105 o tym, co dzia\u0142o si\u0119 w domu, gdy Takeo by\u0142 w Hiszpanii, i co ciekawego mo\u017cna zobaczy\u0107 na P\u00f3\u0142wyspie Iberyskim. Z ka\u017cd\u0105 chwil\u0105 coraz lepiej si\u0119 dogadywali. Wygl\u0105da\u0142o na to, \u017ce rodzina Ishiyama przezwyci\u0119\u017cy ten kryzys.<\/p>\n\n\n\n<p>Nast\u0119pnego dnia Yumi nie posz\u0142a do szko\u0142y, gdy\u017c musia\u0142a jecha\u0107 na rutynowe badania. Nieobecno\u015b\u0107 by\u0142a usprawiedliwiona przez matk\u0119 ju\u017c podczas zebrania, dyrektor nie mia\u0142 nic przeciwko, ba \u2013 pochwali\u0142 nawet za sumienno\u015b\u0107 w dbaniu o zdrowie.<\/p>\n\n\n\n<p>&#8211; To jest najwa\u017cniejsze, w ko\u0144cu mamy je tylko jedno \u2013 podkre\u015bli\u0142.<\/p>\n\n\n\n<p>Japonka nie ba\u0142a si\u0119 nigdy lekarzy, jednak pojecha\u0142a do szpitala z Akiko, gdy\u017c zawsze to lepiej mie\u0107 darmow\u0105 przew\u00f3zk\u0119 ni\u017c korzysta\u0107 z nie zawsze niezawodnej paryskiej komunikacji miejskiej. Badania przebieg\u0142y sprawnie, pobrano krew, pr\u00f3bk\u0119 moczu, dokonano wa\u017cenia, mierzenia, sprawdzono drogi rodne, wykonano rentgen oraz kilkana\u015bcie innych dzia\u0142a\u0144, cho\u0107by ultrasonografem. Wyniki zbierano na bie\u017c\u0105co, tak aby pacjent nie musia\u0142 specjalnie fatygowa\u0107 si\u0119 drugi raz tylko po plik kartek z zapisanymi rezultatami.<\/p>\n\n\n\n<p>Z racji tego, \u017ce Yumi mia\u0142a ju\u017c szesna\u015bcie lat, mog\u0142a sama wej\u015b\u0107 do gabinetu po odbi\u00f3r wynik\u00f3w i ostatni\u0105 rozmow\u0119 z lekarzem prowadz\u0105cym.<\/p>\n\n\n\n<p>&#8211; Dobrze\u2026 panna Yumi Ishiyama, tu mam twoje wyniki. Analizowa\u0142em je i musz\u0119 zada\u0107 ci jeszcze kilka pyta\u0144 \u2013 powiedzia\u0142 starszy pan w kitlu i okularach z dwudniowym zarostem.<\/p>\n\n\n\n<p>&#8211; Jasne, nie ma sprawy.<\/p>\n\n\n\n<p>&#8211; Czy czujesz jakie\u015b b\u00f3le podczas poruszania si\u0119?<\/p>\n\n\n\n<p>&#8211; W zasadzie nie, raz na miesi\u0105c z\u0142apie mnie lekki skurcz, ale to normalne przy trenowaniu pencat-silat.<\/p>\n\n\n\n<p>&#8211; A uprawiasz sport, opr\u00f3cz tych zapas\u00f3w?<\/p>\n\n\n\n<p>&#8211; Czasem je\u017cd\u017c\u0119 na rowerze.<\/p>\n\n\n\n<p>&#8211; Nie odczuwasz \u017cadnego wi\u0119kszego zm\u0119czenia, duszno\u015bci ani innych tego objaw\u00f3w?<\/p>\n\n\n\n<p>&#8211; Raczej nie, zawsze staram si\u0119 odpowiednio rozk\u0142ada\u0107 si\u0142y.<\/p>\n\n\n\n<p>&#8211; OK\u2026 &#8211; doktor spojrza\u0142 przez okulary na wyniki i powiedzia\u0142 \u2013 c\u00f3\u017c, jeste\u015b ju\u017c praktycznie doros\u0142a, wi\u0119c pozwolisz, \u017ce przejd\u0119 do sedna. Z bada\u0144 wynika, \u017ce chyba nied\u0142ugo tw\u00f3j tryb \u017cycia si\u0119 zmieni\u2026<\/p>\n\n\n\n<p>Yumi si\u0119 nieco przestraszy\u0142a:<\/p>\n\n\n\n<p>&#8211; Co pan ma na my\u015bli, doktorze\u2026?<\/p>\n\n\n\n<p>&#8211; No\u2026 nie mam dla ciebie dobrych wie\u015bci&#8230;<\/p>\n\n\n\n<p><\/p>\n\n\n\n<p><em>Korekta: Azize<\/em><\/p>\n","protected":false},"excerpt":{"rendered":"<p>Pok\u00f3j Aelity trzeba by\u0142o nieco przearan\u017cowa\u0107 na przybycie nowej lokatorki. Na szcz\u0119\u015bcie nie by\u0142o z tym problemu, wi\u0119c Monica nie musia\u0142a si\u0119 obawia\u0107, \u017ce b\u0119dzie spa\u0107 na pod\u0142odze. W\u0142a\u015bnie sta\u0142a w swoim nowym lokum wraz z Aelit\u0105 oraz Jimem, kt\u00f3ry wni\u00f3s\u0142 baga\u017ce i zamierza\u0142 wyt\u0142umaczy\u0107 nowej uczennicy zasady panuj\u0105ce w Zespole Szk\u00f3\u0142 Kadic. &#8211; Pos\u0142uchaj, &hellip;<br \/><a href=\"https:\/\/kodlyoko.pl\/index.php\/artykuly\/opowiadania\/serie\/bez-lyoko-czyli-zycie-tylko-w-realu\/rozdzial-35\/\" class=\"more-link pen_button pen_element_default pen_icon_arrow_double\">Read more<\/a><\/p>\n","protected":false},"author":5,"featured_media":0,"parent":203,"menu_order":35,"comment_status":"open","ping_status":"closed","template":"","meta":{"footnotes":""},"categories":[22],"tags":[],"class_list":["post-3364","page","type-page","status-publish","hentry","category-artykuly-bezlyoko"],"_links":{"self":[{"href":"https:\/\/kodlyoko.pl\/index.php\/wp-json\/wp\/v2\/pages\/3364","targetHints":{"allow":["GET"]}}],"collection":[{"href":"https:\/\/kodlyoko.pl\/index.php\/wp-json\/wp\/v2\/pages"}],"about":[{"href":"https:\/\/kodlyoko.pl\/index.php\/wp-json\/wp\/v2\/types\/page"}],"author":[{"embeddable":true,"href":"https:\/\/kodlyoko.pl\/index.php\/wp-json\/wp\/v2\/users\/5"}],"replies":[{"embeddable":true,"href":"https:\/\/kodlyoko.pl\/index.php\/wp-json\/wp\/v2\/comments?post=3364"}],"version-history":[{"count":3,"href":"https:\/\/kodlyoko.pl\/index.php\/wp-json\/wp\/v2\/pages\/3364\/revisions"}],"predecessor-version":[{"id":3431,"href":"https:\/\/kodlyoko.pl\/index.php\/wp-json\/wp\/v2\/pages\/3364\/revisions\/3431"}],"up":[{"embeddable":true,"href":"https:\/\/kodlyoko.pl\/index.php\/wp-json\/wp\/v2\/pages\/203"}],"wp:attachment":[{"href":"https:\/\/kodlyoko.pl\/index.php\/wp-json\/wp\/v2\/media?parent=3364"}],"wp:term":[{"taxonomy":"category","embeddable":true,"href":"https:\/\/kodlyoko.pl\/index.php\/wp-json\/wp\/v2\/categories?post=3364"},{"taxonomy":"post_tag","embeddable":true,"href":"https:\/\/kodlyoko.pl\/index.php\/wp-json\/wp\/v2\/tags?post=3364"}],"curies":[{"name":"wp","href":"https:\/\/api.w.org\/{rel}","templated":true}]}}