{"id":3290,"date":"2022-05-03T23:23:49","date_gmt":"2022-05-03T22:23:49","guid":{"rendered":"https:\/\/kodlyoko.pl\/?page_id=3290"},"modified":"2022-05-03T23:35:46","modified_gmt":"2022-05-03T22:35:46","slug":"trzepot-skrzydel","status":"publish","type":"page","link":"https:\/\/kodlyoko.pl\/index.php\/artykuly\/opowiadania\/one-shoty\/trzepot-skrzydel\/","title":{"rendered":"Trzepot skrzyde\u0142&#8230;"},"content":{"rendered":"\n<p class=\"has-drop-cap\">Zimna wojna zbli\u017ca\u0142a si\u0119 wielkimi krokami do ko\u0144ca. Sowieci byli gotowi przeznacza\u0107 ogromne zasoby got\u00f3wki i ludzi na szalone projekty naukowc\u00f3w z wypaczonym spojrzeniem na etyk\u0119. W tym momencie w\u0142a\u015bnie Anthea Montalti, w\u0142oska neurobiolog z pot\u0119\u017cnymi przyjaci\u00f3\u0142mi w partii, sprzeda\u0142a temu \u015bmiesznemu ministerstwu, kt\u00f3re finansowa\u0142o te\u017c m.in. badania paranormalne, wizj\u0119 nie do zignorowania.<\/p>\n\n\n\n<p>\u201eCo, gdyby Zwi\u0105zek Radziecki m\u00f3g\u0142 zdoby\u0107 bro\u0144 du\u017co pot\u0119\u017cniejsz\u0105, ni\u017c rosn\u0105ce w silosach stosy ameryka\u0144skich atom\u00f3wek?<\/p>\n\n\n\n<p>Co, gdyby wyruszy\u0142 w podr\u00f3\u017c do zupe\u0142nie nowego l\u0105du, du\u017co bardziej wartego zdobycia i bardziej niesamowitego ni\u017c sam Ksi\u0119\u017cyc?\u201d<\/p>\n\n\n\n<p>Montalti chcia\u0142a stworzy\u0107 supercz\u0142owieka przez digitalizacj\u0119 ludzkiego umys\u0142u. Drog\u0105, jak\u0105 mia\u0142a j\u0105 tam zaprowadzi\u0107 by\u0142a szalona, acz genialna teoria Waldemara Schaeffera, poczciwego polskiego fizyka niemieckiego pochodzenia. I najwi\u0119kszego wizjonera naszych czas\u00f3w. Tak oto ruszy\u0142 projekt Kartagina, w kt\u00f3rym zesp\u00f3\u0142 badawczy w serii makabrycznych eksperyment\u00f3w Anthei i niesamowitych eksperyment\u00f3w \u201eWalda\u201d przy akompaniamencie tragicznych konsekwencji powoli odkrywa\u0142 \u201ewszech\u015bwiat w butelce\u201d. Ca\u0142\u0105 r\u00f3wnoleg\u0142\u0105 rzeczywisto\u015b\u0107 wirtualn\u0105, pe\u0142n\u0105 niewyobra\u017calnych niebezpiecze\u0144stw. Ale ich to nie zatrzyma\u0142o. Nie od razu, w ka\u017cdym razie. Dzie\u0144 po dniu, wytrwale przekraczali granice, kt\u00f3rych nikt nie powinien przekracza\u0107. A to wszystko targane wiatrami polityki, szpiegostwa naukowego, rozterek moralnych, reali\u00f3w epoki, rodz\u0105cego si\u0119 romansu\u2026<\/p>\n\n\n\n<p>&#8211; O czym ty pieprzysz tym dzieciakom?<\/p>\n\n\n\n<p>Lowell Tyron przeni\u00f3s\u0142 wzrok ze swojej ma\u0142oletniej widowni &#8211; dw\u00f3jki ch\u0142opc\u00f3w, kt\u00f3rzy przerwali zabaw\u0119 na podw\u00f3rku, by pos\u0142ucha\u0107 bajdurzenia osiedlowego pijaka &#8211; na wracaj\u0105cego do domu po dniu pracy m\u0119\u017cczyzn\u0119.<\/p>\n\n\n\n<p>Spojrza\u0142 s\u0105siadowi z klatki B, trzecie pi\u0119tro, g\u0142\u0119boko w oczy.<\/p>\n\n\n\n<p>&#8211; Tak si\u0119 zacz\u0105\u0142 koniec \u015bwiata. I ju\u017c nic go nie zatrzyma.<\/p>\n\n\n\n<p><\/p>\n\n\n\n<p><em>Autor: Qazqweop<\/em><\/p>\n","protected":false},"excerpt":{"rendered":"<p>Zimna wojna zbli\u017ca\u0142a si\u0119 wielkimi krokami do ko\u0144ca. Sowieci byli gotowi przeznacza\u0107 ogromne zasoby got\u00f3wki i ludzi na szalone projekty naukowc\u00f3w z wypaczonym spojrzeniem na etyk\u0119. W tym momencie w\u0142a\u015bnie Anthea Montalti, w\u0142oska neurobiolog z pot\u0119\u017cnymi przyjaci\u00f3\u0142mi w partii, sprzeda\u0142a temu \u015bmiesznemu ministerstwu, kt\u00f3re finansowa\u0142o te\u017c m.in. badania paranormalne, wizj\u0119 nie do zignorowania. \u201eCo, gdyby &hellip;<br \/><a href=\"https:\/\/kodlyoko.pl\/index.php\/artykuly\/opowiadania\/one-shoty\/trzepot-skrzydel\/\" class=\"more-link pen_button pen_element_default pen_icon_arrow_double\">Read more<\/a><\/p>\n","protected":false},"author":3,"featured_media":0,"parent":1782,"menu_order":0,"comment_status":"open","ping_status":"closed","template":"","meta":{"footnotes":""},"categories":[45],"tags":[],"class_list":["post-3290","page","type-page","status-publish","hentry","category-artykuly-one-shoty"],"_links":{"self":[{"href":"https:\/\/kodlyoko.pl\/index.php\/wp-json\/wp\/v2\/pages\/3290","targetHints":{"allow":["GET"]}}],"collection":[{"href":"https:\/\/kodlyoko.pl\/index.php\/wp-json\/wp\/v2\/pages"}],"about":[{"href":"https:\/\/kodlyoko.pl\/index.php\/wp-json\/wp\/v2\/types\/page"}],"author":[{"embeddable":true,"href":"https:\/\/kodlyoko.pl\/index.php\/wp-json\/wp\/v2\/users\/3"}],"replies":[{"embeddable":true,"href":"https:\/\/kodlyoko.pl\/index.php\/wp-json\/wp\/v2\/comments?post=3290"}],"version-history":[{"count":1,"href":"https:\/\/kodlyoko.pl\/index.php\/wp-json\/wp\/v2\/pages\/3290\/revisions"}],"predecessor-version":[{"id":3291,"href":"https:\/\/kodlyoko.pl\/index.php\/wp-json\/wp\/v2\/pages\/3290\/revisions\/3291"}],"up":[{"embeddable":true,"href":"https:\/\/kodlyoko.pl\/index.php\/wp-json\/wp\/v2\/pages\/1782"}],"wp:attachment":[{"href":"https:\/\/kodlyoko.pl\/index.php\/wp-json\/wp\/v2\/media?parent=3290"}],"wp:term":[{"taxonomy":"category","embeddable":true,"href":"https:\/\/kodlyoko.pl\/index.php\/wp-json\/wp\/v2\/categories?post=3290"},{"taxonomy":"post_tag","embeddable":true,"href":"https:\/\/kodlyoko.pl\/index.php\/wp-json\/wp\/v2\/tags?post=3290"}],"curies":[{"name":"wp","href":"https:\/\/api.w.org\/{rel}","templated":true}]}}