{"id":3052,"date":"2022-01-09T13:34:43","date_gmt":"2022-01-09T12:34:43","guid":{"rendered":"https:\/\/kodlyoko.pl\/?page_id=3052"},"modified":"2022-01-09T13:34:44","modified_gmt":"2022-01-09T12:34:44","slug":"rozdzial-6-udalo-sie","status":"publish","type":"page","link":"https:\/\/kodlyoko.pl\/index.php\/artykuly\/opowiadania\/serie\/wsparcie\/rozdzial-6-udalo-sie\/","title":{"rendered":"Rozdzia\u0142 6 &#8211; &#8220;Uda\u0142o si\u0119&#8221;"},"content":{"rendered":"\n<p class=\"has-drop-cap\">M\u00f3wi\u0142e\u015b, \u017ce masz dobre wie\u015bci, a torturujesz nas od kilku godzin, tylko dlatego \u017ce nie mo\u017cemy si\u0119 doczeka\u0107, \u017ceby dowiedzie\u0107 si\u0119 o chodzi. Jeste\u015b sadyst\u0105, wiesz o tym?\u201d powiedzia\u0142em.<\/p>\n\n\n\n<p>\u201cCzuj\u0119 si\u0119 obra\u017cony tym,\u201d Jeremy powiedzia\u0142 powa\u017cnie.<\/p>\n\n\n\n<p>\u201cNie czuj si\u0119 tak, zrobi\u0142bym to samo dla was wszystkich,\u201d powiedzia\u0142em z przyjaznym u\u015bmiechem. Aelita odwr\u00f3ci\u0142a si\u0119 w kierunku Jeremiego z szerokim u\u015bmiechem na twarzy.<\/p>\n\n\n\n<p>\u201cNie wiem, jak powiedzie\u0107 to wam obojgu, ale\u2026 czekamy na was tutaj,\u201d powiedzia\u0142 Jeremy. Moje oczy rozszerzy\u0142y si\u0119, natomiast Aelita u\u015bmiechn\u0119\u0142a si\u0119 szeroko.<\/p>\n\n\n\n<p>\u201cProgram materializacyjny dzia\u0142a?!\u201d krzykn\u0105\u0142em.<\/p>\n\n\n\n<p>\u201cTak,\u201d Jeremy powiedzia\u0142 u\u015bmiechni\u0119ty.<\/p>\n\n\n\n<p>\u201cNaprawd\u0119?\u201d zapyta\u0142a Aelita, pe\u0142nym entuzjazmu tonem.<\/p>\n\n\n\n<p>\u201cNaprawd\u0119!\u201d Wszyscy krzykn\u0119li w tym samym momencie. Aelita odwr\u00f3cili\u015bmy si\u0119 do siebie w tym samym czasie, zanim przytulili\u015bmy si\u0119. Za\u0142o\u017cy\u0142em r\u0119k\u0119 za jej rami\u0119, a ona zrobi\u0142a to samo, po czym zacz\u0119li\u015bmy skaka\u0107 z rado\u015bci. Nie wiedzia\u0142em, \u017ce b\u0119d\u0119 a\u017c tak podekscytowany, ale by\u0142em gotowy ponownie sta\u0107 si\u0119 cz\u0142owiekiem.<\/p>\n\n\n\n<p>\u201cWiedzia\u0142em, \u017ce to tylko kwestia czasu. Dobra robota, Jeremy,\u201d powiedzia\u0142em mu.<\/p>\n\n\n\n<p>\u201cDzi\u0119ki. Ca\u0142y program materializacyjny jest tutaj,\u201d powiedzia\u0142, trzymaj\u0105c srebrny dysk. Moje oczy si\u0119 rozszerzy\u0142y. Pami\u0119ta\u0142em, \u017ce wszystko mia\u0142o p\u00f3j\u015b\u0107 w z\u0142ym kierunku.<\/p>\n\n\n\n<p>\u201cTo by\u0142o naprawd\u0119 skomplikowane. Defragmentowanie inercyjnej matrycy nie wystarczy\u0142o, musia\u0142em wi\u0119c przekompilowa\u0107 ca\u0142e DNA\u2013\u201d<\/p>\n\n\n\n<p>\u201cWystarczy, Einstein,\u201d powiedzia\u0142 Odd przerywaj\u0105c Jeremiemu. Ulrich uda\u0142 ziewanie, a ja u\u015bmiechn\u0105\u0142em si\u0119 z\u0142o\u015bliwie, zanim zacz\u0105\u0142em m\u00f3wi\u0107.<\/p>\n\n\n\n<p>\u201cDzi\u0119ki, Odd. Ale musisz si\u0119 upewni\u0107, aby trzyma\u0107 ten dysk z dala od innych, a przynajmniej oznacz go w\u0142a\u015bciwie\u201d powiedzia\u0142em mu.<\/p>\n\n\n\n<p>\u201cCzemu?\u201d zapyta\u0142 Jeremy.<\/p>\n\n\n\n<p>\u201cBo wszystko p\u00f3jdzie nie tak. Zawsze tak, jest, gdy ma si\u0119 sta\u0107 co\u015b dobrego,\u2019 powiedzia\u0142em mu.<\/p>\n\n\n\n<p>\u201cOn ma racj\u0119, wiesz. Powiniene\u015b schowa\u0107 go w jakim\u015b specjalnym miejscu. W razie czego,\u201d powiedzia\u0142 Odd.<\/p>\n\n\n\n<p>\u201cUwierz\u0119 ci na s\u0142owo. Ale\u2026 gdzie?\u201d zapyta\u0142 Jeremy.<\/p>\n\n\n\n<p>\u201cPod twoim materacem. To dobre miejsce do chowania rzeczy,\u201d powiedzia\u0142em, nagle u\u015bwiadamiaj\u0105c co\u015b sobie. \u201cProsz\u0119 powiedzcie, \u017ce b\u0119d\u0119 mia\u0142 gdzie mieszka\u0107 zanim przyjm\u0105 mnie do szko\u0142y.\u201d<\/p>\n\n\n\n<p>\u201cSpokojnie. Ju\u017c o tym pomy\u015bleli\u015bmy. B\u0119dziesz mieszka\u0107 u rodzic\u00f3w Yumi,\u201d powiedzia\u0142 Jeremy, a na mojej twarzy pojawi\u0142 si\u0119 wyraz zaskoczenia.<\/p>\n\n\n\n<p>\u201cNie ma nic przeciwko facetowi mieszkaj\u0105cemu z dwiema dziewczynami w jego wieku?\u201d zapyta\u0142em. \u201cTo brzmi troch\u0119 podejrzanie.\u201d<\/p>\n\n\n\n<p>\u201cWiedz\u0105 o tobie tylko tyle, \u017ce jeste\u015b bratem Aelity. Jeste\u015b tam. Jeste\u015b tam po to, aby si\u0119 ni\u0105 opiekowa\u0107, poniewa\u017c wasi rodzice nie chcieli wysy\u0142a\u0107 jej tutaj samej. Nie martw si\u0119. Podkre\u015bli\u0142em, \u017ce jeste\u015bcie ze sob\u0105 bardzo z\u017cyci, \u017ceby\u015b nie musia\u0142 si\u0119 z ni\u0105 na si\u0142\u0119 k\u0142\u00f3ci\u0107 jak ja z Hirokim, aby podtrzyma\u0107 pozory,\u201d powiedzia\u0142a Yumi, na co ja i Aelita szeroko si\u0119 u\u015bmiechn\u0119li\u015bmy.<\/p>\n\n\n\n<p>\u201cDzi\u0119ki, naprawd\u0119. Szczerze. B\u0119dzie dobrze zn\u00f3w by\u0107 cz\u0142owiekiem. Lyoko czasem jest troch\u0119 puste.\u201d<\/p>\n\n\n\n<p>\u201cTo najmniejsze co mo\u017cemy zrobi\u0107. Ryzykujesz swoim \u017cyciem aby nam pomaga\u0107. I uprzedzi\u0142e\u015b nas o rzeczach o kt\u00f3rych nie mogli\u015bmy mie\u0107 poj\u0119cia. To jest jedno z naszych podzi\u0119kowa\u0144,\u201d powiedzia\u0142 Jeremy. U\u015bmiechn\u0105\u0142em si\u0119.<\/p>\n\n\n\n<p>\u201cCo musimy zrobi\u0107 najpierw?\u201d zapyta\u0142em.<\/p>\n\n\n\n<p>\u201cNajpierw musz\u0119 zainstalowa\u0107 program w Superkomputerze. P\u00f3\u017aniej musicie si\u0119 dosta\u0107 do wie\u017cy przej\u015bcia w Regionie Le\u015bnym. Tam oboje zostaniecie zdewirtualizowani. Wtedy po raz pierwszy pojawicie si\u0119 w skanerach,\u201d wyja\u015bni\u0142 Jeremy.<\/p>\n\n\n\n<p>\u201cW takim razie, ruszamy do Regionu Le\u015bnego.\u201d powiedzia\u0142a Aelita.<\/p>\n\n\n\n<p>\u201cDobrze. My w mi\u0119dzyczasie p\u00f3jdziemy na lekcje. A p\u00f3\u017aniej, fabryka,\u201d powiedzia\u0142 Jeremy.<\/p>\n\n\n\n<p>\u201cZobacz\u0119 was p\u00f3\u017aniej, moi przyjaciele,\u201d powiedzia\u0142a Aelita, na\u015bladuj\u0105c dwoma palcami przywitanie, kt\u00f3re zazwyczaj robi\u0119. Ja r\u00f3wnie\u017c sparodiowa\u0142em jej zachowanie przed innymi.<\/p>\n\n\n\n<p>\u201cT\u0105 kolacj\u0119 jemy w sz\u00f3stk\u0119,\u201d powiedzia\u0142 Jeremy. Wtedy zerwali\u015bmy po\u0142\u0105czenie. Aelita odwr\u00f3ci\u0142a si\u0119 do mnie, wyra\u017anie podekscytowana.<\/p>\n\n\n\n<p>\u201cDasz wiar\u0119, \u017c\u0119 naprawd\u0119 udajemy si\u0119 do prawdziwego \u015bwiata?\u201d powiedzia\u0142a, zanim u\u015bwiadomi\u0142a sobie swoje s\u0142owa. \u201cWr\u00f3\u0107. Oczywi\u015bcie, \u017ce tak. Przecie\u017c wiesz, co si\u0119 wydarzy,\u201d<\/p>\n\n\n\n<p>\u201cNie mog\u0119 si\u0119 doczeka\u0107. Najpierw chc\u0119 wiedzie\u0107, jaka ta truskawkowa czuprynka jest w dotyku,\u201d powiedzia\u0142em, g\u0142adz\u0105c jej w\u0142osy moj\u0105 r\u0119k\u0105.<\/p>\n\n\n\n<p>\u201cR\u00f3wnie\u017c chcia\u0142abym si\u0119 dowiedzie\u0107, jakie to uczucie dotyka\u0107 twoich w\u0142os\u00f3w,\u201d powiedzia\u0142a Aelita.<\/p>\n\n\n\n<p>\u201cMog\u0119 ci zagwarantowa\u0107, \u017ce nie b\u0119d\u0105 takie mi\u0119kkie jak twoje. Ale przynajmniej nie b\u0119d\u0105 jak papier \u015bcierny,\u201d zapewni\u0142em j\u0105.<\/p>\n\n\n\n<p>Wtedy oboje podeszli\u015bmy do kraw\u0119dzi platformy i spadli\u015bmy z niej, aby znale\u017a\u0107 si\u0119 na nast\u0119pnej. Po chwili byli\u015bmy ju\u017c w Regionie Le\u015bnym.<\/p>\n\n\n\n<p>\u201cJak za starych dobrych czas\u00f3w, co?\u201d powiedzia\u0142em z u\u015bmiechem, gdy wzi\u0105\u0142em j\u0105 na swoje plecy. Nawet pomimo, \u017ce byli\u015bmy tutaj przez tylko kilka tygodni.<\/p>\n\n\n\n<p>\u201cMiejmy nadziej\u0119, \u017ce lepiej,\u201d powiedzia\u0142a Aelita, gdy bieg\u0142em w kierunku wie\u017cy. Byli\u015bmy ju\u017c blisko, gdy zauwa\u017cyli\u015bmy \u017ce, bez zaskoczenia, pilnowana by\u0142a przez trzy bloki. Szczerze, to nie by\u0142o wiele za wolno\u015b\u0107 Aelity. Wydawa\u0142o mi si\u0119, \u017ce pami\u0119ta\u0142em, \u017ce powinien tam by\u0107 r\u00f3wnie\u017c Mega Czo\u0142g. Z\u0142y odcinek? Mo\u017ce. Mog\u0142em czasem to popl\u0105ta\u0107.<\/p>\n\n\n\n<p>\u201cTe g\u0142\u0105by nie maj\u0105 szans,\u201d powiedzia\u0142em gdy zdj\u0105\u0142em j\u0105 z plec\u00f3w w pobli\u017cu powalonego drzewa. \u201cChocia\u017c troch\u0119 waham si\u0119 by zostawi\u0107 ci\u0119 tutaj sam\u0105. Nie zdziwi\u0142bym si\u0119, gdyby XANA wys\u0142a\u0142 tutaj Scyfozo\u0119, podczas gdy ja zajmuj\u0119 si\u0119 tymi kolesiami.\u201d<\/p>\n\n\n\n<p>\u201cCo powiesz na to? Mog\u0119 pom\u00f3c ci zamykaj\u0105c bloki w \u015bcianie skalnej. Mo\u017cesz za\u0142atwi\u0107 je przez dziur\u0119 na g\u00f3rze. I ja b\u0119d\u0119 w pobli\u017cu ciebie, gdyby pojawi\u0142a si\u0119 Scyfozoa,\u201d powiedzia\u0142a Aelita.<\/p>\n\n\n\n<p>\u201cZdecydowanie lubi\u0119 ten pomys\u0142. Gotowa?\u201d zapyta\u0142em. Skin\u0119\u0142a g\u0142ow\u0105. \u201cDalej!\u201d Zacz\u0105\u0142em biec w kierunku blok\u00f3w z wyci\u0105gni\u0119tym jednym mieczem, a obok mnie bieg\u0142a Aelita aby znale\u017a\u0107 si\u0119 wystarczaj\u0105co blisko by m\u00f3c u\u017cy\u0107 Kreatywno\u015bci. Odbija\u0142em lasery lec\u0105ce w jej kierunku, aby mog\u0142a stworzy\u0107 \u015bcian\u0119.<\/p>\n\n\n\n<p>Gdy by\u0142a gotowa, natychmiast wskoczy\u0142em do \u015brodka i sprzeda\u0142em wszystkim trzem blokom szybkie pchni\u0119cia mieczem, zanim wyskoczy\u0142em na zewn\u0105trz. Us\u0142ysza\u0142em trzy satysfakcjonuj\u0105ce eksplozje, i pokaza\u0142em Aelicie kciuk w g\u00f3r\u0119. U\u015bmiechn\u0119\u0142a si\u0119, podchodz\u0105c do mnie.<\/p>\n\n\n\n<p>\u201cTo by\u0142o \u0142atwe,\u201d powiedzia\u0142a Aelita.<\/p>\n\n\n\n<p>\u201cBardzo. Teraz musimy tylko czeka\u0107 na Jeremiego,\u201d powiedzia\u0142em jej.<\/p>\n\n\n\n<p>\u201cNa ile chcesz obstawi\u0107, \u017ce XANA jeszcze nie powiedzia\u0142 ostatniego s\u0142owa?\u201d zapyta\u0142a Aelita.<\/p>\n\n\n\n<p>\u201cMoje ramiona i nogi,\u201d powiedzia\u0142em sucho.<\/p>\n\n\n\n<p>\u201cJestem rozdarta. Z jednej strony chc\u0119, by\u015b mia\u0142 racj\u0119, a z drugiej by\u015b si\u0119 myli\u0142,\u201d powiedzia\u0142a Aelita. Za\u015bmia\u0142em si\u0119 cicho i pokr\u0119ci\u0142em g\u0142ow\u0105. Poczekali\u015bmy kilka minut, a\u017c zobaczyli\u015bmy zbli\u017caj\u0105cego si\u0119 do nas Mega Czo\u0142ga.<\/p>\n\n\n\n<p>\u201cWygl\u0105da na to, \u017ce zachowam moje nogi i ramiona,\u201d powiedzia\u0142em, po czym wyci\u0105gn\u0105\u0142em miecz. Czo\u0142g jednak nie skupia\u0142 si\u0119 ju\u017c na mnie, a na zniszczeniu wie\u017cy.<\/p>\n\n\n\n<p>\u201cNosz cholera,\u201d krzykn\u0105\u0142em biegn\u0105c w jego kierunku. Na\u0142adowa\u0142 kolejny strza\u0142, a ja przesun\u0105\u0142em cia\u0142o by unikn\u0105\u0107 promienia. Wyskoczy\u0142em wtedy na niego, z moim mieczem gotowym do ugodzenia go w Oko XANA\u201dy. Zamkn\u0105\u0142 si\u0119 jednak gdy czubek miecza by\u0142 w zasi\u0119gu jego skorupy, ale nie w zasi\u0119gu jego Oka.<\/p>\n\n\n\n<p>\u201cTy sukinsynu,\u201d zakl\u0105\u0142em, pr\u00f3buj\u0105c wyci\u0105gn\u0105\u0107 miecz zakleszczony mi\u0119dzy lew\u0105 i praw\u0105 stron\u0105 pancerza Mega Czo\u0142gu. Na nic.<\/p>\n\n\n\n<p>Wtedy Mega Czo\u0142g otworzy\u0142 si\u0119, i zacz\u0105\u0142 przygotowywa\u0107 si\u0119 na kolejny strza\u0142. Nie mia\u0142em nawet czasu martwi\u0107 si\u0119 mieczem, uskakuj\u0105c w bok. Cz\u0119\u015b\u0107 promienia trafi\u0142a mnie jednak w nog\u0119, posy\u0142aj\u0105c mnie w pobli\u017ce kraw\u0119dzi platformy. Musia\u0142em robi\u0107 wszystko, \u017ceby nie spa\u015b\u0107.<\/p>\n\n\n\n<p>\u201cSzlag, szlag, szlag. Nie teraz!\u201d krzykn\u0105\u0142em.<\/p>\n\n\n\n<p>Czo\u0142g odwr\u00f3ci\u0142 si\u0119 do mnie i sta\u0142em si\u0119 nawet bardziej nerwowy. Co je\u015bli tym razem mnie dorwie? T\u0105 my\u015bl natychmiast zast\u0105pi\u0142o twarde postanowienie. Nie. Ten dra\u0144 nie wygra.<\/p>\n\n\n\n<p>Czo\u0142g na\u0142adowa\u0142 strza\u0142, ale przesun\u0105\u0142em si\u0119 w bok, przenosz\u0105c jedno z moich ramion poza kraw\u0119d\u017a, aby unikn\u0105\u0107 trafienia. Kiedy by\u0142o ju\u017c po strzale, ponownie z\u0142apa\u0142em kraw\u0119d\u017a drug\u0105 r\u0119k\u0105. Nie by\u0142o dobrze. Nie pomaga\u0142o r\u00f3wnie\u017c to, \u017ce nie mia\u0142em \u017cadnych broni.<\/p>\n\n\n\n<p>Wtedy Czo\u0142g odwr\u00f3ci\u0142 si\u0119 ode mnie i ponownie skoncentrowa\u0142 na wie\u017cy. \u017ba\u0142owa\u0142em teraz, \u017ce nie krzycza\u0142em o pomoc. Teraz mo\u017cemy przez to przegra\u0107. W tym momencie jednak mi\u0119dzy Czo\u0142giem z wie\u017c\u0105 pojawi\u0142a si\u0119 wysoka skalna \u015bciana, blokuj\u0105c strza\u0142y potwora. Nie wygl\u0105da\u0142o jednak, by wytrzyma\u0142a zbyt d\u0142ugo.<\/p>\n\n\n\n<p>Wykorzysta\u0142em okazj\u0119 aby wspi\u0105\u0107 si\u0119 na platform\u0119 i podbiec do Aelity, kt\u00f3ra by\u0142a naprzeciwko wie\u017cy.<\/p>\n\n\n\n<p>\u201cJeste\u015b ca\u0142a?\u201dzapyta\u0142em..<\/p>\n\n\n\n<p>\u201cTo ja powinnam zada\u0107 to pytanie. Trafi\u0142 ci\u0119?\u201d zapyta\u0142a Aelita.<\/p>\n\n\n\n<p>\u201cTylko w nog\u0119. Ale nie jestem pewien, ile punkt\u00f3w \u017cycia mi zosta\u0142o. To wygl\u0105da \u017ale. Naprawd\u0119 \u017ale,\u201d powiedzia\u0142em, gdy us\u0142ysza\u0142em g\u0142o\u015bn\u0105 eksplozj\u0119.Spojrza\u0142em za siebie i zobaczy\u0142em,jak \u015bciana powoli si\u0119 rozpada.<\/p>\n\n\n\n<p>\u201cTo nie wytrzyma zbyt d\u0142ugo. Skontaktowa\u0142a\u015b si\u0119 z innymi?\u201d zapyta\u0142em.<\/p>\n\n\n\n<p>\u201cTak. S\u0105 ju\u017c w drodze,\u201d powiedzia\u0142a Aelita..<\/p>\n\n\n\n<p>\u201cMiejmy nadziej\u0119, \u017ce wytrzymamy tak d\u0142ugo. Przynajmniej jest za g\u0142upi by spr\u00f3bowa\u0107 omin\u0105\u0107 \u015bcian\u0119,\u201d powiedzia\u0142em, gdy us\u0142ysza\u0142em za sob\u0105 kolejn\u0105 eksplozj\u0119. I nie pochodzi\u0142a ona od Czo\u0142gu kt\u00f3rym obecnie si\u0119 zajmowali\u015bmy. Ten Megaczo\u0142g znajdowa\u0142 si\u0119 na innej platformie.<\/p>\n\n\n\n<p>\u201cAh, szlag. Ten nie poczeka,\u201d zaj\u0119cza\u0142em. Kl\u0119kn\u0105\u0142em przed Aelit\u0105 i spojrza\u0142em jej prosto w oczy, trzymaj\u0105c jej ramiona. \u201cS\u0142uchaj, mog\u0119 nie da\u0107 rady\u2026\u201d<\/p>\n\n\n\n<p>\u201cPoprawka. My,\u201d powiedzia\u0142a Aelita z przekonaniem.<\/p>\n\n\n\n<p>\u201cAle gdy nie wytrzymamy i co\u015b mi si\u0119 stanie, uciekaj. Chc\u0119, by\u015b ucieka\u0142a,\u201d powiedzia\u0142em jej. Nie da\u0142em jej czasu na odpowied\u017a, wyci\u0105gaj\u0105c oba miecze i biegn\u0105c w kierunku Mega Czo\u0142gu, kt\u00f3ry w\u0142a\u015bnie si\u0119 zjawi\u0142. \u015aciana stworzona przez Aelit\u0119 ledwo si\u0119 trzyma\u0142a, wi\u0119c mia\u0142em jeszcze kilka chwil za os\u0142on\u0105.<\/p>\n\n\n\n<p>Przeskoczy\u0142em po platformach, kt\u00f3re nie by\u0142y na g\u0142\u00f3wnej \u015bcie\u017cce i szybko zaszed\u0142em go od boku. Uderzy\u0142em go ramieniem, ale nie wystarczy\u0142o to aby str\u0105ci\u0107 go w przepa\u015b\u0107. Odwr\u00f3ci\u0142 si\u0119 w moim kierunku, i czeka\u0142em na to a\u017c otworzy si\u0119 by wbi\u0107 miecz w jego Oko XANA\u2019y. Z jakiego\u015b powodu mia\u0142em wi\u0119ksz\u0105 trudno\u015b\u0107 z wyci\u0105gni\u0119ciem miecza. I gdy mi si\u0119 to uda\u0142o, eksplozja Mega Czo\u0142gu pos\u0142a\u0142a mnie w ty\u0142.<\/p>\n\n\n\n<p>\u201cUgh. Dlaczego wci\u0105\u017c tu jestem?\u201d powiedzia\u0142em podnosz\u0105c si\u0119 na nogi. Wiedzia\u0142em, \u017ce jeszcze jedno trafienie i b\u0119dzie po mnie. W tym momencie Czo\u0142g po drugiej stronie przebi\u0142 si\u0119 przez \u015bcian\u0119 kt\u00f3r\u0105 stworzy\u0142a Aelita i ponownie zacz\u0105\u0142 strzela\u0107 w wie\u017c\u0119. Zmusi\u0142em si\u0119 by wsta\u0107 i zacz\u0105\u0107 biec w jego stron\u0119. Dlaczego tak si\u0119 ba\u0142em, \u017ce ten potw\u00f3r mnie wyko\u0144czy?<\/p>\n\n\n\n<p>Znajduj\u0105c si\u0142\u0119 w nogach, zacz\u0105\u0142em biec w jego kierunku, wiedzia\u0142em jednak, \u017ce musz\u0119 co\u015b szybko wymy\u015bli\u0107. Nie mog\u0142em zablokowa\u0107 strza\u0142u. Ostatecznie jego si\u0142a przewa\u017cy\u0142aby, a to oznacza\u0142o moj\u0105 \u015bmier\u0107. Potrzebowa\u0142em innego pomys\u0142u.<\/p>\n\n\n\n<p>\u201cNa wszystko co dobre, Jeremy. Czy mo\u017cesz by\u0107 jeszcze wolniejszy?\u201d zapyta\u0142em, przemy\u015bliwuj\u0105c moje podej\u015bcie.<\/p>\n\n\n\n<p>\u201cStarczy mi si\u0142y na jeszcze jedn\u0105 blokad\u0119. Zyskamy troch\u0119 czasu,\u201d powiedzia\u0142a Aelita.<\/p>\n\n\n\n<p>\u201cZr\u00f3b to, ale nie nadwyr\u0119\u017caj si\u0119,\u201d powiedzia\u0142em. Skin\u0119\u0142a g\u0142ow\u0105, po czym ukl\u0119kn\u0119\u0142a, aktywuj\u0105c \u015bpiewem swoj\u0105 Kreatywno\u015b\u0107. Kolejna \u015bciana by\u0142a gotowa, jednak Aelita osun\u0119\u0142a si\u0119, wygl\u0105daj\u0105c na p\u00f3\u0142przytomn\u0105. Ukl\u0105k\u0142em przy niej, \u0142api\u0105c jej policzki moimi r\u0119kami, aby zmusi\u0107 j\u0105 do patrzenia na mnie<\/p>\n\n\n\n<p>\u201cPatrz na mnie Lita, nie zasypiaj,\u201d powiedzia\u0142em, delikatnie uderzaj\u0105c j\u0105 d\u0142oni\u0105 w policzki.<\/p>\n\n\n\n<p>\u201cNie umieram. Po prostu jestem troch\u0119 zm\u0119czona. Nigdy nie u\u017cywa\u0142am mojej mocy tak wiele razy. Nie mia\u0142am okazji jej przetestowa\u0107, u\u017cywa\u0142am jej gdy by\u0142o naprawd\u0119 \u017ale,\u201d powiedzia\u0142a Aelita.<\/p>\n\n\n\n<p>\u201cDobrze. Musimy po prostu poczeka\u0107. Chcia\u0142bym jednak, by Jeremy si\u0119 troch\u0119 pospieszy\u0142,\u201d powiedzia\u0142em.<\/p>\n\n\n\n<p>\u201cOn robi co mo\u017ce,\u201d odpar\u0142a Aelita.<\/p>\n\n\n\n<p>\u201cWiem. Po prostu mam do\u015b\u0107 tych g\u0142upich Czo\u0142g\u00f3w. Mam tyle szcz\u0119\u015bcia, \u017ce oberwa\u0142em jedynie w nog\u0119, a nie w ca\u0142e cia\u0142o,\u201d powiedzia\u0142em.<\/p>\n\n\n\n<p>\u201cPoczekaj tutaj. Z\u0142ap oddech,\u201d powiedzia\u0142a Aeltia, kt\u00f3ra teraz odzyska\u0142a ju\u017c troch\u0119 si\u0142y. Zaprowadzi\u0142a mnie do drzewa, o kt\u00f3re opar\u0142em si\u0119, wci\u0105\u017c jednak maj\u0105c na oku Czo\u0142g.<\/p>\n\n\n\n<p>\u201cRobisz dobre bariery,\u201d powiedzia\u0142em jej. Zniszczenie tej \u015bciany zaj\u0119\u0142o Czo\u0142gom do\u015b\u0107 du\u017co czasu, co oznacza\u0142o \u017ce \u017caden inny potw\u00f3r nie by\u0142 w stanie tego zrobi\u0107.<\/p>\n\n\n\n<p>\u201cDzi\u0119ki. To dziwne jaki wp\u0142yw maj\u0105 na ciebie ataki XANA\u2019y. Odczuwasz je mocniej ni\u017c wszyscy inni.\u201d powiedzia\u0142a Aelita.<\/p>\n\n\n\n<p>\u201cMy\u015bla\u0142em, \u017ce tylko ja tak uwa\u017cam,\u201d powiedzia\u0142em pod\u015bmiewaj\u0105c si\u0119. \u201cXANA, ty rasistowski dziadu.\u201d Pokr\u0119ci\u0142em g\u0142ow\u0105 na my\u015bl o oskar\u017caniu sztucznej inteligencji o rasizm. Jestem pewien, \u017ce XANA nie ma \u017cadnych stereotyp\u00f3w na m\u00f3j temat. Po prostu chce mnie zabi\u0107, tak jak i wszystkich innych.<\/p>\n\n\n\n<p>\u201cRobert! Aelita! Jeste\u015bcie cali?\u201d zapytal Jeremy.<\/p>\n\n\n\n<p>\u201cNie za bardzo. Nie jest dobrze, Jeremy. Mo\u017cesz wys\u0142a\u0107 tu pozosta\u0142ych? Ten g\u0142upi Czo\u0142g trzyma nas w potrzasku. Raczej nie zosta\u0142o mi wiele punkt\u00f3w \u017cycia. Aelita stworzy\u0142a barier\u0119, ale nie wiem jak d\u0142ugo ona wytrzyma,\u201d powiedzia\u0142em mu.<\/p>\n\n\n\n<p>\u201cNie martwcie si\u0119. Pomoc jest w drodze,\u201d powiedzia\u0142 Jeremy.<\/p>\n\n\n\n<p>\u201cProsz\u0119, pospieszcie si\u0119. Nie wiem, czy wie\u017ca r\u00f3wnie\u017c wytrzyma zbyt d\u0142ugo,\u201d powiedzia\u0142em mu.<\/p>\n\n\n\n<p>\u201cOczywi\u015bcie chce zniszczy\u0107 wie\u017c\u0119. XANA, zaczynasz mnie denerwowa\u0107,\u201d powiedzia\u0142 Jeremy.<\/p>\n\n\n\n<p>\u201cA jak ja mam si\u0119 czu\u0107? To ja tu jestem atakowany przez Mega Czo\u0142gi,\u201d powiedzia\u0142em wstaj\u0105c na nogi i trzymaj\u0105c oba miecze po bokach. Dalej obserwowa\u0142em, jak Mega Czo\u0142g pr\u00f3bowa\u0142 zniszczy\u0107 barier\u0119.<\/p>\n\n\n\n<p>Wtedy z daleka zauwa\u017cy\u0142em Odda skacz\u0105cego do g\u00f3ry i trafiaj\u0105cego Czo\u0142g w jego oko XANA\u2019y zanim potw\u00f3r zdo\u0142a\u0142 zniszczy\u0107 \u015bcian\u0119. Westchn\u0105\u0142em z ulg\u0105. Ju\u017c po wszystkim.<\/p>\n\n\n\n<p>\u201c\u017byjemy,\u201d powiedzia\u0142em. Gdy tylko s\u0142owa opu\u015bci\u0142y moje usta, poczu\u0142em jak moje nogi i r\u0119ce zostaj\u0105 zwi\u0105zane, natomiast moje miecze upadaj\u0105 na ziemi\u0119. Spojrza\u0142em w d\u00f3\u0142 i zobaczy\u0142em oplataj\u0105ce mnie macki. Nie musia\u0142em zgadywa\u0107, w co si\u0119 wpakowa\u0142em.<\/p>\n\n\n\n<p>\u201cUciekaj,\u201d natychmiast powiedzia\u0142em Aelicie. Jednak zamiast to zrobi\u0107, podnios\u0142a jeden z moich mieczy i odci\u0119\u0142a jedn\u0105 z oplataj\u0105cych mnie macek. Dwie pozosta\u0142e dotkn\u0119\u0142y teraz mojej g\u0142owy. Zamachn\u0119\u0142a si\u0119 jeszcze kilka razy, uwalniaj\u0105c mnie od Scyfozoi.<\/p>\n\n\n\n<p>\u201cDlaczego musia\u0142em mie\u0107 racj\u0119, \u017ce ta ob\u015blizg\u0142a rzecz pojawi si\u0119 pr\u0119dzej czy p\u00f3\u017aniej?\u201d powiedzia\u0142em, zmuszaj\u0105c si\u0119 by stan\u0105\u0107 na nogach. Schowa\u0142em swoje miecze i patrzy\u0142em jak Scyfozoa odlatuje. Podszed\u0142em do wie\u017cy, gdy zobaczy\u0142em reszt\u0119 dochodz\u0105c\u0105 do nas, zanim odwr\u00f3ci\u0142em si\u0119 do Aelity.<\/p>\n\n\n\n<p>\u201cDzi\u0119ki za pomoc,\u201d powiedzia\u0142em jej.<\/p>\n\n\n\n<p>\u201cNie ma sprawy. Siedzimy w tym razem,\u201d powiedzia\u0142a Aelita. U\u015bmiechn\u0105\u0142em si\u0119 gdy podeszli\u015bmy do innych.<\/p>\n\n\n\n<p>\u201cDzi\u0119ki, \u017ce przybyli\u015bcie tutaj na czas,\u201d powiedzia\u0142em im z wdzi\u0119czno\u015bci\u0105.<\/p>\n\n\n\n<p>\u201c\u017baden problem. Wystarczy, \u017ce twoimi pierwszymi s\u0142owami po wyj\u015bciu ze skanera b\u0119d\u0105 \u201cOdd jest najlepszym cz\u0142owiekiem na \u015bwiecie,\u201d powiedzia\u0142 Odd z szerokim u\u015bmiechem, na co my jedynie przewr\u00f3cili\u015bmy oczami.<\/p>\n\n\n\n<p>\u201cCo powiesz na\u2026nie? Gdyby co\u015b, powiedzia\u0142bym raczej, \u017ce jeste\u015b jedn\u0105 z najgorszych,\u201d powiedzia\u0142em, na co inni si\u0119 roze\u015bmiali.<\/p>\n\n\n\n<p>\u201cC\u00f3\u017c, wie\u017ca na was czeka. Aelita, ty pierwsza,\u201d powiedzia\u0142 Jeremy. Aelita odwr\u00f3ci\u0142a si\u0119 i mnie przytuli\u0142a.<\/p>\n\n\n\n<p>\u201cDo zobaczenia po drugiej stronie,\u201d powiedzia\u0142a. U\u015bmiechn\u0105\u0142em si\u0119 i pozwoli\u0142em jej uda\u0107 si\u0119 w kierunku wie\u017cy, zanim odwr\u00f3ci\u0142em si\u0119 do innych.<\/p>\n\n\n\n<p>\u201cSzczerze, jestem zaskoczony, \u017ce wci\u0105\u017c \u017cyj\u0119. Jeszcze raz dzi\u0119ki za pomoc,\u201d powiedzia\u0142em.<\/p>\n\n\n\n<p>\u201cNie ma problemu,\u201d powiedzia\u0142 Ulrich. \u201cB\u0119dzie wam znacznie \u0142atwiej, gdy znajdziecie si\u0119 w \u015bwiecie ludzi. C\u00f3\u017c, przynajmniej b\u0119dziecie mieli wi\u0119cej rozrywek ni\u017c w Lyoko.<\/p>\n\n\n\n<p>\u201cTak, przynajmniej tyle,\u201d powiedzia\u0142em. Ulrich u\u015bmiechn\u0105\u0142 si\u0119.<\/p>\n\n\n\n<p>\u201cDzi\u0119ki za wcze\u015bniej,\u201d powiedzia\u0142. Skin\u0105\u0142em g\u0142ow\u0105. Nie musia\u0142em nic powiedzie\u0107 by wiedzia\u0142, \u017ce lubi\u0119 pomaga\u0107. A przynajmniej mam nadziej\u0119, \u017ce tak by\u0142o.<\/p>\n\n\n\n<p>\u201cPrzy czym mu pomog\u0142e\u015b?\u201d zapyta\u0142 Odd.<\/p>\n\n\n\n<p>\u201cTroch\u0119 rad na przysz\u0142o\u015b\u0107,\u201d powiedzia\u0142em mu.<\/p>\n\n\n\n<p>\u201cJeste\u015b nast\u0119pny, Robert,\u201d powiedzia\u0142 Jeremy. Wszed\u0142em do wie\u017cy i stan\u0105\u0142em na \u015brodku platformy. \u201cKod: Ziemia\u201d.<\/p>\n\n\n\n<p>Unios\u0142em si\u0119 wysoko w wie\u017cy z zamkni\u0119tymi oczami i rozpostartymi ramionami. S\u0142ysza\u0142em w uszach piszczenie, po czym przesta\u0142em czu\u0107 cokolwiek.<\/p>\n\n\n\n<p>Uczucie unoszenia si\u0119 w cyberprzestrzeni by\u0142o bardzo dziwne. Dos\u0142ownie czu\u0142em jak moje cia\u0142o si\u0119 na nowo buduje, podczas gdy porusza\u0142em si\u0119 z pr\u0119dko\u015bci\u0105 stu mil na godzin\u0119.<\/p>\n\n\n\n<p>Wtedy sko\u0144czy\u0142o si\u0119 to r\u00f3wnie szybko jak si\u0119 zacz\u0119\u0142o i poczu\u0142em, \u017ce le\u017c\u0119 na g\u0142adkiej, zimnej metalowej powierzchni. Odwr\u00f3ci\u0142em g\u0142ow\u0119 i otworzy\u0142em oczy. Zobaczy\u0142em ca\u0142\u0105 paczk\u0119 stoj\u0105c\u0105 przede mn\u0105. Moje oczy natychmiast zwr\u00f3ci\u0142y si\u0119 do Aelity. U\u015bmiechn\u0119\u0142a si\u0119, po czym przykl\u0119k\u0142a przy mnie gdy wci\u0105\u017c le\u017ca\u0142em we skanerze.<\/p>\n\n\n\n<p>\u201cDotarli\u015bmy. Uda\u0142o si\u0119 nam,\u201d powiedzia\u0142a.<\/p>\n\n\n\n<p>\u201cTak. Uda\u0142o si\u0119,\u201d powiedzia\u0142em, przybijaj\u0105c pi\u0105tk\u0119 z Ulrichem w ge\u015bcie celebracji. Wszyscy byli szcz\u0119\u015bliwi. By\u0142o dobrze by\u0107 ponownie w ludzkim ciele.<\/p>\n","protected":false},"excerpt":{"rendered":"<p>M\u00f3wi\u0142e\u015b, \u017ce masz dobre wie\u015bci, a torturujesz nas od kilku godzin, tylko dlatego \u017ce nie mo\u017cemy si\u0119 doczeka\u0107, \u017ceby dowiedzie\u0107 si\u0119 o chodzi. Jeste\u015b sadyst\u0105, wiesz o tym?\u201d powiedzia\u0142em. \u201cCzuj\u0119 si\u0119 obra\u017cony tym,\u201d Jeremy powiedzia\u0142 powa\u017cnie. \u201cNie czuj si\u0119 tak, zrobi\u0142bym to samo dla was wszystkich,\u201d powiedzia\u0142em z przyjaznym u\u015bmiechem. Aelita odwr\u00f3ci\u0142a si\u0119 w kierunku &hellip;<br \/><a href=\"https:\/\/kodlyoko.pl\/index.php\/artykuly\/opowiadania\/serie\/wsparcie\/rozdzial-6-udalo-sie\/\" class=\"more-link pen_button pen_element_default pen_icon_arrow_double\">Read more<\/a><\/p>\n","protected":false},"author":5,"featured_media":0,"parent":2821,"menu_order":0,"comment_status":"open","ping_status":"closed","template":"","meta":{"footnotes":""},"categories":[52],"tags":[],"class_list":["post-3052","page","type-page","status-publish","hentry","category-artykuly-wsparcie"],"_links":{"self":[{"href":"https:\/\/kodlyoko.pl\/index.php\/wp-json\/wp\/v2\/pages\/3052","targetHints":{"allow":["GET"]}}],"collection":[{"href":"https:\/\/kodlyoko.pl\/index.php\/wp-json\/wp\/v2\/pages"}],"about":[{"href":"https:\/\/kodlyoko.pl\/index.php\/wp-json\/wp\/v2\/types\/page"}],"author":[{"embeddable":true,"href":"https:\/\/kodlyoko.pl\/index.php\/wp-json\/wp\/v2\/users\/5"}],"replies":[{"embeddable":true,"href":"https:\/\/kodlyoko.pl\/index.php\/wp-json\/wp\/v2\/comments?post=3052"}],"version-history":[{"count":1,"href":"https:\/\/kodlyoko.pl\/index.php\/wp-json\/wp\/v2\/pages\/3052\/revisions"}],"predecessor-version":[{"id":3053,"href":"https:\/\/kodlyoko.pl\/index.php\/wp-json\/wp\/v2\/pages\/3052\/revisions\/3053"}],"up":[{"embeddable":true,"href":"https:\/\/kodlyoko.pl\/index.php\/wp-json\/wp\/v2\/pages\/2821"}],"wp:attachment":[{"href":"https:\/\/kodlyoko.pl\/index.php\/wp-json\/wp\/v2\/media?parent=3052"}],"wp:term":[{"taxonomy":"category","embeddable":true,"href":"https:\/\/kodlyoko.pl\/index.php\/wp-json\/wp\/v2\/categories?post=3052"},{"taxonomy":"post_tag","embeddable":true,"href":"https:\/\/kodlyoko.pl\/index.php\/wp-json\/wp\/v2\/tags?post=3052"}],"curies":[{"name":"wp","href":"https:\/\/api.w.org\/{rel}","templated":true}]}}