{"id":303,"date":"2021-04-13T15:45:48","date_gmt":"2021-04-13T15:45:48","guid":{"rendered":"http:\/\/kodlyoko.pl\/?page_id=303"},"modified":"2021-04-13T15:59:50","modified_gmt":"2021-04-13T15:59:50","slug":"inne-postacie","status":"publish","type":"page","link":"https:\/\/kodlyoko.pl\/index.php\/kod-lyoko\/inne-postacie\/","title":{"rendered":"Inne postacie"},"content":{"rendered":"\n<div class=\"wp-block-image\"><figure class=\"alignleft size-large\"><img decoding=\"async\" src=\"http:\/\/media.codelyoko.fr\/download\/rub\/personnages\/trombinoscope\/3eme_delmas_elisabeth.jpg\" alt=\"\"\/><\/figure><\/div>\n\n\n\n<p><strong>Elisabeth Delmas<\/strong><\/p>\n\n\n\n<p>Jest straszliwie rozpieszczon\u0105 c\u00f3rk\u0105 dyrektora. Nienawidzi swojego imienia, dlatego ka\u017ce m\u00f3wi\u0107 do siebie Sissi. Najcz\u0119\u015bciej jest widywana z Nicolasem i Hervem. Jest do\u015b\u0107 \u0142adna, przebojowa i zawsze lubi by\u0107 w centrum uwagi. Uwa\u017ca si\u0119 za najpi\u0119kniejsz\u0105 dziewczyn\u0119 w szkole. Od dawna kocha si\u0119 w Ulrichu (bez wzajemno\u015bci) i robi wszystko, aby z nim chodzi\u0107. Nie poddaje si\u0119 nawet gdy ten j\u0105 ignoruje. Jest bardzo w\u015bcibska, pr\u00f3buje pozna\u0107 tajemnic\u0119 bohater\u00f3w. Mo\u017cna j\u0105 tak\u017ce zobaczy\u0107 j\u0105 od innej strony. Mimo nieprzyjemnego charakteru, potrafi by\u0107 (co prawda raz na rok, ale si\u0119 zdarza) bardzo dobra, czu\u0142a i odwa\u017cna. Od czasu do czasu bohaterowie &#8220;wykorzystuj\u0105&#8221; Sissi, np. kiedy zrobi\u0105 co\u015b z\u0142ego i musz\u0105 spotka\u0107 si\u0119 z dyrektorem. Wtedy prosz\u0105 j\u0105, \u017ceby za\u0142atwi\u0142a wszystko z ojcem, za co cen\u0105 najcz\u0119\u015bciej jest wsp\u00f3lne wyj\u015bcie z Ulrichem. Jest zazdrosna o ka\u017cde s\u0142owo ch\u0142opaka zamienione z Yumi. Tej z kolei nienawidzi i uwa\u017ca j\u0105 za &#8220;chud\u0105 wron\u0119&#8221;.<\/p>\n\n\n\n<p><\/p>\n\n\n\n<div class=\"wp-block-image\"><figure class=\"alignleft size-large\"><img decoding=\"async\" src=\"http:\/\/media.codelyoko.fr\/download\/rub\/personnages\/trombinoscope\/3eme_poliakoff_nicolas.jpg\" alt=\"\"\/><\/figure><\/div>\n\n\n\n<p><strong>Nicolas Poliakoff<\/strong><\/p>\n\n\n\n<p>Jest cz\u0142onkiem grupy Sissi. Jest wysoki, ubiera si\u0119 na sportowo. Nie grzeszy inteligencj\u0105(lub innymi s\u0142owy,jest g\u0142upi), bardzo g\u0142o\u015bno si\u0119 \u015bmieje (jego \u015bmiech jest charakterystyczny) i nabija si\u0119 z Herva, jest jednak jego prawdopodobnie jedynym przyjacielem, dlatego zawsze zgadza si\u0119 z jego argumentami i idzie w jego \u015blady. W odcinku &#8220;Uwierz\u0119, jak zobacz\u0119&#8221; chcia\u0142 zagra\u0107 w zespole Odda jako perkusista. Powszechnie uznawany za najwi\u0119kszego t\u0119paka w szkole. Podoba mu si\u0119 Aelita, ale szczerze powiedziawszy jest za g\u0142upi, aby co\u015b z tym zrobi\u0107.<\/p>\n\n\n\n<p><\/p>\n\n\n\n<div class=\"wp-block-image\"><figure class=\"alignleft size-large\"><img decoding=\"async\" src=\"http:\/\/media.codelyoko.fr\/download\/rub\/personnages\/trombinoscope\/3eme_pichon_herve.jpg\" alt=\"\"\/><\/figure><\/div>\n\n\n\n<p><strong>Herv\u00e9 Pichon<\/strong><\/p>\n\n\n\n<p>Jest cz\u0142onkiem grupy Sissi. Nie cierpi Ulricha, zazdro\u015bci mu kondycji fizycznej i powodzenia u dziewczyn. Jest bardzo dobrym uczniem, ale zawsze ust\u0119puje nieco Jeremiemu. Rywalizuje z nim i nie umie si\u0119 pogodzi\u0107 z pora\u017ck\u0105. Herve ma talent do konstruowania, buduje robota i wystawia go w konkursie, w odcinku &#8220;Roboty&#8221; nawet pomaga bohaterom pozby\u0107 si\u0119 jednego z robot\u00f3w XANY. Jest zakochany w Sissi, bezustannie pr\u00f3buje si\u0119 z ni\u0105 um\u00f3wi\u0107, ale ona nie zwraca na niego uwagi. Aby jej zaimponowa\u0107 potrafi posun\u0105\u0107 si\u0119 do oszustwa (odcinek &#8220;Roboty&#8221;. Ma du\u017co pryszczy, \u015bmieszn\u0105 fryzur\u0119, jest niski, dziwne si\u0119 ubiera i nosi du\u017ce okulary. Ch\u0142opak ma r\u00f3wnie\u017c klaustrofobi\u0119.<\/p>\n\n\n\n<p><\/p>\n\n\n\n<div class=\"wp-block-image\"><figure class=\"alignleft size-large\"><img decoding=\"async\" src=\"http:\/\/media.codelyoko.fr\/download\/rub\/personnages\/trombinoscope\/5eme_solovieff_milly.jpg\" alt=\"\"\/><\/figure><\/div>\n\n\n\n<p><strong>Milly Solovieff<\/strong><\/p>\n\n\n\n<p>Jedna z dw\u00f3ch oficjalnych dziennikarek w Kadic, kt\u00f3ra szuka materia\u0142\u00f3w na ciekawe reporta\u017ce oraz je prezentuje. Ucz\u0119szcza do si\u00f3dmej klasy w ZS Kadic. Wraz ze swoj\u0105 przyjaci\u00f3\u0142k\u0105 o imieniu Tamiya nale\u017cy do Wiadomo\u015bci Kadic. Pod\u0105\u017ca za wszystkim co ciekawe i co rozs\u0142awi jej gazetk\u0119. Intryguj\u0105 j\u0105 plotki. Dziewczyna jest nieco dziecinna i wra\u017cliwa. W trudnych chwilach panikuje i p\u0142acze, jednak w czwartym sezonie staje si\u0119 odrobin\u0119 dojrzalsza. Milly nie przepada za c\u00f3rk\u0105 dyrektora, Sissi. Uwa\u017ca, \u017ce jest wredna, co mo\u017cna us\u0142ysze\u0107 w niekt\u00f3rych odcinkach po docinkach Delmas.<\/p>\n\n\n\n<p><\/p>\n\n\n\n<div class=\"wp-block-image\"><figure class=\"alignleft size-large\"><img decoding=\"async\" src=\"http:\/\/media.codelyoko.fr\/download\/rub\/personnages\/trombinoscope\/5eme_diop_tamiya.jpg\" alt=\"\"\/><\/figure><\/div>\n\n\n\n<p><strong>Tamiya Diop<\/strong><\/p>\n\n\n\n<p>Druga oficjalna dziennikarka w Kadic, kt\u00f3ra filmuje wydarzenia prezentowane przez Milly. Dzieli z ni\u0105 sw\u00f3j pok\u00f3j. jest najlepsz\u0105 przyjaci\u00f3\u0142k\u0105 Milly Solovieff, z kt\u00f3r\u0105 r\u00f3wnie\u017c dzieli pok\u00f3j, oraz jest jej kompank\u0105 w Wiadomo\u015bciach Kadic. Nale\u017cy do si\u00f3dmej klasy, ma jedena\u015bnie lat. Jest do\u015b\u0107 wra\u017cliwa, cho\u0107 troch\u0119 bardziej odpowiedzialna ni\u017c jej przyjaci\u00f3\u0142ka. Niech\u0119tnie podchodzi do kontakt\u00f3w z Sissi i jej grup\u0105, kt\u00f3ra traktuje j\u0105 i Milly bardziej z g\u00f3ry.<\/p>\n\n\n\n<p><\/p>\n\n\n\n<p><\/p>\n\n\n\n<p><\/p>\n\n\n\n<div class=\"wp-block-image\"><figure class=\"alignleft size-large\"><img decoding=\"async\" src=\"http:\/\/media.codelyoko.fr\/download\/rub\/personnages\/trombinoscope\/6eme_ishiyama_hiroki.jpg\" alt=\"\"\/><\/figure><\/div>\n\n\n\n<p><strong>Hiroki Ishiyama<\/strong><\/p>\n\n\n\n<p>Pierwszy raz pojawi\u0142 si\u0119 w drugim sezonie, jest m\u0142odszym bratem Yumi. Jest troch\u0119 w\u015bcibski, cz\u0119sto \u015bmieje si\u0119 z siostry i ca\u0142y czas m\u00f3wi jej o Ulrichu. Wykorzystuje to \u017ce Yumi ma tajemnice przed rodzicami, w zamian za jego milczenie Yumi robi mu zadania domowe lub pomaga w inny spos\u00f3b. Mimo pozornego konfliktu na linii brat-siostra, rodze\u0144stwo dobrze si\u0119 rozumie i wspiera si\u0119 wzajemnie. W trzeciej serii Hiroki wygl\u0105da dojrzalej i chodzi do szko\u0142y Kadic. Jest zafascynowany Ulrichem, kt\u00f3ry jest dla niego wielkim bohaterem i nie rozumie braku zainteresowania nim przez siostr\u0119.<\/p>\n\n\n\n<p><\/p>\n\n\n\n<div class=\"wp-block-image\"><figure class=\"alignleft size-large\"><img decoding=\"async\" src=\"http:\/\/media.codelyoko.fr\/download\/rub\/personnages\/trombinoscope\/6eme_cleary_johnny.jpg\" alt=\"\"\/><\/figure><\/div>\n\n\n\n<p><strong>Johnny Cleary<\/strong><\/p>\n\n\n\n<p>Jest najlepszym przyjacielem Hirokiego. To nowa posta\u0107, pojawiaj\u0105ca si\u0119 od odcinka 53 &#8220;W samo serce&#8221;. Jest w tej samej klasie co Hiroki. Podkochuje si\u0119 w Yumi. Johnny zawsze stara si\u0119 poderwa\u0107 Yumi. W odcinku 58 &#8220;Zawody&#8221; dosta\u0142 rad\u0119 od Ulricha, aby \u015bledzi\u0142 Yumi przez ca\u0142y czas. Dziewczyna dowiedzia\u0142a si\u0119 o tej radzie i rozgniewa\u0142a si\u0119 na Ulricha za robienie takich rzeczy. Lecz p\u00f3\u017aniej Ulrich dosta\u0142 szans\u0119, by nadrobi\u0107 sw\u00f3j b\u0142\u0105d, a Yumi i Johnny zostali ostatecznie do\u015b\u0107 dobrymi znajomymi.<\/p>\n\n\n\n<p><\/p>\n\n\n\n<p><\/p>\n\n\n\n<p>Zdj\u0119cia pochodz\u0105 ze strony www.codelyoko.fr, opisy stworzy\u0142 Jeremie96<\/p>\n","protected":false},"excerpt":{"rendered":"<p>Elisabeth Delmas Jest straszliwie rozpieszczon\u0105 c\u00f3rk\u0105 dyrektora. Nienawidzi swojego imienia, dlatego ka\u017ce m\u00f3wi\u0107 do siebie Sissi. Najcz\u0119\u015bciej jest widywana z Nicolasem i Hervem. Jest do\u015b\u0107 \u0142adna, przebojowa i zawsze lubi by\u0107 w centrum uwagi. Uwa\u017ca si\u0119 za najpi\u0119kniejsz\u0105 dziewczyn\u0119 w szkole. Od dawna kocha si\u0119 w Ulrichu (bez wzajemno\u015bci) i robi wszystko, aby z nim &hellip;<br \/><a href=\"https:\/\/kodlyoko.pl\/index.php\/kod-lyoko\/inne-postacie\/\" class=\"more-link pen_button pen_element_default pen_icon_arrow_double\">Read more<\/a><\/p>\n","protected":false},"author":5,"featured_media":0,"parent":187,"menu_order":0,"comment_status":"open","ping_status":"closed","template":"","meta":{"footnotes":""},"categories":[23],"tags":[],"class_list":["post-303","page","type-page","status-publish","hentry","category-menu-kod-lyoko"],"_links":{"self":[{"href":"https:\/\/kodlyoko.pl\/index.php\/wp-json\/wp\/v2\/pages\/303","targetHints":{"allow":["GET"]}}],"collection":[{"href":"https:\/\/kodlyoko.pl\/index.php\/wp-json\/wp\/v2\/pages"}],"about":[{"href":"https:\/\/kodlyoko.pl\/index.php\/wp-json\/wp\/v2\/types\/page"}],"author":[{"embeddable":true,"href":"https:\/\/kodlyoko.pl\/index.php\/wp-json\/wp\/v2\/users\/5"}],"replies":[{"embeddable":true,"href":"https:\/\/kodlyoko.pl\/index.php\/wp-json\/wp\/v2\/comments?post=303"}],"version-history":[{"count":13,"href":"https:\/\/kodlyoko.pl\/index.php\/wp-json\/wp\/v2\/pages\/303\/revisions"}],"predecessor-version":[{"id":321,"href":"https:\/\/kodlyoko.pl\/index.php\/wp-json\/wp\/v2\/pages\/303\/revisions\/321"}],"up":[{"embeddable":true,"href":"https:\/\/kodlyoko.pl\/index.php\/wp-json\/wp\/v2\/pages\/187"}],"wp:attachment":[{"href":"https:\/\/kodlyoko.pl\/index.php\/wp-json\/wp\/v2\/media?parent=303"}],"wp:term":[{"taxonomy":"category","embeddable":true,"href":"https:\/\/kodlyoko.pl\/index.php\/wp-json\/wp\/v2\/categories?post=303"},{"taxonomy":"post_tag","embeddable":true,"href":"https:\/\/kodlyoko.pl\/index.php\/wp-json\/wp\/v2\/tags?post=303"}],"curies":[{"name":"wp","href":"https:\/\/api.w.org\/{rel}","templated":true}]}}