{"id":292,"date":"2021-04-13T15:39:44","date_gmt":"2021-04-13T15:39:44","guid":{"rendered":"http:\/\/kodlyoko.pl\/?page_id=292"},"modified":"2022-04-06T23:11:55","modified_gmt":"2022-04-06T22:11:55","slug":"rozdzial-28","status":"publish","type":"page","link":"https:\/\/kodlyoko.pl\/index.php\/artykuly\/opowiadania\/serie\/bez-lyoko-czyli-zycie-tylko-w-realu\/rozdzial-28\/","title":{"rendered":"Rozdzia\u0142 28"},"content":{"rendered":"\n<p class=\"has-drop-cap\">Jean-Pierre Delmas siedzia\u0142 przed swoim domowym komputerem i ko\u0144czy\u0142 redagowa\u0107 wiadomo\u015b\u0107, kt\u00f3r\u0105 sekretariat szko\u0142y mia\u0142 rozes\u0142a\u0107 do wszystkich rodzic\u00f3w. Dotyczy\u0142a ona zebrania, jakie mia\u0142o si\u0119 odby\u0107 za trzy dni. Powodem jego zwo\u0142ania by\u0142 nowy regulamin szko\u0142y. Dyrektor uwa\u017ca\u0142, \u017ce trzeba przedstawi\u0107 zmiany tej grupie, kt\u00f3ra mog\u0142aby wnie\u015b\u0107 jakie\u015b w\u0105tpliwo\u015bci. Pami\u0119ta\u0142 przy tym, \u017ce to przedstawienie powinno odby\u0107 si\u0119 w taki spos\u00f3b, aby nikt, nawet najbardziej gorliwy rodziciel, nie mia\u0142 cho\u0107by cienia w\u0105tpliwo\u015bci co do s\u0142uszno\u015bci dzia\u0142a\u0144 i nie musia\u0142 zatruwa\u0107 dyrekcji i nauczycielom \u017cycia. Sam co prawda nie miewa\u0142 takich problem\u00f3w, ale wiedzia\u0142 z opowie\u015bci koleg\u00f3w, \u017ce zdarzaj\u0105 si\u0119 bardzo upierdliwe jednostki, kt\u00f3re potrafi\u0105 robi\u0107 afer\u0119 z byle g\u00f3wna, uwa\u017caj\u0105c, i\u017c znaj\u0105 si\u0119 lepiej na szkolnictwie, cho\u0107 nie sko\u0144czyli studi\u00f3w pedagogicznych. Wola\u0142 unikn\u0105\u0107 takich sytuacji, szczeg\u00f3lnie teraz, gdy wprowadzano tak istotn\u0105 reform\u0119.<\/p>\n\n\n\n<p>W\u0142a\u015bnie wysy\u0142a\u0142 ostateczny tekst do sekretarki, gdy do pokoju wesz\u0142a Sissi, ubrana od\u015bwi\u0119tnie, poniewa\u017c wraca\u0142a z pr\u00f3by w grupie ma\u017coretek, do kt\u00f3rej nale\u017ca\u0142a. By\u0142a bardzo zadowolona.<\/p>\n\n\n\n<p>-Cze\u015b\u0107, tatulku!<\/p>\n\n\n\n<p>-O, cze\u015b\u0107\u2026 co\u015b d\u0142ugo ci tam zesz\u0142o.<\/p>\n\n\n\n<p>-Wiesz, du\u017co \u0107wiczyli\u015bmy, poza tym dzisiaj wskazano, kto ma zosta\u0107 tamburmajork\u0105,<\/p>\n\n\n\n<p>-Zgaduj\u0119 po nastroju, \u017ce ty masz ni\u0105 by\u0107.<\/p>\n\n\n\n<p>-Pewnie \u017ce tak \u2013 odpowiedzia\u0142a ucieszona nastolatka \u2013 wszyscy uznali, \u017ce to ja powinnam ni\u0105 by\u0107. A wiesz, jaka to jest wa\u017cna rola?<\/p>\n\n\n\n<p>-Domy\u015blam si\u0119, cho\u0107 nie za bardzo kojarz\u0119, dlaczego \u2013 powiedzia\u0142 ojciec, kt\u00f3ry szczerze m\u00f3wi\u0105c nie przywi\u0105zywa\u0142 do tego zbyt wielkiej wagi, ale uzna\u0142, \u017ce skoro c\u00f3rka ma zaj\u0119cie, to niech si\u0119 rozwija.<\/p>\n\n\n\n<p>-B\u0119d\u0119 prowadzi\u0107 ka\u017cd\u0105 parad\u0119 na ka\u017cdej uroczysto\u015bci w mie\u015bcie, na wszystkich festynach, obchodach Dnia Bastylii\u2026. Mam ca\u0142\u0105 grup\u0119 pod sob\u0105, jakie\u015b trzydzie\u015bci dziewczyn, i b\u0119d\u0105 robi\u0107 to co ja ka\u017c\u0119. Wszystkie oczy na mnie b\u0119d\u0105 zwr\u00f3cone, wszystkie aparaty i kamery skierowane na moj\u0105 sylwetk\u0119 we wspania\u0142ym paradnym mundurze\u2026 &#8211; rozmarzy\u0142a si\u0119 Sissi.<\/p>\n\n\n\n<p>-To super. A kiedy jaka\u015b taka okazja b\u0119dzie, \u017ceby ciebie w takiej roli zobaczy\u0107?<\/p>\n\n\n\n<p>-Za oko\u0142o dwa-trzy tygodnie. Jeszcze nam powiedz\u0105, ale b\u0119dzie zrobiona uroczysto\u015b\u0107, na kt\u00f3rej wr\u0119cz\u0105 mi bu\u0142aw\u0119, z\u0142o\u017c\u0119 \u015blubowanie i poprowadz\u0119 pierwszy przemarsz. B\u0119dziesz chcia\u0142 pewnie zobaczy\u0107 swoj\u0105 zdoln\u0105 c\u00f3rk\u0119 w tej roli, prawda, tatku drogi?<\/p>\n\n\n\n<p>-No, pewnie \u017ce tak, ale musia\u0142aby\u015b mi powiedzia\u0142, kiedy to b\u0119dzie dok\u0142adnie i gdzie, to wtedy postaram si\u0119 przyby\u0107.<\/p>\n\n\n\n<p>-Dobrze. To ja id\u0119 chwil\u0119 odpocz\u0105\u0107 do siebie!<\/p>\n\n\n\n<p>Wysz\u0142a z pokoju. Ojciec chwil\u0119 si\u0119 zaduma\u0142.<\/p>\n\n\n\n<p>\u201eNo, kurcz\u0119, czyli jednak co\u015b ta moja c\u00f3rka potrafi. Owszem, wiadomo \u017ce robi to po to, \u017ceby si\u0119 pokaza\u0107 przed lud\u017ami, ale\u2026 przynajmniej jest to w jaki\u015b po\u017cyteczny spos\u00f3b zrobione, troch\u0119 sobie po\u0107wiczy przy okazji, poprawi koordynacj\u0119 ruch\u00f3w\u2026 tylko jedno mnie zastanawia: nie przeszkadza jej maszerowanie i skakanie w mundurku, a jak zaczynali\u015bmy kwesti\u0119 szkolnego uniformu, to by\u0142a przeciw. Ale zaraz\u2026 ja jeszcze mog\u0119 jej pasj\u0119 do bycia ma\u017coretk\u0105 wykorzysta\u0107\u2026 czy\u017cbym m\u00f3g\u0142 rozwi\u0105za\u0107 problem z nastolatk\u0105 i jej sk\u0142onno\u015bciami do buntu? Nie no, jak to wyjdzie, to b\u0119dzie trzeba do gazety napisa\u0107, do jakiego\u015b poradnika dla rodzic\u00f3w. Niech wywal\u0105 na ok\u0142adk\u0119: JEAN-PIERRE DELMAS I JEGO SPOS\u00d3B NA BUNTY NASTOLETNIE. C\u00f3\u017c\u2026 trzeba to przemy\u015ble\u0107 i dzia\u0142a\u0107. Ale to jak za\u0142atwimy zebranie.\u201d<\/p>\n\n\n\n<p><\/p>\n\n\n\n<p>Ulrich i Odd siedzieli w swoim pokoju wraz z Aelit\u0105, Yumi i Jeremiem, rozmy\u015blaj\u0105c g\u0142o\u015bno o tym, jaka przysz\u0142o\u015b\u0107 ich czeka.<\/p>\n\n\n\n<p>-Co mamy z tym zrobi\u0107? Mamy si\u0119 podporz\u0105dkowa\u0107 i siedzie\u0107 cicho? &#8211; zapyta\u0142 Niemiec.<\/p>\n\n\n\n<p>-Oczywi\u015bcie, \u017ce nie! &#8211; stanowczo odpowiedzia\u0142a czarnow\u0142osa \u2013 Nie mo\u017cemy da\u0107 si\u0119 st\u0142amsi\u0107, musimy pokaza\u0107, \u017ce mamy swoje zdanie.<\/p>\n\n\n\n<p>-Tylko w jaki spos\u00f3b? &#8211; w\u0142\u0105czy\u0142 si\u0119 Jeremie \u2013 Okupuj\u0105c szko\u0142\u0119 i robi\u0105c demonstracje na ulicach?<\/p>\n\n\n\n<p>-W razie ostateczno\u015bci owszem. Ale trzeba to rozegra\u0107 taktycznie. Nie mo\u017cna pope\u0142ni\u0107 tego b\u0142\u0119du, kt\u00f3ry Sissi zrobi\u0142a kilka lat temu przy okazji akcji z kom\u00f3rkami.<\/p>\n\n\n\n<p>-Jakiej akcji z kom\u00f3rkami? &#8211; spyta\u0142a Aelita \u2013 To musia\u0142o chyba by\u0107 wtedy, gdy jeszcze nie sprowadzili\u015bcie mnie na Ziemi\u0119.<\/p>\n\n\n\n<p>-Owszem, Aelito, kiedy\u015b by\u0142a sytuacja, w kt\u00f3rej Xana przej\u0105\u0142 satelit\u0119, a do kontaktu z nim u\u017cywa\u0142 telefon\u00f3w kom\u00f3rkowych uczni\u00f3w ze szko\u0142y. &#8211; wyja\u015bni\u0142 Jeremie \u2013 Zacz\u0119\u0142y dzwoni\u0107 na lekcjach, co spowodowa\u0142o w\u015bciek\u0142o\u015b\u0107 grona nauczycielskiego i wprowadzenie natychmiastowego zakazu posiadania w\u0142\u0105czonych kom\u00f3rek na lekcji.<\/p>\n\n\n\n<p>-OK, tylko\u2026 gdzie by\u0142 b\u0142\u0105d Sissi? &#8211; dopyta\u0142a r\u00f3\u017cowow\u0142osa.<\/p>\n\n\n\n<p>-B\u0142\u0105d polega\u0142 na tym \u2013 zabra\u0142a g\u0142os Japonka \u2013 \u017ce protest zrobiono zbyt szybko. C\u00f3rka dyrektora od razu praktycznie si\u0119 z tym wyrwa\u0142a, g\u0142\u00f3wnie dla zaspokojenia w\u0142asnych partykularnych interes\u00f3w. Nie w g\u0142owie jej by\u0142o dobro wsp\u00f3lnoty.<\/p>\n\n\n\n<p>-Chocia\u017c akurat wtedy ten protest nam nieco pom\u00f3g\u0142 \u2013 przypomnia\u0142 sobie Odd.<\/p>\n\n\n\n<p>-Wtedy tak, ale to dlatego, \u017ce sytuacja inaczej wygl\u0105da. Teraz co\u015b takiego by nas pogr\u0105\u017cy\u0142o. Nie mo\u017cemy dzia\u0142a\u0107 nagle i bez przemy\u015blenia.<\/p>\n\n\n\n<p>-Wi\u0119c jak powinni\u015bmy dzia\u0142a\u0107? &#8211; spyta\u0142 Ulrich.<\/p>\n\n\n\n<p>-Podstawowa kwestia jest taka \u2013 zabra\u0142 g\u0142os Einstein \u2013 \u017ce w tym momencie jeszcze niewiele os\u00f3b wie o tym, jak dok\u0142adnie te zmiany maj\u0105 wygl\u0105da\u0107. Nie mo\u017cemy teraz o tym g\u0142o\u015bno m\u00f3wi\u0107. Powinni\u015bmy poczeka\u0107, a\u017c to zostanie oficjalnie og\u0142oszone i wprowadzane, wtedy zobaczymy, jak b\u0119d\u0105 o tym uczniowie my\u015ble\u0107.<\/p>\n\n\n\n<p>-Wiem, \u017ce w mojej klasie wi\u0119kszo\u015b\u0107 jest raczej niezadowolona. Tak to wygl\u0105da\u0142o na lekcji wychowawczej, gdy Chardin zapowiedzia\u0142 nowy regulamin \u2013 doda\u0142a Yumi.<\/p>\n\n\n\n<p>-Tak, ale wy jeste\u015bcie starsi, nied\u0142ugo odejdziecie z tej szko\u0142y, mniej wam mog\u0105 zrobi\u0107 \u2013 lekko zaoponowa\u0142 Odd.<\/p>\n\n\n\n<p>-Racja \u2013 w\u0142\u0105czy\u0142a si\u0119 Aelita \u2013 wydaje mi si\u0119, \u017ce m\u0142odsze roczniki nie b\u0119d\u0105 tak odwa\u017cne.<\/p>\n\n\n\n<p>-Dlatego trzeba obserwowa\u0107, co b\u0119dzie si\u0119 dzia\u0142o, i zacz\u0105\u0107 od l\u017cejszych form oporu. Jak b\u0119d\u0105 nas chcieli przymusowo zapisywa\u0107 do harcerstwa, to si\u0119 nie zgadzajmy, m\u00f3wmy \u017ce to wbrew naszym przekonaniom, i \u017ce nie lubimy tego, co tam si\u0119 robi. Nie chcemy spa\u0107 w lesie i \u017cre\u0107 robak\u00f3w. Jak b\u0119d\u0105 nam kaza\u0107 ubiera\u0107 mundurki, to nie ubierajmy. Zobaczymy, ile os\u00f3b tak b\u0119dzie dzia\u0142a\u0107, a potem w razie konieczno\u015bci b\u0119dziemy stopniowo wykorzystywa\u0107 radykalniejsze formy \u2013 Japonka wyja\u015bni\u0142a sw\u00f3j plan.<\/p>\n\n\n\n<p>-Ja bym doda\u0142 jeszcze co\u015b \u2013 wtr\u0105ci\u0142 si\u0119 Jeremie \u2013 warto by by\u0142o skomunikowa\u0107 si\u0119 przez internet z uczniami z innych szk\u00f3\u0142, w ko\u0144cu to og\u00f3lnokrajowa reforma. \u0141atwiej potem b\u0119dzie organizowa\u0107 szerszy sprzeciw, gdy otrzymamy wsparcie kilkunastu, a mo\u017ce nawet kilkuset szk\u00f3\u0142 w kraju, ni\u017c gdyby\u015bmy sami, jako przedstawiciele jednej plac\u00f3wki we Francji, wyszli na ulic\u0119.<\/p>\n\n\n\n<p>-To dobra my\u015bl \u2013 potwierdzi\u0142a Yumi \u2013 bo pewnie podobne pomys\u0142y kie\u0142kuj\u0105 w ca\u0142ym kraju, a nie s\u0105dz\u0119, \u017ceby pos\u0142usznych uczni\u00f3w by\u0142o wi\u0119cej ni\u017c tych, kt\u00f3rzy chc\u0105 dba\u0107 o swoj\u0105 wolno\u015b\u0107. Nie w takim kraju jak Francja.<\/p>\n\n\n\n<p><\/p>\n\n\n\n<p>Po kilku godzinach dyskusji Jeremie wr\u00f3ci\u0142 do swojego pokoju. W\u0142\u0105czy\u0142 telewizor, w\u0142a\u015bnie nadawano wiadomo\u015bci z zagranicy i pokazywano wywiad z prezydentem jednego z europejskich kraj\u00f3w.<\/p>\n\n\n\n<p>-Czy zna pan jakie\u015b osi\u0105gni\u0119cia kandydata partii rz\u0105dz\u0105cej na rzecznika praw obywatelskich? &#8211; zapyta\u0142 redaktor prowadz\u0105cy \u2013 Kojarzy mo\u017ce pan jakie\u015b dzia\u0142ania w zakresie praw cz\u0142owieka?<\/p>\n\n\n\n<p>-Nie, ale znam pana Wawrzyka osobi\u015bcie, jest uczciwy, zawsze jak po\u017cycza\u0142 na puszk\u0119 coli, to oddawa\u0142, wi\u0119c na to stanowisko si\u0119 doskonale nadaje.<\/p>\n\n\n\n<p>\u201e<em>Fajne kryteria, nie ma co\u2026<\/em>\u201d &#8211; pomy\u015bla\u0142 Jeremie. Zaraz potem us\u0142ysza\u0142 jednak jeszcze dziwniejsze rzeczy.<\/p>\n\n\n\n<p>-Co mo\u017ce pan powiedzie\u0107 o dzia\u0142aniach s\u0142u\u017cb mundurowych, wiele os\u00f3b krytykuje to co si\u0119 ostatnio przy demonstracjach przeciwko rz\u0105dowi dzieje, uwa\u017ca u\u017cywane \u015brodki za zbyt drastyczne.<\/p>\n\n\n\n<p>-Panie redaktorze, policja pracuje bardzo profesjonalnie, czego dowodem jest to, \u017ce nikt nie zgin\u0105\u0142. Niech pan zobaczy na to, co si\u0119 dzieje w Stanach Zjednoczonych, tam pi\u0119\u0107 os\u00f3b zgin\u0119\u0142o, we Francji te\u017c by\u0142y ofiary niedawno\u2026<\/p>\n\n\n\n<p>\u201e<em>\u017be co? Jakie ofiary?<\/em>\u201d &#8211; zdziwi\u0142 si\u0119 Einstein \u2013 \u201e<em>Przecie\u017c te cztery osoby, kt\u00f3re zgin\u0119\u0142y dwa lata temu na demonstracji, to by\u0142y ofiary \u015bmiertelnego zatrucia si\u0119 zbyt szybkim jedzeniem w biegu burger\u00f3w jalapeno z McDonalda. Ten cz\u0142owiek si\u0119 w og\u00f3le na polityce nie zna\u2026 kto go wybra\u0142\u2026?<\/em>\u201d<\/p>\n\n\n\n<p>Po obejrzeniu programu ch\u0142opak w\u0142\u0105czy\u0142 komputer i zobaczy\u0142, \u017ce ma na Gmail wiadomo\u015b\u0107 podpisan\u0105 \u201eOd redakcji gazetki\u201d. Otworzy\u0142 j\u0105 i zacz\u0105\u0142 czyta\u0107.<\/p>\n\n\n\n<p><em>Witaj, Jeremie!<\/em><\/p>\n\n\n\n<p><em>Wybacz, \u017ce si\u0119 tu wtr\u0105camy, ale w nawi\u0105zaniu do wczorajszej rozmowy wyczuwamy, \u017ce mo\u017ce si\u0119 co\u015b dzia\u0107 w szkole. Nam te\u017c te zmiany si\u0119 nie podobaj\u0105 i chcemy wam jako\u015b pom\u00f3c. Je\u015bli b\u0119dziecie potrzebowa\u0107 jakiego\u015b wi\u0119kszego drukowania czy czego\u015b takiego, to pytajcie, mamy papier z pieni\u0119dzy szkolnych, to zawsze mo\u017cemy wpisa\u0107 w koszty. Tylko dyskretnie to musimy robi\u0107, nie mo\u017cemy o tym rozmawia\u0107 na korytarzu, \u017ceby nas nikt nie wsypa\u0142, dlatego b\u0119dziemy si\u0119 kontaktowa\u0107 g\u0142\u00f3wnie mailowo albo telefonicznie. Jak tylko co\u015b b\u0119dziecie wi\u0119cej wiedzie\u0107 o dzia\u0142aniach, jakie chcecie podj\u0105\u0107, dajcie nam zna\u0107.<\/em><\/p>\n\n\n\n<p><em>Milly i Tamiya<\/em><\/p>\n\n\n\n<p><\/p>\n\n\n\n<p><em>Korekta: Azize<\/em><\/p>\n","protected":false},"excerpt":{"rendered":"<p>Jean-Pierre Delmas siedzia\u0142 przed swoim domowym komputerem i ko\u0144czy\u0142 redagowa\u0107 wiadomo\u015b\u0107, kt\u00f3r\u0105 sekretariat szko\u0142y mia\u0142 rozes\u0142a\u0107 do wszystkich rodzic\u00f3w. Dotyczy\u0142a ona zebrania, jakie mia\u0142o si\u0119 odby\u0107 za trzy dni. Powodem jego zwo\u0142ania by\u0142 nowy regulamin szko\u0142y. Dyrektor uwa\u017ca\u0142, \u017ce trzeba przedstawi\u0107 zmiany tej grupie, kt\u00f3ra mog\u0142aby wnie\u015b\u0107 jakie\u015b w\u0105tpliwo\u015bci. Pami\u0119ta\u0142 przy tym, \u017ce to przedstawienie &hellip;<br \/><a href=\"https:\/\/kodlyoko.pl\/index.php\/artykuly\/opowiadania\/serie\/bez-lyoko-czyli-zycie-tylko-w-realu\/rozdzial-28\/\" class=\"more-link pen_button pen_element_default pen_icon_arrow_double\">Read more<\/a><\/p>\n","protected":false},"author":5,"featured_media":0,"parent":203,"menu_order":28,"comment_status":"open","ping_status":"closed","template":"","meta":{"footnotes":""},"categories":[22],"tags":[],"class_list":["post-292","page","type-page","status-publish","hentry","category-artykuly-bezlyoko"],"_links":{"self":[{"href":"https:\/\/kodlyoko.pl\/index.php\/wp-json\/wp\/v2\/pages\/292","targetHints":{"allow":["GET"]}}],"collection":[{"href":"https:\/\/kodlyoko.pl\/index.php\/wp-json\/wp\/v2\/pages"}],"about":[{"href":"https:\/\/kodlyoko.pl\/index.php\/wp-json\/wp\/v2\/types\/page"}],"author":[{"embeddable":true,"href":"https:\/\/kodlyoko.pl\/index.php\/wp-json\/wp\/v2\/users\/5"}],"replies":[{"embeddable":true,"href":"https:\/\/kodlyoko.pl\/index.php\/wp-json\/wp\/v2\/comments?post=292"}],"version-history":[{"count":2,"href":"https:\/\/kodlyoko.pl\/index.php\/wp-json\/wp\/v2\/pages\/292\/revisions"}],"predecessor-version":[{"id":3209,"href":"https:\/\/kodlyoko.pl\/index.php\/wp-json\/wp\/v2\/pages\/292\/revisions\/3209"}],"up":[{"embeddable":true,"href":"https:\/\/kodlyoko.pl\/index.php\/wp-json\/wp\/v2\/pages\/203"}],"wp:attachment":[{"href":"https:\/\/kodlyoko.pl\/index.php\/wp-json\/wp\/v2\/media?parent=292"}],"wp:term":[{"taxonomy":"category","embeddable":true,"href":"https:\/\/kodlyoko.pl\/index.php\/wp-json\/wp\/v2\/categories?post=292"},{"taxonomy":"post_tag","embeddable":true,"href":"https:\/\/kodlyoko.pl\/index.php\/wp-json\/wp\/v2\/tags?post=292"}],"curies":[{"name":"wp","href":"https:\/\/api.w.org\/{rel}","templated":true}]}}