{"id":2882,"date":"2021-10-18T23:20:54","date_gmt":"2021-10-18T21:20:54","guid":{"rendered":"https:\/\/kodlyoko.pl\/?page_id=2882"},"modified":"2021-10-19T01:04:11","modified_gmt":"2021-10-18T23:04:11","slug":"srebro-na-ramieniu","status":"publish","type":"page","link":"https:\/\/kodlyoko.pl\/index.php\/artykuly\/opowiadania\/serie\/cyfrowe-urywki\/srebro-na-ramieniu\/","title":{"rendered":"Srebro na ramieniu"},"content":{"rendered":"\n<p class=\"has-drop-cap\"><em>To ju\u017c tw\u00f3j koniec!<\/em><\/p>\n\n\n\n<p><em>&#8211; Nie\u2026 no zobacz sobie te cuda\u2026<\/em><\/p>\n\n\n\n<p>Czarnow\u0142osy ch\u0142opak zamkn\u0105\u0142 oczy. Demon jednak mu je si\u0142\u0105 otwiera\u0142. Jego powieki ci\u0119\u017cko drga\u0142y. Chcia\u0142 on walczy\u0107. Udowodni\u0107, \u017ce on nadal jest sob\u0105. W ko\u0144cu mu si\u0119 uda\u0142o!<\/p>\n\n\n\n<p>Ona to widzia\u0142a. Ten smutek w oczach. One te\u017c krzycza\u0142y. B\u0142aga\u0142y o pomoc. Tylko jej wtedy zaufa\u0142 na pocz\u0105tku roku. Rozmawiali w parku o muzyce. Zrozumia\u0142, \u017ce jednak jest z nim wszystko w porz\u0105dku.<\/p>\n\n\n\n<p>By\u0142o z nim w porz\u0105dku.<\/p>\n\n\n\n<p><em>&#8211; Popatrz na ni\u0105. Jaka ona jest przepi\u0119kna\u2026<\/em><\/p>\n\n\n\n<p>Mia\u0142 racj\u0119. Panna Ishyiama dos\u0142ownie ta\u0144czy\u0142a w tym \u015bwiecie. Gdy tylko wirowa\u0142y w powietrzu jej bro\u0144 w postaci dw\u00f3ch wachlarzy, ona p\u0142yn\u0119\u0142a razem z nimi. To ona dyrygowa\u0142a nast\u0119pny ruch \u2013 a jak tylko pr\u00f3bowa\u0142e\u015b j\u0105 zaatakowa\u0107\u2026<\/p>\n\n\n\n<p>To ona sprawia\u0142a, \u017ce by\u0142e\u015b jej niewolnikiem w ta\u0144cu.<\/p>\n\n\n\n<p><em>&#8211; A jaka by\u0142aby pi\u0119kna, gdyby mia\u0142a czarne oczy\u2026 jak ty\u2026<\/em><\/p>\n\n\n\n<p>Ch\u0142opak znikn\u0105\u0142.<\/p>\n\n\n\n<p>Pojawi\u0142 si\u0119 na kra\u0144cu sektora, kt\u00f3rego ziemia by\u0142a wiecznie skuta lodem, a noc nie ust\u0119powa\u0142a ani na minut\u0119. Chcia\u0142 ju\u017c to wszystko zako\u0144czy\u0107. Chcia\u0142 ju\u017c nigdy wi\u0119cej nie czu\u0107. \u017badnego b\u00f3lu, uk\u0142u\u0107 w sercu, krzyk\u00f3w z w\u0142asnej g\u0142owy. Chcia\u0142 przez kilka sekund, podczas lotu do Cyfrowego Morza, poczu\u0107 si\u0119 wolnym. Od wszystkiego.<\/p>\n\n\n\n<p><em>A zw\u0142aszcza od Xany.<\/em><\/p>\n\n\n\n<p>To by\u0142 tylko jeden skok\u2026 tylko jeden i a\u017c jeden.<\/p>\n\n\n\n<p><em>&#8211; Yumi, uciekaj!<\/em> \u2013 krzycza\u0142 do dziewczyny Jeremie.<\/p>\n\n\n\n<p>Nie odpowiedzia\u0142a. Podchodzi\u0142a do ch\u0142opaka r\u00f3wnymi krokami. Zupe\u0142nie jak zaprogramowany robot. Jak <em>\u201eKiwi 2\u201d,<\/em> kt\u00f3ry by\u0142 sterowany pilotem. Jego zadanie by\u0142o jedno. Pokona\u0107 przeciwnika jak najszybciej, zanim si\u0119 zorientuje.<\/p>\n\n\n\n<p>Tylko, \u017ce ona by\u0142a cz\u0142owiekiem.<\/p>\n\n\n\n<p>Tak samo William Dunbar.<\/p>\n\n\n\n<p>Ch\u0142opak odwr\u00f3ci\u0142 si\u0119 do niej. By\u0142 zszokowany. Ju\u017c go wi\u0119cej nie s\u0142ysza\u0142. Zupe\u0142nie jakby wyparowa\u0142 razem z nadmiarem emocji, kt\u00f3re si\u0119 w nim k\u0142\u0119bi\u0142y od pierwszego spotkania ze Scyphozo\u0105. Wtedy, w sektorze pi\u0105tym. To mia\u0142a by\u0107 zwyk\u0142a wyprawa. Wszystkich eliminowa\u0142 po kolei. By\u0142 w amoku.<\/p>\n\n\n\n<p>A teraz? Przy nim to w\u0142a\u015bnie najgro\u017aniejsza wojownika sta\u0142a obok niego.<\/p>\n\n\n\n<p>Delikatnie pog\u0142adzi\u0142 j\u0105 po policzku. Ona si\u0119 do niego zbli\u017cy\u0142a o jeszcze dwa kroki. Ch\u0142opak mia\u0142 wra\u017cenie, \u017ce to by\u0142a fikcja. \u017be to kolejna pu\u0142apka Xany. \u017be to tylko jego wyobra\u017ania p\u0142ata\u0142a kolejne figle.<\/p>\n\n\n\n<p>Ale tak nie by\u0142o \u2013 sta\u0142a przy nim. Smutna\u2026 przera\u017cona\u2026<\/p>\n\n\n\n<p><em>Nie tak\u0105 Ishiyam\u0119 zapami\u0119ta\u0142 przed ostatnim spotkaniem na Ziemi.<\/em><\/p>\n\n\n\n<p>\u2026<\/p>\n\n\n\n<p>On wr\u00f3ci\u0142.<\/p>\n\n\n\n<p>Zn\u00f3w przej\u0105\u0142 kontrol\u0119 nad jego cia\u0142em.<\/p>\n\n\n\n<p>Mia\u0142 ju\u017c pewno\u015b\u0107 \u2013 nigdy si\u0119 od niego nie uwolni. Demon by\u0142 \u0142owc\u0105, a on dla niego statystyk\u0105. Ju\u017c nie ofiar\u0105. Nie niewolnikiem. Nie jego \u015brodkiem do dzia\u0142a\u0144.<\/p>\n\n\n\n<p>Zosta\u0142 tylko liczb\u0105 w jego kolejnych osi\u0105gni\u0119ciach\u2026<\/p>\n\n\n\n<p>\u2026 Dziewczyna znikn\u0119\u0142a.<\/p>\n\n\n\n<p>Pozosta\u0142 po niej tylko srebrny naszyjnik. Wzi\u0105\u0142 go do lewej r\u0119ki. Obr\u00f3ci\u0142 go jeszcze w d\u0142oniach kilka razy, chc\u0105c sobie jeszcze raz odtworzy\u0107 widok Ishiyamy. Ale nie tak\u0105, jaka by\u0142a par\u0119 chwil temu. Tylko tak\u0105, kt\u00f3ra \u015bmia\u0142a si\u0119 z jego nieudanych podboj\u00f3w mi\u0142osnych w poprzedniej szkole pod drzewem.<\/p>\n\n\n\n<p>Nie by\u0142 w stanie wyczu\u0107, jaki to by\u0142 surowiec. Na tamtym \u015bwiecie pewnie by m\u00f3g\u0142.<\/p>\n\n\n\n<p><em>\u201eTo by\u0142 tylko za kr\u00f3tki sen\u2026 szybko zacz\u0105\u0142 i sko\u0144czy\u0142 si\u0119\u2026\u201d<\/em><\/p>\n\n\n\n<p><\/p>\n\n\n\n<p><em>Autorka: Azize<\/em><\/p>\n","protected":false},"excerpt":{"rendered":"<p>To ju\u017c tw\u00f3j koniec! &#8211; Nie\u2026 no zobacz sobie te cuda\u2026 Czarnow\u0142osy ch\u0142opak zamkn\u0105\u0142 oczy. Demon jednak mu je si\u0142\u0105 otwiera\u0142. Jego powieki ci\u0119\u017cko drga\u0142y. Chcia\u0142 on walczy\u0107. Udowodni\u0107, \u017ce on nadal jest sob\u0105. W ko\u0144cu mu si\u0119 uda\u0142o! Ona to widzia\u0142a. Ten smutek w oczach. One te\u017c krzycza\u0142y. B\u0142aga\u0142y o pomoc. Tylko jej wtedy &hellip;<br \/><a href=\"https:\/\/kodlyoko.pl\/index.php\/artykuly\/opowiadania\/serie\/cyfrowe-urywki\/srebro-na-ramieniu\/\" class=\"more-link pen_button pen_element_default pen_icon_arrow_double\">Read more<\/a><\/p>\n","protected":false},"author":5,"featured_media":0,"parent":544,"menu_order":0,"comment_status":"open","ping_status":"closed","template":"","meta":{"footnotes":""},"categories":[37],"tags":[],"class_list":["post-2882","page","type-page","status-publish","hentry","category-artykuly-cyfrowe-urywki"],"_links":{"self":[{"href":"https:\/\/kodlyoko.pl\/index.php\/wp-json\/wp\/v2\/pages\/2882","targetHints":{"allow":["GET"]}}],"collection":[{"href":"https:\/\/kodlyoko.pl\/index.php\/wp-json\/wp\/v2\/pages"}],"about":[{"href":"https:\/\/kodlyoko.pl\/index.php\/wp-json\/wp\/v2\/types\/page"}],"author":[{"embeddable":true,"href":"https:\/\/kodlyoko.pl\/index.php\/wp-json\/wp\/v2\/users\/5"}],"replies":[{"embeddable":true,"href":"https:\/\/kodlyoko.pl\/index.php\/wp-json\/wp\/v2\/comments?post=2882"}],"version-history":[{"count":1,"href":"https:\/\/kodlyoko.pl\/index.php\/wp-json\/wp\/v2\/pages\/2882\/revisions"}],"predecessor-version":[{"id":2883,"href":"https:\/\/kodlyoko.pl\/index.php\/wp-json\/wp\/v2\/pages\/2882\/revisions\/2883"}],"up":[{"embeddable":true,"href":"https:\/\/kodlyoko.pl\/index.php\/wp-json\/wp\/v2\/pages\/544"}],"wp:attachment":[{"href":"https:\/\/kodlyoko.pl\/index.php\/wp-json\/wp\/v2\/media?parent=2882"}],"wp:term":[{"taxonomy":"category","embeddable":true,"href":"https:\/\/kodlyoko.pl\/index.php\/wp-json\/wp\/v2\/categories?post=2882"},{"taxonomy":"post_tag","embeddable":true,"href":"https:\/\/kodlyoko.pl\/index.php\/wp-json\/wp\/v2\/tags?post=2882"}],"curies":[{"name":"wp","href":"https:\/\/api.w.org\/{rel}","templated":true}]}}