{"id":2769,"date":"2021-09-06T18:51:47","date_gmt":"2021-09-06T16:51:47","guid":{"rendered":"https:\/\/kodlyoko.pl\/?page_id=2769"},"modified":"2021-09-06T18:58:29","modified_gmt":"2021-09-06T16:58:29","slug":"runda-1-2noemie-elan-vs-morrigan-lennox","status":"publish","type":"page","link":"https:\/\/kodlyoko.pl\/index.php\/artykuly\/tworczosc-niekonwencjonalna\/arena\/edycja-3\/edycja-3-walki\/edycja-3-finaly\/runda-1-2noemie-elan-vs-morrigan-lennox\/","title":{"rendered":"[RUNDA 1-2]Noemie Elan vs Morrigan Lennox"},"content":{"rendered":"\n<p>\u2013 Runda fina\u0142owa. Morrigan Lennox.<\/p>\n\n\n\n<p><em>Zasz\u0142a\u015b tak daleko\u2026<\/em><\/p>\n\n\n\n<p>Staj\u0105c do swojej pierwszej walki, w \u0107wier\u0107fina\u0142ach, nie spodziewa\u0142aby si\u0119, \u017ce tego w\u0142a\u015bnie dnia, zostanie wywo\u0142ana jako jedna z zawodniczek w\u2026 finale. W wielkim finale trzeciej edycji Aren, poprzednio pokonuj\u0105c Doriana Finrsa i Alexa Becketa.<\/p>\n\n\n\n<p>\u2013 Twoj\u0105 przeciwniczk\u0105 b\u0119dzie Noemie Elan.<\/p>\n\n\n\n<p>Dziewczyna zdawa\u0142a si\u0119 by\u0107 niewiele m\u0142odsza od samej Lennox. Patrzy\u0142a na ni\u0105 z takim zaci\u0119ciem,jakby chcia\u0142a powiedzie\u0107, \u017ce fina\u0142 nale\u017cy do niej.<\/p>\n\n\n\n<p>Tak. Od Noemie bi\u0142a silna determinacja, wola walki i ch\u0119\u0107 zwyci\u0119stwa. I ju\u017c potrafi\u0142a powiedzie\u0107, \u017ce ta walka z pewno\u015bci\u0105\u2026 b\u0119dzie ciekawa. Przecie\u017c, musz\u0105 mie\u0107 nieco umiej\u0119tno\u015bci, skoro uda\u0142o im si\u0119 wyeliminowa\u0107 poprzednich przeciwnik\u00f3w i zaj\u015b\u0107 tutaj.<\/p>\n\n\n\n<p>\u2013 Protosektor Schaeffera. Przygotujcie si\u0119 do wirtualizacji.<\/p>\n\n\n\n<p><em>Nie mog\u0119 by\u0107 ju\u017c bardziej gotowa.<\/em><\/p>\n\n\n\n<p><em>\u2013 <\/em>Transfer Morrigan Lennox.<\/p>\n\n\n\n<p><em>Wszystko\u2026 albo nic.<\/em><\/p>\n\n\n\n<p>\u2013 Skan Morrigan Lennox.<\/p>\n\n\n\n<p><em>Niech wygra najlepszy.<\/em><\/p>\n\n\n\n<div style=\"height:10px\" aria-hidden=\"true\" class=\"wp-block-spacer\"><\/div>\n\n\n\n<p>\u2013 Wirtualizacja!<\/p>\n\n\n\n<p>By\u0142o tu tak ciemno. Nieprzyjemnie\u2026 Surowo. Kiedy tylko Morrigan zyska\u0142a mo\u017cliwo\u015b\u0107 widzenia w wirtualnej rzeczywisto\u015bci, to by\u0142a pierwsza rzecz, jaka rzuci\u0142a si\u0119 jej w oczy. Nie awatar przeciwniczki.<\/p>\n\n\n\n<p>Ten dziwny sektor. <em>Protosektor.<\/em> Prototyp\u2026 Wida\u0107. Naprawd\u0119 to by\u0142o wida\u0107. Platformy mia\u0142y zaledwie do kilkunastu metr\u00f3w szeroko\u015bci. Wzburzone fale Cyfrowego Morza obija\u0142y si\u0119 o kraw\u0119dzie sektora \u2013 Morrigan mog\u0142a dostrzec, \u017ce niekiedy nachodzi\u0142y na wierzch platformy, jeszcze troch\u0119, a pewnie i j\u0105 zakryje.<\/p>\n\n\n\n<p>Mocniej zacisn\u0119\u0142a d\u0142o\u0144 na swojej w\u0142\u00f3czni. W p\u00f3\u0142mroku, mog\u0142a dostrzec swoj\u0105 rywalk\u0119. Futurystyczna \u0142uczniczka sta\u0142a naprzeciw wyrwanej z celtyckiej mitologii magini, mierz\u0105c j\u0105 wzrokiem. Czy szacowa\u0142a w ten spos\u00f3b swoje szanse?<\/p>\n\n\n\n<p>Czy by\u0142 sens wdawania si\u0119 w jakiekolwiek dyskusje? \u017badna ze stron nie wydawa\u0142a si\u0119 w tamtej chwili rozmowna na tyle, by podj\u0105\u0107 si\u0119 odezwania. Mo\u017ce nawet Morrigan tego nie chcia\u0142a \u2013 widz\u0105c&nbsp; drwi\u0105cy u\u015bmieszek na ustach Elan.<\/p>\n\n\n\n<p>To tylko zmotywowa\u0142o Lennox, by go zetrze\u0107.<\/p>\n\n\n\n<p>\u2013 Start!<\/p>\n\n\n\n<p>\u0141uczniczka. Morrigan nie widzia\u0142a, by Noemie mia\u0142a przy sobie bro\u0144, dzi\u0119ki kt\u00f3rej mog\u0142aby sobie pomaga\u0107 w zwarciu. To dawa\u0142o czarnow\u0142osej przewag\u0119. Du\u017c\u0105 przewag\u0119, z kt\u00f3rej postanowi\u0142a zacz\u0105\u0107 w miar\u0119 mo\u017cliwo\u015bci korzysta\u0107\u2026<\/p>\n\n\n\n<p>No w\u0142a\u015bnie. W miar\u0119 mo\u017cliwo\u015bci. A ta w\u0142a\u015bnie zacz\u0119\u0142a, bezpardonowo, spyla\u0107, jakby w odpowiedzi na przemy\u015blenia.<\/p>\n\n\n\n<p><em>Nie no, cudownie.<\/em><\/p>\n\n\n\n<p>\u2013 No nie m\u00f3w, \u017ce wystraszy\u0142am Ci\u0119 ju\u017c na wst\u0119pie. \u2013 Morrigan u\u015bmiechn\u0119\u0142a si\u0119 lekko pod nosem. Mo\u017ce z lekk\u0105 drwin\u0105\u2026? Mo\u017ce z prowokacj\u0105? Sama do ko\u0144ca nie wiedzia\u0142a, dlaczego, ale raczej Noemie tego nie mog\u0142a dos\u0142ysze\u0107. By\u0142a ju\u017c\u2026 po prostu, za daleko. \u015alizg raz, \u015blizg dwa\u2026<\/p>\n\n\n\n<p>Strza\u0142a.<\/p>\n\n\n\n<p>Pojawi\u0142a si\u0119 zar\u00f3wno ci\u0119ciwa, jak i strza\u0142a. Obydwa elementy stworzone by\u0142y z energii, o czym w p\u00f3\u0142mroku informowa\u0142 ich blask.<\/p>\n\n\n\n<p>Naci\u0105gni\u0119cie ci\u0119ciwy, strza\u0142, \u015blizg w bok. Naci\u0105gni\u0119cie, strza\u0142, \u015blizg\u2026 Raz po raz, strza\u0142y tylko \u015bwiszcza\u0142y przy uchu Morrigan, kt\u00f3ra stara\u0142a si\u0119 unika\u0107 ich za wszelk\u0105 cen\u0119. Noemie by\u0142a spytna. Trzyma\u0142a j\u0105 pod ostrza\u0142em, przez kt\u00f3ry nie mog\u0142a si\u0119 zbli\u017cy\u0107, ani nawet samej spr\u00f3bowa\u0107 odda\u0107 ten\u017ce strza\u0142. Skry\u0142a si\u0119 za jednym z prostopad\u0142o\u015bcian\u00f3w, b\u0119d\u0105cych chyba prowizorycznym wzniesieniem na platformie, na kt\u00f3rej si\u0119 znajdowa\u0142y. Czy te\u017c znajdowa\u0142a. Noemie do tej pory mog\u0142a by\u0107 ju\u017c dawno na innej, byleby upewni\u0107 si\u0119, \u017ce Morrigan nie podejdzie bli\u017cej.<\/p>\n\n\n\n<p>\u015awisty jednak usta\u0142y. Za to, pojawi\u0142 si\u0119 jeszcze silniejszy blask, snop \u015bwiat\u0142a, do dwudziestu metr\u00f3w od magini.<\/p>\n\n\n\n<p>Wsparcie\u2026? Cisz\u0119 przeci\u0119\u0142y kroki\u2026 a potem przekle\u0144stwo. Szum Cyfrowego Morza\u2026<\/p>\n\n\n\n<p>Kiedy wyjrza\u0142a, mog\u0142a zauwa\u017cy\u0107, jak Noemie odskakiwa\u0142a na inn\u0105 platform\u0119, bo poprzednia\u2026 zosta\u0142a po prostu zalana. Wci\u0105\u017c patrzy\u0142a w stron\u0119, z kt\u00f3rej dochodzi\u0142o \u015bwiat\u0142o. Cokolwiek tam by\u0142o, musia\u0142o jej na tym bardzo, ale to bardzo zale\u017ce\u0107.<\/p>\n\n\n\n<p>A zatem nie mog\u0142a tego zdoby\u0107.<\/p>\n\n\n\n<p>\u2013 Nie ma! \u2013 zawo\u0142a\u0142a Morrigan, wychylaj\u0105c si\u0119 troch\u0119 bardziej. Wystrzeli\u0142a w stron\u0119 przeciwniczki magicznym pociskiem, po chwili samej si\u0119 zrywaj\u0105c do biegu.<\/p>\n\n\n\n<p>\u2013 Ty cholerna\u2026!<\/p>\n\n\n\n<p>\u2013 No, co ja?<\/p>\n\n\n\n<p>Odpowiedzia\u0142 jej \u015bwist strza\u0142. Dwie \u2013 jedna z nich, ponownie, obok ucha. Druga jednak ju\u017c trafi\u0142a j\u0105 w nog\u0119, na moment wytr\u0105caj\u0105c z r\u00f3wnowagi. Podpar\u0142a si\u0119 w\u0142\u00f3czni\u0105, ale Noemie i tak j\u0105 goni\u0142a. \u015alizgn\u0119\u0142a si\u0119 w jej stron\u0119.<\/p>\n\n\n\n<p>\u015awiat\u0142o coraz bli\u017cej\u2026<\/p>\n\n\n\n<p>\u2013 Tylko g\u0142upcy pod\u0105\u017caj\u0105 za krukiem!<\/p>\n\n\n\n<p>Kobieta zmieni\u0142a si\u0119 w kruczyc\u0119, kt\u00f3ra wiele zwinniej ju\u017c manewrowa\u0142a mi\u0119dzy kolejnymi strza\u0142ami i jako pierwsza dopad\u0142a do \u017ar\u00f3d\u0142a tego dziwnego \u015bwiat\u0142a, kt\u00f3re\u2026<\/p>\n\n\n\n<p>Okazywa\u0142o si\u0119 by\u0107 dziwn\u0105, czarn\u0105 strza\u0142\u0105. Kruczyca na moment wgapi\u0142a si\u0119 w przedmiot, by widz\u0105c biegn\u0105c\u0105 w jej stron\u0119 Elan, po prostu chwyci\u0107 przedmiot w swoje szpony i si\u0119 z nim wzbi\u0107.<\/p>\n\n\n\n<p>\u2013 Wracaj tu! Oddawaj!<\/p>\n\n\n\n<p><em>Jeszcze czego!<\/em><\/p>\n\n\n\n<p><em>&#8230;<\/em>Plum! Kruczyca wrzuci\u0142a czarn\u0105 strza\u0142\u0119 do wody.<\/p>\n\n\n\n<p>Oj tak. Noemie musia\u0142a by\u0107 z pewno\u015bci\u0105 niepocieszona. Morrigan postanowi\u0142a przys\u0142ucha\u0107 si\u0119 bli\u017cej jej \u017calom, kiedy tylko przemiana w kruka sko\u0144czy\u0142a si\u0119 \u2013 ponownie staj\u0105c si\u0119 kobiet\u0105, w\u0142a\u015bnie spada\u0142a w stron\u0119 rywalki.<\/p>\n\n\n\n<p>O tak. Pojawi\u0142a si\u0119 blisko \u2013 na tyle blisko, by spr\u00f3bowa\u0107 wyprowadzi\u0107 cios. Najpierw, chlasn\u0119\u0142a jej szponami r\u0119kawicy po twarzy. Reakcja by\u0142a do przewidzenia, Noemie pisn\u0119\u0142a, a jej d\u0142onie pow\u0119drowa\u0142y ku twarzy.<\/p>\n\n\n\n<p>\u2013 Badb, Macha! \u2013 rykn\u0119\u0142a Morrigan\u2026 po chwili trzy Morrigan\u2026 kt\u00f3re zdzieli\u0142y przeciwniczk\u0119 swoimi w\u0142\u00f3czniami \u2013 t\u0119 odrzuci\u0142o w ty\u0142, a z jej d\u0142oni wypad\u0142 \u0142uk.<\/p>\n\n\n\n<p>Ten ko\u0142czan\u2026 by\u0142 taki dziwny.<\/p>\n\n\n\n<p>Powoli si\u0119 \u0142adowa\u0142, a jednocze\u015bnie, jej otoczenie wydawa\u0142o si\u0119 robi\u0107 jeszcze dziwniejsze, ni\u017c ju\u017c by\u0142o.<\/p>\n\n\n\n<p>Mo\u017ce i ta dziwna aura strachu nie dzia\u0142a\u0142a na Kr\u00f3low\u0105 Widmo\u2026 ale to ju\u017c by\u0142o co\u015b wi\u0119cej. W p\u00f3\u0142mroku dawa\u0142o si\u0119 dostrzec, \u017ce pod\u0142o\u017ce pod Noemie dziwnie\u2026 p\u0119ka\u0142o, w miar\u0119 \u0142adowania jej \u201ebaterii\u201d.<\/p>\n\n\n\n<p>Druga, wystrzelona magiczna kula nie trafi\u0142a \u2013 rozbi\u0142a si\u0119 obok nogi przeciwniczki, kiedy ta zerwa\u0142a si\u0119, odskoczy\u0142a i spr\u00f3bowa\u0142a dorwa\u0107 si\u0119 do swojej broni.<\/p>\n\n\n\n<p>\u2013 Nie tak szybko\u2026<\/p>\n\n\n\n<p>Trzecia kula. Fatalizm. Znalaz\u0142a si\u0119 w zasi\u0119gu pola ra\u017cenia, zosta\u0142a trafiona, a kolejne, cenne punkty \u017cycia \u2013 odebrane.<\/p>\n\n\n\n<p>Jeszcze troch\u0119. Jeszcze dos\u0142ownie\u2026<\/p>\n\n\n\n<p>Troszeczk\u0119\u2026<\/p>\n\n\n\n<p>Ale, jednak nie mog\u0142a nacieszy\u0107 si\u0119 tym tak, jakby tego chcia\u0142a. Fala wzburzonego Cyfrowego Morza zechcia\u0142a przykry\u0107 platform\u0119, na kt\u00f3rej obie si\u0119 znalaz\u0142y \u2013 Morrigan odskoczy\u0142a na lewo, Noemie za\u015b na prawo. W r\u0119kach mia\u0142a ju\u017c sw\u00f3j \u0142uk.<\/p>\n\n\n\n<p>Morrigan natomiast nie mia\u0142a jak si\u0119 os\u0142oni\u0107 przed strza\u0142ami, \u017cadnej tarczy. Pozosta\u0142o tylko ucieka\u0107 na boki, czym zacz\u0119\u0142a si\u0119 ratowa\u0107.<\/p>\n\n\n\n<p>Najpierw odskoczy\u0142a w bok, potem za\u015b schyli\u0142a. Strza\u0142a trafi\u0142a w koron\u0119, ale jej nie str\u0105ci\u0142a.<\/p>\n\n\n\n<p><em>Co masz do stracenia\u2026?<\/em><\/p>\n\n\n\n<p>No w\u0142a\u015bnie \u2013 w tamtej chwili ju\u017c nic. Zacz\u0119\u0142a sama miota\u0107 kolejnymi, magicznymi kulami. One nie musia\u0142y trafia\u0107. Wystarczy\u0142o, by uda\u0142o jej si\u0119 dorwa\u0107 do trzeciej\u2026<\/p>\n\n\n\n<p>Tak. Ta, kt\u00f3r\u0105 teraz mia\u0142a w d\u0142oni, by\u0142a ewidentnie wi\u0119ksza. Aura wok\u00f3\u0142 niej wirowa\u0142a szybciej, w\u015bcieklej, okala\u0142o j\u0105 wi\u0119cej eterycznych pi\u00f3r\u2026<\/p>\n\n\n\n<p>I nie musia\u0142a trafi\u0107 centralnie w Noemie. Wystarczy\u0142o, by rozbi\u0142a si\u0119 przy jej nodze\u2026<\/p>\n\n\n\n<p>\u2013 Biedna ptaszynka. \u2013 da\u0142o si\u0119 dos\u0142ysze\u0107 ze strony Elan. \u2013 Tyle stara\u0144 na marne\u2026 jak si\u0119 z tym czujesz? Jeszcze dwie strza\u0142y. G\u00f3ra. I odpadasz.<\/p>\n\n\n\n<p>Morrigan tylko prychn\u0119\u0142a.<\/p>\n\n\n\n<p>A potem, wypu\u015bci\u0142a ze swojej d\u0142oni t\u0119 magiczn\u0105 kul\u0119.<\/p>\n\n\n\n<p>Trafi\u0142a w pocz\u0105tek platformy, ale po chwili jej wybuch rozni\u00f3s\u0142 si\u0119 dalej. \u0141api\u0105c Noemie.<\/p>\n\n\n\n<p>Dewirtualizuj\u0105c j\u0105.<\/p>\n\n\n\n<p>\u2013 I po co Ci by\u0142o tak g\u0142upio gada\u0107\u2026?<\/p>\n\n\n\n<p>\u2013 Morrigan Lennox zostaje zwyci\u0119\u017cczyni\u0105 trzeciej edycji Aren!<\/p>\n","protected":false},"excerpt":{"rendered":"<p>\u2013 Runda fina\u0142owa. Morrigan Lennox. Zasz\u0142a\u015b tak daleko\u2026 Staj\u0105c do swojej pierwszej walki, w \u0107wier\u0107fina\u0142ach, nie spodziewa\u0142aby si\u0119, \u017ce tego w\u0142a\u015bnie dnia, zostanie wywo\u0142ana jako jedna z zawodniczek w\u2026 finale. W wielkim finale trzeciej edycji Aren, poprzednio pokonuj\u0105c Doriana Finrsa i Alexa Becketa. \u2013 Twoj\u0105 przeciwniczk\u0105 b\u0119dzie Noemie Elan. Dziewczyna zdawa\u0142a si\u0119 by\u0107 niewiele m\u0142odsza &hellip;<br \/><a href=\"https:\/\/kodlyoko.pl\/index.php\/artykuly\/tworczosc-niekonwencjonalna\/arena\/edycja-3\/edycja-3-walki\/edycja-3-finaly\/runda-1-2noemie-elan-vs-morrigan-lennox\/\" class=\"more-link pen_button pen_element_default pen_icon_arrow_double\">Read more<\/a><\/p>\n","protected":false},"author":1,"featured_media":0,"parent":2774,"menu_order":0,"comment_status":"open","ping_status":"closed","template":"","meta":{"footnotes":""},"categories":[20],"tags":[],"class_list":["post-2769","page","type-page","status-publish","hentry","category-artykuly-areny"],"_links":{"self":[{"href":"https:\/\/kodlyoko.pl\/index.php\/wp-json\/wp\/v2\/pages\/2769","targetHints":{"allow":["GET"]}}],"collection":[{"href":"https:\/\/kodlyoko.pl\/index.php\/wp-json\/wp\/v2\/pages"}],"about":[{"href":"https:\/\/kodlyoko.pl\/index.php\/wp-json\/wp\/v2\/types\/page"}],"author":[{"embeddable":true,"href":"https:\/\/kodlyoko.pl\/index.php\/wp-json\/wp\/v2\/users\/1"}],"replies":[{"embeddable":true,"href":"https:\/\/kodlyoko.pl\/index.php\/wp-json\/wp\/v2\/comments?post=2769"}],"version-history":[{"count":2,"href":"https:\/\/kodlyoko.pl\/index.php\/wp-json\/wp\/v2\/pages\/2769\/revisions"}],"predecessor-version":[{"id":2773,"href":"https:\/\/kodlyoko.pl\/index.php\/wp-json\/wp\/v2\/pages\/2769\/revisions\/2773"}],"up":[{"embeddable":true,"href":"https:\/\/kodlyoko.pl\/index.php\/wp-json\/wp\/v2\/pages\/2774"}],"wp:attachment":[{"href":"https:\/\/kodlyoko.pl\/index.php\/wp-json\/wp\/v2\/media?parent=2769"}],"wp:term":[{"taxonomy":"category","embeddable":true,"href":"https:\/\/kodlyoko.pl\/index.php\/wp-json\/wp\/v2\/categories?post=2769"},{"taxonomy":"post_tag","embeddable":true,"href":"https:\/\/kodlyoko.pl\/index.php\/wp-json\/wp\/v2\/tags?post=2769"}],"curies":[{"name":"wp","href":"https:\/\/api.w.org\/{rel}","templated":true}]}}