{"id":2708,"date":"2021-08-26T21:46:37","date_gmt":"2021-08-26T19:46:37","guid":{"rendered":"https:\/\/kodlyoko.pl\/?page_id=2708"},"modified":"2021-08-26T21:47:24","modified_gmt":"2021-08-26T19:47:24","slug":"runda-3-1-niilo-ahonen-vs-alex-becket","status":"publish","type":"page","link":"https:\/\/kodlyoko.pl\/index.php\/artykuly\/tworczosc-niekonwencjonalna\/arena\/edycja-3\/edycja-3-walki\/edycja-3-polfinaly\/runda-3-1-niilo-ahonen-vs-alex-becket\/","title":{"rendered":"[RUNDA 3-1] Niilo Ahonen vs Alex Becket"},"content":{"rendered":"\n<p class=\"has-text-align-center\"><strong>Niilo vs Alex<\/strong><\/p>\n\n\n\n<p class=\"has-text-align-center\"><strong>wersja Nillo<\/strong><\/p>\n\n\n\n<p><strong>\u201cSTART!!!\u201d<\/strong> G\u0142os komentatora rozleg\u0142 si\u0119 po wirtualnym \u015brodowisku<br><br>Niilo i jego rywal wyl\u0105dowali w jaskini. Jedna z najwi\u0119kszych i najlepiej o\u015bwietlonych w ca\u0142ym sektorze, prowadzi do niej mn\u00f3stwo tuneli, i ca\u0142a jest us\u0142ana r\u00f3\u017cnymi ruinami.<br><br>Niilo by\u0142 dzi\u015b w nienajlepszym nastroju, przegrana w p\u00f3\u0142finale mocno go wnerwi\u0142a, a perspektywa walki o trzecie miejsce wy\u0142oni\u0142a t\u0105 stron\u0119 kt\u00f3ra wyj\u0105tkowo lubi\u0142a konkurencj\u0119\u2026<br><br>Gwa\u0142townymi ruchami s\u0142a\u0142 w stron\u0119 Alexa mieszanki power akordy, a jego przeciwnik ich unika\u0142 ruchami rodem z Attack on Titan. Dlaczego to ta podr\u00f3ba Odda Della Robi musia\u0142a walczy\u0107 z Niilo?<br><br>\u201cDosy\u0107 tego!\u201d mrukn\u0105\u0142 do siebie poirytowany finlandczyk zamieniaj\u0105c si\u0119 w chmur\u0119 dymu, p\u0119dz\u0105c w tej formie w stron\u0119 oponenta.<br><br>\u201cPan Hendrix si\u0119 wkurzy\u0142?\u201d Alex rzuci\u0142 z zabawowym tonem. Nie mog\u0105c doczeka\u0107 si\u0119 szansy l\u0105duje na pobliskiej wie\u017cy i gestykuluje w stron\u0119 ob\u0142oku dymu aby podlecia\u0142 w ko\u0144cu bli\u017cej<br><\/p>\n\n\n\n<p>Podlatuj\u0105c wystarczaj\u0105co blisko Niilo zmienia znowu swoj\u0105 form\u0119 i z pe\u0142n\u0105 pr\u0119dko\u015bci\u0105 szar\u017cuje, dzier\u017c\u0105c gitar\u0119 niczym top\u00f3r.&nbsp;<\/p>\n\n\n\n<p>Tutaj zaczyna si\u0119 prawdziwa bitwa.<br><\/p>\n\n\n\n<p>Przechodz\u0105c do walki w zwarciu widzimy prawdziwy spektakl piruet\u00f3w, cios\u00f3w i parowa\u0144. To prawda co m\u00f3wi\u0105 o Alexie, ten ch\u0142opak ma zwinno\u015b\u0107 jakiej Niilo mo\u017ce pozazdro\u015bci\u0107. Cios w bok, cios w rami\u0119, cios w nogi. Deszcz cios\u00f3w spada na Ahonena ten mo\u017ce jedynie unika\u0107, chocia\u017c i to nie przynosi efektu; kiedy cz\u0119\u015b\u0107 z nich dosi\u0119ga cia\u0142a muzyka.<\/p>\n\n\n\n<p>Niilo zarz\u0105dza odwr\u00f3t, szybka transformacja w dym i znowu jest na kamiennym pod\u0142o\u017cu jaskini. My\u015bli szalej\u0105 mu po g\u0142owie a emocje buzuj\u0105 szukaj\u0105c uj\u015bcia w walce.<br><\/p>\n\n\n\n<p>\u201cNIE MY\u015aL \u017bE DAM CI WYGRA\u0106, BECKET!\u201d Krzyczy z determinacj\u0105.<br><br>\u201cWzajemnie \u2018Panie Hendrix\u2019, wzajemnie!\u201d Odrzuca Alex, w jego tonie czu\u0107 lekko\u015b\u0107 ducha i ewidentn\u0105 przyjemno\u015b\u0107 z bycia na arenie.<\/p>\n\n\n\n<p>Ahonen wysy\u0142a pot\u0119\u017cne solo ze swojej gitary pr\u00f3buj\u0105c dosi\u0119gn\u0105\u0107, teraz zbiegaj\u0105cego po schodach Alexa. Przywo\u0142uje klony i ustawia je w strategicznych pozycjach, korzystaj\u0105c z nieuwagi przeciwnika.<br><br>Alex u\u017cywa kotwiczki i liny pr\u00f3buj\u0105c dosta\u0107 si\u0119 na drugi koniec jaskini.<\/p>\n\n\n\n<p><strong>TRZASK!<\/strong><strong><br><\/strong><strong><br><\/strong>Wi\u0105zka dosi\u0119ga lin\u0119. Alex spada \u201cna cztery \u0142apy\u201d. Wiruje wok\u00f3\u0142 Niilo zmniejszaj\u0105c dystans Jeszcze tylko par\u0119 metr\u00f3w by dosi\u0119gn\u0105\u0107 finlandczyka-!<br><br>Klon uderza go gitar\u0105 wytr\u0105caj\u0105c go z rytmu. Pozosta\u0142e do\u0142\u0105czaj\u0105 do bitwy. Alex stawia op\u00f3r, walczy,nawet dewirutalizuje 2 klony, ale orygina\u0142 wysy\u0142a kolejn\u0105 wi\u0105zk\u0119. Alex zostaje wyrzucony pod \u015bcian\u0119 jednej z ruin. Trac\u0105c wi\u0119kszo\u015bc punkt\u00f3w \u017cycia od wi\u0105zki, nie daje za wygran\u0105, wstaje i ponownie szar\u017cuje, u\u017cywa pozosta\u0142ej kotwiczki do unikni\u0119cia kolejnego ataku finlandczyka. Ruch na bok by\u0142 te\u017c ko\u0144cem ostatniego klona.<br><br>Alex Becket i Niilo Ahonen znowu sami na arenie, oboje poranieni od atak\u00f3w tego drugiego.<br><br>Gitarzysta przyjmuje postaw\u0119 sugeruj\u0105c\u0105 kolejne akordy.<br><br>Koci wojownik gotowy by zada\u0107 kontr\u0119 jak tylko Niilo wykona najmniejszy ruch.<br><br>Dzieje si\u0119.<br><br>Niilo wystrzeli\u0142 akord. Alex robi szybki unik za plecy przeciwnika, pazury tn\u0105 powietrze na drodze do ostatniego ciosu! Z r\u0119k\u0105 mocno zaci\u015bni\u0119t\u0105 na gryfie swojej broni Niilo uderza w lewy bok Alexa w ostatniej chwili niszcz\u0105c jego manewr. Zdezorientowanego przeciwnika \u0142atwo by\u0142o po\u0142o\u017cy\u0107 na ziemi\u0119 kopniakiem i kolejnym ciosem gitar\u0105. W ko\u0144cu po do\u015b\u0107 wyczerpuj\u0105cej dla nich obu bitwie, Becket by\u0142 zdewirtualizowany.<\/p>\n\n\n\n<p>Niilo pozna\u0142 gorzko-s\u0142odki smak tej wygranej, niby wygra\u0142 ale i tak zaj\u0105\u0142 tylko trzecie miejsce na podium. To nie to co sobie planowa\u0142, ale nie wszystko w \u017cyciu idzie zgodnie z planem, co nie? Ta walka opr\u00f3\u017cni\u0142a go z wi\u0119kszo\u015bci negatywnych emocji, jednak brak ponownego starcia z Danielem ci\u0105gle, gdzie\u015b z ty\u0142u g\u0142owy nie dawa\u0142 mu spokoju.<br><br>\u201cDobrze walczy\u0142e\u015b.\u201d powiedzia\u0142 wychodz\u0105c ze skanera. Para ze \u015brodka znika w otoczeniu.<br><\/p>\n\n\n\n<p>Dwaj wojownicy podaj\u0105 sobie r\u0119ce<br><br>\u201cTy te\u017c \u2018Panie Hendrix\u2019! Gratuluj\u0119 wygranej!\u201d Blondyn odpar\u0142 rzucaj\u0105c przyjazny u\u015bmiech w stron\u0119 starszego m\u0119\u017cczyzny.&nbsp;<\/p>\n\n\n\n<p>Oboje spokojnie poszli do wyj\u015bciowej windy.<br><br><br><\/p>\n\n\n\n<p class=\"has-text-align-right\">Koniec.<\/p>\n","protected":false},"excerpt":{"rendered":"<p>Niilo vs Alex wersja Nillo \u201cSTART!!!\u201d G\u0142os komentatora rozleg\u0142 si\u0119 po wirtualnym \u015brodowisku Niilo i jego rywal wyl\u0105dowali w jaskini. Jedna z najwi\u0119kszych i najlepiej o\u015bwietlonych w ca\u0142ym sektorze, prowadzi do niej mn\u00f3stwo tuneli, i ca\u0142a jest us\u0142ana r\u00f3\u017cnymi ruinami. Niilo by\u0142 dzi\u015b w nienajlepszym nastroju, przegrana w p\u00f3\u0142finale mocno go wnerwi\u0142a, a perspektywa walki &hellip;<br \/><a href=\"https:\/\/kodlyoko.pl\/index.php\/artykuly\/tworczosc-niekonwencjonalna\/arena\/edycja-3\/edycja-3-walki\/edycja-3-polfinaly\/runda-3-1-niilo-ahonen-vs-alex-becket\/\" class=\"more-link pen_button pen_element_default pen_icon_arrow_double\">Read more<\/a><\/p>\n","protected":false},"author":1,"featured_media":0,"parent":2578,"menu_order":0,"comment_status":"open","ping_status":"closed","template":"","meta":{"footnotes":""},"categories":[20],"tags":[],"class_list":["post-2708","page","type-page","status-publish","hentry","category-artykuly-areny"],"_links":{"self":[{"href":"https:\/\/kodlyoko.pl\/index.php\/wp-json\/wp\/v2\/pages\/2708","targetHints":{"allow":["GET"]}}],"collection":[{"href":"https:\/\/kodlyoko.pl\/index.php\/wp-json\/wp\/v2\/pages"}],"about":[{"href":"https:\/\/kodlyoko.pl\/index.php\/wp-json\/wp\/v2\/types\/page"}],"author":[{"embeddable":true,"href":"https:\/\/kodlyoko.pl\/index.php\/wp-json\/wp\/v2\/users\/1"}],"replies":[{"embeddable":true,"href":"https:\/\/kodlyoko.pl\/index.php\/wp-json\/wp\/v2\/comments?post=2708"}],"version-history":[{"count":2,"href":"https:\/\/kodlyoko.pl\/index.php\/wp-json\/wp\/v2\/pages\/2708\/revisions"}],"predecessor-version":[{"id":2711,"href":"https:\/\/kodlyoko.pl\/index.php\/wp-json\/wp\/v2\/pages\/2708\/revisions\/2711"}],"up":[{"embeddable":true,"href":"https:\/\/kodlyoko.pl\/index.php\/wp-json\/wp\/v2\/pages\/2578"}],"wp:attachment":[{"href":"https:\/\/kodlyoko.pl\/index.php\/wp-json\/wp\/v2\/media?parent=2708"}],"wp:term":[{"taxonomy":"category","embeddable":true,"href":"https:\/\/kodlyoko.pl\/index.php\/wp-json\/wp\/v2\/categories?post=2708"},{"taxonomy":"post_tag","embeddable":true,"href":"https:\/\/kodlyoko.pl\/index.php\/wp-json\/wp\/v2\/tags?post=2708"}],"curies":[{"name":"wp","href":"https:\/\/api.w.org\/{rel}","templated":true}]}}