{"id":2707,"date":"2021-08-26T21:46:46","date_gmt":"2021-08-26T19:46:46","guid":{"rendered":"https:\/\/kodlyoko.pl\/?page_id=2707"},"modified":"2021-08-26T21:47:36","modified_gmt":"2021-08-26T19:47:36","slug":"runda-3-2-niilo-ahonen-vs-alex-becket","status":"publish","type":"page","link":"https:\/\/kodlyoko.pl\/index.php\/artykuly\/tworczosc-niekonwencjonalna\/arena\/edycja-3\/edycja-3-walki\/edycja-3-polfinaly\/runda-3-2-niilo-ahonen-vs-alex-becket\/","title":{"rendered":"[RUNDA 3-2] Niilo Ahonen vs Alex Becket"},"content":{"rendered":"\n<p>\u2014 Nie pr\u00f3buj si\u0119 wymigiwa\u0107, braciszku i zmieniaj sw\u00f3j avek \u2014 oznajmi\u0142 Colin, siedz\u0105c przy stole naprzeciw popijaj\u0105cego herbat\u0119 z kubka Alexa.<\/p>\n\n\n\n<p>\u2014 A ja ci powtarzam, \u017ce zak\u0142adaj\u0105c si\u0119, m\u00f3wi\u0142e\u015b, \u017ce jak nie zajm\u0119 miejsca na podium, to b\u0119d\u0119 musia\u0142 zmieni\u0107.<\/p>\n\n\n\n<p>\u2014 Ty nie pr\u00f3buj wykr\u0119ca\u0107 kota ogo\u2026 \u2014 zacz\u0105\u0142, lecz przerwano mu w p\u00f3\u0142 s\u0142owa.<\/p>\n\n\n\n<p>\u2014 Nie wykr\u0119cam. To ty nie dopilnowa\u0142a\u015b szczeg\u00f3\u0142\u00f3w w\u0142asnego zak\u0142adu. Podium ma trzy miejsca, a nie tylko jedno. Mam wi\u0119c jeszcze szans\u0119.<\/p>\n\n\n\n<p>\u2014 Niech b\u0119dzie Sekmet\u2026 Ale masz za to kolejne zadanie.<\/p>\n\n\n\n<p>\u2014 Nie przesadzasz przypadkiem? Jeszcze z pierwszego nie sko\u0144czyli\u015bmy \u2014 stwierdzi\u0142 Alex, po czym odruchowo doda\u0142: \u2014&nbsp; I przesta\u0144 w ko\u0144cu mnie nazywa\u0107 Sekmet.<\/p>\n\n\n\n<p>\u2014 W por\u00f3wnaniu do Aren, to b\u0119dzie ledwie drobnostka \u2014 stwierdzi\u0142 Colin z chytrym u\u015bmiechem. \u2014 Za\u0142atw mi po prostu spotkanie z Niilo Ahonenem. Jak ci si\u0119 nie uda, to wyjdziemy sobie razem do klubu Immortal, gdzie wypijesz ca\u0142\u0105 butl\u0119 Pogromcy Smok\u00f3w.<\/p>\n\n\n\n<p>\u2014 Nie przesadzasz, aby przypadkiem?<\/p>\n\n\n\n<p>\u2014 Ani troch\u0119 \u2014 odpar\u0142 Colin, kr\u0119c\u0105c g\u0142ow\u0105, a na ustach wci\u0105\u017c go\u015bci\u0142 pewien siebie.<\/p>\n\n\n\n<p>\u2014 Siamo davvero gemelli\u2026?* \u2014 spyta\u0142 sam siebie pod nosem, opu\u015bciwszy g\u0142ow\u0119 z rezygnacj\u0105.<\/p>\n\n\n\n<p>***<\/p>\n\n\n\n<p>Miejscem, w kt\u00f3rym zacz\u0119li wirtualizowa\u0107 si\u0119 obaj zawodnicy by\u0142a okr\u0105g\u0142a komora z jednym, wykutym w skale wyj\u015bciem o\u015bwietlonym wisz\u0105c\u0105 na \u0142a\u0144cuchu latarni\u0105 z emanuj\u0105cego bia\u0142e \u015bwiat\u0142o kryszta\u0142u. Gdyby nie g\u0142adka jak szk\u0142o pod\u0142oga, pokryta setkami kanciastych, wygl\u0105daj\u0105cych jak runy znak\u00f3w, roz\u015bwietlaj\u0105cych doln\u0105 cz\u0119\u015b\u0107 jaskini czerwonawym blaskiem, to miejsce wygl\u0105da\u0142oby niemal jak naturalny tw\u00f3r tysi\u0119cy lat powolnego wymywania ska\u0142.<\/p>\n\n\n\n<p>\u2014 Dobra stary\u2026 \u2014 zacz\u0105\u0142, od razu po wyl\u0105dowaniu i ruszy\u0142 w stron\u0119 bruneta. Nie bieg\u0142, nie skoczy\u0142. Po prostu energicznie podszed\u0142 do Niilo, kt\u00f3ry chyba b\u0119d\u0105c nieco zaskoczony takim obrotem sprawy, nie rusza\u0142 si\u0119 z miejsca. Cho\u0107 jego palce ju\u017c czeka\u0142y na strunach, gotowe w ka\u017cdej chwili zagra\u0107 akord. &#8212; Nic do ciebie nie mam, tak jak do twojej muzyki, ale pozw\u00f3l mi to zako\u0144czy\u0107 szybko, bez \u017cadnych gitarowych sol\u00f3wek. Spotkasz si\u0119 p\u00f3\u017aniej z moim bratem na jakim\u015b piwie, czy czym innym i wszyscy b\u0119d\u0105 szcz\u0119\u015bliwi. Ja nie b\u0119d\u0119 musia\u0142 zmienia\u0107 swojego wygl\u0105du, on pozna swojego ulubionego wykonawc\u0119, a ty b\u0119dziesz m\u00f3g\u0142 si\u0119 spotka\u0107 z jednym ze swoich fan\u00f3w. To jak? Co ty na to? \u2014 zako\u0144czy\u0142 sw\u00f3j przyd\u0142ugi monolog, staj\u0105c tu\u017c przed swoim oponentem w tym starciu i wyci\u0105gn\u0105\u0142 w jego stron\u0119 w przyjacielskim ge\u015bcie, chc\u0105c u\u015bciskiem d\u0142oni przypiecz\u0119towa\u0107 t\u0119 umow\u0119.<\/p>\n\n\n\n<p>\u2014 Piwka z fanem nie odm\u00f3wi\u0119 \u2014 odpar\u0142 po chwili muzyk, u\u015bcisn\u0105wszy wyci\u0105gni\u0119t\u0105 d\u0142o\u0144 blondyna. \u2014 Nie licz jednak, na to, \u017ce dam ci fory w walce.<\/p>\n\n\n\n<p>\u2014 Ehh\u2026 Chocia\u017c tyle dobrego. Nawet nie zdajesz sobie sprawy jaka uparta z niego istota.<\/p>\n\n\n\n<p>I bez ostrze\u017cenia chwyci\u0142 za wyci\u0105gni\u0119te przedrami\u0119 Niilo i nim ten zd\u0105\u017cy\u0142 cokolwiek powiedzie\u0107, szarpn\u0105\u0142 z ca\u0142ej si\u0142y, przerzucaj\u0105c nad sob\u0105 i rzucaj\u0105 na skalne pod\u0142o\u017ce.<\/p>\n\n\n\n<p>Nie chc\u0105c da\u0107 brunetowi czasu na reakcj\u0119, Alex od razu zaatakowa\u0142 pazurami, celuj\u0105c w g\u0142ow\u0119 rozci\u0105gni\u0119tego na ziemi ch\u0142opaka. Okaza\u0142o si\u0119 jednak, \u017ce tamten mimo wszystko mia\u0142 g\u0142ow\u0119 na karku. U\u017cywaj\u0105c Smoke on The Water rozwia\u0142 si\u0119 w strz\u0119p dymu, tu\u017c przed utrat\u0105 kolejnych punkt\u00f3w, a palce Becjeta ze zgrzytem przejecha\u0142y po kamieniu.<\/p>\n\n\n\n<p>Widz\u0105c jednak, jak ciemna chmura znika tu\u017c za nim, natychmiast obr\u00f3ci\u0142 si\u0119, wyprowadzaj\u0105c poziome kopni\u0119cie, chc\u0105c uniemo\u017cliwi\u0107 Niilo zaatakowanie gitar\u0105, co z ca\u0142\u0105 pewno\u015bci\u0105 nie mog\u0142o by\u0107 czym\u015b przyjemnym.<\/p>\n\n\n\n<p>Okaza\u0142o si\u0119 jednak, \u017ce nikogo za nim nie by\u0142o. Zamiast tego tu\u017c obok niego z brzd\u0119kiem wyl\u0105dowa\u0142o co\u015b przypominaj\u0105c\u0105 puszk\u0119 napoju gazowanego. Nim jednak Alex zd\u0105\u017cy\u0142 zareagowa\u0107, \u00f3w przedmiot eksplodowa\u0142, tworz\u0105c ma\u0142y chaos.<\/p>\n\n\n\n<p>Dym. Huk. Wielobarwne rozb\u0142yski wsz\u0119dzie wok\u00f3\u0142. Przez kr\u00f3tk\u0105 chwil\u0119, ca\u0142y \u015bwiat blondyna ogranicza\u0142 si\u0119 w\u0142a\u015bnie do tych rzeczy. A\u017c do pojawienia si\u0119 informacji, \u017ce w\u0142a\u015bnie straci\u0142 siedem punkt\u00f3w \u017cycia. Po kt\u00f3rej nadesz\u0142o silne uderzenie w lewe rami\u0119, kt\u00f3re niemal zwali\u0142o go z n\u00f3g.<\/p>\n\n\n\n<p>Na jego szcz\u0119\u015bcie, dym zd\u0105\u017cy\u0142 si\u0119 ju\u017c rozwia\u0107 i w por\u0119 dostrzeg\u0142 kolejny nadci\u0105gaj\u0105cy atak gitar\u0105 wykonywany z gracj\u0105 kata z wieloletnim sta\u017cem \u015bcinania ludziom g\u0142\u00f3w.<\/p>\n\n\n\n<p>Odchylaj\u0105c si\u0119 do ty\u0142u, unikn\u0105\u0142 ciosu, po czym odskakuj\u0105 od przeciwnika, rozezna\u0142 si\u0119 w sytuacji.<\/p>\n\n\n\n<p>W\u0142a\u015bnie oberwa\u0142 za pi\u0119tna\u015bcie punkt\u00f3w z gitary. Brunet znikn\u0105\u0142 mu z oczu, a przed nim sta\u0142o dw\u00f3ch Niilo. A raczej dwa widma wygl\u0105daj\u0105 jak on, trzymaj\u0105c swoj\u0105 gitar\u0119 jak jaki\u015b topory, czy inne maczugi. I bynajmniej \u017caden z nich nie zamierza\u0142 da\u0107 Alexowi okazji do kontrataku.<\/p>\n\n\n\n<p>Natarli na niego jednocze\u015bnie, wyprowadzaj\u0105c dwa poziome ataki. Ten po lewej wysoko, celuj\u0105c w szyj\u0119, za\u015b ten po prawej obra\u0142 sobie za cel kolana blondyna. I cho\u0107 na pierwszy rzut oka, by\u0142o to ca\u0142kiem niez\u0142e posuni\u0119cie, bo zosta\u0142 wzi\u0119ty w kleszcze, to jednak jego aktualnie oponencie zdawali si\u0119 w og\u00f3le nie zdawa\u0107 sobie z tego sprawy. Po prostu atakowali, znajduj\u0105 si\u0119 po obu stronach przeciwnika.<\/p>\n\n\n\n<p>Zrobiwszy salto do przodu, mi\u0119dzy obiema gitarami, wyl\u0105dowa\u0142 na kolanie, po czym wystrzeli\u0142 link\u0119 w nog\u0119 tego po prawej, co z tej odleg\u0142o\u015bci nie mog\u0142o si\u0119 nie uda\u0107. W chwili zaczepienia si\u0119 szarpn\u0105\u0142 r\u0119k\u0105, co w po\u0142\u0105czeniu z si\u0142\u0105 znajduj\u0105cej si\u0119 w r\u0119kawicy wyci\u0105garki, skutecznie wytr\u0105ci\u0142o trafionego bruneta z r\u00f3wnowagi, wskutek czego upad\u0142 na plecy, a jego prowizoryczna bro\u0144 wypad\u0142a mu z r\u0105k. By\u0142o to te\u017c, ostatnie co zd\u0105\u017cy\u0142 zrobi\u0107, gdy\u017c w nast\u0119pnej chwili cztery metalowe pazury przejecha\u0142y po jego pier\u015b, odsy\u0142aj\u0105c go w cyfrowy niebyt.<\/p>\n\n\n\n<p>I chyba ten fakt nie spodoba\u0142 si\u0119 jego bli\u017aniakowi, kt\u00f3ry najwyra\u017aniej swoim nast\u0119pnym atakiem zamierza\u0142 odp\u0142aci\u0107 si\u0119 kociemu wojownikowi, \u0142ami\u0105c mu przy okazji przynajmniej kilka \u017ceber.<\/p>\n\n\n\n<p>Niestety dla widmowego Niilo, \u017cadna gitara, nigdy nie by\u0142a dobr\u0105 bia\u0142\u0105. A ju\u017c w szczeg\u00f3lno\u015bci w r\u0119kach kogo\u015b, kto pr\u00f3buje jej tak u\u017cywa\u0107 bez \u017cadnego pomy\u015blunku, czy cho\u0107by jakiego\u015b planu awaryjnego.<\/p>\n\n\n\n<p>A on zdecydowanie takowego nie mia\u0142, na sytuacj\u0119, w kt\u00f3rej przeciwnik wyskakuje i przelatuj\u0105c mu nad g\u0142ow\u0105, znika mu z pola widzenia.<\/p>\n\n\n\n<p>Ledwie bowiem spr\u00f3bowa\u0142 spojrze\u0107 za siebie w jego poszukiwaniu, a z jego piersi wysun\u0119\u0142a si\u0119 uzbrojona w pazury d\u0142o\u0144.<\/p>\n\n\n\n<p>\u2014 To gdzie te\u017c jest orygina\u0142\u2026 \u2014 zacz\u0105\u0142 si\u0119 zastanawia\u0107, pr\u00f3buj\u0105c zlokalizowa\u0107 bruneta, cho\u0107 ci\u0105g\u0142e dzwonienie w uszach z pewno\u015bci\u0105 nie u\u0142atwia\u0142o mu tego zadania. W ko\u0144cu, czy jest jaki\u015b prosty spos\u00f3b na odnalezienie muzyka, je\u015bli nie pod\u0105\u017canie za jego muzyk\u0105?<\/p>\n\n\n\n<p>\u2014 Musia\u0142em by\u0107 zdecydowanie za blisko wybuchu tego granatu\u2026 \u2014 doda\u0142, odruchowo pr\u00f3buj\u0105c pozby\u0107 si\u0119 tego d\u017awi\u0119ku z uszu.<\/p>\n\n\n\n<p>\u2014 Specjalne gitarowe solo dla go\u015bcia w stroju czarnego kota! \u2014 us\u0142ysza\u0142 niespodziewanie za sob\u0105.<\/p>\n\n\n\n<p>W chwili, w kt\u00f3rej spojrza\u0142a w tamt\u0105 stron\u0119, pot\u0119\u017cn\u0105 wi\u0105zk\u0119 akustyczn\u0105 pos\u0142ana przez Niilo ju\u017c lecia\u0142a w jego stron\u0119. By\u0142a jednak na tyle wolna, \u017ce Becket zd\u0105\u017cy\u0142 uskoczy\u0107 w bok. I cho\u0107 unikn\u0105\u0142 w ten spos\u00f3b zapewne dewirtualizacji na miejscu, to konsekwencje jego posuni\u0119cia te\u017c nie nale\u017ca\u0142y do przyjemnych.<\/p>\n\n\n\n<p>Wi\u0105zka z hukiem uderzy\u0142a w pod\u0142og\u0119, tworz\u0105c na niej paj\u0119czyn\u0119 p\u0119kni\u0119\u0107. Nie by\u0142 to jednak koniec konsekwencji. Ha\u0142as wywo\u0142any uderzeniem dalej odbija\u0142a si\u0119 od \u015bcian i wygl\u0105da\u0142o na to, \u017ce zamiast stopniowo s\u0142abn\u0105\u0107, to przybiera\u0142 na sile.<\/p>\n\n\n\n<p>Ignoruj\u0105c to, jak i zaczynaj\u0105ce spada\u0107 ze stropu drobiny Alex ruszy\u0142 na muzyka, nie chc\u0105c da\u0107 mu czasu na zagranie kolejnej sol\u00f3wki, lecz Niilo bynajmniej nie u\u0142atwia\u0142 mu tego zadania. Co chwila odskakiwa\u0142 od blondyna i zmieniaj\u0105c si\u0119 na chwil\u0119 w dym, by odlatuj\u0105c kilkana\u015bcie metr\u00f3w, ponownie wraca\u0142 do ludzkiej formy. Nie przynosi\u0142o to jednak wi\u0119kszej korzy\u015bci, bo ilekro\u0107 to robi\u0142, Alex z wykorzystaniem swoich wyci\u0105garek, by ju\u017c tu\u017c obok z zamiarem zadania mu kolejnego ciosu, przez co Finlandczyk ponownie musia\u0142 ucieka\u0107.<\/p>\n\n\n\n<p>Pewnym momencie komplet pazur\u00f3w zahaczy\u0142 o jego rami\u0119, zabieraj\u0105c mu dziesi\u0119\u0107 punkt\u00f3w, lecz w tym samym momencie ich ma\u0142a zabawa w kotka i myszk\u0119 zosta\u0142a brutalnie przerwana.<\/p>\n\n\n\n<p>Jeden ze stalaktyt\u00f3w oderwa\u0142 si\u0119 od sklepienia i uderzy\u0142 w pod\u0142og\u0119, omal nie przebijaj\u0105c na wylot jednego z pojedynkuj\u0105cych si\u0119 m\u0119\u017cczyzn. \u017baden z nich te\u017c nie oberwa\u0142 od\u0142amkiem, gdy\u017c naciek nie roztrzaska\u0142 si\u0119 w kontakcie z pod\u0142o\u017cem, a przebi\u0142 si\u0119 przez nie, pozostawiaj\u0105c po sobie poka\u017an\u0105 dziur\u0119 i powi\u0119kszaj\u0105c istniej\u0105c\u0105 sie\u0107 p\u0119kni\u0119\u0107 o kolejne odnogi.<\/p>\n\n\n\n<p>I cho\u0107 zar\u00f3wno Niilo, jak i Alex stan\u0119li w bezruchu, przygl\u0105daj\u0105c si\u0119 to powsta\u0142emu otworowi, to sobie nawzajem, pr\u00f3buj\u0105c wyczyta\u0107 kolejne posuni\u0119cie tego drugiego, to&nbsp; niespodziewanie grunt z trzaskiem osun\u0105\u0142 si\u0119 o kilka centymetr\u00f3w, powi\u0119kszaj\u0105c kilkukrotnie mozaik\u0119 szczelin, po czym run\u0105\u0142 kompletnie w zapadlisko.<\/p>\n\n\n\n<p>Niilo natychmiast skorzysta\u0142 ze Smoke on The Water, uciekaj\u0105c po kolejnych fragmentach pod\u0142ogi poza zasi\u0119g wyrwy, podczas gdy Alex wystrzeli\u0142 jedn\u0105 ze swoich linek. Niestety uda\u0142o mu si\u0119 trafi\u0107 jedynie w ska\u0142\u0119 na kraw\u0119dzi przepa\u015bci, cho\u0107 to ju\u017c wystarczy\u0142o, by unikn\u0105\u0107 znikni\u0119cia w mrocznej otch\u0142ani, kt\u00f3ra w\u0142a\u015bnie rozwar\u0142a si\u0119 pod jego nogami.<\/p>\n\n\n\n<p>Niestety obrany przez niego cel okaza\u0142 si\u0119 by\u0107 kiepskim wyborem, gdy\u017c ledwie dolecia\u0142 \u015bciany, a ska\u0142a, o kt\u00f3r\u0105 si\u0119 zakotwiczy\u0142, r\u00f3wnie\u017c z rumorem p\u0119k\u0142a. I cho\u0107 podobno czarne koty przynosz\u0105 pecha, a przynajmniej takie mo\u017cna by\u0142o takie odnie\u015b\u0107 wra\u017cenie, bior\u0105c pod uwag\u0119, co w\u0142a\u015bnie si\u0119 sta\u0142o, to on jednak mia\u0142 w pewnym stopniu szcz\u0119\u015bcie, poniewa\u017c uda\u0142o mu si\u0119 wbi\u0107 pazury w \u015bcian\u0119 i przez chwil\u0119 zje\u017cd\u017ca\u0142 po niej ze zgrzytem, a\u017c stopy nie zatrzyma\u0142y mu si\u0119 na skalnym wyst\u0119pie.<\/p>\n\n\n\n<p>\u2014 Takiego do\u0142a, to chyba jeszcze w \u017cyciu nie zaliczy\u0142em\u2026 \u2014 rzuci\u0142, zerkaj\u0105c w d\u00f3\u0142, pr\u00f3buj\u0105c dostrzec dno szybu. Nic takiego jednak nie by\u0142o mu dane zobaczy\u0107. Tylko zdaj\u0105ca si\u0119 ci\u0105gn\u0105\u0107 w niesko\u0144czono\u015b\u0107 i nikn\u0105ca w mroku pustka. Nie by\u0142 te\u017c pewien, ale chyba jakie\u015b kilkana\u015bcie metr\u00f3w ni\u017cej, na granicy jego pola widzenia, by\u0142y jakie\u015b skalne pu\u0142ki, po\u0142\u0105czone ze sob\u0105 czym\u015b, co wygl\u0105da\u0142o jak mosty linowe.<\/p>\n\n\n\n<p>Nie mia\u0142 jednak wi\u0119cej czasu, na rozgl\u0105danie si\u0119, bo w tym w\u0142a\u015bnie momencie do jego uszu dotar\u0142 d\u017awi\u0119k przywodz\u0105cy na my\u015bl kr\u00f3tka gitarow\u0105 sol\u00f3wk\u0119, a zaraz po niej dono\u015bny rumor.<\/p>\n\n\n\n<p>Spogl\u0105daj\u0105c w g\u00f3r\u0119, jedyne co Alex zd\u0105\u017cy\u0142 zrobi\u0107, do przycisn\u0105\u0107 si\u0119 bardziej do skalnej \u015bciany, chc\u0105c unikn\u0105\u0107 spadaj\u0105cych g\u0142az\u00f3w i kamieni.<\/p>\n\n\n\n<p>\u2014 Rock and roll\u2026 Normalnie prawdziwy rock and roll\u2026 \u2014 westchn\u0105\u0142, pr\u00f3buj\u0105c jak najbardziej rozp\u0142aszczy\u0107 si\u0119 na nier\u00f3wnej powierzchni.<\/p>\n\n\n\n<p>Na razie plan si\u0119 sprawdza\u0142, bo co wi\u0119ksze od\u0142amki przelatywa\u0142y obok tu\u017c obok, nie robi\u0105c mu krzywdy, cho\u0107 Niilo raz po raz gra\u0142 kolejne akordy, posy\u0142aj\u0105c w ten spos\u00f3b kolejne porcje gruzu. Na szcz\u0119\u015bcie dla Alex, by\u0142a to bardzo nieprecyzyjna metoda, o du\u017cym rozrzucie potencjalnej amunicji, a jego czarny str\u00f3j jeszcze bardziej utrudnia\u0142 zadanie, jakim by\u0142o trafienie go.<\/p>\n\n\n\n<p>A przynajmniej do czasu, gdy kamie\u0144 wielko\u015bci pi\u0142ki baseballowej nie trafi\u0142, go w g\u0142ow\u0119, niemal zwalaj\u0105c z wyst\u0119pu, na kt\u00f3rym sta\u0142. Jedynie wbite ca\u0142y czas w ska\u0142\u0119 pazury uratowa\u0142y, go przed kolejn\u0105 podr\u00f3\u017c\u0105 w d\u00f3\u0142.<\/p>\n\n\n\n<p>\u2014 Ejj\u2026! Nie po ludziach z \u0142aski swojej \u2014 krzykn\u0105\u0142 po chwili w stron\u0119 niewidocznego z tej pozycji muzyka. I w tym momencie nie interesowa\u0142o go, czy Ahonen, go pos\u0142ucha, czy nie. Po prostu musia\u0142 odreagowa\u0107. I to nawet nie utrat\u0119 pi\u0119tnastu punkt\u00f3w, a zwyczajnie oberwanie kamieniem w g\u0142ow\u0119.<\/p>\n\n\n\n<p>O dziwo po paru kolejnych sekundach d\u017awi\u0119ki kolejnych d\u017awi\u0119kowych pocisk\u00f3w usta\u0142y, a cyfrowy gruz przesta\u0142 spada\u0107.<\/p>\n\n\n\n<p>Czekaj\u0105c jeszcze chwil\u0119 w bezruchu, Alex zacz\u0105\u0142 liczy\u0107 do dwudziestu. Nic jednak si\u0119 przez ten czas nie sta\u0142o. Zupe\u0142nie jakby gdzie\u015b wci\u0119\u0142o bruneta.<\/p>\n\n\n\n<p>Albo czeka\u0142 na g\u00f3rze z zasadzk\u0105.<\/p>\n\n\n\n<p>Niestety blondyn nie mia\u0142 raczej wyboru i je\u015bli faktycznie istnia\u0142a, to musia\u0142 w ni\u0105 wej\u015b\u0107. Opcja z zej\u015bciem na d\u00f3\u0142 i poszukiwaniem innej drogi, kt\u00f3rym\u015b z przej\u015b\u0107 raczej nie wchodzi\u0142a w rachub\u0119. W ko\u0144cu ten sektor by\u0142 jednym wielkim labiryntem i nie by\u0142oby \u017cadnej gwarancji, \u017ce droga, kt\u00f3r\u0105 by wybra\u0142, doprowadzi\u0142aby go do przeciwnika. Tym bardziej \u017ce ten najpewniej nie czeka\u0142by na niego w jednym miejscu.<\/p>\n\n\n\n<p>Zacz\u0105\u0142 wi\u0119c mozoln\u0105 wspinaczk\u0119, z ka\u017cdym kolejnym posuni\u0119ciem wbijaj\u0105c pazury w ska\u0142\u0119 przed sob\u0105. Na ten moment wyci\u0105garki nie wydawa\u0142y si\u0119 najbezpieczniejszym posuni\u0119ciem, bior\u0105c pod uwag\u0119, jak mocno niepewne.<\/p>\n\n\n\n<p>Gdy w ko\u0144cu uda\u0142o mu si\u0119 pokona\u0107 kraw\u0119d\u017a, dysz\u0105c po wspinaczce zacz\u0105\u0142 si\u0119 rozgl\u0105da\u0107 za Niilo, lecz tego nigdzie nie by\u0142o wida\u0107. Ju\u017c nawet zacz\u0105\u0142 podejrzewa\u0107, \u017ce brunet opu\u015bci\u0142 komor\u0119, bo przecie\u017c w niej samej nie by\u0142o miejsca, w kt\u00f3rej m\u00f3g\u0142by si\u0119 ukry\u0107, a poza tym by\u0142o stanowczo za cicho, by ten m\u00f3g\u0142 gdzie\u015b w oddali szykowa\u0107 kolejne mordercze solo.<\/p>\n\n\n\n<p>Wtem tu\u017c przed nim wzni\u00f3s\u0142 si\u0119 ob\u0142ok dymu i przybrawszy ludzk\u0105 form\u0119, natychmiast rozb\u0142ysn\u0105\u0142 jasnym \u015bwiat\u0142em, kt\u00f3re o\u015blepi\u0142o Alexa, na co ten pr\u00f3bowa\u0142 zas\u0142oni\u0107 oczy przedramieniem. Niilo za\u015b jedynie na to czeka\u0142 i celuj\u0105c w g\u0142ow\u0119 blondyna, zamachn\u0105\u0142 si\u0119 gitar\u0105.<\/p>\n\n\n\n<p>Ta jednak nie natrafi\u0142a na \u017caden op\u00f3r, gdy\u017c koci wojownik, przypuszczaj\u0105c jakie s\u0105 zamiary przeciwnika, zwyczajnie si\u0119 pochyli\u0142, unikaj\u0105c ataku.&nbsp;<\/p>\n\n\n\n<p>\u2014 Czy\u017cby\u015b postanowi\u0142 nie i\u015b\u0107 w stron\u0119 \u015bwiat\u0142a? \u2014 us\u0142ysza\u0142 g\u0142os Niilo, kt\u00f3ry kopni\u0119ciem w pier\u015b chcia\u0142 go pos\u0142a\u0107 z powrotem w mroczn\u0105 czelu\u015b\u0107, z kt\u00f3rej dopiero co wyszed\u0142.<\/p>\n\n\n\n<p>\u2014 No w\u0142a\u015bnie nie \u2014 rzuci\u0142 wci\u0105\u017c lekko zdyszany Alex w odpowiedzi, \u0142api\u0105c go za nog\u0119. &#8212; Nie spieszno mi do \u015bmierci. Nawet je\u015bli ta twoja muzyka jest ci\u0119\u017csza, ni\u017c mi si\u0119 dot\u0105d zdawa\u0142o.<\/p>\n\n\n\n<p>I nim Ahonen zd\u0105\u017cy\u0142 zareagowa\u0107, blondyn obr\u00f3ci\u0142 si\u0119 do niego plecami i uderzy\u0142 go \u0142okciem w twarz. To wystarczy\u0142o, by muzyk, cofaj\u0105c si\u0119 o kilka krok\u00f3w, rozlu\u017ani\u0142 chwyt na szyjce gitary, a \u015bwiat\u0142o kt\u00f3rym emanowa\u0142, zgas\u0142o.<\/p>\n\n\n\n<p>\u2014 Koniec koncertu stary \u2014 podsumowa\u0142 ubrany na czarno m\u0119\u017cczyzna, \u0142api\u0105c upuszczony instrument, po czym ju\u017c bez \u017cadnego komentarza rzuci\u0142 nim w przepa\u015b\u0107.<\/p>\n\n\n\n<p>To powinna zwi\u0119kszy\u0107 jego szanse w tym starciu. Pozbawiaj\u0105c Niilo jego gitary, pozbawi\u0142 go r\u00f3wnie\u017c g\u0142\u00f3wnej broni jak i mo\u017cliwo\u015bci atak\u00f3w na dystans. Teraz pozostawa\u0142o pozbawi\u0107 go r\u00f3wnie\u017c reszty punkt\u00f3w \u017cycia.<\/p>\n\n\n\n<p>A patrz\u0105c na starszego m\u0119\u017cczyzn\u0119, widzia\u0142, \u017ce my\u015bli o tym samym o ewidentnie kombinuje co tu teraz zrobi\u0107.<\/p>\n\n\n\n<p>\u2014 Czyli chcesz rzuci\u0107 mi r\u0119kawic\u0119 i walczy\u0107 ze mn\u0105 na pi\u0119\u015bci \u2014 spyta\u0142 niespodziewanie Ahonen.<\/p>\n\n\n\n<p>\u2014 A mog\u0119 rzuci\u0107 \u2014 pad\u0142a odpowied\u017a, po czym Becket faktycznie \u015bci\u0105gn\u0105\u0142 r\u0119kawic\u0119 z lewej r\u0119ki i rzuci\u0142 j\u0105 na ziemi\u0119 mi\u0119dzy nimi. \u2014 Zadowolony?<\/p>\n\n\n\n<p>\u2014 A \u017ceby\u015b wiedzia\u0142 \u2014 jego rozm\u00f3wca si\u0119 u\u015bmiechn\u0105\u0142, po czym rzuci\u0142 w niego kolejnym granatem, zaraz po tym zamieniaj\u0105c si\u0119 w dym.<\/p>\n\n\n\n<p>Lecz tym razem Alex widz\u0105c, co si\u0119 \u015bwi\u0119ci, w por\u0119 uskoczy\u0142 przed eksplozj\u0105, si\u0119gaj\u0105c po swoj\u0105 r\u0119kawic\u0119. Lecz nie dane mi by\u0142o mie\u0107 czas na za\u0142o\u017cenie jej, bowiem w jego stron\u0119 ju\u017c lecia\u0142 kolejny granat. I cho\u0107 zdecydowanie nie by\u0142o mu to na r\u0119k\u0119, to nie uskoczy\u0142 przed nadlatuj\u0105cymi pociskiem. Zamiast tego, wykona\u0142 obr\u00f3t i kopni\u0119ciem pos\u0142a\u0142 cylinder w stron\u0119 nadawcy. Ten jednak nie zamierza\u0142 przyj\u0105\u0107 z powrotem w\u0142asnego prezentu i zn\u00f3w zmieniaj\u0105c si\u0119 w dym, unikn\u0105\u0142 eksplozji i wystrzeli\u0142 w stron\u0119 zaj\u0119tego pospiesznym zak\u0142adaniem r\u0119kawicy Becketa, po czym ponownie wr\u00f3ci\u0142 do ludzkiej formy, tu\u017c za jego plecami, jednocze\u015bnie owijaj\u0105c mu szal wok\u00f3\u0142 szyi, zacz\u0105\u0142 go dusi\u0107.<\/p>\n\n\n\n<p>Zaskoczonym takim manewrem blondyn natychmiast chwyci\u0142 za materia\u0142, pr\u00f3buj\u0105c zmniejszy\u0107 u\u015bcisk na gardle, lecz Niilo skutecznie mu to uniemo\u017cliwia\u0142, dociskaj\u0105c kolano do plec\u00f3w.<\/p>\n\n\n\n<p>Szarpali si\u0119 we wszystkie strony, lecz wygl\u0105da\u0142o, na to, \u017ce \u017caden nie m\u00f3g\u0142 uzyska\u0107 wi\u0119kszej przewagi, bo niemal natychmiast, drugi mu j\u0105 odbiera\u0142. Nie mog\u0142o to trwa\u0107 jednak w niesko\u0144czono\u015b\u0107, a ju\u017c w szczeg\u00f3lno\u015bci bior\u0105c pod uwag\u0119, \u017ce do swojej szamotaniny wybrali sobie w\u0142a\u015bnie kraw\u0119d\u017a przepa\u015bci.<\/p>\n\n\n\n<p>W pewnym momencie stopa czarnow\u0142osego trafi\u0142a w pustk\u0119, a jako, \u017ce drug\u0105 noga wci\u0105\u017c spoczywa\u0142a na plecach Becketa, tak Finlandczyk zacz\u0105\u0142 spada\u0107, poci\u0105gaj\u0105c przyduszanego m\u0119\u017cczyzn\u0119 ze sob\u0105.<\/p>\n\n\n\n<p>Nie zapowiada\u0142o si\u0119 r\u00f3wnie\u017c, by zamierza\u0142 pod postaci\u0105 dymu wr\u00f3ci\u0107 do komory, bo wci\u0105\u017c przytrzymywa\u0142 ubranego na czarno przeciwnika. Najwidoczniej Niilo chcia\u0142 spa\u015b\u0107 wraz z nim na dno przepa\u015bci, lecz, jako \u017ce Alex spotka\u0142by si\u0119 z pod\u0142o\u017cem pierwszy, oznacza\u0142oby to minimalnie wcze\u015bniejsz\u0105 dewirtualizacj\u0119 i przegran\u0105.<\/p>\n\n\n\n<p>On bynajmniej nie zamierza\u0142 wsp\u00f3\u0142pracowa\u0107 w tym przedsi\u0119wzi\u0119ciu. Rozrywaj\u0105c w ko\u0144cu wci\u0105\u017c zaciskany na jego krtani materia\u0142, bez chwili zw\u0142oki wykr\u0119ci\u0142 obie r\u0119ce za siebie i bez celowania wystrzeli\u0142 obie linki, modl\u0105c si\u0119 w duchu, by cho\u0107 jedna trafi\u0142a w most, kt\u00f3ry przed u\u0142amkiem sekundy min\u0119li, oraz by ten si\u0119 nie zarwa\u0142.<\/p>\n\n\n\n<p>Nie wiadomo, czy kto\u015b wys\u0142ucha\u0142 jego modlitw, ale obie liny trafi\u0142y w cel, a on zahamowa\u0142 gwa\u0142townie, gubi\u0105c z plec\u00f3w pasa\u017cera na gap\u0119, kt\u00f3ry z krzykiem niedowierzania, samotnie kontynuowa\u0142 podr\u00f3\u017c w d\u00f3\u0142.<\/p>\n\n\n\n<p>\u2014 Chyba zapomnia\u0142em mu powiedzie\u0107, \u017ce Colin jak nic, nie poprzestanie na wyd\u0119bieniu od niego autograf\u2026 \u2014 stwierdzi\u0142 nagle ol\u015bniony, spogl\u0105daj\u0105c na miejsce, w kt\u00f3rym jeszcze przed chwil\u0105 widzia\u0142 muzyka, z prze\u015bwiadczeniem, \u017ce w normalnych warunkach manewr, kt\u00f3ry przed chwil\u0105 wykona\u0142, sko\u0144czy\u0142by si\u0119 przynajmniej wyrwaniem r\u0105k ze staw\u00f3w.<\/p>\n\n\n\n<p>\u2014 Possa lui non essere arrabbiato per questo\u2026** \u2014 rzuci\u0142, gdy po wspi\u0119ciu si\u0119 na most, jeszcze raz spogl\u0105daj\u0105c w d\u00f3\u0142. W nast\u0119pnej chwili jego cyfrowe wcielenie zacz\u0119\u0142o si\u0119 rozpada\u0107, co oznacza\u0142o, \u017ce Niilo w\u0142a\u015bnie dosi\u0119gn\u0105\u0142 dna i wypad\u0142 z gry.<\/p>\n\n\n\n<p>* Czy naprawd\u0119 jeste\u015bmy bli\u017aniakami&#8230;?<\/p>\n\n\n\n<p>** Oby nie by\u0142 z tego powodu z\u0142y\u2026<\/p>\n","protected":false},"excerpt":{"rendered":"<p>\u2014 Nie pr\u00f3buj si\u0119 wymigiwa\u0107, braciszku i zmieniaj sw\u00f3j avek \u2014 oznajmi\u0142 Colin, siedz\u0105c przy stole naprzeciw popijaj\u0105cego herbat\u0119 z kubka Alexa. \u2014 A ja ci powtarzam, \u017ce zak\u0142adaj\u0105c si\u0119, m\u00f3wi\u0142e\u015b, \u017ce jak nie zajm\u0119 miejsca na podium, to b\u0119d\u0119 musia\u0142 zmieni\u0107. \u2014 Ty nie pr\u00f3buj wykr\u0119ca\u0107 kota ogo\u2026 \u2014 zacz\u0105\u0142, lecz przerwano mu w &hellip;<br \/><a href=\"https:\/\/kodlyoko.pl\/index.php\/artykuly\/tworczosc-niekonwencjonalna\/arena\/edycja-3\/edycja-3-walki\/edycja-3-polfinaly\/runda-3-2-niilo-ahonen-vs-alex-becket\/\" class=\"more-link pen_button pen_element_default pen_icon_arrow_double\">Read more<\/a><\/p>\n","protected":false},"author":1,"featured_media":0,"parent":2578,"menu_order":0,"comment_status":"open","ping_status":"closed","template":"","meta":{"footnotes":""},"categories":[20],"tags":[],"class_list":["post-2707","page","type-page","status-publish","hentry","category-artykuly-areny"],"_links":{"self":[{"href":"https:\/\/kodlyoko.pl\/index.php\/wp-json\/wp\/v2\/pages\/2707","targetHints":{"allow":["GET"]}}],"collection":[{"href":"https:\/\/kodlyoko.pl\/index.php\/wp-json\/wp\/v2\/pages"}],"about":[{"href":"https:\/\/kodlyoko.pl\/index.php\/wp-json\/wp\/v2\/types\/page"}],"author":[{"embeddable":true,"href":"https:\/\/kodlyoko.pl\/index.php\/wp-json\/wp\/v2\/users\/1"}],"replies":[{"embeddable":true,"href":"https:\/\/kodlyoko.pl\/index.php\/wp-json\/wp\/v2\/comments?post=2707"}],"version-history":[{"count":1,"href":"https:\/\/kodlyoko.pl\/index.php\/wp-json\/wp\/v2\/pages\/2707\/revisions"}],"predecessor-version":[{"id":2710,"href":"https:\/\/kodlyoko.pl\/index.php\/wp-json\/wp\/v2\/pages\/2707\/revisions\/2710"}],"up":[{"embeddable":true,"href":"https:\/\/kodlyoko.pl\/index.php\/wp-json\/wp\/v2\/pages\/2578"}],"wp:attachment":[{"href":"https:\/\/kodlyoko.pl\/index.php\/wp-json\/wp\/v2\/media?parent=2707"}],"wp:term":[{"taxonomy":"category","embeddable":true,"href":"https:\/\/kodlyoko.pl\/index.php\/wp-json\/wp\/v2\/categories?post=2707"},{"taxonomy":"post_tag","embeddable":true,"href":"https:\/\/kodlyoko.pl\/index.php\/wp-json\/wp\/v2\/tags?post=2707"}],"curies":[{"name":"wp","href":"https:\/\/api.w.org\/{rel}","templated":true}]}}