{"id":2695,"date":"2020-12-23T16:46:00","date_gmt":"2020-12-23T14:46:00","guid":{"rendered":"https:\/\/kodlyoko.pl\/?page_id=2695"},"modified":"2021-08-16T00:07:24","modified_gmt":"2021-08-15T22:07:24","slug":"walka-12-2-cassandra-ann-benoir-vs-daniel-garcia","status":"publish","type":"page","link":"https:\/\/kodlyoko.pl\/index.php\/artykuly\/tworczosc-niekonwencjonalna\/arena\/edycja-2-5\/walki\/walka-12-2-cassandra-ann-benoir-vs-daniel-garcia\/","title":{"rendered":"[Walka 12-2] Cassandra Ann Benoir vs Daniel Garcia"},"content":{"rendered":"\n<p>Daniel powoli szed\u0142 po ozdobnej kostce w stron\u0119 wielkiej posiad\u0142o\u015bci, z kt\u00f3rej dobiega\u0142a g\u0142o\u015bna, elegancka muzyka. Wszyscy wytworni go\u015bcie mijali go, nie zwracaj\u0105c na niego uwagi. C\u00f3\u017c, nie nazwa\u0142by si\u0119 niewytwornym, mia\u0142 nowiutki, skrojony na miar\u0119 garnitur, w\u0142osy u\u0142o\u017cone u drogiego fryzjera&#8230; Z drugiej strony wl\u00f3k\u0142 si\u0119, jak staruszek. C\u00f3\u017c, stara\u0142 si\u0119 nie kula\u0107. Trudno by\u0142o i\u015b\u0107 tak, \u017ceby nikt tego nie zauwa\u017cy\u0142. Gdyby si\u0119 po\u015bpieszy\u0142 \u2013 chodzi\u0142by jak pingwin. Ma\u0142o eleganckie. Wola\u0142 si\u0119 sp\u00f3\u017ani\u0107.<\/p>\n\n\n\n<p>Cassandra czeka\u0142a przed wej\u015bciem, w \u015blicznej, ciemnoczerwonej sukni z g\u0142\u0119bokim dekoltem. U\u015bmiecha\u0142a si\u0119, czekaj\u0105c na Daniela. Pomacha\u0142a mu dyskretnie. Wygl\u0105da\u0142a troch\u0119 blado, ale mo\u017ce to kwestia gry \u015bwiate\u0142 i ciemnego materia\u0142u.<\/p>\n\n\n\n<p>\u2013 Przepraszam, \u017ce musia\u0142a\u015b czeka\u0107 \u2013 odezwa\u0142 si\u0119 Daniel.<\/p>\n\n\n\n<p>\u2013 W porz\u0105dku. Chod\u017a, przedstawi\u0119 ci\u0119.<\/p>\n\n\n\n<p>Weszli do \u015brodka, do pe\u0142nej ludzi sali. Daniel poczu\u0142 si\u0119 troch\u0119 nieswojo, na szcz\u0119\u015bcie Cassandra nie wprowadzi\u0142a go mi\u0119dzy nich, tylko na ty\u0142, do stolik\u00f3w. Przy jednym z nich siedzia\u0142a samotna dziewczyna. W jej stron\u0119 skierowa\u0142a si\u0119 Cassandra.<\/p>\n\n\n\n<p>Dziewczyna wsta\u0142a.<\/p>\n\n\n\n<p>\u2013 Hej \u2013 przywita\u0142a si\u0119.<\/p>\n\n\n\n<p>\u2013 Poznaj Daniela \u2013 Cassandra odezwa\u0142a si\u0119 do przyjaci\u00f3\u0142ki. \u2013 Daniel, poznaj Calys.<\/p>\n\n\n\n<p>Daniel zblad\u0142. Wymusi\u0142 u\u015bmiech.<\/p>\n\n\n\n<p>\u2013 Mi\u0142o mi ci\u0119 pozna\u0107 \u2013 poda\u0142 jej d\u0142o\u0144. W nik\u0142ym \u015bwietle nie by\u0142o wida\u0107, \u017ce dr\u017cy.<\/p>\n\n\n\n<p>\u2013 Tak\u017ce mi mi\u0142o.<\/p>\n\n\n\n<p>___<\/p>\n\n\n\n<p>*Cztery godziny wcze\u015bniej*<\/p>\n\n\n\n<p>Daniel opad\u0142 lekko na aren\u0119 sektora pi\u0105tego. Pomieszczenie wirowa\u0142o. Nied\u0142ugo mia\u0142o otworzy\u0107 si\u0119 przej\u015bcie i rozpocz\u0105\u0107 sekwencja klucza, jednak nic nie sta\u0142o na przeszkodzie, by ju\u017c teraz walczy\u0107.<\/p>\n\n\n\n<p>Daniel by\u0142 zdziwiony, gdy dwa dni temu dosta\u0142 przypomnienie o walce z Cassandr\u0105. By\u0142 pewien, \u017ce nie czeka go spotkanie z ni\u0105 na arenie. Dodatkowo walka wypada\u0142a w ten sam dzie\u0144, co uroczysta gala, na kt\u00f3r\u0105 zaprosi\u0142a go dziewczyna. \u015awietnie. Pozostanie dos\u0142ownie chwila, by si\u0119 przygotowa\u0107.<\/p>\n\n\n\n<p>Ch\u0142opak u\u015bmiechn\u0105\u0142 si\u0119 do przeciwniczki, dopiero po chwili orientuj\u0105c si\u0119, \u017ce nie widzi ona jego twarzy. Zaczyna\u0142 odzwyczaja\u0107 si\u0119 od tego.<\/p>\n\n\n\n<p>Zaatakowa\u0142.<\/p>\n\n\n\n<p>Cassie od razu zareagowa\u0142a, rzucaj\u0105c w jego stron\u0119 powietrzne ostrze. Unikn\u0105\u0142 go, zaraz potem tn\u0105c w jej stron\u0119. Ona te\u017c zrobi\u0142a unik, mo\u017ce nie do ko\u0144ca udany, ale Daniel nieszczeg\u00f3lnie w ni\u0105 celowa\u0142. Zamachn\u0105\u0142 si\u0119 drugi raz. Dziewczyna odepchn\u0119\u0142a go moc\u0105.<\/p>\n\n\n\n<p>\u2013 Mo\u017ce da\u0107 ci jeden z mieczy? \u2013 zaproponowa\u0142 Daniel.<\/p>\n\n\n\n<p>\u2013 Nie gustuj\u0119 w szermierce \u2013 odpar\u0142a, u\u017cywaj\u0105c jednocze\u015bnie niewidzialnego ostrza.<\/p>\n\n\n\n<p>Daniel zablokowa\u0142 cios.<\/p>\n\n\n\n<p>Arena przesta\u0142a si\u0119 kr\u0119ci\u0107, otworzy\u0142o si\u0119 przej\u015bcie. Walcz\u0105cy nie ruszyli si\u0119 w jego stron\u0119.<\/p>\n\n\n\n<p>Daniel ponownie zaatakowa\u0142 Cassandr\u0119. Tym razem ataku jej ostrza unikn\u0105\u0142, przemieniaj\u0105c si\u0119 w dym i po chwili zmaterializowa\u0142 si\u0119 za jej plecami.<\/p>\n\n\n\n<p>Odepchn\u0119\u0142a go z u\u015bmiechem.<\/p>\n\n\n\n<p>\u2013 Postaraj si\u0119, nie mo\u017cemy zanudzi\u0107 widz\u00f3w\u2013 za\u015bmia\u0142a si\u0119.<\/p>\n\n\n\n<p>Daniel prychn\u0105\u0142.<\/p>\n\n\n\n<p>\u2013 Oczywi\u015bcie.<\/p>\n\n\n\n<p>Zn\u00f3w zmieni\u0142 si\u0119 w dym. Okr\u0105\u017cy\u0142 Cassie, unikaj\u0105c kilku atak\u00f3w jej ostrza. Zaraz potem wystrzeli\u0142 w jej stron\u0119, tn\u0105c mieczami. Ledwo j\u0105 drasn\u0105\u0142, 5 punkt\u00f3w. Zmieni\u0142 si\u0119 znowu i wystrzeli\u0142 w g\u00f3r\u0119.<\/p>\n\n\n\n<p>Cassandra u\u015bmiechn\u0119\u0142a si\u0119. Wys\u0142a\u0142a w jego stron\u0119 kilka atak\u00f3w i rzuci\u0142a si\u0119 do wyj\u015bcia.<\/p>\n\n\n\n<p>Daniel nie spodziewa\u0142 si\u0119, \u017ce b\u0119dzie ucieka\u0107. Unikn\u0105\u0142 ostrzy i momentalnie polecia\u0142 za ni\u0105.<\/p>\n\n\n\n<p>\u015aciana zamkn\u0119\u0142a si\u0119 tu\u017c przed nim, zmuszaj\u0105c do zmiany trasy.<\/p>\n\n\n\n<p>Daniel nie lubi\u0142 pi\u0105tki. Ruszaj\u0105ce si\u0119 \u015bciany zabiera\u0142y mo\u017cliwo\u015b\u0107 ukrycia si\u0119, cho\u0107 nigdy nie wiadomo by\u0142o, kiedy i gdzie trafi si\u0119 na przeciwnika \u2013 mo\u017cna by\u0142o go atakowa\u0107 z zaskoczenia, o ile on nie mia\u0142 lepszego refleksu lub szcz\u0119\u015bcia.<\/p>\n\n\n\n<p>Daniel skr\u0119ci\u0142 w pierwsz\u0105 lepsz\u0105 odnog\u0119 korytarza, potem przecisn\u0105\u0142 si\u0119 w jeden z niewielkich kwadrat\u00f3w w \u015bcianie. Zgadywa\u0142, \u017ce Cassandra skieruje si\u0119 w stron\u0119 klucza. Sam wi\u0119c te\u017c lecia\u0142 tam, gdzie ten powinien si\u0119 znajdowa\u0107.<\/p>\n\n\n\n<p>Wpad\u0142 na ni\u0105 w najgorszym mo\u017cliwym miejscu \u2013 w komnacie luster. Nie widzia\u0142 dok\u0142adnie, gdzie stoi, ona te\u017c nie by\u0142a pewna jego lokalizacji. Zmaterializowa\u0142 si\u0119 i momentalnie zaatakowa\u0142 w losowym kierunku. Dziewczyna krzykn\u0119\u0142a, on jednak trafi\u0142 tylko w lustro.<\/p>\n\n\n\n<p>Daniel u\u015bmiechn\u0105\u0142 si\u0119. C\u00f3\u017c, w przeciwie\u0144stwie do obrazu, d\u017awi\u0119k nie odbija si\u0119 od luster&#8230; Przynajmniej nie w takim stopniu.<\/p>\n\n\n\n<p>Zraz odwr\u00f3ci\u0142 si\u0119 w miejsce, gdzie sta\u0142a Cassandra i rzuci\u0142 si\u0119 do ataku. Dziewczyna domy\u015bli\u0142a si\u0119, \u017ce zaraz j\u0105 potnie, kontratakowa\u0142a wi\u0119c swoim niewidzialnym ostrzem.<\/p>\n\n\n\n<p>Rozleg\u0142 si\u0119 d\u017awi\u0119k setek dzwoneczk\u00f3w- t\u0142uczonych luster i nagle w pomieszczeniu zapanowa\u0142a ca\u0142kowita ciemno\u015b\u0107.<\/p>\n\n\n\n<p>Daniel: utrata 20 punkt\u00f3w<br>Cassandra: utrata 20 punkt\u00f3w<\/p>\n\n\n\n<p>Daniel, niezra\u017cony ciemno\u015bci\u0105, zaatakowa\u0142 jeszcze raz, celuj\u0105c w miejsce, gdzie sta\u0142a Cassandra. Ta ju\u017c musia\u0142a si\u0119 stamt\u0105d cofn\u0105\u0107, bo trafi\u0142 tylko na powietrze. Zaraz potem co\u015b popchn\u0119\u0142o go w ty\u0142 i rzuci\u0142o na jedno z pot\u0142uczonych luster.<\/p>\n\n\n\n<p>Minus 7<\/p>\n\n\n\n<p>&#8220;Och? Szk\u0142o zadaje obra\u017cenia?&#8221;<\/p>\n\n\n\n<p>Rzuci\u0142 si\u0119 przed siebie, w stron\u0119, z kt\u00f3rej go zaatakowano. Zmieni\u0142 si\u0119 w dym, nie chc\u0105c znowu zosta\u0107 odepchni\u0119tym. Mia\u0142 szcz\u0119\u015bcie, albo Cassandra nie atakowa\u0142a swoim ostrzem. Zmaterializowa\u0142 si\u0119 gdzie\u015b w po\u0142owie pomieszczenia i bieg\u0142 z mieczami przed sob\u0105 a\u017c do \u015bciany.<\/p>\n\n\n\n<p>&#8220;Kurcze. Ju\u017c wysz\u0142a&#8221;<\/p>\n\n\n\n<p>Wymaca\u0142 r\u0119k\u0105 niewielki guziczek. Otworzy\u0142o si\u0119 przej\u015bcie. Wypad\u0142 na jasny korytarz, nie widz\u0105c nigdzie Cassandry. Prychn\u0105\u0142.<\/p>\n\n\n\n<p>Nie maj\u0105c \u017cadnej wskaz\u00f3wki, postanowi\u0142 kontynuowa\u0107 szukanie klucza. Liczy\u0142, \u017ce albo trafi na dziewczyn\u0119, albo to ona sama do niego przyjdzie.<\/p>\n\n\n\n<p>Przez kilka minut panowa\u0142 nieprzyjemny spok\u00f3j, gdy Daniel przedziera\u0142 ruchomy labirynt. Jak si\u0119 okaza\u0142o, Cassandra czeka\u0142a na niego w pomieszczeniu klucza.<\/p>\n\n\n\n<p>\u2013 Mog\u0142a\u015b go wy\u0142\u0105czy\u0107 \u2013 prychn\u0105\u0142.<\/p>\n\n\n\n<p>\u2013 Wtedy wiedzia\u0142by\u015b, \u017ce tu jestem.<\/p>\n\n\n\n<p>\u2013 I tak musia\u0142aby\u015b tu przyj\u015b\u0107 \u2013 uzna\u0142. \u2013 Mo\u017ce jednak skorzystasz z mojej propozycji miecza i za\u0142atwimy to, jak przysta\u0142o?<\/p>\n\n\n\n<p>\u2013 Zdaje si\u0119, \u017ce masz wi\u0119ksze do\u015bwiadczenie we w\u0142adaniu mieczem.<\/p>\n\n\n\n<p>\u2013 Skorzystam z lewej r\u0119ki \u2013 uzna\u0142, rzucaj\u0105c drugim mieczem niby oszczepem. Wbi\u0142 si\u0119 w \u015bcian\u0119 tu\u017c obok Cassandry.<\/p>\n\n\n\n<p>Spojrza\u0142a na niego zaskoczona, zaraz jednak prychn\u0119\u0142a i wyrwa\u0142a go. Ustawi\u0142a si\u0119 wygodnie. Zaraz potem \u015bciany i pod\u0142oga pomieszczenia zacz\u0119\u0142y si\u0119 rusza\u0107. By\u0142o to jak sygna\u0142 do ataku.<\/p>\n\n\n\n<p>Rzucili si\u0119 na siebie jednocze\u015bnie.<\/p>\n\n\n\n<p>Czy to wa\u017cne, kto wygra\u0142?<\/p>\n\n\n\n<p>___<\/p>\n\n\n\n<p>Muzyka by\u0142a mi\u0142a dla ucha. Kilka par ta\u0144czy\u0142o na \u015brodku sali, reszta go\u015bci zaj\u0119\u0142a stoliki po bokach i prowadzi\u0142a przyciszone rozmowy przy winie i wykwintnych daniach.<\/p>\n\n\n\n<p>Calys popija\u0142a wino, nie zwracaj\u0105c uwagi na niezr\u0119czn\u0105 cisz\u0119 przy ich stole. Cassandra pr\u00f3bowa\u0142a je\u015b\u0107, ale nie by\u0142a zbyt g\u0142odna, wi\u0119c grzeba\u0142a bez powodu w talerzu, czuj\u0105c si\u0119 do\u015b\u0107 niezr\u0119cznie. Mia\u0142a wielk\u0105 ochot\u0119 pos\u0105czy\u0107 trunku z przyjaci\u00f3\u0142k\u0105, ale nie by\u0142 to najlepszy pomys\u0142 po jej ostatnim za\u0142amaniu w zdrowiu. Po za tym, nie by\u0142a pewna, czy wypada\u0142o przy Danielu. Mo\u017ce i go zaprosi\u0142a, ale niezbyt wiedzia\u0142a jak si\u0119 przy nim zachowa\u0107. To nie by\u0142 wywiad. Po za tym, ch\u0142opak by\u0142 niewiele starszy od jej m\u0142odszego brata.<\/p>\n\n\n\n<p>Daniel widzia\u0142, \u017ce obie kobiety czuj\u0105 si\u0119 nieswojo. Sam te\u017c czu\u0142 si\u0119 niepewnie, widz\u0105c tu Calys. Cassandra co prawda wspomina\u0142a mu o swojej przyjaci\u00f3\u0142ce, ale nie spodziewa\u0142 si\u0119, \u017ce b\u0119dzie to ta sama dziewczyna, kt\u00f3ra bra\u0142a udzia\u0142 w ostatniej edycji aren.&nbsp;<\/p>\n\n\n\n<p>Westchn\u0105\u0142.<\/p>\n\n\n\n<p>&#8211; Cassie, w sumie, nie pyta\u0142em ci\u0119 o to, ale dlaczego zgodzi\u0142a\u015b si\u0119 na udzia\u0142 w turnieju charytatywnym?<\/p>\n\n\n\n<p>&#8211; Emm&#8230; &#8211; zacz\u0119\u0142a, odk\u0142adaj\u0105c widelec. Odwr\u00f3ci\u0142a wzrok na Calys &#8211; Wiem, \u017ce otwarcie m\u00f3wi\u0142am o testowaniu swoich umiej\u0119tno\u015bci i innych takich przeci\u0119tnych rzeczach, ale w zasadzie robi\u0119 to dla niej &#8211; skin\u0119\u0142a g\u0142ow\u0105 na przyjaci\u00f3\u0142k\u0119.<\/p>\n\n\n\n<p>&#8211; Cassie&#8230; &#8211; Calys spiorunowa\u0142a j\u0105 wzrokiem. Odstawi\u0142a lampk\u0119 wina i opar\u0142a si\u0119 o st\u00f3\u0142.&nbsp;<\/p>\n\n\n\n<p>Jej reakcja od razu poprawi\u0142a Cassandrze humor.<\/p>\n\n\n\n<p>&#8211; No, tak w\u0142a\u015bciwie, to panna Jaques chcia\u0142a p\u00f3j\u015b\u0107 na randk\u0119 z go\u015bciem, z kt\u00f3rym przegra\u0142a &#8211; za\u015bmia\u0142a si\u0119, odsuwaj\u0105c od przyjaci\u00f3\u0142ki jej nap\u00f3j. Calys potrafi\u0142a zachowywa\u0107 si\u0119 bardzo skrajnie po alkoholu.<\/p>\n\n\n\n<p>Czarnow\u0142osa ca\u0142a poczerwienia\u0142a na twarzy. Trudno by\u0142o powiedzie\u0107, czy by\u0142a tak z\u0142a na Cassandr\u0119 za zdradzenie jej &#8220;sekretu&#8221;, do kt\u00f3rego nawet si\u0119 nie przyznawa\u0142a, czy zala\u0142a si\u0119 rumie\u0144cem.<\/p>\n\n\n\n<p>Normalnie zacz\u0119\u0142aby si\u0119 k\u0142\u00f3ci\u0107, ale jednak byli w miejscu publicznym. W formalnym otoczeniu. Wi\u0119c \u015bcisn\u0119\u0142a tylko pi\u0119\u015b\u0107 pod sto\u0142em i \u015bcisn\u0119\u0142a usta.<\/p>\n\n\n\n<p>Cassandra zn\u00f3w skin\u0119\u0142a na ni\u0105 g\u0142ow\u0105, bardzo o\u017cywiona ca\u0142\u0105 t\u0105 sytuacj\u0105.<\/p>\n\n\n\n<p>&#8211; Hmm? &#8211; Daniel zawiesi\u0142 si\u0119 na chwil\u0119. &#8211; Kogo masz na my\u015bli..?<\/p>\n\n\n\n<p>Calys westchn\u0119\u0142a, zirytowana. Zacisn\u0119\u0142a usta, zastanawiaj\u0105c si\u0119, czy m\u00f3wi\u0107, czy nie. W ko\u0144cu wyr\u0119czy\u0142\u0105 j\u0105 Cassandra.<\/p>\n\n\n\n<p>&nbsp;&#8211; Seriz Cortez.<\/p>\n\n\n\n<p>Daniel zblad\u0142. Wyra\u017anie zblad\u0142. Zdoby\u0142 si\u0119 jednak na delikatny u\u015bmiech.<\/p>\n\n\n\n<p>&#8211; Och&#8230; To ten w masce, tak?- zapyta\u0142 nerwowo. Wydawa\u0107 si\u0119 mog\u0142o, \u017ce troch\u0119 mu duszno.<\/p>\n\n\n\n<p>&#8211; Ta, wiesz, ten tajemniczy i w og\u00f3le &#8211; Cassandra ci\u0105gn\u0119\u0142a. Poczu\u0142a potrzeb\u0119 pom\u0119czenia przyjaci\u00f3\u0142ki jeszcze chwilk\u0119 &#8211; Calys lubi takich m\u0119\u017cczyzn najwyra\u017aniej.<\/p>\n\n\n\n<p>&#8211; Przesta\u0144 &#8211; Calys fukn\u0119\u0142a na ni\u0105, wywo\u0142uj\u0105c jej \u015bmiech.<\/p>\n\n\n\n<p>Daniel zmusi\u0142 si\u0119, by tak\u017ce si\u0119 za\u015bmia\u0107.<\/p>\n\n\n\n<p>&#8211; Oboje przesta\u0144cie.<\/p>\n\n\n\n<p>&#8211; Skoro prosisz. &#8211; Cassandra wzruszy\u0142a ramionami, po czym wr\u00f3ci\u0142a do powa\u017cnego tonu &#8211; Rozmawia\u0142am z twoim bratem. Stara\u0142am si\u0119 ignorowa\u0107 jego docinki na ciebie, ale tak czy inaczej, musz\u0119 si\u0119 z nim zgodzi\u0107, \u017ce w swoim wieku potrzebujesz partnera.<\/p>\n\n\n\n<p>&#8211; M\u00f3wi stara panna &#8211; skwitowa\u0142a Calys.<\/p>\n\n\n\n<p>&#8211; Ty te\u017c zaraz ni\u0105 zostaniesz &#8211; odgryz\u0142a si\u0119 dziewczyna. Po chwili pstrykn\u0119\u0142a palcami i spojrza\u0142a na Daniela. &#8211; Mo\u017ce zata\u0144czycie? Uratujesz drogi Danielu t\u0105 pann\u0119 przed mym losem? &#8211; zapyta\u0142a teatralnie.<\/p>\n\n\n\n<p>Daniel u\u015bmiechn\u0105\u0142 si\u0119 niepewnie.<\/p>\n\n\n\n<p>&#8211; Nie umiem ta\u0144czy\u0107.<\/p>\n\n\n\n<p>Cassandra prychn\u0119\u0142a, wstaj\u0105c. Zachwia\u0142a si\u0119, jakby wypi\u0142a ju\u017c troch\u0119 za du\u017co. Okr\u0105\u017cy\u0142a stolik i podesz\u0142a do Daniela.<\/p>\n\n\n\n<p>&#8211; Wstawaj. Dasz rad\u0119 &#8211; z\u0142apa\u0142a go pod ramiona i unios\u0142a.<\/p>\n\n\n\n<p>Calys prychn\u0119\u0142a \u015bmiechem, widz\u0105c to.<\/p>\n\n\n\n<p>&#8211; Nie mog\u0119 ta\u0144czy\u0107. Kulej\u0119.&nbsp;<\/p>\n\n\n\n<p>&#8211; Nie kulejesz. Widzia\u0142am, jak tu sz\u0142e\u015b.<\/p>\n\n\n\n<p>&#8211; Kulej\u0119.<\/p>\n\n\n\n<p>&#8211; Calys, zata\u0144czysz z nim? &#8211; dziewczyna zupe\u0142nie go zignorowa\u0142a<\/p>\n\n\n\n<p>&#8211; Pewnie &#8211; odpowiedzia\u0142a. Wystarczy\u0142o jej wina, \u017ceby by\u0107 w tanecznym nastroju. Nawet, je\u015bli partner nie specjalnie jej podchodzi\u0142.<\/p>\n\n\n\n<p>Cassandra podnios\u0142a si\u0119 lekko \u017ceby powiedzie\u0107 mu co\u015b do ucha.<\/p>\n\n\n\n<p>&#8211; Mo\u017ce nie wygl\u0105da, ale ta\u0144czy \u015bwietnie. Nawet je\u015bli faktycznie nie umiesz, to powinna ci\u0119 poprowadzi\u0107 &#8211; pu\u015bci\u0142a do niego oko, po czym odwr\u00f3ci\u0142a krzes\u0142o i usiad\u0142a przodem do parkietu, mimo woli \u0142api\u0105c lampk\u0119 wina.<\/p>\n\n\n\n<p>&#8211; Oczywi\u015bcie, \u017ce nie umiem &#8211; prychn\u0105\u0142, stukaj\u0105c r\u0119k\u0105 w nog\u0119. Rozbrzmia\u0142 cichy d\u017awi\u0119k uderzania o sztuczne tworzywo.<\/p>\n\n\n\n<p>Calys dost\u0105pi\u0142a do ch\u0142opaka. Ten prychn\u0105\u0142, ale z\u0142apa\u0142 j\u0105 za r\u0119k\u0119.<\/p>\n\n\n\n<p>Nawet si\u0119 nie odwracaj\u0105c poci\u0105gn\u0119\u0142a go za sob\u0105 w t\u0142um ludzi. Daniel odetchn\u0105\u0142, zdaj\u0105c sobie spraw\u0119, \u017ce w tak zape\u0142nionym miejscu nikt nie zwr\u00f3ci uwagi na jego utykanie.&nbsp;<\/p>\n\n\n\n<p>Calys mniej wi\u0119cej pomog\u0142a mu z pozycj\u0105, po czym skin\u0119\u0142a g\u0142ow\u0105, \u017ceby pr\u00f3bowa\u0142 za ni\u0105. Nie by\u0142o tak \u017ale. Z samym ruszaniem si\u0119 do muzyki nie mia\u0142 problemu, gorzej by\u0142o ze skoordynowaniem ruch\u00f3w. Partnerka rusza\u0142a si\u0119 szybko i zgrabnie, daj\u0105c mu sporo miejsca na ewentualne pomy\u0142ki. Kt\u00f3rych za pewne nie brakowa\u0142o. Ale nie zwraca\u0142a na to specjalnie uwagi. Kiedy raz nadepn\u0105\u0142 jej na szpilki, tylko zachichota\u0142a, po czym ci\u0105gn\u0119\u0142a dalej.<\/p>\n\n\n\n<p>Nikt za specjalnie nie zwraca\u0142 na nich uwagii, zlewali si\u0119 z t\u0142em. Chocia\u017c zdenerwowany Daniel cz\u0119sto odwraca\u0142 wzrok patrz\u0105c na innych tancerzy, co skutkowa\u0142o potkni\u0119ciami, albo kolejnym odbiciem buta na jasno niebieskich szpilkach Calys.<\/p>\n\n\n\n<p>Nagle jednak rozleg\u0142 si\u0119 szmer. Potem g\u0142o\u015bniejsze poruszenie. Muzyka ucich\u0142a. Zdezorientowani tancerze rozgl\u0105dali si\u0119 po pomieszczeniu. Daniel szybko zauwa\u017cy\u0142, \u017ce t\u0142um zbiera si\u0119 tam, gdzie przed chwil\u0105 siedzieli. Calys by\u0142a jednak pierwsza, kt\u00f3ra pozna\u0142a, dlaczego.<\/p>\n\n\n\n<p>&#8211; Cassandra! &#8211; krzykn\u0119\u0142a, rzucaj\u0105c si\u0119 w stron\u0119 przyjaci\u00f3\u0142ki.<\/p>\n","protected":false},"excerpt":{"rendered":"<p>Daniel powoli szed\u0142 po ozdobnej kostce w stron\u0119 wielkiej posiad\u0142o\u015bci, z kt\u00f3rej dobiega\u0142a g\u0142o\u015bna, elegancka muzyka. Wszyscy wytworni go\u015bcie mijali go, nie zwracaj\u0105c na niego uwagi. C\u00f3\u017c, nie nazwa\u0142by si\u0119 niewytwornym, mia\u0142 nowiutki, skrojony na miar\u0119 garnitur, w\u0142osy u\u0142o\u017cone u drogiego fryzjera&#8230; Z drugiej strony wl\u00f3k\u0142 si\u0119, jak staruszek. C\u00f3\u017c, stara\u0142 si\u0119 nie kula\u0107. Trudno &hellip;<br \/><a href=\"https:\/\/kodlyoko.pl\/index.php\/artykuly\/tworczosc-niekonwencjonalna\/arena\/edycja-2-5\/walki\/walka-12-2-cassandra-ann-benoir-vs-daniel-garcia\/\" class=\"more-link pen_button pen_element_default pen_icon_arrow_double\">Read more<\/a><\/p>\n","protected":false},"author":7,"featured_media":0,"parent":1327,"menu_order":23,"comment_status":"open","ping_status":"closed","template":"","meta":{"footnotes":""},"categories":[20],"tags":[],"class_list":["post-2695","page","type-page","status-publish","hentry","category-artykuly-areny"],"_links":{"self":[{"href":"https:\/\/kodlyoko.pl\/index.php\/wp-json\/wp\/v2\/pages\/2695","targetHints":{"allow":["GET"]}}],"collection":[{"href":"https:\/\/kodlyoko.pl\/index.php\/wp-json\/wp\/v2\/pages"}],"about":[{"href":"https:\/\/kodlyoko.pl\/index.php\/wp-json\/wp\/v2\/types\/page"}],"author":[{"embeddable":true,"href":"https:\/\/kodlyoko.pl\/index.php\/wp-json\/wp\/v2\/users\/7"}],"replies":[{"embeddable":true,"href":"https:\/\/kodlyoko.pl\/index.php\/wp-json\/wp\/v2\/comments?post=2695"}],"version-history":[{"count":1,"href":"https:\/\/kodlyoko.pl\/index.php\/wp-json\/wp\/v2\/pages\/2695\/revisions"}],"predecessor-version":[{"id":2697,"href":"https:\/\/kodlyoko.pl\/index.php\/wp-json\/wp\/v2\/pages\/2695\/revisions\/2697"}],"up":[{"embeddable":true,"href":"https:\/\/kodlyoko.pl\/index.php\/wp-json\/wp\/v2\/pages\/1327"}],"wp:attachment":[{"href":"https:\/\/kodlyoko.pl\/index.php\/wp-json\/wp\/v2\/media?parent=2695"}],"wp:term":[{"taxonomy":"category","embeddable":true,"href":"https:\/\/kodlyoko.pl\/index.php\/wp-json\/wp\/v2\/categories?post=2695"},{"taxonomy":"post_tag","embeddable":true,"href":"https:\/\/kodlyoko.pl\/index.php\/wp-json\/wp\/v2\/tags?post=2695"}],"curies":[{"name":"wp","href":"https:\/\/api.w.org\/{rel}","templated":true}]}}