{"id":2693,"date":"2020-12-23T16:44:00","date_gmt":"2020-12-23T14:44:00","guid":{"rendered":"https:\/\/kodlyoko.pl\/?page_id=2693"},"modified":"2021-08-16T00:04:49","modified_gmt":"2021-08-15T22:04:49","slug":"walka-12-1-cassandra-ann-benoir-vs-daniel-garcia","status":"publish","type":"page","link":"https:\/\/kodlyoko.pl\/index.php\/artykuly\/tworczosc-niekonwencjonalna\/arena\/edycja-2-5\/walki\/walka-12-1-cassandra-ann-benoir-vs-daniel-garcia\/","title":{"rendered":"[Walka 12-1] Cassandra Ann Benoir vs Daniel Garcia"},"content":{"rendered":"\n<p>Cassandra czu\u0142a si\u0119 nadal troch\u0119 niewyra\u017anie. Raz na jaki\u015b czas czu\u0142a pulsuj\u0105cy b\u00f3l w g\u0142owie, ale jego si\u0142a by\u0142a por\u00f3wnywalna mo\u017ce do lekkiego przezi\u0119bienia.<\/p>\n\n\n\n<p>Tym razem spotka\u0142y si\u0119 w jej domu, nie w kawalerce przyjaci\u00f3\u0142ki. Cass by\u0142a ju\u017c po fryzjerze i makija\u017cystce. Jej przyjaci\u00f3\u0142ka nie pozwoli\u0142a nawet dotkn\u0105\u0107 swoich bujnych, czarnych w\u0142os\u00f3w, ale makija\u017cystka pomalowa\u0142a j\u0105 cudownie. Blondynka zazdro\u015bci\u0142a przyjaci\u00f3\u0142ce tak czystej i jasnej cery, ale musia\u0142a przyzna\u0107, \u017ce obie wygl\u0105da\u0142y bardzo dobrze.<\/p>\n\n\n\n<p>Dwa dni wcze\u015bniej wybra\u0142y si\u0119 na zakupy, oczywi\u015bcie z pieni\u0119dzy Cassandry, i kupi\u0142y sukienki. W zasadzie do tego mia\u0142y te\u017c kilka drobiazg\u00f3w, ale kto by na to patrzy\u0142. Najwi\u0119cej wyda\u0142y na kreacje.<\/p>\n\n\n\n<p>Jej przyjaci\u00f3\u0142ka po zmierzeniu mn\u00f3stwa sukienek r\u00f3\u017cnego kroju, kt\u00f3re nie do ko\u0144ca jej pasowa\u0142y, zdecydowa\u0142a si\u0119 na srebrn\u0105 sukni\u0119 balow\u0105 do kostek. Dolna cz\u0119\u015b\u0107 by\u0142a szyta w tak zwany \u201csyreni ogon\u201d, a g\u00f3ra mia\u0142a tr\u00f3jk\u0105tny dekolt, chocia\u017c niezbyt g\u0142\u0119boki.<\/p>\n\n\n\n<p>Sukienka dziennikarki by\u0142a zdecydowanie bardziej wyzywaj\u0105ca. Koktajlowa, do kolan. Ciemnoczerwona, z lekk\u0105 falbank\u0105 u do\u0142u i g\u0142\u0119bokim dekoltem. Kupi\u0142a te\u017c z\u0142ot\u0105 bransolet\u0119 i wysokie, wi\u0105zane na kostce szpilki.<\/p>\n\n\n\n<p>Czarnow\u0142osa zdecydowa\u0142a si\u0119 na jasno niebieskie koturny, a przy bi\u017cuterii zosta\u0142a codziennej, co nie by\u0142o wcale wad\u0105. Kolczyki \u015bwietnie podkre\u015bla\u0142y jej jasne oczy.<\/p>\n\n\n\n<p>By\u0142y gotowe na wyj\u015bcie, chocia\u017c nadal by\u0142o troch\u0119 czasu. Nikt jednak nie zabroni\u0142 im by\u0107 wcze\u015bniej. I tak musia\u0142y jeszcze poczeka\u0107 na partnera, kt\u00f3rego Cassandra zaprosi\u0142a. A mia\u0142a na li\u015bcie kilku.<\/p>\n\n\n\n<p>***<\/p>\n\n\n\n<p>Pojawili si\u0119 w sektorze pi\u0105tym, naprzeciw siebie. Ca\u0142kiem mi\u0142o, \u017ce raz widzia\u0142a si\u0119 z przeciwnikiem. Chocia\u017c nie by\u0142o co narzeka\u0107. Ta walka i tak mia\u0142a by\u0107 spokojna. Cassandra u\u015bmiechn\u0119\u0142a si\u0119 do siebie.<\/p>\n\n\n\n<p>Teraz walka, a potem gala. Zero stresu. Szczeg\u00f3lnie, \u017ce mo\u017ce \u017ale wp\u0142ywa\u0107 na zdrowie.<\/p>\n\n\n\n<p>\u30fc Mi\u0142o znowu z tob\u0105 rozmawia\u0107 \u30fc krzykn\u0119\u0142a entuzjastycznie, do stoj\u0105cej na wprost sylwetki.<\/p>\n\n\n\n<p>\u30fc Wzajemnie \u30fc odpowiedzia\u0142 zniekszta\u0142cony, mrukliwy g\u0142os z g\u0142o\u015bnik\u00f3w. Zdecydowanie nie brzmia\u0142 najszczerzej \u30fc&#8230; Lepiej si\u0119 ju\u017c czujesz?<\/p>\n\n\n\n<p>\u30fc Moi lekarze m\u00f3wi\u0105, \u017ce nic mi nie jest. Organizatorzy prowadz\u0105 \u015bledztwo, ale pewnie to tylko b\u0142\u0105d. Zdarzaj\u0105 si\u0119. Tak czy inaczej, do walki si\u0119 nadaj\u0119 \u30fc zapewni\u0142a, staj\u0105c w pozycji do ataku. Rozgada\u0142a si\u0119 jak zwykle.<\/p>\n\n\n\n<p>\u30fc To dobrze. Powodzenia \u30fc odpowiedzia\u0142 kr\u00f3tko, nieczytelnym tonem g\u0142osu. R\u00f3wnie\u017c przybra\u0142 pozycj\u0119 bojow\u0105.<\/p>\n\n\n\n<p>Cassandra jak zwyk\u0142a robi\u0107, cofn\u0119\u0142a si\u0119 wp\u00f3\u0142 kroku do ty\u0142u. Nie chcia\u0142a walczy\u0107 na ca\u0142ego, chocia\u017c ostatnio te\u017c nie chcia\u0142a, a jednak wygra\u0142a. Ale naprawd\u0119 nie czu\u0142a potrzeby zwyci\u0119stwa. Z Danielem by\u0142a w dobrych relacjach, chocia\u017c ledwo si\u0119 znali, ale wydawa\u0142 si\u0119 mi\u0142y. Poodpowiada\u0142 na par\u0119 pyta\u0144. Cofaj\u0105c si\u0119, przeci\u0119\u0142a powietrze, wymuszaj\u0105c na przeciwniku unik w stron\u0119 unosz\u0105cej si\u0119 platformy. Mia\u0142a ju\u017c do\u015bwiadczenie na tym sektorze, nie wa\u017cne jak bardzo go nie lubi\u0142a. Chyba \u017cadnego sektora tyle nie analizowa\u0142a.<\/p>\n\n\n\n<p>Mia\u0142a a\u017c wra\u017cenie, \u017ce wie, kiedy niekt\u00f3re platformy si\u0119 podnios\u0105, ale by\u0142o raczej mylne.<\/p>\n\n\n\n<p>Z pewnym siebie u\u015bmiechem, rzuci\u0142a szybko okiem na okolic\u0119, szukaj\u0105c luki, z kt\u00f3rej mog\u0142aby skorzysta\u0107. Przez unosz\u0105c\u0105 si\u0119 platform\u0119 zosta\u0142a zmuszona do cofni\u0119cia si\u0119 o kilka krok\u00f3w do ty\u0142u.<\/p>\n\n\n\n<p>Przeciwnik, korzystaj\u0105c z przewagi wysoko\u015bci, bieg\u0142 w jej stron\u0119. Cass zgrabnie wycofywa\u0142a si\u0119, korzystaj\u0105c z ruchu platform. Nie mia\u0142a szcz\u0119\u015bcia do wysoko\u015bci, ale przynajmniej nic nie blokowa\u0142o jej drogi.<\/p>\n\n\n\n<p>Przemieszczaj\u0105c si\u0119 przez do\u015b\u0107 niewielkie pomieszczenie w por\u00f3wnaniu do otwartej przestrzeni innych sektor\u00f3w, do\u015b\u0107 szybko, odbijaj\u0105c si\u0119 od blok\u00f3w, mo\u017cna by\u0142o dotrze\u0107 do \u015bciany. Cassandra, b\u0119d\u0105c w najdalszej chwilowo mo\u017cliwej odleg\u0142o\u015bci od przeciwnika odwr\u00f3ci\u0142a si\u0119 \u017ceby jak najszybciej u\u017cy\u0107 ci\u0119cia. Celuj\u0105c z daleka mia\u0142a oczywi\u015bcie plan trafi\u0107. Ale do\u015b\u0107 szybko zda\u0142a sobie spraw\u0119 ze swojego b\u0142\u0119du. By\u0142a to maksymalna odleg\u0142o\u015b\u0107, wi\u0119c dla Daniela oczywistym by\u0142o, \u017ce najlepiej b\u0119dzie go unikn\u0105\u0107. Oczywi\u015bcie u\u017cywaj\u0105c mocy. Ulatniaj\u0105c si\u0119, szybko znikn\u0105\u0142 z oczu Cass. By\u0142a niemal\u017ce pewna, \u017ce albo skryje si\u0119, \u017ceby j\u0105 zaskoczy\u0107, albo ruszy od razu w jej stron\u0119. Ale wydawa\u0142o jej si\u0119, \u017ce granie na zw\u0142ok\u0119 nie mia\u0142oby sensu.<\/p>\n\n\n\n<p>Nie myli\u0142a si\u0119. Zaatakowa\u0142 j\u0105 z bliska, korzystaj\u0105c z teleportacji \u017ceby uderzy\u0107 z g\u00f3ry. Celowa\u0142 dwoma mieczami, ale Cassandra korzystaj\u0105c z odleg\u0142o\u015bci pozosta\u0142ej mi\u0119dzy nimi u\u017cy\u0142a ci\u0119cia \u017ceby go odepchn\u0105\u0107. Oczywi\u015bcie atak zosta\u0142 sparowany, ale da\u0142 jej wystarczaj\u0105co czasu \u017ceby znale\u017a\u0107 miejsce do teleportacji. O\u015blepiaj\u0105c chwilowo przeciwnika i zyskuj\u0105c kilka sekund przewagi, gdy tylko znalaz\u0142a si\u0119 na drugim ko\u0144cu pomieszczenia, zn\u00f3w wycelowa\u0142a ci\u0119cie. Ataki po umiej\u0119tno\u015bciach by\u0142y tak naprawd\u0119 jedynymi pewnymi uderzeniami w zasobie Cass. Nie ka\u017cdy to widzia\u0142, ale Daniel zdawa\u0142 sobie z tego spraw\u0119 i unikanie sz\u0142o mu ponadprzeci\u0119tnie dobrze.<\/p>\n\n\n\n<p>Korzystaj\u0105c z chwilowego roztargnienia przeciwnika, skry\u0142a si\u0119 za unosz\u0105c\u0105 si\u0119 platform\u0105. Przeciwnik doskonale zdawa\u0142 sobie spraw\u0119, w kt\u00f3rym kierunku si\u0119 teleportowa\u0142a, ale nie mia\u0142 pewno\u015bci gdzie by\u0142a teraz. Tak czy inaczej skierowa\u0142 si\u0119 w stron\u0119 \u015bwiat\u0142a, r\u00f3wnym biegiem. Schowa\u0142 bro\u0144, \u017ceby w wypadku kolejnych uderze\u0144 by\u0107 mniej zauwa\u017calnym.<\/p>\n\n\n\n<p>Cassandra ca\u0142y czas by\u0142a skryta za unosz\u0105cym si\u0119 pod sam sufit blokiem. Nie sta\u0142a jednak bezczynnie, pilnowa\u0142a terenu. Musia\u0142a mie\u0107 drog\u0119 ucieczki w razie jakiej\u015b p\u0119dz\u0105cej na ni\u0105 platformy. Zerka\u0142a zza \u015bciany, ale kompletnie nic nie widzia\u0142a. Znaczy si\u0119 &#8211; przeciwnika. Utrudni\u0142o jej to prowadzenie walki. Dlatego czeka\u0142a tylko, a\u017c kt\u00f3rykolwiek z stoj\u0105cych obok s\u0142up\u00f3w ruszy si\u0119 korzystnie. Niekoniecznie nadszed\u0142 ten moment, wi\u0119c wysun\u0119\u0142a si\u0119 zza platform powoli, nie zwracaj\u0105c na siebie za bardzo uwagi.<\/p>\n\n\n\n<p>Zaci\u0105gn\u0119\u0142a na czo\u0142o kaptur. Po ostatniej walce nie chcia\u0142a go zostawia\u0107, czu\u0142a, \u017ce b\u0119dzie jeszcze jako\u015b potrzebny. Mo\u017ce mylnie. Ale jego obecno\u015b\u0107 dodawa\u0142a jej otuchy. By\u0142 jasno niebieski, w jedynie lekko ja\u015bniejszym odcieniu ni\u017c sektor. M\u00f3g\u0142 s\u0142u\u017cy\u0107 jako kamufla\u017c. Chocia\u017c nie taki by\u0142 jego u\u017cytek. By\u0142 dla niej jak talizman szcz\u0119\u015bcia. Prezent od brata.<\/p>\n\n\n\n<p>Znowu poczu\u0142a to samo co w kilku poprzednich walkach. Nag\u0142y b\u0142ysk przed oczyma. Podczas walk czu\u0142a si\u0119 znacznie wyczulona na ruch. Odwr\u00f3ci\u0142a g\u0142ow\u0119 w lewo w idealnym momencie, blokuj\u0105c ostrzem atak przeciwnika. No to teraz tylko nie da\u0107 si\u0119 zepchn\u0105\u0107 z unosz\u0105cej si\u0119 platformy.<\/p>\n\n\n\n<p>Niewidzialne ostrze ledwie zablokowa\u0142o dwa silne miecze Daniela. Musia\u0142a przyzna\u0107, by\u0142 silny, ju\u017c kilkukrotnie j\u0105 zepchn\u0105\u0142. Ale tym razem nie mog\u0142a na to pozwoli\u0107. I mia\u0142a w zanadrzu idealn\u0105 odpowied\u017a na jego pr\u00f3b\u0119.<\/p>\n\n\n\n<p>Ich bronie si\u0119 \u015bciera\u0142y. Przeciwnik by\u0142 \u015bwietny z mieczami. Nie by\u0142a w stanie zdoby\u0107 nawet pojedynczego punktu, pr\u00f3buj\u0105c przej\u015b\u0107 do ataku. W\u0142a\u015bciwie widocznie ca\u0142y czas by\u0142a w defensywie. Stara\u0142a si\u0119 utrzyma\u0107 miejsce i w miar\u0119 mo\u017cliwo\u015bci powi\u0119kszy\u0107 przewag\u0119 punktow\u0105. Bezskutecznie. Przynajmniej w miar\u0119 faktycznie udawa\u0142o jej si\u0119 sta\u0107 w miejscu, mimo swojej tendencji do cofania si\u0119. Tak, to te\u017c gra\u0142o przeciwko niej.<\/p>\n\n\n\n<p>By\u0142 niez\u0142y, wykorzystywa\u0142 jej wady.<\/p>\n\n\n\n<p>Ci\u0105gle uderza\u0142 w jej ostrze, ale Cassie udawa\u0142o si\u0119 sta\u0107 spokojnie. Zauwa\u017cy\u0142a, \u017ce mimo wprawy w walce, nie by\u0142 jednak a\u017c tak silny. Ostatnie razy, gdy uderzy\u0142 j\u0105 z si\u0142\u0105, mia\u0142 przewag\u0119 wysoko\u015bci. Na tej samej powierzchni, pomimo jego pewnej przewagi w sztuce walki, nie mia\u0142a a\u017c takiego problemu z odpychaniem go. Ale mimo to jej r\u0119ce zosta\u0142y kilkukrotnie dra\u015bni\u0119te. Niewidzialno\u015b\u0107 ostrza nie zawsze by\u0142a atutem.<\/p>\n\n\n\n<p>W pewnym momencie jednak platforma, na kt\u00f3rej stali, lekko si\u0119 osun\u0119\u0142a. Cassandra potkn\u0119\u0142a si\u0119 i instynktownie sun\u0119\u0142a nog\u0119 do ty\u0142u. Jej przeciwnik zosta\u0142 od ty\u0142u zablokowany przez inny poziomy blok. By\u0142o ciasno, a przed chwil\u0105 byli w otwartej przestrzeni.<\/p>\n\n\n\n<p>Daniel zosta\u0142 pchni\u0119ty przez platform\u0119 za nim. Dziennikarka odbijaj\u0105c si\u0119 od \u015bciany uderzy\u0142a nog\u0105 o szpar\u0119 w pod\u0142odze, pr\u00f3buj\u0105c odzyska\u0107 r\u00f3wnowag\u0119 po poprzednim potkni\u0119ciu. Od kilku sekund nie wiedzia\u0142a kompletnie co si\u0119 dzieje. Chcia\u0142a u\u017cy\u0107 odrzutu, ale w tej odleg\u0142o\u015bci by\u0142by on kompletnie bezu\u017cyteczny.<br>Ledwo sparowa\u0142a uderzaj\u0105ce na ni\u0105 z na wprost miecze. Byli w sztucznym pomieszczeniu maj\u0105cym zaledwie kilka metr\u00f3w.<\/p>\n\n\n\n<p>By\u0142a w przegranej sytuacji. Dop\u00f3ki nie wr\u00f3cili na otwart\u0105 przestrze\u0144, nie mog\u0142a tak naprawd\u0119 nic zrobi\u0107.<\/p>\n\n\n\n<p>Za\u017carcie odbija\u0142a tyle atak\u00f3w ile mog\u0142a, a\u017c w pewnym momencie jej ostrze wysun\u0119\u0142o si\u0119 z r\u0119ki. Potrzebowa\u0142a kilku minut, \u017ceby przywo\u0142a\u0107 nowe. Tak, niewidzialno\u015b\u0107 zdecydowanie potrafi\u0142a by\u0107 wad\u0105.<\/p>\n\n\n\n<p>~ Cholera ~ mrukn\u0119\u0142a do siebie w my\u015blach.<br>\u30fc Koniec? \u30fc spyta\u0142 zniekszta\u0142cony g\u0142os.<\/p>\n\n\n\n<p>\u30fc Chyba tak. I tak d\u0142ugo to przeci\u0105gn\u0119\u0142am, nie s\u0105dzisz? \u30fc za\u015bmia\u0142a si\u0119, szczerze si\u0119 u\u015bmiechaj\u0105c.<\/p>\n\n\n\n<p>\u30fc Zgoda.<\/p>\n\n\n\n<p>Cassie mia\u0142a r\u0119ce uniesione w znaku przyj\u0119cia przegranej. Daniel nakierowa\u0142 na ni\u0105 miecze.<br>\u30fc Do p\u00f3\u017aniej? \u30fc spyta\u0142a, przybli\u017caj\u0105c si\u0119 do broni przeciwnika.<\/p>\n\n\n\n<p>\u30fc Do p\u00f3\u017aniej.<\/p>\n\n\n\n<p>***<\/p>\n\n\n\n<p>Muzyka by\u0142a mi\u0142a dla ucha. Kilka par ta\u0144czy\u0142o na \u015brodku sali, reszta go\u015bci zaj\u0119\u0142a stoliki po bokach i prowadzi\u0142a przyciszone rozmowy przy winie i wykwintnych daniach.<\/p>\n\n\n\n<p>Calys popija\u0142a wino, nie zwracaj\u0105c uwagi na niezr\u0119czn\u0105 cisz\u0119 przy ich stole. Cassandra pr\u00f3bowa\u0142a je\u015b\u0107, ale nie by\u0142a zbyt g\u0142odna, wi\u0119c grzeba\u0142a bez powodu w talerzu, czuj\u0105c si\u0119 do\u015b\u0107 niezr\u0119cznie. Mia\u0142a wielk\u0105 ochot\u0119 pos\u0105czy\u0107 trunku z przyjaci\u00f3\u0142k\u0105, ale nie by\u0142 to najlepszy pomys\u0142 po jej ostatnim za\u0142amaniu w zdrowiu. Po za tym, nie by\u0142a pewna, czy wypada\u0142o przy Danielu. Mo\u017ce i go zaprosi\u0142a, ale niezbyt wiedzia\u0142a jak si\u0119 przy nim zachowa\u0107. To nie by\u0142 wywiad. Po za tym, ch\u0142opak by\u0142 niewiele starszy od jej m\u0142odszego brata.<\/p>\n\n\n\n<p>Daniel widzia\u0142, \u017ce obie kobiety czuj\u0105 si\u0119 nieswojo. Sam te\u017c czu\u0142 si\u0119 niepewnie, widz\u0105c tu Calys. Cassandra co prawda wspomina\u0142a mu o swojej przyjaci\u00f3\u0142ce, ale nie spodziewa\u0142 si\u0119, \u017ce b\u0119dzie to ta sama dziewczyna, kt\u00f3ra bra\u0142a udzia\u0142 w ostatniej edycji aren.<\/p>\n\n\n\n<p>Westchn\u0105\u0142.<\/p>\n\n\n\n<p>&#8211; Cassie, w sumie, nie pyta\u0142em ci\u0119 o to, ale dlaczego zgodzi\u0142a\u015b si\u0119 na udzia\u0142 w turnieju charytatywnym?<\/p>\n\n\n\n<p>&#8211; Emm&#8230; &#8211; zacz\u0119\u0142a, odk\u0142adaj\u0105c widelec. Odwr\u00f3ci\u0142a wzrok na Calys &#8211; Wiem, \u017ce otwarcie m\u00f3wi\u0142am o testowaniu swoich umiej\u0119tno\u015bci i innych takich przeci\u0119tnych rzeczach, ale w zasadzie robi\u0119 to dla niej &#8211; skin\u0119\u0142a g\u0142ow\u0105 na przyjaci\u00f3\u0142k\u0119.<\/p>\n\n\n\n<p>&#8211; Cassie&#8230; &#8211; Calys spiorunowa\u0142a j\u0105 wzrokiem. Odstawi\u0142a lampk\u0119 wina i opar\u0142a si\u0119 o st\u00f3\u0142.<\/p>\n\n\n\n<p>Jej reakcja od razu poprawi\u0142a Cassandrze humor.<\/p>\n\n\n\n<p>&#8211; No, tak w\u0142a\u015bciwie, to panna Jaques chcia\u0142a p\u00f3j\u015b\u0107 na randk\u0119 z go\u015bciem, z kt\u00f3rym przegra\u0142a &#8211; za\u015bmia\u0142a si\u0119, odsuwaj\u0105c od przyjaci\u00f3\u0142ki jej nap\u00f3j. Calys potrafi\u0142a zachowywa\u0107 si\u0119 bardzo skrajnie po alkoholu.<\/p>\n\n\n\n<p>Czarnow\u0142osa ca\u0142a poczerwienia\u0142a na twarzy. Trudno by\u0142o powiedzie\u0107, czy by\u0142a tak z\u0142a na Cassandr\u0119 za zdradzenie jej &#8220;sekretu&#8221;, do kt\u00f3rego nawet si\u0119 nie przyznawa\u0142a, czy zala\u0142a si\u0119 rumie\u0144cem.<\/p>\n\n\n\n<p>Normalnie zacz\u0119\u0142aby si\u0119 k\u0142\u00f3ci\u0107, ale jednak byli w miejscu publicznym. W formalnym otoczeniu. Wi\u0119c \u015bcisn\u0119\u0142a tylko pi\u0119\u015b\u0107 pod sto\u0142em i \u015bcisn\u0119\u0142a usta.<\/p>\n\n\n\n<p>Cassandra zn\u00f3w skin\u0119\u0142a na ni\u0105 g\u0142ow\u0105, bardzo o\u017cywiona ca\u0142\u0105 t\u0105 sytuacj\u0105.<\/p>\n\n\n\n<p>&#8211; Hmm? &#8211; Daniel zawiesi\u0142 si\u0119 na chwil\u0119. &#8211; Kogo masz na my\u015bli..?<\/p>\n\n\n\n<p>Calys westchn\u0119\u0142a, zirytowana. Zacisn\u0119\u0142a usta, zastanawiaj\u0105c si\u0119, czy m\u00f3wi\u0107, czy nie. W ko\u0144cu wyr\u0119czy\u0142\u0105 j\u0105 Cassandra.<\/p>\n\n\n\n<p>&nbsp;&#8211; Seriz Cortez.<\/p>\n\n\n\n<p>Daniel zblad\u0142. Wyra\u017anie zblad\u0142. Zdoby\u0142 si\u0119 jednak na delikatny u\u015bmiech.<\/p>\n\n\n\n<p>&#8211; Och&#8230; To ten w masce, tak?- zapyta\u0142 nerwowo. Wydawa\u0107 si\u0119 mog\u0142o, \u017ce troch\u0119 mu duszno.<\/p>\n\n\n\n<p>&#8211; Ta, wiesz, ten tajemniczy i w og\u00f3le &#8211; Cassandra ci\u0105gn\u0119\u0142a. Poczu\u0142a potrzeb\u0119 pom\u0119czenia przyjaci\u00f3\u0142ki jeszcze chwilk\u0119 &#8211; Calys lubi takich m\u0119\u017cczyzn najwyra\u017aniej.<\/p>\n\n\n\n<p>&#8211; Przesta\u0144 &#8211; Calys fukn\u0119\u0142a na ni\u0105, wywo\u0142uj\u0105c jej \u015bmiech.<\/p>\n\n\n\n<p>Daniel zmusi\u0142 si\u0119, by tak\u017ce si\u0119 za\u015bmia\u0107.<\/p>\n\n\n\n<p>&#8211; Oboje przesta\u0144cie.<\/p>\n\n\n\n<p>&#8211; Skoro prosisz. &#8211; Cassandra wzruszy\u0142a ramionami, po czym wr\u00f3ci\u0142a do powa\u017cnego tonu &#8211; Rozmawia\u0142am z twoim bratem. Stara\u0142am si\u0119 ignorowa\u0107 jego docinki na ciebie, ale tak czy inaczej, musz\u0119 si\u0119 z nim zgodzi\u0107, \u017ce w swoim wieku potrzebujesz partnera.<\/p>\n\n\n\n<p>&#8211; M\u00f3wi stara panna &#8211; skwitowa\u0142a Calys.<\/p>\n\n\n\n<p>&#8211; Ty te\u017c zaraz ni\u0105 zostaniesz &#8211; odgryz\u0142a si\u0119 dziewczyna. Po chwili pstrykn\u0119\u0142a palcami i spojrza\u0142a na Daniela. &#8211; Mo\u017ce zata\u0144czycie? Uratujesz drogi Danielu t\u0105 pann\u0119 przed mym losem? &#8211; zapyta\u0142a teatralnie.<\/p>\n\n\n\n<p>Daniel u\u015bmiechn\u0105\u0142 si\u0119 niepewnie.<\/p>\n\n\n\n<p>&#8211; Nie umiem ta\u0144czy\u0107.<\/p>\n\n\n\n<p>Cassandra prychn\u0119\u0142a, wstaj\u0105c. Zachwia\u0142a si\u0119, jakby wypi\u0142a ju\u017c troch\u0119 za du\u017co. Okr\u0105\u017cy\u0142a stolik i podesz\u0142a do Daniela.<\/p>\n\n\n\n<p>&#8211; Wstawaj. Dasz rad\u0119 &#8211; z\u0142apa\u0142a go pod ramiona i unios\u0142a.<\/p>\n\n\n\n<p>Calys prychn\u0119\u0142a \u015bmiechem, widz\u0105c to.<\/p>\n\n\n\n<p>&#8211; Nie mog\u0119 ta\u0144czy\u0107. Kulej\u0119.<\/p>\n\n\n\n<p>&#8211; Nie kulejesz. Widzia\u0142am, jak tu sz\u0142e\u015b.<\/p>\n\n\n\n<p>&#8211; Kulej\u0119.<\/p>\n\n\n\n<p>&#8211; Calys, zata\u0144czysz z nim? &#8211; dziewczyna zupe\u0142nie go zignorowa\u0142a<\/p>\n\n\n\n<p>&#8211; Pewnie &#8211; odpowiedzia\u0142a. Wystarczy\u0142o jej wina, \u017ceby by\u0107 w tanecznym nastroju. Nawet, je\u015bli partner nie specjalnie jej podchodzi\u0142.<\/p>\n\n\n\n<p>Cassandra podnios\u0142a si\u0119 lekko \u017ceby powiedzie\u0107 mu co\u015b do ucha.<\/p>\n\n\n\n<p>&#8211; Mo\u017ce nie wygl\u0105da, ale ta\u0144czy \u015bwietnie. Nawet je\u015bli faktycznie nie umiesz, to powinna ci\u0119 poprowadzi\u0107 &#8211; pu\u015bci\u0142a do niego oko, po czym odwr\u00f3ci\u0142a krzes\u0142o i usiad\u0142a przodem do parkietu, mimo woli \u0142api\u0105c lampk\u0119 wina.<\/p>\n\n\n\n<p>&#8211; Oczywi\u015bcie, \u017ce nie umiem &#8211; prychn\u0105\u0142, stukaj\u0105c r\u0119k\u0105 w nog\u0119. Rozbrzmia\u0142 cichy d\u017awi\u0119k uderzania o sztuczne tworzywo.<\/p>\n\n\n\n<p>Calys dost\u0105pi\u0142a do ch\u0142opaka. Ten prychn\u0105\u0142, ale z\u0142apa\u0142 j\u0105 za r\u0119k\u0119.<\/p>\n\n\n\n<p>Nawet si\u0119 nie odwracaj\u0105c poci\u0105gn\u0119\u0142a go za sob\u0105 w t\u0142um ludzi. Daniel odetchn\u0105\u0142, zdaj\u0105c sobie spraw\u0119, \u017ce w tak zape\u0142nionym miejscu nikt nie zwr\u00f3ci uwagi na jego utykanie.<\/p>\n\n\n\n<p>Calys mniej wi\u0119cej pomog\u0142a mu z pozycj\u0105, po czym skin\u0119\u0142a g\u0142ow\u0105, \u017ceby pr\u00f3bowa\u0142 za ni\u0105. Nie by\u0142o tak \u017ale. Z samym ruszaniem si\u0119 do muzyki nie mia\u0142 problemu, gorzej by\u0142o ze skoordynowaniem ruch\u00f3w. Partnerka rusza\u0142a si\u0119 szybko i zgrabnie, daj\u0105c mu sporo miejsca na ewentualne pomy\u0142ki. Kt\u00f3rych za pewne nie brakowa\u0142o. Ale nie zwraca\u0142a na to specjalnie uwagi. Kiedy raz nadepn\u0105\u0142 jej na szpilki, tylko zachichota\u0142a, po czym ci\u0105gn\u0119\u0142a dalej.<\/p>\n\n\n\n<p>Nikt za specjalnie nie zwraca\u0142 na nich uwagii, zlewali si\u0119 z t\u0142em. Chocia\u017c zdenerwowany Daniel cz\u0119sto odwraca\u0142 wzrok patrz\u0105c na innych tancerzy, co skutkowa\u0142o potkni\u0119ciami, albo kolejnym odbiciem buta na jasno niebieskich szpilkach Calys.<\/p>\n\n\n\n<p>Nagle jednak rozleg\u0142 si\u0119 szmer. Potem g\u0142o\u015bniejsze poruszenie. Muzyka ucich\u0142a. Zdezorientowani tancerze rozgl\u0105dali si\u0119 po pomieszczeniu. Daniel szybko zauwa\u017cy\u0142, \u017ce t\u0142um zbiera si\u0119 tam, gdzie przed chwil\u0105 siedzieli. Calys by\u0142a jednak pierwsza, kt\u00f3ra pozna\u0142a, dlaczego.<\/p>\n\n\n\n<p>&#8211; Cassandra! &#8211; krzykn\u0119\u0142a, rzucaj\u0105c si\u0119 w stron\u0119 przyjaci\u00f3\u0142ki.<\/p>\n","protected":false},"excerpt":{"rendered":"<p>Cassandra czu\u0142a si\u0119 nadal troch\u0119 niewyra\u017anie. Raz na jaki\u015b czas czu\u0142a pulsuj\u0105cy b\u00f3l w g\u0142owie, ale jego si\u0142a by\u0142a por\u00f3wnywalna mo\u017ce do lekkiego przezi\u0119bienia. Tym razem spotka\u0142y si\u0119 w jej domu, nie w kawalerce przyjaci\u00f3\u0142ki. Cass by\u0142a ju\u017c po fryzjerze i makija\u017cystce. Jej przyjaci\u00f3\u0142ka nie pozwoli\u0142a nawet dotkn\u0105\u0107 swoich bujnych, czarnych w\u0142os\u00f3w, ale makija\u017cystka pomalowa\u0142a &hellip;<br \/><a href=\"https:\/\/kodlyoko.pl\/index.php\/artykuly\/tworczosc-niekonwencjonalna\/arena\/edycja-2-5\/walki\/walka-12-1-cassandra-ann-benoir-vs-daniel-garcia\/\" class=\"more-link pen_button pen_element_default pen_icon_arrow_double\">Read more<\/a><\/p>\n","protected":false},"author":7,"featured_media":0,"parent":1327,"menu_order":22,"comment_status":"open","ping_status":"closed","template":"","meta":{"footnotes":""},"categories":[20],"tags":[],"class_list":["post-2693","page","type-page","status-publish","hentry","category-artykuly-areny"],"_links":{"self":[{"href":"https:\/\/kodlyoko.pl\/index.php\/wp-json\/wp\/v2\/pages\/2693","targetHints":{"allow":["GET"]}}],"collection":[{"href":"https:\/\/kodlyoko.pl\/index.php\/wp-json\/wp\/v2\/pages"}],"about":[{"href":"https:\/\/kodlyoko.pl\/index.php\/wp-json\/wp\/v2\/types\/page"}],"author":[{"embeddable":true,"href":"https:\/\/kodlyoko.pl\/index.php\/wp-json\/wp\/v2\/users\/7"}],"replies":[{"embeddable":true,"href":"https:\/\/kodlyoko.pl\/index.php\/wp-json\/wp\/v2\/comments?post=2693"}],"version-history":[{"count":1,"href":"https:\/\/kodlyoko.pl\/index.php\/wp-json\/wp\/v2\/pages\/2693\/revisions"}],"predecessor-version":[{"id":2694,"href":"https:\/\/kodlyoko.pl\/index.php\/wp-json\/wp\/v2\/pages\/2693\/revisions\/2694"}],"up":[{"embeddable":true,"href":"https:\/\/kodlyoko.pl\/index.php\/wp-json\/wp\/v2\/pages\/1327"}],"wp:attachment":[{"href":"https:\/\/kodlyoko.pl\/index.php\/wp-json\/wp\/v2\/media?parent=2693"}],"wp:term":[{"taxonomy":"category","embeddable":true,"href":"https:\/\/kodlyoko.pl\/index.php\/wp-json\/wp\/v2\/categories?post=2693"},{"taxonomy":"post_tag","embeddable":true,"href":"https:\/\/kodlyoko.pl\/index.php\/wp-json\/wp\/v2\/tags?post=2693"}],"curies":[{"name":"wp","href":"https:\/\/api.w.org\/{rel}","templated":true}]}}