{"id":2689,"date":"2020-12-15T04:03:00","date_gmt":"2020-12-15T02:03:00","guid":{"rendered":"https:\/\/kodlyoko.pl\/?page_id=2689"},"modified":"2021-08-16T00:01:20","modified_gmt":"2021-08-15T22:01:20","slug":"walka-11-2-cassandra-ann-benoir-vs-sebastian-krzaczasty","status":"publish","type":"page","link":"https:\/\/kodlyoko.pl\/index.php\/artykuly\/tworczosc-niekonwencjonalna\/arena\/edycja-2-5\/walki\/walka-11-2-cassandra-ann-benoir-vs-sebastian-krzaczasty\/","title":{"rendered":"[Walka 11-2] Cassandra Ann Benoir vs Sebastian Krzaczasty"},"content":{"rendered":"\n<p>Ka\u017cdemu z nas zdarzy nie raz wdepn\u0105\u0107 w porz\u0105dne tarapaty. Czasami sami si\u0119 o nie prosimy, czasami tarapaty prosz\u0105 si\u0119 o nas. Ten ostatni przypadek tyczy si\u0119 Cassandry Benoir: uczestniczki aren charytatywnych, kt\u00f3ra mia\u0142a akurat tego pecha \u017ce wracaj\u0105c z wirtualnego muzeum, wpad\u0142a w grup\u0119 nieprzyjemnie wygl\u0105daj\u0105cych go\u015bci, maj\u0105cych porachunki z jakim\u015b klientem. Z aparatem w d\u0142oniach. Bieg\u0142a teraz ile tylko si\u0142 w nogach, aby nie da\u0107 si\u0119 z\u0142apa\u0107. Za sob\u0105 mia\u0142a jak\u0105\u015b sz\u00f3stk\u0119 przeciwnik\u00f3w, nie by\u0142o wi\u0119c mowy o sensownej walce. Szybko odwr\u00f3ci\u0142a g\u0142ow\u0119, zauwa\u017cy\u0142a \u017ce jeden z nich zaczyna j\u0105 dogania\u0107.<\/p>\n\n\n\n<p>&#8211; Nie ma co, czas znika\u0107! \u2013 Przestraszy\u0142a si\u0119 ju\u017c na dobre i postanowi\u0142a u\u017cy\u0107 swojego reporterskiego asa w r\u0119kawie: szybki teleporter. Potrafi on przenie\u015b\u0107 u\u017cytkownika do jednej z kilku ostatnio odwiedzonych lokacji. Nacisn\u0119\u0142a guzik na przedmiocie przypominaj\u0105cy swym wygl\u0105dem zegarek, i nagle w b\u0142ysku bia\u0142ego \u015bwiat\u0142a znikn\u0119\u0142a.<\/p>\n\n\n\n<p>\u015awiat jej na chwil\u0119 si\u0119 zaciemni\u0142 przed oczami. Gdy si\u0119 zrobi\u0142o ja\u015bniej, ujrza\u0142a zbli\u017caj\u0105c\u0105 si\u0119 w jej kierunku pod\u0142og\u0119. To troszku zabola\u0142o, wsta\u0142a, rozejrza\u0142a si\u0119: znajdowa\u0142a si\u0119 w restauracji w kt\u00f3rej pracuje jej dzisiejszy oponent Aren: Sebastian Krzaczasty.<\/p>\n\n\n\n<p>&#8211; Lucky! \u2013 Rzuci\u0142a zadowolona po cichutku. Wiedzia\u0142a \u017ce owe teleportery da si\u0119 namierza\u0107, tak\u017ce czym pr\u0119dzej przemkn\u0119\u0142a mi\u0119dzy stolikami d\u0105\u017c\u0105c do wyj\u015bcia. W tym momencie na ty\u0142ach przybytku pojawi\u0142a si\u0119 sz\u00f3stka bandyterii, jeden z nich wyl\u0105dowa\u0142 plackiem na stole, przy kt\u00f3rym sto\u0142owa\u0142 si\u0119 jeden z klient\u00f3w.<\/p>\n\n\n\n<p>&#8211; Ach! \u2013 Rzuci\u0142 niezadowolony. \u2013 Prosto w jakie\u015b ciasto! \u2013 Rozejrza\u0142 si\u0119 szybko. Dostrzeg\u0142 reporterk\u0119, wskaza\u0142 j\u0105 palcem wo\u0142aj\u0105c \u201eTam jest!\u201d. Ju\u017c chcia\u0142 si\u0119 do niej wyrywa\u0107, kiedy jeden z klient\u00f3w szarpn\u0105\u0142 go za bark. Wysoki, niebiesko w\u0142osy trzydziesto latek patrzy\u0142 na niego srogim wzrokiem:<\/p>\n\n\n\n<p>&#8211; Ten sernik kosztowa\u0142.<\/p>\n\n\n\n<p>&#8211; Spadaj, albo b\u0119dziesz mia\u0142 problemy. \u2013 Rzuci\u0142 mu gro\u017anie ubrany gotycko czarno-w\u0142osy m\u0119\u017cczyzna. Bada\u0142 wzrokiem niebiesko w\u0142osego, ten jednak zamiast kozaczy\u0107 krzykn\u0105\u0142 tylko w stron\u0119 kuchni:<\/p>\n\n\n\n<p>&#8211; Gru\u017adzik! Niezadowoleni klienci do ciebie!<\/p>\n\n\n\n<p>Z kuchni wylaz\u0142 ogromny jak d\u0105b kucharz. Spojrza\u0142 na sytuacj\u0119, zawo\u0142a\u0142 swoich, wysz\u0142o z nich jeszcze kilku nast\u0119pnych. Cassandra si\u0119 temu po cichutku przygl\u0105da\u0142a, teraz niczym R\u00f3\u017cowa Pantera, na paluszkach ju\u017c si\u0119ga\u0142a drzwi wyj\u015bciowych. Wtem si\u0119 jednak zamkn\u0119\u0142y. Kilka metr\u00f3w dalej, Sebastian Krzaczasty zauwa\u017caj\u0105c swoj\u0105 oponentk\u0119 w dzisiejszych arenach, wcisn\u0105\u0142 na ladzie guzik tym samym zamykaj\u0105c wszystkie dost\u0119pne wyj\u015bcia. Po jego d\u0142oniach wida\u0107 by\u0142o, \u017ce to w\u0142a\u015bnie on robi\u0142 dzisiejsze serniki. Wyszed\u0142 zza lady pewnym krokiem, nim jednak dotar\u0142 do Ann Benoir spojrza\u0142 na lewo na swoich kumpli, bo sytuacja rozgorza\u0142a na dobre: Kucharze si\u0119gn\u0119li po patelnie z wa\u0142kami, bandyteria za krzes\u0142a, co zapocz\u0105tkowa\u0142o restauracyjn\u0105 burd\u0119!<\/p>\n\n\n\n<p>Jeden z gotycko ubranych jegomo\u015bci wyrwa\u0142 si\u0119 z bezpo\u015bredniej walki i natychmiast pomkn\u0105\u0142 ku stoj\u0105cym uczestnikom aren. Dziewczyna u\u017cy\u0142a swojej w spos\u00f3b nieznaczny swojej mocy, aby Odrzutem rzuci\u0107 sto\u0142em prosto na nadbiegaj\u0105cego napastnika. Oberwa\u0142 w twarz, przewracaj\u0105c si\u0119 na pod\u0142og\u0119. Sebastian z Cassandr\u0105 uchowali si\u0119 przed nadlatuj\u0105cym krzes\u0142em, kryj\u0105c si\u0119 za przewr\u00f3conym sto\u0142em.<\/p>\n\n\n\n<p>&#8211; M\u00f3j. Sernik! \u2013 Troszku rozz\u0142oszczony Krzaczasty spojrza\u0142 niemi\u0142ym wzrokiem na dziewczyn\u0119. Przywo\u0142a\u0142 do prawej d\u0142oni chochl\u0119.<\/p>\n\n\n\n<p>&#8211; Spokojnie, mog\u0119 ci to zaraz wszystko wyja\u015bni\u0107! \u2013 Pr\u00f3bowa\u0142a opanowa\u0107 kucharza przed staniem si\u0119 jej nast\u0119pnym oponentem w tej dzisiejszej sytuacji. Ten jednak jej nie zaatakowa\u0142, wsta\u0142 gwa\u0142towanie i wymachem uderzy\u0142 nadci\u0105gaj\u0105cego dresa prosto w jego g\u0142ow\u0119.<\/p>\n\n\n\n<p>&#8211; Kasa albo praca! \u2013 Zdzieli\u0142 po d\u0142oniach nast\u0119pnego twardziela. Za sob\u0105 us\u0142ysza\u0142 huk, dziewczyna w trymiga Odrzutem wywarzy\u0142a drzwi i polecia\u0142a w d\u0142ug\u0105 dystansow\u0105. Ten z niedowierzaniem popatrzy\u0142 na opuszczaj\u0105c\u0105 go z tym wszystkim konkurentk\u0119. Niewiele si\u0119 namy\u015bli\u0142, zawo\u0142a\u0142 do swoich koleg\u00f3w \u201eZostawiam to wam!\u201d i pomkn\u0105\u0142 \u015bciga\u0107 sprawczyni\u0119 ca\u0142ego zamieszania. Goni\u0142 j\u0105 przez kawa\u0142 niez\u0142ej drogi, sceneria si\u0119 zmienia\u0142a a\u017c oboje dobiegli do mi\u0119dzy sektorowego portalu. Dalej spotkali si\u0119 dopiero na Arenie. Gdy oboje stan\u0119li naprzeciwko siebie, wyj\u0105tkowo rozmowny dzisiaj Sebastian zawo\u0142a\u0142 w jej kierunku:<\/p>\n\n\n\n<p>&#8211; P\u0142a\u0107!<\/p>\n\n\n\n<p>&#8211; Oj, przepraszam! Mam dzisiaj z\u0142y dzie\u0144! \u2013 Wykrzycza\u0142a z siebie Benoir. \u2013 Nie zrobi\u0142am wam tego specjalnie, odkupi\u0119 ci wszystko po walce.<\/p>\n\n\n\n<p>&#8211; Uhhh\u2026 &#8211; Wymamrota\u0142 Krzaczasty. Chyba si\u0119 zgodzi\u0142. Widz\u0105c to rzuci\u0142a z zadowoleniem:<\/p>\n\n\n\n<p>&#8211; No dobra, w takim razie do dzie\u0142a! Z\u0142ap mnie je\u017celi potrafisz! \u2013 Krzykn\u0119\u0142a rozpromieniona w jego kierunku, znowu daj\u0105c dyla! Sebastianowi chyba jaki\u015b tik nerwowy si\u0119 od tego uaktywni\u0142, jego brew co chwila podskakiwa\u0142a. Zamachn\u0105\u0142 si\u0119 solidnie i silnie rzuci\u0142 wzwy\u017c swoj\u0105 tarcz\u0105. Ta pomkn\u0119\u0142a w niebiosa, ruchem parabolicznym delikatnie zwolni\u0142a i teraz ca\u0142\u0105 swoj\u0105 moc\u0105 kinetyczn\u0105 p\u0119dzi\u0142a po ukosie na dziewczyn\u0119. Omal jej nie \u015bci\u0119\u0142o przy tym g\u0142owy. Ta zatrzyma\u0142a si\u0119 natychmiastowo jak wryta, gdy ten dziwny kszta\u0142t spad\u0142 dwa metry przed ni\u0105 prosto w ziemi\u0119. Zd\u0105\u017cy\u0142a si\u0119 delikatnie obr\u00f3ci\u0107 w ty\u0142, by dostrzec \u017ce Krzaczasty nie pr\u00f3\u017cnowa\u0142: sprintem zaskakuj\u0105co szybko zmniejsza\u0142 dziel\u0105c\u0105 ich odleg\u0142o\u015b\u0107. Dziewczyna wystrzeli\u0142a swoje niewidzialne ostrze, ale wtedy Polak na u\u0142amek sekundy zmieni\u0142 si\u0119 w par\u0119. Jej atak po prostu przez niego przelecia\u0142 jak przez powietrze, ch\u0142opak z pary z powrotem zamieni\u0142 si\u0119 w cz\u0142owieka i teraz atakiem z prawej d\u0142oni pod skos pr\u00f3bowa\u0142 swoj\u0105 chochl\u0105 zada\u0107 obra\u017cenia. Cassandra si\u0119 uchyli\u0142a i przesz\u0142a do kontrataku: ponownie cisn\u0119\u0142a w niego niewidzialnym ostrzem. Sebastian kucn\u0105\u0142 omijaj\u0105c atak i rzuci\u0142 si\u0119 na prz\u00f3d z chochl\u0105.<\/p>\n\n\n\n<p>Dziewczynie w u\u0142amku sekundy przesz\u0142o przez my\u015bl, \u017ce je\u017celi nie zwi\u0119kszy odleg\u0142o\u015bci to nie ma szans na wygran\u0105. Odpowiedzia\u0142a Odrzutem: moc oboga z nich cisn\u0119\u0142a z dala od siebie. Oboje przyp\u0142acili tym samym jakie\u015b 10 punkt\u00f3w obra\u017ce\u0144, ale Cassandra ju\u017c mia\u0142a wi\u0119ksze pole do popisu. Im dalej od niego si\u0119 znajduje tym obra\u017cenia ma mocniejsze! Jej ukryte ostrza by\u0142y teraz delikatnie pot\u0119\u017cniejsze: zmusi\u0142a na chwil\u0119 kucharza by ten schowa\u0142 si\u0119 za swoj\u0105 tarcz\u0105. Ch\u0142opak wykorzysta\u0142 stary ju\u017c dla siebie trik: chowaj\u0105c si\u0119 za olbrzymi\u0105 pokryw\u0105 od garnka, m\u00f3g\u0142 powoli posuwa\u0107 si\u0119 do przodu bez nara\u017cenia w\u0142asnego zdrowia. Us\u0142ysza\u0142 ciche wianie wiatru: powoli wzmaga\u0142a si\u0119 burza piaskowa. Wbi\u0142 swoj\u0105 tarcz\u0119 w ziemi\u0119. Reporterka zauwa\u017cywszy to spr\u00f3bowa\u0142a Odrzutem wyrwa\u0107 mu t\u0105 tarcz\u0119 z pod\u0142o\u017ca, na niewiele jednak to si\u0119 zda\u0142o. Ten za to zrobi\u0142 inn\u0105 rzecz: Jednym sus\u0142em wspi\u0105\u0142 si\u0119 na tarcz\u0119, a nast\u0119pnie z wyskoku rzuci\u0142 na swoj\u0105 oponentk\u0119.<\/p>\n\n\n\n<p>Ta wystrzeli\u0142a w niego sw\u00f3j pocisk: znowu jednak przemkn\u0105\u0142 przez niego jak przez powietrze. Zaatakowa\u0142, dziewczyna wykona\u0142a unik na ziemi\u0119, ale nie wystarczaj\u0105cy: po barku w\u0142a\u015bnie przejecha\u0142o jej 10 utraconych punkt\u00f3w \u017cycia. Ta raz, dwa wsta\u0142a z pod\u0142o\u017ca i sprintem wybieg\u0142a w kierunku tarczy. Sebastian okaza\u0142 si\u0119 tym razem delikatnie szybszy, wi\u0119c Benoir zacz\u0119\u0142a si\u0119 bawi\u0107 w ciu ciu babk\u0119 przy tarczy: gdy ten chcia\u0142 j\u0105 zaj\u015b\u0107 z lewej, ona ucieka\u0142a na prawo. Raz po raz pr\u00f3bowa\u0142a zza w\u0119g\u0142a uderza\u0107 niewidzialnym ostrzem. Bawili si\u0119 tak chwil\u0119, a\u017c przysz\u0142a burza piaskowa.<\/p>\n\n\n\n<p>&#8211; Nareszcie, moja szansa! \u2013 Rzuci\u0142a Reporterka. Wykona\u0142a na tarczy Odrzut, ulecia\u0142a par\u0119 metr\u00f3w i w try miga da\u0142a nogi za pas. Mniej wi\u0119cej pami\u0119ta\u0142a w kt\u00f3rym kierunku by\u0142o do filar\u00f3w, z tego miejsca mog\u0142aby dowolnie si\u0119 teleportowa\u0107 i n\u0119ka\u0107 swojego nieprzyjaciela. Bieg\u0142a wi\u0119c tam bez wytchnienia, stale zwi\u0119kszaj\u0105c swoj\u0105 odleg\u0142o\u015b\u0107. Korzystaj\u0105c z faktu, i\u017c podczas owej burzy widoczno\u015b\u0107 jest bardzo utrudniona: przeteleportowala si\u0119 na szczyt filaru korzystaj\u0105c z Dalekiej Gwiazdy. Teraz tylko poczeka\u0142a, a\u017c pogoda si\u0119 uspokoi.<\/p>\n\n\n\n<p>Tarcza wci\u0105\u017c sta\u0142a wbita tak jak sta\u0142a wcze\u015bniej. Rozejrza\u0142a si\u0119, Sebastiana nigdzie nie widzia\u0142a. Za\u0142o\u017cy\u0142a \u017ce mo\u017ce si\u0119 kry\u0107 za tarcz\u0105, tak\u017ce pokazowo, z zamachem strzeli\u0142a niewidzialnym ostrzem. Dystans by\u0142 ju\u017c tak du\u017cy, \u017ce uderzenie spokojnie wyrwa\u0142o kawa\u0142ek blachy z pod\u0142o\u017ca i cisn\u0119\u0142o daleko, hen daleko w przestrze\u0144!<\/p>\n\n\n\n<p>&#8211; No dobra, wi\u0119c gdzie nasz fan bigosu si\u0119 znajduje\u2026 &#8211; Powiedzia\u0142a po cichu sama do siebie. Nigdzie go nie by\u0142o.<\/p>\n\n\n\n<p>Tymczasem nasz Sebastian w momencie jak si\u0119 zrobi\u0142o z burz\u0105 gor\u0105co, opu\u015bci\u0142 swoj\u0105 wiern\u0105 pokryw\u0119 od garnka. Zobaczywszy owe kolumny sam uzna\u0142 je za dobr\u0105 pozycj\u0119 snajpersk\u0105, wi\u0119c troszku innym torem, ale sam pogna\u0142 w tamt\u0105 stron\u0119. W\u0142a\u015bnie sko\u0144czy\u0142 si\u0119 po cichutku wspina\u0107. Sta\u0142 teraz za rozgl\u0105daj\u0105c\u0105 si\u0119 w dal Cassandr\u0105. Krocz\u0105c na paluszkach niczym R\u00f3\u017cowa Pantera zbli\u017cy\u0142 si\u0119 do niej, przyj\u0105\u0142 pozycj\u0119 bejsbolisty, chwyci\u0142 obur\u0105cz swoj\u0105 chochl\u0119 i taki zamach wykona\u0142, \u017ce zdewirtualizowa\u0142 dziewczyn\u0119 natychmiastowo. Ch\u0142opak tylko sam sobie na pozytywne potwierdzenie za\u0142atwienia sytuacji chrz\u0105kn\u0105\u0142 \u201eYhm!\u201d, po czym sam znikn\u0105\u0142 z pola bitwy.<\/p>\n\n\n\n<p>Gdy Kucharz pojawi\u0142 si\u0119 w poczekalni Aren, zasta\u0142 czekaj\u0105c\u0105 na niego, opieraj\u0105c\u0105 si\u0119 Cassandr\u0119 Ann Benoir. Spojrza\u0142a na niego m\u00f3wi\u0105c:<\/p>\n\n\n\n<p>&#8211; Niech ci b\u0119dzie, za\u0142atwi\u0142e\u015b mnie. Masz mo\u017ce ochot\u0119 na kaw\u0119?<\/p>\n","protected":false},"excerpt":{"rendered":"<p>Ka\u017cdemu z nas zdarzy nie raz wdepn\u0105\u0107 w porz\u0105dne tarapaty. Czasami sami si\u0119 o nie prosimy, czasami tarapaty prosz\u0105 si\u0119 o nas. Ten ostatni przypadek tyczy si\u0119 Cassandry Benoir: uczestniczki aren charytatywnych, kt\u00f3ra mia\u0142a akurat tego pecha \u017ce wracaj\u0105c z wirtualnego muzeum, wpad\u0142a w grup\u0119 nieprzyjemnie wygl\u0105daj\u0105cych go\u015bci, maj\u0105cych porachunki z jakim\u015b klientem. Z aparatem &hellip;<br \/><a href=\"https:\/\/kodlyoko.pl\/index.php\/artykuly\/tworczosc-niekonwencjonalna\/arena\/edycja-2-5\/walki\/walka-11-2-cassandra-ann-benoir-vs-sebastian-krzaczasty\/\" class=\"more-link pen_button pen_element_default pen_icon_arrow_double\">Read more<\/a><\/p>\n","protected":false},"author":7,"featured_media":0,"parent":1327,"menu_order":21,"comment_status":"open","ping_status":"closed","template":"","meta":{"footnotes":""},"categories":[20],"tags":[],"class_list":["post-2689","page","type-page","status-publish","hentry","category-artykuly-areny"],"_links":{"self":[{"href":"https:\/\/kodlyoko.pl\/index.php\/wp-json\/wp\/v2\/pages\/2689","targetHints":{"allow":["GET"]}}],"collection":[{"href":"https:\/\/kodlyoko.pl\/index.php\/wp-json\/wp\/v2\/pages"}],"about":[{"href":"https:\/\/kodlyoko.pl\/index.php\/wp-json\/wp\/v2\/types\/page"}],"author":[{"embeddable":true,"href":"https:\/\/kodlyoko.pl\/index.php\/wp-json\/wp\/v2\/users\/7"}],"replies":[{"embeddable":true,"href":"https:\/\/kodlyoko.pl\/index.php\/wp-json\/wp\/v2\/comments?post=2689"}],"version-history":[{"count":1,"href":"https:\/\/kodlyoko.pl\/index.php\/wp-json\/wp\/v2\/pages\/2689\/revisions"}],"predecessor-version":[{"id":2690,"href":"https:\/\/kodlyoko.pl\/index.php\/wp-json\/wp\/v2\/pages\/2689\/revisions\/2690"}],"up":[{"embeddable":true,"href":"https:\/\/kodlyoko.pl\/index.php\/wp-json\/wp\/v2\/pages\/1327"}],"wp:attachment":[{"href":"https:\/\/kodlyoko.pl\/index.php\/wp-json\/wp\/v2\/media?parent=2689"}],"wp:term":[{"taxonomy":"category","embeddable":true,"href":"https:\/\/kodlyoko.pl\/index.php\/wp-json\/wp\/v2\/categories?post=2689"},{"taxonomy":"post_tag","embeddable":true,"href":"https:\/\/kodlyoko.pl\/index.php\/wp-json\/wp\/v2\/tags?post=2689"}],"curies":[{"name":"wp","href":"https:\/\/api.w.org\/{rel}","templated":true}]}}